{"id":6269,"date":"2025-03-07T03:38:27","date_gmt":"2025-03-07T03:38:27","guid":{"rendered":"https:\/\/fmp-components.com\/?page_id=6269"},"modified":"2025-03-07T06:14:40","modified_gmt":"2025-03-07T06:14:40","slug":"steel-2","status":"publish","type":"page","link":"https:\/\/fmp-components.com\/it\/steel-2\/","title":{"rendered":"Acciaio"},"content":{"rendered":"<p>[et_pb_section fb_built=&#8221;1&#8243; theme_builder_area=&#8221;post_content&#8221; _builder_version=&#8221;4.27.4&#8243; _module_preset=&#8221;default&#8221; alt=&#8221;Steel&#8221; title_text=&#8221;steel-banner&#8221; background_image=&#8221;https:\/\/fmp-components.com\/wp-content\/uploads\/2025\/03\/steel-banner.webp&#8221; hover_enabled=&#8221;0&#8243; sticky_enabled=&#8221;0&#8243; min_height=&#8221;447px&#8221; use_background_color_gradient=&#8221;on&#8221; background_color_gradient_stops=&#8221;rgba(0,0,0,0.2) 0%|rgba(0,0,0,0.15) 100%&#8221; background_color_gradient_overlays_image=&#8221;on&#8221;][et_pb_row _builder_version=&#8221;4.27.4&#8243; _module_preset=&#8221;default&#8221; theme_builder_area=&#8221;post_content&#8221;][et_pb_column _builder_version=&#8221;4.27.4&#8243; _module_preset=&#8221;default&#8221; type=&#8221;4_4&#8243; theme_builder_area=&#8221;post_content&#8221;][et_pb_text _builder_version=&#8221;4.27.4&#8243; _module_preset=&#8221;default&#8221; theme_builder_area=&#8221;post_content&#8221; text_orientation=&#8221;center&#8221; text_text_color=&#8221;#FFFFFF&#8221; header_font=&#8221;Frank Ruhl Libre||||||||&#8221; header_text_align=&#8221;center&#8221; header_text_color=&#8221;#FFFFFF&#8221; header_font_size=&#8221;70px&#8221; header_text_shadow_style=&#8221;preset1&#8243; hover_enabled=&#8221;0&#8243; sticky_enabled=&#8221;0&#8243;]<\/p>\n<h1 style=\"text-align: center;\">Acciaio<\/h1>\n<p>[\/et_pb_text][\/et_pb_column][\/et_pb_row][\/et_pb_section][et_pb_section fb_built=&#8221;1&#8243; theme_builder_area=&#8221;post_content&#8221; _builder_version=&#8221;4.27.4&#8243; _module_preset=&#8221;default&#8221;][et_pb_row _builder_version=&#8221;4.27.4&#8243; _module_preset=&#8221;default&#8221; theme_builder_area=&#8221;post_content&#8221;][et_pb_column _builder_version=&#8221;4.27.4&#8243; _module_preset=&#8221;default&#8221; type=&#8221;4_4&#8243; theme_builder_area=&#8221;post_content&#8221;][et_pb_text _builder_version=&#8221;4.27.4&#8243; _module_preset=&#8221;default&#8221; theme_builder_area=&#8221;post_content&#8221; header_font=&#8221;Frank Ruhl Libre||||||||&#8221; header_2_font=&#8221;Frank Ruhl Libre||||||||&#8221; header_2_font_size=&#8221;35px&#8221; hover_enabled=&#8221;0&#8243; sticky_enabled=&#8221;0&#8243;]<\/p>\n<h2>Steel Solutions by FMP: Alimentare le industrie italiane con qualit\u00e0 e precisione<\/h2>\n<p>[\/et_pb_text][et_pb_text _builder_version=&#8221;4.27.4&#8243; _module_preset=&#8221;default&#8221; theme_builder_area=&#8221;post_content&#8221; text_font_size=&#8221;16px&#8221; text_line_height=&#8221;1.8em&#8221; hover_enabled=&#8221;0&#8243; sticky_enabled=&#8221;0&#8243;]<\/p>\n<p>Quando si tratta di acciaio, FMP Company si erge come leader affidabile in Italia, offrendo una vasta gamma di prodotti in acciaio di alta qualit\u00e0 per soddisfare le esigenze di industrie, artigiani e innovatori in tutta la penisola. L&#039;acciaio, una lega di ferro e carbonio con un contenuto di carbonio fino a 2%, \u00e8 la spina dorsale delle infrastrutture moderne, dai grattacieli di Milano ai complessi macchinari delle officine toscane. In FMP, offriamo un ampio portafoglio di tipi di acciaio, tra cui acciaio al carbonio, acciaio legato, acciaio inossidabile e acciaio per utensili, tutti realizzati per supportare le diverse applicazioni in Italia.<\/p>\n<p>[\/et_pb_text][\/et_pb_column][\/et_pb_row][et_pb_row _builder_version=&#8221;4.27.4&#8243; _module_preset=&#8221;default&#8221; theme_builder_area=&#8221;post_content&#8221;][et_pb_column _builder_version=&#8221;4.27.4&#8243; _module_preset=&#8221;default&#8221; type=&#8221;4_4&#8243; theme_builder_area=&#8221;post_content&#8221;][et_pb_text _builder_version=&#8221;4.27.4&#8243; _module_preset=&#8221;default&#8221; theme_builder_area=&#8221;post_content&#8221; header_font=&#8221;Frank Ruhl Libre||||||||&#8221; header_2_font=&#8221;Frank Ruhl Libre||||||||&#8221; header_2_font_size=&#8221;35px&#8221; hover_enabled=&#8221;0&#8243; sticky_enabled=&#8221;0&#8243;]<\/p>\n<h2>Cosa rende l&#039;acciaio essenziale?<\/h2>\n<p>[\/et_pb_text][et_pb_text _builder_version=&#8221;4.27.4&#8243; _module_preset=&#8221;default&#8221; theme_builder_area=&#8221;post_content&#8221; text_font_size=&#8221;16px&#8221; text_line_height=&#8221;1.8em&#8221; hover_enabled=&#8221;0&#8243; sticky_enabled=&#8221;0&#8243;]<\/p>\n<p>La versatilit\u00e0 dell&#039;acciaio deriva dalla sua composizione unica: il ferro, uno degli elementi pi\u00f9 abbondanti sulla Terra, combinato con il carbonio per creare un materiale pi\u00f9 forte e durevole del solo ferro puro. Con una produzione globale di 1,6 miliardi di tonnellate nel 2013 (rispetto a soli 47 milioni di tonnellate di alluminio, il secondo metallo ingegneristico pi\u00f9 significativo), l&#039;acciaio domina come il materiale pi\u00f9 ampiamente utilizzato al mondo. Modella tutto, dagli aghi da cucito alle petroliere, e persino gli utensili utilizzati per realizzarli. In FMP, sfruttiamo le impareggiabili propriet\u00e0 meccaniche dell&#039;acciaio, grazie alle sue strutture cristalline come ferrite, austenite e martensite, per fornire prodotti su misura per le esigenze industriali e creative dell&#039;Italia.<\/p>\n<p>[\/et_pb_text][\/et_pb_column][\/et_pb_row][et_pb_row _builder_version=&#8221;4.27.4&#8243; _module_preset=&#8221;default&#8221; theme_builder_area=&#8221;post_content&#8221;][et_pb_column _builder_version=&#8221;4.27.4&#8243; _module_preset=&#8221;default&#8221; type=&#8221;4_4&#8243; theme_builder_area=&#8221;post_content&#8221;][et_pb_image src=&#8221;https:\/\/fmp-components.com\/wp-content\/uploads\/2025\/03\/steel-product.webp&#8221; _builder_version=&#8221;4.27.4&#8243; _module_preset=&#8221;default&#8221; theme_builder_area=&#8221;post_content&#8221; alt=&#8221;steel product&#8221; title_text=&#8221;steel-product&#8221; hover_enabled=&#8221;0&#8243; sticky_enabled=&#8221;0&#8243; align=&#8221;center&#8221;][\/et_pb_image][\/et_pb_column][\/et_pb_row][et_pb_row _builder_version=&#8221;4.27.4&#8243; _module_preset=&#8221;default&#8221; theme_builder_area=&#8221;post_content&#8221; custom_padding=&#8221;||3px|||&#8221;][et_pb_column _builder_version=&#8221;4.27.4&#8243; _module_preset=&#8221;default&#8221; type=&#8221;4_4&#8243; theme_builder_area=&#8221;post_content&#8221;][et_pb_text _builder_version=&#8221;4.27.4&#8243; _module_preset=&#8221;default&#8221; theme_builder_area=&#8221;post_content&#8221; header_2_font=&#8221;Frank Ruhl Libre||||||||&#8221; header_2_font_size=&#8221;35px&#8221; hover_enabled=&#8221;0&#8243; sticky_enabled=&#8221;0&#8243;]<\/p>\n<h2 style=\"text-align: center;\">Perch\u00e9 scegliere FMP Steel Products in Italia?<\/h2>\n<p>[\/et_pb_text][\/et_pb_column][\/et_pb_row][et_pb_row _builder_version=&#8221;4.27.4&#8243; _module_preset=&#8221;default&#8221; column_structure=&#8221;1_3,1_3,1_3&#8243; theme_builder_area=&#8221;post_content&#8221; use_custom_gutter=&#8221;on&#8221; gutter_width=&#8221;2&#8243; width=&#8221;100%&#8221; max_width=&#8221;1100px&#8221; hover_enabled=&#8221;0&#8243; sticky_enabled=&#8221;0&#8243;][et_pb_column _builder_version=&#8221;4.27.4&#8243; _module_preset=&#8221;default&#8221; type=&#8221;1_3&#8243; theme_builder_area=&#8221;post_content&#8221;][et_pb_text _builder_version=&#8221;4.27.4&#8243; _module_preset=&#8221;default&#8221; theme_builder_area=&#8221;post_content&#8221; header_3_font=&#8221;Frank Ruhl Libre||||||||&#8221; hover_enabled=&#8221;0&#8243; sticky_enabled=&#8221;0&#8243;]<\/p>\n<h3>Portafoglio completo di acciaio<\/h3>\n<div>\n<p>In FMP siamo orgogliosi di offrire un&#039;ampia variet\u00e0 di gradi di acciaio per soddisfare ogni esigenza:<\/p>\n<ul class=\"marker:text-secondary\">\n<li class=\"break-words\"><strong>Acciai al carbonio<\/strong>: Da basse emissioni di carbonio (0,05-0,19%) per i pannelli automobilistici ad alte emissioni di carbonio (oltre 0,5%) per le rotaie ferroviarie.<\/li>\n<li class=\"break-words\"><strong>Acciai legati<\/strong>: Arricchito con elementi come nichel, cromo e molibdeno per una resistenza e una resistenza alla corrosione superiori.<\/li>\n<li class=\"break-words\"><strong>Acciai inossidabili<\/strong>: Perfetto per i settori medico e alimentare italiano, resistente alla ruggine in climi umidi come quello di Venezia.<\/li>\n<li class=\"break-words\"><strong>Acciai per utensili<\/strong>: Temprato per utensili da taglio di precisione utilizzati nelle officine meccaniche di Bologna.<br \/>La nostra gamma spazia dal filo trafilato sottile fino a 0,013 mm alle barre forgiate con un diametro fino a 1.100 mm, assicurandoci di avere l&#039;acciaio giusto per il tuo progetto.<\/li>\n<\/ul>\n<\/div>\n<p>[\/et_pb_text][\/et_pb_column][et_pb_column _builder_version=&#8221;4.27.4&#8243; _module_preset=&#8221;default&#8221; type=&#8221;1_3&#8243; theme_builder_area=&#8221;post_content&#8221;][et_pb_text _builder_version=&#8221;4.27.4&#8243; _module_preset=&#8221;default&#8221; theme_builder_area=&#8221;post_content&#8221; header_3_font=&#8221;Frank Ruhl Libre||||||||&#8221; hover_enabled=&#8221;0&#8243; sticky_enabled=&#8221;0&#8243;]<\/p>\n<h3>Competenza nella produzione avanzata<\/h3>\n<div>\n<p>La resistenza dell&#039;acciaio deriva dalla sua microstruttura, che si tratti della ferrite cubica a corpo centrato (bcc) al di sotto di 912 \u00b0C o dell&#039;austenite cubica a facce centrate (fcc) tra 912 \u00b0C e 1.394 \u00b0C. In FMP, padroneggiamo queste trasformazioni attraverso trattamenti termici precisi, come tempra e rinvenimento, per produrre martensite (con una durezza fino a 1.000 DPH) o perlite tenace (circa 200 DPH). I nostri stabilimenti all&#039;avanguardia in Italia garantiscono che ogni prodotto in acciaio soddisfi gli standard internazionali come ISO 4184, offrendo affidabilit\u00e0 per le tue applicazioni.<\/p>\n<\/div>\n<p>[\/et_pb_text][\/et_pb_column][et_pb_column _builder_version=&#8221;4.27.4&#8243; _module_preset=&#8221;default&#8221; type=&#8221;1_3&#8243; theme_builder_area=&#8221;post_content&#8221;][et_pb_text _builder_version=&#8221;4.27.4&#8243; _module_preset=&#8221;default&#8221; theme_builder_area=&#8221;post_content&#8221; header_3_font=&#8221;Frank Ruhl Libre||||||||&#8221; hover_enabled=&#8221;0&#8243; sticky_enabled=&#8221;0&#8243;]<\/p>\n<h3>Personalizzazione per esigenze italiane<\/h3>\n<div>\n<p>Non riesci a trovare l&#039;acciaio di cui hai bisogno? FMP \u00e8 specializzata in soluzioni personalizzate. Che tu abbia bisogno di un acciaio a basso tenore di carbonio con elevata saldabilit\u00e0 per un cantiere navale di Napoli o di una lega ad alta resistenza per un progetto aerospaziale di Torino, adattiamo il nostro acciaio alle tue specifiche. Contattaci a <a href=\"mailto:info@fmpcomponents.it\">info@fmpcomponents.it<\/a>e i nostri ingegneri realizzeranno un prodotto che soddisfer\u00e0 esattamente le tue esigenze, fino alla granulometria e alla composizione della lega.<\/p>\n<\/div>\n<p>[\/et_pb_text][\/et_pb_column][\/et_pb_row][et_pb_row _builder_version=&#8221;4.27.4&#8243; _module_preset=&#8221;default&#8221; column_structure=&#8221;1_3,1_3,1_3&#8243; theme_builder_area=&#8221;post_content&#8221; use_custom_gutter=&#8221;on&#8221; gutter_width=&#8221;2&#8243; width=&#8221;100%&#8221; max_width=&#8221;1100px&#8221; hover_enabled=&#8221;0&#8243; sticky_enabled=&#8221;0&#8243;][et_pb_column _builder_version=&#8221;4.27.4&#8243; _module_preset=&#8221;default&#8221; type=&#8221;1_3&#8243; theme_builder_area=&#8221;post_content&#8221;][et_pb_text _builder_version=&#8221;4.27.4&#8243; _module_preset=&#8221;default&#8221; theme_builder_area=&#8221;post_content&#8221; header_3_font=&#8221;Frank Ruhl Libre||||||||&#8221; hover_enabled=&#8221;0&#8243; sticky_enabled=&#8221;0&#8243;]<\/p>\n<h3>Impegno locale italiano<\/h3>\n<div>\n<p>Siamo radicati in Italia e abbiamo un team di assistenza clienti fluente in italiano. I nostri esperti forniscono supporto pratico, dalla selezione del giusto grado di acciaio alla consulenza su installazione e manutenzione. Hai bisogno di acciaio per un progetto sostenibile a Firenze? Realizzate con rottami riciclati fino a 94% e un processo a bassa emissione di CO2, le nostre opzioni di acciaio verde riducono l&#039;impatto ambientale di 83%, perfette per il futuro ecosostenibile dell&#039;Italia.<\/p>\n<\/div>\n<p>[\/et_pb_text][\/et_pb_column][et_pb_column _builder_version=&#8221;4.27.4&#8243; _module_preset=&#8221;default&#8221; type=&#8221;1_3&#8243; theme_builder_area=&#8221;post_content&#8221;][et_pb_text _builder_version=&#8221;4.27.4&#8243; _module_preset=&#8221;default&#8221; theme_builder_area=&#8221;post_content&#8221; header_3_font=&#8221;Frank Ruhl Libre||||||||&#8221; hover_enabled=&#8221;0&#8243; sticky_enabled=&#8221;0&#8243;]<\/p>\n<h3>Durata e propriet\u00e0 senza pari<\/h3>\n<div>\n<p>Le propriet\u00e0 dell&#039;acciaio sono migliorate dal carbonio e dagli elementi di lega. Ad esempio, aggiungendo carbonio 0,77% si crea perlite, mentre il raffreddamento rapido forma martensite per la massima durezza. In FMP, realizziamo anche leghe con elementi come titanio, vanadio e manganese per aumentare la resistenza, la temprabilit\u00e0 e la resistenza all&#039;usura, ideali per i settori edilizio, automobilistico ed energetico in Italia. Il nostro acciaio resiste alle sollecitazioni meccaniche dei frantoi pugliesi e all&#039;aria marina corrosiva della Liguria.<\/p>\n<\/div>\n<p>[\/et_pb_text][\/et_pb_column][et_pb_column _builder_version=&#8221;4.27.4&#8243; _module_preset=&#8221;default&#8221; type=&#8221;1_3&#8243; theme_builder_area=&#8221;post_content&#8221;][et_pb_text _builder_version=&#8221;4.27.4&#8243; _module_preset=&#8221;default&#8221; theme_builder_area=&#8221;post_content&#8221; header_3_font=&#8221;Frank Ruhl Libre||||||||&#8221; hover_enabled=&#8221;0&#8243; sticky_enabled=&#8221;0&#8243;]<\/p>\n<h3>Di fiducia delle industrie italiane<\/h3>\n<div>\n<p>Dall&#039;agricoltura in Sicilia all&#039;ingegneria meccanica in Emilia-Romagna, l&#039;acciaio FMP alimenta i settori chiave dell&#039;Italia. I nostri acciai bassolegati ad alta resistenza (HSLA) supportano oleodotti e strutture offshore, mentre gli acciai per lavorazioni meccaniche con inclusioni di zolfo e piombo migliorano la durata degli utensili per i produttori di Brescia. Con oltre 20 anni di esperienza, ci siamo guadagnati la fiducia dei professionisti italiani offrendo qualit\u00e0, precisione e innovazione.<\/p>\n<\/div>\n<p>[\/et_pb_text][\/et_pb_column][\/et_pb_row][et_pb_row _builder_version=&#8221;4.27.4&#8243; _module_preset=&#8221;default&#8221; theme_builder_area=&#8221;post_content&#8221;][et_pb_column _builder_version=&#8221;4.27.4&#8243; _module_preset=&#8221;default&#8221; type=&#8221;4_4&#8243; theme_builder_area=&#8221;post_content&#8221;][et_pb_image src=&#8221;https:\/\/fmp-components.com\/wp-content\/uploads\/2025\/03\/steel-product-1.webp&#8221; _builder_version=&#8221;4.27.4&#8243; _module_preset=&#8221;default&#8221; theme_builder_area=&#8221;post_content&#8221; alt=&#8221;steel product&#8221; title_text=&#8221;steel-product-1&#8243; hover_enabled=&#8221;0&#8243; sticky_enabled=&#8221;0&#8243; align=&#8221;center&#8221;][\/et_pb_image][\/et_pb_column][\/et_pb_row][et_pb_row _builder_version=&#8221;4.27.4&#8243; _module_preset=&#8221;default&#8221; theme_builder_area=&#8221;post_content&#8221; column_structure=&#8221;1_2,1_2&#8243;][et_pb_column _builder_version=&#8221;4.27.4&#8243; _module_preset=&#8221;default&#8221; type=&#8221;1_2&#8243; theme_builder_area=&#8221;post_content&#8221;][et_pb_text _builder_version=&#8221;4.27.4&#8243; _module_preset=&#8221;default&#8221; theme_builder_area=&#8221;post_content&#8221; header_2_font=&#8221;Frank Ruhl Libre||||||||&#8221; header_2_font_size=&#8221;30px&#8221; header_2_text_align=&#8221;left&#8221; text_font_size=&#8221;16px&#8221; text_line_height=&#8221;1.8em&#8221; hover_enabled=&#8221;0&#8243; sticky_enabled=&#8221;0&#8243;]<\/p>\n<h2 style=\"text-align: left;\">Applicazioni dell&#039;acciaio in Italia<\/h2>\n<p>La versatilit\u00e0 dell&#039;acciaio risplende nel panorama eterogeneo dell&#039;Italia:<\/p>\n<p>Costruzione: le lamiere in acciaio a medio tenore di carbonio costruiscono i ponti di Genova e i grattacieli di Milano.<br \/>Automotive: negli stabilimenti di Torino vengono realizzate carrozzerie di automobili con fogli a basse emissioni di carbonio.<br \/>Agricoltura: gli acciai per utensili realizzano attrezzature durevoli per i vigneti dell&#039;Umbria.<br \/>Energia: gli acciai legati rinforzano le turbine eoliche lungo la costa adriatica.<\/p>\n<p>[\/et_pb_text][\/et_pb_column][et_pb_column _builder_version=&#8221;4.27.4&#8243; _module_preset=&#8221;default&#8221; type=&#8221;1_2&#8243; theme_builder_area=&#8221;post_content&#8221;][et_pb_text _builder_version=&#8221;4.27.4&#8243; _module_preset=&#8221;default&#8221; theme_builder_area=&#8221;post_content&#8221; header_2_font=&#8221;Frank Ruhl Libre||||||||&#8221; header_2_font_size=&#8221;30px&#8221; header_2_text_align=&#8221;left&#8221; text_font_size=&#8221;16px&#8221; text_line_height=&#8221;1.8em&#8221; hover_enabled=&#8221;0&#8243; sticky_enabled=&#8221;0&#8243;]<\/p>\n<h2 style=\"text-align: left;\">Come FMP aumenta le prestazioni dell&#039;acciaio<\/h2>\n<p>Non forniamo solo acciaio, lo ottimizziamo. I nostri processi di trattamento termico regolano i tassi di diffusione del carbonio, creando microstrutture fini per resistenza e duttilit\u00e0. Elementi di lega come nichel e cromo migliorano la resistenza alla corrosione, mentre l&#039;indurimento per precipitazione con titanio o niobio garantisce piccole dimensioni dei grani per una maggiore tenacit\u00e0. Il nostro software di progettazione 3D trasforma le tue idee in realt\u00e0, seguite da produzione e consegna di precisione.<\/p>\n<p>[\/et_pb_text][\/et_pb_column][\/et_pb_row][\/et_pb_section][et_pb_section fb_built=&#8221;1&#8243; theme_builder_area=&#8221;post_content&#8221; _builder_version=&#8221;4.27.4&#8243; _module_preset=&#8221;default&#8221; alt=&#8221;Steel Product&#8221; title_text=&#8221;steel-product-2&#8243; background_image=&#8221;https:\/\/fmp-components.com\/wp-content\/uploads\/2025\/03\/steel-product-2.webp&#8221; use_background_color_gradient=&#8221;on&#8221; background_color_gradient_stops=&#8221;rgba(0,0,0,0.28) 0%|rgba(0,0,0,0.68) 100%&#8221; background_color_gradient_overlays_image=&#8221;on&#8221; hover_enabled=&#8221;0&#8243; sticky_enabled=&#8221;0&#8243; min_height=&#8221;754px&#8221;][et_pb_row _builder_version=&#8221;4.27.4&#8243; _module_preset=&#8221;default&#8221; theme_builder_area=&#8221;post_content&#8221; custom_margin=&#8221;100px||||false|false&#8221; hover_enabled=&#8221;0&#8243; sticky_enabled=&#8221;0&#8243;][et_pb_column _builder_version=&#8221;4.27.4&#8243; _module_preset=&#8221;default&#8221; type=&#8221;4_4&#8243; theme_builder_area=&#8221;post_content&#8221;][et_pb_text _builder_version=&#8221;4.27.4&#8243; _module_preset=&#8221;default&#8221; theme_builder_area=&#8221;post_content&#8221; header_2_font=&#8221;Frank Ruhl Libre||||||||&#8221; header_2_text_color=&#8221;#FFFFFF&#8221; header_2_text_align=&#8221;center&#8221; header_2_font_size=&#8221;45px&#8221; header_2_text_shadow_style=&#8221;preset1&#8243; hover_enabled=&#8221;0&#8243; sticky_enabled=&#8221;0&#8243;]<\/p>\n<h2>Ottieni subito la tua soluzione in acciaio!<\/h2>\n<p>[\/et_pb_text][et_pb_text _builder_version=&#8221;4.27.4&#8243; _module_preset=&#8221;default&#8221; theme_builder_area=&#8221;post_content&#8221; text_text_color=&#8221;#FFFFFF&#8221; text_font_size=&#8221;16px&#8221; text_line_height=&#8221;1.8em&#8221; text_orientation=&#8221;center&#8221; hover_enabled=&#8221;0&#8243; sticky_enabled=&#8221;0&#8243;]<\/p>\n<p>Cerchi l&#039;acciaio perfetto per il tuo prossimo progetto? Esplora la vasta gamma di FMP o contattaci per un ordine personalizzato a <a href=\"mailto:info@fmpcomponents.it\">info@fmpcomponents.it<\/a>. Se non vedi ci\u00f2 di cui hai bisogno, \u00e8 probabile che sia in produzione: basta chiedere! Dall&#039;acciaio verde sostenibile alle leghe ad alte prestazioni, FMP \u00e8 qui per alimentare le industrie italiane con le migliori soluzioni in acciaio. Costruiamo insieme qualcosa di straordinario!<\/p>\n<p>[\/et_pb_text][\/et_pb_column][\/et_pb_row][\/et_pb_section]<\/p>","protected":false},"excerpt":{"rendered":"<p>Soluzioni SteelSteel di FMP: qualit\u00e0 e precisione al servizio delle industrie italiane. Nel settore dell'acciaio, FMP si distingue come leader affidabile in Italia, offrendo una vasta gamma di prodotti in acciaio di alta qualit\u00e0 per soddisfare le esigenze di industrie, artigiani e innovatori in tutta la penisola. L'acciaio, una lega di ferro e carbonio con un tenore di carbonio fino a 2% [\u2026]<\/p>","protected":false},"author":2,"featured_media":0,"parent":0,"menu_order":0,"comment_status":"closed","ping_status":"closed","template":"","meta":{"_et_pb_use_builder":"on","_et_pb_old_content":"","_et_gb_content_width":"","footnotes":""},"class_list":["post-6269","page","type-page","status-publish","hentry"],"_links":{"self":[{"href":"https:\/\/fmp-components.com\/it\/wp-json\/wp\/v2\/pages\/6269","targetHints":{"allow":["GET"]}}],"collection":[{"href":"https:\/\/fmp-components.com\/it\/wp-json\/wp\/v2\/pages"}],"about":[{"href":"https:\/\/fmp-components.com\/it\/wp-json\/wp\/v2\/types\/page"}],"author":[{"embeddable":true,"href":"https:\/\/fmp-components.com\/it\/wp-json\/wp\/v2\/users\/2"}],"replies":[{"embeddable":true,"href":"https:\/\/fmp-components.com\/it\/wp-json\/wp\/v2\/comments?post=6269"}],"version-history":[{"count":4,"href":"https:\/\/fmp-components.com\/it\/wp-json\/wp\/v2\/pages\/6269\/revisions"}],"predecessor-version":[{"id":6306,"href":"https:\/\/fmp-components.com\/it\/wp-json\/wp\/v2\/pages\/6269\/revisions\/6306"}],"wp:attachment":[{"href":"https:\/\/fmp-components.com\/it\/wp-json\/wp\/v2\/media?parent=6269"}],"curies":[{"name":"parola chiave","href":"https:\/\/api.w.org\/{rel}","templated":true}]}}