{"id":121,"date":"2024-12-06T00:35:10","date_gmt":"2024-12-06T00:35:10","guid":{"rendered":"https:\/\/fmp-components.com\/?page_id=121"},"modified":"2025-09-16T05:05:25","modified_gmt":"2025-09-16T05:05:25","slug":"about-us","status":"publish","type":"page","link":"https:\/\/fmp-components.com\/it\/about-us\/","title":{"rendered":"Chi siamo"},"content":{"rendered":"<p>[et_pb_section fb_built=&#8221;1&#8243; admin_label=&#8221;About&#8221; _builder_version=&#8221;4.16&#8243; _module_preset=&#8221;default&#8221; background_color=&#8221;#d8d8d8&#8243; global_colors_info=&#8221;{}&#8221;][et_pb_row _builder_version=&#8221;4.16&#8243; _module_preset=&#8221;default&#8221; global_colors_info=&#8221;{}&#8221;][et_pb_column type=&#8221;4_4&#8243; _builder_version=&#8221;4.16&#8243; _module_preset=&#8221;default&#8221; global_colors_info=&#8221;{}&#8221;][et_pb_text _builder_version=&#8221;4.27.4&#8243; _module_preset=&#8221;b6cb9bd8-0fbd-4699-b58d-51b3d480db23&#8243; text_font=&#8221;Candal|||on|||||&#8221; text_text_color=&#8221;#000000&#8243; text_font_size=&#8221;120px&#8221; text_line_height=&#8221;1em&#8221; header_font=&#8221;Candal||||||||&#8221; header_font_size=&#8221;50px&#8221; header_2_font=&#8221;Candal|||on|||||&#8221; header_2_text_color=&#8221;#000000&#8243; header_2_font_size=&#8221;60px&#8221; header_2_line_height=&#8221;1.1em&#8221; text_font_size_tablet=&#8221;80px&#8221; text_font_size_phone=&#8221;42px&#8221; text_font_size_last_edited=&#8221;on|tablet&#8221; text_line_height_last_edited=&#8221;off|desktop&#8221; header_2_font_size_tablet=&#8221;30px&#8221; header_2_font_size_phone=&#8221;22px&#8221; header_2_font_size_last_edited=&#8221;on|phone&#8221; header_2_line_height_tablet=&#8221;1.2em&#8221; header_2_line_height_phone=&#8221;1.3em&#8221; header_2_line_height_last_edited=&#8221;on|phone&#8221; global_colors_info=&#8221;{}&#8221;]<\/p>\n<h1>Chi siamo<\/h1>\n<p>[\/et_pb_text][\/et_pb_column][\/et_pb_row][et_pb_row column_structure=\u201d1_3,2_3\u2033 _builder_version=\u201d4.16\u2033 _module_preset=\u201ddefault\u201d global_colors_info=\u201d{}\u201d][et_pb_column type=\u201d1_3\u2033 _builder_version=\u201d4.16\u2033 _module_preset=\u201ddefault\u201d global_colors_info=\u201d{}\u201d][et_pb_divider color=\u201d#000000\u2033 divider_weight=\u201d2px\u201d _builder_version=\u201d4.16\u2033 _module_preset=\u201ddc234230-4e46-48ae-b6af-881b12bbb07c\u201d max_width=\u201d320px\u201d altezza=\u201d2px\u201d margine_personalizzato=\u201d||20px||falso|falso\u201d informazioni_colori_globali=\u201d{}\u201d][\/et_pb_divider][et_pb_text _versione_builder=\u201d4.27.4\u2033 _preset_modulo=\u201db3f744e8-66fc-4449-a995-41b3c3d24a27\u2033 carattere_intestazione=\u201d||||||||\u201d carattere_intestazione_6=\u201dMontserrat|700|||||||\u201d header_6_text_color=\u201d#000000\u2033 header_6_font_size=\u201d18px\u201d header_6_line_height=\u201d1.6em\u201d custom_margin=\u201d||10px||false|false\u201d header_6_font_size_tablet=\u201d16px\u201d header_6_font_size_phone=\u201d14px\u201d header_6_font_size_last_edited=\u201don|phone\u201d module_alignment_tablet=\u201dleft\u201d module_alignment_last_edited=\u201doff|desktop\u201d global_colors_info=\u201d{}\u201d]<\/p>\n<h6><span style=\"font-size: 16px;\">FMP COMPONENTS SRL<\/span><\/h6>\n<p>[\/et_pb_text][et_pb_text _builder_version=&#8221;4.27.4&#8243; _module_preset=&#8221;b3f744e8-66fc-4449-a995-41b3c3d24a27&#8243; header_font=&#8221;||||||||&#8221; header_6_font=&#8221;Montserrat|700|||||||&#8221; header_6_text_color=&#8221;#000000&#8243; header_6_font_size=&#8221;18px&#8221; header_6_line_height=&#8221;1.6em&#8221; custom_margin=&#8221;||10px||false|false&#8221; hover_enabled=&#8221;0&#8243; header_6_font_size_tablet=&#8221;16px&#8221; header_6_font_size_phone=&#8221;14px&#8221; header_6_font_size_last_edited=&#8221;on|phone&#8221; module_alignment_tablet=&#8221;left&#8221; module_alignment_last_edited=&#8221;off|desktop&#8221; global_colors_info=&#8221;{}&#8221; sticky_enabled=&#8221;0&#8243;]<\/p>\n<h6><span data-type=\"text\"><span data-type=\"leaf\" color=\"\">Via XXV Aprile, 36 Calderara di Reno (Bologna) <\/span><\/span><span style=\"font-size: 16px;\"><span>- Italia<\/span><\/span><\/h6>\n<p>Italiano: [\/et_pb_text][\/et_pb_column][et_pb_column type=\u201d2_3\u2033 _builder_version=\u201d4.16\u2033 _module_preset=\u201ddefault\u201d custom_padding=\u201d|||80px|false|false\u201d custom_padding_tablet=\u201d|||0px|false|false\u201d custom_padding_phone=\u201d\u201d custom_padding_last_edited=\u201don|tablet\u201d global_colors_info=\u201d{}\u201d][et_pb_text _builder_version=\u201d4.27.4\u2033 _module_preset=\u201df0cf31b9-b2e7-4752-a57c-6e2f73347b36\u2033 text_font=\u201dMontserrat||||||||\u201d text_text_color=\u201d#000000\u2033 text_font_size=\u201d16px\u201d text_line_height=\u201d1.8em\u201d text_font_size_tablet=\u201d15px\u201d text_font_size_phone=\u201d14px\u201d text_font_size_last_edited=\u201don|desktop\u201d header_font_size_tablet=\u201d55px\u201d header_font_size_last_edited=\u201doff|desktop\u201d global_colors_info=\u201d{}\u201d]<\/p>\n<p>In FMP COMPONENTS SRL, abbiamo oltre 30 anni di esperienza nel settore, progettando e producendo componenti di macchinari agricoli e prodotti meccanici di alta qualit\u00e0. Con sede in Italia, siamo diventati un partner di fiducia per i nostri clienti in tutto il mondo, offrendo eccellenza attraverso la nostra dedizione alla qualit\u00e0, all&#039;innovazione e al servizio clienti.<\/p>\n<div id=\"gtx-trans\" style=\"position: absolute; left: 603px; top: 54.5938px;\">\n<div class=\"gtx-trans-icon\">\u00a0<\/div>\n<\/div>\n<p>[\/et_pb_text][\/et_pb_column][\/et_pb_row][\/et_pb_section][et_pb_section fb_built=\u201d1\u2033 admin_label=\u201dRiprendi\u201d _builder_version=\u201d4.16\u2033 _module_preset=\u201ddefault\u201d global_colors_info=\u201d{}\u201d][et_pb_row column_structure=\u201d3_5,2_5\u2033 _builder_version=\u201d4.16\u2033 _module_preset=\u201ddefault\u201d custom_padding=\u201d||0px||\u201d global_colors_info=\u201d{}\u201d][et_pb_column type=\u201d3_5\u2033 _builder_version=\u201d4.16\u2033 _module_preset=\u201ddefault\u201d global_colors_info=\u201d{}\u201d][et_pb_text _builder_version=\u201d4.27.4\u2033 _module_preset=\u201db6cb9bd8-0fbd-4699-b58d-51b3d480db23\u2033 text_font=\u201dCandal|||su||||||\u201d text_text_color=\u201d#000000\u2033 text_font_size=\u201d120px\u201d text_line_height=\u201d1em\u201d header_2_font=\u201dCandal|||su||||||\u201d header_2_text_color=\u201d#000000\u2033 header_2_font_size=\u201d60px\u201d header_2_line_height=\u201d1.1em\u201d header_3_font=\u201dCandalo|||su|||||\u201d header_3_font_size=\u201d20px\u201d text_font_size_tablet=\u201d80px\u201d text_font_size_phone=\u201d42px\u201d text_font_size_last_edited=\u201don|tablet\u201d text_line_height_last_edited=\u201doff|desktop\u201d header_2_font_size_tablet=\u201d30px\u201d header_2_font_size_phone=\u201d22px\u201d header_2_font_size_last_edited=\u201don|telefono\u201d header_2_line_height_tablet=\u201d1.2em\u201d header_2_line_height_phone=\u201d1.3em\u201d header_2_line_height_last_edited=\u201don|telefono\u201d global_colors_info=\u201d{}\u201d]<\/p>\n<h3>La nostra competenza e il nostro impegno<\/h3>\n<p>Italiano: [\/et_pb_text][\/et_pb_column][et_pb_column tipo=\u201d2_5\u2033 _builder_version=\u201d4.16\u2033 _module_preset=\u201ddefault\u201d global_colors_info=\u201d{}\u201d][\/et_pb_column][\/et_pb_row][et_pb_row _builder_version=\u201d4.16\u2033 _module_preset=\u201ddefault\u201d global_colors_info=\u201d{}\u201d][et_pb_column tipo=\u201d4_4\u2033 _builder_version=\u201d4.16\u2033 _module_preset=\u201ddefault\u201d global_colors_info=\u201d{}\u201d][et_pb_text _builder_version=\u201d4.27.4\u2033 _module_preset=\u201df0cf31b9-b2e7-4752-a57c-6e2f73347b36\u2033 text_font=\u201dMontserrat||||||||\u201d text_text_color=\u201d#000000\u2033 text_font_size=\u201d16px\u201d text_line_height=\u201d1.8em\u201d custom_margin=\u201d||0px||false|false\u201d text_font_size_tablet=\u201d15px\u201d text_font_size_phone=\u201d14px\u201d text_font_size_last_edited=\u201don|desktop\u201d header_font_size_tablet=\u201d55px\u201d header_font_size_last_edited=\u201doff|desktop\u201d global_colors_info=\u201d{}\u201d]<\/p>\n<ul>\n<li>Il nostro team qualificato utilizza tecnologie CAD e CAM all&#039;avanguardia per fornire soluzioni precise per ogni progetto. Siamo orgogliosi di lavorare a stretto contatto con i nostri clienti, collaborando con i loro team tecnici per esaminare i progetti, condurre studi di fattibilit\u00e0 e perfezionare i prodotti in base a specifiche esatte. Che tu abbia bisogno di un componente personalizzato o di un assemblaggio meccanico completo, garantiamo che ogni prodotto soddisfi i pi\u00f9 elevati standard di prestazioni, durata e affidabilit\u00e0.<\/li>\n<\/ul>\n<p>[\/et_pb_text][et_pb_text _builder_version=\u201d4.16\u2033 _module_preset=\u201df0cf31b9-b2e7-4752-a57c-6e2f73347b36\u2033 text_font=\u201dMontserrat||||||||\u201d text_text_color=\u201d#000000\u2033 text_font_size=\u201d16px\u201d text_line_height=\u201d1.8em\u201d custom_margin=\u201d||0px||false|false\u201d text_font_size_tablet=\u201d15px\u201d text_font_size_phone=\u201d14px\u201d text_font_size_last_edited=\u201don|desktop\u201d header_font_size_tablet=\u201d55px\u201d header_font_size_last_edited=\u201doff|desktop\u201d global_colors_info=\u201d{}\u201d]<\/p>\n<ul>\n<li>Comprendiamo l&#039;urgenza del tuo progetto e ci impegniamo sempre a fornire la soluzione pi\u00f9 efficiente e tempestiva. Non esitare: contattaci oggi per un preventivo, ti promettiamo di consegnarti ci\u00f2 di cui hai bisogno, quando ne hai bisogno!<\/li>\n<\/ul>\n<p>[\/et_pb_text][et_pb_text _builder_version=&#8221;4.27.4&#8243; _module_preset=&#8221;f0cf31b9-b2e7-4752-a57c-6e2f73347b36&#8243; text_font=&#8221;Montserrat||||||||&#8221; text_text_color=&#8221;#000000&#8243; text_font_size=&#8221;16px&#8221; text_line_height=&#8221;1.8em&#8221; text_font_size_tablet=&#8221;15px&#8221; text_font_size_phone=&#8221;14px&#8221; text_font_size_last_edited=&#8221;on|desktop&#8221; header_font_size_tablet=&#8221;55px&#8221; header_font_size_last_edited=&#8221;off|desktop&#8221; global_colors_info=&#8221;{}&#8221;]<\/p>\n<ul>\n<li>La nostra gamma di prodotti<br \/>Presso FMP COMPONENTS siamo specializzati in un&#039;ampia gamma di prodotti meccanici ad alte prestazioni, tra cui:<\/li>\n<\/ul>\n<p>Vari cilindri idraulici, alberi di trasmissione per macchinari agricoli, accessori per macchinari agricoli, riduttori per macchinari agricoli, vari giunti, cremagliere, riduttori epicicloidali, riduttori per irrigatori, riduttori per autolavaggi e altri riduttori, motori, varie catene per macchinari agricoli, catene in acciaio inossidabile, catene in ghisa malleabile, pignoni, pulegge, barre dentate, catene rotte ecc. La nostra flessibilit\u00e0 \u00e8 uno dei nostri maggiori punti di forza. Produciamo componenti personalizzati in una variet\u00e0 di dimensioni per soddisfare le vostre precise esigenze. Sia che le vostre esigenze richiedano una produzione a basso volume o una produzione su larga scala, possiamo facilmente gestire progetti di qualsiasi dimensione. Grazie alle nostre capacit\u00e0 avanzate, garantiamo che ogni parte soddisfi le vostre specifiche esatte, consegnata a un prezzo competitivo e con una qualit\u00e0 ineguagliabile.<\/p>\n<p>Non aspettare! Richiedi oggi stesso il tuo preventivo personalizzato per scoprire come possiamo aiutarti a realizzare il tuo progetto. Ti aspettano consegne rapide e prezzi imbattibili!<\/p>\n<p>Italiano: [\/et_pb_text][\/et_pb_column][\/et_pb_row][et_pb_row _builder_version=\u201d4.16\u2033 _module_preset=\u201ddefault\u201d bloccato=\u201doff\u201d global_colors_info=\u201d{}\u201d][et_pb_column tipo=\u201d4_4\u2033 _builder_version=\u201d4.16\u2033 _module_preset=\u201ddefault\u201d global_colors_info=\u201d{}\u201d][et_pb_divider colore=\u201d#000000\u2033 divider_weight=\u201d4px\u201d _builder_version=\u201d4.16\u2033 _module_preset=\u201d2a3f7bff-0d13-4b28-a9ba-f5f90b7f6e77\u2033 altezza=\u201d4px\u201d global_colors_info=\u201d{}\u201d][\/et_pb_divider][\/et_pb_column][\/et_pb_row][et_pb_row _builder_version=\u201d4.16\u2033 _module_preset=\u201ddefault\u201d bloccato=\u201doff\u201d global_colors_info=\u201d{}\u201d][et_pb_column tipo=\u201d4_4\u2033 _builder_version=\u201d4.16\u2033 _module_preset=\u201ddefault\u201d global_colors_info=\u201d{}\u201d][et_pb_text _builder_version=\u201d4.27.4\u2033 _module_preset=\u201db6cb9bd8-0fbd-4699-b58d-51b3d480db23\u2033 text_font=\u201dCandal|||on|||||\u201d text_text_color=\u201d#000000\u2033 text_font_size=\u201d120px\u201d text_line_height=\u201d1em\u201d header_2_font=\u201dCandalo|||su||||||\u201d header_2_text_color=\u201d#000000\u2033 header_2_font_size=\u201d60px\u201d header_2_line_height=\u201d1.1em\u201d header_3_font=\u201dCandalo|||su||||||\u201d header_3_font_size=\u201d20px\u201d text_font_size_tablet=\u201d80px\u201d text_font_size_phone=\u201d42px\u201d text_font_size_last_edited=\u201don|tablet\u201d text_line_height_last_edited=\u201doff|desktop\u201d header_2_font_size_tablet=\u201d30px\u201d header_2_font_size_phone=\u201d22px\u201d header_2_font_size_last_edited=\u201don|telefono\u201d header_2_line_height_tablet=\u201d1.2em\u201d header_2_line_height_phone=\u201d1.3em\u201d header_2_line_height_last_edited=\u201don|telefono\u201d global_colors_info=\u201d{}\u201d]<\/p>\n<h3>La nostra competenza e il nostro impegno<\/h3>\n<p>[\/et_pb_text][et_pb_text _builder_version=\u201d4.27.4\u2033 _module_preset=\u201df0cf31b9-b2e7-4752-a57c-6e2f73347b36\u2033 text_font=\u201dMontserrat||||||||\u201d text_text_color=\u201d#000000\u2033 text_font_size=\u201d16px\u201d text_line_height=\u201d1.8em\u201d custom_margin=\u201d||0px||false|false\u201d text_font_size_tablet=\u201d15px\u201d text_font_size_phone=\u201d14px\u201d text_font_size_last_edited=\u201don|desktop\u201d header_font_size_tablet=\u201d55px\u201d header_font_size_last_edited=\u201doff|desktop\u201d global_colors_info=\u201d{}\u201d]<\/p>\n<ul>\n<li>Garanzia di qualit\u00e0 senza compromessi<br \/>La qualit\u00e0 \u00e8 al centro di tutto ci\u00f2 che fa FMP COMPONENTS. Eseguiamo ispezioni di prodotto 100% per garantire che ogni prodotto che lascia la nostra struttura soddisfi rigorosi standard di qualit\u00e0. Dalla fase di progettazione iniziale al prodotto finale, garantiamo che ogni componente funzioni al meglio, aggiungendo valore duraturo alla tua attivit\u00e0. Il nostro meticoloso processo di controllo qualit\u00e0 significa che puoi sempre contare su di noi per fornire prodotti affidabili e durevoli.<\/li>\n<\/ul>\n<p>[\/et_pb_text][et_pb_text _builder_version=\u201d4.27.4\u2033 _module_preset=\u201df0cf31b9-b2e7-4752-a57c-6e2f73347b36\u2033 text_font=\u201dMontserrat||||||||\u201d text_text_color=\u201d#000000\u2033 text_font_size=\u201d16px\u201d text_line_height=\u201d1.8em\u201d custom_margin=\u201d||0px||false|false\u201d text_font_size_tablet=\u201d15px\u201d text_font_size_phone=\u201d14px\u201d text_font_size_last_edited=\u201don|desktop\u201d header_font_size_tablet=\u201d55px\u201d header_font_size_last_edited=\u201doff|desktop\u201d global_colors_info=\u201d{}\u201d]<\/p>\n<ul>\n<li>Consegna rapida e flessibile e soluzioni personalizzate<br \/>Il nostro magazzino ben fornito e i nostri efficienti sistemi logistici ci consentono di gestire e soddisfare le tue esigenze durante tutto l&#039;anno. Che tu abbia bisogno di un prototipo, di un campione o di un ordine di produzione ad alto volume, offriamo una personalizzazione esperta del prodotto e programmi di consegna flessibili su misura per le tue esigenze specifiche. I nostri servizi di consegna all&#039;ingrosso ti garantiscono di ricevere i tuoi prodotti in tempo quando ne hai bisogno, con soluzioni personalizzate progettate per semplificare la tua catena di fornitura. Hai bisogno di effettuare un ordine rapidamente? Contattaci oggi e ti assicureremo la consegna rapida di cui hai bisogno senza compromettere la qualit\u00e0.<\/li>\n<\/ul>\n<p>[\/et_pb_text][et_pb_text _builder_version=\u201d4.16\u2033 _module_preset=\u201df0cf31b9-b2e7-4752-a57c-6e2f73347b36\u2033 text_font=\u201dMontserrat||||||||\u201d text_text_color=\u201d#000000\u2033 text_font_size=\u201d16px\u201d text_line_height=\u201d1.8em\u201d text_font_size_tablet=\u201d15px\u201d text_font_size_phone=\u201d14px\u201d text_font_size_last_edited=\u201don|desktop\u201d header_font_size_tablet=\u201d55px\u201d header_font_size_last_edited=\u201doff|desktop\u201d global_colors_info=\u201d{}\u201d]<\/p>\n<ul>\n<li>Innovazione attraverso la collaborazione<br \/>L&#039;innovazione guida la nostra attivit\u00e0 e lavoriamo a stretto contatto con voi per sviluppare le soluzioni pi\u00f9 efficaci per il vostro progetto. Dal concept iniziale alla produzione, il nostro team fornisce studi di fattibilit\u00e0 completi per garantire che il vostro progetto sia pienamente realizzato. Il nostro approccio collaborativo significa che saremo con voi in ogni fase del percorso, aiutandovi ad affrontare qualsiasi sfida e consegnando un prodotto che soddisfi i vostri requisiti di prestazioni e durata.<\/li>\n<\/ul>\n<p>[\/et_pb_text][et_pb_text _builder_version=\u201d4.16\u2033 _module_preset=\u201df0cf31b9-b2e7-4752-a57c-6e2f73347b36\u2033 text_font=\u201dMontserrat||||||||\u201d text_text_color=\u201d#000000\u2033 text_font_size=\u201d16px\u201d text_line_height=\u201d1.8em\u201d text_font_size_tablet=\u201d15px\u201d text_font_size_phone=\u201d14px\u201d text_font_size_last_edited=\u201don|desktop\u201d header_font_size_tablet=\u201d55px\u201d header_font_size_last_edited=\u201doff|desktop\u201d global_colors_info=\u201d{}\u201d]<\/p>\n<ul>\n<li>\n<p>Lavoriamo insieme<br \/>Cerchi parti personalizzate, componenti di alta qualit\u00e0 per macchinari agricoli o supporto ingegneristico esperto? FMP COMPONENTS SRL pu\u00f2 soddisfare tutte le tue esigenze in fatto di macchinari. Con decenni di esperienza, un approccio flessibile e un impegno per la qualit\u00e0, siamo il partner perfetto per il tuo prossimo progetto.<\/p>\n<p>Non aspettare oltre: contattaci oggi stesso! Il nostro team \u00e8 pronto a fornirti soluzioni personalizzate e a consegnare prodotti eccezionali che superino le tue aspettative. Richiedi un preventivo oggi stesso e scopri la differenza FMP!<\/p>\n<\/li>\n<\/ul>\n<p>Italiano: [\/et_pb_text][\/et_pb_column][\/et_pb_row][et_pb_row _builder_version=\u201d4.16\u2033 _module_preset=\u201ddefault\u201d bloccato=\u201doff\u201d global_colors_info=\u201d{}\u201d][et_pb_column tipo=\u201d4_4\u2033 _builder_version=\u201d4.16\u2033 _module_preset=\u201ddefault\u201d global_colors_info=\u201d{}\u201d][et_pb_divider colore=\u201d#000000\u2033 divider_weight=\u201d4px\u201d _builder_version=\u201d4.16\u2033 _module_preset=\u201d2a3f7bff-0d13-4b28-a9ba-f5f90b7f6e77\u2033 altezza=\u201d4px\u201d global_colors_info=\u201d{}\u201d][\/et_pb_divider][\/et_pb_column][\/et_pb_row][\/et_pb_section][et_pb_section fb_built=\u201d1\u2033 admin_label=\u201dRiprendi\u201d _builder_version=\u201d4.16\u2033 _module_preset=\u201ddefault\u201d global_colors_info=\u201d{}\u201d][et_pb_row _builder_version=\u201d4.16\u2033 _module_preset=\u201ddefault\u201d global_colors_info=\u201d{}\u201d][et_pb_column type=\u201d4_4\u2033 _builder_version=\u201d4.16\u2033 _module_preset=\u201ddefault\u201d global_colors_info=\u201d{}\u201d][et_pb_text _builder_version=\u201d4.27.4\u2033 _module_preset=\u201db6cb9bd8-0fbd-4699-b58d-51b3d480db23\u2033 header_2_font=\u201dCandalo|||su||||||\u201d header_2_text_color=\u201d#000000\u2033 header_2_font_size=\u201d40px\u201d header_2_line_height=\u201d1.1em\u201d header_2_font_size_tablet=\u201d30px\u201d header_2_font_size_phone=\u201d22px\u201d header_2_font_size_last_edited=\u201dsu|telefono\u201d header_2_line_height_tablet=\u201d1.2em\u201d header_2_line_height_phone=\u201d1.3em\u201d header_2_line_height_last_edited=\u201dsu|telefono\u201d bloccato=\u201dspento\u201d global_colors_info=\u201d{}\u201d]<\/p>\n<h2>Foto di fabbrica<\/h2>\n<p>[\/et_pb_text][\/et_pb_column][\/et_pb_row][et_pb_row column_structure=\u201d1_2,1_2\u2033 use_custom_gutter=\u201don\u201d gutter_width=\u201d2\u2033 _builder_version=\u201d4.27.4\u2033 _module_preset=\u201ddefault\u201d global_colors_info=\u201d{}\u201d][et_pb_column type=\u201d1_2\u2033 _builder_version=\u201d4.27.4\u2033 _module_preset=\u201ddefault\u201d global_colors_info=\u201d{}\u201d][et_pb_image src=\u201dhttps:\/\/fmp-components.com\/wp-content\/uploads\/2024\/12\/fmp-factory-1.webp\u201d alt=\u201dfmp-factory\u201d title_text=\u201dfmp-factory-1\u2033 Italiano: _builder_version=\u201d4.27.4\u2033 _module_preset=\u201ddefault\u201d global_colors_info=\u201d{}\u201d][\/et_pb_image][\/et_pb_column][et_pb_column type=\u201d1_2\u2033 _builder_version=\u201d4.27.4\u2033 _module_preset=\u201ddefault\u201d global_colors_info=\u201d{}\u201d][et_pb_image src=\u201dhttps:\/\/fmp-components.com\/wp-content\/uploads\/2024\/12\/fmp-factory-2.webp\u201d alt=\u201dfmp-factory\u201d title_text=\u201dfmp-factory-2\u2033 _builder_version=\u201d4.27.4\u2033 _module_preset=\u201ddefault\u201d global_colors_info=\u201d{}\u201d][\/et_pb_image][\/et_pb_column][\/et_pb_row][et_pb_row _builder_version=\u201d4.27.4\u2033 _module_preset=\u201ddefault\u201d global_colors_info=\u201d{}\u201d][et_pb_column type=\u201d4_4\u2033 _builder_version=\u201d4.27.4\u2033 _module_preset=\u201ddefault\u201d global_colors_info=\u201d{}\u201d][et_pb_image src=\u201dhttps:\/\/fmp-components.com\/wp-content\/uploads\/2024\/12\/fabbrica-puleggia-in-ghisa.webp\u201d alt=\u201dfabbrica-puleggia-in-ghisa\u201d title_text=\u201dfabbrica-puleggia-in-ghisa\u201d force_fullwidth=\u201don\u201d Italiano: _builder_version=\u201d4.27.4\u2033 _module_preset=\u201ddefault\u201d global_colors_info=\u201d{}\u201d][\/et_pb_image][\/et_pb_column][\/et_pb_row][\/et_pb_section][et_pb_section fb_built=\u201d1\u2033 admin_label=\u201dPi\u00e8 di pagina\u201d _builder_version=\u201d4.16\u2033 _module_preset=\u201ddefault\u201d background_color=\u201d#000000\u2033 custom_padding=\u201d||5vw||false|false\u201d global_colors_info=\u201d{}\u201d][et_pb_row _builder_version=\u201d4.16\u2033 _module_preset=\u201ddefault\u201d global_colors_info=\u201d{}\u201d][et_pb_column type=\u201d4_4\u2033 _builder_version=\u201d4.16\u2033 _module_preset=\u201ddefault\u201d global_colors_info=\u201d{}\u201d][et_pb_text _builder_version=\u201d4.27.4\u2033 _module_preset=\u201ddefault\u201d text_font=\u201dCandal||||||||\u201d dimensione_font_testo=\u201d30px\u201d altezza_linea_testo=\u201d1,2em\u201d colore_testo=\u201d#FFFFFF\u201d altezza_linea_intestazione=\u201d1,5em\u201d orientamento_testo=\u201dcentro\u201d layout_sfondo=\u201dscuro\u201d margine_personalizzato=\u201d||20px||falso|falso\u201d dimensione_font_testo_tablet=\u201d20px\u201d dimensione_font_testo_telefono=\u201d16px\u201d dimensione_font_testo_ultimo_modificato=\u201dacceso|tablet\u201d dimensione_font_testo_tablet=\u201d55px\u201d dimensione_font_testo_ultimo_modificato=\u201dspento|desktop\u201d dimensione_font_testo_tablet=\u201d\u201d dimensione_font_testo_telefono=\u201d15px\u201d dimensione_font_testo_ultimo_modificato=\u201dacceso|tablet\u201d colori_globali_info=\u201d{}\u201d]<\/p>\n<article class=\"4ever-article\" data-clipboard-cangjie=\"[&quot;root&quot;,{&quot;copyFrom&quot;:2066762897},[&quot;p&quot;,{},[&quot;span&quot;,{&quot;data-type&quot;:&quot;text&quot;},[&quot;span&quot;,{&quot;data-type&quot;:&quot;leaf&quot;},&quot;&quot;]],[&quot;a&quot;,{&quot;href&quot;:&quot;mailto:Email:info@fmpcomponents.it&quot;},[&quot;span&quot;,{&quot;data-type&quot;:&quot;text&quot;},[&quot;span&quot;,{&quot;data-type&quot;:&quot;leaf&quot;},&quot;Email:info@fmpcomponents.it&quot;]]],[&quot;span&quot;,{&quot;data-type&quot;:&quot;text&quot;},[&quot;span&quot;,{&quot;data-type&quot;:&quot;leaf&quot;},&quot;&quot;]]]]\">\n<p><span><\/span><a data-link-href-cangjie=\"\" target=\"_blank\" rel=\"noopener noreferrer\"><span>E-mail:info@fmpcomponents.it<\/span><\/a><span><\/span><\/p>\n<\/article>\n<p>[\/et_pb_text][et_pb_text _builder_version=\u201d4.27.4\u2033 _module_preset=\u201ddefault\u201d text_font=\u201dCandal||||||||\u201d dimensione_font_testo=\u201d30px\u201d altezza_linea_testo=\u201d1.2em\u201d altezza_linea_intestazione=\u201d1.5em\u201d orientamento_testo=\u201dcentro\u201d layout_sfondo=\u201dscuro\u201d dimensione_font_testo_tablet=\u201d20px\u201d dimensione_font_testo_telefono=\u201d16px\u201d dimensione_font_testo_ultimo_modificato=\u201dacceso|tablet\u201d dimensione_font_testo_tablet=\u201d55px\u201d dimensione_font_testo_ultimo_modificato=\u201dspento|desktop\u201d dimensione_font_testo_tablet=\u201d\u201d dimensione_font_testo_telefono=\u201d15px\u201d dimensione_font_testo_ultimo_modificato=\u201dacceso|tablet\u201d global_colors_info=\u201d{}\u201d]<\/p>\n<p>(051) 003-9146<\/p>\n<p>[\/et_pb_text][\/et_pb_column][\/et_pb_row][\/et_pb_section]<\/p>","protected":false},"excerpt":{"rendered":"<p>Chi siamoFMP COMPONENTS SRLVia XXV Aprile, 36 Calderara di Reno (Bologna) \u2013 ItaliaFMP COMPONENTS SRL vanta oltre 30 anni di esperienza nel settore, progettando e producendo componenti e prodotti meccanici di alta qualit\u00e0 per macchine agricole. Con sede in Italia, siamo diventati un partner di fiducia per i nostri clienti in tutto il mondo, offrendo eccellenza attraverso la nostra [\u2026]<\/p>","protected":false},"author":2,"featured_media":0,"parent":0,"menu_order":0,"comment_status":"closed","ping_status":"closed","template":"","meta":{"_et_pb_use_builder":"on","_et_pb_old_content":"","_et_gb_content_width":"","footnotes":""},"class_list":["post-121","page","type-page","status-publish","hentry"],"_links":{"self":[{"href":"https:\/\/fmp-components.com\/it\/wp-json\/wp\/v2\/pages\/121","targetHints":{"allow":["GET"]}}],"collection":[{"href":"https:\/\/fmp-components.com\/it\/wp-json\/wp\/v2\/pages"}],"about":[{"href":"https:\/\/fmp-components.com\/it\/wp-json\/wp\/v2\/types\/page"}],"author":[{"embeddable":true,"href":"https:\/\/fmp-components.com\/it\/wp-json\/wp\/v2\/users\/2"}],"replies":[{"embeddable":true,"href":"https:\/\/fmp-components.com\/it\/wp-json\/wp\/v2\/comments?post=121"}],"version-history":[{"count":21,"href":"https:\/\/fmp-components.com\/it\/wp-json\/wp\/v2\/pages\/121\/revisions"}],"predecessor-version":[{"id":8233,"href":"https:\/\/fmp-components.com\/it\/wp-json\/wp\/v2\/pages\/121\/revisions\/8233"}],"wp:attachment":[{"href":"https:\/\/fmp-components.com\/it\/wp-json\/wp\/v2\/media?parent=121"}],"curies":[{"name":"parola chiave","href":"https:\/\/api.w.org\/{rel}","templated":true}]}}