{"id":1162,"date":"2024-12-20T01:38:48","date_gmt":"2024-12-20T01:38:48","guid":{"rendered":"https:\/\/fmp-components.com\/?page_id=8"},"modified":"2025-07-22T03:14:30","modified_gmt":"2025-07-22T03:14:30","slug":"planetary-gearbox","status":"publish","type":"page","link":"https:\/\/fmp-components.com\/it\/planetary-gearbox\/","title":{"rendered":"Riduttore epicicloidale"},"content":{"rendered":"<p>[et_pb_section fb_built=\u201d1\u2033 _builder_version=\u201d4.27.4\u2033 _module_preset=\u201ddefault\u201d use_background_color_gradient=\u201don\u201d background_color_gradient_stops=\u201drgba(4,40,4,0.07) 0%|rgba(8,40,9,0.33) 100%\u201d background_color_gradient_overlays_image=\u201don\u201d background_image=\u201dhttps:\/\/fmp-components.com\/wp-content\/uploads\/2024\/12\/planetary-gearbox-banner.webp\u201d min_height=\u201d509px\u201d global_colors_info=\u201d{}\u201d][et_pb_row _builder_version=\u201d4.27.4\u2033 _module_preset=\u201ddefault\u201d global_colors_info=\u201d{}\u201d][et_pb_column type=\u201d4_4\u2033 _builder_version=\u201d4.27.4\u2033 _module_preset=\u201ddefault\u201d global_colors_info=\u201d{}\u201d][et_pb_text _builder_version=\u201d4.27.4\u2033 _module_preset=\u201ddefault\u201d header_font=\u201dFrank Ruhl Libre|500|||||||\u201d header_text_align=\u201dcenter\u201d header_text_color=\u201d#FFFFFF\u201d header_font_size=\u201d65px\u201d header_text_shadow_style=\u201dpreset1\u2033 global_colors_info=\u201d{}\u201d]<\/p>\n<h1>Riduttore epicicloidale<\/h1>\n<p>[\/et_pb_text][\/et_pb_column][\/et_pb_row][et_pb_row _builder_version=\u201d4.27.4\u2033 _module_preset=\u201ddefault\u201d global_colors_info=\u201d{}\u201d][et_pb_column type=\u201d4_4\u2033 _builder_version=\u201d4.27.4\u2033 _module_preset=\u201ddefault\u201d global_colors_info=\u201d{}\u201d][et_pb_text _builder_version=\u201d4.27.4\u2033 _module_preset=\u201ddefault\u201d text_text_color=\u201d#FFFFFF\u201d text_font_size=\u201d16px\u201d text_line_height=\u201d1.8em\u201d text_text_shadow_style=\u201dpreset1\u2033 global_colors_info=\u201d{}\u201d]<\/p>\n<p>Un riduttore epicicloidale \u00e8 costituito da un ingranaggio centrale solare, pi\u00f9 ingranaggi planetari e un ingranaggio ad anello esterno, offrendo un&#039;elevata densit\u00e0 di coppia e un design compatto. Questa configurazione lo rende ideale per applicazioni che necessitano di una riduzione precisa della velocit\u00e0 e di una coppia aumentata, comunemente utilizzate in robotica, automotive e macchinari industriali.<\/p>\n<p>In FMP, forniamo un&#039;ampia gamma di riduttori epicicloidali e accettiamo ordini personalizzati per soddisfare le vostre esigenze specifiche. Che abbiate bisogno di soluzioni standard o specializzate, FMP si impegna a fornire riduttori di alta qualit\u00e0 su misura per le vostre esigenze.<\/p>\n<p>[\/et_pb_text][\/et_pb_column][\/et_pb_row][\/et_pb_section][et_pb_section fb_built=\u201d1\u2033 _builder_version=\u201d4.27.4\u2033 _module_preset=\u201ddefault\u201d custom_padding=\u201d||5px|||\u201d global_colors_info=\u201d{}\u201d][et_pb_row _builder_version=\u201d4.27.4\u2033 _module_preset=\u201ddefault\u201d global_colors_info=\u201d{}\u201d][et_pb_column type=\u201d4_4\u2033 _builder_version=\u201d4.27.4\u2033 _module_preset=\u201ddefault\u201d global_colors_info=\u201d{}\u201d][et_pb_text _builder_version=\u201d4.27.4\u2033 _module_preset=\u201ddefault\u201d header_2_font=\u201dFrank Ruhl Libre||||||||\u201d header_2_text_align=\u201dcenter\u201d header_2_font_size=\u201d40px\u201d global_colors_info=\u201d{}\u201d]<\/p>\n<h2>Riduttore epicicloidale<\/h2>\n<p>[\/et_pb_text][\/et_pb_column][\/et_pb_row][et_pb_row column_structure=\u201d1_3,1_3,1_3\u2033 _builder_version=\u201d4.27.4\u2033 _module_preset=\u201ddefault\u201d global_colors_info=\u201d{}\u201d][et_pb_column type=\u201d1_3\u2033 _builder_version=\u201d4.27.4\u2033 _module_preset=\u201ddefault\u201d global_colors_info=\u201d{}\u201d][et_pb_image src=\u201dhttps:\/\/fmp-components.com\/wp-content\/uploads\/2025\/01\/Track-Drive.webp\u201d alt=\u201dTrack-Drive\u201d title_text=\u201dTrack-Drive\u201d _builder_version=\u201d4.27.4\u2033 _module_preset=\u201ddefault\u201d global_colors_info=\u201d{}\u201d][\/et_pb_image][et_pb_toggle title=\u201dTrack Drive\u201d _builder_version=\u201d4.27.4\u2033 _module_preset=\u201ddefault\u201d global_colors_info=\u201d{}\u201d]<\/p>\n<ul>\n<li><a href=\"https:\/\/fmp-components.com\/it\/prodotto\/wheel-drive-planetary-gearbox-reducer-for-access-plateform\/\">Riduttore epicicloidale per piattaforma di accesso<\/a><\/li>\n<li><a href=\"https:\/\/fmp-components.com\/it\/prodotto\/wheel-drive-planetary-gearbox-reducer-for-rough-terrain-scissor-lift3679\/\">Riduttore epicicloidale per terreni accidentati <\/a><a href=\"https:\/\/fmp-components.com\/it\/prodotto\/wheel-drive-planetary-gearbox-reducer-for-road-reclaimers-and-grades\/\">Forbici<\/a><\/li>\n<li><a href=\"https:\/\/fmp-components.com\/it\/prodotto\/wheel-drive-planetary-gearbox-reducer-for-road-reclaimers-and-grades\/\">Riduttore epicicloidale per bonificatori stradali e livellatori<\/a><\/li>\n<li><a href=\"https:\/\/fmp-components.com\/it\/prodotto\/wheel-drive-planetary-gearbox-reducer-for-land-clearing-stone-crusher\/\">Riduttore epicicloidale per frantoio per la bonifica del terreno<\/a><\/li>\n<li><a href=\"https:\/\/fmp-components.com\/it\/prodotto\/wheel-drive-planetary-gearbox-reducer-for-cranes\/\">Riduttore epicicloidale per gru<\/a><\/li>\n<\/ul>\n<p>[\/et_pb_toggle][\/et_pb_column][et_pb_column type=\u201d1_3\u2033 _builder_version=\u201d4.27.4\u2033 _module_preset=\u201ddefault\u201d global_colors_info=\u201d{}\u201d][et_pb_image src=\u201dhttps:\/\/fmp-components.com\/wp-content\/uploads\/2024\/12\/Winch-Drive.webp\u201d alt=\u201dWinch Drive\u201d title_text=\u201dWinch Drive\u201d _builder_version=\u201d4.27.4\u2033 _module_preset=\u201ddefault\u201d global_colors_info=\u201d{}\u201d][\/et_pb_image][et_pb_toggle title=\u201dWinch Drive\u201d _builder_version=\u201d4.27.4\u2033 _module_preset=\u201ddefault\u201d global_colors_info=\u201d{}\u201d]<\/p>\n<ul>\n<li>Riduttore epicicloidale per verricello salpancora<\/li>\n<li>Riduttore epicicloidale per verricello da rimorchio<\/li>\n<li>Riduttore epicicloidale per nave da costruzione offshore<\/li>\n<li>Riduttore epicicloidale per piattaforma offshore<\/li>\n<li>Riduttore epicicloidale per impianti di perforazione<\/li>\n<li>Riduttore epicicloidale per verricello forestale e da disboscamento<\/li>\n<li>Riduttore epicicloidale per magazzini 3D<\/li>\n<li>Riduttore epicicloidale per attrezzature di sollevamento minerario<\/li>\n<li>Riduttore epicicloidale per ascensore<\/li>\n<li>Riduttore epicicloidale per posatubi<\/li>\n<li>Riduttore epicicloidale per gru montata su autocarro<\/li>\n<li>Riduttore epicicloidale per trasportatore a paranco con benna a cassone<\/li>\n<li>Riduttore epicicloidale per apertura porta forno<\/li>\n<li>Riduttore epicicloidale per argani antincendio e di soccorso<\/li>\n<\/ul>\n<p>[\/et_pb_toggle][\/et_pb_column][et_pb_column type=\u201d1_3\u2033 _builder_version=\u201d4.27.4\u2033 _module_preset=\u201ddefault\u201d global_colors_info=\u201d{}\u201d][et_pb_image src=\u201dhttps:\/\/fmp-components.com\/wp-content\/uploads\/2024\/12\/Wheel-Drive.webp\u201d alt=\u201dTrazione a ruota\u201d title_text=\u201dTrazione a ruota\u201d _builder_version=\u201d4.27.4\u2033 _module_preset=\u201ddefault\u201d global_colors_info=\u201d{}\u201d][\/et_pb_image][et_pb_toggle title=\u201dTrazione a ruota\u201d _builder_version=\u201d4.27.4\u2033 _module_preset=\u201ddefault\u201d global_colors_info=\u201d{}\u201d]<\/p>\n<ul>\n<li>Riduttore epicicloidale per raccoglitrice di mele<\/li>\n<li>Riduttore epicicloidale per trinciatrice<\/li>\n<li>Riduttore epicicloidale per raccoglitrice di patate<\/li>\n<li>Riduttore epicicloidale per vendemmiatrice<\/li>\n<li>Riduttore epicicloidale per mietitrice per zucchero<\/li>\n<li>Riduttore epicicloidale per miscelatore di mangimi<\/li>\n<li>Riduttore epicicloidale per terra<br \/>Frantoio per pietre da sgombero<\/li>\n<li>Riduttore epicicloidale per irrigazione a movimento lineare<\/li>\n<li>Riduttore epicicloidale per seminatrice<\/li>\n<li>Riduttore epicicloidale per fertilizzante<\/li>\n<li>Riduttore epicicloidale per piattaforma di accesso<\/li>\n<li>Riduttore epicicloidale per piattaforma aerea a forbice per terreni accidentati<\/li>\n<li>Riduttore epicicloidale per bonificatori stradali e livellatori<\/li>\n<li>Riduttore epicicloidale per bulldozer<\/li>\n<li>Riduttore epicicloidale per gru<\/li>\n<li>Riduttore epicicloidale per autobetoniere<\/li>\n<li>Riduttore epicicloidale per livellatrici<\/li>\n<li>Riduttore epicicloidale per rulli<\/li>\n<li>Riduttore epicicloidale per caricatori<\/li>\n<li>Riduttore epicicloidale per escavatori<\/li>\n<li>Riduttore epicicloidale per perforatrici sotterranee Jumbo<\/li>\n<li>Riduttore epicicloidale per caricatori sotterranei\/LHD<\/li>\n<li>Riduttore epicicloidale per impianti mobili di frantumazione e vagliatura<\/li>\n<li>Riduttore epicicloidale per autocarri con cassone ribaltabile per miniere<\/li>\n<li>Riduttore epicicloidale per carrelli elevatori<\/li>\n<li>Riduttore epicicloidale per gru per container<\/li>\n<li>Riduttore epicicloidale per veicoli a guida automatica, AGV<\/li>\n<li>Riduttore epicicloidale per Reach Stacker<\/li>\n<li>Riduttore epicicloidale per gru a cavalletto gommata, RTG<\/li>\n<\/ul>\n<p>[\/et_pb_toggle][\/et_pb_column][\/et_pb_row][et_pb_row column_structure=\u201d1_3,1_3,1_3\u2033 _builder_version=\u201d4.27.4\u2033 _module_preset=\u201ddefault\u201d global_colors_info=\u201d{}\u201d][et_pb_column type=\u201d1_3\u2033 _builder_version=\u201d4.27.4\u2033 _module_preset=\u201ddefault\u201d global_colors_info=\u201d{}\u201d][et_pb_image src=\u201dhttps:\/\/fmp-components.com\/wp-content\/uploads\/2024\/12\/Slewing-Drive.webp\u201d alt=\u201dSlewing Drive\u201d title_text=\u201dSlewing Drive\u201d _builder_version=\u201d4.27.4\u2033 _module_preset=\u201ddefault\u201d global_colors_info=\u201d{}\u201d][\/et_pb_image][et_pb_toggle title=\u201dSlewing Drive\u201d _builder_version=\u201d4.27.4\u2033 _module_preset=\u201ddefault\u201d global_colors_info=\u201d{}\u201d]<\/p>\n<ul>\n<li>Riduttore epicicloidale per turbina eolica<\/li>\n<li>Riduttore epicicloidale per sistema di inseguimento solare<\/li>\n<li>Riduttore epicicloidale per pompa per calcestruzzo montata su autocarro<\/li>\n<li>Riduttore epicicloidale per veicoli da lavoro aereo<\/li>\n<li>Riduttore epicicloidale per piattaforme di perforazione offshore<\/li>\n<li>Riduttore epicicloidale per antenna radar<\/li>\n<li>Riduttore epicicloidale per testa di taglio TBM<\/li>\n<li>Riduttore epicicloidale per escavatori<\/li>\n<li>Riduttore epicicloidale per gru a torre<\/li>\n<li>Riduttore epicicloidale per gru per container portuali<\/li>\n<li>Riduttore epicicloidale per gru cingolata<\/li>\n<li>Riduttore epicicloidale per gru montata su autocarro<\/li>\n<li>Riduttore epicicloidale per gru fuoristrada<\/li>\n<\/ul>\n<p>[\/et_pb_toggle][\/et_pb_column][et_pb_column type=\u201d1_3\u2033 _builder_version=\u201d4.27.4\u2033 _module_preset=\u201ddefault\u201d global_colors_info=\u201d{}\u201d][et_pb_image src=\u201dhttps:\/\/fmp-components.com\/wp-content\/uploads\/2024\/12\/Swing-Gearbox.webp\u201d alt=\u201dSwing Gearbox\u201d title_text=\u201dSwing Gearbox\u201d _builder_version=\u201d4.27.4\u2033 _module_preset=\u201ddefault\u201d global_colors_info=\u201d{}\u201d][\/et_pb_image][et_pb_toggle title=\u201dSwing Gearbox\u201d _builder_version=\u201d4.27.4\u2033 _module_preset=\u201ddefault\u201d global_colors_info=\u201d{}\u201d]<\/p>\n<ul>\n<li>Riduttore epicicloidale per <span>Motore Kobelco SK350-8<\/span><\/li>\n<li>Riduttore epicicloidale per escavatore Yuchai YC60-7<\/li>\n<li>Riduttore epicicloidale per bonificatori stradali e livellatori<\/li>\n<li>Riduttore epicicloidale per escavatore Hitachi ZX70<\/li>\n<li>Riduttore epicicloidale per escavatore CASE CX130<\/li>\n<li>Riduttore epicicloidale per escavatore <span>DX380<\/span><\/li>\n<li>Riduttore epicicloidale per escavatore Caterpillar E307B<\/li>\n<li>Riduttore epicicloidale per escavatore Caterpillar E336D<\/li>\n<li>Riduttore epicicloidale per escavatore <span>EC360<\/span><\/li>\n<li>Riduttore epicicloidale per escavatore Volvo EC460<\/li>\n<li>Riduttore epicicloidale per escavatore <span>EC700<\/span><\/li>\n<li>Riduttore epicicloidale per escavatore Volvo EC360<\/li>\n<li>Riduttore epicicloidale per escavatore Volvo EC460<\/li>\n<li>Riduttore epicicloidale per escavatore <span>EC700<\/span><\/li>\n<li>Riduttore epicicloidale per escavatore Komatsu PC40<\/li>\n<li>Riduttore epicicloidale per escavatore Komatsu PC56-7<\/li>\n<li>Riduttore epicicloidale per escavatore Komatsu PC300-7<\/li>\n<li>Riduttore epicicloidale per escavatore Komatsu PC400-7<\/li>\n<li>Riduttore epicicloidale per escavatore Kobelco SK60-6<\/li>\n<li>Riduttore epicicloidale per escavatore Kobelco SK135<\/li>\n<li>Riduttore epicicloidale per escavatore Kobelco SK200-8<\/li>\n<li>Riduttore epicicloidale per escavatore Daewoo DH300-7<\/li>\n<\/ul>\n<p>[\/et_pb_toggle][\/et_pb_column][et_pb_column type=\u201d1_3\u2033 _builder_version=\u201d4.27.4\u2033 _module_preset=\u201ddefault\u201d global_colors_info=\u201d{}\u201d][et_pb_image src=\u201dhttps:\/\/fmp-components.com\/wp-content\/uploads\/2024\/12\/In-line-Planetary-Gearbox.webp\u201d alt=\u201dRiduttore epicicloidale in linea\u201d title_text=\u201dRiduttore epicicloidale in linea\u201d _builder_version=\u201d4.27.4\u2033 _module_preset=\u201ddefault\u201d global_colors_info=\u201d{}\u201d][\/et_pb_image][et_pb_toggle title=\u201dRiduttore epicicloidale in linea\u201d _builder_version=\u201d4.27.4\u2033 _module_preset=\u201ddefault\u201d global_colors_info=\u201d{}\u201d]<\/p>\n<ul>\n<li>Riduttore epicicloidale industriale serie S<\/li>\n<li>Riduttore epicicloidale serie E<\/li>\n<li>Riduttore epicicloidale serie 311<\/li>\n<li>Riduttore epicicloidale serie 310<\/li>\n<li>Riduttore epicicloidale serie 306<\/li>\n<li>Riduttore epicicloidale serie 301<\/li>\n<\/ul>\n<p>[\/et_pb_toggle][\/et_pb_column][\/et_pb_row][et_pb_row column_structure=\u201d1_3,1_3,1_3\u2033 _builder_version=\u201d4.27.4\u2033 _module_preset=\u201ddefault\u201d global_colors_info=\u201d{}\u201d][et_pb_column type=\u201d1_3\u2033 _builder_version=\u201d4.27.4\u2033 _module_preset=\u201ddefault\u201d global_colors_info=\u201d{}\u201d][et_pb_image src=\u201dhttps:\/\/fmp-components.com\/wp-content\/uploads\/2024\/12\/Right-Angle-Planetary-Gearbox.webp\u201d alt=\u201dRiduttore epicicloidale ad angolo retto\u201d title_text=\u201dRiduttore epicicloidale ad angolo retto\u201d _builder_version=\u201d4.27.4\u2033 _module_preset=\u201ddefault\u201d global_colors_info=\u201d{}\u201d][\/et_pb_image][et_pb_toggle title=\u201dRiduttore epicicloidale ad angolo retto\u201d _builder_version=\u201d4.27.4\u2033 _module_preset=\u201ddefault\u201d global_colors_info=\u201d{}\u201d]<\/p>\n<ul>\n<li>Riduttore epicicloidale serie 307<\/li>\n<\/ul>\n<p>[\/et_pb_toggle][\/et_pb_column][et_pb_column type=\u201d1_3\u2033 _builder_version=\u201d4.27.4\u2033 _module_preset=\u201ddefault\u201d global_colors_info=\u201d{}\u201d][et_pb_image src=\u201dhttps:\/\/fmp-components.com\/wp-content\/uploads\/2024\/12\/Planetary-Gearbox-for-Feed-Mixer.webp\u201d alt=\u201dRiduttore epicicloidale per miscelatore di mangimi\u201d title_text=\u201dRiduttore epicicloidale per miscelatore di mangimi\u201d _builder_version=\u201d4.27.4\u2033 _module_preset=\u201ddefault\u201d global_colors_info=\u201d{}\u201d][\/et_pb_image][et_pb_toggle title=\u201dRiduttore epicicloidale per miscelatore di mangimi\u201d _builder_version=\u201d4.27.4\u2033 _module_preset=\u201ddefault\u201d global_colors_info=\u201d{}\u201d]<\/p>\n<ul>\n<li>Riduttore miscelatore mangimi C3A, 1:1, 1,8:1<\/li>\n<li>Macchine miscelatrici per mangimi Riduttore C-3A<\/li>\n<li>Macchine miscelatrici per mangimi Riduttore D-732A 1:1\/1.41:1<\/li>\n<li>Riduttore per miscelatore orizzontale D732A 1:1\/1.93:1<\/li>\n<li>Miscelatore orizzontale Riduttore C3A 1:1<\/li>\n<li>Riduttore miscelatore di mangime per miscelatore TMR EP RMG<\/li>\n<li>Riduttore miscelatore mangimi PGA-1202VM<\/li>\n<li>Riduttore per macchine miscelatrici per mangimi PGA-1602<\/li>\n<li>Riduttore miscelatore verticale PGA1202VM<\/li>\n<li>Riduttore miscelatore verticale PGA1602VM<\/li>\n<\/ul>\n<p>[\/et_pb_toggle][\/et_pb_column][et_pb_column type=\u201d1_3\u2033 _builder_version=\u201d4.27.4\u2033 _module_preset=\u201ddefault\u201d global_colors_info=\u201d{}\u201d][et_pb_image src=\u201dhttps:\/\/fmp-components.com\/wp-content\/uploads\/2024\/12\/Planetary-Gearbox-for-Wind-Turbine.webp\u201d alt=\u201dRiduttore epicicloidale per turbina eolica\u201d title_text=\u201dRiduttore epicicloidale per turbina eolica\u201d _builder_version=\u201d4.27.4\u2033 _module_preset=\u201ddefault\u201d global_colors_info=\u201d{}\u201d][\/et_pb_image][et_pb_toggle title=\u201dRiduttore epicicloidale per turbina eolica\u201d _builder_version=\u201d4.27.4\u2033 _module_preset=\u201ddefault\u201d global_colors_info=\u201d{}\u201d]<\/p>\n<ul>\n<li>Riduttore epicicloidale con trasmissione mobile a rotazione serie SD<\/li>\n<li>Serie NB <span>Riduttore di imbardata<\/span><\/li>\n<\/ul>\n<p>[\/et_pb_toggle][\/et_pb_column][\/et_pb_row][\/et_pb_section][et_pb_section fb_built=\u201d1\u2033 _builder_version=\u201d4.27.4\u2033 _module_preset=\u201ddefault\u201d global_colors_info=\u201d{}\u201d][et_pb_row _builder_version=\u201d4.27.4\u2033 _module_preset=\u201ddefault\u201d global_colors_info=\u201d{}\u201d][et_pb_column type=\u201d4_4\u2033 _builder_version=\u201d4.27.4\u2033 _module_preset=\u201ddefault\u201d global_colors_info=\u201d{}\u201d][et_pb_text _builder_version=\u201d4.27.4\u2033 _module_preset=\u201ddefault\u201d header_2_font=\u201dFrank Ruhl Libero||||||||\u201d header_2_font_size=\u201d38px\u201d global_colors_info=\u201d{}\u201d]<\/p>\n<h2 style=\"text-align: center;\">Prodotti correlati \u2013 Ingranaggio planetario<\/h2>\n<p>[\/et_pb_text][\/et_pb_column][\/et_pb_row][et_pb_row column_structure=\u201d1_4,1_4,1_4,1_4\u2033 _builder_version=\u201d4.27.4\u2033 _module_preset=\u201ddefault\u201d global_colors_info=\u201d{}\u201d][et_pb_column type=\u201d1_4\u2033 _builder_version=\u201d4.27.4\u2033 _module_preset=\u201ddefault\u201d global_colors_info=\u201d{}\u201d][et_pb_blurb title=\u201dSet di ingranaggi planetari\u201d url=\u201dhttps:\/\/fmp-components.com\/en\/product\/planetary-gear-sets\u201d url_new_window=\u201don\u201d image=\u201dhttps:\/\/fmp-components.com\/wp-content\/uploads\/2025\/01\/Planetary-Gear-set.webp\u201d alt=\u201dSet di ingranaggi planetari\u201d _builder_version=\u201d4.27.4\u2033 _module_preset=\u201ddefault\u201d header_level=\u201dh3\u2033 header_font=\u201dFrank Ruhl Libre||||||||\u201d header_text_align=\u201dcenter\u201d header_font_size=\u201d20px\u201d global_colors_info=\u201d{}\u201d][\/et_pb_blurb][\/et_pb_column][et_pb_column type=\u201d1_4\u2033 _builder_version=\u201d4.27.4\u2033 _module_preset=\u201ddefault\u201d global_colors_info=\u201d{}\u201d][et_pb_blurb title=\u201dIngranaggio planetario interno\u201d url=\u201dhttps:\/\/fmp-components.com\/en\/product\/internal-planetary-gear\u201d url_new_window=\u201don\u201d image=\u201dhttps:\/\/fmp-components.com\/wp-content\/uploads\/2025\/01\/Internal-Planetary-Gear.webp\u201d alt=\u201dIngranaggio planetario interno\u201d _builder_version=\u201d4.27.4\u2033 _module_preset=\u201ddefault\u201d header_level=\u201dh3\u2033 header_font=\u201dFrank Ruhl Libre||||||||\u201d header_text_align=\u201dcenter\u201d header_font_size=\u201d20px\u201d global_colors_info=\u201d{}\u201d][\/et_pb_blurb][\/et_pb_column][et_pb_column type=\u201d1_4\u2033 _builder_version=\u201d4.27.4\u2033 _module_preset=\u201ddefault\u201d global_colors_info=\u201d{}\u201d][et_pb_blurb title=\u201dKit di ingranaggi planetari interni\u201d url=\u201dhttps:\/\/fmp-components.com\/en\/product\/internal-planetary-gear-kit\u201d url_new_window=\u201don\u201d image=\u201dhttps:\/\/fmp-components.com\/wp-content\/uploads\/2025\/01\/Internal-Planetary-Gear-Kit.webp\u201d alt=\u201dKit di ingranaggi planetari interni\u201d _builder_version=\u201d4.27.4\u2033 _module_preset=\u201ddefault\u201d header_level=\u201dh3\u2033 header_font=\u201dFrank Ruhl Libre||||||||\u201d header_text_align=\u201dcenter\u201d header_font_size=\u201d20px\u201d global_colors_info=\u201d{}\u201d][\/et_pb_blurb][\/et_pb_column][et_pb_column type=\u201d1_4\u2033 _builder_version=\u201d4.27.4\u2033 _module_preset=\u201ddefault\u201d global_colors_info=\u201d{}\u201d][et_pb_blurb title=\u201dIngranaggio ad anello planetario\u201d url=\u201dhttps:\/\/fmp-components.com\/en\/product\/planetary-ring-gear\u201d url_new_window=\u201don\u201d image=\u201dhttps:\/\/fmp-components.com\/wp-content\/uploads\/2025\/01\/Planetary-Ring-Gear.webp\u201d alt=\u201dIngranaggio ad anello planetario\u201d _builder_version=\u201d4.27.4\u2033 _module_preset=\u201ddefault\u201d header_level=\u201dh3\u2033 header_font=\u201dFrank Ruhl Libre||||||||\u201d header_text_align=\u201dcenter\u201d header_font_size=\u201d20px\u201d global_colors_info=\u201d{}\u201d][\/et_pb_blurb][\/et_pb_column][\/et_pb_row][\/et_pb_section]<\/p>","protected":false},"excerpt":{"rendered":"<p>Riduttore epicicloidaleUn riduttore epicicloidale \u00e8 costituito da un ingranaggio centrale solare, pi\u00f9 ingranaggi planetari e una corona dentata esterna, offrendo un'elevata densit\u00e0 di coppia e un design compatto. Questa configurazione lo rende ideale per applicazioni che richiedono una riduzione precisa della velocit\u00e0 e un aumento della coppia, comunemente utilizzate in robotica, automotive e macchinari industriali. In FMP, offriamo un'ampia gamma di [\u2026]<\/p>","protected":false},"author":2,"featured_media":0,"parent":0,"menu_order":0,"comment_status":"closed","ping_status":"closed","template":"","meta":{"_et_pb_use_builder":"on","_et_pb_old_content":"","_et_gb_content_width":"","footnotes":""},"class_list":["post-1162","page","type-page","status-publish","hentry"],"_links":{"self":[{"href":"https:\/\/fmp-components.com\/it\/wp-json\/wp\/v2\/pages\/1162","targetHints":{"allow":["GET"]}}],"collection":[{"href":"https:\/\/fmp-components.com\/it\/wp-json\/wp\/v2\/pages"}],"about":[{"href":"https:\/\/fmp-components.com\/it\/wp-json\/wp\/v2\/types\/page"}],"author":[{"embeddable":true,"href":"https:\/\/fmp-components.com\/it\/wp-json\/wp\/v2\/users\/2"}],"replies":[{"embeddable":true,"href":"https:\/\/fmp-components.com\/it\/wp-json\/wp\/v2\/comments?post=1162"}],"version-history":[{"count":30,"href":"https:\/\/fmp-components.com\/it\/wp-json\/wp\/v2\/pages\/1162\/revisions"}],"predecessor-version":[{"id":8188,"href":"https:\/\/fmp-components.com\/it\/wp-json\/wp\/v2\/pages\/1162\/revisions\/8188"}],"wp:attachment":[{"href":"https:\/\/fmp-components.com\/it\/wp-json\/wp\/v2\/media?parent=1162"}],"curies":[{"name":"parola chiave","href":"https:\/\/api.w.org\/{rel}","templated":true}]}}