{"id":967,"date":"2024-12-19T03:40:23","date_gmt":"2024-12-19T03:40:23","guid":{"rendered":"https:\/\/fmp-components.com\/product\/10047-cost-effective-double-acting-trailer-hydraulic-cylinder\/"},"modified":"2024-12-19T08:42:34","modified_gmt":"2024-12-19T08:42:34","slug":"10047-cost-effective-double-acting-trailer-hydraulic-cylinder","status":"publish","type":"product","link":"https:\/\/fmp-components.com\/hu\/product\/10047-cost-effective-double-acting-trailer-hydraulic-cylinder\/","title":{"rendered":"10047 K\u00f6lts\u00e9ghat\u00e9kony kett\u0151s m\u0171k\u00f6d\u00e9s\u0171 p\u00f3tkocsi hidraulikus henger"},"content":{"rendered":"<p>A 10047-es k\u00f6lts\u00e9ghat\u00e9kony, kett\u0151s m\u0171k\u00f6d\u00e9s\u0171 p\u00f3tkocsi hidraulikus munkahenger kifejezetten p\u00f3tkocsis alkalmaz\u00e1sokhoz k\u00e9sz\u00fclt, megb\u00edzhat\u00f3 teljes\u00edtm\u00e9nyt \u00e9s hat\u00e9konys\u00e1got biztos\u00edtva megfizethet\u0151 \u00e1ron. Ez a hidraulikus munkahenger ide\u00e1lis p\u00f3tkocsik emel\u00e9s\u00e9re, leenged\u00e9s\u00e9re \u00e9s pozicion\u00e1l\u00e1s\u00e1ra, biztos\u00edtva a z\u00f6kken\u0151mentes m\u0171k\u00f6d\u00e9st k\u00fcl\u00f6nb\u00f6z\u0151 rakod\u00e1si \u00e9s kirakod\u00e1si helyzetekben.<\/p>\n<h4>F\u0151bb jellemz\u0151k:<\/h4>\n<ul>\n<li><strong>Kett\u0151s m\u0171k\u00f6d\u00e9s\u0171 kialak\u00edt\u00e1s<\/strong>Hat\u00e9kony m\u0171k\u00f6d\u00e9st tesz lehet\u0151v\u00e9 mind a kitol\u00e1s, mind a beh\u00faz\u00e1s sor\u00e1n, lehet\u0151v\u00e9 t\u00e9ve a pontos ir\u00e1ny\u00edt\u00e1st a p\u00f3tkocsi man\u0151verez\u00e9se sor\u00e1n.<\/li>\n<li><strong>K\u00f6lts\u00e9ghat\u00e9kony megold\u00e1s<\/strong>Kiv\u00e1l\u00f3 teljes\u00edtm\u00e9nyt ny\u00fajt a min\u0151s\u00e9g fel\u00e1ldoz\u00e1sa n\u00e9lk\u00fcl, \u00edgy gazdas\u00e1gos v\u00e1laszt\u00e1s p\u00f3tkocsis \u00fczemeltet\u00e9shez.<\/li>\n<li><strong>Tart\u00f3s konstrukci\u00f3<\/strong>Nagy szil\u00e1rds\u00e1g\u00fa anyagokb\u00f3l k\u00e9sz\u00fclt, hogy ellen\u00e1lljon a neh\u00e9z terhel\u00e9seknek \u00e9s a zord k\u00f6rnyezeti k\u00f6r\u00fclm\u00e9nyeknek.<\/li>\n<li><strong>Korr\u00f3zi\u00f3\u00e1ll\u00f3 bevonat<\/strong>: Bevonattal rendelkezik a rozsda \u00e9s a korr\u00f3zi\u00f3 megakad\u00e1lyoz\u00e1sa \u00e9rdek\u00e9ben, biztos\u00edtva a hossz\u00fa \u00e9lettartamot \u00e9s a megb\u00edzhat\u00f3s\u00e1got k\u00fclt\u00e9ri k\u00f6r\u00fclm\u00e9nyek k\u00f6z\u00f6tt.<\/li>\n<li><strong>K\u00f6nny\u0171 telep\u00edt\u00e9s<\/strong>: \u00dagy tervezt\u00e9k, hogy gyorsan \u00e9s egyszer\u0171en integr\u00e1lhat\u00f3 legyen a megl\u00e9v\u0151 p\u00f3tkocsi-rendszerekbe, minimaliz\u00e1lva az \u00e1ll\u00e1sid\u0151t. <img loading=\"lazy\" decoding=\"async\" class=\"size-full wp-image-976 aligncenter\" src=\"https:\/\/fmp-components.com\/wp-content\/uploads\/2024\/12\/Welded-Tee-Type-Cylinder2.webp\" alt=\"Hegesztett p\u00f3l\u00f3 t\u00edpus\u00fa henger\" width=\"764\" height=\"675\" title=\"\" srcset=\"https:\/\/fmp-components.com\/wp-content\/uploads\/2024\/12\/Welded-Tee-Type-Cylinder2.webp 764w, https:\/\/fmp-components.com\/wp-content\/uploads\/2024\/12\/Welded-Tee-Type-Cylinder2-480x424.webp 480w\" sizes=\"(min-width: 0px) and (max-width: 480px) 480px, (min-width: 481px) 764px, 100vw\" \/><\/li>\n<\/ul>\n<h4>El\u0151ny\u00f6k:<\/h4>\n<ul>\n<li><strong>Fokozott hat\u00e9konys\u00e1g<\/strong>N\u00f6veli a p\u00f3tkocsik m\u0171k\u00f6d\u00e9si hat\u00e9konys\u00e1g\u00e1t, biztos\u00edtva a sima \u00e9s megb\u00edzhat\u00f3 emel\u00e9st \u00e9s s\u00fcllyeszt\u00e9st.<\/li>\n<li><strong>Sokoldal\u00fa alkalmaz\u00e1sok<\/strong>K\u00fcl\u00f6nb\u00f6z\u0151 t\u00edpus\u00fa ut\u00e1nfut\u00f3khoz alkalmas, \u00edgy sokoldal\u00fa kieg\u00e9sz\u00edt\u0151je lehet felszerel\u00e9s\u00e9nek.<\/li>\n<li><strong>Cs\u00f6kkentett karbantart\u00e1si k\u00f6lts\u00e9gek<\/strong>A tart\u00f3s kialak\u00edt\u00e1s minimaliz\u00e1lja a kop\u00e1st, ami alacsonyabb karbantart\u00e1si \u00e9s cserek\u00f6lts\u00e9gekhez vezet.<\/li>\n<\/ul>\n<p>A 10047-es k\u00f6lts\u00e9ghat\u00e9kony, kett\u0151s m\u0171k\u00f6d\u00e9s\u0171 p\u00f3tkocsi hidraulikus munkahenger n\u00e9lk\u00fcl\u00f6zhetetlen alkatr\u00e9sz mindazok sz\u00e1m\u00e1ra, akik a k\u00f6lts\u00e9gvet\u00e9si szempontok betart\u00e1sa mellett szeretn\u00e9k n\u00f6velni p\u00f3tkocsijuk teljes\u00edtm\u00e9ny\u00e9t. Robusztus kialak\u00edt\u00e1s\u00e1nak \u00e9s megb\u00edzhat\u00f3 m\u0171k\u00f6d\u00e9s\u00e9nek k\u00f6sz\u00f6nhet\u0151en okos v\u00e1laszt\u00e1s a hat\u00e9kony p\u00f3tkocsi-\u00fczemeltet\u00e9shez.<\/p>\n<h2>A hegesztett p\u00f3l\u00f3 t\u00edpus\u00fa henger el\u0151nyei<\/h2>\n<ul>\n<li style=\"list-style-type: none;\">\n<ul>\n<li><strong>Megn\u00f6velt er\u0151:<\/strong> A hegesztett T-idom\u00fa hengerek nagy szil\u00e1rds\u00e1gukr\u00f3l ismertek, \u00edgy alkalmasak neh\u00e9z emel\u00e9st ig\u00e9nyl\u0151 alkalmaz\u00e1sokhoz. Az ilyen hengerek gy\u00e1rt\u00e1sa sor\u00e1n alkalmazott hegeszt\u00e9si elj\u00e1r\u00e1s biztos\u00edtja, hogy a henger mentes legyen a gyenge pontokt\u00f3l, \u00e9s ellen\u00e1lljon a nagy nyom\u00e1snak \u00e9s terhel\u00e9snek.<\/li>\n<\/ul>\n<\/li>\n<\/ul>\n<p>Amikor a hengerre nyom\u00e1st gyakorolunk, az egyenletesen oszlik el a teljes fel\u00fcleten, \u00edgy ellen\u00e1ll a deform\u00e1ci\u00f3nak. Ez a tulajdons\u00e1g biztos\u00edtja, hogy a henger extr\u00e9m k\u00f6r\u00fclm\u00e9nyek k\u00f6z\u00f6tt is megtartsa alakj\u00e1t \u00e9s szerkezeti integrit\u00e1s\u00e1t.<\/p>\n<ul>\n<li style=\"list-style-type: none;\">\n<ul>\n<li><strong>Sziv\u00e1rg\u00e1smegel\u0151z\u00e9s:<\/strong> A hegesztett T-idom\u00fa palackokat a sziv\u00e1rg\u00e1s megakad\u00e1lyoz\u00e1s\u00e1ra tervezt\u00e9k. A gy\u00e1rt\u00e1si folyamat sor\u00e1n alkalmazott hegeszt\u00e9si elj\u00e1r\u00e1s biztos\u00edtja, hogy a palack teljesen t\u00f6m\u00edtett \u00e9s mentes legyen minden lehets\u00e9ges sziv\u00e1rg\u00e1st\u00f3l. Ez a tulajdons\u00e1g alkalmass\u00e1 teszi \u0151ket olyan alkalmaz\u00e1sokhoz, ahol a sziv\u00e1rg\u00e1s s\u00falyos k\u00e1rokat vagy s\u00e9r\u00fcl\u00e9seket okozhat.<\/li>\n<\/ul>\n<\/li>\n<\/ul>\n<p>A hegesztett illeszt\u00e9sek sim\u00e1k, reped\u00e9sek vagy hornyok n\u00e9lk\u00fcl, ahol t\u00f6rmel\u00e9k vagy szennyez\u0151d\u00e9s felhalmoz\u00f3dhatna, cs\u00f6kkentve a korr\u00f3zi\u00f3 \u00e9s a henger k\u00e1rosod\u00e1s\u00e1nak kock\u00e1zat\u00e1t.<\/p>\n<ul>\n<li style=\"list-style-type: none;\">\n<ul>\n<li><strong>Testreszabhat\u00f3:<\/strong> A hegesztett T-idom\u00fa hengerek testreszabhat\u00f3k az adott alkalmaz\u00e1sokhoz. A hengerek k\u00fcl\u00f6nb\u00f6z\u0151 m\u00e9retekben \u00e9s form\u00e1kban kaphat\u00f3k, \u00e9s az alkalmaz\u00e1s konkr\u00e9t k\u00f6vetelm\u00e9nyeinek megfelel\u0151en gy\u00e1rthat\u00f3k.<\/li>\n<\/ul>\n<\/li>\n<\/ul>\n<p>A testreszab\u00e1si folyamat lehet\u0151v\u00e9 teszi a henger teljes\u00edtm\u00e9ny\u00e9nek optimaliz\u00e1l\u00e1s\u00e1t, biztos\u00edtva, hogy az megfeleljen a k\u00edv\u00e1nt alkalmaz\u00e1snak. Ez a tulajdons\u00e1g teszi a hegesztett T-idom\u00fa hengereket ide\u00e1liss\u00e1 k\u00fcl\u00f6nf\u00e9le ipari alkalmaz\u00e1sokhoz, bele\u00e9rtve az \u00e9p\u00edt\u0151iparban, a b\u00e1ny\u00e1szatban \u00e9s az anyagmozgat\u00e1sban val\u00f3 haszn\u00e1latra.<\/p>\n<ul>\n<li style=\"list-style-type: none;\">\n<ul>\n<li><strong>K\u00f6lts\u00e9ghat\u00e9kony:<\/strong> A hegesztett T-idom\u00fa hengerek k\u00f6lts\u00e9ghat\u00e9konyabbak m\u00e1s t\u00edpus\u00fa hengerekhez k\u00e9pest. Az ilyen hengerek gy\u00e1rt\u00e1si folyamata egyszer\u0171, \u00edgy olcs\u00f3bbak, mint m\u00e1s t\u00edpus\u00fa hengerek.<\/li>\n<\/ul>\n<\/li>\n<\/ul>\n<p>Tov\u00e1bb\u00e1 a hegesztett T-idom\u00fa hengerek nagy szil\u00e1rds\u00e1ga \u00e9s tart\u00f3ss\u00e1ga cs\u00f6kkenti a gyakori jav\u00edt\u00e1sok \u00e9s cser\u00e9k sz\u00fcks\u00e9gess\u00e9g\u00e9t, \u00edgy megtakar\u00edtva a karbantart\u00e1si k\u00f6lts\u00e9geket. Ez a tulajdons\u00e1g n\u00e9pszer\u0171 v\u00e1laszt\u00e1ss\u00e1 teszi \u0151ket sz\u00e1mos ipar\u00e1gban, k\u00fcl\u00f6n\u00f6sen a korl\u00e1tozott k\u00f6lts\u00e9gvet\u00e9ssel rendelkez\u0151k sz\u00e1m\u00e1ra.<\/p>\n<ul>\n<li style=\"list-style-type: none;\">\n<ul>\n<li><strong>Megn\u00f6velt hat\u00e9konys\u00e1g:<\/strong> A hegesztett T-idom\u00fa hengerek rendk\u00edv\u00fcl hat\u00e9konyak \u00e9s eredm\u00e9nyesek. A henger kialak\u00edt\u00e1sa biztos\u00edtja, hogy az alkalmazott er\u0151 k\u00f6zvetlen\u00fcl a terhel\u00e9sre ker\u00fclj\u00f6n \u00e1t, cs\u00f6kkentve az energiavesztes\u00e9get \u00e9s n\u00f6velve a hat\u00e9konys\u00e1got.<\/li>\n<\/ul>\n<\/li>\n<\/ul>\n<p>A hegesztett k\u00f6t\u00e9sek er\u0151sek \u00e9s merevek, minimaliz\u00e1lj\u00e1k az alakv\u00e1ltoz\u00e1st, \u00e9s biztos\u00edtj\u00e1k, hogy a henger extr\u00e9m k\u00f6r\u00fclm\u00e9nyek k\u00f6z\u00f6tt is megtartsa alakj\u00e1t \u00e9s szerkezeti integrit\u00e1s\u00e1t. Ez a tulajdons\u00e1g ide\u00e1liss\u00e1 teszi a hegesztett T-idom\u00fa hengereket olyan alkalmaz\u00e1sokhoz, amelyek nagy hat\u00e9konys\u00e1got \u00e9s megb\u00edzhat\u00f3s\u00e1got ig\u00e9nyelnek.<\/p>\n<p><img loading=\"lazy\" decoding=\"async\" class=\"size-full wp-image-977 aligncenter\" src=\"https:\/\/fmp-components.com\/wp-content\/uploads\/2024\/12\/Welded-Tee-Type-Cylinder3.webp\" alt=\"Hegesztett p\u00f3l\u00f3 t\u00edpus\u00fa henger\" width=\"653\" height=\"600\" title=\"\" srcset=\"https:\/\/fmp-components.com\/wp-content\/uploads\/2024\/12\/Welded-Tee-Type-Cylinder3.webp 653w, https:\/\/fmp-components.com\/wp-content\/uploads\/2024\/12\/Welded-Tee-Type-Cylinder3-480x441.webp 480w\" sizes=\"(min-width: 0px) and (max-width: 480px) 480px, (min-width: 481px) 653px, 100vw\" \/><\/p>\n<h2>Hegesztett p\u00f3l\u00f3 t\u00edpus\u00fa henger alkalmaz\u00e1sa<\/h2>\n<ul>\n<li>\n<h3>Ipari g\u00e9pek \u00e9s berendez\u00e9sek<\/h3>\n<p>A hegesztett T-idom\u00fa hengereket sz\u00e9les k\u00f6rben haszn\u00e1lj\u00e1k ipari g\u00e9pekben \u00e9s berendez\u00e9sekben, k\u00fcl\u00f6n\u00f6sen hidraulikus rendszerekben. A henger egy dugatty\u00fab\u00f3l \u00e9s egy hengercs\u0151b\u0151l \u00e1ll, amelyeket egyetlen egys\u00e9gg\u00e9 hegesztenek \u00f6ssze. Ez a kialak\u00edt\u00e1s sz\u00e1mos el\u0151nnyel rendelkezik m\u00e1s t\u00edpus\u00fa hengerekkel szemben, p\u00e9ld\u00e1ul jobb tart\u00f3ss\u00e1got, nagyobb szil\u00e1rds\u00e1got \u00e9s nagyobb pontoss\u00e1got.<\/p>\n<p>Az ipari g\u00e9pekben a hegesztett T-idom\u00fa hengerek egyik legfontosabb alkalmaz\u00e1sa az \u00e1lland\u00f3 \u00e9s pontos er\u0151 lead\u00e1sa. Ez sz\u00e1mos gy\u00e1rt\u00e1si folyamatn\u00e1l elengedhetetlen, ahol prec\u00edz szab\u00e1lyoz\u00e1sra van sz\u00fcks\u00e9g a v\u00e9gterm\u00e9k min\u0151s\u00e9g\u00e9nek biztos\u00edt\u00e1s\u00e1hoz. A hegesztett T-idom\u00fa hengerek a hidraulikus rendszerekben a folyad\u00e9kok \u00e1raml\u00e1s\u00e1nak szab\u00e1lyoz\u00e1s\u00e1ra is haszn\u00e1lhat\u00f3k, ami nagyobb hat\u00e9konys\u00e1got \u00e9s megb\u00edzhat\u00f3s\u00e1got tesz lehet\u0151v\u00e9 sz\u00e1mos ipari alkalmaz\u00e1sban.<\/li>\n<li>\n<h3>Mez\u0151gazdas\u00e1gi berendez\u00e9sek<\/h3>\n<p>A hegesztett T-idom\u00fa hengereket gyakran haszn\u00e1lj\u00e1k mez\u0151gazdas\u00e1gi g\u00e9pekben, p\u00e9ld\u00e1ul traktorokban \u00e9s betakar\u00edt\u00f3g\u00e9pekben. Ezeknek a g\u00e9peknek a hat\u00e9kony m\u0171k\u00f6d\u00e9s\u00e9hez nagy teljes\u00edtm\u00e9ny\u0171 \u00e9s megb\u00edzhat\u00f3 hidraulikus rendszerekre van sz\u00fcks\u00e9g\u00fck, \u00e9s a hegesztett T-idom\u00fa henger ide\u00e1lis v\u00e1laszt\u00e1s erre a c\u00e9lra.<\/p>\n<p>A henger massz\u00edv fel\u00e9p\u00edt\u00e9se \u00e9s nagy szil\u00e1rds\u00e1ga rendk\u00edv\u00fcl ellen\u00e1ll\u00f3v\u00e1 teszi a kop\u00e1ssal \u00e9s elhaszn\u00e1l\u00f3d\u00e1ssal szemben, m\u00e9g zord \u00fczemi k\u00f6r\u00fclm\u00e9nyek k\u00f6z\u00f6tt is. Ez ide\u00e1lis v\u00e1laszt\u00e1ss\u00e1 teszi mez\u0151gazdas\u00e1gi berendez\u00e9sekben val\u00f3 haszn\u00e1latra, ahol a tart\u00f3ss\u00e1g kulcsfontoss\u00e1g\u00fa szempont. A hegesztett T-idom\u00fa henger sz\u00e1mos mez\u0151gazdas\u00e1gi folyamathoz, p\u00e9ld\u00e1ul \u00fcltet\u00e9shez, betakar\u00edt\u00e1shoz \u00e9s \u00f6nt\u00f6z\u00e9shez sz\u00fcks\u00e9ges prec\u00edz vez\u00e9rl\u00e9s biztos\u00edt\u00e1s\u00e1ra is haszn\u00e1lhat\u00f3.<\/li>\n<li>\n<h3>\u00c9p\u00edt\u0151ipari berendez\u00e9sek<\/h3>\n<p>A hegesztett T-idom\u00fa hengereket sz\u00e9les k\u00f6rben haszn\u00e1lj\u00e1k \u00e9p\u00edt\u0151ipari berendez\u00e9sekben, p\u00e9ld\u00e1ul kotr\u00f3g\u00e9pekben, kotr\u00f3g\u00e9pekben \u00e9s buld\u00f3zerekben. Ezeknek a g\u00e9peknek nagy teljes\u00edtm\u00e9ny\u0171 \u00e9s megb\u00edzhat\u00f3 hidraulikus rendszerekre van sz\u00fcks\u00e9g\u00fck a neh\u00e9z feladatok, p\u00e9ld\u00e1ul az \u00e1s\u00e1s, emel\u00e9s \u00e9s a neh\u00e9z terhek tol\u00e1sa elv\u00e9gz\u00e9s\u00e9hez.<\/p>\n<p>A hegesztett T-idom\u00fa henger nagy szil\u00e1rds\u00e1ga \u00e9s tart\u00f3ss\u00e1ga ide\u00e1lis v\u00e1laszt\u00e1ss\u00e1 teszi \u00e9p\u00edt\u0151ipari berendez\u00e9sekben val\u00f3 haszn\u00e1latra. A prec\u00edz vez\u00e9rl\u00e9s \u00e9s az \u00e1lland\u00f3 er\u0151 biztos\u00edt\u00e1s\u00e1nak k\u00e9pess\u00e9ge elengedhetetlen sz\u00e1mos \u00e9p\u00edt\u00e9si folyamathoz, p\u00e9ld\u00e1ul f\u00f6ldmunk\u00e1hoz, tereprendez\u00e9shez \u00e9s burkol\u00e1shoz. A hegesztett T-idom\u00fa henger a hidraulikus rendszerekben a folyad\u00e9kok \u00e1raml\u00e1s\u00e1nak szab\u00e1lyoz\u00e1s\u00e1ra is haszn\u00e1lhat\u00f3, jav\u00edtva az \u00e9p\u00edt\u0151ipari berendez\u00e9sek hat\u00e9konys\u00e1g\u00e1t \u00e9s megb\u00edzhat\u00f3s\u00e1g\u00e1t sz\u00e1mos alkalmaz\u00e1sban.<\/li>\n<\/ul>\n<h3>Az FMP-r\u0151l<\/h3>\n<p>Az FMP a hidraulikus hengerek vezet\u0151 gy\u00e1rt\u00f3ja \u00e9s sz\u00e1ll\u00edt\u00f3ja, t\u00f6bb mint 30 \u00e9ves ipar\u00e1gi tapasztalattal. Olaszorsz\u00e1gban tal\u00e1lhat\u00f3, korszer\u0171 ipari ter\u00fclet\u00fcnk\u00f6n t\u00f6bb mint 100 korszer\u0171 berendez\u00e9s tal\u00e1lhat\u00f3, bele\u00e9rtve az automatikus g\u00e1zv\u00e9d\u0151g\u00e1zas hegeszt\u0151g\u00e9peket, m\u00e9lyf\u00far\u00f3 g\u00e9peket, CNC eszterg\u00e1kat, hengeres k\u00f6sz\u00f6r\u0171ket, automatikus tiszt\u00edt\u00f3g\u00e9peket, automatikus szerel\u0151g\u00e9peket, automatikus hidraulikus henger teljes\u00edtm\u00e9nym\u00e9r\u0151 padokat \u00e9s automatikus fest\u0151sorokat.<\/p>\n<p><img decoding=\"async\" src=\"https:\/\/fmp-components.com\/wp-content\/uploads\/2024\/12\/fmp-factory-4.webp\" alt=\"FMP gy\u00e1r\" width=\"800\" title=\"\"><\/p>\n<p>Sz\u00e9les v\u00e1laszt\u00e9kban k\u00edn\u00e1lunk hidraulikus munkahengereket a k\u00fcl\u00f6nf\u00e9le ig\u00e9nyek kiel\u00e9g\u00edt\u00e9s\u00e9re:<\/p>\n<ol>\n<li><strong>Hidraulikus henger:<\/strong> Hidraulikus hengereinket apr\u00f3l\u00e9kosan megmunk\u00e1ljuk \u00e9s ellen\u0151rizz\u00fck a kiv\u00e9teles min\u0151s\u00e9g biztos\u00edt\u00e1sa \u00e9rdek\u00e9ben. \u00dagy tervezt\u00fck \u0151ket, hogy megb\u00edzhat\u00f3 teljes\u00edtm\u00e9nyt \u00e9s tart\u00f3ss\u00e1got biztos\u00edtsanak.<\/li>\n<li><strong>Hidraulikus henger f\u00fclbeval\u00f3 henger:<\/strong> Ez a hidraulikus henger t\u00edpus kifejezetten f\u00fclbeval\u00f3 alkalmaz\u00e1sokhoz k\u00e9sz\u00fclt. Innovat\u00edv kialak\u00edt\u00e1sa hat\u00e9kony \u00e9s prec\u00edz m\u0171k\u00f6d\u00e9st biztos\u00edt.<\/li>\n<li><strong>K\u00e9tir\u00e1ny\u00fa automatikus teleszk\u00f3pos hidraulikus henger:<\/strong> K\u00e9tir\u00e1ny\u00fa automata teleszk\u00f3pos hidraulikus henger\u00fcnk egy sokoldal\u00fa megold\u00e1s, amely mindk\u00e9t ir\u00e1nyban sima \u00e9s prec\u00edz mozg\u00e1st biztos\u00edt.<\/li>\n<\/ol>\n<p>Az FMP-n\u00e9l b\u00fcszk\u00e9k vagyunk arra, hogy \u00e1tfog\u00f3 szolg\u00e1ltat\u00e1sokat ny\u00fajtunk \u00fcgyfeleinknek:<\/p>\n<ol start=\"4\">\n<li><strong>Tervez\u00e9si szolg\u00e1ltat\u00e1s:<\/strong> K\u00e9pzett tervez\u0151csapatunk sz\u00e9lesk\u00f6r\u0171 tapasztalattal rendelkezik a kard\u00e1ntengelyek term\u00e9ktervez\u00e9s\u00e9ben \u00e9s fejleszt\u00e9s\u00e9ben. K\u00e9szen \u00e1llunk seg\u00edteni \u00d6nnek \u00faj term\u00e9kek tervez\u00e9s\u00e9ben vagy a megl\u00e9v\u0151k fejleszt\u00e9s\u00e9ben.<\/li>\n<li><strong>Term\u00e9kszolg\u00e1ltat\u00e1s:<\/strong> A nyersanyagokt\u00f3l a sz\u00e1ll\u00edt\u00e1sig apr\u00f3l\u00e9kos folyamatot k\u00f6vet\u00fcnk, amely mag\u00e1ban foglalja a v\u00e1g\u00e1st, a durva megmunk\u00e1l\u00e1st, a tesztel\u00e9st, a tiszt\u00edt\u00e1st, az \u00f6sszeszerel\u00e9st, a csomagol\u00e1st \u00e9s a sz\u00e1ll\u00edt\u00e1st. Ez biztos\u00edtja, hogy term\u00e9keink kiv\u00e1l\u00f3 \u00e1llapotban \u00e9rkezzenek meg \u00d6nh\u00f6z.<\/li>\n<li><strong>Mintav\u00e9teli folyamat:<\/strong> Mintadarabok fejleszt\u00e9s\u00e9t az \u00d6n ig\u00e9nyei szerint k\u00edn\u00e1ljuk, \u00e9s folyamatosan m\u00f3dos\u00edtjuk a mint\u00e1kat, hogy megfeleljenek az \u00d6n egyedi ig\u00e9nyeinek. Elk\u00f6telezettek vagyunk az elv\u00e1r\u00e1sainak t\u00f6k\u00e9letesen megfelel\u0151 term\u00e9kek sz\u00e1ll\u00edt\u00e1sa ir\u00e1nt.<\/li>\n<li><strong>K+F:<\/strong> El\u0151re gondolkod\u00f3 v\u00e1llalatk\u00e9nt folyamatosan tanulm\u00e1nyozzuk a piaci ig\u00e9nyeket, \u00e9s \u00faj modelleket fejleszt\u00fcnk ki, hogy megfelelj\u00fcnk az ipar\u00e1g v\u00e1ltoz\u00f3 ig\u00e9nyeinek. A kutat\u00e1s \u00e9s fejleszt\u00e9s ir\u00e1nti elk\u00f6telezetts\u00e9g\u00fcnk lehet\u0151v\u00e9 teszi sz\u00e1munkra, hogy innovat\u00edv megold\u00e1sokat k\u00edn\u00e1ljunk.<\/li>\n<\/ol>\n<p>Sz\u00e9les, kiv\u00e1l\u00f3 min\u0151s\u00e9g\u0171 hidraulikus hengerv\u00e1laszt\u00e9kunkkal \u00e9s kiv\u00e9teles szolg\u00e1ltat\u00e1sainkkal az FMP az \u00d6n megb\u00edzhat\u00f3 partnere az ipar\u00e1gban. L\u00e9pjen kapcsolatba vel\u00fcnk m\u00e9g ma, hogy megbesz\u00e9lhess\u00fck hidraulikus hengerekkel kapcsolatos ig\u00e9nyeit, \u00e9s tapasztalja meg az FMP el\u0151nyeit.<\/p>\n<h3>GYIK<\/h3>\n<ol>\n<li>K: Mire haszn\u00e1lj\u00e1k a hidraulikus hengert?<br \/>\nA: A hidraulikus hengereket mechanikai er\u0151 l\u00e9trehoz\u00e1s\u00e1ra haszn\u00e1lj\u00e1k line\u00e1ris mozg\u00e1sban.<\/li>\n<li>K: Hogyan m\u0171k\u00f6dik egy hidraulikus henger?<br \/>\nA: A hidraulikus henger egy dugatty\u00fa mozg\u00e1s\u00e1val m\u0171k\u00f6dik a hengerben, amelyet nyom\u00e1s alatt l\u00e9v\u0151 hidraulikafolyad\u00e9k hajt.<\/li>\n<li>K: Hogyan v\u00e1lasszam ki a megfelel\u0151 hidraulikaolajat a hengeremhez?<br \/>\nV: A megfelel\u0151 hidraulikaolajat az alkalmaz\u00e1s konkr\u00e9t k\u00f6vetelm\u00e9nyei alapj\u00e1n kell kiv\u00e1lasztani. Az FMP csapata seg\u00edt \u00d6nnek a helyes v\u00e1laszt\u00e1sban.<\/li>\n<li>K: Milyen gyakran kell cser\u00e9lnem a hidraulikus henger t\u00f6m\u00edt\u00e9seit?<br \/>\nA: A t\u00f6m\u00edt\u00e9seket ki kell cser\u00e9lni, ha a rendszer teljes\u00edtm\u00e9ny\u00e9nek cs\u00f6kken\u00e9s\u00e9t \u00e9szleli, vagy ha l\u00e1that\u00f3 s\u00e9r\u00fcl\u00e9seket vagy sziv\u00e1rg\u00e1sokat \u00e9szlel.<\/li>\n<li>K: Hogyan m\u00e9rhetek meg egy hidraulikus hengert?<br \/>\nA: A hidraulikus henger m\u00e9retei k\u00f6z\u00e9 tartozik a furat\u00e1tm\u00e9r\u0151, a r\u00fad\u00e1tm\u00e9r\u0151 \u00e9s a l\u00f6kethossz.<\/li>\n<\/ol>\n<p>Szerz\u0151: CX<\/p>","protected":false},"excerpt":{"rendered":"<p>The 10047 Cost Effective Double Acting Trailer Hydraulic Cylinder is specifically designed for trailer applications, providing reliable performance and efficiency at an affordable price. This hydraulic cylinder is ideal for lifting, lowering, and positioning trailers, ensuring smooth operation in various loading and unloading scenarios. Key Features: Double Acting Design: Facilitates efficient operation in both extension [&hellip;]<\/p>","protected":false},"featured_media":1133,"comment_status":"closed","ping_status":"closed","template":"","meta":{"_et_pb_use_builder":"","_et_pb_old_content":"","_et_gb_content_width":""},"product_brand":[],"product_cat":[31],"product_tag":[34,35],"class_list":{"0":"post-967","1":"product","2":"type-product","3":"status-publish","4":"has-post-thumbnail","6":"product_cat-welded-tee-type-cylinder","7":"product_tag-hydraulic-cylinder","8":"product_tag-welded-tee-type-cylinder","10":"first","11":"instock","12":"product-type-simple"},"_links":{"self":[{"href":"https:\/\/fmp-components.com\/hu\/wp-json\/wp\/v2\/product\/967","targetHints":{"allow":["GET"]}}],"collection":[{"href":"https:\/\/fmp-components.com\/hu\/wp-json\/wp\/v2\/product"}],"about":[{"href":"https:\/\/fmp-components.com\/hu\/wp-json\/wp\/v2\/types\/product"}],"replies":[{"embeddable":true,"href":"https:\/\/fmp-components.com\/hu\/wp-json\/wp\/v2\/comments?post=967"}],"wp:featuredmedia":[{"embeddable":true,"href":"https:\/\/fmp-components.com\/hu\/wp-json\/wp\/v2\/media\/1133"}],"wp:attachment":[{"href":"https:\/\/fmp-components.com\/hu\/wp-json\/wp\/v2\/media?parent=967"}],"wp:term":[{"taxonomy":"product_brand","embeddable":true,"href":"https:\/\/fmp-components.com\/hu\/wp-json\/wp\/v2\/product_brand?post=967"},{"taxonomy":"product_cat","embeddable":true,"href":"https:\/\/fmp-components.com\/hu\/wp-json\/wp\/v2\/product_cat?post=967"},{"taxonomy":"product_tag","embeddable":true,"href":"https:\/\/fmp-components.com\/hu\/wp-json\/wp\/v2\/product_tag?post=967"}],"curies":[{"name":"munkaf\u00fczet","href":"https:\/\/api.w.org\/{rel}","templated":true}]}}