{"id":964,"date":"2024-12-19T03:40:23","date_gmt":"2024-12-19T03:40:23","guid":{"rendered":"https:\/\/fmp-components.com\/product\/10044-customized-double-acting-hydraulic-cylinder-welded-tee-cylinder\/"},"modified":"2024-12-19T08:41:41","modified_gmt":"2024-12-19T08:41:41","slug":"10044-customized-double-acting-hydraulic-cylinder-welded-tee-cylinder","status":"publish","type":"product","link":"https:\/\/fmp-components.com\/hu\/product\/10044-customized-double-acting-hydraulic-cylinder-welded-tee-cylinder\/","title":{"rendered":"10044 Testreszabott kett\u0151s m\u0171k\u00f6d\u00e9s\u0171 hidraulikus henger hegesztett p\u00f3l\u00f3henger"},"content":{"rendered":"<p>A 10044-es egyedi, kett\u0151s m\u0171k\u00f6d\u00e9s\u0171, hegesztett T-idom\u00fa hidraulikus henger sokoldal\u00fas\u00e1g\u00e1t \u00e9s szil\u00e1rds\u00e1g\u00e1t szem el\u0151tt tartva tervezt\u00e9k, hogy megfeleljen a k\u00fcl\u00f6nb\u00f6z\u0151 ipar\u00e1gak, t\u00f6bbek k\u00f6z\u00f6tt az \u00e9p\u00edt\u0151ipar, a mez\u0151gazdas\u00e1g \u00e9s a gy\u00e1rt\u00e1s speci\u00e1lis alkalmaz\u00e1si ig\u00e9nyeinek. Ez a hidraulikus henger megb\u00edzhat\u00f3 teljes\u00edtm\u00e9nyt ny\u00fajt robusztus hegesztett konstrukci\u00f3val, biztos\u00edtva a tart\u00f3ss\u00e1got m\u00e9g kih\u00edv\u00e1st jelent\u0151 k\u00f6r\u00fclm\u00e9nyek k\u00f6z\u00f6tt is.<\/p>\n<h4>F\u0151bb jellemz\u0151k:<\/h4>\n<ul>\n<li><strong>Kett\u0151s m\u0171k\u00f6d\u00e9s\u0171 funkci\u00f3<\/strong>Hat\u00e9kony m\u0171k\u00f6d\u00e9st biztos\u00edt mind kiny\u00fajt\u00e1s, mind visszah\u00faz\u00e1s k\u00f6zben, maximaliz\u00e1lva a termel\u00e9kenys\u00e9get a k\u00fcl\u00f6nf\u00e9le feladatok sor\u00e1n.<\/li>\n<li><strong>Testreszabhat\u00f3 diz\u00e1jn<\/strong>K\u00fcl\u00f6nb\u00f6z\u0151 m\u00e9retekben \u00e9s konfigur\u00e1ci\u00f3kban kaphat\u00f3, hogy megfeleljen az adott alkalmaz\u00e1si k\u00f6vetelm\u00e9nyeknek \u00e9s a szerel\u00e9si preferenci\u00e1knak.<\/li>\n<li><strong>Hegesztett szerkezet<\/strong>Er\u0151s hegesztett kialak\u00edt\u00e1s jellemzi, amely fokozza a szerkezeti integrit\u00e1st \u00e9s a kif\u00e1rad\u00e1si ellen\u00e1ll\u00e1st.<\/li>\n<li><strong>Nagy teherb\u00edr\u00e1s<\/strong>K\u00e9pes jelent\u0151s terhek kezel\u00e9s\u00e9re, \u00edgy ide\u00e1lis neh\u00e9z alkalmaz\u00e1sokhoz.<\/li>\n<li><strong>Korr\u00f3zi\u00f3\u00e1ll\u00f3 bevonat<\/strong>V\u00e9d\u0151anyagokkal bevonva a rozsda \u00e9s a korr\u00f3zi\u00f3 megakad\u00e1lyoz\u00e1sa \u00e9rdek\u00e9ben, biztos\u00edtva a hossz\u00fa \u00e9lettartamot \u00e9s a megb\u00edzhat\u00f3s\u00e1got.<\/li>\n<\/ul>\n<p><img decoding=\"async\" src=\"https:\/\/hzpt.com\/wp-content\/uploads\/2023\/12\/random-2.webp\" alt=\"\" title=\"\"><\/p>\n<h4>El\u0151ny\u00f6k:<\/h4>\n<ul>\n<li><strong>Fokozott hat\u00e9konys\u00e1g<\/strong>: N\u00f6veli a m\u0171k\u00f6d\u00e9si hat\u00e9konys\u00e1got az\u00e1ltal, hogy mindk\u00e9t ir\u00e1nyban er\u0151teljes \u00e9s sima mozg\u00e1st biztos\u00edt.<\/li>\n<li><strong>Testreszabott megold\u00e1sok<\/strong>A testreszabhat\u00f3 funkci\u00f3k lehet\u0151v\u00e9 teszik az egyedi alkalmaz\u00e1si k\u00f6vetelm\u00e9nyeknek val\u00f3 megfelel\u00e9st.<\/li>\n<li><strong>Cs\u00f6kkentett karbantart\u00e1s<\/strong>A tart\u00f3s konstrukci\u00f3 minimaliz\u00e1lja a kop\u00e1st, ami id\u0151vel alacsonyabb karbantart\u00e1si k\u00f6lts\u00e9geket eredm\u00e9nyez.<\/li>\n<\/ul>\n<p>A 10044-es t\u00edpus\u00fa, testreszabott, kett\u0151s m\u0171k\u00f6d\u00e9s\u0171, hegesztett T-idom\u00fa hidraulikus henger ide\u00e1lis v\u00e1laszt\u00e1s azok sz\u00e1m\u00e1ra, akik megb\u00edzhat\u00f3 \u00e9s rugalmas hidraulikus megold\u00e1st keresnek. Robusztus kialak\u00edt\u00e1s\u00e1nak \u00e9s testreszab\u00e1si lehet\u0151s\u00e9geinek k\u00f6sz\u00f6nhet\u0151en sz\u00e9les k\u00f6r\u0171 ipari alkalmaz\u00e1sokhoz t\u00f6k\u00e9letes, biztos\u00edtva a m\u0171veletekhez sz\u00fcks\u00e9ges teljes\u00edtm\u00e9nyt.<\/p>\n<p><img decoding=\"async\" class=\"aligncenter\" src=\"https:\/\/hzpt.com\/wp-content\/uploads\/2023\/12\/random-3.webp\" alt=\"\" title=\"\"><\/p>\n<h2>A hegesztett p\u00f3l\u00f3 t\u00edpus\u00fa henger el\u0151nyei<\/h2>\n<ul>\n<li style=\"list-style-type: none;\">\n<ul>\n<li><strong>Megn\u00f6velt er\u0151:<\/strong> A hegesztett T-idom\u00fa hengerek nagy szil\u00e1rds\u00e1gukr\u00f3l ismertek, \u00edgy alkalmasak neh\u00e9z emel\u00e9st ig\u00e9nyl\u0151 alkalmaz\u00e1sokhoz. Az ilyen hengerek gy\u00e1rt\u00e1sa sor\u00e1n alkalmazott hegeszt\u00e9si elj\u00e1r\u00e1s biztos\u00edtja, hogy a henger mentes legyen a gyenge pontokt\u00f3l, \u00e9s ellen\u00e1lljon a nagy nyom\u00e1snak \u00e9s terhel\u00e9snek.<\/li>\n<\/ul>\n<\/li>\n<\/ul>\n<p>Amikor a hengerre nyom\u00e1st gyakorolunk, az egyenletesen oszlik el a teljes fel\u00fcleten, \u00edgy ellen\u00e1ll a deform\u00e1ci\u00f3nak. Ez a tulajdons\u00e1g biztos\u00edtja, hogy a henger extr\u00e9m k\u00f6r\u00fclm\u00e9nyek k\u00f6z\u00f6tt is megtartsa alakj\u00e1t \u00e9s szerkezeti integrit\u00e1s\u00e1t.<\/p>\n<ul>\n<li style=\"list-style-type: none;\">\n<ul>\n<li><strong>Sziv\u00e1rg\u00e1smegel\u0151z\u00e9s:<\/strong> A hegesztett T-idom\u00fa palackokat a sziv\u00e1rg\u00e1s megakad\u00e1lyoz\u00e1s\u00e1ra tervezt\u00e9k. A gy\u00e1rt\u00e1si folyamat sor\u00e1n alkalmazott hegeszt\u00e9si elj\u00e1r\u00e1s biztos\u00edtja, hogy a palack teljesen t\u00f6m\u00edtett \u00e9s mentes legyen minden lehets\u00e9ges sziv\u00e1rg\u00e1st\u00f3l. Ez a tulajdons\u00e1g alkalmass\u00e1 teszi \u0151ket olyan alkalmaz\u00e1sokhoz, ahol a sziv\u00e1rg\u00e1s s\u00falyos k\u00e1rokat vagy s\u00e9r\u00fcl\u00e9seket okozhat.<\/li>\n<\/ul>\n<\/li>\n<\/ul>\n<p>A hegesztett illeszt\u00e9sek sim\u00e1k, reped\u00e9sek vagy hornyok n\u00e9lk\u00fcl, ahol t\u00f6rmel\u00e9k vagy szennyez\u0151d\u00e9s felhalmoz\u00f3dhatna, cs\u00f6kkentve a korr\u00f3zi\u00f3 \u00e9s a henger k\u00e1rosod\u00e1s\u00e1nak kock\u00e1zat\u00e1t.<\/p>\n<ul>\n<li style=\"list-style-type: none;\">\n<ul>\n<li><strong>Testreszabhat\u00f3:<\/strong> A hegesztett T-idom\u00fa hengerek testreszabhat\u00f3k az adott alkalmaz\u00e1sokhoz. A hengerek k\u00fcl\u00f6nb\u00f6z\u0151 m\u00e9retekben \u00e9s form\u00e1kban kaphat\u00f3k, \u00e9s az alkalmaz\u00e1s konkr\u00e9t k\u00f6vetelm\u00e9nyeinek megfelel\u0151en gy\u00e1rthat\u00f3k.<\/li>\n<\/ul>\n<\/li>\n<\/ul>\n<p>A testreszab\u00e1si folyamat lehet\u0151v\u00e9 teszi a henger teljes\u00edtm\u00e9ny\u00e9nek optimaliz\u00e1l\u00e1s\u00e1t, biztos\u00edtva, hogy az megfeleljen a k\u00edv\u00e1nt alkalmaz\u00e1snak. Ez a tulajdons\u00e1g teszi a hegesztett T-idom\u00fa hengereket ide\u00e1liss\u00e1 k\u00fcl\u00f6nf\u00e9le ipari alkalmaz\u00e1sokhoz, bele\u00e9rtve az \u00e9p\u00edt\u0151iparban, a b\u00e1ny\u00e1szatban \u00e9s az anyagmozgat\u00e1sban val\u00f3 haszn\u00e1latra.<\/p>\n<ul>\n<li style=\"list-style-type: none;\">\n<ul>\n<li><strong>K\u00f6lts\u00e9ghat\u00e9kony:<\/strong> A hegesztett T-idom\u00fa hengerek k\u00f6lts\u00e9ghat\u00e9konyabbak m\u00e1s t\u00edpus\u00fa hengerekhez k\u00e9pest. Az ilyen hengerek gy\u00e1rt\u00e1si folyamata egyszer\u0171, \u00edgy olcs\u00f3bbak, mint m\u00e1s t\u00edpus\u00fa hengerek.<\/li>\n<\/ul>\n<\/li>\n<\/ul>\n<p>Tov\u00e1bb\u00e1 a hegesztett T-idom\u00fa hengerek nagy szil\u00e1rds\u00e1ga \u00e9s tart\u00f3ss\u00e1ga cs\u00f6kkenti a gyakori jav\u00edt\u00e1sok \u00e9s cser\u00e9k sz\u00fcks\u00e9gess\u00e9g\u00e9t, \u00edgy megtakar\u00edtva a karbantart\u00e1si k\u00f6lts\u00e9geket. Ez a tulajdons\u00e1g n\u00e9pszer\u0171 v\u00e1laszt\u00e1ss\u00e1 teszi \u0151ket sz\u00e1mos ipar\u00e1gban, k\u00fcl\u00f6n\u00f6sen a korl\u00e1tozott k\u00f6lts\u00e9gvet\u00e9ssel rendelkez\u0151k sz\u00e1m\u00e1ra.<\/p>\n<ul>\n<li style=\"list-style-type: none;\">\n<ul>\n<li><strong>Megn\u00f6velt hat\u00e9konys\u00e1g:<\/strong> A hegesztett T-idom\u00fa hengerek rendk\u00edv\u00fcl hat\u00e9konyak \u00e9s eredm\u00e9nyesek. A henger kialak\u00edt\u00e1sa biztos\u00edtja, hogy az alkalmazott er\u0151 k\u00f6zvetlen\u00fcl a terhel\u00e9sre ker\u00fclj\u00f6n \u00e1t, cs\u00f6kkentve az energiavesztes\u00e9get \u00e9s n\u00f6velve a hat\u00e9konys\u00e1got.<\/li>\n<\/ul>\n<\/li>\n<\/ul>\n<p>A hegesztett k\u00f6t\u00e9sek er\u0151sek \u00e9s merevek, minimaliz\u00e1lj\u00e1k az alakv\u00e1ltoz\u00e1st, \u00e9s biztos\u00edtj\u00e1k, hogy a henger extr\u00e9m k\u00f6r\u00fclm\u00e9nyek k\u00f6z\u00f6tt is megtartsa alakj\u00e1t \u00e9s szerkezeti integrit\u00e1s\u00e1t. Ez a tulajdons\u00e1g ide\u00e1liss\u00e1 teszi a hegesztett T-idom\u00fa hengereket olyan alkalmaz\u00e1sokhoz, amelyek nagy hat\u00e9konys\u00e1got \u00e9s megb\u00edzhat\u00f3s\u00e1got ig\u00e9nyelnek.<\/p>\n<h2>Hegesztett p\u00f3l\u00f3 t\u00edpus\u00fa henger alkalmaz\u00e1sa<\/h2>\n<ul>\n<li>\n<h3>Ipari g\u00e9pek \u00e9s berendez\u00e9sek<\/h3>\n<p>A hegesztett T-idom\u00fa hengereket sz\u00e9les k\u00f6rben haszn\u00e1lj\u00e1k ipari g\u00e9pekben \u00e9s berendez\u00e9sekben, k\u00fcl\u00f6n\u00f6sen hidraulikus rendszerekben. A henger egy dugatty\u00fab\u00f3l \u00e9s egy hengercs\u0151b\u0151l \u00e1ll, amelyeket egyetlen egys\u00e9gg\u00e9 hegesztenek \u00f6ssze. Ez a kialak\u00edt\u00e1s sz\u00e1mos el\u0151nnyel rendelkezik m\u00e1s t\u00edpus\u00fa hengerekkel szemben, p\u00e9ld\u00e1ul jobb tart\u00f3ss\u00e1got, nagyobb szil\u00e1rds\u00e1got \u00e9s nagyobb pontoss\u00e1got.<\/p>\n<p>Az ipari g\u00e9pekben a hegesztett T-idom\u00fa hengerek egyik legfontosabb alkalmaz\u00e1sa az \u00e1lland\u00f3 \u00e9s pontos er\u0151 lead\u00e1sa. Ez sz\u00e1mos gy\u00e1rt\u00e1si folyamatn\u00e1l elengedhetetlen, ahol prec\u00edz szab\u00e1lyoz\u00e1sra van sz\u00fcks\u00e9g a v\u00e9gterm\u00e9k min\u0151s\u00e9g\u00e9nek biztos\u00edt\u00e1s\u00e1hoz. A hegesztett T-idom\u00fa hengerek a hidraulikus rendszerekben a folyad\u00e9kok \u00e1raml\u00e1s\u00e1nak szab\u00e1lyoz\u00e1s\u00e1ra is haszn\u00e1lhat\u00f3k, ami nagyobb hat\u00e9konys\u00e1got \u00e9s megb\u00edzhat\u00f3s\u00e1got tesz lehet\u0151v\u00e9 sz\u00e1mos ipari alkalmaz\u00e1sban.<\/li>\n<li>\n<h3>Mez\u0151gazdas\u00e1gi berendez\u00e9sek<\/h3>\n<p>A hegesztett T-idom\u00fa hengereket gyakran haszn\u00e1lj\u00e1k mez\u0151gazdas\u00e1gi g\u00e9pekben, p\u00e9ld\u00e1ul traktorokban \u00e9s betakar\u00edt\u00f3g\u00e9pekben. Ezeknek a g\u00e9peknek a hat\u00e9kony m\u0171k\u00f6d\u00e9s\u00e9hez nagy teljes\u00edtm\u00e9ny\u0171 \u00e9s megb\u00edzhat\u00f3 hidraulikus rendszerekre van sz\u00fcks\u00e9g\u00fck, \u00e9s a hegesztett T-idom\u00fa henger ide\u00e1lis v\u00e1laszt\u00e1s erre a c\u00e9lra.<\/p>\n<p>A henger massz\u00edv fel\u00e9p\u00edt\u00e9se \u00e9s nagy szil\u00e1rds\u00e1ga rendk\u00edv\u00fcl ellen\u00e1ll\u00f3v\u00e1 teszi a kop\u00e1ssal \u00e9s elhaszn\u00e1l\u00f3d\u00e1ssal szemben, m\u00e9g zord \u00fczemi k\u00f6r\u00fclm\u00e9nyek k\u00f6z\u00f6tt is. Ez ide\u00e1lis v\u00e1laszt\u00e1ss\u00e1 teszi mez\u0151gazdas\u00e1gi berendez\u00e9sekben val\u00f3 haszn\u00e1latra, ahol a tart\u00f3ss\u00e1g kulcsfontoss\u00e1g\u00fa szempont. A hegesztett T-idom\u00fa henger sz\u00e1mos mez\u0151gazdas\u00e1gi folyamathoz, p\u00e9ld\u00e1ul \u00fcltet\u00e9shez, betakar\u00edt\u00e1shoz \u00e9s \u00f6nt\u00f6z\u00e9shez sz\u00fcks\u00e9ges prec\u00edz vez\u00e9rl\u00e9s biztos\u00edt\u00e1s\u00e1ra is haszn\u00e1lhat\u00f3.<\/li>\n<li>\n<h3>\u00c9p\u00edt\u0151ipari berendez\u00e9sek<\/h3>\n<p>A hegesztett T-idom\u00fa hengereket sz\u00e9les k\u00f6rben haszn\u00e1lj\u00e1k \u00e9p\u00edt\u0151ipari berendez\u00e9sekben, p\u00e9ld\u00e1ul kotr\u00f3g\u00e9pekben, kotr\u00f3g\u00e9pekben \u00e9s buld\u00f3zerekben. Ezeknek a g\u00e9peknek nagy teljes\u00edtm\u00e9ny\u0171 \u00e9s megb\u00edzhat\u00f3 hidraulikus rendszerekre van sz\u00fcks\u00e9g\u00fck a neh\u00e9z feladatok, p\u00e9ld\u00e1ul az \u00e1s\u00e1s, emel\u00e9s \u00e9s a neh\u00e9z terhek tol\u00e1sa elv\u00e9gz\u00e9s\u00e9hez.<\/p>\n<p>A hegesztett T-idom\u00fa henger nagy szil\u00e1rds\u00e1ga \u00e9s tart\u00f3ss\u00e1ga ide\u00e1lis v\u00e1laszt\u00e1ss\u00e1 teszi \u00e9p\u00edt\u0151ipari berendez\u00e9sekben val\u00f3 haszn\u00e1latra. A prec\u00edz vez\u00e9rl\u00e9s \u00e9s az \u00e1lland\u00f3 er\u0151 biztos\u00edt\u00e1s\u00e1nak k\u00e9pess\u00e9ge elengedhetetlen sz\u00e1mos \u00e9p\u00edt\u00e9si folyamathoz, p\u00e9ld\u00e1ul f\u00f6ldmunk\u00e1hoz, tereprendez\u00e9shez \u00e9s burkol\u00e1shoz. A hegesztett T-idom\u00fa henger a hidraulikus rendszerekben a folyad\u00e9kok \u00e1raml\u00e1s\u00e1nak szab\u00e1lyoz\u00e1s\u00e1ra is haszn\u00e1lhat\u00f3, jav\u00edtva az \u00e9p\u00edt\u0151ipari berendez\u00e9sek hat\u00e9konys\u00e1g\u00e1t \u00e9s megb\u00edzhat\u00f3s\u00e1g\u00e1t sz\u00e1mos alkalmaz\u00e1sban.<\/li>\n<\/ul>\n<h3>Az FMP-r\u0151l<\/h3>\n<p>Az FMP a hidraulikus hengerek vezet\u0151 gy\u00e1rt\u00f3ja \u00e9s sz\u00e1ll\u00edt\u00f3ja, t\u00f6bb mint 30 \u00e9ves tapasztalattal az ipar\u00e1gban. Olaszorsz\u00e1gban tal\u00e1lhat\u00f3 ipari ter\u00fclet\u00fcnk t\u00f6bb mint 100 korszer\u0171 berendez\u00e9ssel van felszerelve, bele\u00e9rtve az automatikus g\u00e1zv\u00e9d\u0151g\u00e1zas hegeszt\u0151g\u00e9peket, m\u00e9lyf\u00far\u00f3 g\u00e9peket, CNC eszterg\u00e1kat, hengeres k\u00f6sz\u00f6r\u0171ket, automatikus tiszt\u00edt\u00f3g\u00e9peket, automatikus szerel\u0151g\u00e9peket, automatikus hidraulikus henger teljes\u00edtm\u00e9nym\u00e9r\u0151 padokat \u00e9s automatikus fest\u0151sorokat.<\/p>\n<p><img decoding=\"async\" src=\"https:\/\/fmp-components.com\/wp-content\/uploads\/2024\/12\/fmp-factory-4.webp\" alt=\"FMP gy\u00e1r\" width=\"800\" title=\"\"><\/p>\n<p>Hidraulikus hengereinket a legmagasabb szabv\u00e1nyok szerint tervezz\u00fck \u00e9s gy\u00e1rtjuk, \u00edgy biztos\u00edtva \u00fcgyfeleink sz\u00e1m\u00e1ra a kiv\u00e9teles min\u0151s\u00e9get. Sz\u00e9les v\u00e1laszt\u00e9kban k\u00edn\u00e1lunk hidraulikus hengereket, bele\u00e9rtve:<\/p>\n<ol>\n<li style=\"list-style-type: none;\">\n<ol>\n<li>Hidraulikus henger<\/li>\n<\/ol>\n<\/li>\n<\/ol>\n<p>Hidraulikus hengereinket apr\u00f3l\u00e9kosan megmunk\u00e1ljuk \u00e9s ellen\u0151rizz\u00fck a kiv\u00e1l\u00f3 teljes\u00edtm\u00e9ny \u00e9s tart\u00f3ss\u00e1g garant\u00e1l\u00e1sa \u00e9rdek\u00e9ben. \u00dagy tervezt\u00fck \u0151ket, hogy megfeleljenek a k\u00fcl\u00f6nf\u00e9le ipar\u00e1gak v\u00e1ltozatos ig\u00e9nyeinek.<\/p>\n<ol>\n<li style=\"list-style-type: none;\">\n<ol>\n<li>Hidraulikus henger f\u00fclbeval\u00f3 henger<\/li>\n<\/ol>\n<\/li>\n<\/ol>\n<p>Az \u00e1ltalunk gy\u00e1rtott f\u00fclbeval\u00f3 hengerek kifejezetten hat\u00e9kony \u00e9s megb\u00edzhat\u00f3 m\u0171k\u00f6d\u00e9sre lettek tervezve. T\u00f6k\u00e9letesek olyan alkalmaz\u00e1sokhoz, amelyek prec\u00edz vez\u00e9rl\u00e9st \u00e9s stabilit\u00e1st ig\u00e9nyelnek.<\/p>\n<ol>\n<li style=\"list-style-type: none;\">\n<ol>\n<li>K\u00e9tir\u00e1ny\u00fa automatikus teleszk\u00f3pos hidraulikus henger<\/li>\n<\/ol>\n<\/li>\n<\/ol>\n<p>K\u00e9tir\u00e1ny\u00fa, automatikus teleszk\u00f3pos hidraulikus hengereinket a kiv\u00e1l\u00f3 teljes\u00edtm\u00e9ny \u00e9s sokoldal\u00fas\u00e1g jegy\u00e9ben tervezt\u00e9k. Sim\u00e1n kiny\u00falhatnak \u00e9s visszah\u00faz\u00f3dhatnak, \u00edgy biztos\u00edtva az optim\u00e1lis m\u0171k\u00f6d\u00e9st k\u00fcl\u00f6nf\u00e9le k\u00f6rnyezetekben.<\/p>\n<ol>\n<li style=\"list-style-type: none;\">\n<ol>\n<li>Tervez\u00e9si szolg\u00e1ltat\u00e1s<\/li>\n<\/ol>\n<\/li>\n<\/ol>\n<p>Tapasztalt tervez\u0151csapatunkkal \u00e1tfog\u00f3 tervez\u00e9si \u00e9s fejleszt\u00e9si szolg\u00e1ltat\u00e1sokat k\u00edn\u00e1lunk kard\u00e1ntengely-term\u00e9kekhez. Ak\u00e1r \u00faj term\u00e9kekre, ak\u00e1r a megl\u00e9v\u0151k fejleszt\u00e9s\u00e9re van sz\u00fcks\u00e9ge, mi itt vagyunk, hogy t\u00e1mogassuk \u00d6nt a folyamat sor\u00e1n.<\/p>\n<ol>\n<li style=\"list-style-type: none;\">\n<ol>\n<li>Term\u00e9kszolg\u00e1ltat\u00e1s<\/li>\n<\/ol>\n<\/li>\n<\/ol>\n<p>A nyersanyagokt\u00f3l a csomagol\u00e1son \u00e1t a sz\u00e1ll\u00edt\u00e1sig apr\u00f3l\u00e9kosan kezelj\u00fck a gy\u00e1rt\u00e1si folyamat minden l\u00e9p\u00e9s\u00e9t, hogy biztos\u00edtsuk a legmagasabb min\u0151s\u00e9gi szabv\u00e1nyok betart\u00e1s\u00e1t. A kiv\u00e1l\u00f3s\u00e1g ir\u00e1nti elk\u00f6telezetts\u00e9g\u00fcnk minden egyes \u00e1ltalunk sz\u00e1ll\u00edtott hidraulikus hengerben megmutatkozik.<\/p>\n<p>Ezen term\u00e9kek mellett b\u00fcszk\u00e9k vagyunk c\u00e9g\u00fcnk el\u0151nyeire is:<\/p>\n<ol>\n<li style=\"list-style-type: none;\">\n<ol>\n<li>Kiv\u00e1l\u00f3 min\u0151s\u00e9g<\/li>\n<\/ol>\n<\/li>\n<\/ol>\n<p>Hidraulikus hengereinket a legkiv\u00e1l\u00f3bb min\u0151s\u00e9g\u0171 anyagokb\u00f3l gy\u00e1rtjuk, \u00e9s szigor\u00fa megmunk\u00e1l\u00e1son \u00e9s ellen\u0151rz\u00e9sen esnek \u00e1t a kiv\u00e9teles min\u0151s\u00e9g \u00e9s megb\u00edzhat\u00f3s\u00e1g biztos\u00edt\u00e1sa \u00e9rdek\u00e9ben.<\/p>\n<ol>\n<li style=\"list-style-type: none;\">\n<ol>\n<li>Testreszab\u00e1s<\/li>\n<\/ol>\n<\/li>\n<\/ol>\n<p>Hidraulikus hengerek testreszab\u00e1s\u00e1ra szakosodtunk, hogy megfeleljenek az egyedi ig\u00e9nyeknek. Ak\u00e1r egyedi m\u00e9retre, ak\u00e1r speci\u00e1lis funkci\u00f3kra van sz\u00fcks\u00e9ge, term\u00e9keinket pontosan az \u00d6n ig\u00e9nyeihez tudjuk igaz\u00edtani.<\/p>\n<ol>\n<li style=\"list-style-type: none;\">\n<ol>\n<li>Folyamatos fejleszt\u00e9s<\/li>\n<\/ol>\n<\/li>\n<\/ol>\n<p>Ahogy \u00faj piaci ig\u00e9nyek mer\u00fclnek fel, akt\u00edvan r\u00e9szt vesz\u00fcnk a kutat\u00e1s-fejleszt\u00e9sben, hogy az innov\u00e1ci\u00f3 \u00e9lvonal\u00e1ban maradhassunk. Ez lehet\u0151v\u00e9 teszi sz\u00e1munkra, hogy folyamatosan fejlessz\u00fck term\u00e9keinket \u00e9s \u00e9lvonalbeli megold\u00e1sokat k\u00edn\u00e1ljunk \u00fcgyfeleinknek.<\/p>\n<ol>\n<li style=\"list-style-type: none;\">\n<ol>\n<li>Hat\u00e9kony mintav\u00e9teli folyamat<\/li>\n<\/ol>\n<\/li>\n<\/ol>\n<p>Meg\u00e9rtj\u00fck a mint\u00e1k fontoss\u00e1g\u00e1t a megalapozott d\u00f6nt\u00e9sek meghozatal\u00e1ban. Elk\u00f6telezett csapatunk az \u00d6n ig\u00e9nyei szerint fejleszti ki a mint\u00e1kat, \u00e9s folyamatosan m\u00f3dos\u00edtja azokat, hogy megfeleljenek az \u00d6n egyedi ig\u00e9nyeinek.<\/p>\n<ol>\n<li style=\"list-style-type: none;\">\n<ol>\n<li>Megb\u00edzhat\u00f3 \u00fcgyf\u00e9lszolg\u00e1lat<\/li>\n<\/ol>\n<\/li>\n<\/ol>\n<p>Az FMP-n\u00e9l arra t\u00f6reksz\u00fcnk, hogy kiv\u00e9teles \u00fcgyf\u00e9lszolg\u00e1latot ny\u00fajtsunk. Csapatunk mindig k\u00e9szen \u00e1ll, hogy seg\u00edtsen \u00d6nnek, legyen sz\u00f3 ak\u00e1r k\u00e9rd\u00e9sek megv\u00e1laszol\u00e1s\u00e1r\u00f3l, technikai t\u00e1mogat\u00e1s ny\u00fajt\u00e1s\u00e1r\u00f3l, vagy megrendel\u00e9seivel kapcsolatos naprak\u00e9sz t\u00e1j\u00e9koztat\u00e1sr\u00f3l.<\/p>\n<p>Kiv\u00e1l\u00f3 min\u0151s\u00e9g\u0171 hidraulikus hengerek\u00e9rt \u00e9s kiv\u00e1l\u00f3 \u00fcgyf\u00e9lszolg\u00e1lat\u00e9rt v\u00e1lassza az FMP-t. L\u00e9pjen kapcsolatba vel\u00fcnk m\u00e9g ma, hogy megbesz\u00e9lhess\u00fck az \u00d6n egyedi ig\u00e9nyeit, \u00e9s megtudja, hogyan tudjuk kiel\u00e9g\u00edteni hidraulikus hengerekkel kapcsolatos ig\u00e9nyeit.<\/p>\n<p>Szerz\u0151: CX<\/p>","protected":false},"excerpt":{"rendered":"<p>The 10044 Customized Double Acting Hydraulic Cylinder Welded Tee Cylinder is engineered for versatility and strength, tailored to meet specific application needs in various industries, including construction, agriculture, and manufacturing. This hydraulic cylinder is designed to deliver reliable performance with a robust welded construction, ensuring durability even under challenging conditions. Key Features: Double Acting Functionality: [&hellip;]<\/p>","protected":false},"featured_media":1133,"comment_status":"closed","ping_status":"closed","template":"","meta":{"_et_pb_use_builder":"","_et_pb_old_content":"","_et_gb_content_width":""},"product_brand":[],"product_cat":[31],"product_tag":[34,35],"class_list":{"0":"post-964","1":"product","2":"type-product","3":"status-publish","4":"has-post-thumbnail","6":"product_cat-welded-tee-type-cylinder","7":"product_tag-hydraulic-cylinder","8":"product_tag-welded-tee-type-cylinder","10":"first","11":"instock","12":"product-type-simple"},"_links":{"self":[{"href":"https:\/\/fmp-components.com\/hu\/wp-json\/wp\/v2\/product\/964","targetHints":{"allow":["GET"]}}],"collection":[{"href":"https:\/\/fmp-components.com\/hu\/wp-json\/wp\/v2\/product"}],"about":[{"href":"https:\/\/fmp-components.com\/hu\/wp-json\/wp\/v2\/types\/product"}],"replies":[{"embeddable":true,"href":"https:\/\/fmp-components.com\/hu\/wp-json\/wp\/v2\/comments?post=964"}],"wp:featuredmedia":[{"embeddable":true,"href":"https:\/\/fmp-components.com\/hu\/wp-json\/wp\/v2\/media\/1133"}],"wp:attachment":[{"href":"https:\/\/fmp-components.com\/hu\/wp-json\/wp\/v2\/media?parent=964"}],"wp:term":[{"taxonomy":"product_brand","embeddable":true,"href":"https:\/\/fmp-components.com\/hu\/wp-json\/wp\/v2\/product_brand?post=964"},{"taxonomy":"product_cat","embeddable":true,"href":"https:\/\/fmp-components.com\/hu\/wp-json\/wp\/v2\/product_cat?post=964"},{"taxonomy":"product_tag","embeddable":true,"href":"https:\/\/fmp-components.com\/hu\/wp-json\/wp\/v2\/product_tag?post=964"}],"curies":[{"name":"munkaf\u00fczet","href":"https:\/\/api.w.org\/{rel}","templated":true}]}}