{"id":960,"date":"2024-12-19T03:40:23","date_gmt":"2024-12-19T03:40:23","guid":{"rendered":"https:\/\/fmp-components.com\/product\/10040-professional-small-piston-hydraulic-cylinders-for-agriculture\/"},"modified":"2024-12-19T08:39:23","modified_gmt":"2024-12-19T08:39:23","slug":"10040-professional-small-piston-hydraulic-cylinders-for-agriculture","status":"publish","type":"product","link":"https:\/\/fmp-components.com\/hu\/product\/10040-professional-small-piston-hydraulic-cylinders-for-agriculture\/","title":{"rendered":"10040 Professzion\u00e1lis kis dugatty\u00fas hidraulikus hengerek mez\u0151gazdas\u00e1ghoz"},"content":{"rendered":"<p>A 10040-es professzion\u00e1lis kisdugatty\u00fas hidraulikus munkahengereket mez\u0151gazdas\u00e1gi alkalmaz\u00e1sokhoz tervezt\u00e9k, megb\u00edzhat\u00f3 teljes\u00edtm\u00e9nyt \u00e9s tart\u00f3ss\u00e1got k\u00edn\u00e1lva. Ezek a hidraulikus munkahengerek hat\u00e9konyan emelik, tolj\u00e1k \u00e9s h\u00fazz\u00e1k a neh\u00e9z terheket, \u00edgy ide\u00e1lisak k\u00fcl\u00f6nf\u00e9le mez\u0151gazdas\u00e1gi berendez\u00e9sekhez, bele\u00e9rtve a traktorokat, betakar\u00edt\u00f3g\u00e9peket \u00e9s egy\u00e9b g\u00e9peket.<\/p>\n<h4>F\u0151bb jellemz\u0151k:<\/h4>\n<ul>\n<li><strong>Kompakt kialak\u00edt\u00e1s<\/strong>A kis dugatty\u00fam\u00e9ret lehet\u0151v\u00e9 teszi a k\u00f6nny\u0171 integr\u00e1ci\u00f3t sz\u0171k helyekre, mik\u00f6zben meg\u0151rzi a robusztus emel\u00e9si k\u00e9pess\u00e9get.<\/li>\n<li><strong>Nagy hat\u00e9konys\u00e1g<\/strong>: \u00dagy tervezt\u00e9k, hogy optimaliz\u00e1lja a hidraulikafolyad\u00e9k \u00e1raml\u00e1s\u00e1t, biztos\u00edtva a z\u00f6kken\u0151mentes \u00e9s hat\u00e9kony m\u0171k\u00f6d\u00e9st.<\/li>\n<li><strong>Tart\u00f3s konstrukci\u00f3<\/strong>Kiv\u00e1l\u00f3 min\u0151s\u00e9g\u0171 anyagokb\u00f3l k\u00e9sz\u00fclt, amelyek ellen\u00e1llnak a kop\u00e1snak \u00e9s a szakad\u00e1snak, \u00edgy biztos\u00edtva a hossz\u00fa \u00e9lettartamot m\u00e9g neh\u00e9z k\u00f6r\u00fclm\u00e9nyek k\u00f6z\u00f6tt is.<\/li>\n<li><strong>Sokoldal\u00fa alkalmaz\u00e1sok<\/strong>Sz\u00e9les k\u00f6r\u0171 mez\u0151gazdas\u00e1gi feladatokra alkalmas, a munkag\u00e9pek emel\u00e9s\u00e9t\u0151l a hidraulikus rendszerek meghajt\u00e1s\u00e1ig.<\/li>\n<li><strong>K\u00f6nny\u0171 telep\u00edt\u00e9s<\/strong>Felhaszn\u00e1l\u00f3bar\u00e1t kialak\u00edt\u00e1s \u00e9s egyszer\u0171 r\u00f6gz\u00edt\u00e9si lehet\u0151s\u00e9gek a probl\u00e9mamentes be\u00e1ll\u00edt\u00e1s \u00e9rdek\u00e9ben.<\/li>\n<\/ul>\n<p><img decoding=\"async\" src=\"https:\/\/hzpt.com\/wp-content\/uploads\/2023\/12\/random-1.webp?v=1694163707\" alt=\"\" title=\"\"><\/p>\n<h4>El\u0151ny\u00f6k:<\/h4>\n<ul>\n<li><strong>Megn\u00f6vekedett termel\u00e9kenys\u00e9g<\/strong>: A mez\u0151gazdas\u00e1gi feladatok m\u0171k\u00f6d\u00e9si hat\u00e9konys\u00e1g\u00e1nak n\u00f6vel\u00e9se.<\/li>\n<li><strong>K\u00f6lts\u00e9ghat\u00e9kony<\/strong>Tart\u00f3s kialak\u00edt\u00e1s\u00e1nak k\u00f6sz\u00f6nhet\u0151en cs\u00f6kkenti a karbantart\u00e1si ig\u00e9nyt.<\/li>\n<li><strong>Biztons\u00e1gi funkci\u00f3k<\/strong>Biztons\u00e1gi mechanizmusokat tartalmaz a t\u00falterhel\u00e9s megakad\u00e1lyoz\u00e1sa \u00e9s a biztons\u00e1gos m\u0171k\u00f6d\u00e9s biztos\u00edt\u00e1sa \u00e9rdek\u00e9ben.<\/li>\n<\/ul>\n<p>Ezek a hidraulikus munkahengerek elengedhetetlen alkot\u00f3elemei a modern mez\u0151gazdas\u00e1gi gyakorlatoknak, biztos\u00edtva a sikeres mez\u0151gazdas\u00e1gi m\u0171veletekhez sz\u00fcks\u00e9ges teljes\u00edtm\u00e9nyt \u00e9s megb\u00edzhat\u00f3s\u00e1got.<\/p>\n<h2>A hegesztett p\u00f3l\u00f3 t\u00edpus\u00fa henger el\u0151nyei<\/h2>\n<ul>\n<li style=\"list-style-type: none;\">\n<ul>\n<li><strong>Megn\u00f6velt er\u0151:<\/strong> A hegesztett T-idom\u00fa hengerek nagy szil\u00e1rds\u00e1gukr\u00f3l ismertek, \u00edgy alkalmasak neh\u00e9z emel\u00e9st ig\u00e9nyl\u0151 alkalmaz\u00e1sokhoz. Az ilyen hengerek gy\u00e1rt\u00e1sa sor\u00e1n alkalmazott hegeszt\u00e9si elj\u00e1r\u00e1s biztos\u00edtja, hogy a henger mentes legyen a gyenge pontokt\u00f3l, \u00e9s ellen\u00e1lljon a nagy nyom\u00e1snak \u00e9s terhel\u00e9snek.<\/li>\n<\/ul>\n<\/li>\n<\/ul>\n<p>Amikor a hengerre nyom\u00e1st gyakorolunk, az egyenletesen oszlik el a teljes fel\u00fcleten, \u00edgy ellen\u00e1ll a deform\u00e1ci\u00f3nak. Ez a tulajdons\u00e1g biztos\u00edtja, hogy a henger extr\u00e9m k\u00f6r\u00fclm\u00e9nyek k\u00f6z\u00f6tt is megtartsa alakj\u00e1t \u00e9s szerkezeti integrit\u00e1s\u00e1t.<\/p>\n<ul>\n<li style=\"list-style-type: none;\">\n<ul>\n<li><strong>Sziv\u00e1rg\u00e1smegel\u0151z\u00e9s:<\/strong> A hegesztett T-idom\u00fa palackokat a sziv\u00e1rg\u00e1s megakad\u00e1lyoz\u00e1s\u00e1ra tervezt\u00e9k. A gy\u00e1rt\u00e1si folyamat sor\u00e1n alkalmazott hegeszt\u00e9si elj\u00e1r\u00e1s biztos\u00edtja, hogy a palack teljesen t\u00f6m\u00edtett \u00e9s mentes legyen minden lehets\u00e9ges sziv\u00e1rg\u00e1st\u00f3l. Ez a tulajdons\u00e1g alkalmass\u00e1 teszi \u0151ket olyan alkalmaz\u00e1sokhoz, ahol a sziv\u00e1rg\u00e1s s\u00falyos k\u00e1rokat vagy s\u00e9r\u00fcl\u00e9seket okozhat.<\/li>\n<\/ul>\n<\/li>\n<\/ul>\n<p>A hegesztett illeszt\u00e9sek sim\u00e1k, reped\u00e9sek vagy hornyok n\u00e9lk\u00fcl, ahol t\u00f6rmel\u00e9k vagy szennyez\u0151d\u00e9s felhalmoz\u00f3dhatna, cs\u00f6kkentve a korr\u00f3zi\u00f3 \u00e9s a henger k\u00e1rosod\u00e1s\u00e1nak kock\u00e1zat\u00e1t.<\/p>\n<ul>\n<li style=\"list-style-type: none;\">\n<ul>\n<li><strong>Testreszabhat\u00f3:<\/strong> A hegesztett T-idom\u00fa hengerek testreszabhat\u00f3k az adott alkalmaz\u00e1sokhoz. A hengerek k\u00fcl\u00f6nb\u00f6z\u0151 m\u00e9retekben \u00e9s form\u00e1kban kaphat\u00f3k, \u00e9s az alkalmaz\u00e1s konkr\u00e9t k\u00f6vetelm\u00e9nyeinek megfelel\u0151en gy\u00e1rthat\u00f3k.<\/li>\n<\/ul>\n<\/li>\n<\/ul>\n<p>A testreszab\u00e1si folyamat lehet\u0151v\u00e9 teszi a henger teljes\u00edtm\u00e9ny\u00e9nek optimaliz\u00e1l\u00e1s\u00e1t, biztos\u00edtva, hogy az megfeleljen a k\u00edv\u00e1nt alkalmaz\u00e1snak. Ez a tulajdons\u00e1g teszi a hegesztett T-idom\u00fa hengereket ide\u00e1liss\u00e1 k\u00fcl\u00f6nf\u00e9le ipari alkalmaz\u00e1sokhoz, bele\u00e9rtve az \u00e9p\u00edt\u0151iparban, a b\u00e1ny\u00e1szatban \u00e9s az anyagmozgat\u00e1sban val\u00f3 haszn\u00e1latra.<\/p>\n<ul>\n<li style=\"list-style-type: none;\">\n<ul>\n<li><strong>K\u00f6lts\u00e9ghat\u00e9kony:<\/strong> A hegesztett T-idom\u00fa hengerek k\u00f6lts\u00e9ghat\u00e9konyabbak m\u00e1s t\u00edpus\u00fa hengerekhez k\u00e9pest. Az ilyen hengerek gy\u00e1rt\u00e1si folyamata egyszer\u0171, \u00edgy olcs\u00f3bbak, mint m\u00e1s t\u00edpus\u00fa hengerek.<\/li>\n<\/ul>\n<\/li>\n<\/ul>\n<p>Tov\u00e1bb\u00e1 a hegesztett T-idom\u00fa hengerek nagy szil\u00e1rds\u00e1ga \u00e9s tart\u00f3ss\u00e1ga cs\u00f6kkenti a gyakori jav\u00edt\u00e1sok \u00e9s cser\u00e9k sz\u00fcks\u00e9gess\u00e9g\u00e9t, \u00edgy megtakar\u00edtva a karbantart\u00e1si k\u00f6lts\u00e9geket. Ez a tulajdons\u00e1g n\u00e9pszer\u0171 v\u00e1laszt\u00e1ss\u00e1 teszi \u0151ket sz\u00e1mos ipar\u00e1gban, k\u00fcl\u00f6n\u00f6sen a korl\u00e1tozott k\u00f6lts\u00e9gvet\u00e9ssel rendelkez\u0151k sz\u00e1m\u00e1ra.<\/p>\n<ul>\n<li style=\"list-style-type: none;\">\n<ul>\n<li><strong>Megn\u00f6velt hat\u00e9konys\u00e1g:<\/strong> A hegesztett T-idom\u00fa hengerek rendk\u00edv\u00fcl hat\u00e9konyak \u00e9s eredm\u00e9nyesek. A henger kialak\u00edt\u00e1sa biztos\u00edtja, hogy az alkalmazott er\u0151 k\u00f6zvetlen\u00fcl a terhel\u00e9sre ker\u00fclj\u00f6n \u00e1t, cs\u00f6kkentve az energiavesztes\u00e9get \u00e9s n\u00f6velve a hat\u00e9konys\u00e1got.<\/li>\n<\/ul>\n<\/li>\n<\/ul>\n<p>A hegesztett k\u00f6t\u00e9sek er\u0151sek \u00e9s merevek, minimaliz\u00e1lj\u00e1k az alakv\u00e1ltoz\u00e1st, \u00e9s biztos\u00edtj\u00e1k, hogy a henger extr\u00e9m k\u00f6r\u00fclm\u00e9nyek k\u00f6z\u00f6tt is megtartsa alakj\u00e1t \u00e9s szerkezeti integrit\u00e1s\u00e1t. Ez a tulajdons\u00e1g ide\u00e1liss\u00e1 teszi a hegesztett T-idom\u00fa hengereket olyan alkalmaz\u00e1sokhoz, amelyek nagy hat\u00e9konys\u00e1got \u00e9s megb\u00edzhat\u00f3s\u00e1got ig\u00e9nyelnek.<\/p>\n<p><img decoding=\"async\" class=\"aligncenter\" src=\"https:\/\/hzpt.com\/wp-content\/uploads\/2023\/12\/random-4.webp\" alt=\"\" title=\"\"><\/p>\n<h2>Hegesztett p\u00f3l\u00f3 t\u00edpus\u00fa henger alkalmaz\u00e1sa<\/h2>\n<ol>\n<li>\n<h3>Aut\u00f3ipar<\/h3>\n<p>A hegesztett T-idom\u00fa hengereket sz\u00e9les k\u00f6rben haszn\u00e1lj\u00e1k az aut\u00f3iparban. Aut\u00f3ajt\u00f3kban, motorh\u00e1ztet\u0151- \u00e9s csomagtart\u00f3-emel\u0151kben, kabri\u00f3tet\u0151kben \u00e9s szervokorm\u00e1nyrendszerekben haszn\u00e1lj\u00e1k \u0151ket. Ezeket a hengereket az\u00e9rt r\u00e9szes\u00edtik el\u0151nyben, mert alacsony helyig\u00e9ny mellett nagy er\u0151t tudnak leadni. A T-idom\u00fa henger kialak\u00edt\u00e1sa j\u00f3l alkalmazhat\u00f3 olyan alkalmaz\u00e1sokban, ahol az er\u0151t k\u00e9t k\u00fcl\u00f6nb\u00f6z\u0151 ir\u00e1nyba kell tov\u00e1bb\u00edtani.<\/p>\n<p>Tov\u00e1bb\u00e1, ezeknek a hengereknek a hegesztett konstrukci\u00f3ja lehet\u0151v\u00e9 teszi, hogy magas h\u0151m\u00e9rs\u00e9kleten \u00e9s nyom\u00e1son sziv\u00e1rg\u00e1s n\u00e9lk\u00fcl m\u0171k\u00f6djenek. Ez alkalmass\u00e1 teszi \u0151ket motorokban, sebess\u00e9gv\u00e1lt\u00f3kban \u00e9s f\u00e9krendszerekben val\u00f3 haszn\u00e1latra.<\/li>\n<li>\n<h3>Feldolgoz\u00f3 ipar<\/h3>\n<p>A hegesztett T-idom\u00fa hengereket a gy\u00e1rt\u00f3iparban is haszn\u00e1lj\u00e1k. Hidraulikus pr\u00e9sekben, kov\u00e1csol\u00f3g\u00e9pekben \u00e9s f\u00e9mv\u00e1g\u00f3 g\u00e9pekben haszn\u00e1lj\u00e1k \u0151ket. Ezeknek a hengereknek a nagy er\u0151teljes\u00edtm\u00e9nye ide\u00e1liss\u00e1 teszi \u0151ket olyan alkalmaz\u00e1sokhoz, ahol nagy er\u0151re van sz\u00fcks\u00e9g kis t\u00e9rben.<\/p>\n<p>A T-idom\u00fa henger kialak\u00edt\u00e1sa j\u00f3l alkalmazhat\u00f3 olyan alkalmaz\u00e1sokhoz is, ahol az er\u0151t k\u00e9t k\u00fcl\u00f6nb\u00f6z\u0151 ir\u00e1nyba kell \u00e1tvinni. P\u00e9ld\u00e1ul egy hidraulikus pr\u00e9sben a T-idom\u00fa henger f\u00fcgg\u0151leges \u00e9s v\u00edzszintes er\u0151 kifejt\u00e9s\u00e9re is haszn\u00e1lhat\u00f3, ami \u00f6sszetettebb gy\u00e1rt\u00e1si folyamatokat tesz lehet\u0151v\u00e9.<\/li>\n<li>\n<h3>Rep\u00fcl\u0151ipar<\/h3>\n<p>A hegesztett T-idom\u00fa hengereket a rep\u00fcl\u0151g\u00e9piparban sz\u00e1mos alkalmaz\u00e1sra haszn\u00e1lj\u00e1k. Fut\u00f3m\u0171-rendszerekben, rakt\u00e9rajt\u00f3kban \u00e9s rep\u00fcl\u00e9sir\u00e1ny\u00edt\u00f3 rendszerekben haszn\u00e1lj\u00e1k \u0151ket. Nagy er\u0151teljes\u00edtm\u00e9ny\u00fck \u00e9s kompakt kialak\u00edt\u00e1suk ide\u00e1liss\u00e1 teszi \u0151ket a rep\u00fcl\u0151g\u00e9peken rendelkez\u00e9sre \u00e1ll\u00f3 korl\u00e1tozott helyeken val\u00f3 haszn\u00e1latra.<\/p>\n<p>Ezeknek a hengereknek a hegesztett konstrukci\u00f3ja ellen\u00e1ll\u00f3v\u00e1 teszi \u0151ket a rep\u00fcl\u00e9s sor\u00e1n fell\u00e9p\u0151 magas nyom\u00e1ssal \u00e9s h\u0151m\u00e9rs\u00e9klettel szemben. Ezenk\u00edv\u00fcl a T-idom\u00fa henger kialak\u00edt\u00e1sa lehet\u0151v\u00e9 teszi az er\u0151 k\u00e9t k\u00fcl\u00f6nb\u00f6z\u0151 ir\u00e1nyba t\u00f6rt\u00e9n\u0151 \u00e1tvitel\u00e9t, \u00edgy j\u00f3l alkalmazhat\u00f3 olyan alkalmaz\u00e1sokhoz, ahol az er\u0151t sz\u00f6gben kell kifejteni.<\/li>\n<li>\n<h3>\u00c9p\u00edt\u0151ipar<\/h3>\n<p>A hegesztett T-idom\u00fa munkahengereket az \u00e9p\u00edt\u0151iparban haszn\u00e1lj\u00e1k neh\u00e9z emel\u00e9si \u00e9s mozgat\u00e1si alkalmaz\u00e1sokhoz. Darukban, kotr\u00f3g\u00e9pekben \u00e9s kotr\u00f3g\u00e9pekben haszn\u00e1lj\u00e1k \u0151ket. Nagy er\u0151teljes\u00edtm\u00e9ny\u00fck \u00e9s kompakt kialak\u00edt\u00e1suk ide\u00e1liss\u00e1 teszi \u0151ket az \u00e9p\u00edtkez\u00e9seken rendelkez\u00e9sre \u00e1ll\u00f3 korl\u00e1tozott helyeken val\u00f3 haszn\u00e1latra.<\/p>\n<p>A T-idom\u00fa henger kialak\u00edt\u00e1sa lehet\u0151v\u00e9 teszi az er\u0151 k\u00e9t k\u00fcl\u00f6nb\u00f6z\u0151 ir\u00e1nyba t\u00f6rt\u00e9n\u0151 \u00e1tvitel\u00e9t, \u00edgy j\u00f3l alkalmazhat\u00f3 olyan alkalmaz\u00e1sokhoz, ahol az er\u0151t sz\u00f6gben kell kifejteni. Ezenk\u00edv\u00fcl ezeknek a hengereknek a hegesztett konstrukci\u00f3ja lehet\u0151v\u00e9 teszi, hogy nagy nyom\u00e1son \u00e9s h\u0151m\u00e9rs\u00e9kleten sziv\u00e1rg\u00e1s n\u00e9lk\u00fcl m\u0171k\u00f6djenek, \u00edgy alkalmasak zord k\u00fclt\u00e9ri k\u00f6rnyezetben val\u00f3 haszn\u00e1latra.<\/li>\n<\/ol>\n<h3>Az FMP-r\u0151l<\/h3>\n<p>Az FMP a hidraulikus hengerek vezet\u0151 gy\u00e1rt\u00f3ja \u00e9s sz\u00e1ll\u00edt\u00f3ja, t\u00f6bb mint 30 \u00e9ves tapasztalattal az ipar\u00e1gban. Ipari ter\u00fclet\u00fcnk Olaszorsz\u00e1gban tal\u00e1lhat\u00f3, \u00e9s t\u00f6bb mint 100 berendez\u00e9ssel rendelkez\u00fcnk, hogy biztos\u00edtsuk a kiv\u00e1l\u00f3 min\u0151s\u00e9g\u0171 term\u00e9keket \u00e9s az id\u0151ben t\u00f6rt\u00e9n\u0151 sz\u00e1ll\u00edt\u00e1st \u00fcgyfeleink sz\u00e1m\u00e1ra.<\/p>\n<h4>Term\u00e9keink \u00e9s c\u00e9g\u00fcnk el\u0151nyei<\/h4>\n<p>1. Sz\u00e9les hidraulikus hengerv\u00e1laszt\u00e9k<\/p>\n<p>Hidraulikus hengereink k\u00f6z\u00f6tt f\u00fclbeval\u00f3 hengerek, k\u00e9tir\u00e1ny\u00fa automata teleszk\u00f3pos hidraulikus hengerek \u00e9s sok m\u00e1s t\u00edpus is tal\u00e1lhat\u00f3. Minden egyes hidraulikus henger szigor\u00fa megmunk\u00e1l\u00e1son \u00e9s ellen\u0151rz\u00e9sen megy kereszt\u00fcl a min\u0151s\u00e9g garant\u00e1l\u00e1sa \u00e9rdek\u00e9ben.<\/p>\n<p><img decoding=\"async\" src=\"https:\/\/fmp-components.com\/wp-content\/uploads\/2024\/12\/fmp-factory-4.webp\" alt=\"FMP gy\u00e1r\" width=\"800\" title=\"\"><\/p>\n<p>2. Tervez\u00e9si szolg\u00e1ltat\u00e1s<\/p>\n<p>Tervez\u0151csapatunk gazdag tapasztalattal rendelkezik a kard\u00e1ntengelyek term\u00e9ktervez\u00e9s\u00e9ben \u00e9s fejleszt\u00e9s\u00e9ben. K\u00e9pesek vagyunk kiel\u00e9g\u00edteni az \u00fcgyfelek \u00faj term\u00e9kekkel vagy tov\u00e1bbi fejleszt\u00e9sekkel kapcsolatos ig\u00e9nyeit.<\/p>\n<p>3. \u00c1tfog\u00f3 term\u00e9kszolg\u00e1ltat\u00e1s<\/p>\n<p>\u00c1tfog\u00f3 term\u00e9kszolg\u00e1ltat\u00e1st ny\u00fajtunk, az alapanyagokt\u00f3l a v\u00e1g\u00e1son, durva megmunk\u00e1l\u00e1son, tesztel\u00e9sen, tiszt\u00edt\u00e1son, \u00f6sszeszerel\u00e9sen, csomagol\u00e1son \u00e9s sz\u00e1ll\u00edt\u00e1son \u00e1t. Ez biztos\u00edtja, hogy \u00fcgyfeleink megb\u00edzhat\u00f3 \u00e9s min\u0151s\u00e9gi term\u00e9ket kapjanak.<\/p>\n<p>4. Mintav\u00e9teli folyamat<\/p>\n<p>Mint\u00e1kat tudunk k\u00e9sz\u00edteni az \u00d6n ig\u00e9nyei szerint, \u00e9s azokat folyamatosan m\u00f3dos\u00edtjuk, hogy megfeleljenek az \u00d6n ig\u00e9nyeinek. Ez lehet\u0151s\u00e9get ad arra, hogy teljes m\u00e9rt\u00e9kben ki\u00e9rt\u00e9kelje a term\u00e9ket a v\u00e1s\u00e1rl\u00e1s el\u0151tt.<\/p>\n<p>5. K+F k\u00e9pess\u00e9g<\/p>\n<p>C\u00e9g\u00fcnk elk\u00f6telezett a folyamatos fejleszt\u00e9s \u00e9s innov\u00e1ci\u00f3 ir\u00e1nt. Amikor \u00faj ig\u00e9nyek mer\u00fclnek fel a piacon, azokat megvizsg\u00e1ljuk, \u00e9s \u00faj modelleket fejleszt\u00fcnk ki \u00fcgyfeleink ig\u00e9nyeinek kiel\u00e9g\u00edt\u00e9s\u00e9re.<\/p>\n<p>Az FMP-vel val\u00f3 partners\u00e9g azt jelenti, hogy egy megb\u00edzhat\u00f3 \u00e9s min\u0151s\u00e9gorient\u00e1lt besz\u00e1ll\u00edt\u00f3val dolgozunk. Elk\u00f6telezettek vagyunk az ir\u00e1nt, hogy \u00fcgyfeleinknek a lehet\u0151 legjobb term\u00e9keket \u00e9s szolg\u00e1ltat\u00e1sokat ny\u00fajtsuk, hogy seg\u00edts\u00fck \u0151ket \u00fczleti sikereikben.<\/p>\n<p>Szerz\u0151: CX<\/p>","protected":false},"excerpt":{"rendered":"<p>The 10040 Professional Small Piston Hydraulic Cylinders are engineered for agricultural applications, offering reliable performance and durability. These hydraulic cylinders are designed to efficiently lift, push, and pull heavy loads, making them ideal for various farming equipment, including tractors, harvesters, and other machinery. Key Features: Compact Design: The small piston size allows for easy integration [&hellip;]<\/p>","protected":false},"featured_media":1133,"comment_status":"closed","ping_status":"closed","template":"","meta":{"_et_pb_use_builder":"","_et_pb_old_content":"","_et_gb_content_width":""},"product_brand":[],"product_cat":[31],"product_tag":[34,35],"class_list":{"0":"post-960","1":"product","2":"type-product","3":"status-publish","4":"has-post-thumbnail","6":"product_cat-welded-tee-type-cylinder","7":"product_tag-hydraulic-cylinder","8":"product_tag-welded-tee-type-cylinder","10":"first","11":"instock","12":"product-type-simple"},"_links":{"self":[{"href":"https:\/\/fmp-components.com\/hu\/wp-json\/wp\/v2\/product\/960","targetHints":{"allow":["GET"]}}],"collection":[{"href":"https:\/\/fmp-components.com\/hu\/wp-json\/wp\/v2\/product"}],"about":[{"href":"https:\/\/fmp-components.com\/hu\/wp-json\/wp\/v2\/types\/product"}],"replies":[{"embeddable":true,"href":"https:\/\/fmp-components.com\/hu\/wp-json\/wp\/v2\/comments?post=960"}],"wp:featuredmedia":[{"embeddable":true,"href":"https:\/\/fmp-components.com\/hu\/wp-json\/wp\/v2\/media\/1133"}],"wp:attachment":[{"href":"https:\/\/fmp-components.com\/hu\/wp-json\/wp\/v2\/media?parent=960"}],"wp:term":[{"taxonomy":"product_brand","embeddable":true,"href":"https:\/\/fmp-components.com\/hu\/wp-json\/wp\/v2\/product_brand?post=960"},{"taxonomy":"product_cat","embeddable":true,"href":"https:\/\/fmp-components.com\/hu\/wp-json\/wp\/v2\/product_cat?post=960"},{"taxonomy":"product_tag","embeddable":true,"href":"https:\/\/fmp-components.com\/hu\/wp-json\/wp\/v2\/product_tag?post=960"}],"curies":[{"name":"munkaf\u00fczet","href":"https:\/\/api.w.org\/{rel}","templated":true}]}}