{"id":959,"date":"2024-12-19T03:39:43","date_gmt":"2024-12-19T03:39:43","guid":{"rendered":"https:\/\/fmp-components.com\/product\/10039-china-factory-supply-trailer-hydraulic-cylinder-for-sale\/"},"modified":"2024-12-26T08:59:32","modified_gmt":"2024-12-26T08:59:32","slug":"10039-italy-factory-supply-trailer-hydraulic-cylinder-for-sale","status":"publish","type":"product","link":"https:\/\/fmp-components.com\/hu\/product\/10039-italy-factory-supply-trailer-hydraulic-cylinder-for-sale\/","title":{"rendered":"10039 Olaszorsz\u00e1g gy\u00e1ri besz\u00e1ll\u00edt\u00f3i p\u00f3tkocsi hidraulikus henger elad\u00f3"},"content":{"rendered":"<p>Az 10039-es olasz gy\u00e1rilag sz\u00e1ll\u00edtott p\u00f3tkocsi hidraulikus hengert optim\u00e1lis teljes\u00edtm\u00e9nyre tervezt\u00e9k p\u00f3tkocsis alkalmaz\u00e1sokban, megb\u00edzhat\u00f3 emel\u00e9si \u00e9s s\u00fcllyeszt\u00e9si k\u00e9pess\u00e9geket biztos\u00edtva. A precizit\u00e1st \u00e9s a min\u0151s\u00e9get szem el\u0151tt tartva gy\u00e1rtott hidraulikus henger n\u00e9lk\u00fcl\u00f6zhetetlen alkatr\u00e9sz a k\u00fcl\u00f6nf\u00e9le p\u00f3tkocsi t\u00edpusok funkcionalit\u00e1s\u00e1nak jav\u00edt\u00e1s\u00e1hoz.<\/p>\n<h4>F\u0151bb jellemz\u0151k:<\/h4>\n<ul>\n<li><strong>Kiv\u00e1l\u00f3 min\u0151s\u00e9g\u0171 kivitelez\u00e9s:<\/strong><br \/>\nA tart\u00f3s anyagokb\u00f3l k\u00e9sz\u00fclt 10039-es hidraulikus hengert \u00fagy tervezt\u00e9k, hogy ellen\u00e1lljon a p\u00f3tkocsik \u00fczemeltet\u00e9s\u00e9nek neh\u00e9z k\u00f6r\u00fclm\u00e9nyeinek. Robusztus kialak\u00edt\u00e1sa hossz\u00fa t\u00e1v\u00fa megb\u00edzhat\u00f3s\u00e1got \u00e9s teljes\u00edtm\u00e9nyt biztos\u00edt.<\/li>\n<li><strong>Hat\u00e9kony teljes\u00edtm\u00e9ny:<\/strong><br \/>\nEz a hidraulikus henger sima m\u0171k\u00f6d\u00e9sre lett tervezve, lehet\u0151v\u00e9 t\u00e9ve a prec\u00edz vez\u00e9rl\u00e9st az emel\u00e9si \u00e9s s\u00fcllyeszt\u00e9si feladatok sor\u00e1n. Hat\u00e9konys\u00e1ga seg\u00edt jav\u00edtani az \u00e1ltal\u00e1nos termel\u00e9kenys\u00e9get a p\u00f3tkocsis alkalmaz\u00e1sokban.<\/li>\n<li><strong>Sokoldal\u00fa alkalmaz\u00e1sok:<\/strong><br \/>\nEz a hidraulikus henger sz\u00e1mos p\u00f3tkocsihoz alkalmas, bele\u00e9rtve a plat\u00f3s, billen\u0151 \u00e9s haszong\u00e9pj\u00e1rm\u0171veket is, \u00e9s fokozza a k\u00fcl\u00f6nb\u00f6z\u0151 t\u00edpus\u00fa berendez\u00e9sek funkcionalit\u00e1s\u00e1t, \u00edgy sokoldal\u00fa v\u00e1laszt\u00e1s a kezel\u0151k sz\u00e1m\u00e1ra.<\/li>\n<li><strong>Gy\u00e1ri ell\u00e1t\u00e1s:<\/strong><br \/>\nA k\u00f6zvetlen\u00fcl a gy\u00e1rb\u00f3l sz\u00e1ll\u00edtott 10039-es hidraulikus henger versenyk\u00e9pes \u00e1rat \u00e9s min\u0151s\u00e9gbiztos\u00edt\u00e1st k\u00edn\u00e1l. Ez biztos\u00edtja, hogy az \u00fcgyfelek megb\u00edzhat\u00f3 term\u00e9ket kapjanak felesleges fel\u00e1rak n\u00e9lk\u00fcl.<\/li>\n<li><strong>K\u00f6nny\u0171 telep\u00edt\u00e9s:<\/strong><br \/>\nAz egyszer\u0171 telep\u00edt\u00e9sre tervezett hidraulikus henger k\u00f6nnyen integr\u00e1lhat\u00f3 a megl\u00e9v\u0151 p\u00f3tkocsi-rendszerekbe, minimaliz\u00e1lva az \u00e1ll\u00e1sid\u0151t \u00e9s n\u00f6velve a m\u0171k\u00f6d\u00e9si hat\u00e9konys\u00e1got.<\/li>\n<\/ul>\n<h2><img decoding=\"async\" src=\"https:\/\/hzpt.com\/wp-content\/uploads\/2023\/12\/random-1.webp?v=1694163707\" alt=\"\" title=\"\"><\/h2>\n<h4>M\u0171szaki adatok:<\/h4>\n<table style=\"width: 90.3973%; height: 224px;\">\n<thead>\n<tr>\n<th>Specifik\u00e1ci\u00f3<\/th>\n<th>Le\u00edr\u00e1s<\/th>\n<\/tr>\n<\/thead>\n<tbody>\n<tr>\n<td><strong>Teherb\u00edr\u00e1s<\/strong><\/td>\n<td>Testreszabhat\u00f3<\/td>\n<\/tr>\n<tr>\n<td><strong>Furatm\u00e9ret<\/strong><\/td>\n<td>K\u00fcl\u00f6nb\u00f6z\u0151 lehet\u0151s\u00e9gek \u00e1llnak rendelkez\u00e9sre<\/td>\n<\/tr>\n<tr>\n<td><strong>L\u00f6kethossz<\/strong><\/td>\n<td>Testreszabhat\u00f3<\/td>\n<\/tr>\n<tr>\n<td><strong>Maxim\u00e1lis nyom\u00e1s<\/strong><\/td>\n<td>Ak\u00e1r 3000 PSI<\/td>\n<\/tr>\n<tr>\n<td><strong>Anyag<\/strong><\/td>\n<td>Kiv\u00e1l\u00f3 min\u0151s\u00e9g\u0171 ac\u00e9l<\/td>\n<\/tr>\n<tr>\n<td><strong>Kapcsolat t\u00edpusa<\/strong><\/td>\n<td>Karim\u00e1s vagy menetes<\/td>\n<\/tr>\n<\/tbody>\n<\/table>\n<h4>M\u0171k\u00f6d\u00e9si elv:<\/h4>\n<p>A 10039-es p\u00f3tkocsi hidraulikus munkahengere a hidraulikafolyad\u00e9k nyom\u00e1sa alapj\u00e1n m\u0171k\u00f6dik. Amikor hidraulikafolyad\u00e9kot vezetnek a hengerbe, az er\u0151t fejt ki a dugatty\u00fara, line\u00e1ris mozg\u00e1st gener\u00e1lva emel\u00e9si vagy s\u00fcllyeszt\u00e9si feladatokhoz. Ez a hat\u00e9kony er\u0151\u00e1tvitel lehet\u0151v\u00e9 teszi a p\u00f3tkocsi m\u0171k\u00f6d\u00e9s\u00e9nek prec\u00edz vez\u00e9rl\u00e9s\u00e9t, n\u00f6velve a termel\u00e9kenys\u00e9get.<\/p>\n<p>\u00d6sszefoglalva, a 10039-es olasz gy\u00e1rilag beszerzett p\u00f3tkocsi hidraulikus henger megb\u00edzhat\u00f3 \u00e9s hat\u00e9kony megold\u00e1s k\u00fcl\u00f6nf\u00e9le p\u00f3tkocsi-alkalmaz\u00e1sokhoz. Tart\u00f3s konstrukci\u00f3ja, hat\u00e9kony teljes\u00edtm\u00e9nye \u00e9s a gy\u00e1ri k\u00f6zvetlen ell\u00e1t\u00e1sa n\u00e9lk\u00fcl\u00f6zhetetlen elemm\u00e9 teszi a p\u00f3tkocsi-rendszerek funkcionalit\u00e1s\u00e1nak \u00e9s megb\u00edzhat\u00f3s\u00e1g\u00e1nak jav\u00edt\u00e1s\u00e1ban.<\/p>\n<h2><\/h2>\n<p><img decoding=\"async\" class=\"aligncenter\" src=\"https:\/\/hzpt.com\/wp-content\/uploads\/2023\/12\/random-4.webp\" alt=\"\" title=\"\"><\/p>\n<h2>A hegesztett p\u00f3l\u00f3 t\u00edpus\u00fa henger el\u0151nyei<\/h2>\n<ul>\n<li style=\"list-style-type: none;\">\n<ul>\n<li><strong>Megn\u00f6velt er\u0151:<\/strong> A hegesztett T-idom\u00fa hengerek nagy szil\u00e1rds\u00e1gukr\u00f3l ismertek, \u00edgy alkalmasak neh\u00e9z emel\u00e9st ig\u00e9nyl\u0151 alkalmaz\u00e1sokhoz. Az ilyen hengerek gy\u00e1rt\u00e1sa sor\u00e1n alkalmazott hegeszt\u00e9si elj\u00e1r\u00e1s biztos\u00edtja, hogy a henger mentes legyen a gyenge pontokt\u00f3l, \u00e9s ellen\u00e1lljon a nagy nyom\u00e1snak \u00e9s terhel\u00e9snek.<\/li>\n<\/ul>\n<\/li>\n<\/ul>\n<p>Amikor a hengerre nyom\u00e1st gyakorolunk, az egyenletesen oszlik el a teljes fel\u00fcleten, \u00edgy ellen\u00e1ll a deform\u00e1ci\u00f3nak. Ez a tulajdons\u00e1g biztos\u00edtja, hogy a henger extr\u00e9m k\u00f6r\u00fclm\u00e9nyek k\u00f6z\u00f6tt is megtartsa alakj\u00e1t \u00e9s szerkezeti integrit\u00e1s\u00e1t.<\/p>\n<ul>\n<li style=\"list-style-type: none;\">\n<ul>\n<li><strong>Sziv\u00e1rg\u00e1smegel\u0151z\u00e9s:<\/strong> A hegesztett T-idom\u00fa palackokat a sziv\u00e1rg\u00e1s megakad\u00e1lyoz\u00e1s\u00e1ra tervezt\u00e9k. A gy\u00e1rt\u00e1si folyamat sor\u00e1n alkalmazott hegeszt\u00e9si elj\u00e1r\u00e1s biztos\u00edtja, hogy a palack teljesen t\u00f6m\u00edtett \u00e9s mentes legyen minden lehets\u00e9ges sziv\u00e1rg\u00e1st\u00f3l. Ez a tulajdons\u00e1g alkalmass\u00e1 teszi \u0151ket olyan alkalmaz\u00e1sokhoz, ahol a sziv\u00e1rg\u00e1s s\u00falyos k\u00e1rokat vagy s\u00e9r\u00fcl\u00e9seket okozhat.<\/li>\n<\/ul>\n<\/li>\n<\/ul>\n<p>A hegesztett illeszt\u00e9sek sim\u00e1k, reped\u00e9sek vagy hornyok n\u00e9lk\u00fcl, ahol t\u00f6rmel\u00e9k vagy szennyez\u0151d\u00e9s felhalmoz\u00f3dhatna, cs\u00f6kkentve a korr\u00f3zi\u00f3 \u00e9s a henger k\u00e1rosod\u00e1s\u00e1nak kock\u00e1zat\u00e1t.<\/p>\n<ul>\n<li style=\"list-style-type: none;\">\n<ul>\n<li><strong>Testreszabhat\u00f3:<\/strong> A hegesztett T-idom\u00fa hengerek testreszabhat\u00f3k az adott alkalmaz\u00e1sokhoz. A hengerek k\u00fcl\u00f6nb\u00f6z\u0151 m\u00e9retekben \u00e9s form\u00e1kban kaphat\u00f3k, \u00e9s az alkalmaz\u00e1s konkr\u00e9t k\u00f6vetelm\u00e9nyeinek megfelel\u0151en gy\u00e1rthat\u00f3k.<\/li>\n<\/ul>\n<\/li>\n<\/ul>\n<p>A testreszab\u00e1si folyamat lehet\u0151v\u00e9 teszi a henger teljes\u00edtm\u00e9ny\u00e9nek optimaliz\u00e1l\u00e1s\u00e1t, biztos\u00edtva, hogy az megfeleljen a k\u00edv\u00e1nt alkalmaz\u00e1snak. Ez a tulajdons\u00e1g teszi a hegesztett T-idom\u00fa hengereket ide\u00e1liss\u00e1 k\u00fcl\u00f6nf\u00e9le ipari alkalmaz\u00e1sokhoz, bele\u00e9rtve az \u00e9p\u00edt\u0151iparban, a b\u00e1ny\u00e1szatban \u00e9s az anyagmozgat\u00e1sban val\u00f3 haszn\u00e1latra.<\/p>\n<ul>\n<li style=\"list-style-type: none;\">\n<ul>\n<li><strong>K\u00f6lts\u00e9ghat\u00e9kony:<\/strong> A hegesztett T-idom\u00fa hengerek k\u00f6lts\u00e9ghat\u00e9konyabbak m\u00e1s t\u00edpus\u00fa hengerekhez k\u00e9pest. Az ilyen hengerek gy\u00e1rt\u00e1si folyamata egyszer\u0171, \u00edgy olcs\u00f3bbak, mint m\u00e1s t\u00edpus\u00fa hengerek.<\/li>\n<\/ul>\n<\/li>\n<\/ul>\n<p>Tov\u00e1bb\u00e1 a hegesztett T-idom\u00fa hengerek nagy szil\u00e1rds\u00e1ga \u00e9s tart\u00f3ss\u00e1ga cs\u00f6kkenti a gyakori jav\u00edt\u00e1sok \u00e9s cser\u00e9k sz\u00fcks\u00e9gess\u00e9g\u00e9t, \u00edgy megtakar\u00edtva a karbantart\u00e1si k\u00f6lts\u00e9geket. Ez a tulajdons\u00e1g n\u00e9pszer\u0171 v\u00e1laszt\u00e1ss\u00e1 teszi \u0151ket sz\u00e1mos ipar\u00e1gban, k\u00fcl\u00f6n\u00f6sen a korl\u00e1tozott k\u00f6lts\u00e9gvet\u00e9ssel rendelkez\u0151k sz\u00e1m\u00e1ra.<\/p>\n<ul>\n<li style=\"list-style-type: none;\">\n<ul>\n<li><strong>Megn\u00f6velt hat\u00e9konys\u00e1g:<\/strong> A hegesztett T-idom\u00fa hengerek rendk\u00edv\u00fcl hat\u00e9konyak \u00e9s eredm\u00e9nyesek. A henger kialak\u00edt\u00e1sa biztos\u00edtja, hogy az alkalmazott er\u0151 k\u00f6zvetlen\u00fcl a terhel\u00e9sre ker\u00fclj\u00f6n \u00e1t, cs\u00f6kkentve az energiavesztes\u00e9get \u00e9s n\u00f6velve a hat\u00e9konys\u00e1got.<\/li>\n<\/ul>\n<\/li>\n<\/ul>\n<p>A hegesztett k\u00f6t\u00e9sek er\u0151sek \u00e9s merevek, minimaliz\u00e1lj\u00e1k az alakv\u00e1ltoz\u00e1st, \u00e9s biztos\u00edtj\u00e1k, hogy a henger extr\u00e9m k\u00f6r\u00fclm\u00e9nyek k\u00f6z\u00f6tt is megtartsa alakj\u00e1t \u00e9s szerkezeti integrit\u00e1s\u00e1t. Ez a tulajdons\u00e1g ide\u00e1liss\u00e1 teszi a hegesztett T-idom\u00fa hengereket olyan alkalmaz\u00e1sokhoz, amelyek nagy hat\u00e9konys\u00e1got \u00e9s megb\u00edzhat\u00f3s\u00e1got ig\u00e9nyelnek.<\/p>\n<h2>Hegesztett p\u00f3l\u00f3 t\u00edpus\u00fa henger alkalmaz\u00e1sa<\/h2>\n<h3>Bevezet\u00e9s<\/h3>\n<p>A hegesztett T-idom\u00fa henger egy olyan hidraulikus hengert\u00edpus, amelyet gyakran haszn\u00e1lnak ipari alkalmaz\u00e1sokban. \u00dagy tervezt\u00e9k, hogy nagy er\u0151teljes\u00edtm\u00e9nyt biztos\u00edtson kompakt \u00e9s k\u00f6lts\u00e9ghat\u00e9kony kivitelben. Ez a t\u00edpus\u00fa henger egy hegesztett T-idomb\u00f3l \u00e9s egy dugatty\u00far\u00fadb\u00f3l \u00e1ll, amely a T-idomhoz van r\u00f6gz\u00edtve. A T-idom a henger h\u00e1z\u00e1hoz van csatlakoztatva, \u00e9s egy dugatty\u00fat tartalmaz, amely el\u0151re-h\u00e1tra mozog a h\u00e1z belsej\u00e9ben er\u0151t gener\u00e1lva.<\/p>\n<h3>A hegesztett p\u00f3l\u00f3 t\u00edpus\u00fa henger el\u0151nyei<\/h3>\n<p>A hegesztett T-henger ipari alkalmaz\u00e1sokban t\u00f6rt\u00e9n\u0151 haszn\u00e1lat\u00e1nak sz\u00e1mos el\u0151nye van:<\/p>\n<ul>\n<li><b>Kompakt kialak\u00edt\u00e1s:<\/b> A hegesztett T-idom\u00fa hengerek kompakt kialak\u00edt\u00e1s\u00faak, \u00edgy ide\u00e1lisak korl\u00e1tozott helyeken val\u00f3 haszn\u00e1latra.<\/li>\n<li><b>Nagy hat\u00e9konys\u00e1g:<\/b> A hegesztett T-idom\u00fa hengerek rendk\u00edv\u00fcl hat\u00e9konyak, ami azt jelenti, hogy minim\u00e1lis energiabefektet\u00e9ssel nagy er\u0151t tudnak kifejteni.<\/li>\n<li><b>Tart\u00f3s:<\/b> A hegesztett T-idom\u00fa hengereket \u00fagy tervezt\u00e9k, hogy rendk\u00edv\u00fcl tart\u00f3sak legyenek, ami azt jelenti, hogy ellen\u00e1llnak a zord \u00fczemi k\u00f6r\u00fclm\u00e9nyeknek \u00e9s hossz\u00fa ideig kitartanak.<\/li>\n<li><b>K\u00f6lts\u00e9ghat\u00e9kony:<\/b> A hegesztett T-idom\u00fa hengerek k\u00f6lts\u00e9ghat\u00e9konyak, ami azt jelenti, hogy j\u00f3 \u00e1r-\u00e9rt\u00e9k ar\u00e1nyt k\u00e9pviselnek.<\/li>\n<\/ul>\n<h3>Hegesztett p\u00f3l\u00f3 t\u00edpus\u00fa henger alkalmaz\u00e1sai<\/h3>\n<p>A hegesztett T-idom\u00fa hengereknek sz\u00e1mos alkalmaz\u00e1si ter\u00fclete van a k\u00fcl\u00f6nb\u00f6z\u0151 ipar\u00e1gakban, bele\u00e9rtve:<\/p>\n<ul>\n<li><b>Gy\u00e1rt\u00e1s:<\/b> A hegesztett T-idom\u00fa hengereket a gy\u00e1rt\u00e1sban g\u00e9pek m\u0171k\u00f6dtet\u00e9s\u00e9re, neh\u00e9z terhek mozgat\u00e1s\u00e1ra \u00e9s f\u00e9m alkatr\u00e9szek alak\u00edt\u00e1s\u00e1ra haszn\u00e1lj\u00e1k.<\/li>\n<li><b>Mez\u0151gazdas\u00e1g:<\/b> A hegesztett T-idom\u00fa hengereket a mez\u0151gazdas\u00e1gban haszn\u00e1lj\u00e1k traktorok, betakar\u00edt\u00f3g\u00e9pek \u00e9s egy\u00e9b mez\u0151gazdas\u00e1gi berendez\u00e9sek hidraulikus rendszereinek m\u0171k\u00f6dtet\u00e9s\u00e9re.<\/li>\n<li><b>\u00c9p\u00edt\u00e9s:<\/b> A hegesztett T-idom\u00fa hengereket az \u00e9p\u00edt\u0151iparban haszn\u00e1lj\u00e1k olyan g\u00e9pek m\u0171k\u00f6dtet\u00e9s\u00e9re, mint a daruk, kotr\u00f3g\u00e9pek \u00e9s kotr\u00f3g\u00e9pek.<\/li>\n<li><b>B\u00e1ny\u00e1szati:<\/b> A hegesztett p\u00f3l\u00f3 t\u00edpus\u00fa hengereket a b\u00e1ny\u00e1szatban haszn\u00e1lj\u00e1k neh\u00e9zg\u00e9pek, p\u00e9ld\u00e1ul buld\u00f3zerek, rakod\u00f3g\u00e9pek \u00e9s k\u0151zetf\u00far\u00f3k hidraulikus rendszereinek m\u0171k\u00f6dtet\u00e9s\u00e9re.<\/li>\n<li><b>Sz\u00e1ll\u00edt\u00e1s:<\/b> A hegesztett T-idom\u00fa hengereket a sz\u00e1ll\u00edtm\u00e1nyoz\u00e1sban haszn\u00e1lj\u00e1k teheraut\u00f3k, buszok \u00e9s egy\u00e9b j\u00e1rm\u0171vek hidraulikus rendszereinek m\u0171k\u00f6dtet\u00e9s\u00e9re.<\/li>\n<\/ul>\n<p>\u00d6sszefoglalva, a hegesztett T-idom\u00fa hengerek fontos alkot\u00f3elemei sz\u00e1mos ipari alkalmaz\u00e1snak. Kompakt, hat\u00e9kony, tart\u00f3s \u00e9s k\u00f6lts\u00e9ghat\u00e9kony kialak\u00edt\u00e1suknak k\u00f6sz\u00f6nhet\u0151en ide\u00e1lis v\u00e1laszt\u00e1st jelentenek sz\u00e1mos alkalmaz\u00e1shoz. Ak\u00e1r gy\u00e1rt\u00f3\u00fczemben g\u00e9peket, ak\u00e1r farmon mez\u0151gazdas\u00e1gi berendez\u00e9seket, ak\u00e1r b\u00e1ny\u00e1ban neh\u00e9zg\u00e9peket \u00fczemeltet, a hegesztett T-idom\u00fa hengerek seg\u00edthetnek a munka hat\u00e9kony \u00e9s eredm\u00e9nyes elv\u00e9gz\u00e9s\u00e9ben.<\/p>\n<p><img loading=\"lazy\" decoding=\"async\" class=\"size-full wp-image-974 aligncenter\" src=\"https:\/\/fmp-components.com\/wp-content\/uploads\/2024\/12\/application-of-Welded-Tee-Type-Cylinder.webp\" alt=\"Hegesztett T-idom\u00fa henger alkalmaz\u00e1sa\" width=\"760\" height=\"860\" title=\"\" srcset=\"https:\/\/fmp-components.com\/wp-content\/uploads\/2024\/12\/application-of-Welded-Tee-Type-Cylinder.webp 760w, https:\/\/fmp-components.com\/wp-content\/uploads\/2024\/12\/application-of-Welded-Tee-Type-Cylinder-480x543.webp 480w\" sizes=\"(min-width: 0px) and (max-width: 480px) 480px, (min-width: 481px) 760px, 100vw\" \/><\/p>\n<h3>Az FMP-r\u0151l<\/h3>\n<p>Az FMP a hidraulikus hengerek vezet\u0151 gy\u00e1rt\u00f3ja, t\u00f6bb mint 30 \u00e9ves tapasztalattal az ipar\u00e1gban. Olaszorsz\u00e1gban tal\u00e1lhat\u00f3 gy\u00e1rt\u00f3\u00fczem\u00fcnk t\u00f6bb mint 100 berendez\u00e9ssel b\u00fcszk\u00e9lkedhet, bele\u00e9rtve az automatikus g\u00e1zv\u00e9d\u0151g\u00e1zas hegeszt\u0151g\u00e9peket, m\u00e9lyf\u00far\u00f3 g\u00e9peket, CNC eszterg\u00e1kat, hengeres k\u00f6sz\u00f6r\u0171ket, automata tiszt\u00edt\u00f3g\u00e9peket \u00e9s egyebeket.<\/p>\n<p>Kiv\u00e1l\u00f3 min\u0151s\u00e9g\u0171 hidraulikus hengerek gy\u00e1rt\u00e1s\u00e1ra specializ\u00e1l\u00f3dtunk, bele\u00e9rtve a f\u00fclbeval\u00f3 hengereket, a k\u00e9tir\u00e1ny\u00fa automatikus teleszk\u00f3pos hengereket \u00e9s egyebeket. Minden henger szigor\u00fa megmunk\u00e1l\u00e1son \u00e9s ellen\u0151rz\u00e9sen megy kereszt\u00fcl, hogy a lehet\u0151 legjobb min\u0151s\u00e9get biztos\u00edtsuk \u00fcgyfeleink sz\u00e1m\u00e1ra.<\/p>\n<h4>El\u0151nyeink:<\/h4>\n<ul>\n<li><strong>Tervez\u00e9si szolg\u00e1ltat\u00e1s:<\/strong> Tapasztalt tervez\u0151csapatunk seg\u00edts\u00e9get ny\u00fajthat a term\u00e9ktervez\u00e9sben \u00e9s -fejleszt\u00e9sben, valamint a megl\u00e9v\u0151 term\u00e9kek fejleszt\u00e9s\u00e9ben.<\/li>\n<li><strong>Term\u00e9kszolg\u00e1ltat\u00e1s:<\/strong> Gy\u00e1rt\u00e1si folyamatunk mag\u00e1ban foglalja a v\u00e1g\u00e1st, a durva megmunk\u00e1l\u00e1st, a tesztel\u00e9st, a tiszt\u00edt\u00e1st, az \u00f6sszeszerel\u00e9st, a csomagol\u00e1st \u00e9s a sz\u00e1ll\u00edt\u00e1st, hogy biztos\u00edtsuk term\u00e9ke megb\u00edzhat\u00f3 \u00e9s hat\u00e9kony kisz\u00e1ll\u00edt\u00e1s\u00e1t.<\/li>\n<li><strong>Mintav\u00e9teli folyamat:<\/strong> Mintadarabokat tudunk k\u00e9sz\u00edteni az \u00d6n ig\u00e9nyei szerint, \u00e9s azokat folyamatosan m\u00f3dos\u00edtjuk, hogy megfeleljenek az \u00d6n ig\u00e9nyeinek, biztos\u00edtva, hogy el\u00e9gedett legyen a v\u00e9geredm\u00e9nnyel.<\/li>\n<li><strong>K+F:<\/strong> Folyamatosan tanulm\u00e1nyozzuk a piacot, \u00e9s \u00faj modelleket fejleszt\u00fcnk, hogy megfelelj\u00fcnk \u00fcgyfeleink v\u00e1ltoz\u00f3 ig\u00e9nyeinek.<\/li>\n<li><strong>Testreszab\u00e1s:<\/strong> Elfogadjuk az egyedi ig\u00e9nyekre szabott hidraulikus hengereket, \u00e9s az \u00d6n egyedi ig\u00e9nyeinek megfelel\u0151en tudjuk gy\u00e1rtani azokat.<\/li>\n<\/ul>\n<p><img decoding=\"async\" src=\"https:\/\/fmp-components.com\/wp-content\/uploads\/2024\/12\/fmp-factory-4.webp\" alt=\"FMP gy\u00e1r\" width=\"800\" title=\"\"><br \/>\nSzerz\u0151: CX<\/p>","protected":false},"excerpt":{"rendered":"<p>The 10039 Italy Factory Supply Trailer Hydraulic Cylinder is designed for optimal performance in trailer applications, providing reliable lifting and lowering capabilities. Manufactured with precision and quality in mind, this hydraulic cylinder is an essential component for enhancing the functionality of various trailer types. Key Features: High-Quality Construction: Built from durable materials, the 10039 hydraulic [&hellip;]<\/p>","protected":false},"featured_media":1132,"comment_status":"closed","ping_status":"closed","template":"","meta":{"_et_pb_use_builder":"","_et_pb_old_content":"","_et_gb_content_width":""},"product_brand":[],"product_cat":[31],"product_tag":[34,35],"class_list":{"0":"post-959","1":"product","2":"type-product","3":"status-publish","4":"has-post-thumbnail","6":"product_cat-welded-tee-type-cylinder","7":"product_tag-hydraulic-cylinder","8":"product_tag-welded-tee-type-cylinder","10":"first","11":"instock","12":"product-type-simple"},"_links":{"self":[{"href":"https:\/\/fmp-components.com\/hu\/wp-json\/wp\/v2\/product\/959","targetHints":{"allow":["GET"]}}],"collection":[{"href":"https:\/\/fmp-components.com\/hu\/wp-json\/wp\/v2\/product"}],"about":[{"href":"https:\/\/fmp-components.com\/hu\/wp-json\/wp\/v2\/types\/product"}],"replies":[{"embeddable":true,"href":"https:\/\/fmp-components.com\/hu\/wp-json\/wp\/v2\/comments?post=959"}],"wp:featuredmedia":[{"embeddable":true,"href":"https:\/\/fmp-components.com\/hu\/wp-json\/wp\/v2\/media\/1132"}],"wp:attachment":[{"href":"https:\/\/fmp-components.com\/hu\/wp-json\/wp\/v2\/media?parent=959"}],"wp:term":[{"taxonomy":"product_brand","embeddable":true,"href":"https:\/\/fmp-components.com\/hu\/wp-json\/wp\/v2\/product_brand?post=959"},{"taxonomy":"product_cat","embeddable":true,"href":"https:\/\/fmp-components.com\/hu\/wp-json\/wp\/v2\/product_cat?post=959"},{"taxonomy":"product_tag","embeddable":true,"href":"https:\/\/fmp-components.com\/hu\/wp-json\/wp\/v2\/product_tag?post=959"}],"curies":[{"name":"munkaf\u00fczet","href":"https:\/\/api.w.org\/{rel}","templated":true}]}}