{"id":955,"date":"2024-12-19T03:39:43","date_gmt":"2024-12-19T03:39:43","guid":{"rendered":"https:\/\/fmp-components.com\/product\/10035-factory-direct-sale-small-double-acting-trailer-hydraulic-cylinder\/"},"modified":"2024-12-19T08:51:02","modified_gmt":"2024-12-19T08:51:02","slug":"10035-factory-direct-sale-small-double-acting-trailer-hydraulic-cylinder","status":"publish","type":"product","link":"https:\/\/fmp-components.com\/hu\/product\/10035-factory-direct-sale-small-double-acting-trailer-hydraulic-cylinder\/","title":{"rendered":"10035 Gy\u00e1ri k\u00f6zvetlen \u00e9rt\u00e9kes\u00edt\u00e9s\u0171 kis kett\u0151s m\u0171k\u00f6d\u00e9s\u0171 p\u00f3tkocsi hidraulikus henger"},"content":{"rendered":"<p>A 10035-\u00f6s gy\u00e1rilag k\u00f6zvetlen \u00e9rt\u00e9kes\u00edt\u00e9s\u0171, kism\u00e9ret\u0171, kett\u0151s m\u0171k\u00f6d\u00e9s\u0171 p\u00f3tkocsi hidraulikus henger kifejezetten a p\u00f3tkocsis alkalmaz\u00e1sokban val\u00f3 hat\u00e9kony teljes\u00edtm\u00e9nyre lett tervezve. Ez a kompakt hidraulikus henger megb\u00edzhat\u00f3 emel\u00e9si \u00e9s s\u00fcllyeszt\u00e9si k\u00e9pess\u00e9geket biztos\u00edt, \u00edgy n\u00e9lk\u00fcl\u00f6zhetetlen alkatr\u00e9sz a k\u00fcl\u00f6nf\u00e9le p\u00f3tkocsit\u00edpusokhoz.<\/p>\n<h4>F\u0151bb jellemz\u0151k:<\/h4>\n<ul>\n<li><strong>Kett\u0151s m\u0171k\u00f6d\u00e9s\u0171 kialak\u00edt\u00e1s:<\/strong><br \/>\nA kett\u0151s m\u0171k\u00f6d\u00e9s\u0171 mechanizmus z\u00f6kken\u0151mentes ki- \u00e9s beh\u00faz\u00e1st tesz lehet\u0151v\u00e9, \u00edgy prec\u00edz vez\u00e9rl\u00e9st biztos\u00edt m\u0171k\u00f6d\u00e9s k\u00f6zben. Ez a funkci\u00f3 n\u00f6veli a p\u00f3tkocsi funkci\u00f3inak \u00e1ltal\u00e1nos hat\u00e9konys\u00e1g\u00e1t, biztos\u00edtva a z\u00f6kken\u0151mentes teljes\u00edtm\u00e9nyt.<\/li>\n<li><strong>Kompakt m\u00e9ret:<\/strong><br \/>\nA 10035-\u00f6s hidraulikus henger kis m\u00e9ret\u0171 kialak\u00edt\u00e1sa ide\u00e1lis olyan alkalmaz\u00e1sokhoz, ahol korl\u00e1tozott a hely. Kompakt kialak\u00edt\u00e1sa nem vesz\u00e9lyezteti a szil\u00e1rds\u00e1got, \u00edgy hat\u00e9konyan haszn\u00e1lhat\u00f3 k\u00fcl\u00f6nf\u00e9le p\u00f3tkocsi-\u00f6ssze\u00e1ll\u00edt\u00e1sokban.<\/li>\n<li><strong>Tart\u00f3s konstrukci\u00f3:<\/strong><br \/>\nKiv\u00e1l\u00f3 min\u0151s\u00e9g\u0171 anyagokb\u00f3l k\u00e9sz\u00fclt, ez a hidraulikus henger \u00fagy lett kialak\u00edtva, hogy ellen\u00e1lljon a p\u00f3tkocsik \u00fczemeltet\u00e9s\u00e9nek neh\u00e9z k\u00f6r\u00fclm\u00e9nyeinek. Robusztus konstrukci\u00f3ja hossz\u00fa t\u00e1v\u00fa megb\u00edzhat\u00f3s\u00e1got \u00e9s teljes\u00edtm\u00e9nyt biztos\u00edt.<\/li>\n<li><strong>Sokoldal\u00fa alkalmaz\u00e1sok:<\/strong><br \/>\nA 10035-\u00f6s hidraulikus henger sz\u00e1mos p\u00f3tkocsi-alkalmaz\u00e1shoz alkalmas, bele\u00e9rtve a plat\u00f3s p\u00f3tkocsikat, a billen\u0151p\u00f3tkocsikat \u00e9s a haszong\u00e9pj\u00e1rm\u0171veket, \u00e9s el\u00e9g sokoldal\u00fa ahhoz, hogy megfeleljen a k\u00fcl\u00f6nf\u00e9le \u00fczemeltet\u00e9si ig\u00e9nyeknek.<\/li>\n<li><strong>Gy\u00e1ri k\u00f6zvetlen \u00e9rt\u00e9kes\u00edt\u00e9s:<\/strong><br \/>\nA k\u00f6zvetlen\u00fcl a gy\u00e1rb\u00f3l t\u00f6rt\u00e9n\u0151 v\u00e1s\u00e1rl\u00e1s versenyk\u00e9pes \u00e1rakat \u00e9s kiv\u00e1l\u00f3 min\u0151s\u00e9gellen\u0151rz\u00e9st biztos\u00edt. Ez a k\u00f6lts\u00e9ghat\u00e9kony megold\u00e1s nagyszer\u0171 \u00e9rt\u00e9ket k\u00e9pvisel azoknak az \u00fcgyfeleknek, akik p\u00f3tkocsi-rendszereiket szeretn\u00e9k tov\u00e1bbfejleszteni.<\/li>\n<\/ul>\n<p><img decoding=\"async\" src=\"https:\/\/hzpt.com\/wp-content\/uploads\/2023\/12\/random-2.webp\" alt=\"\" title=\"\"><\/p>\n<h4>M\u0171szaki adatok:<\/h4>\n<table style=\"width: 92.0135%; height: 220px;\">\n<thead>\n<tr>\n<th>Specifik\u00e1ci\u00f3<\/th>\n<th>Le\u00edr\u00e1s<\/th>\n<\/tr>\n<\/thead>\n<tbody>\n<tr>\n<td><strong>Teherb\u00edr\u00e1s<\/strong><\/td>\n<td>Testreszabhat\u00f3<\/td>\n<\/tr>\n<tr>\n<td><strong>Furatm\u00e9ret<\/strong><\/td>\n<td>K\u00fcl\u00f6nb\u00f6z\u0151 lehet\u0151s\u00e9gek \u00e1llnak rendelkez\u00e9sre<\/td>\n<\/tr>\n<tr>\n<td><strong>L\u00f6kethossz<\/strong><\/td>\n<td>Testreszabhat\u00f3<\/td>\n<\/tr>\n<tr>\n<td><strong>Maxim\u00e1lis nyom\u00e1s<\/strong><\/td>\n<td>Ak\u00e1r 3000 PSI<\/td>\n<\/tr>\n<tr>\n<td><strong>Anyag<\/strong><\/td>\n<td>Kiv\u00e1l\u00f3 min\u0151s\u00e9g\u0171 ac\u00e9l<\/td>\n<\/tr>\n<tr>\n<td><strong>Kapcsolat t\u00edpusa<\/strong><\/td>\n<td>Karim\u00e1s vagy menetes<\/td>\n<\/tr>\n<\/tbody>\n<\/table>\n<h4>M\u0171k\u00f6d\u00e9si elv:<\/h4>\n<p>A 10035-\u00f6s kism\u00e9ret\u0171, kett\u0151s m\u0171k\u00f6d\u00e9s\u0171 p\u00f3tkocsi hidraulikus henger a hidraulikafolyad\u00e9k nyom\u00e1s\u00e1nak elv\u00e9n m\u0171k\u00f6dik. Amikor a hidraulikafolyad\u00e9kot a hengerbe pump\u00e1lj\u00e1k, az er\u0151t fejt ki a dugatty\u00fara, mindk\u00e9t ir\u00e1nyban line\u00e1ris mozg\u00e1st gener\u00e1lva. Ez a hat\u00e9kony er\u0151\u00e1tvitel lehet\u0151v\u00e9 teszi a p\u00f3tkocsi m\u0171k\u00f6d\u00e9s\u00e9nek prec\u00edz vez\u00e9rl\u00e9s\u00e9t, n\u00f6velve az \u00e1ltal\u00e1nos termel\u00e9kenys\u00e9get.<\/p>\n<p>\u00d6sszefoglalva, a 10035 gy\u00e1rilag k\u00f6zvetlen \u00e9rt\u00e9kes\u00edt\u00e9s\u0171, kism\u00e9ret\u0171, kett\u0151s m\u0171k\u00f6d\u00e9s\u0171 p\u00f3tkocsi hidraulikus henger megb\u00edzhat\u00f3 \u00e9s hat\u00e9kony megold\u00e1s p\u00f3tkocsis alkalmaz\u00e1sokhoz. Tart\u00f3s konstrukci\u00f3ja, kompakt kialak\u00edt\u00e1sa \u00e9s sokoldal\u00fa funkcionalit\u00e1sa n\u00e9lk\u00fcl\u00f6zhetetlen eszk\u00f6zz\u00e9 teszi mindazok sz\u00e1m\u00e1ra, akik jav\u00edtani szeretn\u00e9k p\u00f3tkocsi-rendszereik teljes\u00edtm\u00e9ny\u00e9t.<\/p>\n<p>&nbsp;<\/p>\n<p><img decoding=\"async\" src=\"https:\/\/hzpt.com\/wp-content\/uploads\/2023\/12\/random-5.webp\" alt=\"\" title=\"\"><\/p>\n<h2>GYIK az FMP hidraulikus hengerr\u0151l<\/h2>\n<dl>\n<dt>1. k\u00e9rd\u00e9s: Mi a hidraulikus henger szerepe?<\/dt>\n<dd>A1: A hidraulikus henger er\u0151t \u00e9s mozg\u00e1st biztos\u00edt olyan alkalmaz\u00e1sokban, ahol ezekre sz\u00fcks\u00e9g van.<\/dd>\n<dt>2. k\u00e9rd\u00e9s: Hogyan v\u00e1lasszam ki a megfelel\u0151 hidraulikaolajat \u00e9s t\u00f6m\u00edt\u00e9seket?<\/dt>\n<dd>A2: A hidraulikaolaj \u00e9s a t\u00f6m\u00edt\u00e9sek kiv\u00e1laszt\u00e1sa a hidraulikus henger konkr\u00e9t alkalmaz\u00e1s\u00e1t\u00f3l \u00e9s \u00fczemi k\u00f6r\u00fclm\u00e9nyeit\u0151l f\u00fcgg.<\/dd>\n<dt>3. k\u00e9rd\u00e9s: Milyen gyakran kell cser\u00e9lnem a hidraulikus henger alkatr\u00e9szeit?<\/dt>\n<dd>A3: A csere gyakoris\u00e1ga a hidraulikus henger haszn\u00e1lat\u00e1t\u00f3l \u00e9s karbantart\u00e1s\u00e1t\u00f3l f\u00fcgg.<\/dd>\n<dt>4. k\u00e9rd\u00e9s: Mekkora az FMP hidraulikus hengereinek kapacit\u00e1sa?<\/dt>\n<dd>A4: Az FMP tervez\u00e9si kapacit\u00e1sa 200 000 hidraulikus hengerk\u00e9szlet.<\/dd>\n<dt>5. k\u00e9rd\u00e9s: Testreszabhatom a hidraulikus hengeremet?<\/dt>\n<dd>A5: Igen, az FMP \u00f6r\u00f6mmel fogadja a testreszab\u00e1st az \u00d6n egyedi ig\u00e9nyei alapj\u00e1n.<\/dd>\n<\/dl>\n<h2>A hegesztett p\u00f3l\u00f3 t\u00edpus\u00fa henger el\u0151nyei<\/h2>\n<ul>\n<li style=\"list-style-type: none;\">\n<ul>\n<li><strong>Megn\u00f6velt er\u0151:<\/strong> A hegesztett T-idom\u00fa hengerek nagy szil\u00e1rds\u00e1gukr\u00f3l ismertek, \u00edgy alkalmasak neh\u00e9z emel\u00e9st ig\u00e9nyl\u0151 alkalmaz\u00e1sokhoz. Az ilyen hengerek gy\u00e1rt\u00e1sa sor\u00e1n alkalmazott hegeszt\u00e9si elj\u00e1r\u00e1s biztos\u00edtja, hogy a henger mentes legyen a gyenge pontokt\u00f3l, \u00e9s ellen\u00e1lljon a nagy nyom\u00e1snak \u00e9s terhel\u00e9snek.<\/li>\n<\/ul>\n<\/li>\n<\/ul>\n<p>Amikor a hengerre nyom\u00e1st gyakorolunk, az egyenletesen oszlik el a teljes fel\u00fcleten, \u00edgy ellen\u00e1ll a deform\u00e1ci\u00f3nak. Ez a tulajdons\u00e1g biztos\u00edtja, hogy a henger extr\u00e9m k\u00f6r\u00fclm\u00e9nyek k\u00f6z\u00f6tt is megtartsa alakj\u00e1t \u00e9s szerkezeti integrit\u00e1s\u00e1t.<\/p>\n<ul>\n<li style=\"list-style-type: none;\">\n<ul>\n<li><strong>Sziv\u00e1rg\u00e1smegel\u0151z\u00e9s:<\/strong> A hegesztett T-idom\u00fa palackokat a sziv\u00e1rg\u00e1s megakad\u00e1lyoz\u00e1s\u00e1ra tervezt\u00e9k. A gy\u00e1rt\u00e1si folyamat sor\u00e1n alkalmazott hegeszt\u00e9si elj\u00e1r\u00e1s biztos\u00edtja, hogy a palack teljesen t\u00f6m\u00edtett \u00e9s mentes legyen minden lehets\u00e9ges sziv\u00e1rg\u00e1st\u00f3l. Ez a tulajdons\u00e1g alkalmass\u00e1 teszi \u0151ket olyan alkalmaz\u00e1sokhoz, ahol a sziv\u00e1rg\u00e1s s\u00falyos k\u00e1rokat vagy s\u00e9r\u00fcl\u00e9seket okozhat.<\/li>\n<\/ul>\n<\/li>\n<\/ul>\n<p>A hegesztett illeszt\u00e9sek sim\u00e1k, reped\u00e9sek vagy hornyok n\u00e9lk\u00fcl, ahol t\u00f6rmel\u00e9k vagy szennyez\u0151d\u00e9s felhalmoz\u00f3dhatna, cs\u00f6kkentve a korr\u00f3zi\u00f3 \u00e9s a henger k\u00e1rosod\u00e1s\u00e1nak kock\u00e1zat\u00e1t.<\/p>\n<ul>\n<li style=\"list-style-type: none;\">\n<ul>\n<li><strong>Testreszabhat\u00f3:<\/strong> A hegesztett T-idom\u00fa hengerek testreszabhat\u00f3k az adott alkalmaz\u00e1sokhoz. A hengerek k\u00fcl\u00f6nb\u00f6z\u0151 m\u00e9retekben \u00e9s form\u00e1kban kaphat\u00f3k, \u00e9s az alkalmaz\u00e1s konkr\u00e9t k\u00f6vetelm\u00e9nyeinek megfelel\u0151en gy\u00e1rthat\u00f3k.<\/li>\n<\/ul>\n<\/li>\n<\/ul>\n<p>A testreszab\u00e1si folyamat lehet\u0151v\u00e9 teszi a henger teljes\u00edtm\u00e9ny\u00e9nek optimaliz\u00e1l\u00e1s\u00e1t, biztos\u00edtva, hogy az megfeleljen a k\u00edv\u00e1nt alkalmaz\u00e1snak. Ez a tulajdons\u00e1g teszi a hegesztett T-idom\u00fa hengereket ide\u00e1liss\u00e1 k\u00fcl\u00f6nf\u00e9le ipari alkalmaz\u00e1sokhoz, bele\u00e9rtve az \u00e9p\u00edt\u0151iparban, a b\u00e1ny\u00e1szatban \u00e9s az anyagmozgat\u00e1sban val\u00f3 haszn\u00e1latra.<\/p>\n<ul>\n<li style=\"list-style-type: none;\">\n<ul>\n<li><strong>K\u00f6lts\u00e9ghat\u00e9kony:<\/strong> A hegesztett T-idom\u00fa hengerek k\u00f6lts\u00e9ghat\u00e9konyabbak m\u00e1s t\u00edpus\u00fa hengerekhez k\u00e9pest. Az ilyen hengerek gy\u00e1rt\u00e1si folyamata egyszer\u0171, \u00edgy olcs\u00f3bbak, mint m\u00e1s t\u00edpus\u00fa hengerek.<\/li>\n<\/ul>\n<\/li>\n<\/ul>\n<p>Tov\u00e1bb\u00e1 a hegesztett T-idom\u00fa hengerek nagy szil\u00e1rds\u00e1ga \u00e9s tart\u00f3ss\u00e1ga cs\u00f6kkenti a gyakori jav\u00edt\u00e1sok \u00e9s cser\u00e9k sz\u00fcks\u00e9gess\u00e9g\u00e9t, \u00edgy megtakar\u00edtva a karbantart\u00e1si k\u00f6lts\u00e9geket. Ez a tulajdons\u00e1g n\u00e9pszer\u0171 v\u00e1laszt\u00e1ss\u00e1 teszi \u0151ket sz\u00e1mos ipar\u00e1gban, k\u00fcl\u00f6n\u00f6sen a korl\u00e1tozott k\u00f6lts\u00e9gvet\u00e9ssel rendelkez\u0151k sz\u00e1m\u00e1ra.<\/p>\n<ul>\n<li style=\"list-style-type: none;\">\n<ul>\n<li><strong>Megn\u00f6velt hat\u00e9konys\u00e1g:<\/strong> A hegesztett T-idom\u00fa hengerek rendk\u00edv\u00fcl hat\u00e9konyak \u00e9s eredm\u00e9nyesek. A henger kialak\u00edt\u00e1sa biztos\u00edtja, hogy az alkalmazott er\u0151 k\u00f6zvetlen\u00fcl a terhel\u00e9sre ker\u00fclj\u00f6n \u00e1t, cs\u00f6kkentve az energiavesztes\u00e9get \u00e9s n\u00f6velve a hat\u00e9konys\u00e1got.<\/li>\n<\/ul>\n<\/li>\n<\/ul>\n<p>A hegesztett k\u00f6t\u00e9sek er\u0151sek \u00e9s merevek, minimaliz\u00e1lj\u00e1k az alakv\u00e1ltoz\u00e1st, \u00e9s biztos\u00edtj\u00e1k, hogy a henger extr\u00e9m k\u00f6r\u00fclm\u00e9nyek k\u00f6z\u00f6tt is megtartsa alakj\u00e1t \u00e9s szerkezeti integrit\u00e1s\u00e1t. Ez a tulajdons\u00e1g ide\u00e1liss\u00e1 teszi a hegesztett T-idom\u00fa hengereket olyan alkalmaz\u00e1sokhoz, amelyek nagy hat\u00e9konys\u00e1got \u00e9s megb\u00edzhat\u00f3s\u00e1got ig\u00e9nyelnek.<\/p>\n<p><img loading=\"lazy\" decoding=\"async\" class=\"size-full wp-image-974 aligncenter\" src=\"https:\/\/fmp-components.com\/wp-content\/uploads\/2024\/12\/application-of-Welded-Tee-Type-Cylinder.webp\" alt=\"Hegesztett T-idom\u00fa henger alkalmaz\u00e1sa\" width=\"760\" height=\"860\" title=\"\" srcset=\"https:\/\/fmp-components.com\/wp-content\/uploads\/2024\/12\/application-of-Welded-Tee-Type-Cylinder.webp 760w, https:\/\/fmp-components.com\/wp-content\/uploads\/2024\/12\/application-of-Welded-Tee-Type-Cylinder-480x543.webp 480w\" sizes=\"(min-width: 0px) and (max-width: 480px) 480px, (min-width: 481px) 760px, 100vw\" \/><\/p>\n<h2>Hegesztett p\u00f3l\u00f3 t\u00edpus\u00fa henger alkalmaz\u00e1sa<\/h2>\n<ul>\n<li>\n<h3>Ipari g\u00e9pek \u00e9s berendez\u00e9sek<\/h3>\n<p>A hegesztett T-idom\u00fa hengereket sz\u00e9les k\u00f6rben haszn\u00e1lj\u00e1k ipari g\u00e9pekben \u00e9s berendez\u00e9sekben, k\u00fcl\u00f6n\u00f6sen hidraulikus rendszerekben. A henger egy dugatty\u00fab\u00f3l \u00e9s egy hengercs\u0151b\u0151l \u00e1ll, amelyeket egyetlen egys\u00e9gg\u00e9 hegesztenek \u00f6ssze. Ez a kialak\u00edt\u00e1s sz\u00e1mos el\u0151nnyel rendelkezik m\u00e1s t\u00edpus\u00fa hengerekkel szemben, p\u00e9ld\u00e1ul jobb tart\u00f3ss\u00e1got, nagyobb szil\u00e1rds\u00e1got \u00e9s nagyobb pontoss\u00e1got.<\/p>\n<p>Az ipari g\u00e9pekben a hegesztett T-idom\u00fa hengerek egyik legfontosabb alkalmaz\u00e1sa az \u00e1lland\u00f3 \u00e9s pontos er\u0151 lead\u00e1sa. Ez sz\u00e1mos gy\u00e1rt\u00e1si folyamatn\u00e1l elengedhetetlen, ahol prec\u00edz szab\u00e1lyoz\u00e1sra van sz\u00fcks\u00e9g a v\u00e9gterm\u00e9k min\u0151s\u00e9g\u00e9nek biztos\u00edt\u00e1s\u00e1hoz. A hegesztett T-idom\u00fa hengerek a hidraulikus rendszerekben a folyad\u00e9kok \u00e1raml\u00e1s\u00e1nak szab\u00e1lyoz\u00e1s\u00e1ra is haszn\u00e1lhat\u00f3k, ami nagyobb hat\u00e9konys\u00e1got \u00e9s megb\u00edzhat\u00f3s\u00e1got tesz lehet\u0151v\u00e9 sz\u00e1mos ipari alkalmaz\u00e1sban.<\/li>\n<li>\n<h3>Mez\u0151gazdas\u00e1gi berendez\u00e9sek<\/h3>\n<p>A hegesztett T-idom\u00fa hengereket gyakran haszn\u00e1lj\u00e1k mez\u0151gazdas\u00e1gi g\u00e9pekben, p\u00e9ld\u00e1ul traktorokban \u00e9s betakar\u00edt\u00f3g\u00e9pekben. Ezeknek a g\u00e9peknek a hat\u00e9kony m\u0171k\u00f6d\u00e9s\u00e9hez nagy teljes\u00edtm\u00e9ny\u0171 \u00e9s megb\u00edzhat\u00f3 hidraulikus rendszerekre van sz\u00fcks\u00e9g\u00fck, \u00e9s a hegesztett T-idom\u00fa henger ide\u00e1lis v\u00e1laszt\u00e1s erre a c\u00e9lra.<\/p>\n<p>A henger massz\u00edv fel\u00e9p\u00edt\u00e9se \u00e9s nagy szil\u00e1rds\u00e1ga rendk\u00edv\u00fcl ellen\u00e1ll\u00f3v\u00e1 teszi a kop\u00e1ssal \u00e9s elhaszn\u00e1l\u00f3d\u00e1ssal szemben, m\u00e9g zord \u00fczemi k\u00f6r\u00fclm\u00e9nyek k\u00f6z\u00f6tt is. Ez ide\u00e1lis v\u00e1laszt\u00e1ss\u00e1 teszi mez\u0151gazdas\u00e1gi berendez\u00e9sekben val\u00f3 haszn\u00e1latra, ahol a tart\u00f3ss\u00e1g kulcsfontoss\u00e1g\u00fa szempont. A hegesztett T-idom\u00fa henger sz\u00e1mos mez\u0151gazdas\u00e1gi folyamathoz, p\u00e9ld\u00e1ul \u00fcltet\u00e9shez, betakar\u00edt\u00e1shoz \u00e9s \u00f6nt\u00f6z\u00e9shez sz\u00fcks\u00e9ges prec\u00edz vez\u00e9rl\u00e9s biztos\u00edt\u00e1s\u00e1ra is haszn\u00e1lhat\u00f3.<\/li>\n<li>\n<h3>\u00c9p\u00edt\u0151ipari berendez\u00e9sek<\/h3>\n<p>A hegesztett T-idom\u00fa hengereket sz\u00e9les k\u00f6rben haszn\u00e1lj\u00e1k \u00e9p\u00edt\u0151ipari berendez\u00e9sekben, p\u00e9ld\u00e1ul kotr\u00f3g\u00e9pekben, kotr\u00f3g\u00e9pekben \u00e9s buld\u00f3zerekben. Ezeknek a g\u00e9peknek nagy teljes\u00edtm\u00e9ny\u0171 \u00e9s megb\u00edzhat\u00f3 hidraulikus rendszerekre van sz\u00fcks\u00e9g\u00fck a neh\u00e9z feladatok, p\u00e9ld\u00e1ul az \u00e1s\u00e1s, emel\u00e9s \u00e9s a neh\u00e9z terhek tol\u00e1sa elv\u00e9gz\u00e9s\u00e9hez.<\/p>\n<p>A hegesztett T-idom\u00fa henger nagy szil\u00e1rds\u00e1ga \u00e9s tart\u00f3ss\u00e1ga ide\u00e1lis v\u00e1laszt\u00e1ss\u00e1 teszi \u00e9p\u00edt\u0151ipari berendez\u00e9sekben val\u00f3 haszn\u00e1latra. A prec\u00edz vez\u00e9rl\u00e9s \u00e9s az \u00e1lland\u00f3 er\u0151 biztos\u00edt\u00e1s\u00e1nak k\u00e9pess\u00e9ge elengedhetetlen sz\u00e1mos \u00e9p\u00edt\u00e9si folyamathoz, p\u00e9ld\u00e1ul f\u00f6ldmunk\u00e1hoz, tereprendez\u00e9shez \u00e9s burkol\u00e1shoz. A hegesztett T-idom\u00fa henger a hidraulikus rendszerekben a folyad\u00e9kok \u00e1raml\u00e1s\u00e1nak szab\u00e1lyoz\u00e1s\u00e1ra is haszn\u00e1lhat\u00f3, jav\u00edtva az \u00e9p\u00edt\u0151ipari berendez\u00e9sek hat\u00e9konys\u00e1g\u00e1t \u00e9s megb\u00edzhat\u00f3s\u00e1g\u00e1t sz\u00e1mos alkalmaz\u00e1sban.<\/li>\n<\/ul>\n<h3>Az FMP-r\u0151l<\/h3>\n<p>Az FMP, t\u00f6bb mint 30 \u00e9ves olaszorsz\u00e1gi m\u00falttal, a k\u00fcl\u00f6nf\u00e9le hidraulikus hengerek vezet\u0151 gy\u00e1rt\u00f3ja \u00e9s sz\u00e1ll\u00edt\u00f3ja. Ipari ter\u00fclet\u00fcnk\u00f6n t\u00f6bb mint 100 korszer\u0171 berendez\u00e9s tal\u00e1lhat\u00f3, bele\u00e9rtve az automatikus g\u00e1zv\u00e9d\u0151g\u00e1zas hegeszt\u0151g\u00e9peket, m\u00e9lyf\u00far\u00f3 g\u00e9peket, CNC eszterg\u00e1kat, hengeres k\u00f6sz\u00f6r\u0171ket, automatikus tiszt\u00edt\u00f3g\u00e9peket, automatikus szerel\u0151g\u00e9peket, automatikus hidraulikus henger teljes\u00edtm\u00e9nym\u00e9r\u0151 padokat, automatikus fest\u0151sorokat \u00e9s egyebeket.<\/p>\n<p>Az FMP \u00e1ltal gy\u00e1rtott minden egyes hidraulikus henger szigor\u00fa megmunk\u00e1l\u00e1son \u00e9s ellen\u0151rz\u00e9sen megy kereszt\u00fcl, hogy biztos\u00edtsuk \u00e9rt\u00e9kes \u00fcgyfeleink sz\u00e1m\u00e1ra a magas min\u0151s\u00e9gi szabv\u00e1nyokat. B\u00fcszk\u00e9k vagyunk arra, hogy olyan term\u00e9keket \u00e9s szolg\u00e1ltat\u00e1sokat k\u00edn\u00e1lunk, amelyek az \u00d6n egyedi ig\u00e9nyeit is kiel\u00e9g\u00edtik.<\/p>\n<ol>\n<li><strong>Tervez\u00e9si szolg\u00e1ltat\u00e1s:<\/strong> Tapasztalt tervez\u0151csapatunk felk\u00e9sz\u00fclt a kard\u00e1ntengelyek term\u00e9ktervez\u00e9s\u00e9re \u00e9s fejleszt\u00e9s\u00e9re. Ak\u00e1r \u00faj term\u00e9kekre, ak\u00e1r a megl\u00e9v\u0151k fejleszt\u00e9s\u00e9re van sz\u00fcks\u00e9ge, mi itt vagyunk, hogy t\u00e1mogassuk \u00d6nt.<\/li>\n<li><strong>Term\u00e9kszolg\u00e1ltat\u00e1s:<\/strong> \u00c1tfog\u00f3 term\u00e9kszolg\u00e1ltat\u00e1sunk mag\u00e1ban foglalja a teljes folyamatot az alapanyagok beszerz\u00e9s\u00e9t\u0151l a v\u00e1g\u00e1son, durva megmunk\u00e1l\u00e1son, tesztel\u00e9sen, tiszt\u00edt\u00e1son, \u00f6sszeszerel\u00e9sen, csomagol\u00e1son \u00e9s sz\u00e1ll\u00edt\u00e1son \u00e1t.<\/li>\n<li><strong>Mintav\u00e9teli folyamat:<\/strong> K\u00e9pesek vagyunk az \u00d6n ig\u00e9nyei szerint mint\u00e1kat kidolgozni, \u00e9s azokat folyamatosan m\u00f3dos\u00edtani, hogy megfeleljenek az \u00d6n egyedi ig\u00e9nyeinek.<\/li>\n<li><strong>K+F:<\/strong> Ahogy az \u00faj j\u00e1rm\u0171vek bevezet\u00e9s\u00e9vel \u00faj piaci ig\u00e9nyek jelennek meg, proakt\u00edvan vizsg\u00e1ljuk a piacot, \u00e9s \u00faj modelleket fejleszt\u00fcnk ki ezeknek az ig\u00e9nyeknek a kiel\u00e9g\u00edt\u00e9s\u00e9re.<\/li>\n<li><strong>Testreszab\u00e1s:<\/strong> Az FMP-n\u00e9l k\u00fcl\u00f6nf\u00e9le t\u00edpus\u00fa hidraulikus hengerek gy\u00e1rt\u00e1s\u00e1ra \u00e9s \u00e9rt\u00e9kes\u00edt\u00e9s\u00e9re specializ\u00e1l\u00f3dtunk, testreszabhat\u00f3 megold\u00e1sokat k\u00edn\u00e1lva az \u00d6n egyedi ig\u00e9nyeinek kiel\u00e9g\u00edt\u00e9s\u00e9re.<\/li>\n<\/ol>\n<p><img decoding=\"async\" src=\"https:\/\/fmp-components.com\/wp-content\/uploads\/2024\/12\/fmp-factory-4.webp\" alt=\"FMP gy\u00e1r\" width=\"800\" title=\"\"><br \/>\nSzerz\u0151: CX<\/p>","protected":false},"excerpt":{"rendered":"<p>A 10035-\u00f6s gy\u00e1rilag k\u00f6zvetlen \u00e9rt\u00e9kes\u00edt\u00e9s\u0171, kism\u00e9ret\u0171, kett\u0151s m\u0171k\u00f6d\u00e9s\u0171 p\u00f3tkocsi hidraulikus henger kifejezetten a p\u00f3tkocsis alkalmaz\u00e1sokban val\u00f3 hat\u00e9kony teljes\u00edtm\u00e9nyre lett tervezve. Ez a kompakt hidraulikus henger megb\u00edzhat\u00f3 emel\u00e9si \u00e9s s\u00fcllyeszt\u00e9si k\u00e9pess\u00e9geket biztos\u00edt, \u00edgy n\u00e9lk\u00fcl\u00f6zhetetlen alkatr\u00e9sz a k\u00fcl\u00f6nf\u00e9le p\u00f3tkocsit\u00edpusokhoz. F\u0151bb jellemz\u0151k: Kett\u0151s m\u0171k\u00f6d\u00e9s\u0171 kialak\u00edt\u00e1s: A kett\u0151s m\u0171k\u00f6d\u00e9s\u0171 mechanizmus lehet\u0151v\u00e9 teszi a z\u00f6kken\u0151mentes kiny\u00fajt\u00e1st \u00e9s visszah\u00faz\u00e1st, biztos\u00edtva [\u2026]<\/p>","protected":false},"featured_media":1133,"comment_status":"closed","ping_status":"closed","template":"","meta":{"_et_pb_use_builder":"","_et_pb_old_content":"","_et_gb_content_width":""},"product_brand":[],"product_cat":[31],"product_tag":[34,35],"class_list":{"0":"post-955","1":"product","2":"type-product","3":"status-publish","4":"has-post-thumbnail","6":"product_cat-welded-tee-type-cylinder","7":"product_tag-hydraulic-cylinder","8":"product_tag-welded-tee-type-cylinder","10":"first","11":"instock","12":"product-type-simple"},"_links":{"self":[{"href":"https:\/\/fmp-components.com\/hu\/wp-json\/wp\/v2\/product\/955","targetHints":{"allow":["GET"]}}],"collection":[{"href":"https:\/\/fmp-components.com\/hu\/wp-json\/wp\/v2\/product"}],"about":[{"href":"https:\/\/fmp-components.com\/hu\/wp-json\/wp\/v2\/types\/product"}],"replies":[{"embeddable":true,"href":"https:\/\/fmp-components.com\/hu\/wp-json\/wp\/v2\/comments?post=955"}],"wp:featuredmedia":[{"embeddable":true,"href":"https:\/\/fmp-components.com\/hu\/wp-json\/wp\/v2\/media\/1133"}],"wp:attachment":[{"href":"https:\/\/fmp-components.com\/hu\/wp-json\/wp\/v2\/media?parent=955"}],"wp:term":[{"taxonomy":"product_brand","embeddable":true,"href":"https:\/\/fmp-components.com\/hu\/wp-json\/wp\/v2\/product_brand?post=955"},{"taxonomy":"product_cat","embeddable":true,"href":"https:\/\/fmp-components.com\/hu\/wp-json\/wp\/v2\/product_cat?post=955"},{"taxonomy":"product_tag","embeddable":true,"href":"https:\/\/fmp-components.com\/hu\/wp-json\/wp\/v2\/product_tag?post=955"}],"curies":[{"name":"munkaf\u00fczet","href":"https:\/\/api.w.org\/{rel}","templated":true}]}}