{"id":953,"date":"2024-12-19T03:39:43","date_gmt":"2024-12-19T03:39:43","guid":{"rendered":"https:\/\/fmp-components.com\/product\/10033-good-quality-mini-hydraulic-cylinder-double-acting-for-tractor\/"},"modified":"2024-12-19T08:48:11","modified_gmt":"2024-12-19T08:48:11","slug":"10033-good-quality-mini-hydraulic-cylinder-double-acting-for-tractor","status":"publish","type":"product","link":"https:\/\/fmp-components.com\/hu\/product\/10033-good-quality-mini-hydraulic-cylinder-double-acting-for-tractor\/","title":{"rendered":"10033 J\u00f3 min\u0151s\u00e9g\u0171 mini hidraulikus henger kett\u0151s m\u0171k\u00f6d\u00e9s\u0171 traktorhoz"},"content":{"rendered":"<p>A 10033-as Good Quality Mini Hidraulikus Munkahenger kifejezetten traktoralkalmaz\u00e1sokhoz k\u00e9sz\u00fclt, megb\u00edzhat\u00f3 teljes\u00edtm\u00e9nyt \u00e9s hat\u00e9kony m\u0171k\u00f6d\u00e9st k\u00edn\u00e1lva. Ez a kett\u0151s m\u0171k\u00f6d\u00e9s\u0171 hidraulikus munkahenger kompakt, m\u00e9gis nagy teljes\u00edtm\u00e9ny\u0171, \u00edgy n\u00e9lk\u00fcl\u00f6zhetetlen alkatr\u00e9sz a k\u00fcl\u00f6nf\u00e9le mez\u0151gazdas\u00e1gi feladatokhoz.<\/p>\n<h4>F\u0151bb jellemz\u0151k:<\/h4>\n<ul>\n<li><strong>Kett\u0151s m\u0171k\u00f6d\u00e9s\u0171 kialak\u00edt\u00e1s:<\/strong><br \/>\nA kett\u0151s m\u0171k\u00f6d\u00e9s\u0171 mechanizmus z\u00f6kken\u0151mentes m\u0171k\u00f6d\u00e9st tesz lehet\u0151v\u00e9 mind a kitol\u00e1s, mind a visszah\u00faz\u00e1s sor\u00e1n, kiv\u00e1l\u00f3 ir\u00e1ny\u00edthat\u00f3s\u00e1got biztos\u00edtva az emel\u00e9si \u00e9s s\u00fcllyeszt\u00e9si feladatok sor\u00e1n. Ez a funkci\u00f3 n\u00f6veli a traktor m\u0171k\u00f6d\u00e9s\u00e9nek hat\u00e9konys\u00e1g\u00e1t, \u00edgy ide\u00e1liss\u00e1 teszi a traktort k\u00fcl\u00f6nf\u00e9le alkalmaz\u00e1sokhoz.<\/li>\n<li><strong>Mini m\u00e9ret:<\/strong><br \/>\nA 10033-as hidraulikus henger kompakt kialak\u00edt\u00e1sa t\u00f6k\u00e9letess\u00e9 teszi a traktorokon val\u00f3 sz\u0171k helyeken val\u00f3 haszn\u00e1latra. Kis helyig\u00e9nye nem vesz\u00e9lyezteti a szil\u00e1rds\u00e1g\u00e1t, \u00edgy hat\u00e9kony teljes\u00edtm\u00e9nyt ny\u00fajt k\u00fcl\u00f6nf\u00e9le mez\u0151gazdas\u00e1gi k\u00f6rnyezetben.<\/li>\n<li><strong>Kiv\u00e1l\u00f3 min\u0151s\u00e9g\u0171 kivitelez\u00e9s:<\/strong><br \/>\nTart\u00f3s anyagokb\u00f3l k\u00e9sz\u00fclt, ez a hidraulikus henger a mez\u0151gazdas\u00e1gi k\u00f6rnyezet zord k\u00f6r\u00fclm\u00e9nyeinek elvisel\u00e9s\u00e9re k\u00e9sz\u00fclt. Robusztus konstrukci\u00f3ja hossz\u00fa t\u00e1v\u00fa megb\u00edzhat\u00f3s\u00e1got \u00e9s teljes\u00edtm\u00e9nyt biztos\u00edt.<\/li>\n<li><strong>Sokoldal\u00fa alkalmaz\u00e1sok:<\/strong><br \/>\nA 10033-as hidraulikus henger sz\u00e1mos traktoralkalmaz\u00e1shoz alkalmas, bele\u00e9rtve a munkag\u00e9pek emel\u00e9s\u00e9t, a tartoz\u00e9kok s\u00fcllyeszt\u00e9s\u00e9t \u00e9s egy\u00e9b hidraulikus funkci\u00f3kat. Sokoldal\u00fas\u00e1g\u00e1nak k\u00f6sz\u00f6nhet\u0151en \u00e9rt\u00e9kes eszk\u00f6z a gazd\u00e1lkod\u00f3k \u00e9s a g\u00e9pkezel\u0151k sz\u00e1m\u00e1ra.<\/li>\n<li><strong>K\u00f6lts\u00e9ghat\u00e9kony megold\u00e1s:<\/strong><br \/>\nKiv\u00e1l\u00f3 \u00e1r-\u00e9rt\u00e9k ar\u00e1nyt k\u00edn\u00e1lva, ez a mini hidraulikus henger megb\u00edzhat\u00f3 teljes\u00edtm\u00e9nyt ny\u00fajt megfizethet\u0151 \u00e1ron. Ide\u00e1lis v\u00e1laszt\u00e1s traktorok hidraulikus alkatr\u00e9szeinek korszer\u0171s\u00edt\u00e9s\u00e9hez vagy cser\u00e9j\u00e9hez.<\/li>\n<\/ul>\n<p><img loading=\"lazy\" decoding=\"async\" class=\"size-full wp-image-977 aligncenter\" src=\"https:\/\/fmp-components.com\/wp-content\/uploads\/2024\/12\/Welded-Tee-Type-Cylinder3.webp\" alt=\"Hegesztett p\u00f3l\u00f3 t\u00edpus\u00fa henger\" width=\"653\" height=\"600\" title=\"\" srcset=\"https:\/\/fmp-components.com\/wp-content\/uploads\/2024\/12\/Welded-Tee-Type-Cylinder3.webp 653w, https:\/\/fmp-components.com\/wp-content\/uploads\/2024\/12\/Welded-Tee-Type-Cylinder3-480x441.webp 480w\" sizes=\"(min-width: 0px) and (max-width: 480px) 480px, (min-width: 481px) 653px, 100vw\" \/><\/p>\n<h4>M\u0171szaki adatok:<\/h4>\n<table style=\"width: 100.145%; height: 246px;\">\n<thead>\n<tr>\n<th>Specifik\u00e1ci\u00f3<\/th>\n<th>Le\u00edr\u00e1s<\/th>\n<\/tr>\n<\/thead>\n<tbody>\n<tr>\n<td><strong>Teherb\u00edr\u00e1s<\/strong><\/td>\n<td>Testreszabhat\u00f3<\/td>\n<\/tr>\n<tr>\n<td><strong>Furatm\u00e9ret<\/strong><\/td>\n<td>K\u00fcl\u00f6nb\u00f6z\u0151 lehet\u0151s\u00e9gek \u00e1llnak rendelkez\u00e9sre<\/td>\n<\/tr>\n<tr>\n<td><strong>L\u00f6kethossz<\/strong><\/td>\n<td>Testreszabhat\u00f3<\/td>\n<\/tr>\n<tr>\n<td><strong>Maxim\u00e1lis nyom\u00e1s<\/strong><\/td>\n<td>Ak\u00e1r 3000 PSI<\/td>\n<\/tr>\n<tr>\n<td><strong>Anyag<\/strong><\/td>\n<td>Kiv\u00e1l\u00f3 min\u0151s\u00e9g\u0171 ac\u00e9l vagy alum\u00ednium<\/td>\n<\/tr>\n<tr>\n<td><strong>Kapcsolat t\u00edpusa<\/strong><\/td>\n<td>Karim\u00e1s vagy menetes<\/td>\n<\/tr>\n<\/tbody>\n<\/table>\n<h4>M\u0171k\u00f6d\u00e9si elv:<\/h4>\n<p>A 10033-as mini hidraulikus henger a hidraulikafolyad\u00e9k nyom\u00e1s\u00e1nak elv\u00e9n m\u0171k\u00f6dik. Amikor hidraulikafolyad\u00e9kot vezetnek a hengerbe, az er\u0151t fejt ki a dugatty\u00fara, mindk\u00e9t ir\u00e1nyban line\u00e1ris mozg\u00e1st gener\u00e1lva. Ez a hat\u00e9kony er\u0151\u00e1tvitel lehet\u0151v\u00e9 teszi a traktor m\u0171k\u00f6d\u00e9s\u00e9nek prec\u00edz ir\u00e1ny\u00edt\u00e1s\u00e1t, n\u00f6velve az \u00f6ssztermel\u00e9kenys\u00e9get.<\/p>\n<p>\u00d6sszefoglalva, a 10033-as Good Quality Mini Dupla M\u0171k\u00f6d\u00e9s\u0171 Hidraulikus Munkahenger traktorokhoz egy megb\u00edzhat\u00f3 \u00e9s hat\u00e9kony megold\u00e1s mez\u0151gazdas\u00e1gi alkalmaz\u00e1sokhoz. Tart\u00f3s konstrukci\u00f3ja, kompakt kialak\u00edt\u00e1sa \u00e9s sokoldal\u00fas\u00e1ga n\u00e9lk\u00fcl\u00f6zhetetlen eszk\u00f6zz\u00e9 teszi a traktorok teljes\u00edtm\u00e9ny\u00e9nek \u00e9s hat\u00e9konys\u00e1g\u00e1nak n\u00f6vel\u00e9s\u00e9ben.<\/p>\n<p><img decoding=\"async\" class=\"aligncenter\" src=\"https:\/\/hzpt.com\/wp-content\/uploads\/2023\/12\/random-3.webp\" alt=\"\" title=\"\"><\/p>\n<h2>GYIK<\/h2>\n<dl>\n<dt>1. k\u00e9rd\u00e9s: Mekkora a hidraulikus henger kapacit\u00e1sa?<\/dt>\n<dd>A1: A hidraulikus henger kett\u0151s m\u0171k\u00f6d\u00e9s\u0171.<\/dd>\n<dt>2. k\u00e9rd\u00e9s: Mekkora a term\u00e9k teherb\u00edr\u00e1sa?<\/dt>\n<dd>A2: A term\u00e9k nagy teherb\u00edr\u00e1s\u00fa.<\/dd>\n<dt>3. k\u00e9rd\u00e9s: Energiahat\u00e9kony a term\u00e9k?<\/dt>\n<dd>A3: Igen, a hidraulikus henger hat\u00e9konyan hasznos\u00edtja az energi\u00e1t, ami alacsonyabb energiafogyaszt\u00e1st eredm\u00e9nyez.<\/dd>\n<dt>4. k\u00e9rd\u00e9s: Milyen biztons\u00e1gi int\u00e9zked\u00e9sekkel rendelkezik a term\u00e9k?<\/dt>\n<dd>A4: A term\u00e9k biztons\u00e1gi int\u00e9zked\u00e9sekkel van ell\u00e1tva, hogy megakad\u00e1lyozza a m\u0171k\u00f6d\u00e9s k\u00f6zbeni baleseteket.<\/dd>\n<dt>5. k\u00e9rd\u00e9s: Milyen c\u00e9lokra haszn\u00e1lhat\u00f3 ez a hidraulikus henger?<\/dt>\n<dd>A5: Ezt a hidraulikus hengert els\u0151sorban traktorokban haszn\u00e1lj\u00e1k k\u00fcl\u00f6nf\u00e9le m\u0171veletekhez.<\/dd>\n<\/dl>\n<h2>A hegesztett p\u00f3l\u00f3 t\u00edpus\u00fa henger el\u0151nyei<\/h2>\n<ul>\n<li style=\"list-style-type: none;\">\n<ul>\n<li><strong>Megn\u00f6velt er\u0151:<\/strong> A hegesztett T-idom\u00fa hengerek nagy szil\u00e1rds\u00e1gukr\u00f3l ismertek, \u00edgy alkalmasak neh\u00e9z emel\u00e9st ig\u00e9nyl\u0151 alkalmaz\u00e1sokhoz. Az ilyen hengerek gy\u00e1rt\u00e1sa sor\u00e1n alkalmazott hegeszt\u00e9si elj\u00e1r\u00e1s biztos\u00edtja, hogy a henger mentes legyen a gyenge pontokt\u00f3l, \u00e9s ellen\u00e1lljon a nagy nyom\u00e1snak \u00e9s terhel\u00e9snek.<\/li>\n<\/ul>\n<\/li>\n<\/ul>\n<p>Amikor a hengerre nyom\u00e1st gyakorolunk, az egyenletesen oszlik el a teljes fel\u00fcleten, \u00edgy ellen\u00e1ll a deform\u00e1ci\u00f3nak. Ez a tulajdons\u00e1g biztos\u00edtja, hogy a henger extr\u00e9m k\u00f6r\u00fclm\u00e9nyek k\u00f6z\u00f6tt is megtartsa alakj\u00e1t \u00e9s szerkezeti integrit\u00e1s\u00e1t.<\/p>\n<ul>\n<li style=\"list-style-type: none;\">\n<ul>\n<li><strong>Sziv\u00e1rg\u00e1smegel\u0151z\u00e9s:<\/strong> A hegesztett T-idom\u00fa palackokat a sziv\u00e1rg\u00e1s megakad\u00e1lyoz\u00e1s\u00e1ra tervezt\u00e9k. A gy\u00e1rt\u00e1si folyamat sor\u00e1n alkalmazott hegeszt\u00e9si elj\u00e1r\u00e1s biztos\u00edtja, hogy a palack teljesen t\u00f6m\u00edtett \u00e9s mentes legyen minden lehets\u00e9ges sziv\u00e1rg\u00e1st\u00f3l. Ez a tulajdons\u00e1g alkalmass\u00e1 teszi \u0151ket olyan alkalmaz\u00e1sokhoz, ahol a sziv\u00e1rg\u00e1s s\u00falyos k\u00e1rokat vagy s\u00e9r\u00fcl\u00e9seket okozhat.<\/li>\n<\/ul>\n<\/li>\n<\/ul>\n<p>A hegesztett illeszt\u00e9sek sim\u00e1k, reped\u00e9sek vagy hornyok n\u00e9lk\u00fcl, ahol t\u00f6rmel\u00e9k vagy szennyez\u0151d\u00e9s felhalmoz\u00f3dhatna, cs\u00f6kkentve a korr\u00f3zi\u00f3 \u00e9s a henger k\u00e1rosod\u00e1s\u00e1nak kock\u00e1zat\u00e1t.<\/p>\n<ul>\n<li style=\"list-style-type: none;\">\n<ul>\n<li><strong>Testreszabhat\u00f3:<\/strong> A hegesztett T-idom\u00fa hengerek testreszabhat\u00f3k az adott alkalmaz\u00e1sokhoz. A hengerek k\u00fcl\u00f6nb\u00f6z\u0151 m\u00e9retekben \u00e9s form\u00e1kban kaphat\u00f3k, \u00e9s az alkalmaz\u00e1s konkr\u00e9t k\u00f6vetelm\u00e9nyeinek megfelel\u0151en gy\u00e1rthat\u00f3k.<\/li>\n<\/ul>\n<\/li>\n<\/ul>\n<p>A testreszab\u00e1si folyamat lehet\u0151v\u00e9 teszi a henger teljes\u00edtm\u00e9ny\u00e9nek optimaliz\u00e1l\u00e1s\u00e1t, biztos\u00edtva, hogy az megfeleljen a k\u00edv\u00e1nt alkalmaz\u00e1snak. Ez a tulajdons\u00e1g teszi a hegesztett T-idom\u00fa hengereket ide\u00e1liss\u00e1 k\u00fcl\u00f6nf\u00e9le ipari alkalmaz\u00e1sokhoz, bele\u00e9rtve az \u00e9p\u00edt\u0151iparban, a b\u00e1ny\u00e1szatban \u00e9s az anyagmozgat\u00e1sban val\u00f3 haszn\u00e1latra.<\/p>\n<ul>\n<li style=\"list-style-type: none;\">\n<ul>\n<li><strong>K\u00f6lts\u00e9ghat\u00e9kony:<\/strong> A hegesztett T-idom\u00fa hengerek k\u00f6lts\u00e9ghat\u00e9konyabbak m\u00e1s t\u00edpus\u00fa hengerekhez k\u00e9pest. Az ilyen hengerek gy\u00e1rt\u00e1si folyamata egyszer\u0171, \u00edgy olcs\u00f3bbak, mint m\u00e1s t\u00edpus\u00fa hengerek.<\/li>\n<\/ul>\n<\/li>\n<\/ul>\n<p>Tov\u00e1bb\u00e1 a hegesztett T-idom\u00fa hengerek nagy szil\u00e1rds\u00e1ga \u00e9s tart\u00f3ss\u00e1ga cs\u00f6kkenti a gyakori jav\u00edt\u00e1sok \u00e9s cser\u00e9k sz\u00fcks\u00e9gess\u00e9g\u00e9t, \u00edgy megtakar\u00edtva a karbantart\u00e1si k\u00f6lts\u00e9geket. Ez a tulajdons\u00e1g n\u00e9pszer\u0171 v\u00e1laszt\u00e1ss\u00e1 teszi \u0151ket sz\u00e1mos ipar\u00e1gban, k\u00fcl\u00f6n\u00f6sen a korl\u00e1tozott k\u00f6lts\u00e9gvet\u00e9ssel rendelkez\u0151k sz\u00e1m\u00e1ra.<\/p>\n<ul>\n<li style=\"list-style-type: none;\">\n<ul>\n<li><strong>Megn\u00f6velt hat\u00e9konys\u00e1g:<\/strong> A hegesztett T-idom\u00fa hengerek rendk\u00edv\u00fcl hat\u00e9konyak \u00e9s eredm\u00e9nyesek. A henger kialak\u00edt\u00e1sa biztos\u00edtja, hogy az alkalmazott er\u0151 k\u00f6zvetlen\u00fcl a terhel\u00e9sre ker\u00fclj\u00f6n \u00e1t, cs\u00f6kkentve az energiavesztes\u00e9get \u00e9s n\u00f6velve a hat\u00e9konys\u00e1got.<\/li>\n<\/ul>\n<\/li>\n<\/ul>\n<p>A hegesztett k\u00f6t\u00e9sek er\u0151sek \u00e9s merevek, minimaliz\u00e1lj\u00e1k az alakv\u00e1ltoz\u00e1st, \u00e9s biztos\u00edtj\u00e1k, hogy a henger extr\u00e9m k\u00f6r\u00fclm\u00e9nyek k\u00f6z\u00f6tt is megtartsa alakj\u00e1t \u00e9s szerkezeti integrit\u00e1s\u00e1t. Ez a tulajdons\u00e1g ide\u00e1liss\u00e1 teszi a hegesztett T-idom\u00fa hengereket olyan alkalmaz\u00e1sokhoz, amelyek nagy hat\u00e9konys\u00e1got \u00e9s megb\u00edzhat\u00f3s\u00e1got ig\u00e9nyelnek.<\/p>\n<p><img loading=\"lazy\" decoding=\"async\" class=\"size-full wp-image-974 aligncenter\" src=\"https:\/\/fmp-components.com\/wp-content\/uploads\/2024\/12\/application-of-Welded-Tee-Type-Cylinder.webp\" alt=\"Hegesztett T-idom\u00fa henger alkalmaz\u00e1sa\" width=\"760\" height=\"860\" title=\"\" srcset=\"https:\/\/fmp-components.com\/wp-content\/uploads\/2024\/12\/application-of-Welded-Tee-Type-Cylinder.webp 760w, https:\/\/fmp-components.com\/wp-content\/uploads\/2024\/12\/application-of-Welded-Tee-Type-Cylinder-480x543.webp 480w\" sizes=\"(min-width: 0px) and (max-width: 480px) 480px, (min-width: 481px) 760px, 100vw\" \/><\/p>\n<h2>Hegesztett p\u00f3l\u00f3 t\u00edpus\u00fa henger alkalmaz\u00e1sa<\/h2>\n<h3>Bevezet\u00e9s<\/h3>\n<p>A hegesztett T-idom\u00fa henger egy olyan hidraulikus hengert\u00edpus, amelyet gyakran haszn\u00e1lnak ipari alkalmaz\u00e1sokban. \u00dagy tervezt\u00e9k, hogy nagy er\u0151teljes\u00edtm\u00e9nyt biztos\u00edtson kompakt \u00e9s k\u00f6lts\u00e9ghat\u00e9kony kivitelben. Ez a t\u00edpus\u00fa henger egy hegesztett T-idomb\u00f3l \u00e9s egy dugatty\u00far\u00fadb\u00f3l \u00e1ll, amely a T-idomhoz van r\u00f6gz\u00edtve. A T-idom a henger h\u00e1z\u00e1hoz van csatlakoztatva, \u00e9s egy dugatty\u00fat tartalmaz, amely el\u0151re-h\u00e1tra mozog a h\u00e1z belsej\u00e9ben er\u0151t gener\u00e1lva.<\/p>\n<h3>A hegesztett p\u00f3l\u00f3 t\u00edpus\u00fa henger el\u0151nyei<\/h3>\n<p>A hegesztett T-henger ipari alkalmaz\u00e1sokban t\u00f6rt\u00e9n\u0151 haszn\u00e1lat\u00e1nak sz\u00e1mos el\u0151nye van:<\/p>\n<ul>\n<li><b>Kompakt kialak\u00edt\u00e1s:<\/b> A hegesztett T-idom\u00fa hengerek kompakt kialak\u00edt\u00e1s\u00faak, \u00edgy ide\u00e1lisak korl\u00e1tozott helyeken val\u00f3 haszn\u00e1latra.<\/li>\n<li><b>Nagy hat\u00e9konys\u00e1g:<\/b> A hegesztett T-idom\u00fa hengerek rendk\u00edv\u00fcl hat\u00e9konyak, ami azt jelenti, hogy minim\u00e1lis energiabefektet\u00e9ssel nagy er\u0151t tudnak kifejteni.<\/li>\n<li><b>Tart\u00f3s:<\/b> A hegesztett T-idom\u00fa hengereket \u00fagy tervezt\u00e9k, hogy rendk\u00edv\u00fcl tart\u00f3sak legyenek, ami azt jelenti, hogy ellen\u00e1llnak a zord \u00fczemi k\u00f6r\u00fclm\u00e9nyeknek \u00e9s hossz\u00fa ideig kitartanak.<\/li>\n<li><b>K\u00f6lts\u00e9ghat\u00e9kony:<\/b> A hegesztett T-idom\u00fa hengerek k\u00f6lts\u00e9ghat\u00e9konyak, ami azt jelenti, hogy j\u00f3 \u00e1r-\u00e9rt\u00e9k ar\u00e1nyt k\u00e9pviselnek.<\/li>\n<\/ul>\n<h3>Hegesztett p\u00f3l\u00f3 t\u00edpus\u00fa henger alkalmaz\u00e1sai<\/h3>\n<p>A hegesztett T-idom\u00fa hengereknek sz\u00e1mos alkalmaz\u00e1si ter\u00fclete van a k\u00fcl\u00f6nb\u00f6z\u0151 ipar\u00e1gakban, bele\u00e9rtve:<\/p>\n<ul>\n<li><b>Gy\u00e1rt\u00e1s:<\/b> A hegesztett T-idom\u00fa hengereket a gy\u00e1rt\u00e1sban g\u00e9pek m\u0171k\u00f6dtet\u00e9s\u00e9re, neh\u00e9z terhek mozgat\u00e1s\u00e1ra \u00e9s f\u00e9m alkatr\u00e9szek alak\u00edt\u00e1s\u00e1ra haszn\u00e1lj\u00e1k.<\/li>\n<li><b>Mez\u0151gazdas\u00e1g:<\/b> A hegesztett T-idom\u00fa hengereket a mez\u0151gazdas\u00e1gban haszn\u00e1lj\u00e1k traktorok, betakar\u00edt\u00f3g\u00e9pek \u00e9s egy\u00e9b mez\u0151gazdas\u00e1gi berendez\u00e9sek hidraulikus rendszereinek m\u0171k\u00f6dtet\u00e9s\u00e9re.<\/li>\n<li><b>\u00c9p\u00edt\u00e9s:<\/b> A hegesztett T-idom\u00fa hengereket az \u00e9p\u00edt\u0151iparban haszn\u00e1lj\u00e1k olyan g\u00e9pek m\u0171k\u00f6dtet\u00e9s\u00e9re, mint a daruk, kotr\u00f3g\u00e9pek \u00e9s kotr\u00f3g\u00e9pek.<\/li>\n<li><b>B\u00e1ny\u00e1szati:<\/b> A hegesztett p\u00f3l\u00f3 t\u00edpus\u00fa hengereket a b\u00e1ny\u00e1szatban haszn\u00e1lj\u00e1k neh\u00e9zg\u00e9pek, p\u00e9ld\u00e1ul buld\u00f3zerek, rakod\u00f3g\u00e9pek \u00e9s k\u0151zetf\u00far\u00f3k hidraulikus rendszereinek m\u0171k\u00f6dtet\u00e9s\u00e9re.<\/li>\n<li><b>Sz\u00e1ll\u00edt\u00e1s:<\/b> A hegesztett T-idom\u00fa hengereket a sz\u00e1ll\u00edtm\u00e1nyoz\u00e1sban haszn\u00e1lj\u00e1k teheraut\u00f3k, buszok \u00e9s egy\u00e9b j\u00e1rm\u0171vek hidraulikus rendszereinek m\u0171k\u00f6dtet\u00e9s\u00e9re.<\/li>\n<\/ul>\n<p>\u00d6sszefoglalva, a hegesztett T-idom\u00fa hengerek fontos alkot\u00f3elemei sz\u00e1mos ipari alkalmaz\u00e1snak. Kompakt, hat\u00e9kony, tart\u00f3s \u00e9s k\u00f6lts\u00e9ghat\u00e9kony kialak\u00edt\u00e1suknak k\u00f6sz\u00f6nhet\u0151en ide\u00e1lis v\u00e1laszt\u00e1st jelentenek sz\u00e1mos alkalmaz\u00e1shoz. Ak\u00e1r gy\u00e1rt\u00f3\u00fczemben g\u00e9peket, ak\u00e1r farmon mez\u0151gazdas\u00e1gi berendez\u00e9seket, ak\u00e1r b\u00e1ny\u00e1ban neh\u00e9zg\u00e9peket \u00fczemeltet, a hegesztett T-idom\u00fa hengerek seg\u00edthetnek a munka hat\u00e9kony \u00e9s eredm\u00e9nyes elv\u00e9gz\u00e9s\u00e9ben.<\/p>\n<h3>Az FMP-r\u0151l<\/h3>\n<p>Az FMP a hidraulikus hengerek elismert gy\u00e1rt\u00f3ja \u00e9s sz\u00e1ll\u00edt\u00f3ja, amely k\u00fcl\u00f6nf\u00e9le t\u00edpusokat \u00e9s testreszabhat\u00f3 opci\u00f3kat k\u00edn\u00e1l. Az FMP t\u00f6bb mint 30 \u00e9ves olaszorsz\u00e1gi ipari jelenl\u00e9t\u00e9vel kiv\u00e1l\u00f3 min\u0151s\u00e9g\u0171 term\u00e9kekr\u0151l \u00e9s kiv\u00e9teles \u00fcgyf\u00e9lszolg\u00e1latr\u00f3l szerzett h\u00edrnevet. B\u00fcszk\u00e9k vagyunk sz\u00e9lesk\u00f6r\u0171 berendez\u00e9sk\u00edn\u00e1latunkra, amely t\u00f6bb mint 100 egys\u00e9ggel b\u00fcszk\u00e9lkedhet, bele\u00e9rtve az automatikus g\u00e1zv\u00e9d\u0151g\u00e1zas hegeszt\u0151g\u00e9peket, m\u00e9lyf\u00far\u00f3g\u00e9peket, CNC eszterg\u00e1kat, hengeres k\u00f6sz\u00f6r\u0171ket, automatikus tiszt\u00edt\u00f3g\u00e9peket, automatikus szerel\u0151g\u00e9peket, automatikus hidraulikus henger teljes\u00edtm\u00e9nym\u00e9r\u0151 padokat \u00e9s automatikus fest\u0151sorokat.<\/p>\n<p><img decoding=\"async\" src=\"https:\/\/fmp-components.com\/wp-content\/uploads\/2024\/12\/fmp-factory-4.webp\" alt=\"FMP gy\u00e1r\" width=\"800\" title=\"\"><\/p>\n<p>Az FMP-n\u00e9l minden egyes hidraulikus henger szigor\u00fa megmunk\u00e1l\u00e1son \u00e9s ellen\u0151rz\u00e9sen megy kereszt\u00fcl, hogy garant\u00e1ljuk \u00e9rt\u00e9kes \u00fcgyfeleink sz\u00e1m\u00e1ra a kiv\u00e1l\u00f3 min\u0151s\u00e9get \u00e9s megb\u00edzhat\u00f3s\u00e1got. A kiv\u00e1l\u00f3s\u00e1g ir\u00e1nti elk\u00f6telezetts\u00e9g\u00fcnk t\u00falmutat term\u00e9keinken, mivel sz\u00e1mos szolg\u00e1ltat\u00e1st k\u00edn\u00e1lunk az \u00d6n egyedi ig\u00e9nyeinek kiel\u00e9g\u00edt\u00e9s\u00e9re:<\/p>\n<ol>\n<li><strong>Tervez\u00e9si szolg\u00e1ltat\u00e1s:<\/strong> Tapasztalt tervez\u0151csapatunk felk\u00e9sz\u00fclt a kard\u00e1ntengelyek term\u00e9ktervez\u00e9s\u00e9re \u00e9s fejleszt\u00e9s\u00e9re. Ak\u00e1r \u00faj term\u00e9kre van sz\u00fcks\u00e9ge, ak\u00e1r a megl\u00e9v\u0151k fejleszt\u00e9s\u00e9re, mi itt vagyunk, hogy t\u00e1mogassuk \u00d6nt.<\/li>\n<li><strong>Term\u00e9kszolg\u00e1ltat\u00e1s:<\/strong> A legkiv\u00e1l\u00f3bb min\u0151s\u00e9g\u0171 alapanyagok beszerz\u00e9s\u00e9t\u0151l a v\u00e1g\u00e1son, durva megmunk\u00e1l\u00e1son, tesztel\u00e9sen, tiszt\u00edt\u00e1son, \u00f6sszeszerel\u00e9sen, csomagol\u00e1son \u00e9s sz\u00e1ll\u00edt\u00e1son \u00e1t a gy\u00e1rt\u00e1si folyamat minden szakasz\u00e1t apr\u00f3l\u00e9kosan fel\u00fcgyelj\u00fck a legmagasabb sz\u00ednvonal biztos\u00edt\u00e1sa \u00e9rdek\u00e9ben.<\/li>\n<li><strong>Mintav\u00e9teli folyamat:<\/strong> Meg\u00e9rtj\u00fck az egyedi mint\u00e1k fontoss\u00e1g\u00e1t. Az \u00d6n egyedi ig\u00e9nyei szerint fejleszthetj\u00fck ki a mint\u00e1kat, \u00e9s folyamatosan m\u00f3dos\u00edthatjuk azokat, am\u00edg megfelelnek az \u00d6n ig\u00e9nyeinek.<\/li>\n<li><strong>K+F:<\/strong> Az innov\u00e1ci\u00f3 ir\u00e1nt elk\u00f6telezett v\u00e1llalatk\u00e9nt folyamatosan tanulm\u00e1nyozzuk a v\u00e1ltoz\u00f3 piaci ig\u00e9nyeket, k\u00fcl\u00f6n\u00f6sen az \u00faj aut\u00f3modellek bevezet\u00e9sekor. Ez lehet\u0151v\u00e9 teszi sz\u00e1munkra, hogy \u00faj \u00e9s tov\u00e1bbfejlesztett hidraulikus henger modelleket fejlessz\u00fcnk ki, amelyek \u00f6sszhangban vannak a leg\u00fajabb trendekkel.<\/li>\n<\/ol>\n<p>Az FMP megb\u00edzhat\u00f3 partner\u00e9nek kiv\u00e1laszt\u00e1s\u00e1val kiv\u00e1l\u00f3 min\u0151s\u00e9g\u0171 hidraulikus munkahengerekhez \u00e9s sz\u00e1mos el\u0151nnyel f\u00e9rhet hozz\u00e1. Legf\u0151bb er\u0151ss\u00e9geink a k\u00f6vetkez\u0151k:<\/p>\n<ul>\n<li>Kiv\u00e1l\u00f3 min\u0151s\u00e9g: Minden hidraulikus henger szigor\u00fa feldolgoz\u00e1son \u00e9s ellen\u0151rz\u00e9sen megy kereszt\u00fcl a kiv\u00e9teles teljes\u00edtm\u00e9ny \u00e9s tart\u00f3ss\u00e1g garant\u00e1l\u00e1sa \u00e9rdek\u00e9ben.<\/li>\n<li>Testreszab\u00e1s: Testreszabott megold\u00e1sokat k\u00edn\u00e1lunk az \u00d6n egyedi ig\u00e9nyeinek kiel\u00e9g\u00edt\u00e9s\u00e9re, biztos\u00edtva, hogy hidraulikus hengereink t\u00f6k\u00e9letesen illeszkedjenek az alkalmaz\u00e1saihoz.<\/li>\n<li>Kiterjedt berendez\u00e9sv\u00e1laszt\u00e9k: Korszer\u0171 berendez\u00e9sek sz\u00e9les v\u00e1laszt\u00e9k\u00e1val hidraulikus hengereket tudunk gy\u00e1rtani, amelyek megfelelnek a k\u00fcl\u00f6nf\u00e9le specifik\u00e1ci\u00f3knak \u00e9s ipari ig\u00e9nyeknek.<\/li>\n<li>Tapasztalt tervez\u0151csapat: K\u00e9pzett tervez\u0151csapatunk m\u00e9lyrehat\u00f3 szak\u00e9rtelemmel rendelkezik a term\u00e9ktervez\u00e9s ter\u00e9n, ami lehet\u0151v\u00e9 teszi sz\u00e1munkra, hogy innovat\u00edv \u00e9s megb\u00edzhat\u00f3 megold\u00e1sokat sz\u00e1ll\u00edtsunk.<\/li>\n<li>\u00c1tfog\u00f3 szolg\u00e1ltat\u00e1sok: A tervez\u00e9st\u0151l \u00e9s gy\u00e1rt\u00e1st\u00f3l a sz\u00e1ll\u00edt\u00e1son \u00e1t az \u00e9rt\u00e9kes\u00edt\u00e9s ut\u00e1ni t\u00e1mogat\u00e1sig elk\u00f6telezett csapatunk elk\u00f6telezett a z\u00f6kken\u0151mentes \u00e9lm\u00e9ny biztos\u00edt\u00e1sa ir\u00e1nt a teljes folyamat sor\u00e1n.<\/li>\n<\/ul>\n<p>Legyen partnere az FMP-nek m\u00e9g ma, \u00e9s tapasztalja meg azt a kiv\u00e1l\u00f3s\u00e1got, amely megk\u00fcl\u00f6nb\u00f6ztet minket a hidraulikus hengerek ipar\u00e1g\u00e1ban.<\/p>\n<p>Szerz\u0151: CX<\/p>","protected":false},"excerpt":{"rendered":"<p>The 10033 Good Quality Mini Hydraulic Cylinder is specifically designed for tractor applications, offering reliable performance and efficient operation. This double acting hydraulic cylinder is compact yet powerful, making it an essential component for various agricultural tasks. Key Features: Double Acting Design: The double acting mechanism allows for smooth operation in both extension and retraction, [&hellip;]<\/p>","protected":false},"featured_media":1133,"comment_status":"closed","ping_status":"closed","template":"","meta":{"_et_pb_use_builder":"","_et_pb_old_content":"","_et_gb_content_width":""},"product_brand":[],"product_cat":[31],"product_tag":[34,35],"class_list":{"0":"post-953","1":"product","2":"type-product","3":"status-publish","4":"has-post-thumbnail","6":"product_cat-welded-tee-type-cylinder","7":"product_tag-hydraulic-cylinder","8":"product_tag-welded-tee-type-cylinder","10":"first","11":"instock","12":"product-type-simple"},"_links":{"self":[{"href":"https:\/\/fmp-components.com\/hu\/wp-json\/wp\/v2\/product\/953","targetHints":{"allow":["GET"]}}],"collection":[{"href":"https:\/\/fmp-components.com\/hu\/wp-json\/wp\/v2\/product"}],"about":[{"href":"https:\/\/fmp-components.com\/hu\/wp-json\/wp\/v2\/types\/product"}],"replies":[{"embeddable":true,"href":"https:\/\/fmp-components.com\/hu\/wp-json\/wp\/v2\/comments?post=953"}],"wp:featuredmedia":[{"embeddable":true,"href":"https:\/\/fmp-components.com\/hu\/wp-json\/wp\/v2\/media\/1133"}],"wp:attachment":[{"href":"https:\/\/fmp-components.com\/hu\/wp-json\/wp\/v2\/media?parent=953"}],"wp:term":[{"taxonomy":"product_brand","embeddable":true,"href":"https:\/\/fmp-components.com\/hu\/wp-json\/wp\/v2\/product_brand?post=953"},{"taxonomy":"product_cat","embeddable":true,"href":"https:\/\/fmp-components.com\/hu\/wp-json\/wp\/v2\/product_cat?post=953"},{"taxonomy":"product_tag","embeddable":true,"href":"https:\/\/fmp-components.com\/hu\/wp-json\/wp\/v2\/product_tag?post=953"}],"curies":[{"name":"munkaf\u00fczet","href":"https:\/\/api.w.org\/{rel}","templated":true}]}}