{"id":952,"date":"2024-12-19T03:39:43","date_gmt":"2024-12-19T03:39:43","guid":{"rendered":"https:\/\/fmp-components.com\/product\/10032-factory-direct-sale-double-acting-hydraulic-cylinder-for-trailer\/"},"modified":"2024-12-19T08:47:35","modified_gmt":"2024-12-19T08:47:35","slug":"10032-factory-direct-sale-double-acting-hydraulic-cylinder-for-trailer","status":"publish","type":"product","link":"https:\/\/fmp-components.com\/hu\/product\/10032-factory-direct-sale-double-acting-hydraulic-cylinder-for-trailer\/","title":{"rendered":"10032 Gy\u00e1ri k\u00f6zvetlen \u00e9rt\u00e9kes\u00edt\u00e9s\u0171 kett\u0151s m\u0171k\u00f6d\u00e9s\u0171 hidraulikus henger p\u00f3tkocsihoz"},"content":{"rendered":"<p>A 10032-es gy\u00e1rilag k\u00f6zvetlen \u00e9rt\u00e9kes\u00edt\u00e9s\u0171 kett\u0151s m\u0171k\u00f6d\u00e9s\u0171 hidraulikus henger kifejezetten p\u00f3tkocsis alkalmaz\u00e1sokhoz k\u00e9sz\u00fclt, kiv\u00e9teles teljes\u00edtm\u00e9nyt \u00e9s megb\u00edzhat\u00f3s\u00e1got k\u00edn\u00e1lva. Ez a hidraulikus henger nagy teljes\u00edtm\u00e9ny\u0171 emel\u00e9si \u00e9s s\u00fcllyeszt\u00e9si k\u00e9pess\u00e9geket biztos\u00edt, \u00edgy elengedhetetlen a hat\u00e9kony p\u00f3tkocsi-\u00fczemeltet\u00e9shez.<\/p>\n<h4>F\u0151bb jellemz\u0151k:<\/h4>\n<ul>\n<li><strong>Kett\u0151s m\u0171k\u00f6d\u00e9s\u0171 funkci\u00f3<\/strong>: Lehet\u0151v\u00e9 teszi a sima m\u0171k\u00f6d\u00e9st mind a kitol\u00e1s, mind a visszah\u00faz\u00e1s sor\u00e1n, prec\u00edz ir\u00e1ny\u00edt\u00e1st biztos\u00edtva a be- \u00e9s kirakod\u00e1si feladatok sor\u00e1n.<\/li>\n<li><strong>Gy\u00e1ri k\u00f6zvetlen \u00e9rt\u00e9kes\u00edt\u00e9s<\/strong>K\u00f6zvetlen\u00fcl a gy\u00e1rt\u00f3t\u00f3l k\u00edn\u00e1lva, versenyk\u00e9pes \u00e1rat \u00e9s kiv\u00e1l\u00f3 min\u0151s\u00e9get biztos\u00edtva k\u00f6zvet\u00edt\u0151k n\u00e9lk\u00fcl.<\/li>\n<li><strong>Robusztus konstrukci\u00f3<\/strong>Nagy szil\u00e1rds\u00e1g\u00fa anyagokb\u00f3l k\u00e9sz\u00fclt, hogy ellen\u00e1lljon a nagy terhel\u00e9seknek \u00e9s a zord \u00fczemi k\u00f6r\u00fclm\u00e9nyeknek, biztos\u00edtva a tart\u00f3ss\u00e1got \u00e9s a hossz\u00fa \u00e9lettartamot.<\/li>\n<li><strong>Korr\u00f3zi\u00f3\u00e1ll\u00f3 bevonat<\/strong>: Bevonattal ell\u00e1tva a rozsda \u00e9s a korr\u00f3zi\u00f3 elleni v\u00e9delem \u00e9rdek\u00e9ben, k\u00fclt\u00e9ri haszn\u00e1latra \u00e9s k\u00fcl\u00f6nf\u00e9le id\u0151j\u00e1r\u00e1si k\u00f6r\u00fclm\u00e9nyek k\u00f6z\u00f6tt is alkalmas.<\/li>\n<li><strong>K\u00f6nny\u0171 telep\u00edt\u00e9s<\/strong>A megl\u00e9v\u0151 p\u00f3tkocsi-rendszerekbe val\u00f3 gyors \u00e9s egyszer\u0171 integr\u00e1ci\u00f3ra tervezt\u00e9k, minimaliz\u00e1lva a be\u00e1ll\u00edt\u00e1si id\u0151t.<\/li>\n<\/ul>\n<h4>El\u0151ny\u00f6k:<\/h4>\n<ul>\n<li><strong>Fokozott hat\u00e9konys\u00e1g<\/strong>N\u00f6veli a p\u00f3tkocsik m\u0171k\u00f6d\u00e9si hat\u00e9konys\u00e1g\u00e1t, megk\u00f6nny\u00edtve a sima \u00e9s megb\u00edzhat\u00f3 emel\u00e9st \u00e9s s\u00fcllyeszt\u00e9st.<\/li>\n<li><strong>Sokoldal\u00fa alkalmaz\u00e1sok<\/strong>: K\u00fcl\u00f6nf\u00e9le ut\u00e1nfut\u00f3 t\u00edpusokhoz \u00e9s felhaszn\u00e1l\u00e1sokhoz alkalmas, \u00edgy sokoldal\u00fa kieg\u00e9sz\u00edt\u0151je lehet felszerel\u00e9s\u00e9nek.<\/li>\n<li><strong>Cs\u00f6kkentett karbantart\u00e1si k\u00f6lts\u00e9gek<\/strong>A tart\u00f3s kialak\u00edt\u00e1s minimaliz\u00e1lja a kop\u00e1st, ami id\u0151vel alacsonyabb karbantart\u00e1si k\u00f6lts\u00e9geket eredm\u00e9nyez.<\/li>\n<\/ul>\n<p>A 10032-es gy\u00e1rilag k\u00f6zvetlen \u00e9rt\u00e9kes\u00edt\u00e9s\u0171 kett\u0151s m\u0171k\u00f6d\u00e9s\u0171 hidraulikus henger elengedhetetlen alkatr\u00e9sz a p\u00f3tkocsikhoz, megb\u00edzhat\u00f3 teljes\u00edtm\u00e9nyt \u00e9s hat\u00e9konys\u00e1got biztos\u00edtva. Robusztus kialak\u00edt\u00e1s\u00e1nak \u00e9s gy\u00e1rilag k\u00f6zvetlen \u00e9rt\u00e9kes\u00edt\u00e9s\u00e9nek k\u00f6sz\u00f6nhet\u0151en kiv\u00e1l\u00f3 v\u00e1laszt\u00e1s mindazok sz\u00e1m\u00e1ra, akik szeretn\u00e9k jav\u00edtani p\u00f3tkocsi-m\u0171veleteiket.<\/p>\n<p><img decoding=\"async\" src=\"https:\/\/hzpt.com\/wp-content\/uploads\/2023\/12\/random-3.webp\" alt=\"\" title=\"\"><\/p>\n<p>&nbsp;<\/p>\n<h2>A hegesztett p\u00f3l\u00f3 t\u00edpus\u00fa henger el\u0151nyei<\/h2>\n<ul>\n<li style=\"list-style-type: none;\">\n<ul>\n<li><strong>Megn\u00f6velt er\u0151:<\/strong> A hegesztett T-idom\u00fa hengerek nagy szil\u00e1rds\u00e1gukr\u00f3l ismertek, \u00edgy alkalmasak neh\u00e9z emel\u00e9st ig\u00e9nyl\u0151 alkalmaz\u00e1sokhoz. Az ilyen hengerek gy\u00e1rt\u00e1sa sor\u00e1n alkalmazott hegeszt\u00e9si elj\u00e1r\u00e1s biztos\u00edtja, hogy a henger mentes legyen a gyenge pontokt\u00f3l, \u00e9s ellen\u00e1lljon a nagy nyom\u00e1snak \u00e9s terhel\u00e9snek.<\/li>\n<\/ul>\n<\/li>\n<\/ul>\n<p>Amikor a hengerre nyom\u00e1st gyakorolunk, az egyenletesen oszlik el a teljes fel\u00fcleten, \u00edgy ellen\u00e1ll a deform\u00e1ci\u00f3nak. Ez a tulajdons\u00e1g biztos\u00edtja, hogy a henger extr\u00e9m k\u00f6r\u00fclm\u00e9nyek k\u00f6z\u00f6tt is megtartsa alakj\u00e1t \u00e9s szerkezeti integrit\u00e1s\u00e1t.<\/p>\n<ul>\n<li style=\"list-style-type: none;\">\n<ul>\n<li><strong>Sziv\u00e1rg\u00e1smegel\u0151z\u00e9s:<\/strong> A hegesztett T-idom\u00fa palackokat a sziv\u00e1rg\u00e1s megakad\u00e1lyoz\u00e1s\u00e1ra tervezt\u00e9k. A gy\u00e1rt\u00e1si folyamat sor\u00e1n alkalmazott hegeszt\u00e9si elj\u00e1r\u00e1s biztos\u00edtja, hogy a palack teljesen t\u00f6m\u00edtett \u00e9s mentes legyen minden lehets\u00e9ges sziv\u00e1rg\u00e1st\u00f3l. Ez a tulajdons\u00e1g alkalmass\u00e1 teszi \u0151ket olyan alkalmaz\u00e1sokhoz, ahol a sziv\u00e1rg\u00e1s s\u00falyos k\u00e1rokat vagy s\u00e9r\u00fcl\u00e9seket okozhat.<\/li>\n<\/ul>\n<\/li>\n<\/ul>\n<p>A hegesztett illeszt\u00e9sek sim\u00e1k, reped\u00e9sek vagy hornyok n\u00e9lk\u00fcl, ahol t\u00f6rmel\u00e9k vagy szennyez\u0151d\u00e9s felhalmoz\u00f3dhatna, cs\u00f6kkentve a korr\u00f3zi\u00f3 \u00e9s a henger k\u00e1rosod\u00e1s\u00e1nak kock\u00e1zat\u00e1t.<\/p>\n<ul>\n<li style=\"list-style-type: none;\">\n<ul>\n<li><strong>Testreszabhat\u00f3:<\/strong> A hegesztett T-idom\u00fa hengerek testreszabhat\u00f3k az adott alkalmaz\u00e1sokhoz. A hengerek k\u00fcl\u00f6nb\u00f6z\u0151 m\u00e9retekben \u00e9s form\u00e1kban kaphat\u00f3k, \u00e9s az alkalmaz\u00e1s konkr\u00e9t k\u00f6vetelm\u00e9nyeinek megfelel\u0151en gy\u00e1rthat\u00f3k.<\/li>\n<\/ul>\n<\/li>\n<\/ul>\n<p>A testreszab\u00e1si folyamat lehet\u0151v\u00e9 teszi a henger teljes\u00edtm\u00e9ny\u00e9nek optimaliz\u00e1l\u00e1s\u00e1t, biztos\u00edtva, hogy az megfeleljen a k\u00edv\u00e1nt alkalmaz\u00e1snak. Ez a tulajdons\u00e1g teszi a hegesztett T-idom\u00fa hengereket ide\u00e1liss\u00e1 k\u00fcl\u00f6nf\u00e9le ipari alkalmaz\u00e1sokhoz, bele\u00e9rtve az \u00e9p\u00edt\u0151iparban, a b\u00e1ny\u00e1szatban \u00e9s az anyagmozgat\u00e1sban val\u00f3 haszn\u00e1latra.<\/p>\n<ul>\n<li style=\"list-style-type: none;\">\n<ul>\n<li><strong>K\u00f6lts\u00e9ghat\u00e9kony:<\/strong> A hegesztett T-idom\u00fa hengerek k\u00f6lts\u00e9ghat\u00e9konyabbak m\u00e1s t\u00edpus\u00fa hengerekhez k\u00e9pest. Az ilyen hengerek gy\u00e1rt\u00e1si folyamata egyszer\u0171, \u00edgy olcs\u00f3bbak, mint m\u00e1s t\u00edpus\u00fa hengerek.<\/li>\n<\/ul>\n<\/li>\n<\/ul>\n<p>Tov\u00e1bb\u00e1 a hegesztett T-idom\u00fa hengerek nagy szil\u00e1rds\u00e1ga \u00e9s tart\u00f3ss\u00e1ga cs\u00f6kkenti a gyakori jav\u00edt\u00e1sok \u00e9s cser\u00e9k sz\u00fcks\u00e9gess\u00e9g\u00e9t, \u00edgy megtakar\u00edtva a karbantart\u00e1si k\u00f6lts\u00e9geket. Ez a tulajdons\u00e1g n\u00e9pszer\u0171 v\u00e1laszt\u00e1ss\u00e1 teszi \u0151ket sz\u00e1mos ipar\u00e1gban, k\u00fcl\u00f6n\u00f6sen a korl\u00e1tozott k\u00f6lts\u00e9gvet\u00e9ssel rendelkez\u0151k sz\u00e1m\u00e1ra.<\/p>\n<ul>\n<li style=\"list-style-type: none;\">\n<ul>\n<li><strong>Megn\u00f6velt hat\u00e9konys\u00e1g:<\/strong> A hegesztett T-idom\u00fa hengerek rendk\u00edv\u00fcl hat\u00e9konyak \u00e9s eredm\u00e9nyesek. A henger kialak\u00edt\u00e1sa biztos\u00edtja, hogy az alkalmazott er\u0151 k\u00f6zvetlen\u00fcl a terhel\u00e9sre ker\u00fclj\u00f6n \u00e1t, cs\u00f6kkentve az energiavesztes\u00e9get \u00e9s n\u00f6velve a hat\u00e9konys\u00e1got.<\/li>\n<\/ul>\n<\/li>\n<\/ul>\n<p>A hegesztett k\u00f6t\u00e9sek er\u0151sek \u00e9s merevek, minimaliz\u00e1lj\u00e1k az alakv\u00e1ltoz\u00e1st, \u00e9s biztos\u00edtj\u00e1k, hogy a henger extr\u00e9m k\u00f6r\u00fclm\u00e9nyek k\u00f6z\u00f6tt is megtartsa alakj\u00e1t \u00e9s szerkezeti integrit\u00e1s\u00e1t. Ez a tulajdons\u00e1g ide\u00e1liss\u00e1 teszi a hegesztett T-idom\u00fa hengereket olyan alkalmaz\u00e1sokhoz, amelyek nagy hat\u00e9konys\u00e1got \u00e9s megb\u00edzhat\u00f3s\u00e1got ig\u00e9nyelnek.<\/p>\n<p><img decoding=\"async\" src=\"https:\/\/hzpt.com\/wp-content\/uploads\/2023\/12\/random-1.webp?v=1694163707\" alt=\"\" title=\"\"><\/p>\n<h2>Hegesztett p\u00f3l\u00f3 t\u00edpus\u00fa henger alkalmaz\u00e1sa<\/h2>\n<ol>\n<li>\n<h3>Aut\u00f3ipar<\/h3>\n<p>A hegesztett T-idom\u00fa hengereket sz\u00e9les k\u00f6rben haszn\u00e1lj\u00e1k az aut\u00f3iparban. Aut\u00f3ajt\u00f3kban, motorh\u00e1ztet\u0151- \u00e9s csomagtart\u00f3-emel\u0151kben, kabri\u00f3tet\u0151kben \u00e9s szervokorm\u00e1nyrendszerekben haszn\u00e1lj\u00e1k \u0151ket. Ezeket a hengereket az\u00e9rt r\u00e9szes\u00edtik el\u0151nyben, mert alacsony helyig\u00e9ny mellett nagy er\u0151t tudnak leadni. A T-idom\u00fa henger kialak\u00edt\u00e1sa j\u00f3l alkalmazhat\u00f3 olyan alkalmaz\u00e1sokban, ahol az er\u0151t k\u00e9t k\u00fcl\u00f6nb\u00f6z\u0151 ir\u00e1nyba kell tov\u00e1bb\u00edtani.<\/p>\n<p>Tov\u00e1bb\u00e1, ezeknek a hengereknek a hegesztett konstrukci\u00f3ja lehet\u0151v\u00e9 teszi, hogy magas h\u0151m\u00e9rs\u00e9kleten \u00e9s nyom\u00e1son sziv\u00e1rg\u00e1s n\u00e9lk\u00fcl m\u0171k\u00f6djenek. Ez alkalmass\u00e1 teszi \u0151ket motorokban, sebess\u00e9gv\u00e1lt\u00f3kban \u00e9s f\u00e9krendszerekben val\u00f3 haszn\u00e1latra.<\/li>\n<li>\n<h3>Feldolgoz\u00f3 ipar<\/h3>\n<p>A hegesztett T-idom\u00fa hengereket a gy\u00e1rt\u00f3iparban is haszn\u00e1lj\u00e1k. Hidraulikus pr\u00e9sekben, kov\u00e1csol\u00f3g\u00e9pekben \u00e9s f\u00e9mv\u00e1g\u00f3 g\u00e9pekben haszn\u00e1lj\u00e1k \u0151ket. Ezeknek a hengereknek a nagy er\u0151teljes\u00edtm\u00e9nye ide\u00e1liss\u00e1 teszi \u0151ket olyan alkalmaz\u00e1sokhoz, ahol nagy er\u0151re van sz\u00fcks\u00e9g kis t\u00e9rben.<\/p>\n<p>A T-idom\u00fa henger kialak\u00edt\u00e1sa j\u00f3l alkalmazhat\u00f3 olyan alkalmaz\u00e1sokhoz is, ahol az er\u0151t k\u00e9t k\u00fcl\u00f6nb\u00f6z\u0151 ir\u00e1nyba kell \u00e1tvinni. P\u00e9ld\u00e1ul egy hidraulikus pr\u00e9sben a T-idom\u00fa henger f\u00fcgg\u0151leges \u00e9s v\u00edzszintes er\u0151 kifejt\u00e9s\u00e9re is haszn\u00e1lhat\u00f3, ami \u00f6sszetettebb gy\u00e1rt\u00e1si folyamatokat tesz lehet\u0151v\u00e9.<\/li>\n<li>\n<h3>Rep\u00fcl\u0151ipar<\/h3>\n<p>A hegesztett T-idom\u00fa hengereket a rep\u00fcl\u0151g\u00e9piparban sz\u00e1mos alkalmaz\u00e1sra haszn\u00e1lj\u00e1k. Fut\u00f3m\u0171-rendszerekben, rakt\u00e9rajt\u00f3kban \u00e9s rep\u00fcl\u00e9sir\u00e1ny\u00edt\u00f3 rendszerekben haszn\u00e1lj\u00e1k \u0151ket. Nagy er\u0151teljes\u00edtm\u00e9ny\u00fck \u00e9s kompakt kialak\u00edt\u00e1suk ide\u00e1liss\u00e1 teszi \u0151ket a rep\u00fcl\u0151g\u00e9peken rendelkez\u00e9sre \u00e1ll\u00f3 korl\u00e1tozott helyeken val\u00f3 haszn\u00e1latra.<\/p>\n<p>Ezeknek a hengereknek a hegesztett konstrukci\u00f3ja ellen\u00e1ll\u00f3v\u00e1 teszi \u0151ket a rep\u00fcl\u00e9s sor\u00e1n fell\u00e9p\u0151 magas nyom\u00e1ssal \u00e9s h\u0151m\u00e9rs\u00e9klettel szemben. Ezenk\u00edv\u00fcl a T-idom\u00fa henger kialak\u00edt\u00e1sa lehet\u0151v\u00e9 teszi az er\u0151 k\u00e9t k\u00fcl\u00f6nb\u00f6z\u0151 ir\u00e1nyba t\u00f6rt\u00e9n\u0151 \u00e1tvitel\u00e9t, \u00edgy j\u00f3l alkalmazhat\u00f3 olyan alkalmaz\u00e1sokhoz, ahol az er\u0151t sz\u00f6gben kell kifejteni.<\/li>\n<li>\n<h3>\u00c9p\u00edt\u0151ipar<\/h3>\n<p>A hegesztett T-idom\u00fa munkahengereket az \u00e9p\u00edt\u0151iparban haszn\u00e1lj\u00e1k neh\u00e9z emel\u00e9si \u00e9s mozgat\u00e1si alkalmaz\u00e1sokhoz. Darukban, kotr\u00f3g\u00e9pekben \u00e9s kotr\u00f3g\u00e9pekben haszn\u00e1lj\u00e1k \u0151ket. Nagy er\u0151teljes\u00edtm\u00e9ny\u00fck \u00e9s kompakt kialak\u00edt\u00e1suk ide\u00e1liss\u00e1 teszi \u0151ket az \u00e9p\u00edtkez\u00e9seken rendelkez\u00e9sre \u00e1ll\u00f3 korl\u00e1tozott helyeken val\u00f3 haszn\u00e1latra.<\/p>\n<p>A T-idom\u00fa henger kialak\u00edt\u00e1sa lehet\u0151v\u00e9 teszi az er\u0151 k\u00e9t k\u00fcl\u00f6nb\u00f6z\u0151 ir\u00e1nyba t\u00f6rt\u00e9n\u0151 \u00e1tvitel\u00e9t, \u00edgy j\u00f3l alkalmazhat\u00f3 olyan alkalmaz\u00e1sokhoz, ahol az er\u0151t sz\u00f6gben kell kifejteni. Ezenk\u00edv\u00fcl ezeknek a hengereknek a hegesztett konstrukci\u00f3ja lehet\u0151v\u00e9 teszi, hogy nagy nyom\u00e1son \u00e9s h\u0151m\u00e9rs\u00e9kleten sziv\u00e1rg\u00e1s n\u00e9lk\u00fcl m\u0171k\u00f6djenek, \u00edgy alkalmasak zord k\u00fclt\u00e9ri k\u00f6rnyezetben val\u00f3 haszn\u00e1latra.<\/li>\n<\/ol>\n<h3>Az FMP-r\u0151l<\/h3>\n<p>Az FMP egy professzion\u00e1lis hidraulikus henger gy\u00e1rt\u00f3 \u00e9s forgalmaz\u00f3, t\u00f6bb mint 30 \u00e9ves tapasztalattal az ipar\u00e1gban. Ipari ter\u00fclet\u00fcnk Olaszorsz\u00e1gban tal\u00e1lhat\u00f3, \u00e9s t\u00f6bb mint 100 berendez\u00e9ssel rendelkez\u00fcnk, bele\u00e9rtve az automatikus g\u00e1zv\u00e9d\u0151g\u00e1zas hegeszt\u0151g\u00e9peket, m\u00e9lyf\u00far\u00f3 g\u00e9peket, CNC eszterg\u00e1kat, hengeres k\u00f6sz\u00f6r\u0171ket, automatikus tiszt\u00edt\u00f3g\u00e9peket, automatikus szerel\u0151g\u00e9peket, automatikus hidraulikus henger teljes\u00edtm\u00e9nyteszt padokat, automatikus fest\u0151sorokat \u00e9s egyebeket. Minden egyes hidraulikus henger szigor\u00fa megmunk\u00e1l\u00e1son \u00e9s ellen\u0151rz\u00e9sen megy kereszt\u00fcl, hogy garant\u00e1ljuk a j\u00f3 min\u0151s\u00e9get \u00fcgyfeleink sz\u00e1m\u00e1ra.<\/p>\n<p>\u00cdme \u00f6t ok, ami\u00e9rt \u00e9rdemes az FMP-t v\u00e1lasztania:<\/p>\n<p>1. Tervez\u00e9si szolg\u00e1ltat\u00e1s: Tervez\u0151csapatunk gazdag tapasztalattal rendelkezik a kard\u00e1ntengelyek term\u00e9ktervez\u00e9s\u00e9ben \u00e9s fejleszt\u00e9s\u00e9ben. Ha \u00faj term\u00e9kekre van sz\u00fcks\u00e9ge, vagy tov\u00e1bbi fejleszt\u00e9seket szeretne, mi t\u00e1mogatjuk \u00d6nt.<\/p>\n<p>2. Term\u00e9kszolg\u00e1ltat\u00e1s: Term\u00e9keink szigor\u00fa folyamaton mennek kereszt\u00fcl, amely mag\u00e1ban foglalja a nyersanyag-beszerz\u00e9st, a v\u00e1g\u00e1st, a durva megmunk\u00e1l\u00e1st, a tesztel\u00e9st, a tiszt\u00edt\u00e1st, az \u00f6sszeszerel\u00e9st, a csomagol\u00e1st \u00e9s a sz\u00e1ll\u00edt\u00e1st. Ez biztos\u00edtja, hogy term\u00e9keink a legmagasabb min\u0151s\u00e9g\u0171ek legyenek \u00e9s megfeleljenek az \u00d6n ig\u00e9nyeinek.<\/p>\n<p>3. Mintav\u00e9teli folyamat: Az \u00d6n ig\u00e9nyei szerint tudunk mint\u00e1kat kidolgozni, \u00e9s azokat folyamatosan m\u00f3dos\u00edtani, hogy megfeleljenek az \u00d6n ig\u00e9nyeinek. Ez biztos\u00edtja, hogy pontosan azt kapja term\u00e9keinkt\u0151l, amire sz\u00fcks\u00e9ge van.<\/p>\n<p>4. K+F: Folyamatosan tanulm\u00e1nyozzuk a piacot, \u00e9s \u00faj modelleket fejleszt\u00fcnk, hogy megfelelj\u00fcnk \u00fcgyfeleink v\u00e1ltoz\u00f3 ig\u00e9nyeinek.<\/p>\n<p>5. Testreszab\u00e1s: Elfogadunk egyedi megrendel\u00e9seket, \u00e9s az \u00d6n egyedi ig\u00e9nyeire szabott term\u00e9keket tudunk biztos\u00edtani.<\/p>\n<p>Az FMP-n\u00e9l b\u00fcszk\u00e9k vagyunk kiv\u00e1l\u00f3 min\u0151s\u00e9g\u0171 hidraulikus hengereinkre \u00e9s kiv\u00e1l\u00f3 \u00fcgyf\u00e9lszolg\u00e1latunkra. L\u00e9pjen kapcsolatba vel\u00fcnk m\u00e9g ma, ha hidraulikus hengerekkel kapcsolatos ig\u00e9nyei vannak.<\/p>\n<p><img decoding=\"async\" src=\"https:\/\/fmp-components.com\/wp-content\/uploads\/2024\/12\/fmp-factory-4.webp\" alt=\"FMP gy\u00e1r\" width=\"800\" title=\"\"><br \/>\nSzerz\u0151: CX<\/p>","protected":false},"excerpt":{"rendered":"<p>The 10032 Factory Direct Sale Double Acting Hydraulic Cylinder is engineered specifically for trailer applications, offering exceptional performance and reliability. This hydraulic cylinder is designed to provide powerful lifting and lowering capabilities, making it essential for efficient trailer operations. Key Features: Double Acting Functionality: Allows for smooth operation in both extension and retraction, providing precise [&hellip;]<\/p>","protected":false},"featured_media":1133,"comment_status":"closed","ping_status":"closed","template":"","meta":{"_et_pb_use_builder":"","_et_pb_old_content":"","_et_gb_content_width":""},"product_brand":[],"product_cat":[31],"product_tag":[34,35],"class_list":{"0":"post-952","1":"product","2":"type-product","3":"status-publish","4":"has-post-thumbnail","6":"product_cat-welded-tee-type-cylinder","7":"product_tag-hydraulic-cylinder","8":"product_tag-welded-tee-type-cylinder","10":"first","11":"instock","12":"product-type-simple"},"_links":{"self":[{"href":"https:\/\/fmp-components.com\/hu\/wp-json\/wp\/v2\/product\/952","targetHints":{"allow":["GET"]}}],"collection":[{"href":"https:\/\/fmp-components.com\/hu\/wp-json\/wp\/v2\/product"}],"about":[{"href":"https:\/\/fmp-components.com\/hu\/wp-json\/wp\/v2\/types\/product"}],"replies":[{"embeddable":true,"href":"https:\/\/fmp-components.com\/hu\/wp-json\/wp\/v2\/comments?post=952"}],"wp:featuredmedia":[{"embeddable":true,"href":"https:\/\/fmp-components.com\/hu\/wp-json\/wp\/v2\/media\/1133"}],"wp:attachment":[{"href":"https:\/\/fmp-components.com\/hu\/wp-json\/wp\/v2\/media?parent=952"}],"wp:term":[{"taxonomy":"product_brand","embeddable":true,"href":"https:\/\/fmp-components.com\/hu\/wp-json\/wp\/v2\/product_brand?post=952"},{"taxonomy":"product_cat","embeddable":true,"href":"https:\/\/fmp-components.com\/hu\/wp-json\/wp\/v2\/product_cat?post=952"},{"taxonomy":"product_tag","embeddable":true,"href":"https:\/\/fmp-components.com\/hu\/wp-json\/wp\/v2\/product_tag?post=952"}],"curies":[{"name":"munkaf\u00fczet","href":"https:\/\/api.w.org\/{rel}","templated":true}]}}