{"id":949,"date":"2024-12-19T03:39:43","date_gmt":"2024-12-19T03:39:43","guid":{"rendered":"https:\/\/fmp-components.com\/product\/10029-customized-mini-welded-hydraulic-cylinders-for-agricultural-machinery\/"},"modified":"2024-12-19T08:44:05","modified_gmt":"2024-12-19T08:44:05","slug":"10029-customized-mini-welded-hydraulic-cylinders-for-agricultural-machinery","status":"publish","type":"product","link":"https:\/\/fmp-components.com\/hu\/product\/10029-customized-mini-welded-hydraulic-cylinders-for-agricultural-machinery\/","title":{"rendered":"10029 Testreszabott Mini Hegesztett Hidraulikus Hengerek Mez\u0151gazdas\u00e1gi G\u00e9pekhez"},"content":{"rendered":"<p>A 10029-es egyedi mini hegesztett hidraulikus hengerek kifejezetten mez\u0151gazdas\u00e1gi g\u00e9pekhez k\u00e9sz\u00fcltek, kompakt \u00e9s nagy teljes\u00edtm\u00e9ny\u0171 megold\u00e1st k\u00edn\u00e1lva k\u00fcl\u00f6nf\u00e9le mez\u0151gazdas\u00e1gi alkalmaz\u00e1sokhoz. Ezek a hidraulikus hengerek kiv\u00e9teles teljes\u00edtm\u00e9nyt \u00e9s tart\u00f3ss\u00e1got k\u00edn\u00e1lnak, \u00edgy ide\u00e1lisak sz\u0171k helyeken \u00e9s ig\u00e9nyes k\u00f6rnyezetben val\u00f3 haszn\u00e1latra.<\/p>\n<h4>F\u0151bb jellemz\u0151k:<\/h4>\n<ul>\n<li><strong>Testreszabott tervez\u00e9s<\/strong>: Speci\u00e1lis ig\u00e9nyekre szabva, biztos\u00edtva a kompatibilit\u00e1st a mez\u0151gazdas\u00e1gi g\u00e9pek sz\u00e9les sk\u00e1l\u00e1j\u00e1val.<\/li>\n<li><strong>Miniat\u0171r m\u00e9ret<\/strong>A kompakt kialak\u00edt\u00e1s lehet\u0151v\u00e9 teszi a korl\u00e1tozott helyekre val\u00f3 telep\u00edt\u00e9st a teljes\u00edtm\u00e9ny vagy az er\u0151 fel\u00e1ldoz\u00e1sa n\u00e9lk\u00fcl.<\/li>\n<li><strong>Hegesztett szerkezet<\/strong>Robusztus hegesztett kialak\u00edt\u00e1ssal k\u00e9sz\u00fclt a fokozott szil\u00e1rds\u00e1g \u00e9s megb\u00edzhat\u00f3s\u00e1g \u00e9rdek\u00e9ben, alkalmas nagy ig\u00e9nybev\u00e9tel\u0171 haszn\u00e1latra.<\/li>\n<li><strong>Korr\u00f3zi\u00f3\u00e1ll\u00f3 bevonat<\/strong>V\u00e9d\u0151bevonatokkal kezelve a rozsda \u00e9s a korr\u00f3zi\u00f3 megakad\u00e1lyoz\u00e1sa \u00e9rdek\u00e9ben, biztos\u00edtva a hossz\u00fa \u00e9lettartamot k\u00fclt\u00e9ri k\u00f6r\u00fclm\u00e9nyek k\u00f6z\u00f6tt.<\/li>\n<li><strong>K\u00f6nny\u0171 integr\u00e1ci\u00f3<\/strong>: K\u00fcl\u00f6nb\u00f6z\u0151 mez\u0151gazdas\u00e1gi g\u00e9pekbe val\u00f3 egyszer\u0171 beszerel\u00e9sre tervezt\u00e9k, gyors be\u00e1ll\u00edt\u00e1st \u00e9s minim\u00e1lis \u00e1ll\u00e1sid\u0151t biztos\u00edtva.<\/li>\n<\/ul>\n<p><img decoding=\"async\" src=\"https:\/\/hzpt.com\/wp-content\/uploads\/2023\/12\/random-2.webp\" alt=\"\" title=\"\"><\/p>\n<h4>El\u0151ny\u00f6k:<\/h4>\n<ul>\n<li><strong>Fokozott hat\u00e9konys\u00e1g<\/strong>Optimaliz\u00e1lja a mez\u0151gazdas\u00e1gi g\u00e9pek teljes\u00edtm\u00e9ny\u00e9t, sima \u00e9s er\u0151teljes hidraulikus m\u0171k\u00f6d\u00e9st biztos\u00edtva.<\/li>\n<li><strong>Sokoldal\u00fa alkalmaz\u00e1sok<\/strong>Ide\u00e1lis k\u00fcl\u00f6nf\u00e9le feladatokhoz, bele\u00e9rtve az emel\u00e9st, tol\u00e1st \u00e9s h\u00faz\u00e1st a mez\u0151gazdas\u00e1gi m\u0171veletek sor\u00e1n.<\/li>\n<li><strong>Cs\u00f6kkentett karbantart\u00e1s<\/strong>A tart\u00f3s konstrukci\u00f3 minimaliz\u00e1lja a kop\u00e1st, ami id\u0151vel alacsonyabb karbantart\u00e1si k\u00f6lts\u00e9geket eredm\u00e9nyez.<\/li>\n<\/ul>\n<p>A 10029-es egyedi mini hegesztett hidraulikus hengerek a modern mez\u0151gazdas\u00e1gi g\u00e9pek alapvet\u0151 alkot\u00f3elemei, megb\u00edzhat\u00f3 teljes\u00edtm\u00e9nyt \u00e9s hat\u00e9konys\u00e1got biztos\u00edtva kompakt kivitelben. Robusztus kialak\u00edt\u00e1suk \u00e9s testreszab\u00e1si lehet\u0151s\u00e9geik \u00e9rt\u00e9kes kieg\u00e9sz\u00edt\u0151iv\u00e9 teszik \u0151ket b\u00e1rmely mez\u0151gazdas\u00e1gi tev\u00e9kenys\u00e9gnek.<\/p>\n<p>&nbsp;<\/p>\n<p><img decoding=\"async\" class=\"aligncenter\" src=\"https:\/\/hzpt.com\/wp-content\/uploads\/2023\/12\/random-3.webp\" alt=\"\" title=\"\"><\/p>\n<p><!-- Add 5 Q&A here --><\/p>\n<h2>A hegesztett p\u00f3l\u00f3 t\u00edpus\u00fa henger el\u0151nyei<\/h2>\n<ul>\n<li style=\"list-style-type: none;\">\n<ul>\n<li><strong>Megn\u00f6velt er\u0151:<\/strong> A hegesztett T-idom\u00fa hengerek nagy szil\u00e1rds\u00e1gukr\u00f3l ismertek, \u00edgy alkalmasak neh\u00e9z emel\u00e9st ig\u00e9nyl\u0151 alkalmaz\u00e1sokhoz. Az ilyen hengerek gy\u00e1rt\u00e1sa sor\u00e1n alkalmazott hegeszt\u00e9si elj\u00e1r\u00e1s biztos\u00edtja, hogy a henger mentes legyen a gyenge pontokt\u00f3l, \u00e9s ellen\u00e1lljon a nagy nyom\u00e1snak \u00e9s terhel\u00e9snek.<\/li>\n<\/ul>\n<\/li>\n<\/ul>\n<p>Amikor a hengerre nyom\u00e1st gyakorolunk, az egyenletesen oszlik el a teljes fel\u00fcleten, \u00edgy ellen\u00e1ll a deform\u00e1ci\u00f3nak. Ez a tulajdons\u00e1g biztos\u00edtja, hogy a henger extr\u00e9m k\u00f6r\u00fclm\u00e9nyek k\u00f6z\u00f6tt is megtartsa alakj\u00e1t \u00e9s szerkezeti integrit\u00e1s\u00e1t.<\/p>\n<ul>\n<li style=\"list-style-type: none;\">\n<ul>\n<li><strong>Sziv\u00e1rg\u00e1smegel\u0151z\u00e9s:<\/strong> A hegesztett T-idom\u00fa palackokat a sziv\u00e1rg\u00e1s megakad\u00e1lyoz\u00e1s\u00e1ra tervezt\u00e9k. A gy\u00e1rt\u00e1si folyamat sor\u00e1n alkalmazott hegeszt\u00e9si elj\u00e1r\u00e1s biztos\u00edtja, hogy a palack teljesen t\u00f6m\u00edtett \u00e9s mentes legyen minden lehets\u00e9ges sziv\u00e1rg\u00e1st\u00f3l. Ez a tulajdons\u00e1g alkalmass\u00e1 teszi \u0151ket olyan alkalmaz\u00e1sokhoz, ahol a sziv\u00e1rg\u00e1s s\u00falyos k\u00e1rokat vagy s\u00e9r\u00fcl\u00e9seket okozhat.<\/li>\n<\/ul>\n<\/li>\n<\/ul>\n<p>A hegesztett illeszt\u00e9sek sim\u00e1k, reped\u00e9sek vagy hornyok n\u00e9lk\u00fcl, ahol t\u00f6rmel\u00e9k vagy szennyez\u0151d\u00e9s felhalmoz\u00f3dhatna, cs\u00f6kkentve a korr\u00f3zi\u00f3 \u00e9s a henger k\u00e1rosod\u00e1s\u00e1nak kock\u00e1zat\u00e1t.<\/p>\n<ul>\n<li style=\"list-style-type: none;\">\n<ul>\n<li><strong>Testreszabhat\u00f3:<\/strong> A hegesztett T-idom\u00fa hengerek testreszabhat\u00f3k az adott alkalmaz\u00e1sokhoz. A hengerek k\u00fcl\u00f6nb\u00f6z\u0151 m\u00e9retekben \u00e9s form\u00e1kban kaphat\u00f3k, \u00e9s az alkalmaz\u00e1s konkr\u00e9t k\u00f6vetelm\u00e9nyeinek megfelel\u0151en gy\u00e1rthat\u00f3k.<\/li>\n<\/ul>\n<\/li>\n<\/ul>\n<p>A testreszab\u00e1si folyamat lehet\u0151v\u00e9 teszi a henger teljes\u00edtm\u00e9ny\u00e9nek optimaliz\u00e1l\u00e1s\u00e1t, biztos\u00edtva, hogy az megfeleljen a k\u00edv\u00e1nt alkalmaz\u00e1snak. Ez a tulajdons\u00e1g teszi a hegesztett T-idom\u00fa hengereket ide\u00e1liss\u00e1 k\u00fcl\u00f6nf\u00e9le ipari alkalmaz\u00e1sokhoz, bele\u00e9rtve az \u00e9p\u00edt\u0151iparban, a b\u00e1ny\u00e1szatban \u00e9s az anyagmozgat\u00e1sban val\u00f3 haszn\u00e1latra.<\/p>\n<ul>\n<li style=\"list-style-type: none;\">\n<ul>\n<li><strong>K\u00f6lts\u00e9ghat\u00e9kony:<\/strong> A hegesztett T-idom\u00fa hengerek k\u00f6lts\u00e9ghat\u00e9konyabbak m\u00e1s t\u00edpus\u00fa hengerekhez k\u00e9pest. Az ilyen hengerek gy\u00e1rt\u00e1si folyamata egyszer\u0171, \u00edgy olcs\u00f3bbak, mint m\u00e1s t\u00edpus\u00fa hengerek.<\/li>\n<\/ul>\n<\/li>\n<\/ul>\n<p>Tov\u00e1bb\u00e1 a hegesztett T-idom\u00fa hengerek nagy szil\u00e1rds\u00e1ga \u00e9s tart\u00f3ss\u00e1ga cs\u00f6kkenti a gyakori jav\u00edt\u00e1sok \u00e9s cser\u00e9k sz\u00fcks\u00e9gess\u00e9g\u00e9t, \u00edgy megtakar\u00edtva a karbantart\u00e1si k\u00f6lts\u00e9geket. Ez a tulajdons\u00e1g n\u00e9pszer\u0171 v\u00e1laszt\u00e1ss\u00e1 teszi \u0151ket sz\u00e1mos ipar\u00e1gban, k\u00fcl\u00f6n\u00f6sen a korl\u00e1tozott k\u00f6lts\u00e9gvet\u00e9ssel rendelkez\u0151k sz\u00e1m\u00e1ra.<\/p>\n<ul>\n<li style=\"list-style-type: none;\">\n<ul>\n<li><strong>Megn\u00f6velt hat\u00e9konys\u00e1g:<\/strong> A hegesztett T-idom\u00fa hengerek rendk\u00edv\u00fcl hat\u00e9konyak \u00e9s eredm\u00e9nyesek. A henger kialak\u00edt\u00e1sa biztos\u00edtja, hogy az alkalmazott er\u0151 k\u00f6zvetlen\u00fcl a terhel\u00e9sre ker\u00fclj\u00f6n \u00e1t, cs\u00f6kkentve az energiavesztes\u00e9get \u00e9s n\u00f6velve a hat\u00e9konys\u00e1got.<\/li>\n<\/ul>\n<\/li>\n<\/ul>\n<p>A hegesztett k\u00f6t\u00e9sek er\u0151sek \u00e9s merevek, minimaliz\u00e1lj\u00e1k az alakv\u00e1ltoz\u00e1st, \u00e9s biztos\u00edtj\u00e1k, hogy a henger extr\u00e9m k\u00f6r\u00fclm\u00e9nyek k\u00f6z\u00f6tt is megtartsa alakj\u00e1t \u00e9s szerkezeti integrit\u00e1s\u00e1t. Ez a tulajdons\u00e1g ide\u00e1liss\u00e1 teszi a hegesztett T-idom\u00fa hengereket olyan alkalmaz\u00e1sokhoz, amelyek nagy hat\u00e9konys\u00e1got \u00e9s megb\u00edzhat\u00f3s\u00e1got ig\u00e9nyelnek.<\/p>\n<h2>Hegesztett p\u00f3l\u00f3 t\u00edpus\u00fa henger alkalmaz\u00e1sa<\/h2>\n<ul>\n<li>\n<h3>Ipari g\u00e9pek \u00e9s berendez\u00e9sek<\/h3>\n<p>A hegesztett T-idom\u00fa hengereket sz\u00e9les k\u00f6rben haszn\u00e1lj\u00e1k ipari g\u00e9pekben \u00e9s berendez\u00e9sekben, k\u00fcl\u00f6n\u00f6sen hidraulikus rendszerekben. A henger egy dugatty\u00fab\u00f3l \u00e9s egy hengercs\u0151b\u0151l \u00e1ll, amelyeket egyetlen egys\u00e9gg\u00e9 hegesztenek \u00f6ssze. Ez a kialak\u00edt\u00e1s sz\u00e1mos el\u0151nnyel rendelkezik m\u00e1s t\u00edpus\u00fa hengerekkel szemben, p\u00e9ld\u00e1ul jobb tart\u00f3ss\u00e1got, nagyobb szil\u00e1rds\u00e1got \u00e9s nagyobb pontoss\u00e1got.<\/p>\n<p>Az ipari g\u00e9pekben a hegesztett T-idom\u00fa hengerek egyik legfontosabb alkalmaz\u00e1sa az \u00e1lland\u00f3 \u00e9s pontos er\u0151 lead\u00e1sa. Ez sz\u00e1mos gy\u00e1rt\u00e1si folyamatn\u00e1l elengedhetetlen, ahol prec\u00edz szab\u00e1lyoz\u00e1sra van sz\u00fcks\u00e9g a v\u00e9gterm\u00e9k min\u0151s\u00e9g\u00e9nek biztos\u00edt\u00e1s\u00e1hoz. A hegesztett T-idom\u00fa hengerek a hidraulikus rendszerekben a folyad\u00e9kok \u00e1raml\u00e1s\u00e1nak szab\u00e1lyoz\u00e1s\u00e1ra is haszn\u00e1lhat\u00f3k, ami nagyobb hat\u00e9konys\u00e1got \u00e9s megb\u00edzhat\u00f3s\u00e1got tesz lehet\u0151v\u00e9 sz\u00e1mos ipari alkalmaz\u00e1sban.<\/li>\n<li>\n<h3>Mez\u0151gazdas\u00e1gi berendez\u00e9sek<\/h3>\n<p>A hegesztett T-idom\u00fa hengereket gyakran haszn\u00e1lj\u00e1k mez\u0151gazdas\u00e1gi g\u00e9pekben, p\u00e9ld\u00e1ul traktorokban \u00e9s betakar\u00edt\u00f3g\u00e9pekben. Ezeknek a g\u00e9peknek a hat\u00e9kony m\u0171k\u00f6d\u00e9s\u00e9hez nagy teljes\u00edtm\u00e9ny\u0171 \u00e9s megb\u00edzhat\u00f3 hidraulikus rendszerekre van sz\u00fcks\u00e9g\u00fck, \u00e9s a hegesztett T-idom\u00fa henger ide\u00e1lis v\u00e1laszt\u00e1s erre a c\u00e9lra.<\/p>\n<p>A henger massz\u00edv fel\u00e9p\u00edt\u00e9se \u00e9s nagy szil\u00e1rds\u00e1ga rendk\u00edv\u00fcl ellen\u00e1ll\u00f3v\u00e1 teszi a kop\u00e1ssal \u00e9s elhaszn\u00e1l\u00f3d\u00e1ssal szemben, m\u00e9g zord \u00fczemi k\u00f6r\u00fclm\u00e9nyek k\u00f6z\u00f6tt is. Ez ide\u00e1lis v\u00e1laszt\u00e1ss\u00e1 teszi mez\u0151gazdas\u00e1gi berendez\u00e9sekben val\u00f3 haszn\u00e1latra, ahol a tart\u00f3ss\u00e1g kulcsfontoss\u00e1g\u00fa szempont. A hegesztett T-idom\u00fa henger sz\u00e1mos mez\u0151gazdas\u00e1gi folyamathoz, p\u00e9ld\u00e1ul \u00fcltet\u00e9shez, betakar\u00edt\u00e1shoz \u00e9s \u00f6nt\u00f6z\u00e9shez sz\u00fcks\u00e9ges prec\u00edz vez\u00e9rl\u00e9s biztos\u00edt\u00e1s\u00e1ra is haszn\u00e1lhat\u00f3.<\/li>\n<li>\n<h3>\u00c9p\u00edt\u0151ipari berendez\u00e9sek<\/h3>\n<p>A hegesztett T-idom\u00fa hengereket sz\u00e9les k\u00f6rben haszn\u00e1lj\u00e1k \u00e9p\u00edt\u0151ipari berendez\u00e9sekben, p\u00e9ld\u00e1ul kotr\u00f3g\u00e9pekben, kotr\u00f3g\u00e9pekben \u00e9s buld\u00f3zerekben. Ezeknek a g\u00e9peknek nagy teljes\u00edtm\u00e9ny\u0171 \u00e9s megb\u00edzhat\u00f3 hidraulikus rendszerekre van sz\u00fcks\u00e9g\u00fck a neh\u00e9z feladatok, p\u00e9ld\u00e1ul az \u00e1s\u00e1s, emel\u00e9s \u00e9s a neh\u00e9z terhek tol\u00e1sa elv\u00e9gz\u00e9s\u00e9hez.<\/p>\n<p>A hegesztett T-idom\u00fa henger nagy szil\u00e1rds\u00e1ga \u00e9s tart\u00f3ss\u00e1ga ide\u00e1lis v\u00e1laszt\u00e1ss\u00e1 teszi \u00e9p\u00edt\u0151ipari berendez\u00e9sekben val\u00f3 haszn\u00e1latra. A prec\u00edz vez\u00e9rl\u00e9s \u00e9s az \u00e1lland\u00f3 er\u0151 biztos\u00edt\u00e1s\u00e1nak k\u00e9pess\u00e9ge elengedhetetlen sz\u00e1mos \u00e9p\u00edt\u00e9si folyamathoz, p\u00e9ld\u00e1ul f\u00f6ldmunk\u00e1hoz, tereprendez\u00e9shez \u00e9s burkol\u00e1shoz. A hegesztett T-idom\u00fa henger a hidraulikus rendszerekben a folyad\u00e9kok \u00e1raml\u00e1s\u00e1nak szab\u00e1lyoz\u00e1s\u00e1ra is haszn\u00e1lhat\u00f3, jav\u00edtva az \u00e9p\u00edt\u0151ipari berendez\u00e9sek hat\u00e9konys\u00e1g\u00e1t \u00e9s megb\u00edzhat\u00f3s\u00e1g\u00e1t sz\u00e1mos alkalmaz\u00e1sban.<\/li>\n<\/ul>\n<h3>Az FMP-r\u0151l<\/h3>\n<p>Az FMP a hidraulikus hengerek vezet\u0151 gy\u00e1rt\u00f3ja \u00e9s sz\u00e1ll\u00edt\u00f3ja, t\u00f6bb mint 30 \u00e9ves ipar\u00e1gi tapasztalattal. Olaszorsz\u00e1gban tal\u00e1lhat\u00f3, korszer\u0171 ipari ter\u00fclet\u00fcnk\u00f6n t\u00f6bb mint 100 cs\u00facstechnol\u00f3gi\u00e1s berendez\u00e9s tal\u00e1lhat\u00f3, bele\u00e9rtve az automatikus g\u00e1zv\u00e9d\u0151g\u00e1zas hegeszt\u0151g\u00e9peket, m\u00e9lyf\u00far\u00f3g\u00e9peket, CNC eszterg\u00e1kat, hengeres k\u00f6sz\u00f6r\u0171ket, automatikus tiszt\u00edt\u00f3g\u00e9peket, automatikus szerel\u0151g\u00e9peket, automatikus hidraulikus henger teljes\u00edtm\u00e9nym\u00e9r\u0151 padokat \u00e9s automatikus fest\u0151sorokat.<\/p>\n<p>Hidraulikus hengereinket apr\u00f3l\u00e9kosan megmunk\u00e1ljuk \u00e9s ellen\u0151rizz\u00fck, hogy kiv\u00e9teles min\u0151s\u00e9get biztos\u00edtsunk \u00fcgyfeleink sz\u00e1m\u00e1ra. Sz\u00e9les term\u00e9kv\u00e1laszt\u00e9kot k\u00edn\u00e1lunk, bele\u00e9rtve a hidraulikus henger f\u00fclbeval\u00f3 hengereket, a k\u00e9tir\u00e1ny\u00fa automatikus teleszk\u00f3pos hidraulikus hengereket \u00e9s egyebeket. \u00cdme \u00f6t f\u0151 el\u0151ny, ami megk\u00fcl\u00f6nb\u00f6ztet minket:<\/p>\n<p>1) Tervez\u00e9si szolg\u00e1ltat\u00e1s: Tapasztalt tervez\u0151csapatunk kiv\u00e1l\u00f3an teljes\u00edt az univerz\u00e1lis tengelyek term\u00e9ktervez\u00e9s\u00e9ben \u00e9s fejleszt\u00e9s\u00e9ben. Ak\u00e1r \u00faj term\u00e9kekre, ak\u00e1r a megl\u00e9v\u0151k fejleszt\u00e9s\u00e9re van sz\u00fcks\u00e9ge, mi itt vagyunk, hogy minden l\u00e9p\u00e9sben t\u00e1mogassuk \u00d6nt.<\/p>\n<p>2) Term\u00e9kszolg\u00e1ltat\u00e1s: \u00c1tfog\u00f3 term\u00e9kszolg\u00e1ltat\u00e1sunk a teljes gy\u00e1rt\u00e1si folyamatot lefedi, a nyersanyagokt\u00f3l a v\u00e1g\u00e1son, durva megmunk\u00e1l\u00e1son, tesztel\u00e9sen, tiszt\u00edt\u00e1son, \u00f6sszeszerel\u00e9sen, csomagol\u00e1son \u00e9s sz\u00e1ll\u00edt\u00e1son \u00e1t. A r\u00e9szletekre val\u00f3 apr\u00f3l\u00e9kos odafigyel\u00e9s\u00fcnknek k\u00f6sz\u00f6nhet\u0151en biztos lehet benne, hogy term\u00e9keink megfelelnek a legmagasabb min\u0151s\u00e9gi el\u0151\u00edr\u00e1soknak.<\/p>\n<p>3) Mintav\u00e9teli folyamat: Meg\u00e9rtj\u00fck az egyedi megold\u00e1sok fontoss\u00e1g\u00e1t. Csapatunk az \u00d6n egyedi ig\u00e9nyei szerint fejleszti ki a mint\u00e1kat, \u00e9s folyamatosan m\u00f3dos\u00edtja azokat, am\u00edg t\u00f6k\u00e9letesen megfelelnek az \u00d6n ig\u00e9nyeinek. Az \u00d6n el\u00e9gedetts\u00e9ge a legfontosabb sz\u00e1munkra.<\/p>\n<p>4) K+F: Az FMP-n\u00e9l l\u00e9p\u00e9st tartunk a piaci trendekkel \u00e9s folyamatosan t\u00f6reksz\u00fcnk az innov\u00e1ci\u00f3ra. Amikor \u00faj piaci ig\u00e9nyek mer\u00fclnek fel, proakt\u00edvan tanulm\u00e1nyozzuk azokat, \u00e9s \u00faj modelleket fejleszt\u00fcnk ki annak \u00e9rdek\u00e9ben, hogy term\u00e9keink tov\u00e1bbra is az ipar\u00e1g \u00e9lvonal\u00e1ban maradjanak.<\/p>\n<p>5) Testreszab\u00e1s: K\u00fcl\u00f6nb\u00f6z\u0151 t\u00edpus\u00fa hidraulikus hengerek gy\u00e1rt\u00e1s\u00e1ra \u00e9s \u00e9rt\u00e9kes\u00edt\u00e9s\u00e9re specializ\u00e1l\u00f3dtunk, \u00e9s egyedi megrendel\u00e9seket is sz\u00edvesen fogadunk. Csapatunk elk\u00f6telezett amellett, hogy term\u00e9keinket az \u00d6n egyedi ig\u00e9nyeihez igaz\u00edtsa, megb\u00edzhat\u00f3 \u00e9s tart\u00f3s megold\u00e1sokat k\u00edn\u00e1lva.<\/p>\n<p>Az FMP-vel val\u00f3 partners\u00e9g azt jelenti, hogy egy megb\u00edzhat\u00f3 besz\u00e1ll\u00edt\u00f3t v\u00e1laszt, amely a min\u0151s\u00e9get, az innov\u00e1ci\u00f3t \u00e9s az \u00fcgyf\u00e9l-el\u00e9gedetts\u00e9get helyezi el\u0151t\u00e9rbe. Ismerje meg hidraulikus hengereink v\u00e1laszt\u00e9k\u00e1t, \u00e9s tapasztalja meg, milyen k\u00fcl\u00f6nbs\u00e9get jelenthetnek term\u00e9keink \u00e9s szolg\u00e1ltat\u00e1saink v\u00e1llalkoz\u00e1sa sz\u00e1m\u00e1ra.<\/p>\n<p><img decoding=\"async\" src=\"https:\/\/fmp-components.com\/wp-content\/uploads\/2024\/12\/fmp-factory-4.webp\" alt=\"FMP gy\u00e1r\" width=\"800\" title=\"\"><br \/>\nSzerz\u0151: CX<\/p>","protected":false},"excerpt":{"rendered":"<p>The 10029 Customized Mini Welded Hydraulic Cylinders are specifically designed for agricultural machinery, providing a compact and powerful solution for various farming applications. These hydraulic cylinders offer exceptional performance and durability, making them ideal for use in tight spaces and demanding environments. Key Features: Customized Design: Tailored to meet specific requirements, ensuring compatibility with a [&hellip;]<\/p>","protected":false},"featured_media":1133,"comment_status":"closed","ping_status":"closed","template":"","meta":{"_et_pb_use_builder":"","_et_pb_old_content":"","_et_gb_content_width":""},"product_brand":[],"product_cat":[31],"product_tag":[34,35],"class_list":{"0":"post-949","1":"product","2":"type-product","3":"status-publish","4":"has-post-thumbnail","6":"product_cat-welded-tee-type-cylinder","7":"product_tag-hydraulic-cylinder","8":"product_tag-welded-tee-type-cylinder","10":"first","11":"instock","12":"product-type-simple"},"_links":{"self":[{"href":"https:\/\/fmp-components.com\/hu\/wp-json\/wp\/v2\/product\/949","targetHints":{"allow":["GET"]}}],"collection":[{"href":"https:\/\/fmp-components.com\/hu\/wp-json\/wp\/v2\/product"}],"about":[{"href":"https:\/\/fmp-components.com\/hu\/wp-json\/wp\/v2\/types\/product"}],"replies":[{"embeddable":true,"href":"https:\/\/fmp-components.com\/hu\/wp-json\/wp\/v2\/comments?post=949"}],"wp:featuredmedia":[{"embeddable":true,"href":"https:\/\/fmp-components.com\/hu\/wp-json\/wp\/v2\/media\/1133"}],"wp:attachment":[{"href":"https:\/\/fmp-components.com\/hu\/wp-json\/wp\/v2\/media?parent=949"}],"wp:term":[{"taxonomy":"product_brand","embeddable":true,"href":"https:\/\/fmp-components.com\/hu\/wp-json\/wp\/v2\/product_brand?post=949"},{"taxonomy":"product_cat","embeddable":true,"href":"https:\/\/fmp-components.com\/hu\/wp-json\/wp\/v2\/product_cat?post=949"},{"taxonomy":"product_tag","embeddable":true,"href":"https:\/\/fmp-components.com\/hu\/wp-json\/wp\/v2\/product_tag?post=949"}],"curies":[{"name":"munkaf\u00fczet","href":"https:\/\/api.w.org\/{rel}","templated":true}]}}