{"id":944,"date":"2024-12-19T03:39:43","date_gmt":"2024-12-19T03:39:43","guid":{"rendered":"https:\/\/fmp-components.com\/product\/high-quality-welded-hydraulic-piston-cylinder-for-agriculture\/"},"modified":"2024-12-19T08:57:21","modified_gmt":"2024-12-19T08:57:21","slug":"high-quality-welded-hydraulic-piston-cylinder-for-agriculture","status":"publish","type":"product","link":"https:\/\/fmp-components.com\/hu\/product\/high-quality-welded-hydraulic-piston-cylinder-for-agriculture\/","title":{"rendered":"Kiv\u00e1l\u00f3 min\u0151s\u00e9g\u0171 hegesztett hidraulikus dugatty\u00fas henger mez\u0151gazdas\u00e1ghoz"},"content":{"rendered":"<p>A kiv\u00e1l\u00f3 min\u0151s\u00e9g\u0171 hegesztett hidraulikus dugatty\u00fas henger kifejezetten mez\u0151gazdas\u00e1gi alkalmaz\u00e1sokhoz k\u00e9sz\u00fclt, robusztus \u00e9s megb\u00edzhat\u00f3 teljes\u00edtm\u00e9nyt ny\u00fajtva ig\u00e9nyes k\u00f6rnyezetben. Ez a henger a fejlett m\u00e9rn\u00f6ki munk\u00e1t kiv\u00e1l\u00f3 min\u0151s\u00e9g\u0171 anyagokkal \u00f6tv\u00f6zi, \u00edgy biztos\u00edtva az optim\u00e1lis funkcionalit\u00e1st \u00e9s tart\u00f3ss\u00e1got a k\u00fcl\u00f6nf\u00e9le mez\u0151gazdas\u00e1gi feladatokhoz.<\/p>\n<p><img decoding=\"async\" class=\"aligncenter\" src=\"https:\/\/hzpt.com\/wp-content\/uploads\/2023\/12\/random-3.webp\" alt=\"\" title=\"\"><\/p>\n<h4>F\u0151bb jellemz\u0151k:<\/h4>\n<ul>\n<li><strong>Hegesztett szerkezet<\/strong>Nagy szil\u00e1rds\u00e1g\u00fa hegesztett k\u00f6t\u00e9sekkel tervezt\u00e9k a szerkezeti integrit\u00e1s fokoz\u00e1sa \u00e9s a sziv\u00e1rg\u00e1sok megel\u0151z\u00e9se \u00e9rdek\u00e9ben, \u00edgy ide\u00e1lis nagy teherb\u00edr\u00e1s\u00fa mez\u0151gazdas\u00e1gi haszn\u00e1latra.<\/li>\n<li><strong>Hat\u00e9kony m\u0171k\u00f6d\u00e9s<\/strong>Kett\u0151s m\u0171k\u00f6d\u00e9s\u0171re tervezt\u00e9k, amely z\u00f6kken\u0151mentes m\u0171k\u00f6d\u00e9st biztos\u00edt mind a kiny\u00fajt\u00e1s, mind a visszah\u00faz\u00e1s sor\u00e1n a prec\u00edz vez\u00e9rl\u00e9s \u00e9rdek\u00e9ben.<\/li>\n<li><strong>Korr\u00f3zi\u00f3\u00e1ll\u00f3s\u00e1g<\/strong>V\u00e9d\u0151bevonattal van ell\u00e1tva a rozsda \u00e9s a korr\u00f3zi\u00f3 elleni v\u00e9delem \u00e9rdek\u00e9ben, biztos\u00edtva a hossz\u00fa \u00e9lettartamot \u00e9s a megb\u00edzhat\u00f3 teljes\u00edtm\u00e9nyt k\u00fclt\u00e9ri k\u00f6r\u00fclm\u00e9nyek k\u00f6z\u00f6tt.<\/li>\n<li><strong>Sokoldal\u00fa alkalmaz\u00e1sok<\/strong>Sz\u00e9les k\u00f6r\u0171 mez\u0151gazdas\u00e1gi berendez\u00e9sekhez alkalmas, bele\u00e9rtve a traktorokat, ek\u00e9ket \u00e9s betakar\u00edt\u00f3g\u00e9peket, \u00edgy sokoldal\u00fa megold\u00e1st k\u00edn\u00e1l a gazd\u00e1lkod\u00f3k sz\u00e1m\u00e1ra.<\/li>\n<li><strong>K\u00f6nny\u0171 telep\u00edt\u00e9s<\/strong>Z\u00f6kken\u0151mentes integr\u00e1ci\u00f3ra tervezt\u00e9k a megl\u00e9v\u0151 g\u00e9pekbe, minimaliz\u00e1lva az \u00e1ll\u00e1sid\u0151t \u00e9s n\u00f6velve a m\u0171k\u00f6d\u00e9si hat\u00e9konys\u00e1got.<\/li>\n<\/ul>\n<h4>El\u0151ny\u00f6k:<\/h4>\n<ul>\n<li><strong>Fokozott hat\u00e9konys\u00e1g<\/strong>Optimaliz\u00e1lja a mez\u0151gazdas\u00e1gi g\u00e9pek teljes\u00edtm\u00e9ny\u00e9t, lehet\u0151v\u00e9 t\u00e9ve a hat\u00e9kony emel\u00e9si, tol\u00e1si \u00e9s h\u00faz\u00e1si m\u0171veleteket.<\/li>\n<li><strong>Tart\u00f3ss\u00e1g<\/strong>: \u00dagy tervezt\u00e9k, hogy ellen\u00e1lljon a zord mez\u0151gazdas\u00e1gi k\u00f6r\u00fclm\u00e9nyeknek, cs\u00f6kkentve a karbantart\u00e1si ig\u00e9nyt \u00e9s meghosszabb\u00edtva az \u00e9lettartamot.<\/li>\n<li><strong>K\u00f6lts\u00e9ghat\u00e9kony teljes\u00edtm\u00e9ny<\/strong>Kiemelked\u0151 megb\u00edzhat\u00f3s\u00e1got \u00e9s teljes\u00edtm\u00e9nyt ny\u00fajt versenyk\u00e9pes \u00e1ron, \u00edgy kiv\u00e1l\u00f3 befektet\u00e9s.<\/li>\n<\/ul>\n<p>A kiv\u00e1l\u00f3 min\u0151s\u00e9g\u0171 hegesztett hidraulikus dugatty\u00fas munkahenger elengedhetetlen alkatr\u00e9sze a modern mez\u0151gazdas\u00e1gi m\u0171veleteknek, megb\u00edzhat\u00f3 teljes\u00edtm\u00e9nyt \u00e9s robusztuss\u00e1got biztos\u00edtva. Tart\u00f3s konstrukci\u00f3ja \u00e9s sokoldal\u00fa kialak\u00edt\u00e1sa felbecs\u00fclhetetlen \u00e9rt\u00e9k\u0171 kieg\u00e9sz\u00edt\u0151je b\u00e1rmely mez\u0151gazdas\u00e1gi g\u00e9pcsal\u00e1dnak.<\/p>\n<p>Az FMP hidraulikus dugatty\u00fas hengere egyedi tulajdons\u00e1gokkal b\u00fcszk\u00e9lkedhet, amelyek megk\u00fcl\u00f6nb\u00f6ztetik a versenyt\u00e1rsakt\u00f3l. Energiatakar\u00e9kos, rendk\u00edv\u00fcl hat\u00e9kony \u00e9s biztons\u00e1gos. Ezek a tulajdons\u00e1gok \u00e9rt\u00e9kes kieg\u00e9sz\u00edt\u0151v\u00e9 teszik b\u00e1rmilyen mez\u0151gazdas\u00e1gi m\u0171veletben.<\/p>\n<p><img decoding=\"async\" class=\"aligncenter\" src=\"https:\/\/hzpt.com\/wp-content\/uploads\/2023\/12\/random-5.webp\" alt=\"\" title=\"\"><\/p>\n<h2>A hegesztett p\u00f3l\u00f3 t\u00edpus\u00fa henger el\u0151nyei<\/h2>\n<ul>\n<li style=\"list-style-type: none;\">\n<ul>\n<li><strong>Megn\u00f6velt er\u0151:<\/strong> A hegesztett T-idom\u00fa hengerek nagy szil\u00e1rds\u00e1gukr\u00f3l ismertek, \u00edgy alkalmasak neh\u00e9z emel\u00e9st ig\u00e9nyl\u0151 alkalmaz\u00e1sokhoz. Az ilyen hengerek gy\u00e1rt\u00e1sa sor\u00e1n alkalmazott hegeszt\u00e9si elj\u00e1r\u00e1s biztos\u00edtja, hogy a henger mentes legyen a gyenge pontokt\u00f3l, \u00e9s ellen\u00e1lljon a nagy nyom\u00e1snak \u00e9s terhel\u00e9snek.<\/li>\n<\/ul>\n<\/li>\n<\/ul>\n<p>Amikor a hengerre nyom\u00e1st gyakorolunk, az egyenletesen oszlik el a teljes fel\u00fcleten, \u00edgy ellen\u00e1ll a deform\u00e1ci\u00f3nak. Ez a tulajdons\u00e1g biztos\u00edtja, hogy a henger extr\u00e9m k\u00f6r\u00fclm\u00e9nyek k\u00f6z\u00f6tt is megtartsa alakj\u00e1t \u00e9s szerkezeti integrit\u00e1s\u00e1t.<\/p>\n<ul>\n<li style=\"list-style-type: none;\">\n<ul>\n<li><strong>Sziv\u00e1rg\u00e1smegel\u0151z\u00e9s:<\/strong> A hegesztett T-idom\u00fa palackokat a sziv\u00e1rg\u00e1s megakad\u00e1lyoz\u00e1s\u00e1ra tervezt\u00e9k. A gy\u00e1rt\u00e1si folyamat sor\u00e1n alkalmazott hegeszt\u00e9si elj\u00e1r\u00e1s biztos\u00edtja, hogy a palack teljesen t\u00f6m\u00edtett \u00e9s mentes legyen minden lehets\u00e9ges sziv\u00e1rg\u00e1st\u00f3l. Ez a tulajdons\u00e1g alkalmass\u00e1 teszi \u0151ket olyan alkalmaz\u00e1sokhoz, ahol a sziv\u00e1rg\u00e1s s\u00falyos k\u00e1rokat vagy s\u00e9r\u00fcl\u00e9seket okozhat.<\/li>\n<\/ul>\n<\/li>\n<\/ul>\n<p>A hegesztett illeszt\u00e9sek sim\u00e1k, reped\u00e9sek vagy hornyok n\u00e9lk\u00fcl, ahol t\u00f6rmel\u00e9k vagy szennyez\u0151d\u00e9s felhalmoz\u00f3dhatna, cs\u00f6kkentve a korr\u00f3zi\u00f3 \u00e9s a henger k\u00e1rosod\u00e1s\u00e1nak kock\u00e1zat\u00e1t.<\/p>\n<ul>\n<li style=\"list-style-type: none;\">\n<ul>\n<li><strong>Testreszabhat\u00f3:<\/strong> A hegesztett T-idom\u00fa hengerek testreszabhat\u00f3k az adott alkalmaz\u00e1sokhoz. A hengerek k\u00fcl\u00f6nb\u00f6z\u0151 m\u00e9retekben \u00e9s form\u00e1kban kaphat\u00f3k, \u00e9s az alkalmaz\u00e1s konkr\u00e9t k\u00f6vetelm\u00e9nyeinek megfelel\u0151en gy\u00e1rthat\u00f3k.<\/li>\n<\/ul>\n<\/li>\n<\/ul>\n<p>A testreszab\u00e1si folyamat lehet\u0151v\u00e9 teszi a henger teljes\u00edtm\u00e9ny\u00e9nek optimaliz\u00e1l\u00e1s\u00e1t, biztos\u00edtva, hogy az megfeleljen a k\u00edv\u00e1nt alkalmaz\u00e1snak. Ez a tulajdons\u00e1g teszi a hegesztett T-idom\u00fa hengereket ide\u00e1liss\u00e1 k\u00fcl\u00f6nf\u00e9le ipari alkalmaz\u00e1sokhoz, bele\u00e9rtve az \u00e9p\u00edt\u0151iparban, a b\u00e1ny\u00e1szatban \u00e9s az anyagmozgat\u00e1sban val\u00f3 haszn\u00e1latra.<\/p>\n<ul>\n<li style=\"list-style-type: none;\">\n<ul>\n<li><strong>K\u00f6lts\u00e9ghat\u00e9kony:<\/strong> A hegesztett T-idom\u00fa hengerek k\u00f6lts\u00e9ghat\u00e9konyabbak m\u00e1s t\u00edpus\u00fa hengerekhez k\u00e9pest. Az ilyen hengerek gy\u00e1rt\u00e1si folyamata egyszer\u0171, \u00edgy olcs\u00f3bbak, mint m\u00e1s t\u00edpus\u00fa hengerek.<\/li>\n<\/ul>\n<\/li>\n<\/ul>\n<p>Tov\u00e1bb\u00e1 a hegesztett T-idom\u00fa hengerek nagy szil\u00e1rds\u00e1ga \u00e9s tart\u00f3ss\u00e1ga cs\u00f6kkenti a gyakori jav\u00edt\u00e1sok \u00e9s cser\u00e9k sz\u00fcks\u00e9gess\u00e9g\u00e9t, \u00edgy megtakar\u00edtva a karbantart\u00e1si k\u00f6lts\u00e9geket. Ez a tulajdons\u00e1g n\u00e9pszer\u0171 v\u00e1laszt\u00e1ss\u00e1 teszi \u0151ket sz\u00e1mos ipar\u00e1gban, k\u00fcl\u00f6n\u00f6sen a korl\u00e1tozott k\u00f6lts\u00e9gvet\u00e9ssel rendelkez\u0151k sz\u00e1m\u00e1ra.<\/p>\n<ul>\n<li style=\"list-style-type: none;\">\n<ul>\n<li><strong>Megn\u00f6velt hat\u00e9konys\u00e1g:<\/strong> A hegesztett T-idom\u00fa hengerek rendk\u00edv\u00fcl hat\u00e9konyak \u00e9s eredm\u00e9nyesek. A henger kialak\u00edt\u00e1sa biztos\u00edtja, hogy az alkalmazott er\u0151 k\u00f6zvetlen\u00fcl a terhel\u00e9sre ker\u00fclj\u00f6n \u00e1t, cs\u00f6kkentve az energiavesztes\u00e9get \u00e9s n\u00f6velve a hat\u00e9konys\u00e1got.<\/li>\n<\/ul>\n<\/li>\n<\/ul>\n<p>A hegesztett k\u00f6t\u00e9sek er\u0151sek \u00e9s merevek, minimaliz\u00e1lj\u00e1k az alakv\u00e1ltoz\u00e1st, \u00e9s biztos\u00edtj\u00e1k, hogy a henger extr\u00e9m k\u00f6r\u00fclm\u00e9nyek k\u00f6z\u00f6tt is megtartsa alakj\u00e1t \u00e9s szerkezeti integrit\u00e1s\u00e1t. Ez a tulajdons\u00e1g ide\u00e1liss\u00e1 teszi a hegesztett T-idom\u00fa hengereket olyan alkalmaz\u00e1sokhoz, amelyek nagy hat\u00e9konys\u00e1got \u00e9s megb\u00edzhat\u00f3s\u00e1got ig\u00e9nyelnek.<\/p>\n<h2>Hegesztett p\u00f3l\u00f3 t\u00edpus\u00fa henger alkalmaz\u00e1sa<\/h2>\n<ul>\n<li>\n<h3>Ipari g\u00e9pek \u00e9s berendez\u00e9sek<\/h3>\n<p>A hegesztett T-idom\u00fa hengereket sz\u00e9les k\u00f6rben haszn\u00e1lj\u00e1k ipari g\u00e9pekben \u00e9s berendez\u00e9sekben, k\u00fcl\u00f6n\u00f6sen hidraulikus rendszerekben. A henger egy dugatty\u00fab\u00f3l \u00e9s egy hengercs\u0151b\u0151l \u00e1ll, amelyeket egyetlen egys\u00e9gg\u00e9 hegesztenek \u00f6ssze. Ez a kialak\u00edt\u00e1s sz\u00e1mos el\u0151nnyel rendelkezik m\u00e1s t\u00edpus\u00fa hengerekkel szemben, p\u00e9ld\u00e1ul jobb tart\u00f3ss\u00e1got, nagyobb szil\u00e1rds\u00e1got \u00e9s nagyobb pontoss\u00e1got.<\/p>\n<p>Az ipari g\u00e9pekben a hegesztett T-idom\u00fa hengerek egyik legfontosabb alkalmaz\u00e1sa az \u00e1lland\u00f3 \u00e9s pontos er\u0151 lead\u00e1sa. Ez sz\u00e1mos gy\u00e1rt\u00e1si folyamatn\u00e1l elengedhetetlen, ahol prec\u00edz szab\u00e1lyoz\u00e1sra van sz\u00fcks\u00e9g a v\u00e9gterm\u00e9k min\u0151s\u00e9g\u00e9nek biztos\u00edt\u00e1s\u00e1hoz. A hegesztett T-idom\u00fa hengerek a hidraulikus rendszerekben a folyad\u00e9kok \u00e1raml\u00e1s\u00e1nak szab\u00e1lyoz\u00e1s\u00e1ra is haszn\u00e1lhat\u00f3k, ami nagyobb hat\u00e9konys\u00e1got \u00e9s megb\u00edzhat\u00f3s\u00e1got tesz lehet\u0151v\u00e9 sz\u00e1mos ipari alkalmaz\u00e1sban.<\/li>\n<li>\n<h3>Mez\u0151gazdas\u00e1gi berendez\u00e9sek<\/h3>\n<p>A hegesztett T-idom\u00fa hengereket gyakran haszn\u00e1lj\u00e1k mez\u0151gazdas\u00e1gi g\u00e9pekben, p\u00e9ld\u00e1ul traktorokban \u00e9s betakar\u00edt\u00f3g\u00e9pekben. Ezeknek a g\u00e9peknek a hat\u00e9kony m\u0171k\u00f6d\u00e9s\u00e9hez nagy teljes\u00edtm\u00e9ny\u0171 \u00e9s megb\u00edzhat\u00f3 hidraulikus rendszerekre van sz\u00fcks\u00e9g\u00fck, \u00e9s a hegesztett T-idom\u00fa henger ide\u00e1lis v\u00e1laszt\u00e1s erre a c\u00e9lra.<\/p>\n<p>A henger massz\u00edv fel\u00e9p\u00edt\u00e9se \u00e9s nagy szil\u00e1rds\u00e1ga rendk\u00edv\u00fcl ellen\u00e1ll\u00f3v\u00e1 teszi a kop\u00e1ssal \u00e9s elhaszn\u00e1l\u00f3d\u00e1ssal szemben, m\u00e9g zord \u00fczemi k\u00f6r\u00fclm\u00e9nyek k\u00f6z\u00f6tt is. Ez ide\u00e1lis v\u00e1laszt\u00e1ss\u00e1 teszi mez\u0151gazdas\u00e1gi berendez\u00e9sekben val\u00f3 haszn\u00e1latra, ahol a tart\u00f3ss\u00e1g kulcsfontoss\u00e1g\u00fa szempont. A hegesztett T-idom\u00fa henger sz\u00e1mos mez\u0151gazdas\u00e1gi folyamathoz, p\u00e9ld\u00e1ul \u00fcltet\u00e9shez, betakar\u00edt\u00e1shoz \u00e9s \u00f6nt\u00f6z\u00e9shez sz\u00fcks\u00e9ges prec\u00edz vez\u00e9rl\u00e9s biztos\u00edt\u00e1s\u00e1ra is haszn\u00e1lhat\u00f3.<\/li>\n<li>\n<h3>\u00c9p\u00edt\u0151ipari berendez\u00e9sek<\/h3>\n<p>A hegesztett T-idom\u00fa hengereket sz\u00e9les k\u00f6rben haszn\u00e1lj\u00e1k \u00e9p\u00edt\u0151ipari berendez\u00e9sekben, p\u00e9ld\u00e1ul kotr\u00f3g\u00e9pekben, kotr\u00f3g\u00e9pekben \u00e9s buld\u00f3zerekben. Ezeknek a g\u00e9peknek nagy teljes\u00edtm\u00e9ny\u0171 \u00e9s megb\u00edzhat\u00f3 hidraulikus rendszerekre van sz\u00fcks\u00e9g\u00fck a neh\u00e9z feladatok, p\u00e9ld\u00e1ul az \u00e1s\u00e1s, emel\u00e9s \u00e9s a neh\u00e9z terhek tol\u00e1sa elv\u00e9gz\u00e9s\u00e9hez.<\/p>\n<p>A hegesztett T-idom\u00fa henger nagy szil\u00e1rds\u00e1ga \u00e9s tart\u00f3ss\u00e1ga ide\u00e1lis v\u00e1laszt\u00e1ss\u00e1 teszi \u00e9p\u00edt\u0151ipari berendez\u00e9sekben val\u00f3 haszn\u00e1latra. A prec\u00edz vez\u00e9rl\u00e9s \u00e9s az \u00e1lland\u00f3 er\u0151 biztos\u00edt\u00e1s\u00e1nak k\u00e9pess\u00e9ge elengedhetetlen sz\u00e1mos \u00e9p\u00edt\u00e9si folyamathoz, p\u00e9ld\u00e1ul f\u00f6ldmunk\u00e1hoz, tereprendez\u00e9shez \u00e9s burkol\u00e1shoz. A hegesztett T-idom\u00fa henger a hidraulikus rendszerekben a folyad\u00e9kok \u00e1raml\u00e1s\u00e1nak szab\u00e1lyoz\u00e1s\u00e1ra is haszn\u00e1lhat\u00f3, jav\u00edtva az \u00e9p\u00edt\u0151ipari berendez\u00e9sek hat\u00e9konys\u00e1g\u00e1t \u00e9s megb\u00edzhat\u00f3s\u00e1g\u00e1t sz\u00e1mos alkalmaz\u00e1sban.<\/li>\n<\/ul>\n<h3>Az FMP-r\u0151l<\/h3>\n<p>Az FMP a hidraulikus hengerek vezet\u0151 gy\u00e1rt\u00f3ja \u00e9s sz\u00e1ll\u00edt\u00f3ja, t\u00f6bb mint 30 \u00e9ves tapasztalattal az ipar\u00e1gban. Olaszorsz\u00e1gi sz\u00e9khely\u00fcnkkel korszer\u0171 ipari ter\u00fclet\u00fcnk\u00f6n t\u00f6bb mint 100 korszer\u0171 berendez\u00e9s tal\u00e1lhat\u00f3. Sz\u00e9lesk\u00f6r\u0171 berendez\u00e9sv\u00e1laszt\u00e9kunkban automata g\u00e1zv\u00e9d\u0151g\u00e1zas hegeszt\u0151g\u00e9pek, m\u00e9lyf\u00far\u00f3 g\u00e9pek, CNC eszterg\u00e1k, hengeres k\u00f6sz\u00f6r\u0171k, automata tiszt\u00edt\u00f3g\u00e9pek, automata szerel\u0151g\u00e9pek, automata hidraulikus henger teljes\u00edtm\u00e9nym\u00e9r\u0151 padok \u00e9s automata fest\u0151sorok tal\u00e1lhat\u00f3k.<\/p>\n<p><img decoding=\"async\" src=\"https:\/\/fmp-components.com\/wp-content\/uploads\/2024\/12\/fmp-factory-4.webp\" alt=\"FMP gy\u00e1r\" width=\"800\" title=\"\"><\/p>\n<p>Az FMP-n\u00e9l b\u00fcszk\u00e9k vagyunk arra, hogy kiv\u00e1l\u00f3 min\u0151s\u00e9g\u0171 hidraulikus hengereket sz\u00e1ll\u00edtunk \u00fcgyfeleinknek. Minden egyes hidraulikus henger szigor\u00fa megmunk\u00e1l\u00e1son \u00e9s ellen\u0151rz\u00e9sen megy kereszt\u00fcl a kiv\u00e1l\u00f3 min\u0151s\u00e9g biztos\u00edt\u00e1sa \u00e9rdek\u00e9ben. Term\u00e9kk\u00edn\u00e1latunk a k\u00f6vetkez\u0151ket tartalmazza:<\/p>\n<ol>\n<li style=\"list-style-type: none;\">\n<ol>\n<li>Hidraulikus henger<\/li>\n<\/ol>\n<\/li>\n<\/ol>\n<p>Hidraulikus hengereinket k\u00fcl\u00f6nf\u00e9le ipari ig\u00e9nyek kiel\u00e9g\u00edt\u00e9s\u00e9re tervezt\u00fck. Gondos kidolgoz\u00e1suk \u00e9s tesztel\u00e9s\u00fck sor\u00e1n optim\u00e1lis teljes\u00edtm\u00e9nyt \u00e9s tart\u00f3ss\u00e1got biztos\u00edtunk.<\/p>\n<ol>\n<li style=\"list-style-type: none;\">\n<ol>\n<li>Hidraulikus henger f\u00fclbeval\u00f3 henger<\/li>\n<\/ol>\n<\/li>\n<\/ol>\n<p>F\u00fclbeval\u00f3 hengereinket kifejezetten \u00fagy tervezt\u00fck, hogy hat\u00e9kony \u00e9s megb\u00edzhat\u00f3 teljes\u00edtm\u00e9nyt ny\u00fajtsanak sz\u00e9les k\u00f6r\u0171 alkalmaz\u00e1sokban. Szigor\u00fa tesztel\u00e9sen esnek \u00e1t a funkcionalit\u00e1suk \u00e9s hossz\u00fa \u00e9lettartamuk biztos\u00edt\u00e1sa \u00e9rdek\u00e9ben.<\/p>\n<ol>\n<li style=\"list-style-type: none;\">\n<ol>\n<li>K\u00e9tir\u00e1ny\u00fa automatikus teleszk\u00f3pos hidraulikus henger<\/li>\n<\/ol>\n<\/li>\n<\/ol>\n<p>K\u00e9tir\u00e1ny\u00fa, automatikus teleszk\u00f3pos hidraulikus hengereinkkel sima \u00e9s prec\u00edz m\u0171k\u00f6d\u00e9sre sz\u00e1m\u00edthat. Ezek a hengerek nagy terhel\u00e9sek elvisel\u00e9s\u00e9re \u00e9s kiv\u00e1l\u00f3 szab\u00e1lyozhat\u00f3s\u00e1gra k\u00e9sz\u00fcltek.<\/p>\n<ol>\n<li style=\"list-style-type: none;\">\n<ol>\n<li>Tervez\u00e9si szolg\u00e1ltat\u00e1s<\/li>\n<\/ol>\n<\/li>\n<\/ol>\n<p>Tapasztalt tervez\u0151csapatunk k\u00e9szen \u00e1ll, hogy seg\u00edtsen \u00d6nnek a term\u00e9ktervez\u00e9sben \u00e9s -fejleszt\u00e9sben. Ak\u00e1r \u00faj term\u00e9kre van sz\u00fcks\u00e9ge, ak\u00e1r a megl\u00e9v\u0151k fejleszt\u00e9s\u00e9re, mi itt vagyunk, hogy t\u00e1mogassuk az \u00d6n ig\u00e9nyeit.<\/p>\n<ol>\n<li style=\"list-style-type: none;\">\n<ol>\n<li>Term\u00e9kszolg\u00e1ltat\u00e1s<\/li>\n<\/ol>\n<\/li>\n<\/ol>\n<p>A legkiv\u00e1l\u00f3bb min\u0151s\u00e9g\u0171 alapanyagok beszerz\u00e9s\u00e9t\u0151l a csomagol\u00e1son \u00e9s sz\u00e1ll\u00edt\u00e1son \u00e1t z\u00f6kken\u0151mentes term\u00e9kkiszolg\u00e1l\u00e1st biztos\u00edtunk. Minden l\u00e9p\u00e9st, bele\u00e9rtve a v\u00e1g\u00e1st, a durva megmunk\u00e1l\u00e1st, a tesztel\u00e9st, a tiszt\u00edt\u00e1st \u00e9s az \u00f6sszeszerel\u00e9st, gondosan v\u00e9grehajtunk, hogy a lehet\u0151 legjobb min\u0151s\u00e9g\u0171 term\u00e9keket sz\u00e1ll\u00edtsuk.<\/p>\n<p>Ezen term\u00e9kek \u00e9s szolg\u00e1ltat\u00e1sok mellett az \u00d6n ig\u00e9nyeire szabott mintafejleszt\u00e9st is k\u00edn\u00e1lunk. Elk\u00f6telezett csapatunk folyamatosan m\u00f3dos\u00edtja a mint\u00e1kat, hogy megfeleljen az \u00d6n egyedi ig\u00e9nyeinek. Ezenk\u00edv\u00fcl folyamatosan figyelemmel k\u00eds\u00e9rj\u00fck a piaci trendeket, \u00e9s kutat\u00e1s-fejleszt\u00e9sbe fektet\u00fcnk be. Ez lehet\u0151v\u00e9 teszi sz\u00e1munkra, hogy \u00faj piaci ig\u00e9nyeket tanulm\u00e1nyozzunk, \u00e9s innovat\u00edv hidraulikus hengermodelleket fejlessz\u00fcnk ki, amelyek megfelelnek a folyamatosan fejl\u0151d\u0151 aut\u00f3ipar k\u00f6vetelm\u00e9nyeinek.<\/p>\n<p>V\u00e1lassza az FMP-t minden hidraulikus hengerrel kapcsolatos ig\u00e9ny\u00e9hez. Elk\u00f6telezettek vagyunk a kiv\u00e1l\u00f3 term\u00e9kek \u00e9s az \u00fcgyf\u00e9lszolg\u00e1lat biztos\u00edt\u00e1sa ir\u00e1nt. L\u00e9pjen kapcsolatba vel\u00fcnk m\u00e9g ma, hogy megbesz\u00e9lj\u00fck ig\u00e9nyeit, \u00e9s legy\u00fcnk megb\u00edzhat\u00f3 partnere.<\/p>\n<p>&nbsp;<\/p>\n<h2>GYIK<\/h2>\n<h3>1. k\u00e9rd\u00e9s: Mekkora a hidraulikus dugatty\u00fas henger teherb\u00edr\u00e1sa?<\/h3>\n<p>A: A teherb\u00edr\u00e1st a fenti term\u00e9kspecifik\u00e1ci\u00f3s t\u00e1bl\u00e1zat r\u00e9szletezi.<\/p>\n<h3>2. k\u00e9rd\u00e9s: Hogyan m\u0171k\u00f6dik egy hidraulikus dugatty\u00fas henger?<\/h3>\n<p>A: A hidraulikus dugatty\u00fas henger a folyad\u00e9kenergia elv\u00e9n m\u0171k\u00f6dik, ahol nyom\u00e1s alatt l\u00e9v\u0151 hidraulikafolyad\u00e9kot haszn\u00e1lnak er\u0151 \u00e9s mozg\u00e1s l\u00e9trehoz\u00e1s\u00e1ra.<\/p>\n<h3>3. k\u00e9rd\u00e9s: Honnan tudom, hogy mikor kell cser\u00e9lni a hidraulikaolajat \u00e9s a t\u00f6m\u00edt\u00e9seket?<\/h3>\n<p>A: Az FMP r\u00e9szletes \u00fatmutat\u00e1st ny\u00fajt a hidraulikaolaj \u00e9s a t\u00f6m\u00edt\u00e9sek cser\u00e9j\u00e9nek id\u0151pontj\u00e1r\u00f3l \u00e9s m\u00f3dj\u00e1r\u00f3l.<\/p>\n<h3>4. k\u00e9rd\u00e9s: Testreszabhatom a hidraulikus dugatty\u00fas hengeremet?<\/h3>\n<p>V: Igen, az FMP \u00fcdv\u00f6zli a testreszab\u00e1st az \u00fcgyfelek \u00e1ltal biztos\u00edtott rajzok vagy mint\u00e1k alapj\u00e1n.<\/p>\n<h3>5. k\u00e9rd\u00e9s: Milyen t\u00e1mogat\u00e1sra sz\u00e1m\u00edthatok az FMP-t\u0151l a v\u00e1s\u00e1rl\u00e1s ut\u00e1n?<\/h3>\n<p>V: Az FMP \u00e1tfog\u00f3 \u00fatmutat\u00e1st ny\u00fajt a telep\u00edt\u00e9shez, karbantart\u00e1shoz \u00e9s jav\u00edt\u00e1shoz, biztos\u00edtva a hidraulikus dugatty\u00fas henger optim\u00e1lis teljes\u00edtm\u00e9ny\u00e9t.<\/p>\n<p>Szerz\u0151: CX<\/p>","protected":false},"excerpt":{"rendered":"<p>The High Quality Welded Hydraulic Piston Cylinder is specifically designed for agricultural applications, providing robust and reliable performance in demanding environments. This cylinder combines advanced engineering with high-quality materials, ensuring optimal functionality and durability for various farming tasks. Key Features: Welded Construction: Engineered with high-strength welded joints to enhance structural integrity and prevent leaks, making [&hellip;]<\/p>","protected":false},"featured_media":1132,"comment_status":"closed","ping_status":"closed","template":"","meta":{"_et_pb_use_builder":"","_et_pb_old_content":"","_et_gb_content_width":""},"product_brand":[],"product_cat":[31],"product_tag":[34,35],"class_list":{"0":"post-944","1":"product","2":"type-product","3":"status-publish","4":"has-post-thumbnail","6":"product_cat-welded-tee-type-cylinder","7":"product_tag-hydraulic-cylinder","8":"product_tag-welded-tee-type-cylinder","10":"first","11":"instock","12":"product-type-simple"},"_links":{"self":[{"href":"https:\/\/fmp-components.com\/hu\/wp-json\/wp\/v2\/product\/944","targetHints":{"allow":["GET"]}}],"collection":[{"href":"https:\/\/fmp-components.com\/hu\/wp-json\/wp\/v2\/product"}],"about":[{"href":"https:\/\/fmp-components.com\/hu\/wp-json\/wp\/v2\/types\/product"}],"replies":[{"embeddable":true,"href":"https:\/\/fmp-components.com\/hu\/wp-json\/wp\/v2\/comments?post=944"}],"wp:featuredmedia":[{"embeddable":true,"href":"https:\/\/fmp-components.com\/hu\/wp-json\/wp\/v2\/media\/1132"}],"wp:attachment":[{"href":"https:\/\/fmp-components.com\/hu\/wp-json\/wp\/v2\/media?parent=944"}],"wp:term":[{"taxonomy":"product_brand","embeddable":true,"href":"https:\/\/fmp-components.com\/hu\/wp-json\/wp\/v2\/product_brand?post=944"},{"taxonomy":"product_cat","embeddable":true,"href":"https:\/\/fmp-components.com\/hu\/wp-json\/wp\/v2\/product_cat?post=944"},{"taxonomy":"product_tag","embeddable":true,"href":"https:\/\/fmp-components.com\/hu\/wp-json\/wp\/v2\/product_tag?post=944"}],"curies":[{"name":"munkaf\u00fczet","href":"https:\/\/api.w.org\/{rel}","templated":true}]}}