{"id":943,"date":"2024-12-19T03:39:43","date_gmt":"2024-12-19T03:39:43","guid":{"rendered":"https:\/\/fmp-components.com\/product\/10023-hot-selling-mini-hydraulic-piston-cylinder-tractor-hydraulic-cylinder\/"},"modified":"2024-12-19T08:56:04","modified_gmt":"2024-12-19T08:56:04","slug":"10023-hot-selling-mini-hydraulic-piston-cylinder-tractor-hydraulic-cylinder","status":"publish","type":"product","link":"https:\/\/fmp-components.com\/hu\/product\/10023-hot-selling-mini-hydraulic-piston-cylinder-tractor-hydraulic-cylinder\/","title":{"rendered":"10023 Forr\u00f3n eladott mini hidraulikus dugatty\u00fas hengeres traktor hidraulikus henger"},"content":{"rendered":"<p>A 10023-as sz\u00e1m\u00fa, n\u00e9pszer\u0171 mini hidraulikus dugatty\u00fas henger kifejezetten traktoralkalmaz\u00e1sokhoz k\u00e9sz\u00fclt, nagy emel\u00e9si \u00e9s tol\u00f3k\u00e9pess\u00e9get biztos\u00edtva kompakt m\u00e9retben. Ez a hidraulikus henger ide\u00e1lis k\u00fcl\u00f6nf\u00e9le mez\u0151gazdas\u00e1gi feladatokhoz, \u00edgy elengedhetetlen a modern mez\u0151gazdas\u00e1gi m\u0171veletekhez.<\/p>\n<h4>F\u0151bb jellemz\u0151k:<\/h4>\n<ul>\n<li><strong>Miniat\u0171r diz\u00e1jn<\/strong>Kompakt m\u00e9ret\u00e9nek k\u00f6sz\u00f6nhet\u0151en k\u00f6nnyen integr\u00e1lhat\u00f3 kisebb traktorokba \u00e9s berendez\u00e9sekbe, maximaliz\u00e1lva a helykihaszn\u00e1l\u00e1st a teljes\u00edtm\u00e9ny fel\u00e1ldoz\u00e1sa n\u00e9lk\u00fcl.<\/li>\n<li><strong>Kiv\u00e1l\u00f3 min\u0151s\u00e9g\u0171 kivitelez\u00e9s<\/strong>Tart\u00f3s anyagokb\u00f3l k\u00e9sz\u00fclt a megb\u00edzhat\u00f3s\u00e1g \u00e9s a hossz\u00fa \u00e9lettartam biztos\u00edt\u00e1sa \u00e9rdek\u00e9ben, k\u00e9pes kezelni a neh\u00e9z mez\u0151gazdas\u00e1gi k\u00f6r\u00fclm\u00e9nyeket.<\/li>\n<li><strong>Kett\u0151s m\u0171k\u00f6d\u00e9s\u0171 funkci\u00f3<\/strong>: Sima m\u0171k\u00f6d\u00e9st biztos\u00edt mind a kiny\u00fajt\u00e1s, mind a visszah\u00faz\u00e1s sor\u00e1n, prec\u00edz vez\u00e9rl\u00e9st biztos\u00edtva a sokoldal\u00fa alkalmaz\u00e1sokhoz.<\/li>\n<li><strong>Korr\u00f3zi\u00f3\u00e1ll\u00f3 bevonat<\/strong>: Rozsda \u00e9s korr\u00f3zi\u00f3 elleni kezel\u00e9ssel ell\u00e1tva, \u00edgy biztos\u00edtva a tart\u00f3ss\u00e1got \u00e9s az \u00e1lland\u00f3 teljes\u00edtm\u00e9nyt k\u00fclt\u00e9ri k\u00f6rnyezetben.<\/li>\n<li><strong>K\u00f6nny\u0171 telep\u00edt\u00e9s<\/strong>A megl\u00e9v\u0151 traktorrendszerekbe val\u00f3 gyors \u00e9s egyszer\u0171 integr\u00e1ci\u00f3ra tervezt\u00e9k, minimaliz\u00e1lva az \u00e1ll\u00e1sid\u0151t.<\/li>\n<\/ul>\n<p><img decoding=\"async\" src=\"https:\/\/hzpt.com\/wp-content\/uploads\/2023\/12\/random-2.webp\" alt=\"\" title=\"\"><\/p>\n<h4>El\u0151ny\u00f6k:<\/h4>\n<ul>\n<li><strong>Fokozott hat\u00e9konys\u00e1g<\/strong>Optimaliz\u00e1lja a traktor teljes\u00edtm\u00e9ny\u00e9t, lehet\u0151v\u00e9 t\u00e9ve a hat\u00e9kony emel\u00e9si \u00e9s s\u00fcllyeszt\u00e9si m\u0171veleteket a sz\u00e1nt\u00f3f\u00f6ldi termel\u00e9kenys\u00e9g jav\u00edt\u00e1sa \u00e9rdek\u00e9ben.<\/li>\n<li><strong>Sokoldal\u00fa alkalmaz\u00e1sok<\/strong>Sz\u00e9les k\u00f6r\u0171 mez\u0151gazdas\u00e1gi feladatokhoz alkalmas, bele\u00e9rtve a sz\u00e1nt\u00e1st, emel\u00e9st \u00e9s egy\u00e9b hidraulikus funkci\u00f3kat.<\/li>\n<li><strong>K\u00f6lts\u00e9ghat\u00e9kony megold\u00e1s<\/strong>Kiemelked\u0151 teljes\u00edtm\u00e9nyt k\u00edn\u00e1l megfizethet\u0151 \u00e1ron, \u00edgy kiv\u00e1l\u00f3 befektet\u00e9s azoknak a gazd\u00e1lkod\u00f3knak, akik fejleszteni szeretn\u00e9k m\u0171k\u00f6d\u00e9s\u00fcket.<\/li>\n<\/ul>\n<p>A 10023-as sz\u00e1m\u00fa, n\u00e9pszer\u0171 mini hidraulikus dugatty\u00fas henger n\u00e9lk\u00fcl\u00f6zhetetlen alkatr\u00e9sz a traktorokban, megb\u00edzhat\u00f3 teljes\u00edtm\u00e9nyt \u00e9s hat\u00e9konys\u00e1got biztos\u00edt. Kompakt kialak\u00edt\u00e1sa \u00e9s robusztus fel\u00e9p\u00edt\u00e9se \u00e9rt\u00e9kes kieg\u00e9sz\u00edt\u0151je lehet b\u00e1rmely mez\u0151gazdas\u00e1gi g\u00e9pcsal\u00e1dnak.<\/p>\n<p>&nbsp;<\/p>\n<p><img decoding=\"async\" src=\"https:\/\/hzpt.com\/wp-content\/uploads\/2023\/12\/random-1.webp?v=1694163707\" alt=\"\" title=\"\"><\/p>\n<h2>A hegesztett p\u00f3l\u00f3 t\u00edpus\u00fa henger el\u0151nyei<\/h2>\n<ul>\n<li style=\"list-style-type: none;\">\n<ul>\n<li><strong>Megn\u00f6velt er\u0151:<\/strong> A hegesztett T-idom\u00fa hengerek nagy szil\u00e1rds\u00e1gukr\u00f3l ismertek, \u00edgy alkalmasak neh\u00e9z emel\u00e9st ig\u00e9nyl\u0151 alkalmaz\u00e1sokhoz. Az ilyen hengerek gy\u00e1rt\u00e1sa sor\u00e1n alkalmazott hegeszt\u00e9si elj\u00e1r\u00e1s biztos\u00edtja, hogy a henger mentes legyen a gyenge pontokt\u00f3l, \u00e9s ellen\u00e1lljon a nagy nyom\u00e1snak \u00e9s terhel\u00e9snek.<\/li>\n<\/ul>\n<\/li>\n<\/ul>\n<p>Amikor a hengerre nyom\u00e1st gyakorolunk, az egyenletesen oszlik el a teljes fel\u00fcleten, \u00edgy ellen\u00e1ll a deform\u00e1ci\u00f3nak. Ez a tulajdons\u00e1g biztos\u00edtja, hogy a henger extr\u00e9m k\u00f6r\u00fclm\u00e9nyek k\u00f6z\u00f6tt is megtartsa alakj\u00e1t \u00e9s szerkezeti integrit\u00e1s\u00e1t.<\/p>\n<ul>\n<li style=\"list-style-type: none;\">\n<ul>\n<li><strong>Sziv\u00e1rg\u00e1smegel\u0151z\u00e9s:<\/strong> A hegesztett T-idom\u00fa palackokat a sziv\u00e1rg\u00e1s megakad\u00e1lyoz\u00e1s\u00e1ra tervezt\u00e9k. A gy\u00e1rt\u00e1si folyamat sor\u00e1n alkalmazott hegeszt\u00e9si elj\u00e1r\u00e1s biztos\u00edtja, hogy a palack teljesen t\u00f6m\u00edtett \u00e9s mentes legyen minden lehets\u00e9ges sziv\u00e1rg\u00e1st\u00f3l. Ez a tulajdons\u00e1g alkalmass\u00e1 teszi \u0151ket olyan alkalmaz\u00e1sokhoz, ahol a sziv\u00e1rg\u00e1s s\u00falyos k\u00e1rokat vagy s\u00e9r\u00fcl\u00e9seket okozhat.<\/li>\n<\/ul>\n<\/li>\n<\/ul>\n<p>A hegesztett illeszt\u00e9sek sim\u00e1k, reped\u00e9sek vagy hornyok n\u00e9lk\u00fcl, ahol t\u00f6rmel\u00e9k vagy szennyez\u0151d\u00e9s felhalmoz\u00f3dhatna, cs\u00f6kkentve a korr\u00f3zi\u00f3 \u00e9s a henger k\u00e1rosod\u00e1s\u00e1nak kock\u00e1zat\u00e1t.<\/p>\n<ul>\n<li style=\"list-style-type: none;\">\n<ul>\n<li><strong>Testreszabhat\u00f3:<\/strong> A hegesztett T-idom\u00fa hengerek testreszabhat\u00f3k az adott alkalmaz\u00e1sokhoz. A hengerek k\u00fcl\u00f6nb\u00f6z\u0151 m\u00e9retekben \u00e9s form\u00e1kban kaphat\u00f3k, \u00e9s az alkalmaz\u00e1s konkr\u00e9t k\u00f6vetelm\u00e9nyeinek megfelel\u0151en gy\u00e1rthat\u00f3k.<\/li>\n<\/ul>\n<\/li>\n<\/ul>\n<p>A testreszab\u00e1si folyamat lehet\u0151v\u00e9 teszi a henger teljes\u00edtm\u00e9ny\u00e9nek optimaliz\u00e1l\u00e1s\u00e1t, biztos\u00edtva, hogy az megfeleljen a k\u00edv\u00e1nt alkalmaz\u00e1snak. Ez a tulajdons\u00e1g teszi a hegesztett T-idom\u00fa hengereket ide\u00e1liss\u00e1 k\u00fcl\u00f6nf\u00e9le ipari alkalmaz\u00e1sokhoz, bele\u00e9rtve az \u00e9p\u00edt\u0151iparban, a b\u00e1ny\u00e1szatban \u00e9s az anyagmozgat\u00e1sban val\u00f3 haszn\u00e1latra.<\/p>\n<ul>\n<li style=\"list-style-type: none;\">\n<ul>\n<li><strong>K\u00f6lts\u00e9ghat\u00e9kony:<\/strong> A hegesztett T-idom\u00fa hengerek k\u00f6lts\u00e9ghat\u00e9konyabbak m\u00e1s t\u00edpus\u00fa hengerekhez k\u00e9pest. Az ilyen hengerek gy\u00e1rt\u00e1si folyamata egyszer\u0171, \u00edgy olcs\u00f3bbak, mint m\u00e1s t\u00edpus\u00fa hengerek.<\/li>\n<\/ul>\n<\/li>\n<\/ul>\n<p>Tov\u00e1bb\u00e1 a hegesztett T-idom\u00fa hengerek nagy szil\u00e1rds\u00e1ga \u00e9s tart\u00f3ss\u00e1ga cs\u00f6kkenti a gyakori jav\u00edt\u00e1sok \u00e9s cser\u00e9k sz\u00fcks\u00e9gess\u00e9g\u00e9t, \u00edgy megtakar\u00edtva a karbantart\u00e1si k\u00f6lts\u00e9geket. Ez a tulajdons\u00e1g n\u00e9pszer\u0171 v\u00e1laszt\u00e1ss\u00e1 teszi \u0151ket sz\u00e1mos ipar\u00e1gban, k\u00fcl\u00f6n\u00f6sen a korl\u00e1tozott k\u00f6lts\u00e9gvet\u00e9ssel rendelkez\u0151k sz\u00e1m\u00e1ra.<\/p>\n<ul>\n<li style=\"list-style-type: none;\">\n<ul>\n<li><strong>Megn\u00f6velt hat\u00e9konys\u00e1g:<\/strong> A hegesztett T-idom\u00fa hengerek rendk\u00edv\u00fcl hat\u00e9konyak \u00e9s eredm\u00e9nyesek. A henger kialak\u00edt\u00e1sa biztos\u00edtja, hogy az alkalmazott er\u0151 k\u00f6zvetlen\u00fcl a terhel\u00e9sre ker\u00fclj\u00f6n \u00e1t, cs\u00f6kkentve az energiavesztes\u00e9get \u00e9s n\u00f6velve a hat\u00e9konys\u00e1got.<\/li>\n<\/ul>\n<\/li>\n<\/ul>\n<p>A hegesztett k\u00f6t\u00e9sek er\u0151sek \u00e9s merevek, minimaliz\u00e1lj\u00e1k az alakv\u00e1ltoz\u00e1st, \u00e9s biztos\u00edtj\u00e1k, hogy a henger extr\u00e9m k\u00f6r\u00fclm\u00e9nyek k\u00f6z\u00f6tt is megtartsa alakj\u00e1t \u00e9s szerkezeti integrit\u00e1s\u00e1t. Ez a tulajdons\u00e1g ide\u00e1liss\u00e1 teszi a hegesztett T-idom\u00fa hengereket olyan alkalmaz\u00e1sokhoz, amelyek nagy hat\u00e9konys\u00e1got \u00e9s megb\u00edzhat\u00f3s\u00e1got ig\u00e9nyelnek.<\/p>\n<h2>Hegesztett p\u00f3l\u00f3 t\u00edpus\u00fa henger alkalmaz\u00e1sa<\/h2>\n<ul>\n<li>\n<h3>Ipari g\u00e9pek \u00e9s berendez\u00e9sek<\/h3>\n<p>A hegesztett T-idom\u00fa hengereket sz\u00e9les k\u00f6rben haszn\u00e1lj\u00e1k ipari g\u00e9pekben \u00e9s berendez\u00e9sekben, k\u00fcl\u00f6n\u00f6sen hidraulikus rendszerekben. A henger egy dugatty\u00fab\u00f3l \u00e9s egy hengercs\u0151b\u0151l \u00e1ll, amelyeket egyetlen egys\u00e9gg\u00e9 hegesztenek \u00f6ssze. Ez a kialak\u00edt\u00e1s sz\u00e1mos el\u0151nnyel rendelkezik m\u00e1s t\u00edpus\u00fa hengerekkel szemben, p\u00e9ld\u00e1ul jobb tart\u00f3ss\u00e1got, nagyobb szil\u00e1rds\u00e1got \u00e9s nagyobb pontoss\u00e1got.<\/p>\n<p>Az ipari g\u00e9pekben a hegesztett T-idom\u00fa hengerek egyik legfontosabb alkalmaz\u00e1sa az \u00e1lland\u00f3 \u00e9s pontos er\u0151 lead\u00e1sa. Ez sz\u00e1mos gy\u00e1rt\u00e1si folyamatn\u00e1l elengedhetetlen, ahol prec\u00edz szab\u00e1lyoz\u00e1sra van sz\u00fcks\u00e9g a v\u00e9gterm\u00e9k min\u0151s\u00e9g\u00e9nek biztos\u00edt\u00e1s\u00e1hoz. A hegesztett T-idom\u00fa hengerek a hidraulikus rendszerekben a folyad\u00e9kok \u00e1raml\u00e1s\u00e1nak szab\u00e1lyoz\u00e1s\u00e1ra is haszn\u00e1lhat\u00f3k, ami nagyobb hat\u00e9konys\u00e1got \u00e9s megb\u00edzhat\u00f3s\u00e1got tesz lehet\u0151v\u00e9 sz\u00e1mos ipari alkalmaz\u00e1sban.<\/li>\n<li>\n<h3>Mez\u0151gazdas\u00e1gi berendez\u00e9sek<\/h3>\n<p>A hegesztett T-idom\u00fa hengereket gyakran haszn\u00e1lj\u00e1k mez\u0151gazdas\u00e1gi g\u00e9pekben, p\u00e9ld\u00e1ul traktorokban \u00e9s betakar\u00edt\u00f3g\u00e9pekben. Ezeknek a g\u00e9peknek a hat\u00e9kony m\u0171k\u00f6d\u00e9s\u00e9hez nagy teljes\u00edtm\u00e9ny\u0171 \u00e9s megb\u00edzhat\u00f3 hidraulikus rendszerekre van sz\u00fcks\u00e9g\u00fck, \u00e9s a hegesztett T-idom\u00fa henger ide\u00e1lis v\u00e1laszt\u00e1s erre a c\u00e9lra.<\/p>\n<p>A henger massz\u00edv fel\u00e9p\u00edt\u00e9se \u00e9s nagy szil\u00e1rds\u00e1ga rendk\u00edv\u00fcl ellen\u00e1ll\u00f3v\u00e1 teszi a kop\u00e1ssal \u00e9s elhaszn\u00e1l\u00f3d\u00e1ssal szemben, m\u00e9g zord \u00fczemi k\u00f6r\u00fclm\u00e9nyek k\u00f6z\u00f6tt is. Ez ide\u00e1lis v\u00e1laszt\u00e1ss\u00e1 teszi mez\u0151gazdas\u00e1gi berendez\u00e9sekben val\u00f3 haszn\u00e1latra, ahol a tart\u00f3ss\u00e1g kulcsfontoss\u00e1g\u00fa szempont. A hegesztett T-idom\u00fa henger sz\u00e1mos mez\u0151gazdas\u00e1gi folyamathoz, p\u00e9ld\u00e1ul \u00fcltet\u00e9shez, betakar\u00edt\u00e1shoz \u00e9s \u00f6nt\u00f6z\u00e9shez sz\u00fcks\u00e9ges prec\u00edz vez\u00e9rl\u00e9s biztos\u00edt\u00e1s\u00e1ra is haszn\u00e1lhat\u00f3.<\/li>\n<li>\n<h3>\u00c9p\u00edt\u0151ipari berendez\u00e9sek<\/h3>\n<p>A hegesztett T-idom\u00fa hengereket sz\u00e9les k\u00f6rben haszn\u00e1lj\u00e1k \u00e9p\u00edt\u0151ipari berendez\u00e9sekben, p\u00e9ld\u00e1ul kotr\u00f3g\u00e9pekben, kotr\u00f3g\u00e9pekben \u00e9s buld\u00f3zerekben. Ezeknek a g\u00e9peknek nagy teljes\u00edtm\u00e9ny\u0171 \u00e9s megb\u00edzhat\u00f3 hidraulikus rendszerekre van sz\u00fcks\u00e9g\u00fck a neh\u00e9z feladatok, p\u00e9ld\u00e1ul az \u00e1s\u00e1s, emel\u00e9s \u00e9s a neh\u00e9z terhek tol\u00e1sa elv\u00e9gz\u00e9s\u00e9hez.<\/p>\n<p>A hegesztett T-idom\u00fa henger nagy szil\u00e1rds\u00e1ga \u00e9s tart\u00f3ss\u00e1ga ide\u00e1lis v\u00e1laszt\u00e1ss\u00e1 teszi \u00e9p\u00edt\u0151ipari berendez\u00e9sekben val\u00f3 haszn\u00e1latra. A prec\u00edz vez\u00e9rl\u00e9s \u00e9s az \u00e1lland\u00f3 er\u0151 biztos\u00edt\u00e1s\u00e1nak k\u00e9pess\u00e9ge elengedhetetlen sz\u00e1mos \u00e9p\u00edt\u00e9si folyamathoz, p\u00e9ld\u00e1ul f\u00f6ldmunk\u00e1hoz, tereprendez\u00e9shez \u00e9s burkol\u00e1shoz. A hegesztett T-idom\u00fa henger a hidraulikus rendszerekben a folyad\u00e9kok \u00e1raml\u00e1s\u00e1nak szab\u00e1lyoz\u00e1s\u00e1ra is haszn\u00e1lhat\u00f3, jav\u00edtva az \u00e9p\u00edt\u0151ipari berendez\u00e9sek hat\u00e9konys\u00e1g\u00e1t \u00e9s megb\u00edzhat\u00f3s\u00e1g\u00e1t sz\u00e1mos alkalmaz\u00e1sban.<\/li>\n<\/ul>\n<h3>Az FMP-r\u0151l<\/h3>\n<p>Az FMP t\u00f6bb mint 30 \u00e9ve a hidraulikus hengerek elismert gy\u00e1rt\u00f3ja. Ipari ter\u00fclet\u00fcnk Olaszorsz\u00e1gban tal\u00e1lhat\u00f3, ahol t\u00f6bb mint 100 berendez\u00e9st \u00fczemeltet\u00fcnk, bele\u00e9rtve automata g\u00e1zv\u00e9d\u0151g\u00e1zas hegeszt\u0151g\u00e9peket, m\u00e9lyf\u00far\u00f3g\u00e9peket, CNC eszterg\u00e1kat, hengeres k\u00f6sz\u00f6r\u0171ket, automata tiszt\u00edt\u00f3g\u00e9peket, automata szerel\u0151g\u00e9peket, automata hidraulikus henger teljes\u00edtm\u00e9nym\u00e9r\u0151 padokat \u00e9s automata fest\u0151sorokat.<\/p>\n<p>Hidraulikus hengereink k\u00f6z\u00e9 tartozik a f\u00fclbeval\u00f3 hidraulikus henger, a k\u00e9tir\u00e1ny\u00fa automatikus teleszk\u00f3pos hidraulikus henger \u00e9s egyebek. Minden egyes hidraulikus henger szigor\u00fa megmunk\u00e1l\u00e1son \u00e9s ellen\u0151rz\u00e9sen megy kereszt\u00fcl, hogy a legmagasabb min\u0151s\u00e9get biztos\u00edtsuk \u00fcgyfeleink sz\u00e1m\u00e1ra.<\/p>\n<p>C\u00e9g\u00fcnk sz\u00e1mos el\u0151nyt k\u00edn\u00e1l \u00fcgyfeleinek, t\u00f6bbek k\u00f6z\u00f6tt:<\/p>\n<p>1. Tervez\u00e9si szolg\u00e1ltat\u00e1s: Tapasztalt tervez\u0151csapatunk seg\u00edts\u00e9get ny\u00fajthat a kard\u00e1ntengelyes term\u00e9kek tervez\u00e9s\u00e9ben \u00e9s fejleszt\u00e9s\u00e9ben. Ha \u00faj term\u00e9kekre vagy a megl\u00e9v\u0151 term\u00e9kek fejleszt\u00e9s\u00e9re van sz\u00fcks\u00e9ge, mi t\u00e1mogatjuk \u00d6nt.<br \/>\n2. Term\u00e9kszolg\u00e1ltat\u00e1s: A nyersanyagokt\u00f3l a sz\u00e1ll\u00edt\u00e1sig fel\u00fcgyelj\u00fck a teljes gy\u00e1rt\u00e1si folyamatot, bele\u00e9rtve a v\u00e1g\u00e1st, a durva feldolgoz\u00e1st, a tesztel\u00e9st, a tiszt\u00edt\u00e1st, az \u00f6sszeszerel\u00e9st \u00e9s a csomagol\u00e1st.<br \/>\n3. Mintav\u00e9teli folyamat: Az \u00d6n ig\u00e9nyei szerint tudunk mint\u00e1kat kidolgozni, \u00e9s azokat folyamatosan m\u00f3dos\u00edtani, hogy megfeleljenek az \u00d6n ig\u00e9nyeinek.<br \/>\n4. K+F: Amikor \u00faj aut\u00f3k jelennek meg a piacon, tanulm\u00e1nyozzuk az \u00faj piaci ig\u00e9nyeket, \u00e9s ennek megfelel\u0151en fejleszt\u00fcnk \u00faj modelleket.<br \/>\n5. Testreszab\u00e1s: Minden t\u00edpus\u00fa hidraulikus hengerre egyedi megrendel\u00e9seket fogadunk el.<\/p>\n<p>Az FMP-n\u00e9l elk\u00f6telezettek vagyunk amellett, hogy a legmagasabb min\u0151s\u00e9g\u0171 term\u00e9keket \u00e9s szolg\u00e1ltat\u00e1sokat ny\u00fajtsuk \u00fcgyfeleinknek. V\u00e1lasszon minket hidraulikus hengerrel kapcsolatos ig\u00e9nyeihez, \u00e9s tapasztalja meg a k\u00fcl\u00f6nbs\u00e9get.<\/p>\n<p><img decoding=\"async\" src=\"https:\/\/fmp-components.com\/wp-content\/uploads\/2024\/12\/fmp-factory-4.webp\" alt=\"FMP gy\u00e1r\" width=\"800\" title=\"\"><br \/>\nSzerz\u0151: CX<\/p>","protected":false},"excerpt":{"rendered":"<p>The 10023 Hot Selling Mini Hydraulic Piston Cylinder is specifically designed for tractor applications, providing powerful lifting and pushing capabilities in a compact size. This hydraulic cylinder is ideal for various agricultural tasks, making it a must-have for modern farming operations. Key Features: Miniature Design: Compact size allows for easy integration into smaller tractors and [&hellip;]<\/p>","protected":false},"featured_media":1133,"comment_status":"closed","ping_status":"closed","template":"","meta":{"_et_pb_use_builder":"","_et_pb_old_content":"","_et_gb_content_width":""},"product_brand":[],"product_cat":[31],"product_tag":[34,35],"class_list":{"0":"post-943","1":"product","2":"type-product","3":"status-publish","4":"has-post-thumbnail","6":"product_cat-welded-tee-type-cylinder","7":"product_tag-hydraulic-cylinder","8":"product_tag-welded-tee-type-cylinder","10":"first","11":"instock","12":"product-type-simple"},"_links":{"self":[{"href":"https:\/\/fmp-components.com\/hu\/wp-json\/wp\/v2\/product\/943","targetHints":{"allow":["GET"]}}],"collection":[{"href":"https:\/\/fmp-components.com\/hu\/wp-json\/wp\/v2\/product"}],"about":[{"href":"https:\/\/fmp-components.com\/hu\/wp-json\/wp\/v2\/types\/product"}],"replies":[{"embeddable":true,"href":"https:\/\/fmp-components.com\/hu\/wp-json\/wp\/v2\/comments?post=943"}],"wp:featuredmedia":[{"embeddable":true,"href":"https:\/\/fmp-components.com\/hu\/wp-json\/wp\/v2\/media\/1133"}],"wp:attachment":[{"href":"https:\/\/fmp-components.com\/hu\/wp-json\/wp\/v2\/media?parent=943"}],"wp:term":[{"taxonomy":"product_brand","embeddable":true,"href":"https:\/\/fmp-components.com\/hu\/wp-json\/wp\/v2\/product_brand?post=943"},{"taxonomy":"product_cat","embeddable":true,"href":"https:\/\/fmp-components.com\/hu\/wp-json\/wp\/v2\/product_cat?post=943"},{"taxonomy":"product_tag","embeddable":true,"href":"https:\/\/fmp-components.com\/hu\/wp-json\/wp\/v2\/product_tag?post=943"}],"curies":[{"name":"munkaf\u00fczet","href":"https:\/\/api.w.org\/{rel}","templated":true}]}}