{"id":942,"date":"2024-12-19T03:39:43","date_gmt":"2024-12-19T03:39:43","guid":{"rendered":"https:\/\/fmp-components.com\/product\/10022-china-supplier-small-hydraulic-welded-cylinder-piston-hydraulic-cylinder\/"},"modified":"2024-12-26T08:57:51","modified_gmt":"2024-12-26T08:57:51","slug":"10022-italy-supplier-small-hydraulic-welded-cylinder-piston-hydraulic-cylinder","status":"publish","type":"product","link":"https:\/\/fmp-components.com\/hu\/product\/10022-italy-supplier-small-hydraulic-welded-cylinder-piston-hydraulic-cylinder\/","title":{"rendered":"10022 Olaszorsz\u00e1g Besz\u00e1ll\u00edt\u00f3 Kis Hidraulikus Hegesztett Hengeres Dugatty\u00fas Hidraulikus Henger"},"content":{"rendered":"<p>Az 10022-es olasz besz\u00e1ll\u00edt\u00f3 \u00e1ltal gy\u00e1rtott kism\u00e9ret\u0171 hidraulikus hegesztett hengeres dugatty\u00fas hidraulikus hengert kompakt alkalmaz\u00e1sokhoz tervezt\u00e9k, ahol korl\u00e1tozott a hely, de a teljes\u00edtm\u00e9ny elengedhetetlen. Ez a hidraulikus henger robusztus hegesztett konstrukci\u00f3val rendelkezik, amely tart\u00f3ss\u00e1got \u00e9s megb\u00edzhat\u00f3s\u00e1got biztos\u00edt k\u00fcl\u00f6nf\u00e9le ipari \u00e9s mez\u0151gazdas\u00e1gi felhaszn\u00e1l\u00e1sokban.<\/p>\n<h4>F\u0151bb jellemz\u0151k:<\/h4>\n<ul>\n<li><strong>Hegesztett szerkezet<\/strong>Kiv\u00e1l\u00f3 min\u0151s\u00e9g\u0171 hegesztett kialak\u00edt\u00e1ssal k\u00e9sz\u00fclt a szil\u00e1rds\u00e1g n\u00f6vel\u00e9se \u00e9s a sziv\u00e1rg\u00e1sok megakad\u00e1lyoz\u00e1sa \u00e9rdek\u00e9ben, \u00edgy ide\u00e1lis ig\u00e9nyes alkalmaz\u00e1sokhoz.<\/li>\n<li><strong>Kompakt m\u00e9ret<\/strong>Kis helyig\u00e9ny\u00e9nek k\u00f6sz\u00f6nhet\u0151en sz\u0171k helyekre is beszerelhet\u0151, \u00edgy alkalmas k\u00fcl\u00f6nf\u00e9le g\u00e9pek \u00e9s berendez\u00e9sek sz\u00e1m\u00e1ra.<\/li>\n<li><strong>Kett\u0151s m\u0171k\u00f6d\u00e9s\u0171 funkci\u00f3<\/strong>Megb\u00edzhat\u00f3 m\u0171k\u00f6d\u00e9st biztos\u00edt mind a kiny\u00fajt\u00e1s, mind a visszah\u00faz\u00e1s f\u00e1zis\u00e1ban, biztos\u00edtva a prec\u00edz vez\u00e9rl\u00e9st m\u0171k\u00f6d\u00e9s k\u00f6zben.<\/li>\n<li><strong>Korr\u00f3zi\u00f3\u00e1ll\u00f3 bevonat<\/strong>: Bevonattal ell\u00e1tva a rozsda \u00e9s a korr\u00f3zi\u00f3 elleni v\u00e9delem \u00e9rdek\u00e9ben, biztos\u00edtva a hossz\u00fa \u00e9lettartamot \u00e9s a megb\u00edzhat\u00f3 teljes\u00edtm\u00e9nyt k\u00fclt\u00e9ri k\u00f6rnyezetben.<\/li>\n<li><strong>K\u00f6nny\u0171 telep\u00edt\u00e9s<\/strong>: \u00dagy tervezt\u00e9k, hogy egyszer\u0171en integr\u00e1lhat\u00f3 legyen a megl\u00e9v\u0151 rendszerekbe, minimaliz\u00e1lva az \u00e1ll\u00e1sid\u0151t \u00e9s n\u00f6velve a termel\u00e9kenys\u00e9get.<\/li>\n<li><img decoding=\"async\" src=\"https:\/\/hzpt.com\/wp-content\/uploads\/2023\/12\/random-3.webp\" alt=\"\" title=\"\"><\/li>\n<\/ul>\n<h4>El\u0151ny\u00f6k:<\/h4>\n<ul>\n<li><strong>Fokozott teljes\u00edtm\u00e9ny<\/strong>Optimaliz\u00e1lja a berendez\u00e9sek m\u0171k\u00f6d\u00e9s\u00e9t, megk\u00f6nny\u00edtve a sima \u00e9s hat\u00e9kony emel\u00e9si \u00e9s s\u00fcllyeszt\u00e9si m\u0171veleteket.<\/li>\n<li><strong>Sokoldal\u00fa alkalmaz\u00e1sok<\/strong>Sz\u00e9les k\u00f6rben alkalmazhat\u00f3 mez\u0151gazdas\u00e1gban, \u00e9p\u00edt\u0151iparban \u00e9s ipari g\u00e9pekben.<\/li>\n<li><strong>Megb\u00edzhat\u00f3s\u00e1g \u00e9s tart\u00f3ss\u00e1g<\/strong>: \u00dagy tervezt\u00e9k, hogy ellen\u00e1lljon a zord k\u00f6r\u00fclm\u00e9nyeknek \u00e9s a nagy terhel\u00e9seknek, cs\u00f6kkentve a karbantart\u00e1si ig\u00e9nyt \u00e9s meghosszabb\u00edtva az \u00e9lettartamot.<\/li>\n<\/ul>\n<p>Az 10022-es olasz besz\u00e1ll\u00edt\u00f3i gy\u00e1rtm\u00e1ny\u00fa, kism\u00e9ret\u0171, hegesztett hengeres, dugatty\u00fas hidraulikus henger minden olyan berendez\u00e9s alapvet\u0151 alkatr\u00e9sze, amely megb\u00edzhat\u00f3 hidraulikus m\u0171k\u00f6d\u00e9st ig\u00e9nyel kompakt form\u00e1ban. Robusztus fel\u00e9p\u00edt\u00e9se \u00e9s hat\u00e9kony kialak\u00edt\u00e1sa \u00e9rt\u00e9kes v\u00e1laszt\u00e1ss\u00e1 teszi k\u00fcl\u00f6nf\u00e9le alkalmaz\u00e1sokhoz.<\/p>\n<table border=\"1\"><!-- Insert product details here --><\/table>\n<p>&nbsp;<\/p>\n<p><img decoding=\"async\" src=\"https:\/\/hzpt.com\/wp-content\/uploads\/2023\/12\/random-4.webp\" alt=\"\" title=\"\"><\/p>\n<h2>A hegesztett p\u00f3l\u00f3 t\u00edpus\u00fa henger el\u0151nyei<\/h2>\n<ul>\n<li style=\"list-style-type: none;\">\n<ul>\n<li><strong>Megn\u00f6velt er\u0151:<\/strong> A hegesztett T-idom\u00fa hengerek nagy szil\u00e1rds\u00e1gukr\u00f3l ismertek, \u00edgy alkalmasak neh\u00e9z emel\u00e9st ig\u00e9nyl\u0151 alkalmaz\u00e1sokhoz. Az ilyen hengerek gy\u00e1rt\u00e1sa sor\u00e1n alkalmazott hegeszt\u00e9si elj\u00e1r\u00e1s biztos\u00edtja, hogy a henger mentes legyen a gyenge pontokt\u00f3l, \u00e9s ellen\u00e1lljon a nagy nyom\u00e1snak \u00e9s terhel\u00e9snek.<\/li>\n<\/ul>\n<\/li>\n<\/ul>\n<p>Amikor a hengerre nyom\u00e1st gyakorolunk, az egyenletesen oszlik el a teljes fel\u00fcleten, \u00edgy ellen\u00e1ll a deform\u00e1ci\u00f3nak. Ez a tulajdons\u00e1g biztos\u00edtja, hogy a henger extr\u00e9m k\u00f6r\u00fclm\u00e9nyek k\u00f6z\u00f6tt is megtartsa alakj\u00e1t \u00e9s szerkezeti integrit\u00e1s\u00e1t.<\/p>\n<ul>\n<li style=\"list-style-type: none;\">\n<ul>\n<li><strong>Sziv\u00e1rg\u00e1smegel\u0151z\u00e9s:<\/strong> A hegesztett T-idom\u00fa palackokat a sziv\u00e1rg\u00e1s megakad\u00e1lyoz\u00e1s\u00e1ra tervezt\u00e9k. A gy\u00e1rt\u00e1si folyamat sor\u00e1n alkalmazott hegeszt\u00e9si elj\u00e1r\u00e1s biztos\u00edtja, hogy a palack teljesen t\u00f6m\u00edtett \u00e9s mentes legyen minden lehets\u00e9ges sziv\u00e1rg\u00e1st\u00f3l. Ez a tulajdons\u00e1g alkalmass\u00e1 teszi \u0151ket olyan alkalmaz\u00e1sokhoz, ahol a sziv\u00e1rg\u00e1s s\u00falyos k\u00e1rokat vagy s\u00e9r\u00fcl\u00e9seket okozhat.<\/li>\n<\/ul>\n<\/li>\n<\/ul>\n<p>A hegesztett illeszt\u00e9sek sim\u00e1k, reped\u00e9sek vagy hornyok n\u00e9lk\u00fcl, ahol t\u00f6rmel\u00e9k vagy szennyez\u0151d\u00e9s felhalmoz\u00f3dhatna, cs\u00f6kkentve a korr\u00f3zi\u00f3 \u00e9s a henger k\u00e1rosod\u00e1s\u00e1nak kock\u00e1zat\u00e1t.<\/p>\n<ul>\n<li style=\"list-style-type: none;\">\n<ul>\n<li><strong>Testreszabhat\u00f3:<\/strong> A hegesztett T-idom\u00fa hengerek testreszabhat\u00f3k az adott alkalmaz\u00e1sokhoz. A hengerek k\u00fcl\u00f6nb\u00f6z\u0151 m\u00e9retekben \u00e9s form\u00e1kban kaphat\u00f3k, \u00e9s az alkalmaz\u00e1s konkr\u00e9t k\u00f6vetelm\u00e9nyeinek megfelel\u0151en gy\u00e1rthat\u00f3k.<\/li>\n<\/ul>\n<\/li>\n<\/ul>\n<p>A testreszab\u00e1si folyamat lehet\u0151v\u00e9 teszi a henger teljes\u00edtm\u00e9ny\u00e9nek optimaliz\u00e1l\u00e1s\u00e1t, biztos\u00edtva, hogy az megfeleljen a k\u00edv\u00e1nt alkalmaz\u00e1snak. Ez a tulajdons\u00e1g teszi a hegesztett T-idom\u00fa hengereket ide\u00e1liss\u00e1 k\u00fcl\u00f6nf\u00e9le ipari alkalmaz\u00e1sokhoz, bele\u00e9rtve az \u00e9p\u00edt\u0151iparban, a b\u00e1ny\u00e1szatban \u00e9s az anyagmozgat\u00e1sban val\u00f3 haszn\u00e1latra.<\/p>\n<ul>\n<li style=\"list-style-type: none;\">\n<ul>\n<li><strong>K\u00f6lts\u00e9ghat\u00e9kony:<\/strong> A hegesztett T-idom\u00fa hengerek k\u00f6lts\u00e9ghat\u00e9konyabbak m\u00e1s t\u00edpus\u00fa hengerekhez k\u00e9pest. Az ilyen hengerek gy\u00e1rt\u00e1si folyamata egyszer\u0171, \u00edgy olcs\u00f3bbak, mint m\u00e1s t\u00edpus\u00fa hengerek.<\/li>\n<\/ul>\n<\/li>\n<\/ul>\n<p>Tov\u00e1bb\u00e1 a hegesztett T-idom\u00fa hengerek nagy szil\u00e1rds\u00e1ga \u00e9s tart\u00f3ss\u00e1ga cs\u00f6kkenti a gyakori jav\u00edt\u00e1sok \u00e9s cser\u00e9k sz\u00fcks\u00e9gess\u00e9g\u00e9t, \u00edgy megtakar\u00edtva a karbantart\u00e1si k\u00f6lts\u00e9geket. Ez a tulajdons\u00e1g n\u00e9pszer\u0171 v\u00e1laszt\u00e1ss\u00e1 teszi \u0151ket sz\u00e1mos ipar\u00e1gban, k\u00fcl\u00f6n\u00f6sen a korl\u00e1tozott k\u00f6lts\u00e9gvet\u00e9ssel rendelkez\u0151k sz\u00e1m\u00e1ra.<\/p>\n<ul>\n<li style=\"list-style-type: none;\">\n<ul>\n<li><strong>Megn\u00f6velt hat\u00e9konys\u00e1g:<\/strong> A hegesztett T-idom\u00fa hengerek rendk\u00edv\u00fcl hat\u00e9konyak \u00e9s eredm\u00e9nyesek. A henger kialak\u00edt\u00e1sa biztos\u00edtja, hogy az alkalmazott er\u0151 k\u00f6zvetlen\u00fcl a terhel\u00e9sre ker\u00fclj\u00f6n \u00e1t, cs\u00f6kkentve az energiavesztes\u00e9get \u00e9s n\u00f6velve a hat\u00e9konys\u00e1got.<\/li>\n<\/ul>\n<\/li>\n<\/ul>\n<p>A hegesztett k\u00f6t\u00e9sek er\u0151sek \u00e9s merevek, minimaliz\u00e1lj\u00e1k az alakv\u00e1ltoz\u00e1st, \u00e9s biztos\u00edtj\u00e1k, hogy a henger extr\u00e9m k\u00f6r\u00fclm\u00e9nyek k\u00f6z\u00f6tt is megtartsa alakj\u00e1t \u00e9s szerkezeti integrit\u00e1s\u00e1t. Ez a tulajdons\u00e1g ide\u00e1liss\u00e1 teszi a hegesztett T-idom\u00fa hengereket olyan alkalmaz\u00e1sokhoz, amelyek nagy hat\u00e9konys\u00e1got \u00e9s megb\u00edzhat\u00f3s\u00e1got ig\u00e9nyelnek.<\/p>\n<h2>Hegesztett p\u00f3l\u00f3 t\u00edpus\u00fa henger alkalmaz\u00e1sa<\/h2>\n<h3>Bevezet\u00e9s<\/h3>\n<p>A hegesztett T-idom\u00fa henger egy olyan hidraulikus hengert\u00edpus, amelyet gyakran haszn\u00e1lnak ipari alkalmaz\u00e1sokban. \u00dagy tervezt\u00e9k, hogy nagy er\u0151teljes\u00edtm\u00e9nyt biztos\u00edtson kompakt \u00e9s k\u00f6lts\u00e9ghat\u00e9kony kivitelben. Ez a t\u00edpus\u00fa henger egy hegesztett T-idomb\u00f3l \u00e9s egy dugatty\u00far\u00fadb\u00f3l \u00e1ll, amely a T-idomhoz van r\u00f6gz\u00edtve. A T-idom a henger h\u00e1z\u00e1hoz van csatlakoztatva, \u00e9s egy dugatty\u00fat tartalmaz, amely el\u0151re-h\u00e1tra mozog a h\u00e1z belsej\u00e9ben er\u0151t gener\u00e1lva.<\/p>\n<h3>A hegesztett p\u00f3l\u00f3 t\u00edpus\u00fa henger el\u0151nyei<\/h3>\n<p>A hegesztett T-henger ipari alkalmaz\u00e1sokban t\u00f6rt\u00e9n\u0151 haszn\u00e1lat\u00e1nak sz\u00e1mos el\u0151nye van:<\/p>\n<ul>\n<li><b>Kompakt kialak\u00edt\u00e1s:<\/b> A hegesztett T-idom\u00fa hengerek kompakt kialak\u00edt\u00e1s\u00faak, \u00edgy ide\u00e1lisak korl\u00e1tozott helyeken val\u00f3 haszn\u00e1latra.<\/li>\n<li><b>Nagy hat\u00e9konys\u00e1g:<\/b> A hegesztett T-idom\u00fa hengerek rendk\u00edv\u00fcl hat\u00e9konyak, ami azt jelenti, hogy minim\u00e1lis energiabefektet\u00e9ssel nagy er\u0151t tudnak kifejteni.<\/li>\n<li><b>Tart\u00f3s:<\/b> A hegesztett T-idom\u00fa hengereket \u00fagy tervezt\u00e9k, hogy rendk\u00edv\u00fcl tart\u00f3sak legyenek, ami azt jelenti, hogy ellen\u00e1llnak a zord \u00fczemi k\u00f6r\u00fclm\u00e9nyeknek \u00e9s hossz\u00fa ideig kitartanak.<\/li>\n<li><b>K\u00f6lts\u00e9ghat\u00e9kony:<\/b> A hegesztett T-idom\u00fa hengerek k\u00f6lts\u00e9ghat\u00e9konyak, ami azt jelenti, hogy j\u00f3 \u00e1r-\u00e9rt\u00e9k ar\u00e1nyt k\u00e9pviselnek.<\/li>\n<\/ul>\n<h3>Hegesztett p\u00f3l\u00f3 t\u00edpus\u00fa henger alkalmaz\u00e1sai<\/h3>\n<p>A hegesztett T-idom\u00fa hengereknek sz\u00e1mos alkalmaz\u00e1si ter\u00fclete van a k\u00fcl\u00f6nb\u00f6z\u0151 ipar\u00e1gakban, bele\u00e9rtve:<\/p>\n<ul>\n<li><b>Gy\u00e1rt\u00e1s:<\/b> A hegesztett T-idom\u00fa hengereket a gy\u00e1rt\u00e1sban g\u00e9pek m\u0171k\u00f6dtet\u00e9s\u00e9re, neh\u00e9z terhek mozgat\u00e1s\u00e1ra \u00e9s f\u00e9m alkatr\u00e9szek alak\u00edt\u00e1s\u00e1ra haszn\u00e1lj\u00e1k.<\/li>\n<li><b>Mez\u0151gazdas\u00e1g:<\/b> A hegesztett T-idom\u00fa hengereket a mez\u0151gazdas\u00e1gban haszn\u00e1lj\u00e1k traktorok, betakar\u00edt\u00f3g\u00e9pek \u00e9s egy\u00e9b mez\u0151gazdas\u00e1gi berendez\u00e9sek hidraulikus rendszereinek m\u0171k\u00f6dtet\u00e9s\u00e9re.<\/li>\n<li><b>\u00c9p\u00edt\u00e9s:<\/b> A hegesztett T-idom\u00fa hengereket az \u00e9p\u00edt\u0151iparban haszn\u00e1lj\u00e1k olyan g\u00e9pek m\u0171k\u00f6dtet\u00e9s\u00e9re, mint a daruk, kotr\u00f3g\u00e9pek \u00e9s kotr\u00f3g\u00e9pek.<\/li>\n<li><b>B\u00e1ny\u00e1szati:<\/b> A hegesztett p\u00f3l\u00f3 t\u00edpus\u00fa hengereket a b\u00e1ny\u00e1szatban haszn\u00e1lj\u00e1k neh\u00e9zg\u00e9pek, p\u00e9ld\u00e1ul buld\u00f3zerek, rakod\u00f3g\u00e9pek \u00e9s k\u0151zetf\u00far\u00f3k hidraulikus rendszereinek m\u0171k\u00f6dtet\u00e9s\u00e9re.<\/li>\n<li><b>Sz\u00e1ll\u00edt\u00e1s:<\/b> A hegesztett T-idom\u00fa hengereket a sz\u00e1ll\u00edtm\u00e1nyoz\u00e1sban haszn\u00e1lj\u00e1k teheraut\u00f3k, buszok \u00e9s egy\u00e9b j\u00e1rm\u0171vek hidraulikus rendszereinek m\u0171k\u00f6dtet\u00e9s\u00e9re.<\/li>\n<\/ul>\n<h3>K\u00f6vetkeztet\u00e9s<\/h3>\n<p>\u00d6sszefoglalva, a hegesztett T-idom\u00fa hengerek fontos alkot\u00f3elemei sz\u00e1mos ipari alkalmaz\u00e1snak. Kompakt, hat\u00e9kony, tart\u00f3s \u00e9s k\u00f6lts\u00e9ghat\u00e9kony kialak\u00edt\u00e1suknak k\u00f6sz\u00f6nhet\u0151en ide\u00e1lis v\u00e1laszt\u00e1st jelentenek sz\u00e1mos alkalmaz\u00e1shoz. Ak\u00e1r gy\u00e1rt\u00f3\u00fczemben g\u00e9peket, ak\u00e1r farmon mez\u0151gazdas\u00e1gi berendez\u00e9seket, ak\u00e1r b\u00e1ny\u00e1ban neh\u00e9zg\u00e9peket \u00fczemeltet, a hegesztett T-idom\u00fa hengerek seg\u00edthetnek a munka hat\u00e9kony \u00e9s eredm\u00e9nyes elv\u00e9gz\u00e9s\u00e9ben.<\/p>\n<h3>Az FMP-r\u0151l<\/h3>\n<p>Az FMP t\u00f6bb mint 30 \u00e9ve m\u0171k\u00f6dik, \u00e9s a hidraulikus hengerek vezet\u0151 gy\u00e1rt\u00f3ja \u00e9s sz\u00e1ll\u00edt\u00f3ja. Olaszorsz\u00e1gban tal\u00e1lhat\u00f3 ipari ter\u00fclet\u00fcnk\u00f6n t\u00f6bb mint 100 cs\u00facstechnol\u00f3gi\u00e1s berendez\u00e9s tal\u00e1lhat\u00f3, t\u00f6bbek k\u00f6z\u00f6tt automata g\u00e1zv\u00e9d\u0151g\u00e1zas hegeszt\u0151g\u00e9pek, m\u00e9lyf\u00far\u00f3 g\u00e9pek, CNC eszterg\u00e1k, hengercsiszol\u00f3k, automata tiszt\u00edt\u00f3g\u00e9pek, automata szerel\u0151g\u00e9pek, automata hidraulikus henger teljes\u00edtm\u00e9nym\u00e9r\u0151 padok \u00e9s automata fest\u0151sorok.<\/p>\n<p><img decoding=\"async\" src=\"https:\/\/fmp-components.com\/wp-content\/uploads\/2024\/12\/fmp-factory-4.webp\" alt=\"FMP gy\u00e1r\" width=\"800\" title=\"\"><\/p>\n<p>B\u00fcszk\u00e9k vagyunk szigor\u00fa feldolgoz\u00e1si \u00e9s ellen\u0151rz\u00e9si elj\u00e1r\u00e1sainkra, amelyek biztos\u00edtj\u00e1k, hogy minden egyes hidraulikus henger alapos vizsg\u00e1laton essen \u00e1t, \u00edgy garant\u00e1lva \u00fcgyfeleink sz\u00e1m\u00e1ra a kiv\u00e9teles min\u0151s\u00e9get.<\/p>\n<ol>\n<li><strong>Tervez\u00e9si szolg\u00e1ltat\u00e1s:<\/strong> Tapasztalt tervez\u0151csapatunk j\u00e1rtas az univerz\u00e1lis tengelyek term\u00e9ktervez\u00e9s\u00e9ben \u00e9s fejleszt\u00e9s\u00e9ben. Ak\u00e1r \u00faj term\u00e9kekre, ak\u00e1r a megl\u00e9v\u0151k fejleszt\u00e9s\u00e9re van sz\u00fcks\u00e9ge, mi itt vagyunk, hogy t\u00e1mogassuk \u00d6nt.<\/li>\n<li><strong>Term\u00e9kszolg\u00e1ltat\u00e1s:<\/strong> \u00c1tfog\u00f3 term\u00e9kszolg\u00e1ltat\u00e1sunk lefedi a teljes gy\u00e1rt\u00e1si folyamatot, az alapanyagokt\u00f3l kezdve a v\u00e1g\u00e1son, durva megmunk\u00e1l\u00e1son, tesztel\u00e9sen, tiszt\u00edt\u00e1son, \u00f6sszeszerel\u00e9sen, csomagol\u00e1son \u00e9s sz\u00e1ll\u00edt\u00e1son \u00e1t.<\/li>\n<li><strong>Mintav\u00e9teli folyamat:<\/strong> Testreszabhat\u00f3 mintafejleszt\u00e9st k\u00edn\u00e1lunk az \u00d6n ig\u00e9nyei alapj\u00e1n. A mint\u00e1kat folyamatosan m\u00f3dos\u00edtjuk, hogy megfeleljenek az \u00d6n egyedi ig\u00e9nyeinek, biztos\u00edtva, hogy a v\u00e9geredm\u00e9ny az \u00d6n megel\u00e9ged\u00e9s\u00e9re legyen szabva.<\/li>\n<li><strong>K+F:<\/strong> Ahogy a piaci trendek fejl\u0151dnek, tov\u00e1bbra is az innov\u00e1ci\u00f3 \u00e9lvonal\u00e1ban maradunk. Kiterjedten tanulm\u00e1nyozzuk az \u00faj piaci ig\u00e9nyeket, \u00e9s \u00faj hidraulikus henger modelleket fejleszt\u00fcnk, hogy megfelelj\u00fcnk \u00fcgyfeleink folyamatosan v\u00e1ltoz\u00f3 ig\u00e9nyeinek.<\/li>\n<li><strong>Testreszab\u00e1s:<\/strong> Az FMP-n\u00e9l k\u00fcl\u00f6nf\u00e9le hidraulikus hengerek gy\u00e1rt\u00e1s\u00e1ra \u00e9s \u00e9rt\u00e9kes\u00edt\u00e9s\u00e9re specializ\u00e1l\u00f3dtunk. B\u00fcszk\u00e9k vagyunk arra, hogy term\u00e9keinket \u00fcgyfeleink egyedi ig\u00e9nyeihez tudjuk igaz\u00edtani. A tervez\u00e9st\u0151l a gy\u00e1rt\u00e1sig csapatunk arra t\u00f6rekszik, hogy olyan megold\u00e1sokat sz\u00e1ll\u00edtson, amelyek fel\u00fclm\u00falj\u00e1k az elv\u00e1r\u00e1sokat.<\/li>\n<\/ol>\n<p>Sz\u00e9lesk\u00f6r\u0171, kiv\u00e1l\u00f3 min\u0151s\u00e9g\u0171 term\u00e9kv\u00e1laszt\u00e9kunkkal \u00e9s az \u00fcgyfelek el\u00e9gedetts\u00e9ge ir\u00e1nti elk\u00f6telezetts\u00e9g\u00fcnkkel megh\u00edvjuk \u00d6nt az FMP-vel val\u00f3 egy\u00fcttm\u0171k\u00f6d\u00e9sre. Tapasztalja meg kiv\u00e9teles term\u00e9keinket \u00e9s szolg\u00e1ltat\u00e1sainkat, \u00e9s fedezze fel, mi\u00e9rt vagyunk az ipar\u00e1g el\u0151nyben r\u00e9szes\u00edtett v\u00e1laszt\u00e1sa.<\/p>\n<p>Szerz\u0151: CX<\/p>","protected":false},"excerpt":{"rendered":"<p>The 10022 Italy Supplier Small Hydraulic Welded Cylinder Piston Hydraulic Cylinder is designed for compact applications where space is limited but performance is essential. This hydraulic cylinder features a robust welded construction, ensuring durability and reliability in various industrial and agricultural uses. Key Features: Welded Construction: Built with high-quality welded design to enhance strength and [&hellip;]<\/p>","protected":false},"featured_media":1132,"comment_status":"closed","ping_status":"closed","template":"","meta":{"_et_pb_use_builder":"","_et_pb_old_content":"","_et_gb_content_width":""},"product_brand":[],"product_cat":[31],"product_tag":[34,35],"class_list":{"0":"post-942","1":"product","2":"type-product","3":"status-publish","4":"has-post-thumbnail","6":"product_cat-welded-tee-type-cylinder","7":"product_tag-hydraulic-cylinder","8":"product_tag-welded-tee-type-cylinder","10":"first","11":"instock","12":"product-type-simple"},"_links":{"self":[{"href":"https:\/\/fmp-components.com\/hu\/wp-json\/wp\/v2\/product\/942","targetHints":{"allow":["GET"]}}],"collection":[{"href":"https:\/\/fmp-components.com\/hu\/wp-json\/wp\/v2\/product"}],"about":[{"href":"https:\/\/fmp-components.com\/hu\/wp-json\/wp\/v2\/types\/product"}],"replies":[{"embeddable":true,"href":"https:\/\/fmp-components.com\/hu\/wp-json\/wp\/v2\/comments?post=942"}],"wp:featuredmedia":[{"embeddable":true,"href":"https:\/\/fmp-components.com\/hu\/wp-json\/wp\/v2\/media\/1132"}],"wp:attachment":[{"href":"https:\/\/fmp-components.com\/hu\/wp-json\/wp\/v2\/media?parent=942"}],"wp:term":[{"taxonomy":"product_brand","embeddable":true,"href":"https:\/\/fmp-components.com\/hu\/wp-json\/wp\/v2\/product_brand?post=942"},{"taxonomy":"product_cat","embeddable":true,"href":"https:\/\/fmp-components.com\/hu\/wp-json\/wp\/v2\/product_cat?post=942"},{"taxonomy":"product_tag","embeddable":true,"href":"https:\/\/fmp-components.com\/hu\/wp-json\/wp\/v2\/product_tag?post=942"}],"curies":[{"name":"munkaf\u00fczet","href":"https:\/\/api.w.org\/{rel}","templated":true}]}}