{"id":939,"date":"2024-12-19T03:39:00","date_gmt":"2024-12-19T03:39:00","guid":{"rendered":"https:\/\/fmp-components.com\/product\/10019-effective-double-acting-stainless-steel-hydraulic-cylinder\/"},"modified":"2024-12-19T09:02:51","modified_gmt":"2024-12-19T09:02:51","slug":"10019-effective-double-acting-stainless-steel-hydraulic-cylinder","status":"publish","type":"product","link":"https:\/\/fmp-components.com\/hu\/product\/10019-effective-double-acting-stainless-steel-hydraulic-cylinder\/","title":{"rendered":"10019 Hat\u00e9kony kett\u0151s m\u0171k\u00f6d\u00e9s\u0171 rozsdamentes ac\u00e9l hidraulikus henger"},"content":{"rendered":"<p>A 10019-es hat\u00e9kony, kett\u0151s m\u0171k\u00f6d\u00e9s\u0171, rozsdamentes ac\u00e9l hidraulikus hengert a kiv\u00e1l\u00f3 teljes\u00edtm\u00e9ny \u00e9s tart\u00f3ss\u00e1g szem el\u0151tt tart\u00e1s\u00e1val tervezt\u00e9k, ig\u00e9nyes k\u00f6rnyezetben. Ez a hidraulikus henger a fejlett m\u00e9rn\u00f6ki munk\u00e1t kiv\u00e1l\u00f3 min\u0151s\u00e9g\u0171 anyagokkal \u00f6tv\u00f6zi, \u00edgy n\u00e9lk\u00fcl\u00f6zhetetlen alkatr\u00e9sz a k\u00fcl\u00f6nf\u00e9le ipari \u00e9s mez\u0151gazdas\u00e1gi alkalmaz\u00e1sokban.<\/p>\n<h4>F\u0151bb jellemz\u0151k:<\/h4>\n<ul>\n<li><strong>Kett\u0151s m\u0171k\u00f6d\u00e9s\u0171 kialak\u00edt\u00e1s:<\/strong><br \/>\nA kett\u0151s m\u0171k\u00f6d\u00e9s\u0171 mechanizmus hat\u00e9kony m\u0171k\u00f6d\u00e9st tesz lehet\u0151v\u00e9 mind a kiny\u00fajt\u00e1s, mind a visszah\u00faz\u00e1s sor\u00e1n, sima \u00e9s kontroll\u00e1lt mozg\u00e1st biztos\u00edtva. Ez fokozza a pontoss\u00e1got olyan feladatokban, mint az emel\u00e9s, tol\u00e1s \u00e9s h\u00faz\u00e1s, \u00edgy ide\u00e1lis sz\u00e1mos alkalmaz\u00e1shoz.<\/li>\n<li><strong>Rozsdamentes ac\u00e9l szerkezet:<\/strong><br \/>\nA kiv\u00e1l\u00f3 min\u0151s\u00e9g\u0171 rozsdamentes ac\u00e9lb\u00f3l k\u00e9sz\u00fclt 10019 hidraulikus henger kiv\u00e9teles korr\u00f3zi\u00f3- \u00e9s kop\u00e1s\u00e1ll\u00f3s\u00e1got k\u00edn\u00e1l. Ez a tart\u00f3ss\u00e1g megb\u00edzhat\u00f3 teljes\u00edtm\u00e9nyt biztos\u00edt m\u00e9g zord k\u00f6r\u00fclm\u00e9nyek k\u00f6z\u00f6tt is, \u00edgy alkalmas k\u00fclt\u00e9ri \u00e9s ipari haszn\u00e1latra.<\/li>\n<li><strong>Nagy teherb\u00edr\u00e1s:<\/strong><br \/>\nEz a jelent\u0151s terhel\u00e9sek kezel\u00e9s\u00e9re tervezett hidraulikus munkahenger nagy emel\u00e9si \u00e9s tol\u00f3k\u00e9pess\u00e9get biztos\u00edt. Nagy teherb\u00edr\u00e1sa n\u00f6veli a termel\u00e9kenys\u00e9get \u00e9s a hat\u00e9konys\u00e1got k\u00fcl\u00f6nf\u00e9le m\u0171veletekben, az \u00e9p\u00edt\u0151ipart\u00f3l a mez\u0151gazdas\u00e1gi feladatokig.<\/li>\n<li><strong>Sokoldal\u00fa alkalmaz\u00e1sok:<\/strong><br \/>\nA 10019-es hidraulikus henger sz\u00e9les k\u00f6rben alkalmazhat\u00f3, bele\u00e9rtve az anyagmozgat\u00e1st, a mez\u0151gazdas\u00e1gi g\u00e9peket \u00e9s az ipari berendez\u00e9seket. Sokoldal\u00fas\u00e1ga \u00e9rt\u00e9kes eszk\u00f6zz\u00e9 teszi a szakemberek sz\u00e1m\u00e1ra sz\u00e1mos \u00e1gazatban.<\/li>\n<li><strong>Kompakt \u00e9s k\u00f6nny\u0171:<\/strong><br \/>\nA henger kompakt kialak\u00edt\u00e1sa lehet\u0151v\u00e9 teszi a k\u00f6nny\u0171 telep\u00edt\u00e9st sz\u0171k helyeken a teljes\u00edtm\u00e9ny fel\u00e1ldoz\u00e1sa n\u00e9lk\u00fcl. K\u00f6nny\u0171 s\u00falya megk\u00f6nny\u00edti a man\u0151verezhet\u0151s\u00e9get, \u00edgy alkalmass\u00e1 teszi k\u00fcl\u00f6nf\u00e9le berendez\u00e9s-\u00f6ssze\u00e1ll\u00edt\u00e1sokhoz.<\/li>\n<\/ul>\n<p><img decoding=\"async\" class=\"aligncenter\" src=\"https:\/\/hzpt.com\/wp-content\/uploads\/2023\/12\/random-5.webp\" alt=\"\" title=\"\"><\/p>\n<h4>M\u0171szaki adatok:<\/h4>\n<table style=\"width: 87.8571%; height: 189px;\">\n<thead>\n<tr>\n<th>Specifik\u00e1ci\u00f3<\/th>\n<th>Le\u00edr\u00e1s<\/th>\n<\/tr>\n<\/thead>\n<tbody>\n<tr>\n<td><strong>Furatm\u00e9ret<\/strong><\/td>\n<td>Testreszabhat\u00f3<\/td>\n<\/tr>\n<tr>\n<td><strong>L\u00f6kethossz<\/strong><\/td>\n<td>K\u00fcl\u00f6nb\u00f6z\u0151 lehet\u0151s\u00e9gek \u00e1llnak rendelkez\u00e9sre<\/td>\n<\/tr>\n<tr>\n<td><strong>Maxim\u00e1lis nyom\u00e1s<\/strong><\/td>\n<td>Ak\u00e1r 3000 PSI<\/td>\n<\/tr>\n<tr>\n<td><strong>Anyag<\/strong><\/td>\n<td>Kiv\u00e1l\u00f3 min\u0151s\u00e9g\u0171 rozsdamentes ac\u00e9l<\/td>\n<\/tr>\n<tr>\n<td><strong>Kapcsolat t\u00edpusa<\/strong><\/td>\n<td>Karim\u00e1s vagy menetes<\/td>\n<\/tr>\n<\/tbody>\n<\/table>\n<h4>M\u0171k\u00f6d\u00e9si elv:<\/h4>\n<p>A 10019-es kett\u0151s m\u0171k\u00f6d\u00e9s\u0171 rozsdamentes ac\u00e9l hidraulikus henger a hidraulikafolyad\u00e9k nyom\u00e1s\u00e1nak elv\u00e9n m\u0171k\u00f6dik. Amikor a hidraulikafolyad\u00e9kot a hengerbe pump\u00e1lj\u00e1k, az er\u0151t fejt ki a dugatty\u00fara, mindk\u00e9t ir\u00e1nyban line\u00e1ris mozg\u00e1st gener\u00e1lva. Ez a hat\u00e9kony er\u0151\u00e1tvitel lehet\u0151v\u00e9 teszi a k\u00fcl\u00f6nb\u00f6z\u0151 feladatok prec\u00edz vez\u00e9rl\u00e9s\u00e9t, n\u00f6velve a m\u0171k\u00f6d\u00e9si hat\u00e9konys\u00e1got.<\/p>\n<p>\u00d6sszefoglalva, a 10019-es hat\u00e9kony, kett\u0151s m\u0171k\u00f6d\u00e9s\u0171, rozsdamentes ac\u00e9l hidraulikus henger megb\u00edzhat\u00f3 \u00e9s hat\u00e9kony megold\u00e1s az ig\u00e9nyes alkalmaz\u00e1sokhoz. Tart\u00f3s konstrukci\u00f3ja, nagy teherb\u00edr\u00e1sa \u00e9s sokoldal\u00fas\u00e1ga n\u00e9lk\u00fcl\u00f6zhetetlen eszk\u00f6zz\u00e9 teszi a szakemberek sz\u00e1m\u00e1ra, akik jav\u00edtani k\u00edv\u00e1nj\u00e1k m\u0171k\u00f6d\u00e9s\u00fck termel\u00e9kenys\u00e9g\u00e9t \u00e9s teljes\u00edtm\u00e9ny\u00e9t.<\/p>\n<p><img decoding=\"async\" src=\"https:\/\/hzpt.com\/wp-content\/uploads\/2023\/12\/random-1.webp?v=1694163707\" alt=\"\" title=\"\"><\/p>\n<h2>A hegesztett p\u00f3l\u00f3 t\u00edpus\u00fa henger el\u0151nyei<\/h2>\n<ul>\n<li style=\"list-style-type: none;\">\n<ul>\n<li><strong>Megn\u00f6velt er\u0151:<\/strong> A hegesztett T-idom\u00fa hengerek nagy szil\u00e1rds\u00e1gukr\u00f3l ismertek, \u00edgy alkalmasak neh\u00e9z emel\u00e9st ig\u00e9nyl\u0151 alkalmaz\u00e1sokhoz. Az ilyen hengerek gy\u00e1rt\u00e1sa sor\u00e1n alkalmazott hegeszt\u00e9si elj\u00e1r\u00e1s biztos\u00edtja, hogy a henger mentes legyen a gyenge pontokt\u00f3l, \u00e9s ellen\u00e1lljon a nagy nyom\u00e1snak \u00e9s terhel\u00e9snek.<\/li>\n<\/ul>\n<\/li>\n<\/ul>\n<p>Amikor a hengerre nyom\u00e1st gyakorolunk, az egyenletesen oszlik el a teljes fel\u00fcleten, \u00edgy ellen\u00e1ll a deform\u00e1ci\u00f3nak. Ez a tulajdons\u00e1g biztos\u00edtja, hogy a henger extr\u00e9m k\u00f6r\u00fclm\u00e9nyek k\u00f6z\u00f6tt is megtartsa alakj\u00e1t \u00e9s szerkezeti integrit\u00e1s\u00e1t.<\/p>\n<ul>\n<li style=\"list-style-type: none;\">\n<ul>\n<li><strong>Sziv\u00e1rg\u00e1smegel\u0151z\u00e9s:<\/strong> A hegesztett T-idom\u00fa palackokat a sziv\u00e1rg\u00e1s megakad\u00e1lyoz\u00e1s\u00e1ra tervezt\u00e9k. A gy\u00e1rt\u00e1si folyamat sor\u00e1n alkalmazott hegeszt\u00e9si elj\u00e1r\u00e1s biztos\u00edtja, hogy a palack teljesen t\u00f6m\u00edtett \u00e9s mentes legyen minden lehets\u00e9ges sziv\u00e1rg\u00e1st\u00f3l. Ez a tulajdons\u00e1g alkalmass\u00e1 teszi \u0151ket olyan alkalmaz\u00e1sokhoz, ahol a sziv\u00e1rg\u00e1s s\u00falyos k\u00e1rokat vagy s\u00e9r\u00fcl\u00e9seket okozhat.<\/li>\n<\/ul>\n<\/li>\n<\/ul>\n<p>A hegesztett illeszt\u00e9sek sim\u00e1k, reped\u00e9sek vagy hornyok n\u00e9lk\u00fcl, ahol t\u00f6rmel\u00e9k vagy szennyez\u0151d\u00e9s felhalmoz\u00f3dhatna, cs\u00f6kkentve a korr\u00f3zi\u00f3 \u00e9s a henger k\u00e1rosod\u00e1s\u00e1nak kock\u00e1zat\u00e1t.<\/p>\n<ul>\n<li style=\"list-style-type: none;\">\n<ul>\n<li><strong>Testreszabhat\u00f3:<\/strong> A hegesztett T-idom\u00fa hengerek testreszabhat\u00f3k az adott alkalmaz\u00e1sokhoz. A hengerek k\u00fcl\u00f6nb\u00f6z\u0151 m\u00e9retekben \u00e9s form\u00e1kban kaphat\u00f3k, \u00e9s az alkalmaz\u00e1s konkr\u00e9t k\u00f6vetelm\u00e9nyeinek megfelel\u0151en gy\u00e1rthat\u00f3k.<\/li>\n<\/ul>\n<\/li>\n<\/ul>\n<p>A testreszab\u00e1si folyamat lehet\u0151v\u00e9 teszi a henger teljes\u00edtm\u00e9ny\u00e9nek optimaliz\u00e1l\u00e1s\u00e1t, biztos\u00edtva, hogy az megfeleljen a k\u00edv\u00e1nt alkalmaz\u00e1snak. Ez a tulajdons\u00e1g teszi a hegesztett T-idom\u00fa hengereket ide\u00e1liss\u00e1 k\u00fcl\u00f6nf\u00e9le ipari alkalmaz\u00e1sokhoz, bele\u00e9rtve az \u00e9p\u00edt\u0151iparban, a b\u00e1ny\u00e1szatban \u00e9s az anyagmozgat\u00e1sban val\u00f3 haszn\u00e1latra.<\/p>\n<ul>\n<li style=\"list-style-type: none;\">\n<ul>\n<li><strong>K\u00f6lts\u00e9ghat\u00e9kony:<\/strong> A hegesztett T-idom\u00fa hengerek k\u00f6lts\u00e9ghat\u00e9konyabbak m\u00e1s t\u00edpus\u00fa hengerekhez k\u00e9pest. Az ilyen hengerek gy\u00e1rt\u00e1si folyamata egyszer\u0171, \u00edgy olcs\u00f3bbak, mint m\u00e1s t\u00edpus\u00fa hengerek.<\/li>\n<\/ul>\n<\/li>\n<\/ul>\n<p>Tov\u00e1bb\u00e1 a hegesztett T-idom\u00fa hengerek nagy szil\u00e1rds\u00e1ga \u00e9s tart\u00f3ss\u00e1ga cs\u00f6kkenti a gyakori jav\u00edt\u00e1sok \u00e9s cser\u00e9k sz\u00fcks\u00e9gess\u00e9g\u00e9t, \u00edgy megtakar\u00edtva a karbantart\u00e1si k\u00f6lts\u00e9geket. Ez a tulajdons\u00e1g n\u00e9pszer\u0171 v\u00e1laszt\u00e1ss\u00e1 teszi \u0151ket sz\u00e1mos ipar\u00e1gban, k\u00fcl\u00f6n\u00f6sen a korl\u00e1tozott k\u00f6lts\u00e9gvet\u00e9ssel rendelkez\u0151k sz\u00e1m\u00e1ra.<\/p>\n<ul>\n<li style=\"list-style-type: none;\">\n<ul>\n<li><strong>Megn\u00f6velt hat\u00e9konys\u00e1g:<\/strong> A hegesztett T-idom\u00fa hengerek rendk\u00edv\u00fcl hat\u00e9konyak \u00e9s eredm\u00e9nyesek. A henger kialak\u00edt\u00e1sa biztos\u00edtja, hogy az alkalmazott er\u0151 k\u00f6zvetlen\u00fcl a terhel\u00e9sre ker\u00fclj\u00f6n \u00e1t, cs\u00f6kkentve az energiavesztes\u00e9get \u00e9s n\u00f6velve a hat\u00e9konys\u00e1got.<\/li>\n<\/ul>\n<\/li>\n<\/ul>\n<p>A hegesztett k\u00f6t\u00e9sek er\u0151sek \u00e9s merevek, minimaliz\u00e1lj\u00e1k az alakv\u00e1ltoz\u00e1st, \u00e9s biztos\u00edtj\u00e1k, hogy a henger extr\u00e9m k\u00f6r\u00fclm\u00e9nyek k\u00f6z\u00f6tt is megtartsa alakj\u00e1t \u00e9s szerkezeti integrit\u00e1s\u00e1t. Ez a tulajdons\u00e1g ide\u00e1liss\u00e1 teszi a hegesztett T-idom\u00fa hengereket olyan alkalmaz\u00e1sokhoz, amelyek nagy hat\u00e9konys\u00e1got \u00e9s megb\u00edzhat\u00f3s\u00e1got ig\u00e9nyelnek.<\/p>\n<p><img loading=\"lazy\" decoding=\"async\" class=\"size-full wp-image-977 aligncenter\" src=\"https:\/\/fmp-components.com\/wp-content\/uploads\/2024\/12\/Welded-Tee-Type-Cylinder3.webp\" alt=\"Hegesztett p\u00f3l\u00f3 t\u00edpus\u00fa henger\" width=\"653\" height=\"600\" title=\"\" srcset=\"https:\/\/fmp-components.com\/wp-content\/uploads\/2024\/12\/Welded-Tee-Type-Cylinder3.webp 653w, https:\/\/fmp-components.com\/wp-content\/uploads\/2024\/12\/Welded-Tee-Type-Cylinder3-480x441.webp 480w\" sizes=\"(min-width: 0px) and (max-width: 480px) 480px, (min-width: 481px) 653px, 100vw\" \/><\/p>\n<h2>Hegesztett p\u00f3l\u00f3 t\u00edpus\u00fa henger alkalmaz\u00e1sa<\/h2>\n<h3>Bevezet\u00e9s<\/h3>\n<p>A hegesztett T-idom\u00fa henger egy olyan hidraulikus hengert\u00edpus, amelyet gyakran haszn\u00e1lnak ipari alkalmaz\u00e1sokban. \u00dagy tervezt\u00e9k, hogy nagy er\u0151teljes\u00edtm\u00e9nyt biztos\u00edtson kompakt \u00e9s k\u00f6lts\u00e9ghat\u00e9kony kivitelben. Ez a t\u00edpus\u00fa henger egy hegesztett T-idomb\u00f3l \u00e9s egy dugatty\u00far\u00fadb\u00f3l \u00e1ll, amely a T-idomhoz van r\u00f6gz\u00edtve. A T-idom a henger h\u00e1z\u00e1hoz van csatlakoztatva, \u00e9s egy dugatty\u00fat tartalmaz, amely el\u0151re-h\u00e1tra mozog a h\u00e1z belsej\u00e9ben er\u0151t gener\u00e1lva.<\/p>\n<h3>A hegesztett p\u00f3l\u00f3 t\u00edpus\u00fa henger el\u0151nyei<\/h3>\n<p>A hegesztett T-henger ipari alkalmaz\u00e1sokban t\u00f6rt\u00e9n\u0151 haszn\u00e1lat\u00e1nak sz\u00e1mos el\u0151nye van:<\/p>\n<ul>\n<li><b>Kompakt kialak\u00edt\u00e1s:<\/b> A hegesztett T-idom\u00fa hengerek kompakt kialak\u00edt\u00e1s\u00faak, \u00edgy ide\u00e1lisak korl\u00e1tozott helyeken val\u00f3 haszn\u00e1latra.<\/li>\n<li><b>Nagy hat\u00e9konys\u00e1g:<\/b> A hegesztett T-idom\u00fa hengerek rendk\u00edv\u00fcl hat\u00e9konyak, ami azt jelenti, hogy minim\u00e1lis energiabefektet\u00e9ssel nagy er\u0151t tudnak kifejteni.<\/li>\n<li><b>Tart\u00f3s:<\/b> A hegesztett T-idom\u00fa hengereket \u00fagy tervezt\u00e9k, hogy rendk\u00edv\u00fcl tart\u00f3sak legyenek, ami azt jelenti, hogy ellen\u00e1llnak a zord \u00fczemi k\u00f6r\u00fclm\u00e9nyeknek \u00e9s hossz\u00fa ideig kitartanak.<\/li>\n<li><b>K\u00f6lts\u00e9ghat\u00e9kony:<\/b> A hegesztett T-idom\u00fa hengerek k\u00f6lts\u00e9ghat\u00e9konyak, ami azt jelenti, hogy j\u00f3 \u00e1r-\u00e9rt\u00e9k ar\u00e1nyt k\u00e9pviselnek.<\/li>\n<\/ul>\n<h3>Hegesztett p\u00f3l\u00f3 t\u00edpus\u00fa henger alkalmaz\u00e1sai<\/h3>\n<p>A hegesztett T-idom\u00fa hengereknek sz\u00e1mos alkalmaz\u00e1si ter\u00fclete van a k\u00fcl\u00f6nb\u00f6z\u0151 ipar\u00e1gakban, bele\u00e9rtve:<\/p>\n<ul>\n<li><b>Gy\u00e1rt\u00e1s:<\/b> A hegesztett T-idom\u00fa hengereket a gy\u00e1rt\u00e1sban g\u00e9pek m\u0171k\u00f6dtet\u00e9s\u00e9re, neh\u00e9z terhek mozgat\u00e1s\u00e1ra \u00e9s f\u00e9m alkatr\u00e9szek alak\u00edt\u00e1s\u00e1ra haszn\u00e1lj\u00e1k.<\/li>\n<li><b>Mez\u0151gazdas\u00e1g:<\/b> A hegesztett T-idom\u00fa hengereket a mez\u0151gazdas\u00e1gban haszn\u00e1lj\u00e1k traktorok, betakar\u00edt\u00f3g\u00e9pek \u00e9s egy\u00e9b mez\u0151gazdas\u00e1gi berendez\u00e9sek hidraulikus rendszereinek m\u0171k\u00f6dtet\u00e9s\u00e9re.<\/li>\n<li><b>\u00c9p\u00edt\u00e9s:<\/b> A hegesztett T-idom\u00fa hengereket az \u00e9p\u00edt\u0151iparban haszn\u00e1lj\u00e1k olyan g\u00e9pek m\u0171k\u00f6dtet\u00e9s\u00e9re, mint a daruk, kotr\u00f3g\u00e9pek \u00e9s kotr\u00f3g\u00e9pek.<\/li>\n<li><b>B\u00e1ny\u00e1szati:<\/b> A hegesztett p\u00f3l\u00f3 t\u00edpus\u00fa hengereket a b\u00e1ny\u00e1szatban haszn\u00e1lj\u00e1k neh\u00e9zg\u00e9pek, p\u00e9ld\u00e1ul buld\u00f3zerek, rakod\u00f3g\u00e9pek \u00e9s k\u0151zetf\u00far\u00f3k hidraulikus rendszereinek m\u0171k\u00f6dtet\u00e9s\u00e9re.<\/li>\n<li><b>Sz\u00e1ll\u00edt\u00e1s:<\/b> A hegesztett T-idom\u00fa hengereket a sz\u00e1ll\u00edtm\u00e1nyoz\u00e1sban haszn\u00e1lj\u00e1k teheraut\u00f3k, buszok \u00e9s egy\u00e9b j\u00e1rm\u0171vek hidraulikus rendszereinek m\u0171k\u00f6dtet\u00e9s\u00e9re.<\/li>\n<\/ul>\n<p>\u00d6sszefoglalva, a hegesztett T-idom\u00fa hengerek fontos alkot\u00f3elemei sz\u00e1mos ipari alkalmaz\u00e1snak. Kompakt, hat\u00e9kony, tart\u00f3s \u00e9s k\u00f6lts\u00e9ghat\u00e9kony kialak\u00edt\u00e1suknak k\u00f6sz\u00f6nhet\u0151en ide\u00e1lis v\u00e1laszt\u00e1st jelentenek sz\u00e1mos alkalmaz\u00e1shoz. Ak\u00e1r gy\u00e1rt\u00f3\u00fczemben g\u00e9peket, ak\u00e1r farmon mez\u0151gazdas\u00e1gi berendez\u00e9seket, ak\u00e1r b\u00e1ny\u00e1ban neh\u00e9zg\u00e9peket \u00fczemeltet, a hegesztett T-idom\u00fa hengerek seg\u00edthetnek a munka hat\u00e9kony \u00e9s eredm\u00e9nyes elv\u00e9gz\u00e9s\u00e9ben.<\/p>\n<p><img loading=\"lazy\" decoding=\"async\" class=\"size-full wp-image-974 aligncenter\" src=\"https:\/\/fmp-components.com\/wp-content\/uploads\/2024\/12\/application-of-Welded-Tee-Type-Cylinder.webp\" alt=\"Hegesztett T-idom\u00fa henger alkalmaz\u00e1sa\" width=\"760\" height=\"860\" title=\"\" srcset=\"https:\/\/fmp-components.com\/wp-content\/uploads\/2024\/12\/application-of-Welded-Tee-Type-Cylinder.webp 760w, https:\/\/fmp-components.com\/wp-content\/uploads\/2024\/12\/application-of-Welded-Tee-Type-Cylinder-480x543.webp 480w\" sizes=\"(min-width: 0px) and (max-width: 480px) 480px, (min-width: 481px) 760px, 100vw\" \/><\/p>\n<h3>Az FMP-r\u0151l<\/h3>\n<p>Az FMP, t\u00f6bb mint 30 \u00e9ves olaszorsz\u00e1gi m\u00falttal, a hidraulikus hengerek vezet\u0151 gy\u00e1rt\u00f3ja \u00e9s sz\u00e1ll\u00edt\u00f3ja. T\u00f6bb mint 100 korszer\u0171 g\u00e9ppel, k\u00f6zt\u00fck automata g\u00e1zv\u00e9d\u0151g\u00e1zas hegeszt\u0151g\u00e9pekkel, m\u00e9lyf\u00far\u00f3g\u00e9pekkel \u00e9s CNC eszterg\u00e1kkal vagyunk felszerelve, \u00edgy biztos\u00edtjuk a gy\u00e1rt\u00e1si folyamataink pontoss\u00e1g\u00e1t \u00e9s hat\u00e9konys\u00e1g\u00e1t. A min\u0151s\u00e9g ir\u00e1nti elk\u00f6telezetts\u00e9g\u00fcnket szigor\u00fa feldolgoz\u00e1si \u00e9s ellen\u0151rz\u00e9si elj\u00e1r\u00e1saink t\u00fckr\u00f6zik, garant\u00e1lva a kiv\u00e1l\u00f3 term\u00e9keket \u00e9rt\u00e9kes \u00fcgyfeleink sz\u00e1m\u00e1ra.<\/p>\n<p><strong>1) Tervez\u00e9si szolg\u00e1ltat\u00e1s:<\/strong> Tapasztalt tervez\u0151csapatunk a kard\u00e1ntengelyek term\u00e9ktervez\u00e9s\u00e9re \u00e9s fejleszt\u00e9s\u00e9re specializ\u00e1l\u00f3dott. Ak\u00e1r \u00faj term\u00e9kekre, ak\u00e1r a megl\u00e9v\u0151k fejleszt\u00e9s\u00e9re van sz\u00fcks\u00e9ge, mi itt vagyunk, hogy t\u00e1mogassuk \u00d6nt.<\/p>\n<p><strong>2) Term\u00e9kszolg\u00e1ltat\u00e1s:<\/strong> A nyersanyagokt\u00f3l a v\u00e1g\u00e1son, durva megmunk\u00e1l\u00e1son, tesztel\u00e9sen, tiszt\u00edt\u00e1son, \u00f6sszeszerel\u00e9sen, csomagol\u00e1son \u00e9s sz\u00e1ll\u00edt\u00e1son \u00e1t minden l\u00e9p\u00e9st fel\u00fcgyel\u00fcnk, hogy biztos\u00edtsuk a legmagasabb min\u0151s\u00e9gi szabv\u00e1nyok betart\u00e1s\u00e1t.<\/p>\n<p><strong>3) Mintav\u00e9teli folyamat:<\/strong> Mintafejleszt\u00e9st k\u00edn\u00e1lunk az \u00d6n egyedi ig\u00e9nyei szerint. Elk\u00f6telezett csapatunk folyamatosan m\u00f3dos\u00edtja a mint\u00e1kat az \u00d6n ig\u00e9nyeinek megfelel\u0151en, garant\u00e1lva a term\u00e9k kiv\u00e1l\u00f3s\u00e1g\u00e1t.<\/p>\n<p><strong>4) K+F:<\/strong> Ahogy a piac fejl\u0151dik, mi is az innov\u00e1ci\u00f3 \u00e9lvonal\u00e1ban maradunk. Tanulm\u00e1nyozzuk az \u00faj piaci ig\u00e9nyeket, \u00e9s \u00faj modelleket fejleszt\u00fcnk, hogy megfelelj\u00fcnk \u00fcgyfeleink folyamatosan v\u00e1ltoz\u00f3 ig\u00e9nyeinek.<\/p>\n<p><strong>5) Testreszab\u00e1s:<\/strong> Az FMP-n\u00e9l meg\u00e9rtj\u00fck, hogy minden \u00fcgyf\u00e9l egyedi. Egyedi hidraulikus hengereket k\u00edn\u00e1lunk, amelyek pontosan az \u00d6n ig\u00e9nyeihez vannak igaz\u00edtva, biztos\u00edtva az optim\u00e1lis teljes\u00edtm\u00e9nyt \u00e9s az \u00fcgyf\u00e9l-el\u00e9gedetts\u00e9get.<\/p>\n<p><img decoding=\"async\" src=\"https:\/\/fmp-components.com\/wp-content\/uploads\/2024\/12\/fmp-factory-4.webp\" alt=\"FMP gy\u00e1r\" width=\"800\" title=\"\"><br \/>\nSzerz\u0151: CX<\/p>","protected":false},"excerpt":{"rendered":"<p>The 10019 Effective Double Acting Stainless Steel Hydraulic Cylinder is designed for superior performance and durability in demanding environments. This hydraulic cylinder combines advanced engineering with high-quality materials, making it an essential component for various industrial and agricultural applications. Key Features: Double Acting Design: The double acting mechanism allows for efficient operation in both extension [&hellip;]<\/p>","protected":false},"featured_media":1132,"comment_status":"closed","ping_status":"closed","template":"","meta":{"_et_pb_use_builder":"","_et_pb_old_content":"","_et_gb_content_width":""},"product_brand":[],"product_cat":[31],"product_tag":[34,35],"class_list":{"0":"post-939","1":"product","2":"type-product","3":"status-publish","4":"has-post-thumbnail","6":"product_cat-welded-tee-type-cylinder","7":"product_tag-hydraulic-cylinder","8":"product_tag-welded-tee-type-cylinder","10":"first","11":"instock","12":"product-type-simple"},"_links":{"self":[{"href":"https:\/\/fmp-components.com\/hu\/wp-json\/wp\/v2\/product\/939","targetHints":{"allow":["GET"]}}],"collection":[{"href":"https:\/\/fmp-components.com\/hu\/wp-json\/wp\/v2\/product"}],"about":[{"href":"https:\/\/fmp-components.com\/hu\/wp-json\/wp\/v2\/types\/product"}],"replies":[{"embeddable":true,"href":"https:\/\/fmp-components.com\/hu\/wp-json\/wp\/v2\/comments?post=939"}],"wp:featuredmedia":[{"embeddable":true,"href":"https:\/\/fmp-components.com\/hu\/wp-json\/wp\/v2\/media\/1132"}],"wp:attachment":[{"href":"https:\/\/fmp-components.com\/hu\/wp-json\/wp\/v2\/media?parent=939"}],"wp:term":[{"taxonomy":"product_brand","embeddable":true,"href":"https:\/\/fmp-components.com\/hu\/wp-json\/wp\/v2\/product_brand?post=939"},{"taxonomy":"product_cat","embeddable":true,"href":"https:\/\/fmp-components.com\/hu\/wp-json\/wp\/v2\/product_cat?post=939"},{"taxonomy":"product_tag","embeddable":true,"href":"https:\/\/fmp-components.com\/hu\/wp-json\/wp\/v2\/product_tag?post=939"}],"curies":[{"name":"munkaf\u00fczet","href":"https:\/\/api.w.org\/{rel}","templated":true}]}}