{"id":938,"date":"2024-12-19T03:39:00","date_gmt":"2024-12-19T03:39:00","guid":{"rendered":"https:\/\/fmp-components.com\/product\/10018-professional-20-ton-mini-double-acting-hydraulic-cylinders\/"},"modified":"2024-12-19T09:03:31","modified_gmt":"2024-12-19T09:03:31","slug":"10018-professional-20-ton-mini-double-acting-hydraulic-cylinders","status":"publish","type":"product","link":"https:\/\/fmp-components.com\/hu\/product\/10018-professional-20-ton-mini-double-acting-hydraulic-cylinders\/","title":{"rendered":"10018 Professzion\u00e1lis 20 tonn\u00e1s mini kett\u0151s m\u0171k\u00f6d\u00e9s\u0171 hidraulikus hengerek"},"content":{"rendered":"<p>A 10018 Professional 20 tonn\u00e1s mini kett\u0151s m\u0171k\u00f6d\u00e9s\u0171 hidraulikus hengerek nagy teljes\u00edtm\u00e9nyre \u00e9s megb\u00edzhat\u00f3s\u00e1gra lettek tervezve kompakt kialak\u00edt\u00e1sban. Ide\u00e1lisak k\u00fcl\u00f6nf\u00e9le ipari \u00e9s mez\u0151gazdas\u00e1gi alkalmaz\u00e1sokhoz, ezek a hidraulikus hengerek nagy emel\u00e9si k\u00e9pess\u00e9get biztos\u00edtanak, mik\u00f6zben helytakar\u00e9kosan foglalj\u00e1k el a hely\u00fcket.<\/p>\n<p><img loading=\"lazy\" decoding=\"async\" class=\"size-full wp-image-977 aligncenter\" src=\"https:\/\/fmp-components.com\/wp-content\/uploads\/2024\/12\/Welded-Tee-Type-Cylinder3.webp\" alt=\"Hegesztett p\u00f3l\u00f3 t\u00edpus\u00fa henger\" width=\"653\" height=\"600\" title=\"\" srcset=\"https:\/\/fmp-components.com\/wp-content\/uploads\/2024\/12\/Welded-Tee-Type-Cylinder3.webp 653w, https:\/\/fmp-components.com\/wp-content\/uploads\/2024\/12\/Welded-Tee-Type-Cylinder3-480x441.webp 480w\" sizes=\"(min-width: 0px) and (max-width: 480px) 480px, (min-width: 481px) 653px, 100vw\" \/><\/p>\n<h4>F\u0151bb jellemz\u0151k:<\/h4>\n<ul>\n<li><strong>20 tonna teherb\u00edr\u00e1s:<\/strong><br \/>\nA 20 tonn\u00e1s terhel\u00e9sek kezel\u00e9s\u00e9re tervezett 10018-as hidraulikus munkahengerek kiv\u00e9teles szil\u00e1rds\u00e1got \u00e9s teljes\u00edtm\u00e9nyt ny\u00fajtanak, \u00edgy alkalmasak neh\u00e9z feladatok elv\u00e9gz\u00e9s\u00e9re v\u00e1ltozatos k\u00f6rnyezetben.<\/li>\n<li><strong>Kett\u0151s m\u0171k\u00f6d\u00e9s\u0171 kialak\u00edt\u00e1s:<\/strong><br \/>\nA kett\u0151s m\u0171k\u00f6d\u00e9s\u0171 mechanizmus hat\u00e9kony m\u0171k\u00f6d\u00e9st tesz lehet\u0151v\u00e9 mind a kiny\u00fajt\u00e1s, mind a visszah\u00faz\u00e1s sor\u00e1n, sima \u00e9s kontroll\u00e1lt mozg\u00e1st biztos\u00edtva. Ez a funkci\u00f3 fokozza a pontoss\u00e1got olyan alkalmaz\u00e1sokban, mint az emel\u00e9s, tol\u00e1s \u00e9s h\u00faz\u00e1s.<\/li>\n<li><strong>Kompakt m\u00e9ret:<\/strong><br \/>\nEzeknek a hidraulikus munkahengereknek a miniat\u0171r kialak\u00edt\u00e1sa biztos\u00edtja, hogy olyan sz\u0171k helyekre is elf\u00e9rjenek, ahol a nagyobb hengerek nem lenn\u00e9nek praktikusak. Kompakt m\u00e9ret\u00fck nem befoly\u00e1solja a teljes\u00edtm\u00e9nyt, \u00edgy sokoldal\u00faan felhaszn\u00e1lhat\u00f3k.<\/li>\n<li><strong>Tart\u00f3s konstrukci\u00f3:<\/strong><br \/>\nA kiv\u00e1l\u00f3 min\u0151s\u00e9g\u0171 anyagokb\u00f3l k\u00e9sz\u00fclt 10018 hidraulikus hengerek \u00fagy vannak kialak\u00edtva, hogy ellen\u00e1lljanak a zord k\u00f6r\u00fclm\u00e9nyeknek \u00e9s ellen\u00e1lljanak a kop\u00e1snak. Robusztus konstrukci\u00f3juk hossz\u00fa \u00e9lettartamot \u00e9s megb\u00edzhat\u00f3s\u00e1got biztos\u00edt, m\u00e9g nagy ig\u00e9nybev\u00e9tel eset\u00e9n is.<\/li>\n<li><strong>Sokoldal\u00fa alkalmaz\u00e1sok:<\/strong><br \/>\nEzek a hidraulikus hengerek sz\u00e1mos alkalmaz\u00e1sra alkalmasak, bele\u00e9rtve az aut\u00f3jav\u00edt\u00e1st, az \u00e9p\u00edt\u0151iparban \u00e9s a mez\u0151gazdas\u00e1gi berendez\u00e9sekben val\u00f3 alkalmaz\u00e1st. Sokoldal\u00fas\u00e1guk felbecs\u00fclhetetlen \u00e9rt\u00e9k\u0171 eszk\u00f6zz\u00e9 teszi \u0151ket a szakemberek sz\u00e1m\u00e1ra sz\u00e1mos ipar\u00e1gban.<\/li>\n<\/ul>\n<h4>M\u0171szaki adatok:<\/h4>\n<table style=\"width: 98.7273%; height: 271px;\">\n<thead>\n<tr>\n<th>Specifik\u00e1ci\u00f3<\/th>\n<th>Le\u00edr\u00e1s<\/th>\n<\/tr>\n<\/thead>\n<tbody>\n<tr>\n<td><strong>Teherb\u00edr\u00e1s<\/strong><\/td>\n<td>20 tonna<\/td>\n<\/tr>\n<tr>\n<td><strong>Furatm\u00e9ret<\/strong><\/td>\n<td>Testreszabhat\u00f3<\/td>\n<\/tr>\n<tr>\n<td><strong>L\u00f6kethossz<\/strong><\/td>\n<td>K\u00fcl\u00f6nb\u00f6z\u0151 lehet\u0151s\u00e9gek \u00e1llnak rendelkez\u00e9sre<\/td>\n<\/tr>\n<tr>\n<td><strong>Maxim\u00e1lis nyom\u00e1s<\/strong><\/td>\n<td>Ak\u00e1r 3000 PSI<\/td>\n<\/tr>\n<tr>\n<td><strong>Anyag<\/strong><\/td>\n<td>Kiv\u00e1l\u00f3 min\u0151s\u00e9g\u0171 ac\u00e9l vagy alum\u00ednium<\/td>\n<\/tr>\n<tr>\n<td><strong>Kapcsolat t\u00edpusa<\/strong><\/td>\n<td>Karim\u00e1s vagy menetes<\/td>\n<\/tr>\n<\/tbody>\n<\/table>\n<h4>M\u0171k\u00f6d\u00e9si elv:<\/h4>\n<p>A 10018-as mini kett\u0151s m\u0171k\u00f6d\u00e9s\u0171 hidraulikus hengerek a hidraulikafolyad\u00e9k nyom\u00e1s\u00e1nak elv\u00e9n m\u0171k\u00f6dnek. Amikor hidraulikafolyad\u00e9kot pump\u00e1lnak a hengerbe, az er\u0151t fejt ki a dugatty\u00fara, mindk\u00e9t ir\u00e1nyban line\u00e1ris mozg\u00e1st gener\u00e1lva. Ez a hat\u00e9kony er\u0151\u00e1tvitel lehet\u0151v\u00e9 teszi a k\u00fcl\u00f6nf\u00e9le emel\u00e9si \u00e9s mozgat\u00e1si feladatok prec\u00edz vez\u00e9rl\u00e9s\u00e9t.<\/p>\n<p>\u00d6sszefoglalva, a 10018 Professional 20 tonn\u00e1s mini kett\u0151s m\u0171k\u00f6d\u00e9s\u0171 hidraulikus hengerek megb\u00edzhat\u00f3 \u00e9s nagy teljes\u00edtm\u00e9ny\u0171 megold\u00e1st k\u00edn\u00e1lnak az ig\u00e9nyes alkalmaz\u00e1sokhoz. Robusztus fel\u00e9p\u00edt\u00e9s\u00fck, kompakt kialak\u00edt\u00e1suk \u00e9s nagy teherb\u00edr\u00e1suk n\u00e9lk\u00fcl\u00f6zhetetlen eszk\u00f6zz\u00e9 teszik \u0151ket a hidraulikus m\u0171veleteikben hat\u00e9konys\u00e1got \u00e9s teljes\u00edtm\u00e9nyt keres\u0151 szakemberek sz\u00e1m\u00e1ra.<\/p>\n<p><img loading=\"lazy\" decoding=\"async\" class=\"size-full wp-image-976 aligncenter\" src=\"https:\/\/fmp-components.com\/wp-content\/uploads\/2024\/12\/Welded-Tee-Type-Cylinder2.webp\" alt=\"Hegesztett p\u00f3l\u00f3 t\u00edpus\u00fa henger\" width=\"764\" height=\"675\" title=\"\" srcset=\"https:\/\/fmp-components.com\/wp-content\/uploads\/2024\/12\/Welded-Tee-Type-Cylinder2.webp 764w, https:\/\/fmp-components.com\/wp-content\/uploads\/2024\/12\/Welded-Tee-Type-Cylinder2-480x424.webp 480w\" sizes=\"(min-width: 0px) and (max-width: 480px) 480px, (min-width: 481px) 764px, 100vw\" \/><\/p>\n<h2>A hegesztett p\u00f3l\u00f3 t\u00edpus\u00fa henger el\u0151nyei<\/h2>\n<ul>\n<li style=\"list-style-type: none;\">\n<ul>\n<li><strong>Megn\u00f6velt er\u0151:<\/strong> A hegesztett T-idom\u00fa hengerek nagy szil\u00e1rds\u00e1gukr\u00f3l ismertek, \u00edgy alkalmasak neh\u00e9z emel\u00e9st ig\u00e9nyl\u0151 alkalmaz\u00e1sokhoz. Az ilyen hengerek gy\u00e1rt\u00e1sa sor\u00e1n alkalmazott hegeszt\u00e9si elj\u00e1r\u00e1s biztos\u00edtja, hogy a henger mentes legyen a gyenge pontokt\u00f3l, \u00e9s ellen\u00e1lljon a nagy nyom\u00e1snak \u00e9s terhel\u00e9snek.<\/li>\n<\/ul>\n<\/li>\n<\/ul>\n<p>Amikor a hengerre nyom\u00e1st gyakorolunk, az egyenletesen oszlik el a teljes fel\u00fcleten, \u00edgy ellen\u00e1ll a deform\u00e1ci\u00f3nak. Ez a tulajdons\u00e1g biztos\u00edtja, hogy a henger extr\u00e9m k\u00f6r\u00fclm\u00e9nyek k\u00f6z\u00f6tt is megtartsa alakj\u00e1t \u00e9s szerkezeti integrit\u00e1s\u00e1t.<\/p>\n<ul>\n<li style=\"list-style-type: none;\">\n<ul>\n<li><strong>Sziv\u00e1rg\u00e1smegel\u0151z\u00e9s:<\/strong> A hegesztett T-idom\u00fa palackokat a sziv\u00e1rg\u00e1s megakad\u00e1lyoz\u00e1s\u00e1ra tervezt\u00e9k. A gy\u00e1rt\u00e1si folyamat sor\u00e1n alkalmazott hegeszt\u00e9si elj\u00e1r\u00e1s biztos\u00edtja, hogy a palack teljesen t\u00f6m\u00edtett \u00e9s mentes legyen minden lehets\u00e9ges sziv\u00e1rg\u00e1st\u00f3l. Ez a tulajdons\u00e1g alkalmass\u00e1 teszi \u0151ket olyan alkalmaz\u00e1sokhoz, ahol a sziv\u00e1rg\u00e1s s\u00falyos k\u00e1rokat vagy s\u00e9r\u00fcl\u00e9seket okozhat.<\/li>\n<\/ul>\n<\/li>\n<\/ul>\n<p>A hegesztett illeszt\u00e9sek sim\u00e1k, reped\u00e9sek vagy hornyok n\u00e9lk\u00fcl, ahol t\u00f6rmel\u00e9k vagy szennyez\u0151d\u00e9s felhalmoz\u00f3dhatna, cs\u00f6kkentve a korr\u00f3zi\u00f3 \u00e9s a henger k\u00e1rosod\u00e1s\u00e1nak kock\u00e1zat\u00e1t.<\/p>\n<ul>\n<li style=\"list-style-type: none;\">\n<ul>\n<li><strong>Testreszabhat\u00f3:<\/strong> A hegesztett T-idom\u00fa hengerek testreszabhat\u00f3k az adott alkalmaz\u00e1sokhoz. A hengerek k\u00fcl\u00f6nb\u00f6z\u0151 m\u00e9retekben \u00e9s form\u00e1kban kaphat\u00f3k, \u00e9s az alkalmaz\u00e1s konkr\u00e9t k\u00f6vetelm\u00e9nyeinek megfelel\u0151en gy\u00e1rthat\u00f3k.<\/li>\n<\/ul>\n<\/li>\n<\/ul>\n<p>A testreszab\u00e1si folyamat lehet\u0151v\u00e9 teszi a henger teljes\u00edtm\u00e9ny\u00e9nek optimaliz\u00e1l\u00e1s\u00e1t, biztos\u00edtva, hogy az megfeleljen a k\u00edv\u00e1nt alkalmaz\u00e1snak. Ez a tulajdons\u00e1g teszi a hegesztett T-idom\u00fa hengereket ide\u00e1liss\u00e1 k\u00fcl\u00f6nf\u00e9le ipari alkalmaz\u00e1sokhoz, bele\u00e9rtve az \u00e9p\u00edt\u0151iparban, a b\u00e1ny\u00e1szatban \u00e9s az anyagmozgat\u00e1sban val\u00f3 haszn\u00e1latra.<\/p>\n<ul>\n<li style=\"list-style-type: none;\">\n<ul>\n<li><strong>K\u00f6lts\u00e9ghat\u00e9kony:<\/strong> A hegesztett T-idom\u00fa hengerek k\u00f6lts\u00e9ghat\u00e9konyabbak m\u00e1s t\u00edpus\u00fa hengerekhez k\u00e9pest. Az ilyen hengerek gy\u00e1rt\u00e1si folyamata egyszer\u0171, \u00edgy olcs\u00f3bbak, mint m\u00e1s t\u00edpus\u00fa hengerek.<\/li>\n<\/ul>\n<\/li>\n<\/ul>\n<p>Tov\u00e1bb\u00e1 a hegesztett T-idom\u00fa hengerek nagy szil\u00e1rds\u00e1ga \u00e9s tart\u00f3ss\u00e1ga cs\u00f6kkenti a gyakori jav\u00edt\u00e1sok \u00e9s cser\u00e9k sz\u00fcks\u00e9gess\u00e9g\u00e9t, \u00edgy megtakar\u00edtva a karbantart\u00e1si k\u00f6lts\u00e9geket. Ez a tulajdons\u00e1g n\u00e9pszer\u0171 v\u00e1laszt\u00e1ss\u00e1 teszi \u0151ket sz\u00e1mos ipar\u00e1gban, k\u00fcl\u00f6n\u00f6sen a korl\u00e1tozott k\u00f6lts\u00e9gvet\u00e9ssel rendelkez\u0151k sz\u00e1m\u00e1ra.<\/p>\n<ul>\n<li style=\"list-style-type: none;\">\n<ul>\n<li><strong>Megn\u00f6velt hat\u00e9konys\u00e1g:<\/strong> A hegesztett T-idom\u00fa hengerek rendk\u00edv\u00fcl hat\u00e9konyak \u00e9s eredm\u00e9nyesek. A henger kialak\u00edt\u00e1sa biztos\u00edtja, hogy az alkalmazott er\u0151 k\u00f6zvetlen\u00fcl a terhel\u00e9sre ker\u00fclj\u00f6n \u00e1t, cs\u00f6kkentve az energiavesztes\u00e9get \u00e9s n\u00f6velve a hat\u00e9konys\u00e1got.<\/li>\n<\/ul>\n<\/li>\n<\/ul>\n<p>A hegesztett k\u00f6t\u00e9sek er\u0151sek \u00e9s merevek, minimaliz\u00e1lj\u00e1k az alakv\u00e1ltoz\u00e1st, \u00e9s biztos\u00edtj\u00e1k, hogy a henger extr\u00e9m k\u00f6r\u00fclm\u00e9nyek k\u00f6z\u00f6tt is megtartsa alakj\u00e1t \u00e9s szerkezeti integrit\u00e1s\u00e1t. Ez a tulajdons\u00e1g ide\u00e1liss\u00e1 teszi a hegesztett T-idom\u00fa hengereket olyan alkalmaz\u00e1sokhoz, amelyek nagy hat\u00e9konys\u00e1got \u00e9s megb\u00edzhat\u00f3s\u00e1got ig\u00e9nyelnek.<\/p>\n<p><img loading=\"lazy\" decoding=\"async\" class=\"size-full wp-image-974 aligncenter\" src=\"https:\/\/fmp-components.com\/wp-content\/uploads\/2024\/12\/application-of-Welded-Tee-Type-Cylinder.webp\" alt=\"Hegesztett T-idom\u00fa henger alkalmaz\u00e1sa\" width=\"760\" height=\"860\" title=\"\" srcset=\"https:\/\/fmp-components.com\/wp-content\/uploads\/2024\/12\/application-of-Welded-Tee-Type-Cylinder.webp 760w, https:\/\/fmp-components.com\/wp-content\/uploads\/2024\/12\/application-of-Welded-Tee-Type-Cylinder-480x543.webp 480w\" sizes=\"(min-width: 0px) and (max-width: 480px) 480px, (min-width: 481px) 760px, 100vw\" \/><\/p>\n<h2>Hegesztett p\u00f3l\u00f3 t\u00edpus\u00fa henger alkalmaz\u00e1sa<\/h2>\n<ul>\n<li>\n<h3>Ipari g\u00e9pek \u00e9s berendez\u00e9sek<\/h3>\n<p>A hegesztett T-idom\u00fa hengereket sz\u00e9les k\u00f6rben haszn\u00e1lj\u00e1k ipari g\u00e9pekben \u00e9s berendez\u00e9sekben, k\u00fcl\u00f6n\u00f6sen hidraulikus rendszerekben. A henger egy dugatty\u00fab\u00f3l \u00e9s egy hengercs\u0151b\u0151l \u00e1ll, amelyeket egyetlen egys\u00e9gg\u00e9 hegesztenek \u00f6ssze. Ez a kialak\u00edt\u00e1s sz\u00e1mos el\u0151nnyel rendelkezik m\u00e1s t\u00edpus\u00fa hengerekkel szemben, p\u00e9ld\u00e1ul jobb tart\u00f3ss\u00e1got, nagyobb szil\u00e1rds\u00e1got \u00e9s nagyobb pontoss\u00e1got.<\/p>\n<p>Az ipari g\u00e9pekben a hegesztett T-idom\u00fa hengerek egyik legfontosabb alkalmaz\u00e1sa az \u00e1lland\u00f3 \u00e9s pontos er\u0151 lead\u00e1sa. Ez sz\u00e1mos gy\u00e1rt\u00e1si folyamatn\u00e1l elengedhetetlen, ahol prec\u00edz szab\u00e1lyoz\u00e1sra van sz\u00fcks\u00e9g a v\u00e9gterm\u00e9k min\u0151s\u00e9g\u00e9nek biztos\u00edt\u00e1s\u00e1hoz. A hegesztett T-idom\u00fa hengerek a hidraulikus rendszerekben a folyad\u00e9kok \u00e1raml\u00e1s\u00e1nak szab\u00e1lyoz\u00e1s\u00e1ra is haszn\u00e1lhat\u00f3k, ami nagyobb hat\u00e9konys\u00e1got \u00e9s megb\u00edzhat\u00f3s\u00e1got tesz lehet\u0151v\u00e9 sz\u00e1mos ipari alkalmaz\u00e1sban.<\/li>\n<li>\n<h3>Mez\u0151gazdas\u00e1gi berendez\u00e9sek<\/h3>\n<p>A hegesztett T-idom\u00fa hengereket gyakran haszn\u00e1lj\u00e1k mez\u0151gazdas\u00e1gi g\u00e9pekben, p\u00e9ld\u00e1ul traktorokban \u00e9s betakar\u00edt\u00f3g\u00e9pekben. Ezeknek a g\u00e9peknek a hat\u00e9kony m\u0171k\u00f6d\u00e9s\u00e9hez nagy teljes\u00edtm\u00e9ny\u0171 \u00e9s megb\u00edzhat\u00f3 hidraulikus rendszerekre van sz\u00fcks\u00e9g\u00fck, \u00e9s a hegesztett T-idom\u00fa henger ide\u00e1lis v\u00e1laszt\u00e1s erre a c\u00e9lra.<\/p>\n<p>A henger massz\u00edv fel\u00e9p\u00edt\u00e9se \u00e9s nagy szil\u00e1rds\u00e1ga rendk\u00edv\u00fcl ellen\u00e1ll\u00f3v\u00e1 teszi a kop\u00e1ssal \u00e9s elhaszn\u00e1l\u00f3d\u00e1ssal szemben, m\u00e9g zord \u00fczemi k\u00f6r\u00fclm\u00e9nyek k\u00f6z\u00f6tt is. Ez ide\u00e1lis v\u00e1laszt\u00e1ss\u00e1 teszi mez\u0151gazdas\u00e1gi berendez\u00e9sekben val\u00f3 haszn\u00e1latra, ahol a tart\u00f3ss\u00e1g kulcsfontoss\u00e1g\u00fa szempont. A hegesztett T-idom\u00fa henger sz\u00e1mos mez\u0151gazdas\u00e1gi folyamathoz, p\u00e9ld\u00e1ul \u00fcltet\u00e9shez, betakar\u00edt\u00e1shoz \u00e9s \u00f6nt\u00f6z\u00e9shez sz\u00fcks\u00e9ges prec\u00edz vez\u00e9rl\u00e9s biztos\u00edt\u00e1s\u00e1ra is haszn\u00e1lhat\u00f3.<\/li>\n<li>\n<h3>\u00c9p\u00edt\u0151ipari berendez\u00e9sek<\/h3>\n<p>A hegesztett T-idom\u00fa hengereket sz\u00e9les k\u00f6rben haszn\u00e1lj\u00e1k \u00e9p\u00edt\u0151ipari berendez\u00e9sekben, p\u00e9ld\u00e1ul kotr\u00f3g\u00e9pekben, kotr\u00f3g\u00e9pekben \u00e9s buld\u00f3zerekben. Ezeknek a g\u00e9peknek nagy teljes\u00edtm\u00e9ny\u0171 \u00e9s megb\u00edzhat\u00f3 hidraulikus rendszerekre van sz\u00fcks\u00e9g\u00fck a neh\u00e9z feladatok, p\u00e9ld\u00e1ul az \u00e1s\u00e1s, emel\u00e9s \u00e9s a neh\u00e9z terhek tol\u00e1sa elv\u00e9gz\u00e9s\u00e9hez.<\/p>\n<p>A hegesztett T-idom\u00fa henger nagy szil\u00e1rds\u00e1ga \u00e9s tart\u00f3ss\u00e1ga ide\u00e1lis v\u00e1laszt\u00e1ss\u00e1 teszi \u00e9p\u00edt\u0151ipari berendez\u00e9sekben val\u00f3 haszn\u00e1latra. A prec\u00edz vez\u00e9rl\u00e9s \u00e9s az \u00e1lland\u00f3 er\u0151 biztos\u00edt\u00e1s\u00e1nak k\u00e9pess\u00e9ge elengedhetetlen sz\u00e1mos \u00e9p\u00edt\u00e9si folyamathoz, p\u00e9ld\u00e1ul f\u00f6ldmunk\u00e1hoz, tereprendez\u00e9shez \u00e9s burkol\u00e1shoz. A hegesztett T-idom\u00fa henger a hidraulikus rendszerekben a folyad\u00e9kok \u00e1raml\u00e1s\u00e1nak szab\u00e1lyoz\u00e1s\u00e1ra is haszn\u00e1lhat\u00f3, jav\u00edtva az \u00e9p\u00edt\u0151ipari berendez\u00e9sek hat\u00e9konys\u00e1g\u00e1t \u00e9s megb\u00edzhat\u00f3s\u00e1g\u00e1t sz\u00e1mos alkalmaz\u00e1sban.<\/li>\n<\/ul>\n<h3>Az FMP-r\u0151l<\/h3>\n<p>Az FMP t\u00f6bb mint 30 \u00e9ves m\u00faltra tekint vissza, \u00e9s egy elismert olaszorsz\u00e1gi sz\u00e9khely\u0171 hidraulikus hengergy\u00e1rt\u00f3. B\u00fcszk\u00e9k vagyunk sz\u00e9les term\u00e9kk\u00edn\u00e1latunkra \u00e9s j\u00f3l felszerelt ipari ter\u00fclet\u00fcnkre, amely t\u00f6bb mint 100 korszer\u0171 berendez\u00e9st tartalmaz. Term\u00e9kpalett\u00e1nk t\u00f6bbek k\u00f6z\u00f6tt automata g\u00e1zv\u00e9d\u0151g\u00e1zas hegeszt\u0151g\u00e9peket, m\u00e9lyf\u00far\u00f3g\u00e9peket, CNC eszterg\u00e1kat, hengeres k\u00f6sz\u00f6r\u0171ket, automata tiszt\u00edt\u00f3g\u00e9peket, automata szerel\u0151g\u00e9peket, automata hidraulikus henger teljes\u00edtm\u00e9nym\u00e9r\u0151 padokat \u00e9s automata fest\u0151sorokat tartalmaz.<\/p>\n<p><strong>Hidraulikus henger:<\/strong> Hidraulikus hengereink szigor\u00fa feldolgoz\u00e1si \u00e9s ellen\u0151rz\u00e9si elj\u00e1r\u00e1sokon esnek \u00e1t, hogy biztos\u00edts\u00e1k a kiv\u00e1l\u00f3 min\u0151s\u00e9get tisztelt \u00fcgyfeleink sz\u00e1m\u00e1ra. K\u00fcl\u00f6nb\u00f6z\u0151 t\u00edpus\u00fa hidraulikus hengereket k\u00edn\u00e1lunk, bele\u00e9rtve:<\/p>\n<ol>\n<li><strong>F\u00fclbeval\u00f3 henger:<\/strong> F\u00fclbeval\u00f3 hengereinket \u00fagy tervezt\u00fck, hogy stabil \u00e9s megb\u00edzhat\u00f3 teljes\u00edtm\u00e9nyt ny\u00fajtsanak k\u00fcl\u00f6nf\u00e9le alkalmaz\u00e1sokban.<\/li>\n<li><strong>K\u00e9tir\u00e1ny\u00fa automatikus teleszk\u00f3pos hidraulikus henger:<\/strong> K\u00e9tir\u00e1ny\u00fa, automatikus teleszk\u00f3pos hidraulikus hengereink kiv\u00e9teles szil\u00e1rds\u00e1got \u00e9s rugalmass\u00e1got k\u00edn\u00e1lnak, \u00edgy alkalmasak ig\u00e9nyes feladatokra.<\/li>\n<\/ol>\n<p>Term\u00e9kk\u00edn\u00e1latunkon t\u00fal elk\u00f6telezettek vagyunk \u00fcgyfeleink kiv\u00e1l\u00f3 szolg\u00e1ltat\u00e1sai ir\u00e1nt:<\/p>\n<ol>\n<li><strong>Tervez\u00e9si szolg\u00e1ltat\u00e1s:<\/strong> Tapasztalt tervez\u0151csapatunk seg\u00edts\u00e9get ny\u00fajthat \u00faj term\u00e9kek fejleszt\u00e9s\u00e9ben vagy a megl\u00e9v\u0151k fejleszt\u00e9s\u00e9ben.<\/li>\n<li><strong>Term\u00e9kszolg\u00e1ltat\u00e1s:<\/strong> A nyersanyagokt\u00f3l a sz\u00e1ll\u00edt\u00e1sig szigor\u00fa min\u0151s\u00e9gellen\u0151rz\u00e9st tartunk fenn a teljes gy\u00e1rt\u00e1si folyamat sor\u00e1n, biztos\u00edtva a megb\u00edzhat\u00f3 \u00e9s tart\u00f3s term\u00e9keket.<\/li>\n<li><strong>Mintav\u00e9teli folyamat:<\/strong> Rugalmass\u00e1got k\u00edn\u00e1lunk a mint\u00e1k fejleszt\u00e9s\u00e9ben az \u00d6n egyedi ig\u00e9nyei szerint, \u00e9s a sz\u00fcks\u00e9ges m\u00f3dos\u00edt\u00e1sok elv\u00e9gz\u00e9s\u00e9ben az \u00d6n ig\u00e9nyeinek kiel\u00e9g\u00edt\u00e9se \u00e9rdek\u00e9ben.<\/li>\n<li><strong>K+F:<\/strong> Elk\u00f6telezett kutat\u00f3-fejleszt\u0151 csapatunk folyamatosan figyeli a piacot, \u00e9s \u00faj modelleket fejleszt, hogy megfeleljen a v\u00e1ltoz\u00f3 \u00fcgyf\u00e9lig\u00e9nyeknek.<\/li>\n<\/ol>\n<p>Az FMP-n\u00e9l k\u00fcl\u00f6nf\u00e9le hidraulikus hengerek gy\u00e1rt\u00e1s\u00e1ra \u00e9s testreszab\u00e1s\u00e1ra specializ\u00e1l\u00f3dtunk. Kiv\u00e9teles term\u00e9keinkkel \u00e9s v\u00e1llalati el\u0151nyeinkkel sikeres egy\u00fcttm\u0171k\u00f6d\u00e9sek kialak\u00edt\u00e1s\u00e1ra t\u00f6reksz\u00fcnk \u00e9rt\u00e9kes \u00fcgyfeleinkkel. L\u00e9pjen kapcsolatba vel\u00fcnk, hogy felm\u00e9rhess\u00fck az FMP-vel val\u00f3 partners\u00e9g lehet\u0151s\u00e9geit hidraulikus hengerekkel kapcsolatos ig\u00e9nyei kiel\u00e9g\u00edt\u00e9se \u00e9rdek\u00e9ben.<\/p>\n<p><img decoding=\"async\" src=\"https:\/\/fmp-components.com\/wp-content\/uploads\/2024\/12\/fmp-factory-4.webp\" alt=\"FMP gy\u00e1r\" width=\"800\" title=\"\"><br \/>\nSzerz\u0151: CX<\/p>","protected":false},"excerpt":{"rendered":"<p>The 10018 Professional 20 Ton Mini Double Acting Hydraulic Cylinders are engineered for high performance and reliability in a compact design. Ideal for various industrial and agricultural applications, these hydraulic cylinders provide powerful lifting capabilities while maintaining a space-efficient footprint. Key Features: 20 Ton Load Capacity: Designed to handle loads up to 20 tons, the [&hellip;]<\/p>","protected":false},"featured_media":1132,"comment_status":"closed","ping_status":"closed","template":"","meta":{"_et_pb_use_builder":"","_et_pb_old_content":"","_et_gb_content_width":""},"product_brand":[],"product_cat":[31],"product_tag":[34,35],"class_list":{"0":"post-938","1":"product","2":"type-product","3":"status-publish","4":"has-post-thumbnail","6":"product_cat-welded-tee-type-cylinder","7":"product_tag-hydraulic-cylinder","8":"product_tag-welded-tee-type-cylinder","10":"first","11":"instock","12":"product-type-simple"},"_links":{"self":[{"href":"https:\/\/fmp-components.com\/hu\/wp-json\/wp\/v2\/product\/938","targetHints":{"allow":["GET"]}}],"collection":[{"href":"https:\/\/fmp-components.com\/hu\/wp-json\/wp\/v2\/product"}],"about":[{"href":"https:\/\/fmp-components.com\/hu\/wp-json\/wp\/v2\/types\/product"}],"replies":[{"embeddable":true,"href":"https:\/\/fmp-components.com\/hu\/wp-json\/wp\/v2\/comments?post=938"}],"wp:featuredmedia":[{"embeddable":true,"href":"https:\/\/fmp-components.com\/hu\/wp-json\/wp\/v2\/media\/1132"}],"wp:attachment":[{"href":"https:\/\/fmp-components.com\/hu\/wp-json\/wp\/v2\/media?parent=938"}],"wp:term":[{"taxonomy":"product_brand","embeddable":true,"href":"https:\/\/fmp-components.com\/hu\/wp-json\/wp\/v2\/product_brand?post=938"},{"taxonomy":"product_cat","embeddable":true,"href":"https:\/\/fmp-components.com\/hu\/wp-json\/wp\/v2\/product_cat?post=938"},{"taxonomy":"product_tag","embeddable":true,"href":"https:\/\/fmp-components.com\/hu\/wp-json\/wp\/v2\/product_tag?post=938"}],"curies":[{"name":"munkaf\u00fczet","href":"https:\/\/api.w.org\/{rel}","templated":true}]}}