{"id":937,"date":"2024-12-19T03:39:00","date_gmt":"2024-12-19T03:39:00","guid":{"rendered":"https:\/\/fmp-components.com\/product\/10017-china-factory-supply-tractor-hydraulic-cylinder-for-sale\/"},"modified":"2024-12-26T09:00:14","modified_gmt":"2024-12-26T09:00:14","slug":"10017-italy-factory-supply-tractor-hydraulic-cylinder-for-sale","status":"publish","type":"product","link":"https:\/\/fmp-components.com\/hu\/product\/10017-italy-factory-supply-tractor-hydraulic-cylinder-for-sale\/","title":{"rendered":"10017 Olaszorsz\u00e1g gy\u00e1ri besz\u00e1ll\u00edt\u00f3 traktor hidraulikus henger elad\u00f3"},"content":{"rendered":"<p>Az 10017-es olasz gy\u00e1ri besz\u00e1ll\u00edt\u00f3i traktor hidraulikus henger kiemelked\u0151 teljes\u00edtm\u00e9nyt \u00e9s megb\u00edzhat\u00f3s\u00e1got biztos\u00edt k\u00fcl\u00f6nf\u00e9le traktoralkalmaz\u00e1sokhoz. A prec\u00edz \u00e9s min\u0151s\u00e9gi gy\u00e1rt\u00e1snak k\u00f6sz\u00f6nhet\u0151en ez a hidraulikus henger n\u00e9lk\u00fcl\u00f6zhetetlen alkatr\u00e9sz a mez\u0151gazdas\u00e1gi g\u00e9pek hat\u00e9konys\u00e1g\u00e1nak n\u00f6vel\u00e9s\u00e9hez.<\/p>\n<h4>F\u0151bb jellemz\u0151k:<\/h4>\n<ul>\n<li><strong>Kiv\u00e1l\u00f3 min\u0151s\u00e9g\u0171 gy\u00e1rt\u00e1s:<\/strong><br \/>\nAz Olaszorsz\u00e1gban szigor\u00fa min\u0151s\u00e9gellen\u0151rz\u00e9si szabv\u00e1nyok mellett gy\u00e1rtott 10017 hidraulikus henger tart\u00f3s haszn\u00e1latra k\u00e9sz\u00fclt. Robusztus konstrukci\u00f3ja tart\u00f3ss\u00e1got biztos\u00edt m\u00e9g a legig\u00e9nyesebb mez\u0151gazdas\u00e1gi k\u00f6rnyezetben is.<\/li>\n<li><strong>Sokoldal\u00fa alkalmaz\u00e1sok:<\/strong><br \/>\nEz a hidraulikus henger sz\u00e1mos traktoralkalmaz\u00e1shoz alkalmas, bele\u00e9rtve a sz\u00e1nt\u00e1st, emel\u00e9st \u00e9s vontat\u00e1st. Sokoldal\u00fas\u00e1g\u00e1nak k\u00f6sz\u00f6nhet\u0151en n\u00e9lk\u00fcl\u00f6zhetetlen eszk\u00f6z a gazd\u00e1lkod\u00f3k sz\u00e1m\u00e1ra, akik maximaliz\u00e1lni szeretn\u00e9k berendez\u00e9seik funkcionalit\u00e1s\u00e1t.<\/li>\n<li><strong>Hat\u00e9kony teljes\u00edtm\u00e9ny:<\/strong><br \/>\nA 10017-es hidraulikus henger hat\u00e9konyan m\u0171k\u00f6dik nagy nyom\u00e1s alatt, er\u0151teljes emel\u00e9si \u00e9s tol\u00f3k\u00e9pess\u00e9get biztos\u00edtva. Ez a hat\u00e9konys\u00e1g n\u00f6veli a traktor \u00e1ltal\u00e1nos termel\u00e9kenys\u00e9g\u00e9t, lehet\u0151v\u00e9 t\u00e9ve a feladatok gyorsabb \u00e9s hat\u00e9konyabb elv\u00e9gz\u00e9s\u00e9t.<\/li>\n<li><strong>Testreszabhat\u00f3 be\u00e1ll\u00edt\u00e1sok:<\/strong><br \/>\nK\u00fcl\u00f6nb\u00f6z\u0151 m\u00e9retekben \u00e9s konfigur\u00e1ci\u00f3kban kaphat\u00f3 10017-es henger testreszabhat\u00f3 az \u00d6n egyedi ig\u00e9nyeinek megfelel\u0151en. Ak\u00e1r elt\u00e9r\u0151 furatm\u00e9retekre, l\u00f6kethosszakra vagy csatlakoz\u00e1si t\u00edpusokra van sz\u00fcks\u00e9ge, mi szem\u00e9lyre szabott megold\u00e1sokat k\u00edn\u00e1lunk az \u00d6n berendez\u00e9s\u00e9hez.<\/li>\n<li><strong>K\u00f6lts\u00e9ghat\u00e9kony megold\u00e1s:<\/strong><br \/>\nVersenyk\u00e9pes gy\u00e1ri \u00e1r\u00e1val a 10017-es hidraulikus henger kiv\u00e1l\u00f3 \u00e1r-\u00e9rt\u00e9k ar\u00e1nyt k\u00edn\u00e1l. Nagy teljes\u00edtm\u00e9nyt ny\u00fajt a min\u0151s\u00e9g fel\u00e1ldoz\u00e1sa n\u00e9lk\u00fcl, \u00edgy sz\u00e9les k\u00f6r\u0171 mez\u0151gazdas\u00e1gi m\u0171veletekhez haszn\u00e1lhat\u00f3.<\/li>\n<\/ul>\n<p><img decoding=\"async\" class=\"aligncenter\" src=\"https:\/\/hzpt.com\/wp-content\/uploads\/2023\/12\/random-3.webp\" alt=\"\" title=\"\"><\/p>\n<h4>M\u0171szaki adatok:<\/h4>\n<table style=\"width: 101.159%; height: 176px;\">\n<thead>\n<tr style=\"height: 23px;\">\n<th style=\"height: 23px;\">Specifik\u00e1ci\u00f3<\/th>\n<th style=\"height: 23px;\">Le\u00edr\u00e1s<\/th>\n<\/tr>\n<\/thead>\n<tbody>\n<tr style=\"height: 26px;\">\n<td style=\"height: 26px;\"><strong>Furatm\u00e9ret<\/strong><\/td>\n<td style=\"height: 26px;\">Testreszabhat\u00f3<\/td>\n<\/tr>\n<tr style=\"height: 26px;\">\n<td style=\"height: 26px;\"><strong>L\u00f6kethossz<\/strong><\/td>\n<td style=\"height: 26px;\">K\u00fcl\u00f6nb\u00f6z\u0151 lehet\u0151s\u00e9gek \u00e1llnak rendelkez\u00e9sre<\/td>\n<\/tr>\n<tr style=\"height: 26px;\">\n<td style=\"height: 26px;\"><strong>Maxim\u00e1lis nyom\u00e1s<\/strong><\/td>\n<td style=\"height: 26px;\">Ak\u00e1r 3000 PSI<\/td>\n<\/tr>\n<tr style=\"height: 26px;\">\n<td style=\"height: 26px;\"><strong>Anyag<\/strong><\/td>\n<td style=\"height: 26px;\">Kiv\u00e1l\u00f3 min\u0151s\u00e9g\u0171 ac\u00e9l vagy alum\u00ednium<\/td>\n<\/tr>\n<tr style=\"height: 26px;\">\n<td style=\"height: 26px;\"><strong>Kapcsolat t\u00edpusa<\/strong><\/td>\n<td style=\"height: 26px;\">Karim\u00e1s vagy menetes<\/td>\n<\/tr>\n<\/tbody>\n<\/table>\n<h4>M\u0171k\u00f6d\u00e9si elv:<\/h4>\n<p>A 10017-es traktor hidraulikus henger a hidraulikafolyad\u00e9k nyom\u00e1s\u00e1nak elv\u00e9n m\u0171k\u00f6dik. Amikor a hidraulikafolyad\u00e9kot a hengerbe pump\u00e1lj\u00e1k, az er\u0151t fejt ki a dugatty\u00fara, line\u00e1ris mozg\u00e1st gener\u00e1lva a k\u00fcl\u00f6nf\u00e9le feladatok v\u00e9grehajt\u00e1s\u00e1hoz. Ez a megb\u00edzhat\u00f3 mechanizmus lehet\u0151v\u00e9 teszi a traktorok sz\u00e1m\u00e1ra, hogy hat\u00e9konyan \u00e9s eredm\u00e9nyesen teljes\u00edtsenek k\u00fcl\u00f6nf\u00e9le mez\u0151gazdas\u00e1gi alkalmaz\u00e1sokban.<\/p>\n<p>\u00d6sszefoglalva, a 10017 Olaszorsz\u00e1gban gy\u00e1rtott traktor hidraulikus henger egy tart\u00f3s \u00e9s hat\u00e9kony megold\u00e1s a traktor teljes\u00edtm\u00e9ny\u00e9nek n\u00f6vel\u00e9s\u00e9re. Kiv\u00e1l\u00f3 min\u0151s\u00e9g\u0171 konstrukci\u00f3ja, sokoldal\u00fas\u00e1ga \u00e9s k\u00f6lts\u00e9ghat\u00e9konys\u00e1ga n\u00e9lk\u00fcl\u00f6zhetetlen kieg\u00e9sz\u00edt\u0151j\u00e9v\u00e9 teszi minden mez\u0151gazdas\u00e1gi tev\u00e9kenys\u00e9gnek, seg\u00edtve a termel\u00e9kenys\u00e9g \u00e9s a m\u0171k\u00f6d\u00e9si hat\u00e9konys\u00e1g jav\u00edt\u00e1s\u00e1t.<\/p>\n<p><img decoding=\"async\" src=\"https:\/\/hzpt.com\/wp-content\/uploads\/2023\/12\/random-5.webp\" alt=\"\" title=\"\"><\/p>\n<h2>GYIK<\/h2>\n<p>K: Mekkora a hidraulikus hengerek kapacit\u00e1sa?<br \/>\nV: A kapacit\u00e1s modellenk\u00e9nt elt\u00e9r\u0151.<\/p>\n<p>K: Hogyan tudom karbantartani a hidraulikus hengeremet?<br \/>\nV: A t\u00f6m\u00edt\u00e9sek rendszeres ellen\u0151rz\u00e9se \u00e9s id\u0151ben t\u00f6rt\u00e9n\u0151 cser\u00e9je seg\u00edthet a hidraulikus henger j\u00f3 \u00e1llapot\u00e1nak meg\u0151rz\u00e9s\u00e9ben.<\/p>\n<p>K: Mekkora a hengerek teherb\u00edr\u00e1sa?<br \/>\nV: Hengereink k\u00f6zepes \u00e9s nagy teherb\u00edr\u00e1s\u00faak.<\/p>\n<p>K: Testreszabhatom a rendel\u00e9semet az adott ig\u00e9nyek alapj\u00e1n?<br \/>\nV: Igen, sz\u00edvesen l\u00e1tjuk az \u00fcgyfeleket, hogy testreszabj\u00e1k megrendel\u00e9seiket.<\/p>\n<p>K: Milyen m\u00e1s term\u00e9keket k\u00edn\u00e1lnak?<br \/>\nV: Hengereket k\u00edn\u00e1lunk k\u00fcl\u00f6nf\u00e9le g\u00e9pekhez, p\u00e9ld\u00e1ul emel\u0151kosaras munka\u00e1llv\u00e1nyokhoz, ipari j\u00e1rm\u0171vekhez, forg\u00f3f\u00far\u00f3tornyokhoz, aut\u00f3darukhoz \u00e9s egyebekhez.<\/p>\n<h2>A hegesztett p\u00f3l\u00f3 t\u00edpus\u00fa henger el\u0151nyei<\/h2>\n<ul>\n<li style=\"list-style-type: none;\">\n<ul>\n<li><strong>Megn\u00f6velt er\u0151:<\/strong> A hegesztett T-idom\u00fa hengerek nagy szil\u00e1rds\u00e1gukr\u00f3l ismertek, \u00edgy alkalmasak neh\u00e9z emel\u00e9st ig\u00e9nyl\u0151 alkalmaz\u00e1sokhoz. Az ilyen hengerek gy\u00e1rt\u00e1sa sor\u00e1n alkalmazott hegeszt\u00e9si elj\u00e1r\u00e1s biztos\u00edtja, hogy a henger mentes legyen a gyenge pontokt\u00f3l, \u00e9s ellen\u00e1lljon a nagy nyom\u00e1snak \u00e9s terhel\u00e9snek.<\/li>\n<\/ul>\n<\/li>\n<\/ul>\n<p>Amikor a hengerre nyom\u00e1st gyakorolunk, az egyenletesen oszlik el a teljes fel\u00fcleten, \u00edgy ellen\u00e1ll a deform\u00e1ci\u00f3nak. Ez a tulajdons\u00e1g biztos\u00edtja, hogy a henger extr\u00e9m k\u00f6r\u00fclm\u00e9nyek k\u00f6z\u00f6tt is megtartsa alakj\u00e1t \u00e9s szerkezeti integrit\u00e1s\u00e1t.<\/p>\n<ul>\n<li style=\"list-style-type: none;\">\n<ul>\n<li><strong>Sziv\u00e1rg\u00e1smegel\u0151z\u00e9s:<\/strong> A hegesztett T-idom\u00fa palackokat a sziv\u00e1rg\u00e1s megakad\u00e1lyoz\u00e1s\u00e1ra tervezt\u00e9k. A gy\u00e1rt\u00e1si folyamat sor\u00e1n alkalmazott hegeszt\u00e9si elj\u00e1r\u00e1s biztos\u00edtja, hogy a palack teljesen t\u00f6m\u00edtett \u00e9s mentes legyen minden lehets\u00e9ges sziv\u00e1rg\u00e1st\u00f3l. Ez a tulajdons\u00e1g alkalmass\u00e1 teszi \u0151ket olyan alkalmaz\u00e1sokhoz, ahol a sziv\u00e1rg\u00e1s s\u00falyos k\u00e1rokat vagy s\u00e9r\u00fcl\u00e9seket okozhat.<\/li>\n<\/ul>\n<\/li>\n<\/ul>\n<p>A hegesztett illeszt\u00e9sek sim\u00e1k, reped\u00e9sek vagy hornyok n\u00e9lk\u00fcl, ahol t\u00f6rmel\u00e9k vagy szennyez\u0151d\u00e9s felhalmoz\u00f3dhatna, cs\u00f6kkentve a korr\u00f3zi\u00f3 \u00e9s a henger k\u00e1rosod\u00e1s\u00e1nak kock\u00e1zat\u00e1t.<\/p>\n<ul>\n<li style=\"list-style-type: none;\">\n<ul>\n<li><strong>Testreszabhat\u00f3:<\/strong> A hegesztett T-idom\u00fa hengerek testreszabhat\u00f3k az adott alkalmaz\u00e1sokhoz. A hengerek k\u00fcl\u00f6nb\u00f6z\u0151 m\u00e9retekben \u00e9s form\u00e1kban kaphat\u00f3k, \u00e9s az alkalmaz\u00e1s konkr\u00e9t k\u00f6vetelm\u00e9nyeinek megfelel\u0151en gy\u00e1rthat\u00f3k.<\/li>\n<\/ul>\n<\/li>\n<\/ul>\n<p>A testreszab\u00e1si folyamat lehet\u0151v\u00e9 teszi a henger teljes\u00edtm\u00e9ny\u00e9nek optimaliz\u00e1l\u00e1s\u00e1t, biztos\u00edtva, hogy az megfeleljen a k\u00edv\u00e1nt alkalmaz\u00e1snak. Ez a tulajdons\u00e1g teszi a hegesztett T-idom\u00fa hengereket ide\u00e1liss\u00e1 k\u00fcl\u00f6nf\u00e9le ipari alkalmaz\u00e1sokhoz, bele\u00e9rtve az \u00e9p\u00edt\u0151iparban, a b\u00e1ny\u00e1szatban \u00e9s az anyagmozgat\u00e1sban val\u00f3 haszn\u00e1latra.<\/p>\n<ul>\n<li style=\"list-style-type: none;\">\n<ul>\n<li><strong>K\u00f6lts\u00e9ghat\u00e9kony:<\/strong> A hegesztett T-idom\u00fa hengerek k\u00f6lts\u00e9ghat\u00e9konyabbak m\u00e1s t\u00edpus\u00fa hengerekhez k\u00e9pest. Az ilyen hengerek gy\u00e1rt\u00e1si folyamata egyszer\u0171, \u00edgy olcs\u00f3bbak, mint m\u00e1s t\u00edpus\u00fa hengerek.<\/li>\n<\/ul>\n<\/li>\n<\/ul>\n<p>Tov\u00e1bb\u00e1 a hegesztett T-idom\u00fa hengerek nagy szil\u00e1rds\u00e1ga \u00e9s tart\u00f3ss\u00e1ga cs\u00f6kkenti a gyakori jav\u00edt\u00e1sok \u00e9s cser\u00e9k sz\u00fcks\u00e9gess\u00e9g\u00e9t, \u00edgy megtakar\u00edtva a karbantart\u00e1si k\u00f6lts\u00e9geket. Ez a tulajdons\u00e1g n\u00e9pszer\u0171 v\u00e1laszt\u00e1ss\u00e1 teszi \u0151ket sz\u00e1mos ipar\u00e1gban, k\u00fcl\u00f6n\u00f6sen a korl\u00e1tozott k\u00f6lts\u00e9gvet\u00e9ssel rendelkez\u0151k sz\u00e1m\u00e1ra.<\/p>\n<ul>\n<li style=\"list-style-type: none;\">\n<ul>\n<li><strong>Megn\u00f6velt hat\u00e9konys\u00e1g:<\/strong> A hegesztett T-idom\u00fa hengerek rendk\u00edv\u00fcl hat\u00e9konyak \u00e9s eredm\u00e9nyesek. A henger kialak\u00edt\u00e1sa biztos\u00edtja, hogy az alkalmazott er\u0151 k\u00f6zvetlen\u00fcl a terhel\u00e9sre ker\u00fclj\u00f6n \u00e1t, cs\u00f6kkentve az energiavesztes\u00e9get \u00e9s n\u00f6velve a hat\u00e9konys\u00e1got.<\/li>\n<\/ul>\n<\/li>\n<\/ul>\n<p>A hegesztett k\u00f6t\u00e9sek er\u0151sek \u00e9s merevek, minimaliz\u00e1lj\u00e1k az alakv\u00e1ltoz\u00e1st, \u00e9s biztos\u00edtj\u00e1k, hogy a henger extr\u00e9m k\u00f6r\u00fclm\u00e9nyek k\u00f6z\u00f6tt is megtartsa alakj\u00e1t \u00e9s szerkezeti integrit\u00e1s\u00e1t. Ez a tulajdons\u00e1g ide\u00e1liss\u00e1 teszi a hegesztett T-idom\u00fa hengereket olyan alkalmaz\u00e1sokhoz, amelyek nagy hat\u00e9konys\u00e1got \u00e9s megb\u00edzhat\u00f3s\u00e1got ig\u00e9nyelnek.<\/p>\n<p><img loading=\"lazy\" decoding=\"async\" class=\"size-full wp-image-977 aligncenter\" src=\"https:\/\/fmp-components.com\/wp-content\/uploads\/2024\/12\/Welded-Tee-Type-Cylinder3.webp\" alt=\"Hegesztett p\u00f3l\u00f3 t\u00edpus\u00fa henger\" width=\"653\" height=\"600\" title=\"\" srcset=\"https:\/\/fmp-components.com\/wp-content\/uploads\/2024\/12\/Welded-Tee-Type-Cylinder3.webp 653w, https:\/\/fmp-components.com\/wp-content\/uploads\/2024\/12\/Welded-Tee-Type-Cylinder3-480x441.webp 480w\" sizes=\"(min-width: 0px) and (max-width: 480px) 480px, (min-width: 481px) 653px, 100vw\" \/><\/p>\n<h2>Hegesztett p\u00f3l\u00f3 t\u00edpus\u00fa henger alkalmaz\u00e1sa<\/h2>\n<h3>Bevezet\u00e9s<\/h3>\n<p>A hegesztett T-idom\u00fa henger egy olyan hidraulikus hengert\u00edpus, amelyet gyakran haszn\u00e1lnak ipari alkalmaz\u00e1sokban. \u00dagy tervezt\u00e9k, hogy nagy er\u0151teljes\u00edtm\u00e9nyt biztos\u00edtson kompakt \u00e9s k\u00f6lts\u00e9ghat\u00e9kony kivitelben. Ez a t\u00edpus\u00fa henger egy hegesztett T-idomb\u00f3l \u00e9s egy dugatty\u00far\u00fadb\u00f3l \u00e1ll, amely a T-idomhoz van r\u00f6gz\u00edtve. A T-idom a henger h\u00e1z\u00e1hoz van csatlakoztatva, \u00e9s egy dugatty\u00fat tartalmaz, amely el\u0151re-h\u00e1tra mozog a h\u00e1z belsej\u00e9ben er\u0151t gener\u00e1lva.<\/p>\n<h3>A hegesztett p\u00f3l\u00f3 t\u00edpus\u00fa henger el\u0151nyei<\/h3>\n<p>A hegesztett T-henger ipari alkalmaz\u00e1sokban t\u00f6rt\u00e9n\u0151 haszn\u00e1lat\u00e1nak sz\u00e1mos el\u0151nye van:<\/p>\n<ul>\n<li><b>Kompakt kialak\u00edt\u00e1s:<\/b> A hegesztett T-idom\u00fa hengerek kompakt kialak\u00edt\u00e1s\u00faak, \u00edgy ide\u00e1lisak korl\u00e1tozott helyeken val\u00f3 haszn\u00e1latra.<\/li>\n<li><b>Nagy hat\u00e9konys\u00e1g:<\/b> A hegesztett T-idom\u00fa hengerek rendk\u00edv\u00fcl hat\u00e9konyak, ami azt jelenti, hogy minim\u00e1lis energiabefektet\u00e9ssel nagy er\u0151t tudnak kifejteni.<\/li>\n<li><b>Tart\u00f3s:<\/b> A hegesztett T-idom\u00fa hengereket \u00fagy tervezt\u00e9k, hogy rendk\u00edv\u00fcl tart\u00f3sak legyenek, ami azt jelenti, hogy ellen\u00e1llnak a zord \u00fczemi k\u00f6r\u00fclm\u00e9nyeknek \u00e9s hossz\u00fa ideig kitartanak.<\/li>\n<li><b>K\u00f6lts\u00e9ghat\u00e9kony:<\/b> A hegesztett T-idom\u00fa hengerek k\u00f6lts\u00e9ghat\u00e9konyak, ami azt jelenti, hogy j\u00f3 \u00e1r-\u00e9rt\u00e9k ar\u00e1nyt k\u00e9pviselnek.<\/li>\n<\/ul>\n<h3>Hegesztett p\u00f3l\u00f3 t\u00edpus\u00fa henger alkalmaz\u00e1sai<\/h3>\n<p>A hegesztett T-idom\u00fa hengereknek sz\u00e1mos alkalmaz\u00e1si ter\u00fclete van a k\u00fcl\u00f6nb\u00f6z\u0151 ipar\u00e1gakban, bele\u00e9rtve:<\/p>\n<ul>\n<li><b>Gy\u00e1rt\u00e1s:<\/b> A hegesztett T-idom\u00fa hengereket a gy\u00e1rt\u00e1sban g\u00e9pek m\u0171k\u00f6dtet\u00e9s\u00e9re, neh\u00e9z terhek mozgat\u00e1s\u00e1ra \u00e9s f\u00e9m alkatr\u00e9szek alak\u00edt\u00e1s\u00e1ra haszn\u00e1lj\u00e1k.<\/li>\n<li><b>Mez\u0151gazdas\u00e1g:<\/b> A hegesztett T-idom\u00fa hengereket a mez\u0151gazdas\u00e1gban haszn\u00e1lj\u00e1k traktorok, betakar\u00edt\u00f3g\u00e9pek \u00e9s egy\u00e9b mez\u0151gazdas\u00e1gi berendez\u00e9sek hidraulikus rendszereinek m\u0171k\u00f6dtet\u00e9s\u00e9re.<\/li>\n<li><b>\u00c9p\u00edt\u00e9s:<\/b> A hegesztett T-idom\u00fa hengereket az \u00e9p\u00edt\u0151iparban haszn\u00e1lj\u00e1k olyan g\u00e9pek m\u0171k\u00f6dtet\u00e9s\u00e9re, mint a daruk, kotr\u00f3g\u00e9pek \u00e9s kotr\u00f3g\u00e9pek.<\/li>\n<li><b>B\u00e1ny\u00e1szati:<\/b> A hegesztett p\u00f3l\u00f3 t\u00edpus\u00fa hengereket a b\u00e1ny\u00e1szatban haszn\u00e1lj\u00e1k neh\u00e9zg\u00e9pek, p\u00e9ld\u00e1ul buld\u00f3zerek, rakod\u00f3g\u00e9pek \u00e9s k\u0151zetf\u00far\u00f3k hidraulikus rendszereinek m\u0171k\u00f6dtet\u00e9s\u00e9re.<\/li>\n<li><b>Sz\u00e1ll\u00edt\u00e1s:<\/b> A hegesztett T-idom\u00fa hengereket a sz\u00e1ll\u00edtm\u00e1nyoz\u00e1sban haszn\u00e1lj\u00e1k teheraut\u00f3k, buszok \u00e9s egy\u00e9b j\u00e1rm\u0171vek hidraulikus rendszereinek m\u0171k\u00f6dtet\u00e9s\u00e9re.<\/li>\n<\/ul>\n<p>\u00d6sszefoglalva, a hegesztett T-idom\u00fa hengerek fontos alkot\u00f3elemei sz\u00e1mos ipari alkalmaz\u00e1snak. Kompakt, hat\u00e9kony, tart\u00f3s \u00e9s k\u00f6lts\u00e9ghat\u00e9kony kialak\u00edt\u00e1suknak k\u00f6sz\u00f6nhet\u0151en ide\u00e1lis v\u00e1laszt\u00e1st jelentenek sz\u00e1mos alkalmaz\u00e1shoz. Ak\u00e1r gy\u00e1rt\u00f3\u00fczemben g\u00e9peket, ak\u00e1r farmon mez\u0151gazdas\u00e1gi berendez\u00e9seket, ak\u00e1r b\u00e1ny\u00e1ban neh\u00e9zg\u00e9peket \u00fczemeltet, a hegesztett T-idom\u00fa hengerek seg\u00edthetnek a munka hat\u00e9kony \u00e9s eredm\u00e9nyes elv\u00e9gz\u00e9s\u00e9ben.<\/p>\n<p><img loading=\"lazy\" decoding=\"async\" class=\"size-full wp-image-974 aligncenter\" src=\"https:\/\/fmp-components.com\/wp-content\/uploads\/2024\/12\/application-of-Welded-Tee-Type-Cylinder.webp\" alt=\"Hegesztett T-idom\u00fa henger alkalmaz\u00e1sa\" width=\"760\" height=\"860\" title=\"\" srcset=\"https:\/\/fmp-components.com\/wp-content\/uploads\/2024\/12\/application-of-Welded-Tee-Type-Cylinder.webp 760w, https:\/\/fmp-components.com\/wp-content\/uploads\/2024\/12\/application-of-Welded-Tee-Type-Cylinder-480x543.webp 480w\" sizes=\"(min-width: 0px) and (max-width: 480px) 480px, (min-width: 481px) 760px, 100vw\" \/><\/p>\n<h3>Az FMP-r\u0151l<\/h3>\n<p>Az FMP t\u00f6bb mint 30 \u00e9ve a hidraulikus hengerek vezet\u0151 gy\u00e1rt\u00f3ja \u00e9s sz\u00e1ll\u00edt\u00f3ja. Ipari ter\u00fclet\u00fcnk Olaszorsz\u00e1gban tal\u00e1lhat\u00f3, \u00e9s t\u00f6bb mint 100 berendez\u00e9ssel rendelkez\u00fcnk, bele\u00e9rtve egy automatikus g\u00e1zv\u00e9d\u0151g\u00e1zas hegeszt\u0151g\u00e9pet, m\u00e9lyf\u00far\u00f3 g\u00e9pet, CNC eszterg\u00e1t, hengeres k\u00f6sz\u00f6r\u0171t, automatikus tiszt\u00edt\u00f3g\u00e9pet, automatikus szerel\u0151g\u00e9pet, automatikus hidraulikus henger teljes\u00edtm\u00e9nyteszt padot, automatikus fest\u0151sort \u00e9s m\u00e9g sok m\u00e1st. Hidraulikus hengereink szigor\u00fa megmunk\u00e1l\u00e1son \u00e9s ellen\u0151rz\u00e9sen esnek \u00e1t, hogy biztos\u00edtsuk a j\u00f3 min\u0151s\u00e9get \u00fcgyfeleink sz\u00e1m\u00e1ra.<\/p>\n<p>Az FMP-n\u00e9l a k\u00f6vetkez\u0151 szolg\u00e1ltat\u00e1sokat k\u00edn\u00e1ljuk:<\/p>\n<ol>\n<li><strong>Tervez\u00e9si szolg\u00e1ltat\u00e1s:<\/strong> Tervez\u0151csapatunk gazdag tapasztalattal rendelkezik a kard\u00e1ntengelyek term\u00e9ktervez\u00e9s\u00e9ben \u00e9s fejleszt\u00e9s\u00e9ben. Ha \u00faj term\u00e9kekre van sz\u00fcks\u00e9ge, vagy tov\u00e1bbi fejleszt\u00e9seket szeretne, mi seg\u00edt\u00fcnk \u00d6nnek.<\/li>\n<li><strong>Term\u00e9kszolg\u00e1ltat\u00e1s:<\/strong> Szigor\u00fa folyamatot k\u00f6vet\u00fcnk a nyersanyagokt\u00f3l kezdve a v\u00e1g\u00e1son, a durva megmunk\u00e1l\u00e1son, a tesztel\u00e9sen, a tiszt\u00edt\u00e1son, az \u00f6sszeszerel\u00e9sen, a csomagol\u00e1son \u00e9s a sz\u00e1ll\u00edt\u00e1son \u00e1t a kiv\u00e1l\u00f3 min\u0151s\u00e9g\u0171 term\u00e9kek biztos\u00edt\u00e1sa \u00e9rdek\u00e9ben.<\/li>\n<li><strong>Mintav\u00e9teli folyamat:<\/strong> Az \u00d6n ig\u00e9nyei szerint tudunk mint\u00e1kat fejleszteni, \u00e9s folyamatosan m\u00f3dos\u00edtani a mint\u00e1kat, hogy megfeleljenek az \u00d6n ig\u00e9nyeinek.<\/li>\n<li><strong>K+F:<\/strong> L\u00e9p\u00e9st tartunk a piaci trendekkel, \u00e9s ennek megfelel\u0151en fejleszt\u00fcnk \u00faj modelleket, amint \u00faj aut\u00f3k jelennek meg a piacon.<\/li>\n<li><strong>Testreszab\u00e1s:<\/strong> K\u00fcl\u00f6nf\u00e9le hidraulikus hengerek gy\u00e1rt\u00e1s\u00e1ra \u00e9s \u00e9rt\u00e9kes\u00edt\u00e9s\u00e9re specializ\u00e1l\u00f3dtunk, \u00e9s egyedi ig\u00e9nyek kiel\u00e9g\u00edt\u00e9s\u00e9re is v\u00e1llalunk testreszab\u00e1st.<\/li>\n<\/ol>\n<p>B\u00fcszk\u00e9k vagyunk kiv\u00e1l\u00f3 min\u0151s\u00e9g\u0171 hidraulikus hengereinkre \u00e9s arra, hogy kiv\u00e1l\u00f3 \u00fcgyf\u00e9lszolg\u00e1latot ny\u00fajtunk. L\u00e9pjen kapcsolatba vel\u00fcnk m\u00e9g ma, hogy t\u00f6bbet megtudjon term\u00e9keinkr\u0151l \u00e9s szolg\u00e1ltat\u00e1sainkr\u00f3l.<\/p>\n<p><img decoding=\"async\" src=\"https:\/\/fmp-components.com\/wp-content\/uploads\/2024\/12\/fmp-factory-4.webp\" alt=\"FMP gy\u00e1r\" width=\"800\" title=\"\"><br \/>\nSzerz\u0151: CX<\/p>","protected":false},"excerpt":{"rendered":"<p>The 10017 Italy Factory Supply Tractor Hydraulic Cylinder is designed to deliver outstanding performance and reliability for various tractor applications. Manufactured with precision and quality, this hydraulic cylinder is an essential component for enhancing the efficiency of your agricultural machinery. Key Features: High-Quality Manufacturing: Produced in Italy with stringent quality control standards, the 10017 hydraulic [&hellip;]<\/p>","protected":false},"featured_media":1133,"comment_status":"closed","ping_status":"closed","template":"","meta":{"_et_pb_use_builder":"","_et_pb_old_content":"","_et_gb_content_width":""},"product_brand":[],"product_cat":[31],"product_tag":[34,35],"class_list":{"0":"post-937","1":"product","2":"type-product","3":"status-publish","4":"has-post-thumbnail","6":"product_cat-welded-tee-type-cylinder","7":"product_tag-hydraulic-cylinder","8":"product_tag-welded-tee-type-cylinder","10":"first","11":"instock","12":"product-type-simple"},"_links":{"self":[{"href":"https:\/\/fmp-components.com\/hu\/wp-json\/wp\/v2\/product\/937","targetHints":{"allow":["GET"]}}],"collection":[{"href":"https:\/\/fmp-components.com\/hu\/wp-json\/wp\/v2\/product"}],"about":[{"href":"https:\/\/fmp-components.com\/hu\/wp-json\/wp\/v2\/types\/product"}],"replies":[{"embeddable":true,"href":"https:\/\/fmp-components.com\/hu\/wp-json\/wp\/v2\/comments?post=937"}],"wp:featuredmedia":[{"embeddable":true,"href":"https:\/\/fmp-components.com\/hu\/wp-json\/wp\/v2\/media\/1133"}],"wp:attachment":[{"href":"https:\/\/fmp-components.com\/hu\/wp-json\/wp\/v2\/media?parent=937"}],"wp:term":[{"taxonomy":"product_brand","embeddable":true,"href":"https:\/\/fmp-components.com\/hu\/wp-json\/wp\/v2\/product_brand?post=937"},{"taxonomy":"product_cat","embeddable":true,"href":"https:\/\/fmp-components.com\/hu\/wp-json\/wp\/v2\/product_cat?post=937"},{"taxonomy":"product_tag","embeddable":true,"href":"https:\/\/fmp-components.com\/hu\/wp-json\/wp\/v2\/product_tag?post=937"}],"curies":[{"name":"munkaf\u00fczet","href":"https:\/\/api.w.org\/{rel}","templated":true}]}}