{"id":936,"date":"2024-12-19T03:39:00","date_gmt":"2024-12-19T03:39:00","guid":{"rendered":"https:\/\/fmp-components.com\/product\/10016-hot-selling-trailer-hydraulic-cylinder-for-agriculture\/"},"modified":"2024-12-19T09:03:54","modified_gmt":"2024-12-19T09:03:54","slug":"10016-hot-selling-trailer-hydraulic-cylinder-for-agriculture","status":"publish","type":"product","link":"https:\/\/fmp-components.com\/hu\/product\/10016-hot-selling-trailer-hydraulic-cylinder-for-agriculture\/","title":{"rendered":"10016 Forr\u00f3 elad\u00e1s\u00fa p\u00f3tkocsi hidraulikus henger mez\u0151gazdas\u00e1ghoz"},"content":{"rendered":"<p>A 10016-os n\u00e9pszer\u0171 p\u00f3tkocsi hidraulikus henger szak\u00e9rt\u0151k \u00e1ltal tervezett, hogy fokozza a mez\u0151gazdas\u00e1gi p\u00f3tkocsik funkcionalit\u00e1s\u00e1t, megb\u00edzhat\u00f3 teljes\u00edtm\u00e9nyt \u00e9s robusztus tart\u00f3ss\u00e1got biztos\u00edtva. Ez a hidraulikus henger elengedhetetlen alkatr\u00e9sz azoknak a gazd\u00e1lkod\u00f3knak, akik maximaliz\u00e1lni szeretn\u00e9k a hat\u00e9konys\u00e1got \u00e9s a k\u00f6nny\u0171 kezelhet\u0151s\u00e9get mez\u0151gazdas\u00e1gi tev\u00e9kenys\u00e9geik sor\u00e1n.<\/p>\n<h4>F\u0151bb jellemz\u0151k:<\/h4>\n<ul>\n<li><strong>Hat\u00e9kony hidraulikus teljes\u00edtm\u00e9ny:<\/strong><br \/>\nA 10016-os hidraulikus hengert optim\u00e1lis hidraulikafolyad\u00e9k-teljes\u00edtm\u00e9nyre tervezt\u00e9k, biztos\u00edtva a p\u00f3tkocsik plat\u00f3inak sima \u00e9s er\u0151teljes emel\u00e9s\u00e9t \u00e9s s\u00fcllyeszt\u00e9s\u00e9t. Ez a hat\u00e9konys\u00e1g kulcsfontoss\u00e1g\u00fa a gyors be- \u00e9s kirakod\u00e1shoz, jav\u00edtva az \u00e1ltal\u00e1nos termel\u00e9kenys\u00e9get.<\/li>\n<li><strong>Robusztus konstrukci\u00f3:<\/strong><br \/>\nKiv\u00e1l\u00f3 min\u0151s\u00e9g\u0171 anyagokb\u00f3l k\u00e9sz\u00fclt, ez a hidraulikus henger a mez\u0151gazdas\u00e1gi k\u00f6rnyezet neh\u00e9z k\u00f6r\u00fclm\u00e9nyeinek elvisel\u00e9s\u00e9re k\u00e9sz\u00fclt. Tart\u00f3s konstrukci\u00f3ja hossz\u00fa \u00e9lettartamot biztos\u00edt, m\u00e9g nagy terhel\u00e9s \u00e9s gyakori haszn\u00e1lat eset\u00e9n is.<\/li>\n<li><strong>Sokoldal\u00fa alkalmaz\u00e1sok:<\/strong><br \/>\nA kifejezetten mez\u0151gazdas\u00e1gi p\u00f3tkocsikhoz tervezett hidraulikus henger sokoldal\u00faan haszn\u00e1lhat\u00f3 k\u00fcl\u00f6nf\u00e9le alkalmaz\u00e1sokban, bele\u00e9rtve a sz\u00e9nasz\u00e1ll\u00edt\u00e1st, az \u00e1llatsz\u00e1ll\u00edt\u00e1st \u00e9s az \u00e1ltal\u00e1nos mez\u0151gazdas\u00e1gi feladatokat. Alkalmazkod\u00f3k\u00e9pess\u00e9ge \u00e9rt\u00e9kes kieg\u00e9sz\u00edt\u0151j\u00e9v\u00e9 teszi b\u00e1rmilyen mez\u0151gazdas\u00e1gi m\u0171veletnek.<\/li>\n<li><strong>Felhaszn\u00e1l\u00f3bar\u00e1t kialak\u00edt\u00e1s:<\/strong><br \/>\nA 10016-os henger intuit\u00edv kialak\u00edt\u00e1sa leegyszer\u0171s\u00edti a telep\u00edt\u00e9st \u00e9s a m\u0171k\u00f6dtet\u00e9st. Sz\u00e1mos p\u00f3tkocsimodellel kompatibilis, \u00edgy a gazd\u00e1k k\u00f6nnyed\u00e9n friss\u00edthetik berendez\u00e9seiket jelent\u0151s m\u00f3dos\u00edt\u00e1sok n\u00e9lk\u00fcl.<\/li>\n<li><strong>Forr\u00f3 elad\u00e1s\u00fa term\u00e9k:<\/strong><br \/>\nBizony\u00edtott teljes\u00edtm\u00e9ny\u00e9nek \u00e9s megb\u00edzhat\u00f3s\u00e1g\u00e1nak k\u00f6sz\u00f6nhet\u0151en a 10016-os hidraulikus henger a mez\u0151gazdas\u00e1gi szakemberek k\u00f6r\u00e9ben keresett term\u00e9kk\u00e9 v\u00e1lt. N\u00e9pszer\u0171s\u00e9ge min\u0151s\u00e9g\u00e9t \u00e9s hat\u00e9konys\u00e1g\u00e1t bizony\u00edtja a mez\u0151gazdas\u00e1gi m\u0171veletek jav\u00edt\u00e1s\u00e1ban.<\/li>\n<\/ul>\n<p><img loading=\"lazy\" decoding=\"async\" class=\"size-full wp-image-976 aligncenter\" src=\"https:\/\/fmp-components.com\/wp-content\/uploads\/2024\/12\/Welded-Tee-Type-Cylinder2.webp\" alt=\"Hegesztett p\u00f3l\u00f3 t\u00edpus\u00fa henger\" width=\"764\" height=\"675\" title=\"\" srcset=\"https:\/\/fmp-components.com\/wp-content\/uploads\/2024\/12\/Welded-Tee-Type-Cylinder2.webp 764w, https:\/\/fmp-components.com\/wp-content\/uploads\/2024\/12\/Welded-Tee-Type-Cylinder2-480x424.webp 480w\" sizes=\"(min-width: 0px) and (max-width: 480px) 480px, (min-width: 481px) 764px, 100vw\" \/><\/p>\n<h4>M\u0171szaki adatok:<\/h4>\n<table style=\"width: 97.9238%; height: 185px;\">\n<thead>\n<tr style=\"height: 23px;\">\n<th style=\"height: 23px;\">Specifik\u00e1ci\u00f3<\/th>\n<th style=\"height: 23px;\">Le\u00edr\u00e1s<\/th>\n<\/tr>\n<\/thead>\n<tbody>\n<tr style=\"height: 23px;\">\n<td style=\"height: 23px;\"><strong>Furatm\u00e9ret<\/strong><\/td>\n<td style=\"height: 23px;\">Testreszabhat\u00f3<\/td>\n<\/tr>\n<tr style=\"height: 23px;\">\n<td style=\"height: 23px;\"><strong>L\u00f6kethossz<\/strong><\/td>\n<td style=\"height: 23px;\">K\u00fcl\u00f6nb\u00f6z\u0151 lehet\u0151s\u00e9gek \u00e1llnak rendelkez\u00e9sre<\/td>\n<\/tr>\n<tr style=\"height: 23px;\">\n<td style=\"height: 23px;\"><strong>Maxim\u00e1lis nyom\u00e1s<\/strong><\/td>\n<td style=\"height: 23px;\">Ak\u00e1r 3000 PSI<\/td>\n<\/tr>\n<tr style=\"height: 23px;\">\n<td style=\"height: 23px;\"><strong>Anyag<\/strong><\/td>\n<td style=\"height: 23px;\">Kiv\u00e1l\u00f3 min\u0151s\u00e9g\u0171 ac\u00e9l vagy alum\u00ednium<\/td>\n<\/tr>\n<tr style=\"height: 23px;\">\n<td style=\"height: 23px;\"><strong>Kapcsolat t\u00edpusa<\/strong><\/td>\n<td style=\"height: 23px;\">Karim\u00e1s vagy menetes<\/td>\n<\/tr>\n<\/tbody>\n<\/table>\n<h4>M\u0171k\u00f6d\u00e9si elv:<\/h4>\n<p>A 10016-os p\u00f3tkocsi hidraulikus henger a hidraulikafolyad\u00e9k nyom\u00e1s\u00e1nak elv\u00e9n m\u0171k\u00f6dik. Amikor hidraulikafolyad\u00e9kot pump\u00e1lnak a hengerbe, az er\u0151t fejt ki a dugatty\u00fara, lehet\u0151v\u00e9 t\u00e9ve a p\u00f3tkocsi plat\u00f3j\u00e1nak szab\u00e1lyozott emel\u00e9s\u00e9t \u00e9s s\u00fcllyeszt\u00e9s\u00e9t. Ez a hat\u00e9kony er\u0151\u00e1tvitel biztos\u00edtja, hogy a gazd\u00e1k k\u00f6nnyed\u00e9n \u00e9s prec\u00edzen kezelhess\u00e9k a neh\u00e9z terheket.<\/p>\n<p>A 10016-os n\u00e9pszer\u0171 p\u00f3tkocsi hidraulikus henger megb\u00edzhat\u00f3 \u00e9s hat\u00e9kony megold\u00e1s a mez\u0151gazdas\u00e1gi p\u00f3tkocsik m\u0171k\u00f6d\u00e9s\u00e9nek jav\u00edt\u00e1s\u00e1ra. Robusztus konstrukci\u00f3ja, felhaszn\u00e1l\u00f3bar\u00e1t kialak\u00edt\u00e1sa \u00e9s sokoldal\u00fas\u00e1ga n\u00e9lk\u00fcl\u00f6zhetetlen eszk\u00f6zz\u00e9 teszi a gazd\u00e1lkod\u00f3k sz\u00e1m\u00e1ra, akik jav\u00edtani szeretn\u00e9k termel\u00e9kenys\u00e9g\u00fcket \u00e9s hat\u00e9konys\u00e1gukat a sz\u00e1nt\u00f3f\u00f6ld\u00f6n.<\/p>\n<h3>GYIK<\/h3>\n<p>\u2013 Testreszabhat\u00f3k a p\u00f3tkocsi hidraulikus munkahengerei?<br \/>\nIgen, az \u00d6n specifik\u00e1ci\u00f3i \u00e9s ig\u00e9nyei alapj\u00e1n k\u00edn\u00e1lunk testreszab\u00e1st.<\/p>\n<p>\u2013 Mekkora a p\u00f3tkocsi hidraulikus henger\u00e9nek teherb\u00edr\u00e1sa?<br \/>\nA teherb\u00edr\u00e1s a modellt\u0151l f\u00fcgg. Tov\u00e1bbi inform\u00e1ci\u00f3k\u00e9rt k\u00e9rj\u00fck, tekintse meg a term\u00e9kle\u00edr\u00e1st.<\/p>\n<p>\u2013 Hogyan m\u0171k\u00f6dik egy p\u00f3tkocsi hidraulikus munkahengere?<br \/>\nA hidraulikus hengerek a folyad\u00e9kmechanika elv\u00e9n m\u0171k\u00f6dnek. Amikor nyom\u00e1st gyakorolnak a hengerben l\u00e9v\u0151 folyad\u00e9kra, az olyan er\u0151t hoz l\u00e9tre, amely neh\u00e9z t\u00e1rgyakat k\u00e9pes mozgatni.<\/p>\n<p>\u2013 Mekkora ezeknek a palackoknak az energiahat\u00e9konys\u00e1ga?<br \/>\nP\u00f3tkocsi hidraulikus hengereinket \u00fagy tervezt\u00fck, hogy kevesebb energi\u00e1t haszn\u00e1ljanak, \u00edgy k\u00f6lts\u00e9ghat\u00e9konyak \u00e9s k\u00f6rnyezetbar\u00e1tak.<\/p>\n<p>\u2013 Biztons\u00e1gosak ezek a palackok?<br \/>\nIgen, palackjaink kiv\u00e1l\u00f3 min\u0151s\u00e9g\u0171 anyagokb\u00f3l \u00e9s fejlett technol\u00f3gi\u00e1val k\u00e9sz\u00fclnek, biztos\u00edtva a biztons\u00e1gos \u00e9s megb\u00edzhat\u00f3 teljes\u00edtm\u00e9nyt.<\/p>\n<h2>A hegesztett p\u00f3l\u00f3 t\u00edpus\u00fa henger el\u0151nyei<\/h2>\n<ul>\n<li style=\"list-style-type: none;\">\n<ul>\n<li><strong>Megn\u00f6velt er\u0151:<\/strong> A hegesztett T-idom\u00fa hengerek nagy szil\u00e1rds\u00e1gukr\u00f3l ismertek, \u00edgy alkalmasak neh\u00e9z emel\u00e9st ig\u00e9nyl\u0151 alkalmaz\u00e1sokhoz. Az ilyen hengerek gy\u00e1rt\u00e1sa sor\u00e1n alkalmazott hegeszt\u00e9si elj\u00e1r\u00e1s biztos\u00edtja, hogy a henger mentes legyen a gyenge pontokt\u00f3l, \u00e9s ellen\u00e1lljon a nagy nyom\u00e1snak \u00e9s terhel\u00e9snek.<\/li>\n<\/ul>\n<\/li>\n<\/ul>\n<p>Amikor a hengerre nyom\u00e1st gyakorolunk, az egyenletesen oszlik el a teljes fel\u00fcleten, \u00edgy ellen\u00e1ll a deform\u00e1ci\u00f3nak. Ez a tulajdons\u00e1g biztos\u00edtja, hogy a henger extr\u00e9m k\u00f6r\u00fclm\u00e9nyek k\u00f6z\u00f6tt is megtartsa alakj\u00e1t \u00e9s szerkezeti integrit\u00e1s\u00e1t.<\/p>\n<ul>\n<li style=\"list-style-type: none;\">\n<ul>\n<li><strong>Sziv\u00e1rg\u00e1smegel\u0151z\u00e9s:<\/strong> A hegesztett T-idom\u00fa palackokat a sziv\u00e1rg\u00e1s megakad\u00e1lyoz\u00e1s\u00e1ra tervezt\u00e9k. A gy\u00e1rt\u00e1si folyamat sor\u00e1n alkalmazott hegeszt\u00e9si elj\u00e1r\u00e1s biztos\u00edtja, hogy a palack teljesen t\u00f6m\u00edtett \u00e9s mentes legyen minden lehets\u00e9ges sziv\u00e1rg\u00e1st\u00f3l. Ez a tulajdons\u00e1g alkalmass\u00e1 teszi \u0151ket olyan alkalmaz\u00e1sokhoz, ahol a sziv\u00e1rg\u00e1s s\u00falyos k\u00e1rokat vagy s\u00e9r\u00fcl\u00e9seket okozhat.<\/li>\n<\/ul>\n<\/li>\n<\/ul>\n<p>A hegesztett illeszt\u00e9sek sim\u00e1k, reped\u00e9sek vagy hornyok n\u00e9lk\u00fcl, ahol t\u00f6rmel\u00e9k vagy szennyez\u0151d\u00e9s felhalmoz\u00f3dhatna, cs\u00f6kkentve a korr\u00f3zi\u00f3 \u00e9s a henger k\u00e1rosod\u00e1s\u00e1nak kock\u00e1zat\u00e1t.<\/p>\n<ul>\n<li style=\"list-style-type: none;\">\n<ul>\n<li><strong>Testreszabhat\u00f3:<\/strong> A hegesztett T-idom\u00fa hengerek testreszabhat\u00f3k az adott alkalmaz\u00e1sokhoz. A hengerek k\u00fcl\u00f6nb\u00f6z\u0151 m\u00e9retekben \u00e9s form\u00e1kban kaphat\u00f3k, \u00e9s az alkalmaz\u00e1s konkr\u00e9t k\u00f6vetelm\u00e9nyeinek megfelel\u0151en gy\u00e1rthat\u00f3k.<\/li>\n<\/ul>\n<\/li>\n<\/ul>\n<p>A testreszab\u00e1si folyamat lehet\u0151v\u00e9 teszi a henger teljes\u00edtm\u00e9ny\u00e9nek optimaliz\u00e1l\u00e1s\u00e1t, biztos\u00edtva, hogy az megfeleljen a k\u00edv\u00e1nt alkalmaz\u00e1snak. Ez a tulajdons\u00e1g teszi a hegesztett T-idom\u00fa hengereket ide\u00e1liss\u00e1 k\u00fcl\u00f6nf\u00e9le ipari alkalmaz\u00e1sokhoz, bele\u00e9rtve az \u00e9p\u00edt\u0151iparban, a b\u00e1ny\u00e1szatban \u00e9s az anyagmozgat\u00e1sban val\u00f3 haszn\u00e1latra.<\/p>\n<ul>\n<li style=\"list-style-type: none;\">\n<ul>\n<li><strong>K\u00f6lts\u00e9ghat\u00e9kony:<\/strong> A hegesztett T-idom\u00fa hengerek k\u00f6lts\u00e9ghat\u00e9konyabbak m\u00e1s t\u00edpus\u00fa hengerekhez k\u00e9pest. Az ilyen hengerek gy\u00e1rt\u00e1si folyamata egyszer\u0171, \u00edgy olcs\u00f3bbak, mint m\u00e1s t\u00edpus\u00fa hengerek.<\/li>\n<\/ul>\n<\/li>\n<\/ul>\n<p>Tov\u00e1bb\u00e1 a hegesztett T-idom\u00fa hengerek nagy szil\u00e1rds\u00e1ga \u00e9s tart\u00f3ss\u00e1ga cs\u00f6kkenti a gyakori jav\u00edt\u00e1sok \u00e9s cser\u00e9k sz\u00fcks\u00e9gess\u00e9g\u00e9t, \u00edgy megtakar\u00edtva a karbantart\u00e1si k\u00f6lts\u00e9geket. Ez a tulajdons\u00e1g n\u00e9pszer\u0171 v\u00e1laszt\u00e1ss\u00e1 teszi \u0151ket sz\u00e1mos ipar\u00e1gban, k\u00fcl\u00f6n\u00f6sen a korl\u00e1tozott k\u00f6lts\u00e9gvet\u00e9ssel rendelkez\u0151k sz\u00e1m\u00e1ra.<\/p>\n<ul>\n<li style=\"list-style-type: none;\">\n<ul>\n<li><strong>Megn\u00f6velt hat\u00e9konys\u00e1g:<\/strong> A hegesztett T-idom\u00fa hengerek rendk\u00edv\u00fcl hat\u00e9konyak \u00e9s eredm\u00e9nyesek. A henger kialak\u00edt\u00e1sa biztos\u00edtja, hogy az alkalmazott er\u0151 k\u00f6zvetlen\u00fcl a terhel\u00e9sre ker\u00fclj\u00f6n \u00e1t, cs\u00f6kkentve az energiavesztes\u00e9get \u00e9s n\u00f6velve a hat\u00e9konys\u00e1got.<\/li>\n<\/ul>\n<\/li>\n<\/ul>\n<p>A hegesztett k\u00f6t\u00e9sek er\u0151sek \u00e9s merevek, minimaliz\u00e1lj\u00e1k az alakv\u00e1ltoz\u00e1st, \u00e9s biztos\u00edtj\u00e1k, hogy a henger extr\u00e9m k\u00f6r\u00fclm\u00e9nyek k\u00f6z\u00f6tt is megtartsa alakj\u00e1t \u00e9s szerkezeti integrit\u00e1s\u00e1t. Ez a tulajdons\u00e1g ide\u00e1liss\u00e1 teszi a hegesztett T-idom\u00fa hengereket olyan alkalmaz\u00e1sokhoz, amelyek nagy hat\u00e9konys\u00e1got \u00e9s megb\u00edzhat\u00f3s\u00e1got ig\u00e9nyelnek.<\/p>\n<h2>Hegesztett p\u00f3l\u00f3 t\u00edpus\u00fa henger alkalmaz\u00e1sa<\/h2>\n<h3>Bevezet\u00e9s<\/h3>\n<p>A hegesztett T-idom\u00fa henger egy olyan hidraulikus hengert\u00edpus, amelyet gyakran haszn\u00e1lnak ipari alkalmaz\u00e1sokban. \u00dagy tervezt\u00e9k, hogy nagy er\u0151teljes\u00edtm\u00e9nyt biztos\u00edtson kompakt \u00e9s k\u00f6lts\u00e9ghat\u00e9kony kivitelben. Ez a t\u00edpus\u00fa henger egy hegesztett T-idomb\u00f3l \u00e9s egy dugatty\u00far\u00fadb\u00f3l \u00e1ll, amely a T-idomhoz van r\u00f6gz\u00edtve. A T-idom a henger h\u00e1z\u00e1hoz van csatlakoztatva, \u00e9s egy dugatty\u00fat tartalmaz, amely el\u0151re-h\u00e1tra mozog a h\u00e1z belsej\u00e9ben er\u0151t gener\u00e1lva.<\/p>\n<h3>A hegesztett p\u00f3l\u00f3 t\u00edpus\u00fa henger el\u0151nyei<\/h3>\n<p>A hegesztett T-henger ipari alkalmaz\u00e1sokban t\u00f6rt\u00e9n\u0151 haszn\u00e1lat\u00e1nak sz\u00e1mos el\u0151nye van:<\/p>\n<ul>\n<li><b>Kompakt kialak\u00edt\u00e1s:<\/b> A hegesztett T-idom\u00fa hengerek kompakt kialak\u00edt\u00e1s\u00faak, \u00edgy ide\u00e1lisak korl\u00e1tozott helyeken val\u00f3 haszn\u00e1latra.<\/li>\n<li><b>Nagy hat\u00e9konys\u00e1g:<\/b> A hegesztett T-idom\u00fa hengerek rendk\u00edv\u00fcl hat\u00e9konyak, ami azt jelenti, hogy minim\u00e1lis energiabefektet\u00e9ssel nagy er\u0151t tudnak kifejteni.<\/li>\n<li><b>Tart\u00f3s:<\/b> A hegesztett T-idom\u00fa hengereket \u00fagy tervezt\u00e9k, hogy rendk\u00edv\u00fcl tart\u00f3sak legyenek, ami azt jelenti, hogy ellen\u00e1llnak a zord \u00fczemi k\u00f6r\u00fclm\u00e9nyeknek \u00e9s hossz\u00fa ideig kitartanak.<\/li>\n<li><b>K\u00f6lts\u00e9ghat\u00e9kony:<\/b> A hegesztett T-idom\u00fa hengerek k\u00f6lts\u00e9ghat\u00e9konyak, ami azt jelenti, hogy j\u00f3 \u00e1r-\u00e9rt\u00e9k ar\u00e1nyt k\u00e9pviselnek.<\/li>\n<\/ul>\n<h3>Hegesztett p\u00f3l\u00f3 t\u00edpus\u00fa henger alkalmaz\u00e1sai<\/h3>\n<p>A hegesztett T-idom\u00fa hengereknek sz\u00e1mos alkalmaz\u00e1si ter\u00fclete van a k\u00fcl\u00f6nb\u00f6z\u0151 ipar\u00e1gakban, bele\u00e9rtve:<\/p>\n<ul>\n<li><b>Gy\u00e1rt\u00e1s:<\/b> A hegesztett T-idom\u00fa hengereket a gy\u00e1rt\u00e1sban g\u00e9pek m\u0171k\u00f6dtet\u00e9s\u00e9re, neh\u00e9z terhek mozgat\u00e1s\u00e1ra \u00e9s f\u00e9m alkatr\u00e9szek alak\u00edt\u00e1s\u00e1ra haszn\u00e1lj\u00e1k.<\/li>\n<li><b>Mez\u0151gazdas\u00e1g:<\/b> A hegesztett T-idom\u00fa hengereket a mez\u0151gazdas\u00e1gban haszn\u00e1lj\u00e1k traktorok, betakar\u00edt\u00f3g\u00e9pek \u00e9s egy\u00e9b mez\u0151gazdas\u00e1gi berendez\u00e9sek hidraulikus rendszereinek m\u0171k\u00f6dtet\u00e9s\u00e9re.<\/li>\n<li><b>\u00c9p\u00edt\u00e9s:<\/b> A hegesztett T-idom\u00fa hengereket az \u00e9p\u00edt\u0151iparban haszn\u00e1lj\u00e1k olyan g\u00e9pek m\u0171k\u00f6dtet\u00e9s\u00e9re, mint a daruk, kotr\u00f3g\u00e9pek \u00e9s kotr\u00f3g\u00e9pek.<\/li>\n<li><b>B\u00e1ny\u00e1szati:<\/b> A hegesztett p\u00f3l\u00f3 t\u00edpus\u00fa hengereket a b\u00e1ny\u00e1szatban haszn\u00e1lj\u00e1k neh\u00e9zg\u00e9pek, p\u00e9ld\u00e1ul buld\u00f3zerek, rakod\u00f3g\u00e9pek \u00e9s k\u0151zetf\u00far\u00f3k hidraulikus rendszereinek m\u0171k\u00f6dtet\u00e9s\u00e9re.<\/li>\n<li><b>Sz\u00e1ll\u00edt\u00e1s:<\/b> A hegesztett T-idom\u00fa hengereket a sz\u00e1ll\u00edtm\u00e1nyoz\u00e1sban haszn\u00e1lj\u00e1k teheraut\u00f3k, buszok \u00e9s egy\u00e9b j\u00e1rm\u0171vek hidraulikus rendszereinek m\u0171k\u00f6dtet\u00e9s\u00e9re.<\/li>\n<\/ul>\n<p>\u00d6sszefoglalva, a hegesztett T-idom\u00fa hengerek fontos alkot\u00f3elemei sz\u00e1mos ipari alkalmaz\u00e1snak. Kompakt, hat\u00e9kony, tart\u00f3s \u00e9s k\u00f6lts\u00e9ghat\u00e9kony kialak\u00edt\u00e1suknak k\u00f6sz\u00f6nhet\u0151en ide\u00e1lis v\u00e1laszt\u00e1st jelentenek sz\u00e1mos alkalmaz\u00e1shoz. Ak\u00e1r gy\u00e1rt\u00f3\u00fczemben g\u00e9peket, ak\u00e1r farmon mez\u0151gazdas\u00e1gi berendez\u00e9seket, ak\u00e1r b\u00e1ny\u00e1ban neh\u00e9zg\u00e9peket \u00fczemeltet, a hegesztett T-idom\u00fa hengerek seg\u00edthetnek a munka hat\u00e9kony \u00e9s eredm\u00e9nyes elv\u00e9gz\u00e9s\u00e9ben.<\/p>\n<p><img loading=\"lazy\" decoding=\"async\" class=\"size-full wp-image-974 aligncenter\" src=\"https:\/\/fmp-components.com\/wp-content\/uploads\/2024\/12\/application-of-Welded-Tee-Type-Cylinder.webp\" alt=\"Hegesztett T-idom\u00fa henger alkalmaz\u00e1sa\" width=\"760\" height=\"860\" title=\"\" srcset=\"https:\/\/fmp-components.com\/wp-content\/uploads\/2024\/12\/application-of-Welded-Tee-Type-Cylinder.webp 760w, https:\/\/fmp-components.com\/wp-content\/uploads\/2024\/12\/application-of-Welded-Tee-Type-Cylinder-480x543.webp 480w\" sizes=\"(min-width: 0px) and (max-width: 480px) 480px, (min-width: 481px) 760px, 100vw\" \/><\/p>\n<h3>Az FMP-r\u0151l<\/h3>\n<p>Az FMP t\u00f6bb mint 30 \u00e9ves olaszorsz\u00e1gi m\u00falttal rendelkezik, \u00e9s a k\u00fcl\u00f6nf\u00e9le hidraulikus hengerek vezet\u0151 gy\u00e1rt\u00f3ja \u00e9s \u00e9rt\u00e9kes\u00edt\u0151je. B\u00fcszk\u00e9k vagyunk arra, hogy testreszabott megold\u00e1sokat k\u00edn\u00e1lunk \u00fcgyfeleink egyedi ig\u00e9nyeinek kiel\u00e9g\u00edt\u00e9s\u00e9re. T\u00f6bb mint 100 korszer\u0171 berendez\u00e9ssel, bele\u00e9rtve az automatikus g\u00e1zv\u00e9d\u0151g\u00e1zas hegeszt\u0151g\u00e9peket, m\u00e9lyf\u00far\u00f3g\u00e9peket, CNC eszterg\u00e1kat, hengeres k\u00f6sz\u00f6r\u0171ket, automatikus tiszt\u00edt\u00f3g\u00e9peket, automatikus szerel\u0151g\u00e9peket, automatikus hidraulikus henger teljes\u00edtm\u00e9nym\u00e9r\u0151 padokat \u00e9s automatikus fest\u0151sorokat, biztos\u00edtjuk term\u00e9keink legmagasabb min\u0151s\u00e9gi szabv\u00e1nyait.<\/p>\n<p><strong>1) Tervez\u00e9si szolg\u00e1ltat\u00e1s:<\/strong> Tapasztalt tervez\u0151csapatunk j\u00e1rtas a term\u00e9ktervez\u00e9sben \u00e9s -fejleszt\u00e9sben. Ak\u00e1r \u00faj term\u00e9kekre, ak\u00e1r a megl\u00e9v\u0151k fejleszt\u00e9s\u00e9re van sz\u00fcks\u00e9ge, mi itt vagyunk, hogy t\u00e1mogassuk \u00d6nt.<\/p>\n<p><strong>2) Term\u00e9kszolg\u00e1ltat\u00e1s:<\/strong> A nyersanyagokt\u00f3l a v\u00e1g\u00e1son, durva megmunk\u00e1l\u00e1son, tesztel\u00e9sen, tiszt\u00edt\u00e1son, \u00f6sszeszerel\u00e9sen, csomagol\u00e1son \u00e9s sz\u00e1ll\u00edt\u00e1son \u00e1t minden l\u00e9p\u00e9st apr\u00f3l\u00e9kosan kezel\u00fcnk a kiv\u00e1l\u00f3 min\u0151s\u00e9g biztos\u00edt\u00e1sa \u00e9rdek\u00e9ben.<\/p>\n<p><strong>3) Mintav\u00e9teli folyamat:<\/strong> Az \u00d6n egyedi ig\u00e9nyei szerint tudunk mint\u00e1kat kidolgozni, \u00e9s azokat folyamatosan m\u00f3dos\u00edtani, hogy megfeleljenek az \u00d6n ig\u00e9nyeinek. Az \u00d6n el\u00e9gedetts\u00e9ge a legfontosabb sz\u00e1munkra.<\/p>\n<p><strong>4) K+F:<\/strong> A piaci trendekre \u00e9s az \u00fcgyf\u00e9lig\u00e9nyekre \u00f6sszpontos\u00edtva folyamatosan tanulm\u00e1nyozzuk az \u00faj ig\u00e9nyeket, \u00e9s innovat\u00edv hidraulikus henger modelleket fejleszt\u00fcnk.<\/p>\n<p><strong>5) Szigor\u00fa feldolgoz\u00e1s \u00e9s ellen\u0151rz\u00e9s:<\/strong> Minden egyes hidraulikus henger szigor\u00fa megmunk\u00e1l\u00e1son \u00e9s ellen\u0151rz\u00e9sen megy kereszt\u00fcl, hogy garant\u00e1ljuk \u00e9rt\u00e9kes \u00fcgyfeleink kiv\u00e9teles min\u0151s\u00e9g\u00e9t \u00e9s megb\u00edzhat\u00f3s\u00e1g\u00e1t.<\/p>\n<p><img decoding=\"async\" src=\"https:\/\/fmp-components.com\/wp-content\/uploads\/2024\/12\/fmp-factory-4.webp\" alt=\"FMP gy\u00e1r\" width=\"800\" title=\"\"><br \/>\nSzerz\u0151: CX<\/p>","protected":false},"excerpt":{"rendered":"<p>The 10016 Hot Selling Trailer Hydraulic Cylinder is expertly designed to enhance the functionality of agricultural trailers, providing reliable performance and robust durability. This hydraulic cylinder is an essential component for farmers looking to maximize efficiency and ease of operation in their agricultural activities. Key Features: Efficient Hydraulic Performance: The 10016 hydraulic cylinder is engineered [&hellip;]<\/p>","protected":false},"featured_media":1132,"comment_status":"closed","ping_status":"closed","template":"","meta":{"_et_pb_use_builder":"","_et_pb_old_content":"","_et_gb_content_width":""},"product_brand":[],"product_cat":[31],"product_tag":[34,35],"class_list":{"0":"post-936","1":"product","2":"type-product","3":"status-publish","4":"has-post-thumbnail","6":"product_cat-welded-tee-type-cylinder","7":"product_tag-hydraulic-cylinder","8":"product_tag-welded-tee-type-cylinder","10":"first","11":"instock","12":"product-type-simple"},"_links":{"self":[{"href":"https:\/\/fmp-components.com\/hu\/wp-json\/wp\/v2\/product\/936","targetHints":{"allow":["GET"]}}],"collection":[{"href":"https:\/\/fmp-components.com\/hu\/wp-json\/wp\/v2\/product"}],"about":[{"href":"https:\/\/fmp-components.com\/hu\/wp-json\/wp\/v2\/types\/product"}],"replies":[{"embeddable":true,"href":"https:\/\/fmp-components.com\/hu\/wp-json\/wp\/v2\/comments?post=936"}],"wp:featuredmedia":[{"embeddable":true,"href":"https:\/\/fmp-components.com\/hu\/wp-json\/wp\/v2\/media\/1132"}],"wp:attachment":[{"href":"https:\/\/fmp-components.com\/hu\/wp-json\/wp\/v2\/media?parent=936"}],"wp:term":[{"taxonomy":"product_brand","embeddable":true,"href":"https:\/\/fmp-components.com\/hu\/wp-json\/wp\/v2\/product_brand?post=936"},{"taxonomy":"product_cat","embeddable":true,"href":"https:\/\/fmp-components.com\/hu\/wp-json\/wp\/v2\/product_cat?post=936"},{"taxonomy":"product_tag","embeddable":true,"href":"https:\/\/fmp-components.com\/hu\/wp-json\/wp\/v2\/product_tag?post=936"}],"curies":[{"name":"munkaf\u00fczet","href":"https:\/\/api.w.org\/{rel}","templated":true}]}}