{"id":935,"date":"2024-12-19T03:39:00","date_gmt":"2024-12-19T03:39:00","guid":{"rendered":"https:\/\/fmp-components.com\/product\/10015-factory-price-small-double-acting-hydraulic-piston-cylinder-for-agriculture\/"},"modified":"2024-12-19T09:04:10","modified_gmt":"2024-12-19T09:04:10","slug":"10015-factory-price-small-double-acting-hydraulic-piston-cylinder-for-agriculture","status":"publish","type":"product","link":"https:\/\/fmp-components.com\/hu\/product\/10015-factory-price-small-double-acting-hydraulic-piston-cylinder-for-agriculture\/","title":{"rendered":"10015 Gy\u00e1ri \u00e1r\u00fa kis kett\u0151s m\u0171k\u00f6d\u00e9s\u0171 hidraulikus dugatty\u00fas henger mez\u0151gazdas\u00e1ghoz"},"content":{"rendered":"<p>A 10015 gy\u00e1ri \u00e1r\u00fa, kism\u00e9ret\u0171, kett\u0151s m\u0171k\u00f6d\u00e9s\u0171 hidraulikus dugatty\u00fas henger kifejezetten a mez\u0151gazdas\u00e1gi alkalmaz\u00e1sok ig\u00e9nyes ig\u00e9nyeinek kiel\u00e9g\u00edt\u00e9s\u00e9re k\u00e9sz\u00fclt. A nagy teljes\u00edtm\u00e9nyt a megfizethet\u0151 \u00e1rral \u00f6tv\u00f6zve ez a hidraulikus henger n\u00e9lk\u00fcl\u00f6zhetetlen eszk\u00f6z a mez\u0151gazdas\u00e1gi m\u0171veletek hat\u00e9konys\u00e1g\u00e1nak \u00e9s termel\u00e9kenys\u00e9g\u00e9nek n\u00f6vel\u00e9s\u00e9hez.<\/p>\n<h4>F\u0151bb jellemz\u0151k:<\/h4>\n<ul>\n<li><strong>Kett\u0151s m\u0171k\u00f6d\u00e9s\u0171 mechanizmus:<\/strong><br \/>\nEz a hidraulikus dugatty\u00fas henger mind kiny\u00fajt\u00e1s, mind visszah\u00faz\u00e1s \u00fczemm\u00f3dban m\u0171k\u00f6dik, \u00edgy sokoldal\u00fa funkcionalit\u00e1st biztos\u00edt a mez\u0151gazdas\u00e1gi feladatok sz\u00e9les sk\u00e1l\u00e1j\u00e1hoz. A kett\u0151s m\u0171k\u00f6d\u00e9s\u0171 kialak\u00edt\u00e1s sima \u00e9s szab\u00e1lyozott mozg\u00e1st biztos\u00edt, \u00edgy ide\u00e1lis olyan alkalmaz\u00e1sokhoz, mint az emel\u00e9s, tol\u00e1s \u00e9s h\u00faz\u00e1s.<\/li>\n<li><strong>Kompakt \u00e9s k\u00f6nny\u0171:<\/strong><br \/>\nA 10015-\u00f6s henger kis m\u00e9rete lehet\u0151v\u00e9 teszi a k\u00f6nny\u0171 telep\u00edt\u00e9st sz\u0171k helyeken a teljes\u00edtm\u00e9ny fel\u00e1ldoz\u00e1sa n\u00e9lk\u00fcl. K\u00f6nny\u0171 kialak\u00edt\u00e1sa el\u0151seg\u00edti a man\u0151verezhet\u0151s\u00e9get, \u00edgy alkalmass\u00e1 teszi k\u00fcl\u00f6nf\u00e9le mez\u0151gazdas\u00e1gi g\u00e9pekhez \u00e9s berendez\u00e9sekhez.<\/li>\n<li><strong>K\u00f6lts\u00e9ghat\u00e9kony megold\u00e1s:<\/strong><br \/>\nGy\u00e1ri \u00e1ron k\u00edn\u00e1lva, ez a hidraulikus dugatty\u00fas henger kiv\u00e1l\u00f3 \u00e1r-\u00e9rt\u00e9k ar\u00e1nyt biztos\u00edt a min\u0151s\u00e9g fel\u00e1ldoz\u00e1sa n\u00e9lk\u00fcl. \u00dagy tervezt\u00e9k, hogy megb\u00edzhat\u00f3 teljes\u00edtm\u00e9nyt ny\u00fajtson, mik\u00f6zben seg\u00edti a gazd\u00e1lkod\u00f3kat a k\u00f6lts\u00e9gek hat\u00e9kony kezel\u00e9s\u00e9ben.<\/li>\n<li><strong>Tart\u00f3s konstrukci\u00f3:<\/strong><br \/>\nA kiv\u00e1l\u00f3 min\u0151s\u00e9g\u0171 anyagokb\u00f3l k\u00e9sz\u00fclt 10015 hidraulikus henger tart\u00f3ss\u00e1gra \u00e9s hossz\u00fa \u00e9lettartamra lett tervezve. Ellen\u00e1ll a mez\u0151gazdas\u00e1gi k\u00f6rnyezet viszontags\u00e1gainak, \u00edgy biztos\u00edtva az \u00e1lland\u00f3 teljes\u00edtm\u00e9nyt m\u00e9g kih\u00edv\u00e1st jelent\u0151 k\u00f6r\u00fclm\u00e9nyek k\u00f6z\u00f6tt is.<\/li>\n<li><strong>Nagy teherb\u00edr\u00e1s:<\/strong><br \/>\nEz a hidraulikus henger jelent\u0151s terhel\u00e9sek kezel\u00e9s\u00e9re szolg\u00e1l, biztos\u00edtva a hat\u00e9kony m\u0171k\u00f6d\u00e9shez sz\u00fcks\u00e9ges er\u0151t. Nagy teherb\u00edr\u00e1sa n\u00f6veli a termel\u00e9kenys\u00e9get olyan feladatokban, mint a talajm\u0171vel\u00e9s, a munkag\u00e9pek emel\u00e9se \u00e9s a tartoz\u00e9kok kezel\u00e9se.<\/li>\n<\/ul>\n<p><img decoding=\"async\" src=\"https:\/\/hzpt.com\/wp-content\/uploads\/2023\/12\/random-2.webp\" alt=\"\" title=\"\"><\/p>\n<h4>M\u0171szaki adatok:<\/h4>\n<table style=\"width: 95.4545%; height: 176px;\">\n<thead>\n<tr>\n<th>Specifik\u00e1ci\u00f3<\/th>\n<th>Le\u00edr\u00e1s<\/th>\n<\/tr>\n<\/thead>\n<tbody>\n<tr>\n<td><strong>Furatm\u00e9ret<\/strong><\/td>\n<td>Testreszabhat\u00f3<\/td>\n<\/tr>\n<tr>\n<td><strong>L\u00f6kethossz<\/strong><\/td>\n<td>K\u00fcl\u00f6nb\u00f6z\u0151 lehet\u0151s\u00e9gek \u00e1llnak rendelkez\u00e9sre<\/td>\n<\/tr>\n<tr>\n<td><strong>Maxim\u00e1lis nyom\u00e1s<\/strong><\/td>\n<td>Ak\u00e1r 3000 PSI<\/td>\n<\/tr>\n<tr>\n<td><strong>Anyag<\/strong><\/td>\n<td>Kiv\u00e1l\u00f3 min\u0151s\u00e9g\u0171 ac\u00e9l vagy alum\u00ednium<\/td>\n<\/tr>\n<tr>\n<td><strong>Kapcsolat t\u00edpusa<\/strong><\/td>\n<td>Karim\u00e1s vagy menetes<\/td>\n<\/tr>\n<\/tbody>\n<\/table>\n<h4>M\u0171k\u00f6d\u00e9si elv:<\/h4>\n<p>A 10015-\u00f6s kism\u00e9ret\u0171, kett\u0151s m\u0171k\u00f6d\u00e9s\u0171 hidraulikus dugatty\u00fas henger a hidraulikafolyad\u00e9k nyom\u00e1s\u00e1nak elv\u00e9n m\u0171k\u00f6dik. Amikor a hidraulikafolyad\u00e9kot a hengerbe pump\u00e1lj\u00e1k, az er\u0151t fejt ki a dugatty\u00fara, mindk\u00e9t ir\u00e1nyban line\u00e1ris mozg\u00e1st gener\u00e1lva. Ez a k\u00e9pess\u00e9g lehet\u0151v\u00e9 teszi a k\u00fcl\u00f6nf\u00e9le mez\u0151gazdas\u00e1gi m\u0171veletek hat\u00e9kony \u00e9s prec\u00edz vez\u00e9rl\u00e9s\u00e9t, n\u00f6velve az \u00e1ltal\u00e1nos hat\u00e9konys\u00e1got.<\/p>\n<p>A 10015-\u00f6s gy\u00e1ri \u00e1r\u00fa, kism\u00e9ret\u0171, kett\u0151s m\u0171k\u00f6d\u00e9s\u0171 hidraulikus dugatty\u00fas munkahenger megb\u00edzhat\u00f3 \u00e9s k\u00f6lts\u00e9ghat\u00e9kony megold\u00e1s mez\u0151gazdas\u00e1gi alkalmaz\u00e1sokhoz. Tart\u00f3s konstrukci\u00f3ja, kompakt kialak\u00edt\u00e1sa \u00e9s nagy teherb\u00edr\u00e1sa felbecs\u00fclhetetlen \u00e9rt\u00e9k\u0171 kieg\u00e9sz\u00edt\u0151je b\u00e1rmilyen mez\u0151gazdas\u00e1gi m\u0171veletnek, seg\u00edtve a termel\u00e9kenys\u00e9g \u00e9s a hat\u00e9konys\u00e1g jav\u00edt\u00e1s\u00e1t a sz\u00e1nt\u00f3f\u00f6ld\u00f6n.<\/p>\n<h2>GYIK<\/h2>\n<p>1. k\u00e9rd\u00e9s: Mekkora ennek a hidraulikus dugatty\u00fas hengernek a teherb\u00edr\u00e1sa?<\/p>\n<p>A1: A henger neh\u00e9z terhek elvisel\u00e9s\u00e9re alkalmas.<\/p>\n<p>2. k\u00e9rd\u00e9s: K\u00f6nnyen felszerelhet\u0151 a hidraulikus dugatty\u00fas henger?<br \/>\n<img decoding=\"async\" src=\"https:\/\/hzpt.com\/wp-content\/uploads\/2023\/12\/random-3.webp\" alt=\"\" title=\"\"><\/p>\n<p>A2: Igen, a term\u00e9k\u00fcnkh\u00f6z egy \u00e1tfog\u00f3 telep\u00edt\u00e9si \u00fatmutat\u00f3 tartozik.<\/p>\n<p>3. k\u00e9rd\u00e9s: Milyen gyakran kell cser\u00e9lni a hidraulikaolajat?<\/p>\n<p>A3: Az olajat a mell\u00e9kelt haszn\u00e1lati \u00e9s karbantart\u00e1si \u00fatmutat\u00f3 szerint kell cser\u00e9lni.<\/p>\n<p>4. k\u00e9rd\u00e9s: Mekkora a hidraulikus dugatty\u00fas henger kapacit\u00e1sa?<\/p>\n<p>A4: Hidraulikus dugatty\u00fas henger\u00fcnk nagy kapacit\u00e1st k\u00edn\u00e1l.<\/p>\n<p>5. k\u00e9rd\u00e9s: Milyen t\u00edpus\u00fa g\u00e9pekhez alkalmas ez a hidraulikus dugatty\u00fas henger?<\/p>\n<p>A5: Kifejezetten mez\u0151gazdas\u00e1gi g\u00e9pekhez tervezt\u00e9k.<\/p>\n<h2>A hegesztett p\u00f3l\u00f3 t\u00edpus\u00fa henger el\u0151nyei<\/h2>\n<ul>\n<li style=\"list-style-type: none;\">\n<ul>\n<li><strong>Megn\u00f6velt er\u0151:<\/strong> A hegesztett T-idom\u00fa hengerek nagy szil\u00e1rds\u00e1gukr\u00f3l ismertek, \u00edgy alkalmasak neh\u00e9z emel\u00e9st ig\u00e9nyl\u0151 alkalmaz\u00e1sokhoz. Az ilyen hengerek gy\u00e1rt\u00e1sa sor\u00e1n alkalmazott hegeszt\u00e9si elj\u00e1r\u00e1s biztos\u00edtja, hogy a henger mentes legyen a gyenge pontokt\u00f3l, \u00e9s ellen\u00e1lljon a nagy nyom\u00e1snak \u00e9s terhel\u00e9snek.<\/li>\n<\/ul>\n<\/li>\n<\/ul>\n<p>Amikor a hengerre nyom\u00e1st gyakorolunk, az egyenletesen oszlik el a teljes fel\u00fcleten, \u00edgy ellen\u00e1ll a deform\u00e1ci\u00f3nak. Ez a tulajdons\u00e1g biztos\u00edtja, hogy a henger extr\u00e9m k\u00f6r\u00fclm\u00e9nyek k\u00f6z\u00f6tt is megtartsa alakj\u00e1t \u00e9s szerkezeti integrit\u00e1s\u00e1t.<\/p>\n<ul>\n<li style=\"list-style-type: none;\">\n<ul>\n<li><strong>Sziv\u00e1rg\u00e1smegel\u0151z\u00e9s:<\/strong> A hegesztett T-idom\u00fa palackokat a sziv\u00e1rg\u00e1s megakad\u00e1lyoz\u00e1s\u00e1ra tervezt\u00e9k. A gy\u00e1rt\u00e1si folyamat sor\u00e1n alkalmazott hegeszt\u00e9si elj\u00e1r\u00e1s biztos\u00edtja, hogy a palack teljesen t\u00f6m\u00edtett \u00e9s mentes legyen minden lehets\u00e9ges sziv\u00e1rg\u00e1st\u00f3l. Ez a tulajdons\u00e1g alkalmass\u00e1 teszi \u0151ket olyan alkalmaz\u00e1sokhoz, ahol a sziv\u00e1rg\u00e1s s\u00falyos k\u00e1rokat vagy s\u00e9r\u00fcl\u00e9seket okozhat.<\/li>\n<\/ul>\n<\/li>\n<\/ul>\n<p>A hegesztett illeszt\u00e9sek sim\u00e1k, reped\u00e9sek vagy hornyok n\u00e9lk\u00fcl, ahol t\u00f6rmel\u00e9k vagy szennyez\u0151d\u00e9s felhalmoz\u00f3dhatna, cs\u00f6kkentve a korr\u00f3zi\u00f3 \u00e9s a henger k\u00e1rosod\u00e1s\u00e1nak kock\u00e1zat\u00e1t.<\/p>\n<ul>\n<li style=\"list-style-type: none;\">\n<ul>\n<li><strong>Testreszabhat\u00f3:<\/strong> A hegesztett T-idom\u00fa hengerek testreszabhat\u00f3k az adott alkalmaz\u00e1sokhoz. A hengerek k\u00fcl\u00f6nb\u00f6z\u0151 m\u00e9retekben \u00e9s form\u00e1kban kaphat\u00f3k, \u00e9s az alkalmaz\u00e1s konkr\u00e9t k\u00f6vetelm\u00e9nyeinek megfelel\u0151en gy\u00e1rthat\u00f3k.<\/li>\n<\/ul>\n<\/li>\n<\/ul>\n<p>A testreszab\u00e1si folyamat lehet\u0151v\u00e9 teszi a henger teljes\u00edtm\u00e9ny\u00e9nek optimaliz\u00e1l\u00e1s\u00e1t, biztos\u00edtva, hogy az megfeleljen a k\u00edv\u00e1nt alkalmaz\u00e1snak. Ez a tulajdons\u00e1g teszi a hegesztett T-idom\u00fa hengereket ide\u00e1liss\u00e1 k\u00fcl\u00f6nf\u00e9le ipari alkalmaz\u00e1sokhoz, bele\u00e9rtve az \u00e9p\u00edt\u0151iparban, a b\u00e1ny\u00e1szatban \u00e9s az anyagmozgat\u00e1sban val\u00f3 haszn\u00e1latra.<\/p>\n<ul>\n<li style=\"list-style-type: none;\">\n<ul>\n<li><strong>K\u00f6lts\u00e9ghat\u00e9kony:<\/strong> A hegesztett T-idom\u00fa hengerek k\u00f6lts\u00e9ghat\u00e9konyabbak m\u00e1s t\u00edpus\u00fa hengerekhez k\u00e9pest. Az ilyen hengerek gy\u00e1rt\u00e1si folyamata egyszer\u0171, \u00edgy olcs\u00f3bbak, mint m\u00e1s t\u00edpus\u00fa hengerek.<\/li>\n<\/ul>\n<\/li>\n<\/ul>\n<p>Tov\u00e1bb\u00e1 a hegesztett T-idom\u00fa hengerek nagy szil\u00e1rds\u00e1ga \u00e9s tart\u00f3ss\u00e1ga cs\u00f6kkenti a gyakori jav\u00edt\u00e1sok \u00e9s cser\u00e9k sz\u00fcks\u00e9gess\u00e9g\u00e9t, \u00edgy megtakar\u00edtva a karbantart\u00e1si k\u00f6lts\u00e9geket. Ez a tulajdons\u00e1g n\u00e9pszer\u0171 v\u00e1laszt\u00e1ss\u00e1 teszi \u0151ket sz\u00e1mos ipar\u00e1gban, k\u00fcl\u00f6n\u00f6sen a korl\u00e1tozott k\u00f6lts\u00e9gvet\u00e9ssel rendelkez\u0151k sz\u00e1m\u00e1ra.<\/p>\n<ul>\n<li style=\"list-style-type: none;\">\n<ul>\n<li><strong>Megn\u00f6velt hat\u00e9konys\u00e1g:<\/strong> A hegesztett T-idom\u00fa hengerek rendk\u00edv\u00fcl hat\u00e9konyak \u00e9s eredm\u00e9nyesek. A henger kialak\u00edt\u00e1sa biztos\u00edtja, hogy az alkalmazott er\u0151 k\u00f6zvetlen\u00fcl a terhel\u00e9sre ker\u00fclj\u00f6n \u00e1t, cs\u00f6kkentve az energiavesztes\u00e9get \u00e9s n\u00f6velve a hat\u00e9konys\u00e1got.<\/li>\n<\/ul>\n<\/li>\n<\/ul>\n<p>A hegesztett k\u00f6t\u00e9sek er\u0151sek \u00e9s merevek, minimaliz\u00e1lj\u00e1k az alakv\u00e1ltoz\u00e1st, \u00e9s biztos\u00edtj\u00e1k, hogy a henger extr\u00e9m k\u00f6r\u00fclm\u00e9nyek k\u00f6z\u00f6tt is megtartsa alakj\u00e1t \u00e9s szerkezeti integrit\u00e1s\u00e1t. Ez a tulajdons\u00e1g ide\u00e1liss\u00e1 teszi a hegesztett T-idom\u00fa hengereket olyan alkalmaz\u00e1sokhoz, amelyek nagy hat\u00e9konys\u00e1got \u00e9s megb\u00edzhat\u00f3s\u00e1got ig\u00e9nyelnek.<\/p>\n<h2>Hegesztett p\u00f3l\u00f3 t\u00edpus\u00fa henger alkalmaz\u00e1sa<\/h2>\n<h3>Bevezet\u00e9s<\/h3>\n<p>A hegesztett T-idom\u00fa henger egy olyan hidraulikus hengert\u00edpus, amelyet gyakran haszn\u00e1lnak ipari alkalmaz\u00e1sokban. \u00dagy tervezt\u00e9k, hogy nagy er\u0151teljes\u00edtm\u00e9nyt biztos\u00edtson kompakt \u00e9s k\u00f6lts\u00e9ghat\u00e9kony kivitelben. Ez a t\u00edpus\u00fa henger egy hegesztett T-idomb\u00f3l \u00e9s egy dugatty\u00far\u00fadb\u00f3l \u00e1ll, amely a T-idomhoz van r\u00f6gz\u00edtve. A T-idom a henger h\u00e1z\u00e1hoz van csatlakoztatva, \u00e9s egy dugatty\u00fat tartalmaz, amely el\u0151re-h\u00e1tra mozog a h\u00e1z belsej\u00e9ben er\u0151t gener\u00e1lva.<\/p>\n<h3>A hegesztett p\u00f3l\u00f3 t\u00edpus\u00fa henger el\u0151nyei<\/h3>\n<p>A hegesztett T-henger ipari alkalmaz\u00e1sokban t\u00f6rt\u00e9n\u0151 haszn\u00e1lat\u00e1nak sz\u00e1mos el\u0151nye van:<\/p>\n<ul>\n<li><b>Kompakt kialak\u00edt\u00e1s:<\/b> A hegesztett T-idom\u00fa hengerek kompakt kialak\u00edt\u00e1s\u00faak, \u00edgy ide\u00e1lisak korl\u00e1tozott helyeken val\u00f3 haszn\u00e1latra.<\/li>\n<li><b>Nagy hat\u00e9konys\u00e1g:<\/b> A hegesztett T-idom\u00fa hengerek rendk\u00edv\u00fcl hat\u00e9konyak, ami azt jelenti, hogy minim\u00e1lis energiabefektet\u00e9ssel nagy er\u0151t tudnak kifejteni.<\/li>\n<li><b>Tart\u00f3s:<\/b> A hegesztett T-idom\u00fa hengereket \u00fagy tervezt\u00e9k, hogy rendk\u00edv\u00fcl tart\u00f3sak legyenek, ami azt jelenti, hogy ellen\u00e1llnak a zord \u00fczemi k\u00f6r\u00fclm\u00e9nyeknek \u00e9s hossz\u00fa ideig kitartanak.<\/li>\n<li><b>K\u00f6lts\u00e9ghat\u00e9kony:<\/b> A hegesztett T-idom\u00fa hengerek k\u00f6lts\u00e9ghat\u00e9konyak, ami azt jelenti, hogy j\u00f3 \u00e1r-\u00e9rt\u00e9k ar\u00e1nyt k\u00e9pviselnek.<\/li>\n<\/ul>\n<h3>Hegesztett p\u00f3l\u00f3 t\u00edpus\u00fa henger alkalmaz\u00e1sai<\/h3>\n<p>A hegesztett T-idom\u00fa hengereknek sz\u00e1mos alkalmaz\u00e1si ter\u00fclete van a k\u00fcl\u00f6nb\u00f6z\u0151 ipar\u00e1gakban, bele\u00e9rtve:<\/p>\n<ul>\n<li><b>Gy\u00e1rt\u00e1s:<\/b> A hegesztett T-idom\u00fa hengereket a gy\u00e1rt\u00e1sban g\u00e9pek m\u0171k\u00f6dtet\u00e9s\u00e9re, neh\u00e9z terhek mozgat\u00e1s\u00e1ra \u00e9s f\u00e9m alkatr\u00e9szek alak\u00edt\u00e1s\u00e1ra haszn\u00e1lj\u00e1k.<\/li>\n<li><b>Mez\u0151gazdas\u00e1g:<\/b> A hegesztett T-idom\u00fa hengereket a mez\u0151gazdas\u00e1gban haszn\u00e1lj\u00e1k traktorok, betakar\u00edt\u00f3g\u00e9pek \u00e9s egy\u00e9b mez\u0151gazdas\u00e1gi berendez\u00e9sek hidraulikus rendszereinek m\u0171k\u00f6dtet\u00e9s\u00e9re.<\/li>\n<li><b>\u00c9p\u00edt\u00e9s:<\/b> A hegesztett T-idom\u00fa hengereket az \u00e9p\u00edt\u0151iparban haszn\u00e1lj\u00e1k olyan g\u00e9pek m\u0171k\u00f6dtet\u00e9s\u00e9re, mint a daruk, kotr\u00f3g\u00e9pek \u00e9s kotr\u00f3g\u00e9pek.<\/li>\n<li><b>B\u00e1ny\u00e1szati:<\/b> A hegesztett p\u00f3l\u00f3 t\u00edpus\u00fa hengereket a b\u00e1ny\u00e1szatban haszn\u00e1lj\u00e1k neh\u00e9zg\u00e9pek, p\u00e9ld\u00e1ul buld\u00f3zerek, rakod\u00f3g\u00e9pek \u00e9s k\u0151zetf\u00far\u00f3k hidraulikus rendszereinek m\u0171k\u00f6dtet\u00e9s\u00e9re.<\/li>\n<li><b>Sz\u00e1ll\u00edt\u00e1s:<\/b> A hegesztett T-idom\u00fa hengereket a sz\u00e1ll\u00edtm\u00e1nyoz\u00e1sban haszn\u00e1lj\u00e1k teheraut\u00f3k, buszok \u00e9s egy\u00e9b j\u00e1rm\u0171vek hidraulikus rendszereinek m\u0171k\u00f6dtet\u00e9s\u00e9re.<\/li>\n<\/ul>\n<p>\u00d6sszefoglalva, a hegesztett T-idom\u00fa hengerek fontos alkot\u00f3elemei sz\u00e1mos ipari alkalmaz\u00e1snak. Kompakt, hat\u00e9kony, tart\u00f3s \u00e9s k\u00f6lts\u00e9ghat\u00e9kony kialak\u00edt\u00e1suknak k\u00f6sz\u00f6nhet\u0151en ide\u00e1lis v\u00e1laszt\u00e1st jelentenek sz\u00e1mos alkalmaz\u00e1shoz. Ak\u00e1r gy\u00e1rt\u00f3\u00fczemben g\u00e9peket, ak\u00e1r farmon mez\u0151gazdas\u00e1gi berendez\u00e9seket, ak\u00e1r b\u00e1ny\u00e1ban neh\u00e9zg\u00e9peket \u00fczemeltet, a hegesztett T-idom\u00fa hengerek seg\u00edthetnek a munka hat\u00e9kony \u00e9s eredm\u00e9nyes elv\u00e9gz\u00e9s\u00e9ben.<\/p>\n<p><img loading=\"lazy\" decoding=\"async\" class=\"size-full wp-image-974 aligncenter\" src=\"https:\/\/fmp-components.com\/wp-content\/uploads\/2024\/12\/application-of-Welded-Tee-Type-Cylinder.webp\" alt=\"Hegesztett T-idom\u00fa henger alkalmaz\u00e1sa\" width=\"760\" height=\"860\" title=\"\" srcset=\"https:\/\/fmp-components.com\/wp-content\/uploads\/2024\/12\/application-of-Welded-Tee-Type-Cylinder.webp 760w, https:\/\/fmp-components.com\/wp-content\/uploads\/2024\/12\/application-of-Welded-Tee-Type-Cylinder-480x543.webp 480w\" sizes=\"(min-width: 0px) and (max-width: 480px) 480px, (min-width: 481px) 760px, 100vw\" \/><\/p>\n<h3>Az FMP-r\u0151l<\/h3>\n<p>Az FMP egy professzion\u00e1lis gy\u00e1rt\u00f3ja \u00e9s forgalmaz\u00f3ja k\u00fcl\u00f6nf\u00e9le t\u00edpus\u00fa hidraulikus hengereknek, t\u00f6bb mint 30 \u00e9ves tapasztalattal, Olaszorsz\u00e1gban. T\u00f6bb mint 100 berendez\u00e9ssel rendelkez\u00fcnk, bele\u00e9rtve az automatikus g\u00e1zv\u00e9d\u0151g\u00e1zas hegeszt\u0151g\u00e9peket, m\u00e9lyf\u00far\u00f3 g\u00e9peket, CNC eszterg\u00e1kat, hengeres k\u00f6sz\u00f6r\u0171ket, automatikus tiszt\u00edt\u00f3g\u00e9peket, automatikus szerel\u0151g\u00e9peket, automatikus hidraulikus henger teljes\u00edtm\u00e9nym\u00e9r\u0151 padokat, automatikus fest\u0151sorokat \u00e9s egyebeket.<\/p>\n<p>Hidraulikus hengereink a legmagasabb min\u0151s\u00e9g\u0171ek, szigor\u00fa megmunk\u00e1l\u00e1son \u00e9s ellen\u0151rz\u00e9sen estek \u00e1t, hogy \u00fcgyfeleink sz\u00e1m\u00e1ra a legjobb teljes\u00edtm\u00e9nyt biztos\u00edtsuk. Sz\u00e9les term\u00e9kv\u00e1laszt\u00e9kot k\u00edn\u00e1lunk, bele\u00e9rtve:<\/p>\n<ul>\n<li>Hidraulikus henger<\/li>\n<li>Hidraulikus henger f\u00fclbeval\u00f3 henger<\/li>\n<li>K\u00e9tir\u00e1ny\u00fa automatikus teleszk\u00f3pos hidraulikus henger<\/li>\n<\/ul>\n<p>\u00cdme \u00f6t ok, ami\u00e9rt \u00e9rdemes az FMP-t v\u00e1lasztania:<\/p>\n<ol>\n<li><strong>Tervez\u00e9si szolg\u00e1ltat\u00e1s:<\/strong> Tapasztalt tervez\u0151csapatunk seg\u00edts\u00e9get ny\u00fajt \u00faj term\u00e9kek l\u00e9trehoz\u00e1s\u00e1ban vagy a megl\u00e9v\u0151k fejleszt\u00e9s\u00e9ben az \u00d6n ig\u00e9nyeinek megfelel\u0151en.<\/li>\n<li><strong>Term\u00e9kszolg\u00e1ltat\u00e1s:<\/strong> A nyersanyagokt\u00f3l a sz\u00e1ll\u00edt\u00e1sig term\u00e9keink szigor\u00fa min\u0151s\u00e9gellen\u0151rz\u00e9sen \u00e9s \u00f6sszeszerel\u00e9sen esnek \u00e1t.<\/li>\n<li><strong>Mintafolyamat:<\/strong> Az \u00d6n ig\u00e9nyei szerint tudunk mint\u00e1kat k\u00e9sz\u00edteni, \u00e9s azokat az \u00d6n ig\u00e9nyeinek megfelel\u0151en m\u00f3dos\u00edtani.<\/li>\n<li><strong>K+F:<\/strong> Folyamatosan kutatjuk az \u00faj piaci ig\u00e9nyeket \u00e9s \u00faj modelleket fejleszt\u00fcnk, hogy megel\u0151zz\u00fck a versenyt\u00e1rsainkat.<\/li>\n<li><strong>Kiv\u00e1l\u00f3 min\u0151s\u00e9g\u0171 term\u00e9kek:<\/strong> Hidraulikus hengereink min\u0151s\u00e9gi anyagokb\u00f3l k\u00e9sz\u00fclnek, szigor\u00fa megmunk\u00e1l\u00e1son \u00e9s ellen\u0151rz\u00e9sen esnek \u00e1t, \u00edgy biztos\u00edtva a legjobb teljes\u00edtm\u00e9nyt \u00e9s hossz\u00fa \u00e9lettartamot a befektet\u00e9s\u00e9\u00e9rt.<\/li>\n<\/ol>\n<p>Az FMP-n\u00e9l elk\u00f6telezettek vagyunk amellett, hogy \u00fcgyfeleinknek a piacon el\u00e9rhet\u0151 legjobb hidraulikus hengereket biztos\u00edtsuk. L\u00e9pjen kapcsolatba vel\u00fcnk m\u00e9g ma, hogy t\u00f6bbet megtudjon term\u00e9keinkr\u0151l \u00e9s arr\u00f3l, hogyan seg\u00edthet\u00fcnk \u00d6nnek hidraulikus hengerekkel kapcsolatos ig\u00e9nyeinek kiel\u00e9g\u00edt\u00e9s\u00e9ben.<\/p>\n<p><img decoding=\"async\" src=\"https:\/\/fmp-components.com\/wp-content\/uploads\/2024\/12\/fmp-factory-4.webp\" alt=\"FMP gy\u00e1r\" width=\"800\" title=\"\"><br \/>\nSzerz\u0151: CX<\/p>","protected":false},"excerpt":{"rendered":"<p>The 10015 Factory Price Small Double Acting Hydraulic Piston Cylinder is specifically designed to meet the demanding needs of agricultural applications. Combining high performance with affordability, this hydraulic cylinder is an essential tool for enhancing efficiency and productivity in farming operations. Key Features: Double Acting Mechanism: This hydraulic piston cylinder operates in both extension and [&hellip;]<\/p>","protected":false},"featured_media":1132,"comment_status":"closed","ping_status":"closed","template":"","meta":{"_et_pb_use_builder":"","_et_pb_old_content":"","_et_gb_content_width":""},"product_brand":[],"product_cat":[31],"product_tag":[34,35],"class_list":{"0":"post-935","1":"product","2":"type-product","3":"status-publish","4":"has-post-thumbnail","6":"product_cat-welded-tee-type-cylinder","7":"product_tag-hydraulic-cylinder","8":"product_tag-welded-tee-type-cylinder","10":"first","11":"instock","12":"product-type-simple"},"_links":{"self":[{"href":"https:\/\/fmp-components.com\/hu\/wp-json\/wp\/v2\/product\/935","targetHints":{"allow":["GET"]}}],"collection":[{"href":"https:\/\/fmp-components.com\/hu\/wp-json\/wp\/v2\/product"}],"about":[{"href":"https:\/\/fmp-components.com\/hu\/wp-json\/wp\/v2\/types\/product"}],"replies":[{"embeddable":true,"href":"https:\/\/fmp-components.com\/hu\/wp-json\/wp\/v2\/comments?post=935"}],"wp:featuredmedia":[{"embeddable":true,"href":"https:\/\/fmp-components.com\/hu\/wp-json\/wp\/v2\/media\/1132"}],"wp:attachment":[{"href":"https:\/\/fmp-components.com\/hu\/wp-json\/wp\/v2\/media?parent=935"}],"wp:term":[{"taxonomy":"product_brand","embeddable":true,"href":"https:\/\/fmp-components.com\/hu\/wp-json\/wp\/v2\/product_brand?post=935"},{"taxonomy":"product_cat","embeddable":true,"href":"https:\/\/fmp-components.com\/hu\/wp-json\/wp\/v2\/product_cat?post=935"},{"taxonomy":"product_tag","embeddable":true,"href":"https:\/\/fmp-components.com\/hu\/wp-json\/wp\/v2\/product_tag?post=935"}],"curies":[{"name":"munkaf\u00fczet","href":"https:\/\/api.w.org\/{rel}","templated":true}]}}