{"id":931,"date":"2024-12-19T03:39:00","date_gmt":"2024-12-19T03:39:00","guid":{"rendered":"https:\/\/fmp-components.com\/product\/10011-excellent-quality-stainless-steel-hydraulic-cylinder-small-double-acting-hydraulic-cylinder-for-agriculture\/"},"modified":"2024-12-19T09:02:26","modified_gmt":"2024-12-19T09:02:26","slug":"10011-excellent-quality-stainless-steel-hydraulic-cylinder-small-double-acting-hydraulic-cylinder-for-agriculture","status":"publish","type":"product","link":"https:\/\/fmp-components.com\/hu\/product\/10011-excellent-quality-stainless-steel-hydraulic-cylinder-small-double-acting-hydraulic-cylinder-for-agriculture\/","title":{"rendered":"10011 Kiv\u00e1l\u00f3 min\u0151s\u00e9g\u0171 rozsdamentes ac\u00e9l hidraulikus henger Kis kett\u0151s m\u0171k\u00f6d\u00e9s\u0171 hidraulikus henger mez\u0151gazdas\u00e1ghoz"},"content":{"rendered":"<p>A 10011 kiv\u00e1l\u00f3 min\u0151s\u00e9g\u0171 rozsdamentes ac\u00e9lb\u00f3l k\u00e9sz\u00fclt, kism\u00e9ret\u0171, kett\u0151s m\u0171k\u00f6d\u00e9s\u0171 hidraulikus henger kifejezetten a mez\u0151gazdas\u00e1gi alkalmaz\u00e1sok szigor\u00fa k\u00f6vetelm\u00e9nyeinek kiel\u00e9g\u00edt\u00e9s\u00e9re k\u00e9sz\u00fclt. A tart\u00f3ss\u00e1gra \u00e9s hat\u00e9konys\u00e1gra tervezett hidraulikus henger n\u00e9lk\u00fcl\u00f6zhetetlen eszk\u00f6z a mez\u0151gazdas\u00e1gi m\u0171veletek termel\u00e9kenys\u00e9g\u00e9nek n\u00f6vel\u00e9s\u00e9hez.<\/p>\n<p><img loading=\"lazy\" decoding=\"async\" class=\"size-full wp-image-977 aligncenter\" src=\"https:\/\/fmp-components.com\/wp-content\/uploads\/2024\/12\/Welded-Tee-Type-Cylinder3.webp\" alt=\"Hegesztett p\u00f3l\u00f3 t\u00edpus\u00fa henger\" width=\"653\" height=\"600\" title=\"\" srcset=\"https:\/\/fmp-components.com\/wp-content\/uploads\/2024\/12\/Welded-Tee-Type-Cylinder3.webp 653w, https:\/\/fmp-components.com\/wp-content\/uploads\/2024\/12\/Welded-Tee-Type-Cylinder3-480x441.webp 480w\" sizes=\"(min-width: 0px) and (max-width: 480px) 480px, (min-width: 481px) 653px, 100vw\" \/><\/p>\n<h4>F\u0151bb jellemz\u0151k:<\/h4>\n<ul>\n<li><strong>Kett\u0151s m\u0171k\u00f6d\u00e9s\u0171 kialak\u00edt\u00e1s:<\/strong><br \/>\nEz a hidraulikus henger mind kiny\u00fajt\u00e1s, mind visszah\u00faz\u00e1s \u00fczemm\u00f3dban m\u0171k\u00f6dik, \u00edgy sokoldal\u00fa funkcionalit\u00e1st biztos\u00edt. A kett\u0151s m\u0171k\u00f6d\u00e9s\u0171 mechanizmus megb\u00edzhat\u00f3 \u00e9s szab\u00e1lyozott mozg\u00e1st biztos\u00edt, \u00edgy t\u00f6k\u00e9letes olyan feladatokhoz, mint a mez\u0151gazdas\u00e1gi berendez\u00e9sek emel\u00e9se, tol\u00e1sa \u00e9s h\u00faz\u00e1sa.<\/li>\n<li><strong>Rozsdamentes ac\u00e9l szerkezet:<\/strong><br \/>\nKiv\u00e1l\u00f3 min\u0151s\u00e9g\u0171 rozsdamentes ac\u00e9lb\u00f3l k\u00e9sz\u00fclt, ez a hidraulikus henger kiv\u00e9teles ellen\u00e1ll\u00e1st biztos\u00edt a korr\u00f3zi\u00f3val \u00e9s a kop\u00e1ssal szemben. Tart\u00f3s konstrukci\u00f3ja hossz\u00fa \u00e9lettartamot biztos\u00edt, m\u00e9g a mez\u0151gazdas\u00e1gi k\u00f6rnyezetben gyakran el\u0151fordul\u00f3 zord k\u00fclt\u00e9ri k\u00f6r\u00fclm\u00e9nyek k\u00f6z\u00f6tt is.<\/li>\n<li><strong>Kompakt m\u00e9ret:<\/strong><br \/>\nA hidraulikus henger kis kialak\u00edt\u00e1sa lehet\u0151v\u00e9 teszi a k\u00f6nny\u0171 telep\u00edt\u00e9st sz\u0171k helyeken a teljes\u00edtm\u00e9ny fel\u00e1ldoz\u00e1sa n\u00e9lk\u00fcl. Ez a kompakt m\u00e9ret ide\u00e1liss\u00e1 teszi k\u00fcl\u00f6nf\u00e9le mez\u0151gazdas\u00e1gi g\u00e9pekben, bele\u00e9rtve a traktorokat, betakar\u00edt\u00f3g\u00e9peket \u00e9s egy\u00e9b berendez\u00e9seket.<\/li>\n<li><strong>Nagy teherb\u00edr\u00e1s:<\/strong><br \/>\nA jelent\u0151s terhel\u00e9sek kezel\u00e9s\u00e9re tervezett 10011 hidraulikus henger nagy er\u0151t biztos\u00edt, ami elengedhetetlen a hat\u00e9kony m\u0171k\u00f6d\u00e9shez a neh\u00e9z mez\u0151gazdas\u00e1gi feladatokban. Nagy teherb\u00edr\u00e1sa alkalmass\u00e1 teszi sz\u00e1mos alkalmaz\u00e1sra, a neh\u00e9z munkag\u00e9pek emel\u00e9s\u00e9t\u0151l a kieg\u00e9sz\u00edt\u0151k kezel\u00e9s\u00e9ig.<\/li>\n<li><strong>Sokoldal\u00fa alkalmaz\u00e1sok:<\/strong><br \/>\nEz a hidraulikus henger k\u00fcl\u00f6nf\u00e9le mez\u0151gazdas\u00e1gi alkalmaz\u00e1sokhoz alkalmas, bele\u00e9rtve a talajm\u0171vel\u00e9st, az \u00fcltet\u00e9st \u00e9s a betakar\u00edt\u00e1st. Megb\u00edzhat\u00f3s\u00e1ga \u00e9s teljes\u00edtm\u00e9nye \u00e9rt\u00e9kes kieg\u00e9sz\u00edt\u0151je b\u00e1rmilyen mez\u0151gazdas\u00e1gi tev\u00e9kenys\u00e9gnek.<\/li>\n<\/ul>\n<h4>M\u0171szaki adatok:<\/h4>\n<table style=\"width: 96.5357%; height: 232px;\">\n<thead>\n<tr>\n<th>Specifik\u00e1ci\u00f3<\/th>\n<th>Le\u00edr\u00e1s<\/th>\n<\/tr>\n<\/thead>\n<tbody>\n<tr>\n<td><strong>Furatm\u00e9ret<\/strong><\/td>\n<td>Testreszabhat\u00f3<\/td>\n<\/tr>\n<tr>\n<td><strong>L\u00f6kethossz<\/strong><\/td>\n<td>K\u00fcl\u00f6nb\u00f6z\u0151 lehet\u0151s\u00e9gek \u00e1llnak rendelkez\u00e9sre<\/td>\n<\/tr>\n<tr>\n<td><strong>Maxim\u00e1lis nyom\u00e1s<\/strong><\/td>\n<td>Ak\u00e1r 3000 PSI<\/td>\n<\/tr>\n<tr>\n<td><strong>Anyag<\/strong><\/td>\n<td>Kiv\u00e1l\u00f3 min\u0151s\u00e9g\u0171 rozsdamentes ac\u00e9l<\/td>\n<\/tr>\n<tr>\n<td><strong>Kapcsolat t\u00edpusa<\/strong><\/td>\n<td>Karim\u00e1s vagy menetes<\/td>\n<\/tr>\n<\/tbody>\n<\/table>\n<h4>M\u0171k\u00f6d\u00e9si elv:<\/h4>\n<p>A 10011-es kism\u00e9ret\u0171, kett\u0151s m\u0171k\u00f6d\u00e9s\u0171 hidraulikus henger a hidraulikafolyad\u00e9k nyom\u00e1s\u00e1nak elv\u00e9n m\u0171k\u00f6dik. Amikor a hidraulikafolyad\u00e9kot a hengerbe pump\u00e1lj\u00e1k, az nyom\u00e1st fejt ki a dugatty\u00fara, mindk\u00e9t ir\u00e1nyban line\u00e1ris er\u0151t gener\u00e1lva. Ez a k\u00e9tir\u00e1ny\u00fa k\u00e9pess\u00e9g lehet\u0151v\u00e9 teszi a sima \u00e9s hat\u00e9kony m\u0171k\u00f6d\u00e9st, \u00edgy n\u00e9lk\u00fcl\u00f6zhetetlen alkatr\u00e9sz a mez\u0151gazdas\u00e1gi g\u00e9pekben.<\/p>\n<p>\u00d6sszefoglalva, a 10011 kiv\u00e1l\u00f3 min\u0151s\u00e9g\u0171 rozsdamentes ac\u00e9lb\u00f3l k\u00e9sz\u00fclt, kism\u00e9ret\u0171, kett\u0151s m\u0171k\u00f6d\u00e9s\u0171 hidraulikus henger robusztus \u00e9s hat\u00e9kony megold\u00e1s mez\u0151gazdas\u00e1gi alkalmaz\u00e1sokhoz. Egyedi tulajdons\u00e1gai, bele\u00e9rtve a kett\u0151s m\u0171k\u00f6d\u00e9s\u0171 kialak\u00edt\u00e1st, a rozsdamentes ac\u00e9l konstrukci\u00f3t \u00e9s a nagy teherb\u00edr\u00e1st, n\u00e9lk\u00fcl\u00f6zhetetlen eszk\u00f6zz\u00e9 teszik a mez\u0151gazdas\u00e1gi m\u0171veletek termel\u00e9kenys\u00e9g\u00e9nek \u00e9s megb\u00edzhat\u00f3s\u00e1g\u00e1nak n\u00f6vel\u00e9s\u00e9ben.<\/p>\n<p>&nbsp;<\/p>\n<p><img decoding=\"async\" src=\"https:\/\/hzpt.com\/wp-content\/uploads\/2023\/12\/random-2.webp\" alt=\"\" title=\"\"><\/p>\n<h3>Hidraulikus henger\u00fcnk el\u0151nyei<\/h3>\n<p>Hidraulikus henger\u00fcnk sz\u00e1mos egyedi el\u0151nyt k\u00edn\u00e1l, amelyek c\u00e9lja a mez\u0151gazdas\u00e1gi m\u0171veletek optimaliz\u00e1l\u00e1sa. Az egyik legjelent\u0151sebb el\u0151ny a <strong>energiahat\u00e9konys\u00e1g<\/strong>Fejlett m\u00e9rn\u00f6ki \u00e9s formatervez\u00e9si megold\u00e1soknak k\u00f6sz\u00f6nhet\u0151en hidraulikus henger\u00fcnk minimaliz\u00e1lja az energiafogyaszt\u00e1st, mik\u00f6zben magas szint\u0171 teljes\u00edtm\u00e9nyt ny\u00fajt. Ez nemcsak az \u00fczemeltet\u00e9si k\u00f6lts\u00e9gek cs\u00f6kken\u00e9s\u00e9hez vezet, hanem a fenntarthat\u00f3s\u00e1gi kezdem\u00e9nyez\u00e9seket is t\u00e1mogatja az\u00e1ltal, hogy cs\u00f6kkenti a mez\u0151gazdas\u00e1gi tev\u00e9kenys\u00e9gek teljes sz\u00e9nl\u00e1bnyom\u00e1t.<\/p>\n<p>Az energiahat\u00e9konys\u00e1g mellett hidraulikus henger\u00fcnk arr\u00f3l is h\u00edres, hogy <strong>nagy teljes\u00edtm\u00e9ny\u0171<\/strong>Nagy er\u0151t \u00e9s prec\u00edz vez\u00e9rl\u00e9st biztos\u00edt, lehet\u0151v\u00e9 t\u00e9ve a kezel\u0151k sz\u00e1m\u00e1ra, hogy pontosan \u00e9s gyorsan v\u00e9gezz\u00e9k el a feladatokat. Ak\u00e1r neh\u00e9z terhek emel\u00e9s\u00e9r\u0151l, a berendez\u00e9sek helyzet\u00e9nek be\u00e1ll\u00edt\u00e1s\u00e1r\u00f3l vagy finom mozdulatok v\u00e9grehajt\u00e1s\u00e1r\u00f3l van sz\u00f3, hidraulikus henger\u00fcnk biztos\u00edtja, hogy a mez\u0151gazdas\u00e1gi g\u00e9pek cs\u00facshat\u00e9konys\u00e1ggal m\u0171k\u00f6djenek. Ez a megn\u00f6velt teljes\u00edtm\u00e9ny fokozott termel\u00e9kenys\u00e9get eredm\u00e9nyez, lehet\u0151v\u00e9 t\u00e9ve a gazd\u00e1lkod\u00f3k sz\u00e1m\u00e1ra, hogy kevesebb id\u0151 alatt t\u00f6bbet \u00e9rjenek el.<\/p>\n<p>A biztons\u00e1g hidraulikus henger\u00fcnk egy m\u00e1sik kritikus el\u0151nye. T\u00f6bb biztons\u00e1gi funkci\u00f3val tervezve biztons\u00e1gos m\u0171k\u00f6d\u00e9st biztos\u00edt m\u00e9g neh\u00e9z k\u00f6r\u00fclm\u00e9nyek k\u00f6z\u00f6tt is. Ezek a funkci\u00f3k seg\u00edtenek megel\u0151zni a baleseteket \u00e9s a berendez\u00e9s meghib\u00e1sod\u00e1sait, biztos\u00edtva mind a kezel\u0151k, mind a g\u00e9pek biztons\u00e1g\u00e1t. A biztons\u00e1g el\u0151t\u00e9rbe helyez\u00e9s\u00e9vel hidraulikus henger\u00fcnk megb\u00edzhat\u00f3 munkak\u00f6rnyezetet teremt, ami elengedhetetlen a mez\u0151gazdas\u00e1g gyors temp\u00f3j\u00fa vil\u00e1g\u00e1ban.<\/p>\n<h3>Hidraulikus rendszer \u00e9s m\u0171k\u00f6d\u00e9si elv<\/h3>\n<p>Hidraulikus henger\u00fcnk a folyad\u00e9kenergia elv\u00e9n m\u0171k\u00f6dik, amely hat\u00e9konyan hasznos\u00edtja a hidraulikafolyad\u00e9kot mechanikai feladatok elv\u00e9gz\u00e9s\u00e9re mez\u0151gazdas\u00e1gi k\u00f6rnyezetben. A rendszer \u00fagy m\u0171k\u00f6dik, hogy hidraulikafolyad\u00e9kot pump\u00e1l a hengerbe, ahol nyom\u00e1st fejt ki egy dugatty\u00fara. Ez a nyom\u00e1s line\u00e1ris er\u0151t gener\u00e1l, lehet\u0151v\u00e9 t\u00e9ve a henger sima kiny\u00fal\u00e1s\u00e1t \u00e9s visszah\u00faz\u00f3d\u00e1s\u00e1t.<\/p>\n<p>A hidraulikus rendszert \u00fagy tervezt\u00e9k, hogy egyenletes \u00e9s szab\u00e1lyozott mozg\u00e1st biztos\u00edtson, \u00edgy ide\u00e1lis k\u00fcl\u00f6nf\u00e9le mez\u0151gazdas\u00e1gi alkalmaz\u00e1sokhoz, p\u00e9ld\u00e1ul talajm\u0171vel\u00e9shez, emel\u00e9shez \u00e9s neh\u00e9z munkag\u00e9pek mozgat\u00e1s\u00e1hoz. A hidraulikus folyad\u00e9k \u00e1raml\u00e1s\u00e1nak \u00e9s nyom\u00e1s\u00e1nak szab\u00e1lyoz\u00e1si k\u00e9pess\u00e9ge lehet\u0151v\u00e9 teszi a kezel\u0151k sz\u00e1m\u00e1ra a prec\u00edz mozg\u00e1sok el\u00e9r\u00e9s\u00e9t, n\u00f6velve a mez\u0151gazdas\u00e1gi g\u00e9pek \u00e1ltal\u00e1nos hat\u00e9konys\u00e1g\u00e1t.<\/p>\n<p>Tov\u00e1bb\u00e1 a hidraulikus rendszer sokoldal\u00fas\u00e1ga lehet\u0151v\u00e9 teszi, hogy k\u00fcl\u00f6nf\u00e9le berendez\u00e9sekbe integr\u00e1lhat\u00f3 legyen, a traktorokt\u00f3l a betakar\u00edt\u00f3g\u00e9pekig. Ez az alkalmazkod\u00f3k\u00e9pess\u00e9g azt jelenti, hogy hidraulikus henger\u00fcnk k\u00fcl\u00f6nb\u00f6z\u0151 mez\u0151gazdas\u00e1gi feladatokhoz haszn\u00e1lhat\u00f3, \u00edgy a gazd\u00e1lkod\u00f3k sz\u00e1m\u00e1ra megb\u00edzhat\u00f3 eszk\u00f6zt biztos\u00edt, amely n\u00f6veli a m\u0171k\u00f6d\u00e9si hat\u00e9konys\u00e1got.<\/p>\n<p>\u00d6sszefoglalva, hidraulikus henger\u00fcnk el\u0151nyei, bele\u00e9rtve az energiahat\u00e9konys\u00e1got, a nagy teljes\u00edtm\u00e9nyt \u00e9s a biztons\u00e1got, jelent\u0151sen hozz\u00e1j\u00e1rulnak a mez\u0151gazdas\u00e1gi m\u0171veletek termel\u00e9kenys\u00e9g\u00e9hez \u00e9s hat\u00e9konys\u00e1g\u00e1hoz. A hidraulikus energia elv\u00e9n alapul\u00f3 m\u0171k\u00f6d\u00e9se biztos\u00edtja, hogy megfeleljen a modern gazd\u00e1lkod\u00e1s ig\u00e9nyes ig\u00e9nyeinek, \u00edgy elengedhetetlen eleme a mez\u0151gazdas\u00e1gi sikerek el\u00e9r\u00e9s\u00e9nek.<\/p>\n<p><img decoding=\"async\" src=\"https:\/\/hzpt.com\/wp-content\/uploads\/2023\/12\/random-3.webp\" alt=\"\" title=\"\"><\/p>\n<h2>A hegesztett p\u00f3l\u00f3 t\u00edpus\u00fa henger el\u0151nyei<\/h2>\n<ul>\n<li style=\"list-style-type: none;\">\n<ul>\n<li><strong>Megn\u00f6velt er\u0151:<\/strong> A hegesztett T-idom\u00fa hengerek nagy szil\u00e1rds\u00e1gukr\u00f3l ismertek, \u00edgy alkalmasak neh\u00e9z emel\u00e9st ig\u00e9nyl\u0151 alkalmaz\u00e1sokhoz. Az ilyen hengerek gy\u00e1rt\u00e1sa sor\u00e1n alkalmazott hegeszt\u00e9si elj\u00e1r\u00e1s biztos\u00edtja, hogy a henger mentes legyen a gyenge pontokt\u00f3l, \u00e9s ellen\u00e1lljon a nagy nyom\u00e1snak \u00e9s terhel\u00e9snek.<\/li>\n<\/ul>\n<\/li>\n<\/ul>\n<p>Amikor a hengerre nyom\u00e1st gyakorolunk, az egyenletesen oszlik el a teljes fel\u00fcleten, \u00edgy ellen\u00e1ll a deform\u00e1ci\u00f3nak. Ez a tulajdons\u00e1g biztos\u00edtja, hogy a henger extr\u00e9m k\u00f6r\u00fclm\u00e9nyek k\u00f6z\u00f6tt is megtartsa alakj\u00e1t \u00e9s szerkezeti integrit\u00e1s\u00e1t.<\/p>\n<ul>\n<li style=\"list-style-type: none;\">\n<ul>\n<li><strong>Sziv\u00e1rg\u00e1smegel\u0151z\u00e9s:<\/strong> A hegesztett T-idom\u00fa palackokat a sziv\u00e1rg\u00e1s megakad\u00e1lyoz\u00e1s\u00e1ra tervezt\u00e9k. A gy\u00e1rt\u00e1si folyamat sor\u00e1n alkalmazott hegeszt\u00e9si elj\u00e1r\u00e1s biztos\u00edtja, hogy a palack teljesen t\u00f6m\u00edtett \u00e9s mentes legyen minden lehets\u00e9ges sziv\u00e1rg\u00e1st\u00f3l. Ez a tulajdons\u00e1g alkalmass\u00e1 teszi \u0151ket olyan alkalmaz\u00e1sokhoz, ahol a sziv\u00e1rg\u00e1s s\u00falyos k\u00e1rokat vagy s\u00e9r\u00fcl\u00e9seket okozhat.<\/li>\n<\/ul>\n<\/li>\n<\/ul>\n<p>A hegesztett illeszt\u00e9sek sim\u00e1k, reped\u00e9sek vagy hornyok n\u00e9lk\u00fcl, ahol t\u00f6rmel\u00e9k vagy szennyez\u0151d\u00e9s felhalmoz\u00f3dhatna, cs\u00f6kkentve a korr\u00f3zi\u00f3 \u00e9s a henger k\u00e1rosod\u00e1s\u00e1nak kock\u00e1zat\u00e1t.<\/p>\n<ul>\n<li style=\"list-style-type: none;\">\n<ul>\n<li><strong>Testreszabhat\u00f3:<\/strong> A hegesztett T-idom\u00fa hengerek testreszabhat\u00f3k az adott alkalmaz\u00e1sokhoz. A hengerek k\u00fcl\u00f6nb\u00f6z\u0151 m\u00e9retekben \u00e9s form\u00e1kban kaphat\u00f3k, \u00e9s az alkalmaz\u00e1s konkr\u00e9t k\u00f6vetelm\u00e9nyeinek megfelel\u0151en gy\u00e1rthat\u00f3k.<\/li>\n<\/ul>\n<\/li>\n<\/ul>\n<p>A testreszab\u00e1si folyamat lehet\u0151v\u00e9 teszi a henger teljes\u00edtm\u00e9ny\u00e9nek optimaliz\u00e1l\u00e1s\u00e1t, biztos\u00edtva, hogy az megfeleljen a k\u00edv\u00e1nt alkalmaz\u00e1snak. Ez a tulajdons\u00e1g teszi a hegesztett T-idom\u00fa hengereket ide\u00e1liss\u00e1 k\u00fcl\u00f6nf\u00e9le ipari alkalmaz\u00e1sokhoz, bele\u00e9rtve az \u00e9p\u00edt\u0151iparban, a b\u00e1ny\u00e1szatban \u00e9s az anyagmozgat\u00e1sban val\u00f3 haszn\u00e1latra.<\/p>\n<ul>\n<li style=\"list-style-type: none;\">\n<ul>\n<li><strong>K\u00f6lts\u00e9ghat\u00e9kony:<\/strong> A hegesztett T-idom\u00fa hengerek k\u00f6lts\u00e9ghat\u00e9konyabbak m\u00e1s t\u00edpus\u00fa hengerekhez k\u00e9pest. Az ilyen hengerek gy\u00e1rt\u00e1si folyamata egyszer\u0171, \u00edgy olcs\u00f3bbak, mint m\u00e1s t\u00edpus\u00fa hengerek.<\/li>\n<\/ul>\n<\/li>\n<\/ul>\n<p>Tov\u00e1bb\u00e1 a hegesztett T-idom\u00fa hengerek nagy szil\u00e1rds\u00e1ga \u00e9s tart\u00f3ss\u00e1ga cs\u00f6kkenti a gyakori jav\u00edt\u00e1sok \u00e9s cser\u00e9k sz\u00fcks\u00e9gess\u00e9g\u00e9t, \u00edgy megtakar\u00edtva a karbantart\u00e1si k\u00f6lts\u00e9geket. Ez a tulajdons\u00e1g n\u00e9pszer\u0171 v\u00e1laszt\u00e1ss\u00e1 teszi \u0151ket sz\u00e1mos ipar\u00e1gban, k\u00fcl\u00f6n\u00f6sen a korl\u00e1tozott k\u00f6lts\u00e9gvet\u00e9ssel rendelkez\u0151k sz\u00e1m\u00e1ra.<\/p>\n<ul>\n<li style=\"list-style-type: none;\">\n<ul>\n<li><strong>Megn\u00f6velt hat\u00e9konys\u00e1g:<\/strong> A hegesztett T-idom\u00fa hengerek rendk\u00edv\u00fcl hat\u00e9konyak \u00e9s eredm\u00e9nyesek. A henger kialak\u00edt\u00e1sa biztos\u00edtja, hogy az alkalmazott er\u0151 k\u00f6zvetlen\u00fcl a terhel\u00e9sre ker\u00fclj\u00f6n \u00e1t, cs\u00f6kkentve az energiavesztes\u00e9get \u00e9s n\u00f6velve a hat\u00e9konys\u00e1got.<\/li>\n<\/ul>\n<\/li>\n<\/ul>\n<p>A hegesztett k\u00f6t\u00e9sek er\u0151sek \u00e9s merevek, minimaliz\u00e1lj\u00e1k az alakv\u00e1ltoz\u00e1st, \u00e9s biztos\u00edtj\u00e1k, hogy a henger extr\u00e9m k\u00f6r\u00fclm\u00e9nyek k\u00f6z\u00f6tt is megtartsa alakj\u00e1t \u00e9s szerkezeti integrit\u00e1s\u00e1t. Ez a tulajdons\u00e1g ide\u00e1liss\u00e1 teszi a hegesztett T-idom\u00fa hengereket olyan alkalmaz\u00e1sokhoz, amelyek nagy hat\u00e9konys\u00e1got \u00e9s megb\u00edzhat\u00f3s\u00e1got ig\u00e9nyelnek.<\/p>\n<h2>Hegesztett p\u00f3l\u00f3 t\u00edpus\u00fa henger alkalmaz\u00e1sa<\/h2>\n<h3>Bevezet\u00e9s<\/h3>\n<p>A hegesztett T-idom\u00fa henger egy olyan hidraulikus hengert\u00edpus, amelyet gyakran haszn\u00e1lnak ipari alkalmaz\u00e1sokban. \u00dagy tervezt\u00e9k, hogy nagy er\u0151teljes\u00edtm\u00e9nyt biztos\u00edtson kompakt \u00e9s k\u00f6lts\u00e9ghat\u00e9kony kivitelben. Ez a t\u00edpus\u00fa henger egy hegesztett T-idomb\u00f3l \u00e9s egy dugatty\u00far\u00fadb\u00f3l \u00e1ll, amely a T-idomhoz van r\u00f6gz\u00edtve. A T-idom a henger h\u00e1z\u00e1hoz van csatlakoztatva, \u00e9s egy dugatty\u00fat tartalmaz, amely el\u0151re-h\u00e1tra mozog a h\u00e1z belsej\u00e9ben er\u0151t gener\u00e1lva.<\/p>\n<h3>A hegesztett p\u00f3l\u00f3 t\u00edpus\u00fa henger el\u0151nyei<\/h3>\n<p>A hegesztett T-henger ipari alkalmaz\u00e1sokban t\u00f6rt\u00e9n\u0151 haszn\u00e1lat\u00e1nak sz\u00e1mos el\u0151nye van:<\/p>\n<ul>\n<li><b>Kompakt kialak\u00edt\u00e1s:<\/b> A hegesztett T-idom\u00fa hengerek kompakt kialak\u00edt\u00e1s\u00faak, \u00edgy ide\u00e1lisak korl\u00e1tozott helyeken val\u00f3 haszn\u00e1latra.<\/li>\n<li><b>Nagy hat\u00e9konys\u00e1g:<\/b> A hegesztett T-idom\u00fa hengerek rendk\u00edv\u00fcl hat\u00e9konyak, ami azt jelenti, hogy minim\u00e1lis energiabefektet\u00e9ssel nagy er\u0151t tudnak kifejteni.<\/li>\n<li><b>Tart\u00f3s:<\/b> A hegesztett T-idom\u00fa hengereket \u00fagy tervezt\u00e9k, hogy rendk\u00edv\u00fcl tart\u00f3sak legyenek, ami azt jelenti, hogy ellen\u00e1llnak a zord \u00fczemi k\u00f6r\u00fclm\u00e9nyeknek \u00e9s hossz\u00fa ideig kitartanak.<\/li>\n<li><b>K\u00f6lts\u00e9ghat\u00e9kony:<\/b> A hegesztett T-idom\u00fa hengerek k\u00f6lts\u00e9ghat\u00e9konyak, ami azt jelenti, hogy j\u00f3 \u00e1r-\u00e9rt\u00e9k ar\u00e1nyt k\u00e9pviselnek.<img loading=\"lazy\" decoding=\"async\" class=\"size-full wp-image-974 aligncenter\" src=\"https:\/\/fmp-components.com\/wp-content\/uploads\/2024\/12\/application-of-Welded-Tee-Type-Cylinder.webp\" alt=\"Hegesztett T-idom\u00fa henger alkalmaz\u00e1sa\" width=\"760\" height=\"860\" title=\"\" srcset=\"https:\/\/fmp-components.com\/wp-content\/uploads\/2024\/12\/application-of-Welded-Tee-Type-Cylinder.webp 760w, https:\/\/fmp-components.com\/wp-content\/uploads\/2024\/12\/application-of-Welded-Tee-Type-Cylinder-480x543.webp 480w\" sizes=\"(min-width: 0px) and (max-width: 480px) 480px, (min-width: 481px) 760px, 100vw\" \/><\/li>\n<\/ul>\n<h3>Hegesztett p\u00f3l\u00f3 t\u00edpus\u00fa henger alkalmaz\u00e1sai<\/h3>\n<p>A hegesztett T-idom\u00fa hengereknek sz\u00e1mos alkalmaz\u00e1si ter\u00fclete van a k\u00fcl\u00f6nb\u00f6z\u0151 ipar\u00e1gakban, bele\u00e9rtve:<\/p>\n<ul>\n<li><b>Gy\u00e1rt\u00e1s:<\/b> A hegesztett T-idom\u00fa hengereket a gy\u00e1rt\u00e1sban g\u00e9pek m\u0171k\u00f6dtet\u00e9s\u00e9re, neh\u00e9z terhek mozgat\u00e1s\u00e1ra \u00e9s f\u00e9m alkatr\u00e9szek alak\u00edt\u00e1s\u00e1ra haszn\u00e1lj\u00e1k.<\/li>\n<li><b>Mez\u0151gazdas\u00e1g:<\/b> A hegesztett T-idom\u00fa hengereket a mez\u0151gazdas\u00e1gban haszn\u00e1lj\u00e1k traktorok, betakar\u00edt\u00f3g\u00e9pek \u00e9s egy\u00e9b mez\u0151gazdas\u00e1gi berendez\u00e9sek hidraulikus rendszereinek m\u0171k\u00f6dtet\u00e9s\u00e9re.<\/li>\n<li><b>\u00c9p\u00edt\u00e9s:<\/b> A hegesztett T-idom\u00fa hengereket az \u00e9p\u00edt\u0151iparban haszn\u00e1lj\u00e1k olyan g\u00e9pek m\u0171k\u00f6dtet\u00e9s\u00e9re, mint a daruk, kotr\u00f3g\u00e9pek \u00e9s kotr\u00f3g\u00e9pek.<\/li>\n<li><b>B\u00e1ny\u00e1szati:<\/b> A hegesztett p\u00f3l\u00f3 t\u00edpus\u00fa hengereket a b\u00e1ny\u00e1szatban haszn\u00e1lj\u00e1k neh\u00e9zg\u00e9pek, p\u00e9ld\u00e1ul buld\u00f3zerek, rakod\u00f3g\u00e9pek \u00e9s k\u0151zetf\u00far\u00f3k hidraulikus rendszereinek m\u0171k\u00f6dtet\u00e9s\u00e9re.<\/li>\n<li><b>Sz\u00e1ll\u00edt\u00e1s:<\/b> A hegesztett T-idom\u00fa hengereket a sz\u00e1ll\u00edtm\u00e1nyoz\u00e1sban haszn\u00e1lj\u00e1k teheraut\u00f3k, buszok \u00e9s egy\u00e9b j\u00e1rm\u0171vek hidraulikus rendszereinek m\u0171k\u00f6dtet\u00e9s\u00e9re.<\/li>\n<\/ul>\n<p>\u00d6sszefoglalva, a hegesztett T-idom\u00fa hengerek fontos alkot\u00f3elemei sz\u00e1mos ipari alkalmaz\u00e1snak. Kompakt, hat\u00e9kony, tart\u00f3s \u00e9s k\u00f6lts\u00e9ghat\u00e9kony kialak\u00edt\u00e1suknak k\u00f6sz\u00f6nhet\u0151en ide\u00e1lis v\u00e1laszt\u00e1st jelentenek sz\u00e1mos alkalmaz\u00e1shoz. Ak\u00e1r gy\u00e1rt\u00f3\u00fczemben g\u00e9peket, ak\u00e1r farmon mez\u0151gazdas\u00e1gi berendez\u00e9seket, ak\u00e1r b\u00e1ny\u00e1ban neh\u00e9zg\u00e9peket \u00fczemeltet, a hegesztett T-idom\u00fa hengerek seg\u00edthetnek a munka hat\u00e9kony \u00e9s eredm\u00e9nyes elv\u00e9gz\u00e9s\u00e9ben.<\/p>\n<h3>Az FMP-r\u0151l<\/h3>\n<p>Az FMP a hidraulikus hengerek vezet\u0151 gy\u00e1rt\u00f3ja \u00e9s sz\u00e1ll\u00edt\u00f3ja, t\u00f6bb mint 30 \u00e9ves tapasztalattal az ipar\u00e1gban. Ipari ter\u00fclet\u00fcnk Olaszorsz\u00e1gban tal\u00e1lhat\u00f3, \u00e9s b\u00fcszk\u00e9k vagyunk a legmodernebb l\u00e9tes\u00edtm\u00e9nyeinkre, amelyek t\u00f6bb mint 100 korszer\u0171 g\u00e9ppel vannak felszerelve. Sz\u00e9les berendez\u00e9sv\u00e1laszt\u00e9kunkban megtal\u00e1lhat\u00f3k az automatikus g\u00e1zv\u00e9d\u0151g\u00e1zas hegeszt\u0151g\u00e9pek, m\u00e9lyf\u00far\u00f3 g\u00e9pek, CNC eszterg\u00e1k, hengeres k\u00f6sz\u00f6r\u0171k, automatikus tiszt\u00edt\u00f3g\u00e9pek, automatikus szerel\u0151g\u00e9pek, automatikus hidraulikus henger teljes\u00edtm\u00e9nym\u00e9r\u0151 padok \u00e9s automatikus fest\u0151sorok.<\/p>\n<p><img decoding=\"async\" src=\"https:\/\/fmp-components.com\/wp-content\/uploads\/2024\/12\/fmp-factory-4.webp\" alt=\"FMP gy\u00e1r\" width=\"800\" title=\"\"><\/p>\n<p>Az FMP-n\u00e9l a min\u0151s\u00e9get helyezz\u00fck el\u0151t\u00e9rbe, \u00e9s biztos\u00edtjuk, hogy minden egyes hidraulikus henger szigor\u00fa megmunk\u00e1l\u00e1son \u00e9s ellen\u0151rz\u00e9sen essen \u00e1t a legmagasabb szabv\u00e1nyok teljes\u00edt\u00e9se \u00e9rdek\u00e9ben. Hidraulikus hengerek \u00e1tfog\u00f3 v\u00e1laszt\u00e9k\u00e1t k\u00edn\u00e1ljuk, bele\u00e9rtve a hidraulikus henger f\u00fclbeval\u00f3 hengert \u00e9s a k\u00e9tir\u00e1ny\u00fa automatikus teleszk\u00f3pos hidraulikus hengert, amelyek a k\u00fcl\u00f6nf\u00e9le \u00fcgyf\u00e9lig\u00e9nyeket el\u00e9g\u00edtik ki.<\/p>\n<ol>\n<li><strong>Tervez\u00e9si szolg\u00e1ltat\u00e1s:<\/strong> Tapasztalt tervez\u0151csapatunk k\u00e9pes tervez\u00e9si \u00e9s fejleszt\u00e9si megold\u00e1sokat k\u00edn\u00e1lni kard\u00e1ntengely-term\u00e9kekhez. Ak\u00e1r \u00faj term\u00e9ktervekre, ak\u00e1r a megl\u00e9v\u0151k fejleszt\u00e9s\u00e9re van sz\u00fcks\u00e9ge, mi itt vagyunk, hogy t\u00e1mogassuk \u00d6nt.<\/li>\n<li><strong>Term\u00e9kszolg\u00e1ltat\u00e1s:<\/strong> G\u00f6rd\u00fcl\u00e9keny gy\u00e1rt\u00e1si folyamatunk mag\u00e1ban foglalja a nyersanyag-kiv\u00e1laszt\u00e1st, a v\u00e1g\u00e1st, a durva megmunk\u00e1l\u00e1st, a tesztel\u00e9st, a tiszt\u00edt\u00e1st, az \u00f6sszeszerel\u00e9st, a csomagol\u00e1st \u00e9s a sz\u00e1ll\u00edt\u00e1st. Biztos\u00edtjuk, hogy minden l\u00e9p\u00e9st apr\u00f3l\u00e9kosan v\u00e9grehajtunk, hogy a lehet\u0151 legjobb min\u0151s\u00e9g\u0171 term\u00e9keket sz\u00e1ll\u00edtsuk.<\/li>\n<li><strong>Mintav\u00e9teli folyamat:<\/strong> Mintadarabok fejleszt\u00e9s\u00e9t az \u00d6n egyedi ig\u00e9nyei szerint k\u00edn\u00e1ljuk. A mint\u00e1kat folyamatosan m\u00f3dos\u00edtani tudjuk az \u00d6n ig\u00e9nyeinek megfelel\u0151en, biztos\u00edtva, hogy a v\u00e9geredm\u00e9ny t\u00f6k\u00e9letesen megfeleljen az elv\u00e1r\u00e1sainak.<\/li>\n<li><strong>K+F:<\/strong> Elk\u00f6telezett kutat\u00f3-fejleszt\u0151 csapatunk akt\u00edvan tanulm\u00e1nyozza a piaci trendeket \u00e9s ig\u00e9nyeket. Amikor \u00faj piaci ig\u00e9nyek mer\u00fclnek fel, azonnal \u00faj modelleket fejleszt\u00fcnk \u00e9s vezet\u00fcnk be, hogy megfelelj\u00fcnk a folyamatosan v\u00e1ltoz\u00f3 aut\u00f3ipar ig\u00e9nyeinek.<\/li>\n<li><strong>Testreszab\u00e1s:<\/strong> K\u00fcl\u00f6nf\u00e9le hidraulikus hengerek gy\u00e1rt\u00e1s\u00e1ra \u00e9s \u00e9rt\u00e9kes\u00edt\u00e9s\u00e9re specializ\u00e1l\u00f3dtunk, \u00e9s \u00f6r\u00f6mmel fogadunk egyedi ig\u00e9nyeket is. Csapatunk elk\u00f6telezett amellett, hogy szem\u00e9lyre szabott megold\u00e1sokat k\u00edn\u00e1ljon az \u00d6n egyedi ig\u00e9nyeinek kiel\u00e9g\u00edt\u00e9s\u00e9re.<\/li>\n<\/ol>\n<p>A kiv\u00e1l\u00f3s\u00e1g ir\u00e1nti elk\u00f6telezetts\u00e9g\u00fcnkkel, fejlett gy\u00e1rt\u00e1si k\u00e9pess\u00e9geinkkel \u00e9s \u00fcgyf\u00e9lk\u00f6zpont\u00fa megk\u00f6zel\u00edt\u00e9s\u00fcnkkel az FMP az ide\u00e1lis partner minden hidraulikus hengerrel kapcsolatos ig\u00e9ny\u00e9hez. L\u00e9pjen kapcsolatba vel\u00fcnk m\u00e9g ma, hogy megbesz\u00e9lhess\u00fck, hogyan tudunk egy\u00fcttm\u0171k\u00f6dni c\u00e9ljai el\u00e9r\u00e9se \u00e9rdek\u00e9ben.<\/p>\n<p>Szerz\u0151: CX<\/p>","protected":false},"excerpt":{"rendered":"<p>The 10011 Excellent Quality Stainless Steel Small Double Acting Hydraulic Cylinder is specifically designed to meet the rigorous demands of agricultural applications. Engineered for durability and efficiency, this hydraulic cylinder is an essential tool for enhancing productivity in farming operations. Key Features: Double Acting Design: This hydraulic cylinder operates in both extension and retraction, providing [&hellip;]<\/p>","protected":false},"featured_media":1133,"comment_status":"closed","ping_status":"closed","template":"","meta":{"_et_pb_use_builder":"","_et_pb_old_content":"","_et_gb_content_width":""},"product_brand":[],"product_cat":[31],"product_tag":[34,35],"class_list":{"0":"post-931","1":"product","2":"type-product","3":"status-publish","4":"has-post-thumbnail","6":"product_cat-welded-tee-type-cylinder","7":"product_tag-hydraulic-cylinder","8":"product_tag-welded-tee-type-cylinder","10":"first","11":"instock","12":"product-type-simple"},"_links":{"self":[{"href":"https:\/\/fmp-components.com\/hu\/wp-json\/wp\/v2\/product\/931","targetHints":{"allow":["GET"]}}],"collection":[{"href":"https:\/\/fmp-components.com\/hu\/wp-json\/wp\/v2\/product"}],"about":[{"href":"https:\/\/fmp-components.com\/hu\/wp-json\/wp\/v2\/types\/product"}],"replies":[{"embeddable":true,"href":"https:\/\/fmp-components.com\/hu\/wp-json\/wp\/v2\/comments?post=931"}],"wp:featuredmedia":[{"embeddable":true,"href":"https:\/\/fmp-components.com\/hu\/wp-json\/wp\/v2\/media\/1133"}],"wp:attachment":[{"href":"https:\/\/fmp-components.com\/hu\/wp-json\/wp\/v2\/media?parent=931"}],"wp:term":[{"taxonomy":"product_brand","embeddable":true,"href":"https:\/\/fmp-components.com\/hu\/wp-json\/wp\/v2\/product_brand?post=931"},{"taxonomy":"product_cat","embeddable":true,"href":"https:\/\/fmp-components.com\/hu\/wp-json\/wp\/v2\/product_cat?post=931"},{"taxonomy":"product_tag","embeddable":true,"href":"https:\/\/fmp-components.com\/hu\/wp-json\/wp\/v2\/product_tag?post=931"}],"curies":[{"name":"munkaf\u00fczet","href":"https:\/\/api.w.org\/{rel}","templated":true}]}}