{"id":929,"date":"2024-12-19T03:39:00","date_gmt":"2024-12-19T03:39:00","guid":{"rendered":"https:\/\/fmp-components.com\/product\/10009-customized-stainless-steel-hydraulic-cylinders-mini-hydraulic-cylinder\/"},"modified":"2024-12-19T08:59:13","modified_gmt":"2024-12-19T08:59:13","slug":"10009-customized-stainless-steel-hydraulic-cylinders-mini-hydraulic-cylinder","status":"publish","type":"product","link":"https:\/\/fmp-components.com\/hu\/product\/10009-customized-stainless-steel-hydraulic-cylinders-mini-hydraulic-cylinder\/","title":{"rendered":"10009 Testreszabott rozsdamentes ac\u00e9l hidraulikus hengerek Mini hidraulikus henger"},"content":{"rendered":"<p>A 10009-es testreszabott rozsdamentes ac\u00e9l mini hidraulikus henger egy kompakt, m\u00e9gis nagy teljes\u00edtm\u00e9ny\u0171 megold\u00e1s, amelyet prec\u00edzi\u00f3t \u00e9s tart\u00f3ss\u00e1got ig\u00e9nyl\u0151 alkalmaz\u00e1sokhoz terveztek. Kiv\u00e1l\u00f3 min\u0151s\u00e9g\u0171 rozsdamentes ac\u00e9lb\u00f3l k\u00e9sz\u00fclt, ez a mini hidraulikus henger ellen\u00e1ll a korr\u00f3zi\u00f3nak \u00e9s a kop\u00e1snak, \u00edgy ide\u00e1lis belt\u00e9ri \u00e9s k\u00fclt\u00e9ri haszn\u00e1latra egyar\u00e1nt.<\/p>\n<p><img decoding=\"async\" src=\"https:\/\/hzpt.com\/wp-content\/uploads\/2023\/12\/random-2.webp\" alt=\"\" title=\"\"><\/p>\n<h4>F\u0151bb jellemz\u0151k:<\/h4>\n<ul>\n<li><strong>Testreszabhat\u00f3 kialak\u00edt\u00e1s:<\/strong><br \/>\nA speci\u00e1lis \u00fczemeltet\u00e9si k\u00f6vetelm\u00e9nyeknek megfelel\u0151en testreszabott 10009 mini hidraulikus henger l\u00f6kethossz, furatm\u00e9ret \u00e9s csatlakoz\u00e1si t\u00edpusok tekintet\u00e9ben testreszabhat\u00f3 a k\u00fcl\u00f6nf\u00e9le alkalmaz\u00e1sokhoz.<\/li>\n<li><strong>Kompakt m\u00e9ret:<\/strong><br \/>\nMiniat\u0171r kialak\u00edt\u00e1s\u00e1nak k\u00f6sz\u00f6nhet\u0151en sz\u0171k helyeken is k\u00f6nnyen telep\u00edthet\u0151, \u00edgy t\u00f6k\u00e9letes v\u00e1laszt\u00e1s korl\u00e1tozott hely\u0171 g\u00e9pekhez \u00e9s rendszerekhez a teljes\u00edtm\u00e9ny fel\u00e1ldoz\u00e1sa n\u00e9lk\u00fcl.<\/li>\n<li><strong>Rozsdamentes ac\u00e9l szerkezet:<\/strong><br \/>\nKiv\u00e1l\u00f3 min\u0151s\u00e9g\u0171 rozsdamentes ac\u00e9lb\u00f3l k\u00e9sz\u00fclt, ez a henger kiv\u00e9teles ellen\u00e1ll\u00e1st biztos\u00edt a korr\u00f3zi\u00f3val \u00e9s a zord k\u00f6rnyezeti felt\u00e9telekkel szemben, biztos\u00edtva a hossz\u00fa \u00e9lettartamot \u00e9s a megb\u00edzhat\u00f3s\u00e1got.<\/li>\n<li><strong>Nagy teljes\u00edtm\u00e9ny:<\/strong><br \/>\nKis m\u00e9rete ellen\u00e9re a hidraulikus henger leny\u0171g\u00f6z\u0151 er\u0151t \u00e9s hat\u00e9konys\u00e1got biztos\u00edt, \u00edgy sz\u00e1mos alkalmaz\u00e1shoz alkalmas, bele\u00e9rtve az automatiz\u00e1l\u00e1st, a robotik\u00e1t \u00e9s az anyagmozgat\u00e1st.<\/li>\n<li><strong>Sokoldal\u00fa alkalmaz\u00e1sok:<\/strong><br \/>\nA 10009-es mini hidraulikus henger ide\u00e1lis k\u00fcl\u00f6nf\u00e9le ipar\u00e1gakban val\u00f3 haszn\u00e1latra, bele\u00e9rtve a gy\u00e1rt\u00e1st, az aut\u00f3ipart \u00e9s az orvosi berendez\u00e9seket, ahol a pontoss\u00e1g \u00e9s a megb\u00edzhat\u00f3s\u00e1g kiemelked\u0151 fontoss\u00e1g\u00fa.<\/li>\n<\/ul>\n<h4>M\u0171szaki adatok:<\/h4>\n<table style=\"width: 91.1077%; height: 188px;\">\n<thead>\n<tr>\n<th>Specifik\u00e1ci\u00f3<\/th>\n<th>Le\u00edr\u00e1s<\/th>\n<\/tr>\n<\/thead>\n<tbody>\n<tr>\n<td><strong>Furatm\u00e9ret<\/strong><\/td>\n<td>Testreszabhat\u00f3<\/td>\n<\/tr>\n<tr>\n<td><strong>L\u00f6kethossz<\/strong><\/td>\n<td>Testreszabhat\u00f3<\/td>\n<\/tr>\n<tr>\n<td><strong>Maxim\u00e1lis nyom\u00e1s<\/strong><\/td>\n<td>Ak\u00e1r 3000 PSI<\/td>\n<\/tr>\n<tr>\n<td><strong>Anyag<\/strong><\/td>\n<td>Kiv\u00e1l\u00f3 min\u0151s\u00e9g\u0171 rozsdamentes ac\u00e9l<\/td>\n<\/tr>\n<tr>\n<td><strong>Kapcsolat t\u00edpusa<\/strong><\/td>\n<td>Karim\u00e1s, menetes vagy egyedi kivitel<\/td>\n<\/tr>\n<\/tbody>\n<\/table>\n<h4><\/h4>\n<h4><img loading=\"lazy\" decoding=\"async\" class=\"size-full wp-image-977 aligncenter\" src=\"https:\/\/fmp-components.com\/wp-content\/uploads\/2024\/12\/Welded-Tee-Type-Cylinder3.webp\" alt=\"Hegesztett p\u00f3l\u00f3 t\u00edpus\u00fa henger\" width=\"653\" height=\"600\" title=\"\" srcset=\"https:\/\/fmp-components.com\/wp-content\/uploads\/2024\/12\/Welded-Tee-Type-Cylinder3.webp 653w, https:\/\/fmp-components.com\/wp-content\/uploads\/2024\/12\/Welded-Tee-Type-Cylinder3-480x441.webp 480w\" sizes=\"(min-width: 0px) and (max-width: 480px) 480px, (min-width: 481px) 653px, 100vw\" \/>M\u0171k\u00f6d\u00e9si elv:<\/h4>\n<p>A 10009-es egyedi rozsdamentes ac\u00e9l mini hidraulikus henger a hidraulikafolyad\u00e9k nyom\u00e1s\u00e1nak elv\u00e9n m\u0171k\u00f6dik. Amikor hidraulikafolyad\u00e9kot pump\u00e1lnak a hengerbe, az nyom\u00e1st gyakorol a dugatty\u00fara, line\u00e1ris mozg\u00e1st gener\u00e1lva. Ez a mechanizmus prec\u00edz vez\u00e9rl\u00e9st \u00e9s er\u0151teljes m\u0171k\u00f6d\u00e9st tesz lehet\u0151v\u00e9, \u00edgy elengedhetetlen a pontos \u00e9s megb\u00edzhat\u00f3 teljes\u00edtm\u00e9nyt ig\u00e9nyl\u0151 alkalmaz\u00e1sokhoz.<\/p>\n<p>\u00d6sszefoglalva, a 10009-es testreszabott rozsdamentes ac\u00e9l mini hidraulikus henger sokoldal\u00fa \u00e9s hat\u00e9kony megold\u00e1s k\u00fcl\u00f6nf\u00e9le ipari ig\u00e9nyekre. Testreszabhat\u00f3 tulajdons\u00e1gai, tart\u00f3s rozsdamentes ac\u00e9l konstrukci\u00f3ja \u00e9s nagy teljes\u00edtm\u00e9nye n\u00e9lk\u00fcl\u00f6zhetetlen elemm\u00e9 teszi a termel\u00e9kenys\u00e9g \u00e9s a m\u0171k\u00f6d\u00e9si hat\u00e9konys\u00e1g n\u00f6vel\u00e9s\u00e9ben a k\u00fcl\u00f6nf\u00e9le alkalmaz\u00e1sokban.<\/p>\n<p><img decoding=\"async\" src=\"https:\/\/hzpt.com\/wp-content\/uploads\/2023\/12\/random-1.webp?v=1694163707\" alt=\"\" title=\"\"><\/p>\n<h3>Egyedi jellemz\u0151k<\/h3>\n<ul>\n<li><strong>Energiatakar\u00e9koss\u00e1g:<\/strong><br \/>\nA hidraulikus hengert \u00fagy tervezt\u00e9k, hogy minim\u00e1lis energi\u00e1t fogyasztson m\u0171k\u00f6d\u00e9s k\u00f6zben, ami jelent\u0151s k\u00f6lts\u00e9gmegtakar\u00edt\u00e1st eredm\u00e9nyez hossz\u00fa t\u00e1von. Az energiafelhaszn\u00e1l\u00e1s optimaliz\u00e1l\u00e1s\u00e1val ez a term\u00e9k nemcsak az energiasz\u00e1ml\u00e1kat cs\u00f6kkenti, hanem a k\u00f6rnyezeti hat\u00e1sok minimaliz\u00e1l\u00e1s\u00e1val hozz\u00e1j\u00e1rul a fenntarthat\u00f3s\u00e1gi er\u0151fesz\u00edt\u00e9sekhez is. Ez az energiahat\u00e9kony kialak\u00edt\u00e1s gazdas\u00e1gos v\u00e1laszt\u00e1ss\u00e1 teszi azoknak a v\u00e1llalkoz\u00e1soknak, amelyek a teljes\u00edtm\u00e9ny fel\u00e1ldoz\u00e1sa n\u00e9lk\u00fcl szeretn\u00e9k n\u00f6velni m\u0171k\u00f6d\u00e9si hat\u00e9konys\u00e1gukat.<\/li>\n<li><strong>Nagy hat\u00e9konys\u00e1g:<\/strong><br \/>\nA maxim\u00e1lis termel\u00e9kenys\u00e9gre tervezett hidraulikus henger kiv\u00e9telesen magas hat\u00e1sfokkal m\u0171k\u00f6dik. Fejlett m\u00e9rn\u00f6ki tervez\u00e9se biztos\u00edtja az \u00e1lland\u00f3 \u00e9s megb\u00edzhat\u00f3 teljes\u00edtm\u00e9nyt, lehet\u0151v\u00e9 t\u00e9ve a gyorsabb ciklusid\u0151ket \u00e9s a jobb teljes\u00edtm\u00e9nyt. Ez a nagy hat\u00e9konys\u00e1g\u00fa m\u0171k\u00f6d\u00e9s kulcsfontoss\u00e1g\u00fa az ig\u00e9nyes ipari k\u00f6rnyezetekben, ahol minden m\u00e1sodperc sz\u00e1m\u00edt, \u00edgy felbecs\u00fclhetetlen \u00e9rt\u00e9k\u0171 eszk\u00f6z a munkafolyamatok jav\u00edt\u00e1s\u00e1hoz \u00e9s a termel\u00e9si c\u00e9lok el\u00e9r\u00e9s\u00e9hez.<\/li>\n<li><strong>Biztons\u00e1g:<\/strong><br \/>\nA biztons\u00e1g kiemelt fontoss\u00e1g\u00fa szempont ennek a hidraulikus hengernek a tervez\u00e9sekor. T\u00f6bb biztons\u00e1gi funkci\u00f3val is rendelkezik, bele\u00e9rtve a nyom\u00e1scs\u00f6kkent\u0151 szelepeket, a robusztus t\u00f6m\u00edt\u00e9seket \u00e9s a biztons\u00e1gi mechanizmusokat, hogy biztos\u00edtsa a biztons\u00e1gos m\u0171k\u00f6d\u00e9st k\u00fcl\u00f6nb\u00f6z\u0151 k\u00f6r\u00fclm\u00e9nyek k\u00f6z\u00f6tt. Ezek a biztons\u00e1gi fejleszt\u00e9sek v\u00e9dik mind a berendez\u00e9st, mind a kezel\u0151ket, cs\u00f6kkentve a balesetek \u00e9s az \u00e1ll\u00e1sid\u0151 kock\u00e1zat\u00e1t. A biztons\u00e1g el\u0151t\u00e9rbe helyez\u00e9s\u00e9vel ez a term\u00e9k bizalmat kelt a felhaszn\u00e1l\u00f3kban, lehet\u0151v\u00e9 t\u00e9ve sz\u00e1mukra, hogy nyugodtan kezelj\u00e9k a g\u00e9peket.<\/li>\n<\/ul>\n<h2>A hegesztett p\u00f3l\u00f3 t\u00edpus\u00fa henger el\u0151nyei<\/h2>\n<ul>\n<li style=\"list-style-type: none;\">\n<ul>\n<li><strong>Megn\u00f6velt er\u0151:<\/strong> A hegesztett T-idom\u00fa hengerek nagy szil\u00e1rds\u00e1gukr\u00f3l ismertek, \u00edgy alkalmasak neh\u00e9z emel\u00e9st ig\u00e9nyl\u0151 alkalmaz\u00e1sokhoz. Az ilyen hengerek gy\u00e1rt\u00e1sa sor\u00e1n alkalmazott hegeszt\u00e9si elj\u00e1r\u00e1s biztos\u00edtja, hogy a henger mentes legyen a gyenge pontokt\u00f3l, \u00e9s ellen\u00e1lljon a nagy nyom\u00e1snak \u00e9s terhel\u00e9snek.<\/li>\n<\/ul>\n<\/li>\n<\/ul>\n<p>Amikor a hengerre nyom\u00e1st gyakorolunk, az egyenletesen oszlik el a teljes fel\u00fcleten, \u00edgy ellen\u00e1ll a deform\u00e1ci\u00f3nak. Ez a tulajdons\u00e1g biztos\u00edtja, hogy a henger extr\u00e9m k\u00f6r\u00fclm\u00e9nyek k\u00f6z\u00f6tt is megtartsa alakj\u00e1t \u00e9s szerkezeti integrit\u00e1s\u00e1t.<\/p>\n<ul>\n<li style=\"list-style-type: none;\">\n<ul>\n<li><strong>Sziv\u00e1rg\u00e1smegel\u0151z\u00e9s:<\/strong> A hegesztett T-idom\u00fa palackokat a sziv\u00e1rg\u00e1s megakad\u00e1lyoz\u00e1s\u00e1ra tervezt\u00e9k. A gy\u00e1rt\u00e1si folyamat sor\u00e1n alkalmazott hegeszt\u00e9si elj\u00e1r\u00e1s biztos\u00edtja, hogy a palack teljesen t\u00f6m\u00edtett \u00e9s mentes legyen minden lehets\u00e9ges sziv\u00e1rg\u00e1st\u00f3l. Ez a tulajdons\u00e1g alkalmass\u00e1 teszi \u0151ket olyan alkalmaz\u00e1sokhoz, ahol a sziv\u00e1rg\u00e1s s\u00falyos k\u00e1rokat vagy s\u00e9r\u00fcl\u00e9seket okozhat.<\/li>\n<\/ul>\n<\/li>\n<\/ul>\n<p>A hegesztett illeszt\u00e9sek sim\u00e1k, reped\u00e9sek vagy hornyok n\u00e9lk\u00fcl, ahol t\u00f6rmel\u00e9k vagy szennyez\u0151d\u00e9s felhalmoz\u00f3dhatna, cs\u00f6kkentve a korr\u00f3zi\u00f3 \u00e9s a henger k\u00e1rosod\u00e1s\u00e1nak kock\u00e1zat\u00e1t.<\/p>\n<ul>\n<li style=\"list-style-type: none;\">\n<ul>\n<li><strong>Testreszabhat\u00f3:<\/strong> A hegesztett T-idom\u00fa hengerek testreszabhat\u00f3k az adott alkalmaz\u00e1sokhoz. A hengerek k\u00fcl\u00f6nb\u00f6z\u0151 m\u00e9retekben \u00e9s form\u00e1kban kaphat\u00f3k, \u00e9s az alkalmaz\u00e1s konkr\u00e9t k\u00f6vetelm\u00e9nyeinek megfelel\u0151en gy\u00e1rthat\u00f3k.<\/li>\n<\/ul>\n<\/li>\n<\/ul>\n<p>A testreszab\u00e1si folyamat lehet\u0151v\u00e9 teszi a henger teljes\u00edtm\u00e9ny\u00e9nek optimaliz\u00e1l\u00e1s\u00e1t, biztos\u00edtva, hogy az megfeleljen a k\u00edv\u00e1nt alkalmaz\u00e1snak. Ez a tulajdons\u00e1g teszi a hegesztett T-idom\u00fa hengereket ide\u00e1liss\u00e1 k\u00fcl\u00f6nf\u00e9le ipari alkalmaz\u00e1sokhoz, bele\u00e9rtve az \u00e9p\u00edt\u0151iparban, a b\u00e1ny\u00e1szatban \u00e9s az anyagmozgat\u00e1sban val\u00f3 haszn\u00e1latra.<\/p>\n<ul>\n<li style=\"list-style-type: none;\">\n<ul>\n<li><strong>K\u00f6lts\u00e9ghat\u00e9kony:<\/strong> A hegesztett T-idom\u00fa hengerek k\u00f6lts\u00e9ghat\u00e9konyabbak m\u00e1s t\u00edpus\u00fa hengerekhez k\u00e9pest. Az ilyen hengerek gy\u00e1rt\u00e1si folyamata egyszer\u0171, \u00edgy olcs\u00f3bbak, mint m\u00e1s t\u00edpus\u00fa hengerek.<\/li>\n<\/ul>\n<\/li>\n<\/ul>\n<p>Tov\u00e1bb\u00e1 a hegesztett T-idom\u00fa hengerek nagy szil\u00e1rds\u00e1ga \u00e9s tart\u00f3ss\u00e1ga cs\u00f6kkenti a gyakori jav\u00edt\u00e1sok \u00e9s cser\u00e9k sz\u00fcks\u00e9gess\u00e9g\u00e9t, \u00edgy megtakar\u00edtva a karbantart\u00e1si k\u00f6lts\u00e9geket. Ez a tulajdons\u00e1g n\u00e9pszer\u0171 v\u00e1laszt\u00e1ss\u00e1 teszi \u0151ket sz\u00e1mos ipar\u00e1gban, k\u00fcl\u00f6n\u00f6sen a korl\u00e1tozott k\u00f6lts\u00e9gvet\u00e9ssel rendelkez\u0151k sz\u00e1m\u00e1ra.<\/p>\n<ul>\n<li style=\"list-style-type: none;\">\n<ul>\n<li><strong>Megn\u00f6velt hat\u00e9konys\u00e1g:<\/strong> A hegesztett T-idom\u00fa hengerek rendk\u00edv\u00fcl hat\u00e9konyak \u00e9s eredm\u00e9nyesek. A henger kialak\u00edt\u00e1sa biztos\u00edtja, hogy az alkalmazott er\u0151 k\u00f6zvetlen\u00fcl a terhel\u00e9sre ker\u00fclj\u00f6n \u00e1t, cs\u00f6kkentve az energiavesztes\u00e9get \u00e9s n\u00f6velve a hat\u00e9konys\u00e1got.<\/li>\n<\/ul>\n<\/li>\n<\/ul>\n<p>A hegesztett k\u00f6t\u00e9sek er\u0151sek \u00e9s merevek, minimaliz\u00e1lj\u00e1k az alakv\u00e1ltoz\u00e1st, \u00e9s biztos\u00edtj\u00e1k, hogy a henger extr\u00e9m k\u00f6r\u00fclm\u00e9nyek k\u00f6z\u00f6tt is megtartsa alakj\u00e1t \u00e9s szerkezeti integrit\u00e1s\u00e1t. Ez a tulajdons\u00e1g ide\u00e1liss\u00e1 teszi a hegesztett T-idom\u00fa hengereket olyan alkalmaz\u00e1sokhoz, amelyek nagy hat\u00e9konys\u00e1got \u00e9s megb\u00edzhat\u00f3s\u00e1got ig\u00e9nyelnek.<\/p>\n<p><img loading=\"lazy\" decoding=\"async\" class=\"size-full wp-image-974 aligncenter\" src=\"https:\/\/fmp-components.com\/wp-content\/uploads\/2024\/12\/application-of-Welded-Tee-Type-Cylinder.webp\" alt=\"Hegesztett T-idom\u00fa henger alkalmaz\u00e1sa\" width=\"760\" height=\"860\" title=\"\" srcset=\"https:\/\/fmp-components.com\/wp-content\/uploads\/2024\/12\/application-of-Welded-Tee-Type-Cylinder.webp 760w, https:\/\/fmp-components.com\/wp-content\/uploads\/2024\/12\/application-of-Welded-Tee-Type-Cylinder-480x543.webp 480w\" sizes=\"(min-width: 0px) and (max-width: 480px) 480px, (min-width: 481px) 760px, 100vw\" \/><\/p>\n<h2>Hegesztett p\u00f3l\u00f3 t\u00edpus\u00fa henger alkalmaz\u00e1sa<\/h2>\n<ol>\n<li>\n<h3>Aut\u00f3ipar<\/h3>\n<p>A hegesztett T-idom\u00fa hengereket sz\u00e9les k\u00f6rben haszn\u00e1lj\u00e1k az aut\u00f3iparban. Aut\u00f3ajt\u00f3kban, motorh\u00e1ztet\u0151- \u00e9s csomagtart\u00f3-emel\u0151kben, kabri\u00f3tet\u0151kben \u00e9s szervokorm\u00e1nyrendszerekben haszn\u00e1lj\u00e1k \u0151ket. Ezeket a hengereket az\u00e9rt r\u00e9szes\u00edtik el\u0151nyben, mert alacsony helyig\u00e9ny mellett nagy er\u0151t tudnak leadni. A T-idom\u00fa henger kialak\u00edt\u00e1sa j\u00f3l alkalmazhat\u00f3 olyan alkalmaz\u00e1sokban, ahol az er\u0151t k\u00e9t k\u00fcl\u00f6nb\u00f6z\u0151 ir\u00e1nyba kell tov\u00e1bb\u00edtani.<\/p>\n<p>Tov\u00e1bb\u00e1, ezeknek a hengereknek a hegesztett konstrukci\u00f3ja lehet\u0151v\u00e9 teszi, hogy magas h\u0151m\u00e9rs\u00e9kleten \u00e9s nyom\u00e1son sziv\u00e1rg\u00e1s n\u00e9lk\u00fcl m\u0171k\u00f6djenek. Ez alkalmass\u00e1 teszi \u0151ket motorokban, sebess\u00e9gv\u00e1lt\u00f3kban \u00e9s f\u00e9krendszerekben val\u00f3 haszn\u00e1latra.<\/li>\n<li>\n<h3>Feldolgoz\u00f3 ipar<\/h3>\n<p>A hegesztett T-idom\u00fa hengereket a gy\u00e1rt\u00f3iparban is haszn\u00e1lj\u00e1k. Hidraulikus pr\u00e9sekben, kov\u00e1csol\u00f3g\u00e9pekben \u00e9s f\u00e9mv\u00e1g\u00f3 g\u00e9pekben haszn\u00e1lj\u00e1k \u0151ket. Ezeknek a hengereknek a nagy er\u0151teljes\u00edtm\u00e9nye ide\u00e1liss\u00e1 teszi \u0151ket olyan alkalmaz\u00e1sokhoz, ahol nagy er\u0151re van sz\u00fcks\u00e9g kis t\u00e9rben.<\/p>\n<p>A T-idom\u00fa henger kialak\u00edt\u00e1sa j\u00f3l alkalmazhat\u00f3 olyan alkalmaz\u00e1sokhoz is, ahol az er\u0151t k\u00e9t k\u00fcl\u00f6nb\u00f6z\u0151 ir\u00e1nyba kell \u00e1tvinni. P\u00e9ld\u00e1ul egy hidraulikus pr\u00e9sben a T-idom\u00fa henger f\u00fcgg\u0151leges \u00e9s v\u00edzszintes er\u0151 kifejt\u00e9s\u00e9re is haszn\u00e1lhat\u00f3, ami \u00f6sszetettebb gy\u00e1rt\u00e1si folyamatokat tesz lehet\u0151v\u00e9.<\/li>\n<li>\n<h3>Rep\u00fcl\u0151ipar<\/h3>\n<p>A hegesztett T-idom\u00fa hengereket a rep\u00fcl\u0151g\u00e9piparban sz\u00e1mos alkalmaz\u00e1sra haszn\u00e1lj\u00e1k. Fut\u00f3m\u0171-rendszerekben, rakt\u00e9rajt\u00f3kban \u00e9s rep\u00fcl\u00e9sir\u00e1ny\u00edt\u00f3 rendszerekben haszn\u00e1lj\u00e1k \u0151ket. Nagy er\u0151teljes\u00edtm\u00e9ny\u00fck \u00e9s kompakt kialak\u00edt\u00e1suk ide\u00e1liss\u00e1 teszi \u0151ket a rep\u00fcl\u0151g\u00e9peken rendelkez\u00e9sre \u00e1ll\u00f3 korl\u00e1tozott helyeken val\u00f3 haszn\u00e1latra.<\/p>\n<p>Ezeknek a hengereknek a hegesztett konstrukci\u00f3ja ellen\u00e1ll\u00f3v\u00e1 teszi \u0151ket a rep\u00fcl\u00e9s sor\u00e1n fell\u00e9p\u0151 magas nyom\u00e1ssal \u00e9s h\u0151m\u00e9rs\u00e9klettel szemben. Ezenk\u00edv\u00fcl a T-idom\u00fa henger kialak\u00edt\u00e1sa lehet\u0151v\u00e9 teszi az er\u0151 k\u00e9t k\u00fcl\u00f6nb\u00f6z\u0151 ir\u00e1nyba t\u00f6rt\u00e9n\u0151 \u00e1tvitel\u00e9t, \u00edgy j\u00f3l alkalmazhat\u00f3 olyan alkalmaz\u00e1sokhoz, ahol az er\u0151t sz\u00f6gben kell kifejteni.<\/li>\n<li>\n<h3>\u00c9p\u00edt\u0151ipar<\/h3>\n<p>A hegesztett T-idom\u00fa munkahengereket az \u00e9p\u00edt\u0151iparban haszn\u00e1lj\u00e1k neh\u00e9z emel\u00e9si \u00e9s mozgat\u00e1si alkalmaz\u00e1sokhoz. Darukban, kotr\u00f3g\u00e9pekben \u00e9s kotr\u00f3g\u00e9pekben haszn\u00e1lj\u00e1k \u0151ket. Nagy er\u0151teljes\u00edtm\u00e9ny\u00fck \u00e9s kompakt kialak\u00edt\u00e1suk ide\u00e1liss\u00e1 teszi \u0151ket az \u00e9p\u00edtkez\u00e9seken rendelkez\u00e9sre \u00e1ll\u00f3 korl\u00e1tozott helyeken val\u00f3 haszn\u00e1latra.<\/p>\n<p>A T-idom\u00fa henger kialak\u00edt\u00e1sa lehet\u0151v\u00e9 teszi az er\u0151 k\u00e9t k\u00fcl\u00f6nb\u00f6z\u0151 ir\u00e1nyba t\u00f6rt\u00e9n\u0151 \u00e1tvitel\u00e9t, \u00edgy j\u00f3l alkalmazhat\u00f3 olyan alkalmaz\u00e1sokhoz, ahol az er\u0151t sz\u00f6gben kell kifejteni. Ezenk\u00edv\u00fcl ezeknek a hengereknek a hegesztett konstrukci\u00f3ja lehet\u0151v\u00e9 teszi, hogy nagy nyom\u00e1son \u00e9s h\u0151m\u00e9rs\u00e9kleten sziv\u00e1rg\u00e1s n\u00e9lk\u00fcl m\u0171k\u00f6djenek, \u00edgy alkalmasak zord k\u00fclt\u00e9ri k\u00f6rnyezetben val\u00f3 haszn\u00e1latra.<\/li>\n<\/ol>\n<h3>Az FMP-r\u0151l<\/h3>\n<p>Az FMP t\u00f6bb mint 30 \u00e9ve a hidraulikus hengerek vezet\u0151 gy\u00e1rt\u00f3ja \u00e9s sz\u00e1ll\u00edt\u00f3ja. Ipari ter\u00fclet\u00fcnk Olaszorsz\u00e1gban tal\u00e1lhat\u00f3, \u00e9s t\u00f6bb mint 100 berendez\u00e9ssel rendelkez\u00fcnk, bele\u00e9rtve az automatikus g\u00e1zv\u00e9d\u0151g\u00e1zas hegeszt\u0151g\u00e9pet, m\u00e9lyf\u00far\u00f3 g\u00e9pet, CNC eszterg\u00e1t, hengeres k\u00f6sz\u00f6r\u0171t, automatikus tiszt\u00edt\u00f3g\u00e9pet, automatikus szerel\u0151g\u00e9pet, automatikus hidraulikus henger teljes\u00edtm\u00e9nyteszt padot, automatikus fest\u0151sort \u00e9s m\u00e9g sok m\u00e1st.<\/p>\n<p>Hidraulikus hengereinket szigor\u00fa min\u0151s\u00e9gellen\u0151rz\u00e9s mellett tervezz\u00fck \u00e9s gy\u00e1rtjuk, hogy biztos\u00edtsuk, hogy csak a legjobbat ny\u00fajtsuk \u00fcgyfeleinknek. Szolg\u00e1ltat\u00e1saink a k\u00f6vetkez\u0151k:<\/p>\n<ol>\n<li><strong>Tervez\u00e9si szolg\u00e1ltat\u00e1s:<\/strong> Tapasztalt tervez\u0151csapatunk b\u00e1rmilyen \u00faj term\u00e9kkel vagy fejleszt\u00e9ssel kapcsolatos ig\u00e9ny eset\u00e9n seg\u00edts\u00e9get tud ny\u00fajtani.<\/li>\n<li><strong>Term\u00e9kszolg\u00e1ltat\u00e1s:<\/strong> A min\u0151s\u00e9get a nyersanyagok kiv\u00e1laszt\u00e1s\u00e1nak, v\u00e1g\u00e1s\u00e1nak, durva megmunk\u00e1l\u00e1s\u00e1nak, tesztel\u00e9s\u00e9nek, tiszt\u00edt\u00e1s\u00e1nak, \u00f6sszeszerel\u00e9s\u00e9nek, csomagol\u00e1s\u00e1nak \u00e9s sz\u00e1ll\u00edt\u00e1s\u00e1nak teljes folyamata sor\u00e1n biztos\u00edtjuk.<\/li>\n<li><strong>Mintav\u00e9teli folyamat:<\/strong> A mint\u00e1kat az \u00d6n egyedi ig\u00e9nyei szerint tudjuk fejleszteni \u00e9s folyamatosan m\u00f3dos\u00edtani.<\/li>\n<li><strong>K+F:<\/strong> \u00daj piaci ig\u00e9nyeket vizsg\u00e1lunk, \u00e9s ennek megfelel\u0151en \u00faj modelleket fejleszt\u00fcnk.<\/li>\n<li><strong>Testreszab\u00e1s:<\/strong> Minden t\u00edpus\u00fa hidraulikus hengerre elfogadunk egyedi megrendel\u00e9seket.<\/li>\n<\/ol>\n<p>A min\u0151s\u00e9g \u00e9s az \u00fcgyf\u00e9l-el\u00e9gedetts\u00e9g ir\u00e1nti elk\u00f6telezetts\u00e9g\u00fcnk k\u00fcl\u00f6nb\u00f6ztet meg minket m\u00e1s gy\u00e1rt\u00f3kt\u00f3l. Arra t\u00f6reksz\u00fcnk, hogy a legjobb term\u00e9keket \u00e9s szolg\u00e1ltat\u00e1sokat ny\u00fajtsuk az \u00d6n ig\u00e9nyeinek kiel\u00e9g\u00edt\u00e9s\u00e9re.<\/p>\n<p><img decoding=\"async\" src=\"https:\/\/fmp-components.com\/wp-content\/uploads\/2024\/12\/fmp-factory-4.webp\" alt=\"FMP gy\u00e1r\" width=\"800\" title=\"\"><br \/>\nSzerz\u0151: CX<\/p>","protected":false},"excerpt":{"rendered":"<p>The 10009 Customized Stainless Steel Mini Hydraulic Cylinder is a compact yet powerful solution designed for applications requiring precision and durability. Crafted from high-quality stainless steel, this mini hydraulic cylinder is resistant to corrosion and wear, making it ideal for both indoor and outdoor use. Key Features: Customizable Design: Tailored to meet specific operational requirements, [&hellip;]<\/p>","protected":false},"featured_media":1132,"comment_status":"closed","ping_status":"closed","template":"","meta":{"_et_pb_use_builder":"","_et_pb_old_content":"","_et_gb_content_width":""},"product_brand":[],"product_cat":[31],"product_tag":[34,35],"class_list":{"0":"post-929","1":"product","2":"type-product","3":"status-publish","4":"has-post-thumbnail","6":"product_cat-welded-tee-type-cylinder","7":"product_tag-hydraulic-cylinder","8":"product_tag-welded-tee-type-cylinder","10":"first","11":"instock","12":"product-type-simple"},"_links":{"self":[{"href":"https:\/\/fmp-components.com\/hu\/wp-json\/wp\/v2\/product\/929","targetHints":{"allow":["GET"]}}],"collection":[{"href":"https:\/\/fmp-components.com\/hu\/wp-json\/wp\/v2\/product"}],"about":[{"href":"https:\/\/fmp-components.com\/hu\/wp-json\/wp\/v2\/types\/product"}],"replies":[{"embeddable":true,"href":"https:\/\/fmp-components.com\/hu\/wp-json\/wp\/v2\/comments?post=929"}],"wp:featuredmedia":[{"embeddable":true,"href":"https:\/\/fmp-components.com\/hu\/wp-json\/wp\/v2\/media\/1132"}],"wp:attachment":[{"href":"https:\/\/fmp-components.com\/hu\/wp-json\/wp\/v2\/media?parent=929"}],"wp:term":[{"taxonomy":"product_brand","embeddable":true,"href":"https:\/\/fmp-components.com\/hu\/wp-json\/wp\/v2\/product_brand?post=929"},{"taxonomy":"product_cat","embeddable":true,"href":"https:\/\/fmp-components.com\/hu\/wp-json\/wp\/v2\/product_cat?post=929"},{"taxonomy":"product_tag","embeddable":true,"href":"https:\/\/fmp-components.com\/hu\/wp-json\/wp\/v2\/product_tag?post=929"}],"curies":[{"name":"munkaf\u00fczet","href":"https:\/\/api.w.org\/{rel}","templated":true}]}}