{"id":927,"date":"2024-12-19T03:39:00","date_gmt":"2024-12-19T03:39:00","guid":{"rendered":"https:\/\/fmp-components.com\/product\/10007-high-quality-double-acting-hydraulic-ram-cylinder-for-sale\/"},"modified":"2024-12-19T09:01:14","modified_gmt":"2024-12-19T09:01:14","slug":"10007-high-quality-double-acting-hydraulic-ram-cylinder-for-sale","status":"publish","type":"product","link":"https:\/\/fmp-components.com\/hu\/product\/10007-high-quality-double-acting-hydraulic-ram-cylinder-for-sale\/","title":{"rendered":"10007 Kiv\u00e1l\u00f3 min\u0151s\u00e9g\u0171 kett\u0151s m\u0171k\u00f6d\u00e9s\u0171 hidraulikus munkahenger elad\u00f3"},"content":{"rendered":"<h3>Fedezze fel a hidraulikus d\u00f6ng\u00f6l\u0151 henger erej\u00e9t<\/h3>\n<p>Tapasztalja meg a nagy hat\u00e9konys\u00e1g\u00fa teljes\u00edtm\u00e9nyt az FMP kiv\u00e1l\u00f3 min\u0151s\u00e9g\u0171, kett\u0151s m\u0171k\u00f6d\u00e9s\u0171 hidraulikus dugatty\u00fas henger\u00e9vel. 2006-os megalap\u00edt\u00e1sa \u00f3ta az FMP \u00e9len j\u00e1r a vil\u00e1g minden t\u00e1j\u00e1n m\u0171k\u00f6d\u0151 ipar\u00e1gak sz\u00e1m\u00e1ra k\u00edn\u00e1lt cs\u00facskateg\u00f3ri\u00e1s hidraulikus megold\u00e1sok ter\u00e9n, forradalmas\u00edtva a hidraulikus energia hasznos\u00edt\u00e1s\u00e1nak \u00e9s hasznos\u00edt\u00e1s\u00e1nak m\u00f3dj\u00e1t. Az innov\u00e1ci\u00f3 \u00e9s a min\u0151s\u00e9g ir\u00e1nti elk\u00f6telezetts\u00e9g\u00e9vel az FMP a hidraulikus dugatty\u00fas hengert a modern alkalmaz\u00e1sok ig\u00e9nyes ig\u00e9nyeinek kiel\u00e9g\u00edt\u00e9s\u00e9re tervezte, biztos\u00edtva, hogy a v\u00e1llalkoz\u00e1sok cs\u00facsteljes\u00edtm\u00e9nyen m\u0171k\u00f6dhessenek.<\/p>\n<p><img loading=\"lazy\" decoding=\"async\" class=\"size-full wp-image-976 aligncenter\" src=\"https:\/\/fmp-components.com\/wp-content\/uploads\/2024\/12\/Welded-Tee-Type-Cylinder2.webp\" alt=\"Hegesztett p\u00f3l\u00f3 t\u00edpus\u00fa henger\" width=\"764\" height=\"675\" title=\"\" srcset=\"https:\/\/fmp-components.com\/wp-content\/uploads\/2024\/12\/Welded-Tee-Type-Cylinder2.webp 764w, https:\/\/fmp-components.com\/wp-content\/uploads\/2024\/12\/Welded-Tee-Type-Cylinder2-480x424.webp 480w\" sizes=\"(min-width: 0px) and (max-width: 480px) 480px, (min-width: 481px) 764px, 100vw\" \/><\/p>\n<h3>Jellemz\u0151k \u00e9s specifik\u00e1ci\u00f3k<\/h3>\n<h4>F\u0151bb term\u00e9kjellemz\u0151k<\/h4>\n<ul>\n<li><strong>Energiatakar\u00e9kos:<\/strong><br \/>\nA kett\u0151s m\u0171k\u00f6d\u00e9s\u0171 hidraulikus munkahenger \u00fagy lett kialak\u00edtva, hogy maximaliz\u00e1lja az energiahat\u00e9konys\u00e1got, lehet\u0151v\u00e9 t\u00e9ve a hat\u00e9kony m\u0171k\u00f6d\u00e9st az energiafogyaszt\u00e1s minimaliz\u00e1l\u00e1sa mellett. Ez a funkci\u00f3 nemcsak az \u00fczemeltet\u00e9si k\u00f6lts\u00e9geket cs\u00f6kkenti, hanem a hidraulikus m\u0171veletek teljes energial\u00e1bnyom\u00e1nak cs\u00f6kkent\u00e9s\u00e9vel hozz\u00e1j\u00e1rul a k\u00f6rnyezeti fenntarthat\u00f3s\u00e1ghoz is.<\/li>\n<li><strong>Magas m\u0171k\u00f6d\u00e9si hat\u00e9konys\u00e1g:<\/strong><br \/>\nAz optim\u00e1lis teljes\u00edtm\u00e9nyre tervezett hidraulikus munkahenger kiv\u00e9teles m\u0171k\u00f6d\u00e9si hat\u00e9konys\u00e1got biztos\u00edt. Robusztus konstrukci\u00f3ja \u00e9s fejlett m\u00e9rn\u00f6ki m\u00e9rn\u00f6ki munk\u00e1ja lehet\u0151v\u00e9 teszi a megb\u00edzhat\u00f3 m\u0171k\u00f6d\u00e9st nagy nyom\u00e1s \u00e9s nagy terhel\u00e9s alatt, \u00edgy ide\u00e1lis v\u00e1laszt\u00e1s k\u00fcl\u00f6nf\u00e9le ig\u00e9nyes ipari alkalmaz\u00e1sokhoz.<\/li>\n<li><strong>Biztons\u00e1gos \u00e9s megb\u00edzhat\u00f3:<\/strong><br \/>\nA hidraulikus dugatty\u00fas munkahenger tervez\u00e9sekor a biztons\u00e1g kiemelked\u0151 szempont. Kiv\u00e1l\u00f3 min\u0151s\u00e9g\u0171 anyagokb\u00f3l k\u00e9sz\u00fclt \u00e9s fejlett biztons\u00e1gi funkci\u00f3kkal ell\u00e1tott, \u00edgy ez a henger ellen\u00e1ll a sziv\u00e1rg\u00e1soknak \u00e9s a meghib\u00e1sod\u00e1soknak. Ez a megb\u00edzhat\u00f3s\u00e1g biztos\u00edtja, hogy a kezel\u0151k magabiztosan dolgozhassanak, tudv\u00e1n, hogy a berendez\u00e9s biztons\u00e1gos \u00e9s megb\u00edzhat\u00f3 m\u00e9g a legnagyobb kih\u00edv\u00e1st jelent\u0151 k\u00f6rnyezetben is.<\/li>\n<\/ul>\n<h3>A hidraulikus rendszerek m\u0171k\u00f6d\u00e9si elve<\/h3>\n<p>A hidraulikus dugatty\u00fas henger a folyad\u00e9knyom\u00e1s alapelv\u00e9n m\u0171k\u00f6dik. Amikor hidraulikafolyad\u00e9kot vezetnek a hengerbe, nyom\u00e1st fejt ki a benne l\u00e9v\u0151 dugatty\u00fara. Ez a nyom\u00e1s line\u00e1ris er\u0151t gener\u00e1l, lehet\u0151v\u00e9 t\u00e9ve a dugatty\u00fa mindk\u00e9t ir\u00e1ny\u00fa mozg\u00e1s\u00e1t, ami elengedhetetlen a sz\u00e9les k\u00f6r\u0171 alkalmaz\u00e1sokhoz.<\/p>\n<p>Ahogy a hidraulikafolyad\u00e9k a hengerbe \u00e1ramlik, nyomja a dugatty\u00fat, l\u00e9trehozva a neh\u00e9z terhek emel\u00e9s\u00e9hez vagy mozgat\u00e1s\u00e1hoz sz\u00fcks\u00e9ges er\u0151t. A kett\u0151s m\u0171k\u00f6d\u00e9s\u0171 kialak\u00edt\u00e1s lehet\u0151v\u00e9 teszi, hogy a henger mind a kitol\u00e1si, mind a visszah\u00faz\u00e1si f\u00e1zisban munk\u00e1t v\u00e9gezzen, maximaliz\u00e1lva a hat\u00e9konys\u00e1got \u00e9s a sokoldal\u00fas\u00e1got. Ez a m\u0171k\u00f6d\u00e9si elv teszi a hidraulikus rendszereket olyan er\u0151teljess\u00e9 \u00e9s hat\u00e9konny\u00e1 a k\u00fcl\u00f6nf\u00e9le ipari alkalmaz\u00e1sokban, az \u00e9p\u00edt\u0151ipart\u00f3l a gy\u00e1rt\u00e1sig.<\/p>\n<p>\u00d6sszefoglalva, az FMP kett\u0151s m\u0171k\u00f6d\u00e9s\u0171 hidraulikus dugatty\u00fas munkahengere a hat\u00e9konys\u00e1g \u00e9s a megb\u00edzhat\u00f3s\u00e1g er\u0151m\u0171ve. Egyedi tulajdons\u00e1gaival, m\u0171szaki adataival \u00e9s robusztus m\u0171k\u00f6d\u00e9si elv\u00e9vel n\u00e9lk\u00fcl\u00f6zhetetlen eszk\u00f6z azoknak a v\u00e1llalkoz\u00e1soknak, amelyek jav\u00edtani szeretn\u00e9k hidraulikus m\u0171k\u00f6d\u00e9s\u00fcket \u00e9s nagyobb termel\u00e9kenys\u00e9get szeretn\u00e9nek el\u00e9rni. Tapasztalja meg a hidraulikus technol\u00f3gia erej\u00e9t az FMP-vel, \u00e9s alak\u00edtsa \u00e1t az energiafelhaszn\u00e1l\u00e1s m\u00f3dj\u00e1t a m\u0171k\u00f6d\u00e9s\u00e9ben.<\/p>\n<p><img decoding=\"async\" src=\"https:\/\/hzpt.com\/wp-content\/uploads\/2023\/12\/random-2.webp\" alt=\"\" title=\"\"><\/p>\n<h2>A hegesztett p\u00f3l\u00f3 t\u00edpus\u00fa henger el\u0151nyei<\/h2>\n<ul>\n<li style=\"list-style-type: none;\">\n<ul>\n<li><strong>Megn\u00f6velt er\u0151:<\/strong> A hegesztett T-idom\u00fa hengerek nagy szil\u00e1rds\u00e1gukr\u00f3l ismertek, \u00edgy alkalmasak neh\u00e9z emel\u00e9st ig\u00e9nyl\u0151 alkalmaz\u00e1sokhoz. Az ilyen hengerek gy\u00e1rt\u00e1sa sor\u00e1n alkalmazott hegeszt\u00e9si elj\u00e1r\u00e1s biztos\u00edtja, hogy a henger mentes legyen a gyenge pontokt\u00f3l, \u00e9s ellen\u00e1lljon a nagy nyom\u00e1snak \u00e9s terhel\u00e9snek.<\/li>\n<\/ul>\n<\/li>\n<\/ul>\n<p>Amikor a hengerre nyom\u00e1st gyakorolunk, az egyenletesen oszlik el a teljes fel\u00fcleten, \u00edgy ellen\u00e1ll a deform\u00e1ci\u00f3nak. Ez a tulajdons\u00e1g biztos\u00edtja, hogy a henger extr\u00e9m k\u00f6r\u00fclm\u00e9nyek k\u00f6z\u00f6tt is megtartsa alakj\u00e1t \u00e9s szerkezeti integrit\u00e1s\u00e1t.<\/p>\n<ul>\n<li style=\"list-style-type: none;\">\n<ul>\n<li><strong>Sziv\u00e1rg\u00e1smegel\u0151z\u00e9s:<\/strong> A hegesztett T-idom\u00fa palackokat a sziv\u00e1rg\u00e1s megakad\u00e1lyoz\u00e1s\u00e1ra tervezt\u00e9k. A gy\u00e1rt\u00e1si folyamat sor\u00e1n alkalmazott hegeszt\u00e9si elj\u00e1r\u00e1s biztos\u00edtja, hogy a palack teljesen t\u00f6m\u00edtett \u00e9s mentes legyen minden lehets\u00e9ges sziv\u00e1rg\u00e1st\u00f3l. Ez a tulajdons\u00e1g alkalmass\u00e1 teszi \u0151ket olyan alkalmaz\u00e1sokhoz, ahol a sziv\u00e1rg\u00e1s s\u00falyos k\u00e1rokat vagy s\u00e9r\u00fcl\u00e9seket okozhat.<\/li>\n<\/ul>\n<\/li>\n<\/ul>\n<p>A hegesztett illeszt\u00e9sek sim\u00e1k, reped\u00e9sek vagy hornyok n\u00e9lk\u00fcl, ahol t\u00f6rmel\u00e9k vagy szennyez\u0151d\u00e9s felhalmoz\u00f3dhatna, cs\u00f6kkentve a korr\u00f3zi\u00f3 \u00e9s a henger k\u00e1rosod\u00e1s\u00e1nak kock\u00e1zat\u00e1t.<\/p>\n<ul>\n<li style=\"list-style-type: none;\">\n<ul>\n<li><strong>Testreszabhat\u00f3:<\/strong> A hegesztett T-idom\u00fa hengerek testreszabhat\u00f3k az adott alkalmaz\u00e1sokhoz. A hengerek k\u00fcl\u00f6nb\u00f6z\u0151 m\u00e9retekben \u00e9s form\u00e1kban kaphat\u00f3k, \u00e9s az alkalmaz\u00e1s konkr\u00e9t k\u00f6vetelm\u00e9nyeinek megfelel\u0151en gy\u00e1rthat\u00f3k.<\/li>\n<\/ul>\n<\/li>\n<\/ul>\n<p>A testreszab\u00e1si folyamat lehet\u0151v\u00e9 teszi a henger teljes\u00edtm\u00e9ny\u00e9nek optimaliz\u00e1l\u00e1s\u00e1t, biztos\u00edtva, hogy az megfeleljen a k\u00edv\u00e1nt alkalmaz\u00e1snak. Ez a tulajdons\u00e1g teszi a hegesztett T-idom\u00fa hengereket ide\u00e1liss\u00e1 k\u00fcl\u00f6nf\u00e9le ipari alkalmaz\u00e1sokhoz, bele\u00e9rtve az \u00e9p\u00edt\u0151iparban, a b\u00e1ny\u00e1szatban \u00e9s az anyagmozgat\u00e1sban val\u00f3 haszn\u00e1latra.<\/p>\n<ul>\n<li style=\"list-style-type: none;\">\n<ul>\n<li><strong>K\u00f6lts\u00e9ghat\u00e9kony:<\/strong> A hegesztett T-idom\u00fa hengerek k\u00f6lts\u00e9ghat\u00e9konyabbak m\u00e1s t\u00edpus\u00fa hengerekhez k\u00e9pest. Az ilyen hengerek gy\u00e1rt\u00e1si folyamata egyszer\u0171, \u00edgy olcs\u00f3bbak, mint m\u00e1s t\u00edpus\u00fa hengerek.<\/li>\n<\/ul>\n<\/li>\n<\/ul>\n<p>Tov\u00e1bb\u00e1 a hegesztett T-idom\u00fa hengerek nagy szil\u00e1rds\u00e1ga \u00e9s tart\u00f3ss\u00e1ga cs\u00f6kkenti a gyakori jav\u00edt\u00e1sok \u00e9s cser\u00e9k sz\u00fcks\u00e9gess\u00e9g\u00e9t, \u00edgy megtakar\u00edtva a karbantart\u00e1si k\u00f6lts\u00e9geket. Ez a tulajdons\u00e1g n\u00e9pszer\u0171 v\u00e1laszt\u00e1ss\u00e1 teszi \u0151ket sz\u00e1mos ipar\u00e1gban, k\u00fcl\u00f6n\u00f6sen a korl\u00e1tozott k\u00f6lts\u00e9gvet\u00e9ssel rendelkez\u0151k sz\u00e1m\u00e1ra.<\/p>\n<ul>\n<li style=\"list-style-type: none;\">\n<ul>\n<li><strong>Megn\u00f6velt hat\u00e9konys\u00e1g:<\/strong> A hegesztett T-idom\u00fa hengerek rendk\u00edv\u00fcl hat\u00e9konyak \u00e9s eredm\u00e9nyesek. A henger kialak\u00edt\u00e1sa biztos\u00edtja, hogy az alkalmazott er\u0151 k\u00f6zvetlen\u00fcl a terhel\u00e9sre ker\u00fclj\u00f6n \u00e1t, cs\u00f6kkentve az energiavesztes\u00e9get \u00e9s n\u00f6velve a hat\u00e9konys\u00e1got.<\/li>\n<\/ul>\n<\/li>\n<\/ul>\n<p>A hegesztett k\u00f6t\u00e9sek er\u0151sek \u00e9s merevek, minimaliz\u00e1lj\u00e1k az alakv\u00e1ltoz\u00e1st, \u00e9s biztos\u00edtj\u00e1k, hogy a henger extr\u00e9m k\u00f6r\u00fclm\u00e9nyek k\u00f6z\u00f6tt is megtartsa alakj\u00e1t \u00e9s szerkezeti integrit\u00e1s\u00e1t. Ez a tulajdons\u00e1g ide\u00e1liss\u00e1 teszi a hegesztett T-idom\u00fa hengereket olyan alkalmaz\u00e1sokhoz, amelyek nagy hat\u00e9konys\u00e1got \u00e9s megb\u00edzhat\u00f3s\u00e1got ig\u00e9nyelnek.<\/p>\n<p><img decoding=\"async\" class=\"aligncenter\" src=\"https:\/\/hzpt.com\/wp-content\/uploads\/2023\/12\/random-4.webp\" alt=\"\" title=\"\"><\/p>\n<h2>Hegesztett p\u00f3l\u00f3 t\u00edpus\u00fa henger alkalmaz\u00e1sa<\/h2>\n<h3>Bevezet\u00e9s<\/h3>\n<p>A hegesztett T-idom\u00fa henger egy olyan hidraulikus hengert\u00edpus, amelyet gyakran haszn\u00e1lnak ipari alkalmaz\u00e1sokban. \u00dagy tervezt\u00e9k, hogy nagy er\u0151teljes\u00edtm\u00e9nyt biztos\u00edtson kompakt \u00e9s k\u00f6lts\u00e9ghat\u00e9kony kivitelben. Ez a t\u00edpus\u00fa henger egy hegesztett T-idomb\u00f3l \u00e9s egy dugatty\u00far\u00fadb\u00f3l \u00e1ll, amely a T-idomhoz van r\u00f6gz\u00edtve. A T-idom a henger h\u00e1z\u00e1hoz van csatlakoztatva, \u00e9s egy dugatty\u00fat tartalmaz, amely el\u0151re-h\u00e1tra mozog a h\u00e1z belsej\u00e9ben er\u0151t gener\u00e1lva.<\/p>\n<h3>A hegesztett p\u00f3l\u00f3 t\u00edpus\u00fa henger el\u0151nyei<\/h3>\n<p>A hegesztett T-henger ipari alkalmaz\u00e1sokban t\u00f6rt\u00e9n\u0151 haszn\u00e1lat\u00e1nak sz\u00e1mos el\u0151nye van:<\/p>\n<ul>\n<li><b>Kompakt kialak\u00edt\u00e1s:<\/b> A hegesztett T-idom\u00fa hengerek kompakt kialak\u00edt\u00e1s\u00faak, \u00edgy ide\u00e1lisak korl\u00e1tozott helyeken val\u00f3 haszn\u00e1latra.<\/li>\n<li><b>Nagy hat\u00e9konys\u00e1g:<\/b> A hegesztett T-idom\u00fa hengerek rendk\u00edv\u00fcl hat\u00e9konyak, ami azt jelenti, hogy minim\u00e1lis energiabefektet\u00e9ssel nagy er\u0151t tudnak kifejteni.<\/li>\n<li><b>Tart\u00f3s:<\/b> A hegesztett T-idom\u00fa hengereket \u00fagy tervezt\u00e9k, hogy rendk\u00edv\u00fcl tart\u00f3sak legyenek, ami azt jelenti, hogy ellen\u00e1llnak a zord \u00fczemi k\u00f6r\u00fclm\u00e9nyeknek \u00e9s hossz\u00fa ideig kitartanak.<\/li>\n<li><b>K\u00f6lts\u00e9ghat\u00e9kony:<\/b> A hegesztett T-idom\u00fa hengerek k\u00f6lts\u00e9ghat\u00e9konyak, ami azt jelenti, hogy j\u00f3 \u00e1r-\u00e9rt\u00e9k ar\u00e1nyt k\u00e9pviselnek.<\/li>\n<\/ul>\n<p><img loading=\"lazy\" decoding=\"async\" class=\"size-full wp-image-977 aligncenter\" src=\"https:\/\/fmp-components.com\/wp-content\/uploads\/2024\/12\/Welded-Tee-Type-Cylinder3.webp\" alt=\"Hegesztett p\u00f3l\u00f3 t\u00edpus\u00fa henger\" width=\"653\" height=\"600\" title=\"\" srcset=\"https:\/\/fmp-components.com\/wp-content\/uploads\/2024\/12\/Welded-Tee-Type-Cylinder3.webp 653w, https:\/\/fmp-components.com\/wp-content\/uploads\/2024\/12\/Welded-Tee-Type-Cylinder3-480x441.webp 480w\" sizes=\"(min-width: 0px) and (max-width: 480px) 480px, (min-width: 481px) 653px, 100vw\" \/><\/p>\n<h3>Hegesztett p\u00f3l\u00f3 t\u00edpus\u00fa henger alkalmaz\u00e1sai<\/h3>\n<p>A hegesztett T-idom\u00fa hengereknek sz\u00e1mos alkalmaz\u00e1si ter\u00fclete van a k\u00fcl\u00f6nb\u00f6z\u0151 ipar\u00e1gakban, bele\u00e9rtve:<\/p>\n<ul>\n<li><b>Gy\u00e1rt\u00e1s:<\/b> A hegesztett T-idom\u00fa hengereket a gy\u00e1rt\u00e1sban g\u00e9pek m\u0171k\u00f6dtet\u00e9s\u00e9re, neh\u00e9z terhek mozgat\u00e1s\u00e1ra \u00e9s f\u00e9m alkatr\u00e9szek alak\u00edt\u00e1s\u00e1ra haszn\u00e1lj\u00e1k.<\/li>\n<li><b>Mez\u0151gazdas\u00e1g:<\/b> A hegesztett T-idom\u00fa hengereket a mez\u0151gazdas\u00e1gban haszn\u00e1lj\u00e1k traktorok, betakar\u00edt\u00f3g\u00e9pek \u00e9s egy\u00e9b mez\u0151gazdas\u00e1gi berendez\u00e9sek hidraulikus rendszereinek m\u0171k\u00f6dtet\u00e9s\u00e9re.<\/li>\n<li><b>\u00c9p\u00edt\u00e9s:<\/b> A hegesztett T-idom\u00fa hengereket az \u00e9p\u00edt\u0151iparban haszn\u00e1lj\u00e1k olyan g\u00e9pek m\u0171k\u00f6dtet\u00e9s\u00e9re, mint a daruk, kotr\u00f3g\u00e9pek \u00e9s kotr\u00f3g\u00e9pek.<\/li>\n<li><b>B\u00e1ny\u00e1szati:<\/b> A hegesztett p\u00f3l\u00f3 t\u00edpus\u00fa hengereket a b\u00e1ny\u00e1szatban haszn\u00e1lj\u00e1k neh\u00e9zg\u00e9pek, p\u00e9ld\u00e1ul buld\u00f3zerek, rakod\u00f3g\u00e9pek \u00e9s k\u0151zetf\u00far\u00f3k hidraulikus rendszereinek m\u0171k\u00f6dtet\u00e9s\u00e9re.<\/li>\n<li><b>Sz\u00e1ll\u00edt\u00e1s:<\/b> A hegesztett T-idom\u00fa hengereket a sz\u00e1ll\u00edtm\u00e1nyoz\u00e1sban haszn\u00e1lj\u00e1k teheraut\u00f3k, buszok \u00e9s egy\u00e9b j\u00e1rm\u0171vek hidraulikus rendszereinek m\u0171k\u00f6dtet\u00e9s\u00e9re.<\/li>\n<\/ul>\n<p>\u00d6sszefoglalva, a hegesztett T-idom\u00fa hengerek fontos alkot\u00f3elemei sz\u00e1mos ipari alkalmaz\u00e1snak. Kompakt, hat\u00e9kony, tart\u00f3s \u00e9s k\u00f6lts\u00e9ghat\u00e9kony kialak\u00edt\u00e1suknak k\u00f6sz\u00f6nhet\u0151en ide\u00e1lis v\u00e1laszt\u00e1st jelentenek sz\u00e1mos alkalmaz\u00e1shoz. Ak\u00e1r gy\u00e1rt\u00f3\u00fczemben g\u00e9peket, ak\u00e1r farmon mez\u0151gazdas\u00e1gi berendez\u00e9seket, ak\u00e1r b\u00e1ny\u00e1ban neh\u00e9zg\u00e9peket \u00fczemeltet, a hegesztett T-idom\u00fa hengerek seg\u00edthetnek a munka hat\u00e9kony \u00e9s eredm\u00e9nyes elv\u00e9gz\u00e9s\u00e9ben.<\/p>\n<h3>Az FMP-r\u0151l<\/h3>\n<p>Az FMP t\u00f6bb mint 30 \u00e9ves m\u00faltra tekint vissza, \u00e9s k\u00fcl\u00f6nf\u00e9le hidraulikus hengerek elismert gy\u00e1rt\u00f3ja \u00e9s sz\u00e1ll\u00edt\u00f3ja. Ipari ter\u00fclet\u00fcnk Olaszorsz\u00e1gban tal\u00e1lhat\u00f3, \u00e9s b\u00fcszk\u00e9k vagyunk arra, hogy t\u00f6bb mint 100 \u00e9lvonalbeli berendez\u00e9ssel m\u0171k\u00f6d\u00fcnk. G\u00e9pparkunk sz\u00e9les v\u00e1laszt\u00e9k\u00e1ban megtal\u00e1lhat\u00f3k automata g\u00e1zv\u00e9d\u0151g\u00e1zas hegeszt\u0151g\u00e9pek, m\u00e9lyf\u00far\u00f3 g\u00e9pek, CNC eszterg\u00e1k, hengeres k\u00f6sz\u00f6r\u0171k, automata tiszt\u00edt\u00f3g\u00e9pek, automata szerel\u0151g\u00e9pek, automata hidraulikus henger teljes\u00edtm\u00e9nym\u00e9r\u0151 padok, automata fest\u0151sorok \u00e9s m\u00e9g sok m\u00e1s.<\/p>\n<p><img decoding=\"async\" src=\"https:\/\/fmp-components.com\/wp-content\/uploads\/2024\/12\/fmp-factory-4.webp\" alt=\"FMP gy\u00e1r\" width=\"800\" title=\"\"><\/p>\n<p>Hidraulikus hengerek ter\u00e9n az FMP a lehet\u0151 legmagasabb min\u0151s\u00e9get \u00e9s megb\u00edzhat\u00f3s\u00e1got garant\u00e1lja. Minden egyes hidraulikus henger szigor\u00fa megmunk\u00e1l\u00e1son \u00e9s ellen\u0151rz\u00e9sen megy kereszt\u00fcl, hogy kiv\u00e9teles teljes\u00edtm\u00e9nyt garant\u00e1ljon \u00e9rt\u00e9kes \u00fcgyfeleink sz\u00e1m\u00e1ra. B\u00fcszk\u00e9k vagyunk arra, hogy a k\u00f6vetkez\u0151 el\u0151ny\u00f6ket k\u00edn\u00e1ljuk:<\/p>\n<ol>\n<li><strong>Tervez\u00e9si szolg\u00e1ltat\u00e1s:<\/strong> Tapasztalt tervez\u0151csapatunk kiv\u00e1l\u00f3an teljes\u00edt az univerz\u00e1lis tengelyek tervez\u00e9s\u00e9ben \u00e9s fejleszt\u00e9s\u00e9ben. Ha b\u00e1rmilyen speci\u00e1lis ig\u00e9nye van az \u00faj term\u00e9kekkel kapcsolatban, vagy tov\u00e1bbi fejleszt\u00e9seket keres, mi itt vagyunk, hogy t\u00e1mogassuk \u00d6nt.<\/li>\n<li><strong>Term\u00e9kszolg\u00e1ltat\u00e1s:<\/strong> \u00c1tfog\u00f3 term\u00e9kszolg\u00e1ltat\u00e1sunk leegyszer\u0171s\u00edtett folyamatot foglal mag\u00e1ban a nyersanyagokt\u00f3l a sz\u00e1ll\u00edt\u00e1sig. Gondoskodunk az olyan apr\u00f3l\u00e9kos l\u00e9p\u00e9sekr\u0151l, mint a v\u00e1g\u00e1s, a durva megmunk\u00e1l\u00e1s, a tesztel\u00e9s, a tiszt\u00edt\u00e1s, az \u00f6sszeszerel\u00e9s, a csomagol\u00e1s \u00e9s a sz\u00e1ll\u00edt\u00e1s, hogy kiv\u00e1l\u00f3 min\u0151s\u00e9g\u0171 hidraulikus hengereket sz\u00e1ll\u00edthassunk.<\/li>\n<li><strong>Mintav\u00e9teli folyamat:<\/strong> Az FMP-n\u00e9l meg\u00e9rtj\u00fck az egyedi mint\u00e1k fontoss\u00e1g\u00e1t. K\u00e9pesek vagyunk az \u00d6n ig\u00e9nyei alapj\u00e1n mint\u00e1kat fejleszteni, \u00e9s azokat folyamatosan m\u00f3dos\u00edtani, hogy megfeleljenek az \u00d6n egyedi ig\u00e9nyeinek.<\/li>\n<li><strong>K+F:<\/strong> El\u0151re gondolkod\u00f3 v\u00e1llalatk\u00e9nt folyamatosan tanulm\u00e1nyozzuk a piac v\u00e1ltoz\u00f3 ig\u00e9nyeit, k\u00fcl\u00f6n\u00f6sen \u00faj j\u00e1rm\u0171vek bevezet\u00e9sekor. Ez lehet\u0151v\u00e9 teszi sz\u00e1munkra, hogy \u00faj modelleket fejlessz\u00fcnk ki \u00e9s az ipar\u00e1g \u00e9lvonal\u00e1ban maradjunk.<\/li>\n<li><strong>Testreszab\u00e1s:<\/strong> K\u00fcl\u00f6nf\u00e9le hidraulikus hengerek gy\u00e1rt\u00e1s\u00e1ra \u00e9s \u00e9rt\u00e9kes\u00edt\u00e9s\u00e9re specializ\u00e1l\u00f3dtunk, \u00e9s \u00f6r\u00f6mmel v\u00e1llaljuk az egyedi ig\u00e9nyek kiel\u00e9g\u00edt\u00e9s\u00e9t is. Ak\u00e1r speci\u00e1lis m\u00e9retekre, funkci\u00f3kra vagy egy\u00e9b specifik\u00e1ci\u00f3kra van sz\u00fcks\u00e9ge, csapatunk elk\u00f6telezett az \u00d6n egyedi ig\u00e9nyeinek kiel\u00e9g\u00edt\u00e9se ir\u00e1nt.<\/li>\n<\/ol>\n<p>Az FMP-vel megb\u00edzhat abban, hogy term\u00e9keink prec\u00edzen k\u00e9sz\u00fclnek \u00e9s szigor\u00fa min\u0151s\u00e9gellen\u0151rz\u00e9si int\u00e9zked\u00e9seken esnek \u00e1t. Megh\u00edvjuk \u00d6nt, hogy legyen partner\u00fcnk minden hidraulikus hengerrel kapcsolatos ig\u00e9nye kiel\u00e9g\u00edt\u00e9s\u00e9re. L\u00e9pjen kapcsolatba vel\u00fcnk m\u00e9g ma, hogy felfedezz\u00fck a lehet\u0151s\u00e9geket.<\/p>\n<p><img loading=\"lazy\" decoding=\"async\" class=\"size-full wp-image-974 aligncenter\" src=\"https:\/\/fmp-components.com\/wp-content\/uploads\/2024\/12\/application-of-Welded-Tee-Type-Cylinder.webp\" alt=\"Hegesztett T-idom\u00fa henger alkalmaz\u00e1sa\" width=\"760\" height=\"860\" title=\"\" srcset=\"https:\/\/fmp-components.com\/wp-content\/uploads\/2024\/12\/application-of-Welded-Tee-Type-Cylinder.webp 760w, https:\/\/fmp-components.com\/wp-content\/uploads\/2024\/12\/application-of-Welded-Tee-Type-Cylinder-480x543.webp 480w\" sizes=\"(min-width: 0px) and (max-width: 480px) 480px, (min-width: 481px) 760px, 100vw\" \/><\/p>\n<h2>Gyakran ism\u00e9telt k\u00e9rd\u00e9sek<\/h2>\n<p><b>1. k\u00e9rd\u00e9s:<\/b> Mi a hidraulikus dugatty\u00fahenger?<\/p>\n<p><b>A1:<\/b> A hidraulikus dugatty\u00fas henger egy nagy hat\u00e9konys\u00e1g\u00fa hidraulikus megold\u00e1s, amely a folyad\u00e9knyom\u00e1s erej\u00e9t haszn\u00e1lja ki m\u0171k\u00f6d\u00e9s\u00e9hez.<\/p>\n<p><b>2. k\u00e9rd\u00e9s:<\/b> Melyek a hidraulikus dugatty\u00fas henger f\u0151bb jellemz\u0151i?<\/p>\n<p><b>A2:<\/b> A hidraulikus dugatty\u00fas munkahenger energiahat\u00e9kony, rendk\u00edv\u00fcl m\u0171k\u00f6d\u0151k\u00e9pes, biztons\u00e1gos \u00e9s megb\u00edzhat\u00f3.<\/p>\n<p><b>3. k\u00e9rd\u00e9s:<\/b> Milyen alkalmaz\u00e1sai vannak a hidraulikus dugatty\u00fas hengernek?<\/p>\n<p><b>A3:<\/b> A hidraulikus d\u00f6ng\u00f6l\u0151hengert sz\u00e9les k\u00f6rben haszn\u00e1lj\u00e1k\u2026<\/p>\n<p><b>4. negyed\u00e9v:<\/b> Mi\u00e9rt v\u00e1lasszam az FMP hidraulikus dugatty\u00fas henger\u00e9t?<\/p>\n<p><b>A4:<\/b> Az FMP hidraulikus dugatty\u00fas hengere kiv\u00e1l\u00f3 min\u0151s\u00e9g\u0171, nagy teljes\u00edtm\u00e9nyt, megb\u00edzhat\u00f3s\u00e1got \u00e9s energiahat\u00e9konys\u00e1got k\u00edn\u00e1l.<\/p>\n<p><b>5. k\u00e9rd\u00e9s:<\/b> Milyen m\u00e1s term\u00e9keket k\u00edn\u00e1l az FMP?<\/p>\n<p><b>A5:<\/b> A hidraulikus dugatty\u00fas hengerek mellett az FMP sz\u00e1mos m\u00e1s hidraulikus megold\u00e1st is k\u00edn\u00e1l k\u00fcl\u00f6nb\u00f6z\u0151 ipar\u00e1gak \u00e9s alkalmaz\u00e1sok sz\u00e1m\u00e1ra, bele\u00e9rtve a targonca hidraulikus hengereit, a b\u00e1ny\u00e1szati \u200b\u200bd\u00f6mperek hengereit \u00e9s a higi\u00e9niai g\u00e9pek hidraulikus hengereit.<\/p>\n<p>Szerz\u0151: CX<\/p>","protected":false},"excerpt":{"rendered":"<p>Discover the Power of the Hydraulic Ram Cylinder Experience high-efficiency power with FMP&#8217;s superior quality Double Acting Hydraulic Ram Cylinder. Since its establishment in 2006, FMP has been at the forefront of providing top-of-the-line hydraulic solutions to industries around the world, revolutionizing the way we harness and utilize hydraulic power. With a commitment to innovation [&hellip;]<\/p>","protected":false},"featured_media":1132,"comment_status":"closed","ping_status":"closed","template":"","meta":{"_et_pb_use_builder":"","_et_pb_old_content":"","_et_gb_content_width":""},"product_brand":[],"product_cat":[31],"product_tag":[34,35],"class_list":{"0":"post-927","1":"product","2":"type-product","3":"status-publish","4":"has-post-thumbnail","6":"product_cat-welded-tee-type-cylinder","7":"product_tag-hydraulic-cylinder","8":"product_tag-welded-tee-type-cylinder","10":"first","11":"instock","12":"product-type-simple"},"_links":{"self":[{"href":"https:\/\/fmp-components.com\/hu\/wp-json\/wp\/v2\/product\/927","targetHints":{"allow":["GET"]}}],"collection":[{"href":"https:\/\/fmp-components.com\/hu\/wp-json\/wp\/v2\/product"}],"about":[{"href":"https:\/\/fmp-components.com\/hu\/wp-json\/wp\/v2\/types\/product"}],"replies":[{"embeddable":true,"href":"https:\/\/fmp-components.com\/hu\/wp-json\/wp\/v2\/comments?post=927"}],"wp:featuredmedia":[{"embeddable":true,"href":"https:\/\/fmp-components.com\/hu\/wp-json\/wp\/v2\/media\/1132"}],"wp:attachment":[{"href":"https:\/\/fmp-components.com\/hu\/wp-json\/wp\/v2\/media?parent=927"}],"wp:term":[{"taxonomy":"product_brand","embeddable":true,"href":"https:\/\/fmp-components.com\/hu\/wp-json\/wp\/v2\/product_brand?post=927"},{"taxonomy":"product_cat","embeddable":true,"href":"https:\/\/fmp-components.com\/hu\/wp-json\/wp\/v2\/product_cat?post=927"},{"taxonomy":"product_tag","embeddable":true,"href":"https:\/\/fmp-components.com\/hu\/wp-json\/wp\/v2\/product_tag?post=927"}],"curies":[{"name":"munkaf\u00fczet","href":"https:\/\/api.w.org\/{rel}","templated":true}]}}