{"id":926,"date":"2024-12-19T03:39:00","date_gmt":"2024-12-19T03:39:00","guid":{"rendered":"https:\/\/fmp-components.com\/product\/10006-factory-price-stainless-steel-cylinder-piston-hydraulic-cylinder\/"},"modified":"2024-12-19T09:00:21","modified_gmt":"2024-12-19T09:00:21","slug":"10006-factory-price-stainless-steel-cylinder-piston-hydraulic-cylinder","status":"publish","type":"product","link":"https:\/\/fmp-components.com\/hu\/product\/10006-factory-price-stainless-steel-cylinder-piston-hydraulic-cylinder\/","title":{"rendered":"10006 Gy\u00e1ri \u00e1r\u00fa rozsdamentes ac\u00e9l hengerdugatty\u00fas hidraulikus henger"},"content":{"rendered":"<h3>A rozsdamentes ac\u00e9l hengerdugatty\u00fas hidraulikus henger funkci\u00f3i \u00e9s fontoss\u00e1ga<\/h3>\n<p>A rozsdamentes ac\u00e9l hengerdugatty\u00fas hidraulikus henger sz\u00e1mos g\u00e9p m\u0171k\u00f6d\u00e9s\u00e9nek alapvet\u0151 eleme a k\u00fcl\u00f6nb\u00f6z\u0151 ipar\u00e1gakban. Els\u0151dleges funkci\u00f3ja a folyad\u00e9kenergia line\u00e1ris mechanikai er\u0151v\u00e9 alak\u00edt\u00e1sa, lehet\u0151v\u00e9 t\u00e9ve a feladatok sz\u00e9les sk\u00e1l\u00e1j\u00e1nak v\u00e9grehajt\u00e1s\u00e1hoz sz\u00fcks\u00e9ges prec\u00edz mozg\u00e1st. Ez a k\u00e9pess\u00e9g sz\u00e1mos ipari alkalmaz\u00e1s szerves r\u00e9sz\u00e9v\u00e9 teszi, bele\u00e9rtve a gy\u00e1rt\u00e1st, az \u00e9p\u00edt\u0151ipar \u00e9s az aut\u00f3ipari rendszereket. A rozsdamentes ac\u00e9l hidraulikus hengerek megb\u00edzhat\u00f3s\u00e1ga \u00e9s hat\u00e9konys\u00e1ga n\u00f6veli a termel\u00e9kenys\u00e9get \u00e9s biztos\u00edtja a z\u00f6kken\u0151mentes m\u0171k\u00f6d\u00e9st, ez\u00e1ltal kiemelve fontoss\u00e1gukat a modern g\u00e9pekben.<\/p>\n<h3>Egyedi tulajdons\u00e1gok \u00e9s el\u0151ny\u00f6k<\/h3>\n<ul>\n<li><strong>Energiahat\u00e9kony:<\/strong><br \/>\nA rozsdamentes ac\u00e9l hengerdugatty\u00fas hidraulikus munkahenger kialak\u00edt\u00e1sa az energiahat\u00e9konys\u00e1gra helyezi a hangs\u00falyt, lehet\u0151v\u00e9 t\u00e9ve a minim\u00e1lis energiafogyaszt\u00e1ssal t\u00f6rt\u00e9n\u0151 m\u0171k\u00f6d\u00e9st. Ez a hat\u00e9konys\u00e1g nemcsak az \u00fczemeltet\u00e9si k\u00f6lts\u00e9geket cs\u00f6kkenti, hanem a hullad\u00e9k minimaliz\u00e1l\u00e1s\u00e1val \u00e9s a hidraulikus rendszerek \u00e1ltal\u00e1nos hat\u00e9konys\u00e1g\u00e1nak n\u00f6vel\u00e9s\u00e9vel el\u0151seg\u00edti a fenntarthat\u00f3s\u00e1got is.<\/li>\n<li><strong>Nagy teljes\u00edtm\u00e9ny:<\/strong><br \/>\nA kiv\u00e1l\u00f3 funkcionalit\u00e1sra tervezett hidraulikus henger \u00e1lland\u00f3 \u00e9s nagy teljes\u00edtm\u00e9nyt ny\u00fajt. Robusztus konstrukci\u00f3ja biztos\u00edtja, hogy jelent\u0151s terhel\u00e9seket kezeljen, \u00e9s hat\u00e9konyan m\u0171k\u00f6dj\u00f6n ig\u00e9nyes k\u00f6rnyezetben. A rozsdamentes ac\u00e9l hengerek nagy teljes\u00edtm\u00e9nyk\u00e9pess\u00e9ge alkalmass\u00e1 teszi \u0151ket a prec\u00edzi\u00f3t \u00e9s megb\u00edzhat\u00f3s\u00e1got ig\u00e9nyl\u0151 alkalmaz\u00e1sokhoz.<\/li>\n<li><strong>Biztons\u00e1g:<\/strong><br \/>\nA rozsdamentes ac\u00e9l hengerdugatty\u00fas hidraulikus munkahenger egyik kritikus jellemz\u0151je a biztons\u00e1g. Kiv\u00e1l\u00f3 min\u0151s\u00e9g\u0171 rozsdamentes ac\u00e9lb\u00f3l k\u00e9sz\u00fclt konstrukci\u00f3ja ellen\u00e1ll a korr\u00f3zi\u00f3nak \u00e9s a kop\u00e1snak, \u00edgy hossz\u00fa t\u00e1v\u00fa tart\u00f3ss\u00e1got biztos\u00edt. Ezenk\u00edv\u00fcl a hidraulikus munkahenger biztons\u00e1gi mechanizmusokkal van ell\u00e1tva a sziv\u00e1rg\u00e1sok \u00e9s meghib\u00e1sod\u00e1sok megel\u0151z\u00e9se \u00e9rdek\u00e9ben, lehet\u0151v\u00e9 t\u00e9ve a kezel\u0151k sz\u00e1m\u00e1ra, hogy magabiztosan dolgozzanak nagynyom\u00e1s\u00fa k\u00f6rnyezetben.<\/li>\n<\/ul>\n<h3>A hidraulikus rendszer meg\u00e9rt\u00e9se<\/h3>\n<p>A hidraulikus rendszer egy kifinomult alkatr\u00e9szh\u00e1l\u00f3zat, amelyek egy\u00fcttm\u0171k\u00f6dve tov\u00e1bb\u00edtj\u00e1k az er\u0151t \u00e9s el\u0151seg\u00edtik a mozg\u00e1st. Ebben a rendszerben a rozsdamentes ac\u00e9l hengerdugatty\u00fas hidraulikus henger kulcsszerepet j\u00e1tszik, amely a hidraulikus energi\u00e1t mechanikai er\u0151v\u00e9 alak\u00edtja.<\/p>\n<p>Amikor hidraulikafolyad\u00e9kot pump\u00e1lnak a hengerbe, az nyom\u00e1st gyakorol a dugatty\u00fara, amely ezut\u00e1n line\u00e1ris ir\u00e1nyban mozog. Ez a mozg\u00e1s hozza l\u00e9tre a sz\u00fcks\u00e9ges er\u0151t a k\u00fcl\u00f6nf\u00e9le feladatok elv\u00e9gz\u00e9s\u00e9hez, p\u00e9ld\u00e1ul neh\u00e9z t\u00e1rgyak emel\u00e9s\u00e9hez, tol\u00e1s\u00e1hoz vagy h\u00faz\u00e1s\u00e1hoz. A rozsdamentes ac\u00e9l hengerdugatty\u00fas hidraulikus henger funkci\u00f3j\u00e1nak meg\u00e9rt\u00e9se elengedhetetlen a hidraulikus rendszer teljes m\u0171k\u00f6d\u00e9s\u00e9nek meg\u00e9rt\u00e9s\u00e9hez.<\/p>\n<p>A hidraulikus rendszer minden egyes alkatr\u00e9sze \u2013 p\u00e9ld\u00e1ul a szivatty\u00fak, szelepek \u00e9s t\u00f6ml\u0151k \u2013 k\u00f6lcs\u00f6nhat\u00e1sban \u00e1ll a hidraulikus hengerrel, hogy z\u00f6kken\u0151mentes er\u0151\u00e1raml\u00e1st hozzon l\u00e9tre. Ha meg\u00e9rtj\u00fck, hogyan integr\u00e1l\u00f3dik a rozsdamentes ac\u00e9l hengerdugatty\u00fas hidraulikus henger ezekkel a t\u00f6bbi elemmel, akkor \u00e9rt\u00e9kelhetj\u00fck a hidraulikus rendszerek eg\u00e9sz\u00e9nek \u00f6sszetetts\u00e9g\u00e9t \u00e9s hat\u00e9konys\u00e1g\u00e1t.<\/p>\n<p>\u00d6sszefoglalva, a rozsdamentes ac\u00e9l hengerdugatty\u00fas hidraulikus munkahenger l\u00e9tfontoss\u00e1g\u00fa alkatr\u00e9sz, amely jav\u00edtja a hidraulikus rendszerek m\u0171k\u00f6d\u00e9s\u00e9t \u00e9s biztons\u00e1g\u00e1t. Egyedi tulajdons\u00e1gai \u00e9s el\u0151nyei n\u00e9lk\u00fcl\u00f6zhetetlenn\u00e9 teszik sz\u00e1mos ipari alkalmaz\u00e1sban, biztos\u00edtva a g\u00e9pek hat\u00e9kony \u00e9s eredm\u00e9nyes m\u0171k\u00f6d\u00e9s\u00e9t.<img decoding=\"async\" src=\"https:\/\/hzpt.com\/wp-content\/uploads\/2023\/12\/random-2.webp\" alt=\"\" title=\"\"><\/p>\n<h2>A hegesztett p\u00f3l\u00f3 t\u00edpus\u00fa henger el\u0151nyei<\/h2>\n<ul>\n<li style=\"list-style-type: none;\">\n<ul>\n<li><strong>Megn\u00f6velt er\u0151:<\/strong> A hegesztett T-idom\u00fa hengerek nagy szil\u00e1rds\u00e1gukr\u00f3l ismertek, \u00edgy alkalmasak neh\u00e9z emel\u00e9st ig\u00e9nyl\u0151 alkalmaz\u00e1sokhoz. Az ilyen hengerek gy\u00e1rt\u00e1sa sor\u00e1n alkalmazott hegeszt\u00e9si elj\u00e1r\u00e1s biztos\u00edtja, hogy a henger mentes legyen a gyenge pontokt\u00f3l, \u00e9s ellen\u00e1lljon a nagy nyom\u00e1snak \u00e9s terhel\u00e9snek.<\/li>\n<\/ul>\n<\/li>\n<\/ul>\n<p>Amikor a hengerre nyom\u00e1st gyakorolunk, az egyenletesen oszlik el a teljes fel\u00fcleten, \u00edgy ellen\u00e1ll a deform\u00e1ci\u00f3nak. Ez a tulajdons\u00e1g biztos\u00edtja, hogy a henger extr\u00e9m k\u00f6r\u00fclm\u00e9nyek k\u00f6z\u00f6tt is megtartsa alakj\u00e1t \u00e9s szerkezeti integrit\u00e1s\u00e1t.<\/p>\n<ul>\n<li style=\"list-style-type: none;\">\n<ul>\n<li><strong>Sziv\u00e1rg\u00e1smegel\u0151z\u00e9s:<\/strong> A hegesztett T-idom\u00fa palackokat a sziv\u00e1rg\u00e1s megakad\u00e1lyoz\u00e1s\u00e1ra tervezt\u00e9k. A gy\u00e1rt\u00e1si folyamat sor\u00e1n alkalmazott hegeszt\u00e9si elj\u00e1r\u00e1s biztos\u00edtja, hogy a palack teljesen t\u00f6m\u00edtett \u00e9s mentes legyen minden lehets\u00e9ges sziv\u00e1rg\u00e1st\u00f3l. Ez a tulajdons\u00e1g alkalmass\u00e1 teszi \u0151ket olyan alkalmaz\u00e1sokhoz, ahol a sziv\u00e1rg\u00e1s s\u00falyos k\u00e1rokat vagy s\u00e9r\u00fcl\u00e9seket okozhat.<\/li>\n<\/ul>\n<\/li>\n<\/ul>\n<p>A hegesztett illeszt\u00e9sek sim\u00e1k, reped\u00e9sek vagy hornyok n\u00e9lk\u00fcl, ahol t\u00f6rmel\u00e9k vagy szennyez\u0151d\u00e9s felhalmoz\u00f3dhatna, cs\u00f6kkentve a korr\u00f3zi\u00f3 \u00e9s a henger k\u00e1rosod\u00e1s\u00e1nak kock\u00e1zat\u00e1t.<\/p>\n<ul>\n<li style=\"list-style-type: none;\">\n<ul>\n<li><strong>Testreszabhat\u00f3:<\/strong> A hegesztett T-idom\u00fa hengerek testreszabhat\u00f3k az adott alkalmaz\u00e1sokhoz. A hengerek k\u00fcl\u00f6nb\u00f6z\u0151 m\u00e9retekben \u00e9s form\u00e1kban kaphat\u00f3k, \u00e9s az alkalmaz\u00e1s konkr\u00e9t k\u00f6vetelm\u00e9nyeinek megfelel\u0151en gy\u00e1rthat\u00f3k.<\/li>\n<\/ul>\n<\/li>\n<\/ul>\n<p>A testreszab\u00e1si folyamat lehet\u0151v\u00e9 teszi a henger teljes\u00edtm\u00e9ny\u00e9nek optimaliz\u00e1l\u00e1s\u00e1t, biztos\u00edtva, hogy az megfeleljen a k\u00edv\u00e1nt alkalmaz\u00e1snak. Ez a tulajdons\u00e1g teszi a hegesztett T-idom\u00fa hengereket ide\u00e1liss\u00e1 k\u00fcl\u00f6nf\u00e9le ipari alkalmaz\u00e1sokhoz, bele\u00e9rtve az \u00e9p\u00edt\u0151iparban, a b\u00e1ny\u00e1szatban \u00e9s az anyagmozgat\u00e1sban val\u00f3 haszn\u00e1latra.<\/p>\n<ul>\n<li style=\"list-style-type: none;\">\n<ul>\n<li><strong>K\u00f6lts\u00e9ghat\u00e9kony:<\/strong> A hegesztett T-idom\u00fa hengerek k\u00f6lts\u00e9ghat\u00e9konyabbak m\u00e1s t\u00edpus\u00fa hengerekhez k\u00e9pest. Az ilyen hengerek gy\u00e1rt\u00e1si folyamata egyszer\u0171, \u00edgy olcs\u00f3bbak, mint m\u00e1s t\u00edpus\u00fa hengerek.<\/li>\n<\/ul>\n<\/li>\n<\/ul>\n<p>Tov\u00e1bb\u00e1 a hegesztett T-idom\u00fa hengerek nagy szil\u00e1rds\u00e1ga \u00e9s tart\u00f3ss\u00e1ga cs\u00f6kkenti a gyakori jav\u00edt\u00e1sok \u00e9s cser\u00e9k sz\u00fcks\u00e9gess\u00e9g\u00e9t, \u00edgy megtakar\u00edtva a karbantart\u00e1si k\u00f6lts\u00e9geket. Ez a tulajdons\u00e1g n\u00e9pszer\u0171 v\u00e1laszt\u00e1ss\u00e1 teszi \u0151ket sz\u00e1mos ipar\u00e1gban, k\u00fcl\u00f6n\u00f6sen a korl\u00e1tozott k\u00f6lts\u00e9gvet\u00e9ssel rendelkez\u0151k sz\u00e1m\u00e1ra.<\/p>\n<ul>\n<li style=\"list-style-type: none;\">\n<ul>\n<li><strong>Megn\u00f6velt hat\u00e9konys\u00e1g:<\/strong> A hegesztett T-idom\u00fa hengerek rendk\u00edv\u00fcl hat\u00e9konyak \u00e9s eredm\u00e9nyesek. A henger kialak\u00edt\u00e1sa biztos\u00edtja, hogy az alkalmazott er\u0151 k\u00f6zvetlen\u00fcl a terhel\u00e9sre ker\u00fclj\u00f6n \u00e1t, cs\u00f6kkentve az energiavesztes\u00e9get \u00e9s n\u00f6velve a hat\u00e9konys\u00e1got.<\/li>\n<\/ul>\n<\/li>\n<\/ul>\n<p>A hegesztett k\u00f6t\u00e9sek er\u0151sek \u00e9s merevek, minimaliz\u00e1lj\u00e1k az alakv\u00e1ltoz\u00e1st, \u00e9s biztos\u00edtj\u00e1k, hogy a henger extr\u00e9m k\u00f6r\u00fclm\u00e9nyek k\u00f6z\u00f6tt is megtartsa alakj\u00e1t \u00e9s szerkezeti integrit\u00e1s\u00e1t. Ez a tulajdons\u00e1g ide\u00e1liss\u00e1 teszi a hegesztett T-idom\u00fa hengereket olyan alkalmaz\u00e1sokhoz, amelyek nagy hat\u00e9konys\u00e1got \u00e9s megb\u00edzhat\u00f3s\u00e1got ig\u00e9nyelnek.<\/p>\n<p><img loading=\"lazy\" decoding=\"async\" class=\"size-full wp-image-977 aligncenter\" src=\"https:\/\/fmp-components.com\/wp-content\/uploads\/2024\/12\/Welded-Tee-Type-Cylinder3.webp\" alt=\"Hegesztett p\u00f3l\u00f3 t\u00edpus\u00fa henger\" width=\"653\" height=\"600\" title=\"\" srcset=\"https:\/\/fmp-components.com\/wp-content\/uploads\/2024\/12\/Welded-Tee-Type-Cylinder3.webp 653w, https:\/\/fmp-components.com\/wp-content\/uploads\/2024\/12\/Welded-Tee-Type-Cylinder3-480x441.webp 480w\" sizes=\"(min-width: 0px) and (max-width: 480px) 480px, (min-width: 481px) 653px, 100vw\" \/><\/p>\n<h2>Hegesztett p\u00f3l\u00f3 t\u00edpus\u00fa henger alkalmaz\u00e1sa<\/h2>\n<h3>Bevezet\u00e9s<\/h3>\n<p>A hegesztett T-idom\u00fa henger egy olyan hidraulikus hengert\u00edpus, amelyet gyakran haszn\u00e1lnak ipari alkalmaz\u00e1sokban. \u00dagy tervezt\u00e9k, hogy nagy er\u0151teljes\u00edtm\u00e9nyt biztos\u00edtson kompakt \u00e9s k\u00f6lts\u00e9ghat\u00e9kony kivitelben. Ez a t\u00edpus\u00fa henger egy hegesztett T-idomb\u00f3l \u00e9s egy dugatty\u00far\u00fadb\u00f3l \u00e1ll, amely a T-idomhoz van r\u00f6gz\u00edtve. A T-idom a henger h\u00e1z\u00e1hoz van csatlakoztatva, \u00e9s egy dugatty\u00fat tartalmaz, amely el\u0151re-h\u00e1tra mozog a h\u00e1z belsej\u00e9ben er\u0151t gener\u00e1lva.<\/p>\n<h3>A hegesztett p\u00f3l\u00f3 t\u00edpus\u00fa henger el\u0151nyei<\/h3>\n<p>A hegesztett T-henger ipari alkalmaz\u00e1sokban t\u00f6rt\u00e9n\u0151 haszn\u00e1lat\u00e1nak sz\u00e1mos el\u0151nye van:<\/p>\n<ul>\n<li><b>Kompakt kialak\u00edt\u00e1s:<\/b> A hegesztett T-idom\u00fa hengerek kompakt kialak\u00edt\u00e1s\u00faak, \u00edgy ide\u00e1lisak korl\u00e1tozott helyeken val\u00f3 haszn\u00e1latra.<\/li>\n<li><b>Nagy hat\u00e9konys\u00e1g:<\/b> A hegesztett T-idom\u00fa hengerek rendk\u00edv\u00fcl hat\u00e9konyak, ami azt jelenti, hogy minim\u00e1lis energiabefektet\u00e9ssel nagy er\u0151t tudnak kifejteni.<\/li>\n<li><b>Tart\u00f3s:<\/b> A hegesztett T-idom\u00fa hengereket \u00fagy tervezt\u00e9k, hogy rendk\u00edv\u00fcl tart\u00f3sak legyenek, ami azt jelenti, hogy ellen\u00e1llnak a zord \u00fczemi k\u00f6r\u00fclm\u00e9nyeknek \u00e9s hossz\u00fa ideig kitartanak.<\/li>\n<li><b>K\u00f6lts\u00e9ghat\u00e9kony:<\/b> A hegesztett T-idom\u00fa hengerek k\u00f6lts\u00e9ghat\u00e9konyak, ami azt jelenti, hogy j\u00f3 \u00e1r-\u00e9rt\u00e9k ar\u00e1nyt k\u00e9pviselnek.<\/li>\n<\/ul>\n<h3>Hegesztett p\u00f3l\u00f3 t\u00edpus\u00fa henger alkalmaz\u00e1sai<\/h3>\n<p>A hegesztett T-idom\u00fa hengereknek sz\u00e1mos alkalmaz\u00e1si ter\u00fclete van a k\u00fcl\u00f6nb\u00f6z\u0151 ipar\u00e1gakban, bele\u00e9rtve:<\/p>\n<ul>\n<li><b>Gy\u00e1rt\u00e1s:<\/b> A hegesztett T-idom\u00fa hengereket a gy\u00e1rt\u00e1sban g\u00e9pek m\u0171k\u00f6dtet\u00e9s\u00e9re, neh\u00e9z terhek mozgat\u00e1s\u00e1ra \u00e9s f\u00e9m alkatr\u00e9szek alak\u00edt\u00e1s\u00e1ra haszn\u00e1lj\u00e1k.<\/li>\n<li><b>Mez\u0151gazdas\u00e1g:<\/b> A hegesztett T-idom\u00fa hengereket a mez\u0151gazdas\u00e1gban haszn\u00e1lj\u00e1k traktorok, betakar\u00edt\u00f3g\u00e9pek \u00e9s egy\u00e9b mez\u0151gazdas\u00e1gi berendez\u00e9sek hidraulikus rendszereinek m\u0171k\u00f6dtet\u00e9s\u00e9re.<\/li>\n<li><b>\u00c9p\u00edt\u00e9s:<\/b> A hegesztett T-idom\u00fa hengereket az \u00e9p\u00edt\u0151iparban haszn\u00e1lj\u00e1k olyan g\u00e9pek m\u0171k\u00f6dtet\u00e9s\u00e9re, mint a daruk, kotr\u00f3g\u00e9pek \u00e9s kotr\u00f3g\u00e9pek.<\/li>\n<li><b>B\u00e1ny\u00e1szati:<\/b> A hegesztett p\u00f3l\u00f3 t\u00edpus\u00fa hengereket a b\u00e1ny\u00e1szatban haszn\u00e1lj\u00e1k neh\u00e9zg\u00e9pek, p\u00e9ld\u00e1ul buld\u00f3zerek, rakod\u00f3g\u00e9pek \u00e9s k\u0151zetf\u00far\u00f3k hidraulikus rendszereinek m\u0171k\u00f6dtet\u00e9s\u00e9re.<\/li>\n<li><b>Sz\u00e1ll\u00edt\u00e1s:<\/b> A hegesztett T-idom\u00fa hengereket a sz\u00e1ll\u00edtm\u00e1nyoz\u00e1sban haszn\u00e1lj\u00e1k teheraut\u00f3k, buszok \u00e9s egy\u00e9b j\u00e1rm\u0171vek hidraulikus rendszereinek m\u0171k\u00f6dtet\u00e9s\u00e9re.<\/li>\n<\/ul>\n<p>\u00d6sszefoglalva, a hegesztett T-idom\u00fa hengerek fontos alkot\u00f3elemei sz\u00e1mos ipari alkalmaz\u00e1snak. Kompakt, hat\u00e9kony, tart\u00f3s \u00e9s k\u00f6lts\u00e9ghat\u00e9kony kialak\u00edt\u00e1suknak k\u00f6sz\u00f6nhet\u0151en ide\u00e1lis v\u00e1laszt\u00e1st jelentenek sz\u00e1mos alkalmaz\u00e1shoz. Ak\u00e1r gy\u00e1rt\u00f3\u00fczemben g\u00e9peket, ak\u00e1r farmon mez\u0151gazdas\u00e1gi berendez\u00e9seket, ak\u00e1r b\u00e1ny\u00e1ban neh\u00e9zg\u00e9peket \u00fczemeltet, a hegesztett T-idom\u00fa hengerek seg\u00edthetnek a munka hat\u00e9kony \u00e9s eredm\u00e9nyes elv\u00e9gz\u00e9s\u00e9ben.<\/p>\n<p><img loading=\"lazy\" decoding=\"async\" class=\"size-full wp-image-974 aligncenter\" src=\"https:\/\/fmp-components.com\/wp-content\/uploads\/2024\/12\/application-of-Welded-Tee-Type-Cylinder.webp\" alt=\"Hegesztett T-idom\u00fa henger alkalmaz\u00e1sa\" width=\"760\" height=\"860\" title=\"\" srcset=\"https:\/\/fmp-components.com\/wp-content\/uploads\/2024\/12\/application-of-Welded-Tee-Type-Cylinder.webp 760w, https:\/\/fmp-components.com\/wp-content\/uploads\/2024\/12\/application-of-Welded-Tee-Type-Cylinder-480x543.webp 480w\" sizes=\"(min-width: 0px) and (max-width: 480px) 480px, (min-width: 481px) 760px, 100vw\" \/><\/p>\n<h3>Az FMP-r\u0151l<\/h3>\n<p>Az FMP t\u00f6bb mint 30 \u00e9ves tapasztalattal rendelkez\u0151 vezet\u0151 hidraulikus hengergy\u00e1rt\u00f3. Ipari ter\u00fclet\u00fcnk Olaszorsz\u00e1gban tal\u00e1lhat\u00f3, \u00e9s t\u00f6bb mint 100 berendez\u00e9ssel rendelkez\u00fcnk, bele\u00e9rtve az automatikus g\u00e1zv\u00e9d\u0151g\u00e1zas hegeszt\u0151g\u00e9peket, m\u00e9lyf\u00far\u00f3 g\u00e9peket, CNC eszterg\u00e1kat, hengeres k\u00f6sz\u00f6r\u0171ket, automatikus tiszt\u00edt\u00f3g\u00e9peket, automatikus szerel\u0151g\u00e9peket, automatikus hidraulikus henger teljes\u00edtm\u00e9nym\u00e9r\u0151 padokat, automatikus fest\u0151sorokat \u00e9s egyebeket.<\/p>\n<p>Hidraulikus hengereink k\u00f6z\u00f6tt f\u00fclbeval\u00f3 hengerek, k\u00e9tir\u00e1ny\u00fa automata teleszk\u00f3pos hengerek \u00e9s egyebek is megtal\u00e1lhat\u00f3k. Minden henger szigor\u00fa megmunk\u00e1l\u00e1son \u00e9s ellen\u0151rz\u00e9sen megy kereszt\u00fcl, hogy \u00fcgyfeleink sz\u00e1m\u00e1ra magas min\u0151s\u00e9get biztos\u00edtsunk.<\/p>\n<p>\u00cdme \u00f6t ok, ami\u00e9rt \u00e9rdemes az FMP-t v\u00e1lasztani:<\/p>\n<ul>\n<li><b>Tervez\u00e9si szolg\u00e1ltat\u00e1s:<\/b> Tapasztalt tervez\u0151csapatunk seg\u00edts\u00e9get tud ny\u00fajtani \u00faj term\u00e9kek fejleszt\u00e9s\u00e9ben \u00e9s a megl\u00e9v\u0151 tervek fejleszt\u00e9s\u00e9ben.<\/li>\n<li><b>Term\u00e9kszolg\u00e1ltat\u00e1s:<\/b> \u00c1tfog\u00f3 gy\u00e1rt\u00e1si folyamatunk mag\u00e1ban foglalja a nyersanyag kiv\u00e1laszt\u00e1s\u00e1t, a v\u00e1g\u00e1st, a durva megmunk\u00e1l\u00e1st, a tesztel\u00e9st, a tiszt\u00edt\u00e1st, az \u00f6sszeszerel\u00e9st, a csomagol\u00e1st \u00e9s a sz\u00e1ll\u00edt\u00e1st.<\/li>\n<li><b>Mintav\u00e9teli folyamat:<\/b> Az \u00d6n ig\u00e9nyei szerint tudunk mint\u00e1kat k\u00e9sz\u00edteni, \u00e9s azokat m\u00f3dos\u00edtani, am\u00edg megfelelnek az \u00d6n ig\u00e9nyeinek.<\/li>\n<li><b>K+F:<\/b> Akt\u00edvan vizsg\u00e1ljuk a piacot, hogy \u00faj ig\u00e9nyeket azonos\u00edtsunk, \u00e9s \u00faj modelleket fejlessz\u00fcnk ki ezek kiel\u00e9g\u00edt\u00e9s\u00e9re.<\/li>\n<li><b>Tapasztalat:<\/b> T\u00f6bb mint 30 \u00e9ves ipar\u00e1gi tapasztalattal rendelkez\u00fcnk, \u00e9s a min\u0151s\u00e9g, a megb\u00edzhat\u00f3s\u00e1g \u00e9s az \u00fcgyf\u00e9l-el\u00e9gedetts\u00e9g ter\u00e9n \u00e9p\u00edtett\u00fcnk ki h\u00edrnevet.<\/li>\n<\/ul>\n<p><img decoding=\"async\" src=\"https:\/\/fmp-components.com\/wp-content\/uploads\/2024\/12\/fmp-factory-4.webp\" alt=\"FMP gy\u00e1r\" width=\"800\" title=\"\"><\/p>\n<h2>GYIK<\/h2>\n<p>K: Mennyi egy hidraulikus henger \u00e9lettartama?<br \/>\nV: Megfelel\u0151 karbantart\u00e1s mellett egy hidraulikus henger ak\u00e1r 10 \u00e9vig vagy tov\u00e1bb is eltarthat.<\/p>\n<p>K: Milyen gyakran kell cser\u00e9lnem a hidraulikaolajat?<br \/>\nV: A haszn\u00e1latt\u00f3l f\u00fcgg, de \u00e1ltal\u00e1ban 1-2 \u00e9vente cser\u00e9lni kell.<\/p>\n<p>K: Mely ipar\u00e1gak haszn\u00e1lnak hidraulikus hengereket?<br \/>\nA: Az olyan ipar\u00e1gak, mint az \u00e9p\u00edt\u0151ipar, a gy\u00e1rt\u00e1s, az aut\u00f3ipar \u00e9s egyebek hidraulikus hengereket haszn\u00e1lnak.<\/p>\n<p>K: Hogyan biztos\u00edthatom, hogy a hidraulikus hengerem sok\u00e1ig tartson?<br \/>\nV: A rendszeres karbantart\u00e1s, a helyes haszn\u00e1lat, valamint a megfelel\u0151 olaj \u00e9s t\u00f6m\u00edt\u00e9sek kiv\u00e1laszt\u00e1sa hozz\u00e1j\u00e1rul a hidraulikus henger \u00e9lettartam\u00e1hoz.<\/p>\n<p>K: Testreszabhatom a hidraulikus hengeremet?<br \/>\nV: Igen, az FMP egyedi megold\u00e1sokat k\u00edn\u00e1l az \u00d6n egyedi ig\u00e9nyeinek kiel\u00e9g\u00edt\u00e9s\u00e9re.<\/p>\n<p>Szerz\u0151: CX<\/p>","protected":false},"excerpt":{"rendered":"<p>Functions and Importance of the Stainless Steel Cylinder Piston Hydraulic Cylinder The stainless steel cylinder piston hydraulic cylinder is an essential component in the operation of numerous machines across various industries. Its primary function is to convert fluid power into linear mechanical force, enabling precise movement necessary for executing a wide range of tasks. This [&hellip;]<\/p>","protected":false},"featured_media":1132,"comment_status":"closed","ping_status":"closed","template":"","meta":{"_et_pb_use_builder":"","_et_pb_old_content":"","_et_gb_content_width":""},"product_brand":[],"product_cat":[31],"product_tag":[34,35],"class_list":{"0":"post-926","1":"product","2":"type-product","3":"status-publish","4":"has-post-thumbnail","6":"product_cat-welded-tee-type-cylinder","7":"product_tag-hydraulic-cylinder","8":"product_tag-welded-tee-type-cylinder","10":"first","11":"instock","12":"product-type-simple"},"_links":{"self":[{"href":"https:\/\/fmp-components.com\/hu\/wp-json\/wp\/v2\/product\/926","targetHints":{"allow":["GET"]}}],"collection":[{"href":"https:\/\/fmp-components.com\/hu\/wp-json\/wp\/v2\/product"}],"about":[{"href":"https:\/\/fmp-components.com\/hu\/wp-json\/wp\/v2\/types\/product"}],"replies":[{"embeddable":true,"href":"https:\/\/fmp-components.com\/hu\/wp-json\/wp\/v2\/comments?post=926"}],"wp:featuredmedia":[{"embeddable":true,"href":"https:\/\/fmp-components.com\/hu\/wp-json\/wp\/v2\/media\/1132"}],"wp:attachment":[{"href":"https:\/\/fmp-components.com\/hu\/wp-json\/wp\/v2\/media?parent=926"}],"wp:term":[{"taxonomy":"product_brand","embeddable":true,"href":"https:\/\/fmp-components.com\/hu\/wp-json\/wp\/v2\/product_brand?post=926"},{"taxonomy":"product_cat","embeddable":true,"href":"https:\/\/fmp-components.com\/hu\/wp-json\/wp\/v2\/product_cat?post=926"},{"taxonomy":"product_tag","embeddable":true,"href":"https:\/\/fmp-components.com\/hu\/wp-json\/wp\/v2\/product_tag?post=926"}],"curies":[{"name":"munkaf\u00fczet","href":"https:\/\/api.w.org\/{rel}","templated":true}]}}