{"id":925,"date":"2024-12-19T03:39:00","date_gmt":"2024-12-19T03:39:00","guid":{"rendered":"https:\/\/fmp-components.com\/product\/direct-supply-wt-3000psi-welded-tee-hydraulic-cylinder\/"},"modified":"2024-12-19T09:01:47","modified_gmt":"2024-12-19T09:01:47","slug":"direct-supply-wt-3000psi-welded-tee-hydraulic-cylinder","status":"publish","type":"product","link":"https:\/\/fmp-components.com\/hu\/product\/direct-supply-wt-3000psi-welded-tee-hydraulic-cylinder\/","title":{"rendered":"K\u00f6zvetlen ell\u00e1t\u00e1s\u00fa Wt-3000Psi hegesztett p\u00f3l\u00f3 hidraulikus henger"},"content":{"rendered":"<p>A Direct Supply Wt-3000Psi hegesztett T-idom\u00fa hidraulikus hengere az FMP, egy 2006-ban alap\u00edtott neves gy\u00e1rt\u00f3 egyik kiemelt term\u00e9ke. A min\u0151s\u00e9g \u00e9s az innov\u00e1ci\u00f3 ir\u00e1nti elk\u00f6telezetts\u00e9g\u00e9r\u0151l ismert FMP ezt a hidraulikus hengert kifejezetten nagynyom\u00e1s\u00fa alkalmaz\u00e1sokhoz tervezte, biztos\u00edtva, hogy megfeleljen a k\u00fcl\u00f6nf\u00e9le ipari feladatok szigor\u00fa k\u00f6vetelm\u00e9nyeinek. A tart\u00f3ss\u00e1gra \u00e9s a hat\u00e9konys\u00e1gra \u00f6sszpontos\u00edtva a Wt-3000Psi modell megb\u00edzhat\u00f3 v\u00e1laszt\u00e1sk\u00e9nt t\u0171nik ki a nagy teljes\u00edtm\u00e9ny\u0171 hidraulikus megold\u00e1sokat keres\u0151 szakemberek sz\u00e1m\u00e1ra.<\/p>\n<p><img loading=\"lazy\" decoding=\"async\" class=\"size-full wp-image-975 aligncenter\" src=\"https:\/\/fmp-components.com\/wp-content\/uploads\/2024\/12\/Welded-Tee-Type-Cylinder1.webp\" alt=\"Hegesztett p\u00f3l\u00f3 t\u00edpus\u00fa henger\" width=\"759\" height=\"761\" title=\"\" srcset=\"https:\/\/fmp-components.com\/wp-content\/uploads\/2024\/12\/Welded-Tee-Type-Cylinder1.webp 759w, https:\/\/fmp-components.com\/wp-content\/uploads\/2024\/12\/Welded-Tee-Type-Cylinder1-480x481.webp 480w\" sizes=\"(min-width: 0px) and (max-width: 480px) 480px, (min-width: 481px) 759px, 100vw\" \/><\/p>\n<h3>F\u0151bb jellemz\u0151k \u00e9s el\u0151ny\u00f6k<\/h3>\n<ul>\n<li><strong>Nagy kapacit\u00e1s:<\/strong><br \/>\nA Wt-3000Psi hidraulikus hengert \u00fagy tervezt\u00e9k, hogy ak\u00e1r 3000 PSI nyom\u00e1st is elb\u00edrjon, \u00edgy ide\u00e1lis nagy ig\u00e9nybev\u00e9tel\u0171 alkalmaz\u00e1sokhoz. Ez a nagy kapacit\u00e1s lehet\u0151v\u00e9 teszi, hogy jelent\u0151s terhel\u00e9seket kezeljen, \u00e9s hat\u00e9konyan m\u0171k\u00f6dj\u00f6n kih\u00edv\u00e1st jelent\u0151 k\u00f6rnyezetben, p\u00e9ld\u00e1ul \u00e9p\u00edtkez\u00e9seken, gy\u00e1rt\u00f3\u00fczemekben \u00e9s mez\u0151gazdas\u00e1gi m\u0171veletekben.<\/li>\n<li><strong>Tart\u00f3ss\u00e1g:<\/strong><br \/>\nHegesztett T-idommal ez a hidraulikus henger tart\u00f3s haszn\u00e1latra k\u00e9sz\u00fclt. A robusztus konstrukci\u00f3 minimaliz\u00e1lja a sziv\u00e1rg\u00e1sok \u00e9s szerkezeti meghib\u00e1sod\u00e1sok kock\u00e1zat\u00e1t, \u00edgy biztos\u00edtva a hossz\u00fa t\u00e1v\u00fa teljes\u00edtm\u00e9nyt m\u00e9g sz\u00e9ls\u0151s\u00e9ges \u00fczemi k\u00f6r\u00fclm\u00e9nyek k\u00f6z\u00f6tt is. Ez a tart\u00f3ss\u00e1g alacsonyabb karbantart\u00e1si k\u00f6lts\u00e9geket \u00e9s \u00e1ll\u00e1sid\u0151t eredm\u00e9nyez, \u00edgy k\u00f6lts\u00e9ghat\u00e9kony befektet\u00e9s a v\u00e1llalkoz\u00e1sok sz\u00e1m\u00e1ra.<\/li>\n<li><strong>Hat\u00e9konys\u00e1g:<\/strong><br \/>\nA sima m\u0171k\u00f6d\u00e9sre tervezett Wt-3000Psi hidraulikus henger kiv\u00e1l\u00f3 teljes\u00edtm\u00e9nyt ny\u00fajt, mik\u00f6zben optimaliz\u00e1lja az energiafelhaszn\u00e1l\u00e1st. Hat\u00e9kony kialak\u00edt\u00e1sa minimaliz\u00e1lja a hidraulikafolyad\u00e9k-fogyaszt\u00e1st, ami hozz\u00e1j\u00e1rul az alacsonyabb \u00fczemeltet\u00e9si k\u00f6lts\u00e9gekhez \u00e9s a kisebb k\u00f6rnyezeti l\u00e1bnyomhoz. Ez a hat\u00e9konys\u00e1g kulcsfontoss\u00e1g\u00fa a termel\u00e9kenys\u00e9g maximaliz\u00e1l\u00e1s\u00e1ban a k\u00fcl\u00f6nb\u00f6z\u0151 alkalmaz\u00e1sokban.<\/li>\n<\/ul>\n<p><img decoding=\"async\" src=\"https:\/\/hzpt.com\/wp-content\/uploads\/2023\/12\/random-2.webp\" alt=\"\" title=\"\"><\/p>\n<h3>M\u0171szaki adatok<\/h3>\n<p>A Wt-3000Psi hegesztett T-idom\u00fa hidraulikus henger m\u0171szaki adatai k\u00f6z\u00e9 tartoznak a m\u00e9retei, s\u00falya, csatlakoz\u00e1si t\u00edpusai \u00e9s egy\u00e9b l\u00e9nyeges param\u00e9terek, amelyek meghat\u00e1rozz\u00e1k a teljes\u00edtm\u00e9ny\u00e9t \u00e9s a hidraulikus rendszerekkel val\u00f3 kompatibilit\u00e1s\u00e1t. Ezen specifik\u00e1ci\u00f3k meg\u00e9rt\u00e9se elengedhetetlen a megl\u00e9v\u0151 g\u00e9pekbe val\u00f3 megfelel\u0151 integr\u00e1ci\u00f3hoz \u00e9s az optim\u00e1lis eredm\u00e9nyek el\u00e9r\u00e9s\u00e9hez.<\/p>\n<table style=\"width: 91.2201%; height: 195px;\">\n<thead>\n<tr>\n<th>Specifik\u00e1ci\u00f3<\/th>\n<th>Le\u00edr\u00e1s<\/th>\n<\/tr>\n<\/thead>\n<tbody>\n<tr>\n<td><strong>Maxim\u00e1lis nyom\u00e1s<\/strong><\/td>\n<td>3000 PSI<\/td>\n<\/tr>\n<tr>\n<td><strong>L\u00f6kethossz<\/strong><\/td>\n<td>Testreszabhat\u00f3<\/td>\n<\/tr>\n<tr>\n<td><strong>Anyag<\/strong><\/td>\n<td>Nagy szil\u00e1rds\u00e1g\u00fa ac\u00e9l<\/td>\n<\/tr>\n<tr>\n<td><strong>Kapcsolat t\u00edpusa<\/strong><\/td>\n<td>Karim\u00e1s vagy menetes<\/td>\n<\/tr>\n<tr>\n<td><strong>S\u00faly<\/strong><\/td>\n<td>M\u00e9ret szerint v\u00e1ltozik<\/td>\n<\/tr>\n<\/tbody>\n<\/table>\n<h3><\/h3>\n<h3><img loading=\"lazy\" decoding=\"async\" class=\"size-full wp-image-976 aligncenter\" src=\"https:\/\/fmp-components.com\/wp-content\/uploads\/2024\/12\/Welded-Tee-Type-Cylinder2.webp\" alt=\"Hegesztett p\u00f3l\u00f3 t\u00edpus\u00fa henger\" width=\"764\" height=\"675\" title=\"\" srcset=\"https:\/\/fmp-components.com\/wp-content\/uploads\/2024\/12\/Welded-Tee-Type-Cylinder2.webp 764w, https:\/\/fmp-components.com\/wp-content\/uploads\/2024\/12\/Welded-Tee-Type-Cylinder2-480x424.webp 480w\" sizes=\"(min-width: 0px) and (max-width: 480px) 480px, (min-width: 481px) 764px, 100vw\" \/>Hidraulikus rendszerek \u00e9s m\u0171k\u00f6d\u00e9si elv<\/h3>\n<p>A hidraulikus henger a hidraulikus energia mechanikai energi\u00e1v\u00e1 alak\u00edt\u00e1s\u00e1nak alapelv\u00e9n m\u0171k\u00f6dik. Ez a folyamat a hidraulikus folyad\u00e9k mozg\u00e1s\u00e1val kezd\u0151dik, amelyet a hengerbe pump\u00e1lnak. Amikor a folyad\u00e9k bel\u00e9p, nyom\u00e1st gyakorol a hengerben l\u00e9v\u0151 dugatty\u00fara.<\/p>\n<p>A dugatty\u00fa nyom\u00e1svez\u00e9relt mozg\u00e1sa line\u00e1ris er\u0151t gener\u00e1l, amelyet azt\u00e1n k\u00fcl\u00f6nf\u00e9le feladatok elv\u00e9gz\u00e9s\u00e9re, p\u00e9ld\u00e1ul neh\u00e9z terhek emel\u00e9s\u00e9re, tol\u00e1s\u00e1ra vagy h\u00faz\u00e1s\u00e1ra haszn\u00e1lnak fel. A dugatty\u00fa sebess\u00e9g\u00e9nek \u00e9s ir\u00e1ny\u00e1nak szab\u00e1lyoz\u00e1s\u00e1nak k\u00e9pess\u00e9ge prec\u00edz m\u0171veleteket tesz lehet\u0151v\u00e9 sz\u00e1mos alkalmaz\u00e1si ter\u00fcleten.<\/p>\n<p>A Direct Supply Wt-3000Psi hegesztett T-idom\u00fa hidraulikus hengere egy nagy teljes\u00edtm\u00e9ny\u0171 \u00e9s megb\u00edzhat\u00f3 alkatr\u00e9sz, amelyet nagynyom\u00e1s\u00fa k\u00f6rnyezetre terveztek. Egyedi tulajdons\u00e1gai \u00e9s hat\u00e9kony m\u0171k\u00f6d\u00e9se n\u00e9lk\u00fcl\u00f6zhetetlen eszk\u00f6zz\u00e9 teszi azokban az ipar\u00e1gakban, amelyek robusztus hidraulikus megold\u00e1sokat ig\u00e9nyelnek, biztos\u00edtva a biztons\u00e1got, a megb\u00edzhat\u00f3s\u00e1got \u00e9s a fokozott termel\u00e9kenys\u00e9get.<\/p>\n<h2>Term\u00e9kt\u00f6rt\u00e9net \u00e9s karbantart\u00e1s<\/h2>\n<p>A Wt-3000Psi hegesztett p\u00f3l\u00f3s hidraulikus henger t\u00f6rt\u00e9nete az FMP min\u0151s\u00e9g \u00e9s innov\u00e1ci\u00f3 ir\u00e1nti elk\u00f6telezetts\u00e9g\u00e9nek bizony\u00edt\u00e9ka. A rendszeres karbantart\u00e1s biztos\u00edtja a hidraulikus henger hossz\u00fa \u00e9lettartam\u00e1t \u00e9s hat\u00e9kony m\u0171k\u00f6d\u00e9s\u00e9t.<\/p>\n<p>&nbsp;<\/p>\n<p><img decoding=\"async\" class=\"aligncenter\" src=\"https:\/\/hzpt.com\/wp-content\/uploads\/2023\/12\/random-3.webp\" alt=\"\" title=\"\"><\/p>\n<h2>A hegesztett p\u00f3l\u00f3 t\u00edpus\u00fa henger el\u0151nyei<\/h2>\n<ul>\n<li style=\"list-style-type: none;\">\n<ul>\n<li><strong>Megn\u00f6velt er\u0151:<\/strong> A hegesztett T-idom\u00fa hengerek nagy szil\u00e1rds\u00e1gukr\u00f3l ismertek, \u00edgy alkalmasak neh\u00e9z emel\u00e9st ig\u00e9nyl\u0151 alkalmaz\u00e1sokhoz. Az ilyen hengerek gy\u00e1rt\u00e1sa sor\u00e1n alkalmazott hegeszt\u00e9si elj\u00e1r\u00e1s biztos\u00edtja, hogy a henger mentes legyen a gyenge pontokt\u00f3l, \u00e9s ellen\u00e1lljon a nagy nyom\u00e1snak \u00e9s terhel\u00e9snek.<\/li>\n<\/ul>\n<\/li>\n<\/ul>\n<p>Amikor a hengerre nyom\u00e1st gyakorolunk, az egyenletesen oszlik el a teljes fel\u00fcleten, \u00edgy ellen\u00e1ll a deform\u00e1ci\u00f3nak. Ez a tulajdons\u00e1g biztos\u00edtja, hogy a henger extr\u00e9m k\u00f6r\u00fclm\u00e9nyek k\u00f6z\u00f6tt is megtartsa alakj\u00e1t \u00e9s szerkezeti integrit\u00e1s\u00e1t.<\/p>\n<ul>\n<li style=\"list-style-type: none;\">\n<ul>\n<li><strong>Sziv\u00e1rg\u00e1smegel\u0151z\u00e9s:<\/strong> A hegesztett T-idom\u00fa palackokat a sziv\u00e1rg\u00e1s megakad\u00e1lyoz\u00e1s\u00e1ra tervezt\u00e9k. A gy\u00e1rt\u00e1si folyamat sor\u00e1n alkalmazott hegeszt\u00e9si elj\u00e1r\u00e1s biztos\u00edtja, hogy a palack teljesen t\u00f6m\u00edtett \u00e9s mentes legyen minden lehets\u00e9ges sziv\u00e1rg\u00e1st\u00f3l. Ez a tulajdons\u00e1g alkalmass\u00e1 teszi \u0151ket olyan alkalmaz\u00e1sokhoz, ahol a sziv\u00e1rg\u00e1s s\u00falyos k\u00e1rokat vagy s\u00e9r\u00fcl\u00e9seket okozhat.<\/li>\n<\/ul>\n<\/li>\n<\/ul>\n<p>A hegesztett illeszt\u00e9sek sim\u00e1k, reped\u00e9sek vagy hornyok n\u00e9lk\u00fcl, ahol t\u00f6rmel\u00e9k vagy szennyez\u0151d\u00e9s felhalmoz\u00f3dhatna, cs\u00f6kkentve a korr\u00f3zi\u00f3 \u00e9s a henger k\u00e1rosod\u00e1s\u00e1nak kock\u00e1zat\u00e1t.<\/p>\n<ul>\n<li style=\"list-style-type: none;\">\n<ul>\n<li><strong>Testreszabhat\u00f3:<\/strong> A hegesztett T-idom\u00fa hengerek testreszabhat\u00f3k az adott alkalmaz\u00e1sokhoz. A hengerek k\u00fcl\u00f6nb\u00f6z\u0151 m\u00e9retekben \u00e9s form\u00e1kban kaphat\u00f3k, \u00e9s az alkalmaz\u00e1s konkr\u00e9t k\u00f6vetelm\u00e9nyeinek megfelel\u0151en gy\u00e1rthat\u00f3k.<\/li>\n<\/ul>\n<\/li>\n<\/ul>\n<p>A testreszab\u00e1si folyamat lehet\u0151v\u00e9 teszi a henger teljes\u00edtm\u00e9ny\u00e9nek optimaliz\u00e1l\u00e1s\u00e1t, biztos\u00edtva, hogy az megfeleljen a k\u00edv\u00e1nt alkalmaz\u00e1snak. Ez a tulajdons\u00e1g teszi a hegesztett T-idom\u00fa hengereket ide\u00e1liss\u00e1 k\u00fcl\u00f6nf\u00e9le ipari alkalmaz\u00e1sokhoz, bele\u00e9rtve az \u00e9p\u00edt\u0151iparban, a b\u00e1ny\u00e1szatban \u00e9s az anyagmozgat\u00e1sban val\u00f3 haszn\u00e1latra.<\/p>\n<ul>\n<li style=\"list-style-type: none;\">\n<ul>\n<li><strong>K\u00f6lts\u00e9ghat\u00e9kony:<\/strong> A hegesztett T-idom\u00fa hengerek k\u00f6lts\u00e9ghat\u00e9konyabbak m\u00e1s t\u00edpus\u00fa hengerekhez k\u00e9pest. Az ilyen hengerek gy\u00e1rt\u00e1si folyamata egyszer\u0171, \u00edgy olcs\u00f3bbak, mint m\u00e1s t\u00edpus\u00fa hengerek.<\/li>\n<\/ul>\n<\/li>\n<\/ul>\n<p>Tov\u00e1bb\u00e1 a hegesztett T-idom\u00fa hengerek nagy szil\u00e1rds\u00e1ga \u00e9s tart\u00f3ss\u00e1ga cs\u00f6kkenti a gyakori jav\u00edt\u00e1sok \u00e9s cser\u00e9k sz\u00fcks\u00e9gess\u00e9g\u00e9t, \u00edgy megtakar\u00edtva a karbantart\u00e1si k\u00f6lts\u00e9geket. Ez a tulajdons\u00e1g n\u00e9pszer\u0171 v\u00e1laszt\u00e1ss\u00e1 teszi \u0151ket sz\u00e1mos ipar\u00e1gban, k\u00fcl\u00f6n\u00f6sen a korl\u00e1tozott k\u00f6lts\u00e9gvet\u00e9ssel rendelkez\u0151k sz\u00e1m\u00e1ra.<\/p>\n<ul>\n<li style=\"list-style-type: none;\">\n<ul>\n<li><strong>Megn\u00f6velt hat\u00e9konys\u00e1g:<\/strong> A hegesztett T-idom\u00fa hengerek rendk\u00edv\u00fcl hat\u00e9konyak \u00e9s eredm\u00e9nyesek. A henger kialak\u00edt\u00e1sa biztos\u00edtja, hogy az alkalmazott er\u0151 k\u00f6zvetlen\u00fcl a terhel\u00e9sre ker\u00fclj\u00f6n \u00e1t, cs\u00f6kkentve az energiavesztes\u00e9get \u00e9s n\u00f6velve a hat\u00e9konys\u00e1got.<\/li>\n<\/ul>\n<\/li>\n<\/ul>\n<p>A hegesztett k\u00f6t\u00e9sek er\u0151sek \u00e9s merevek, minimaliz\u00e1lj\u00e1k az alakv\u00e1ltoz\u00e1st, \u00e9s biztos\u00edtj\u00e1k, hogy a henger extr\u00e9m k\u00f6r\u00fclm\u00e9nyek k\u00f6z\u00f6tt is megtartsa alakj\u00e1t \u00e9s szerkezeti integrit\u00e1s\u00e1t. Ez a tulajdons\u00e1g ide\u00e1liss\u00e1 teszi a hegesztett T-idom\u00fa hengereket olyan alkalmaz\u00e1sokhoz, amelyek nagy hat\u00e9konys\u00e1got \u00e9s megb\u00edzhat\u00f3s\u00e1got ig\u00e9nyelnek.<\/p>\n<h2>Hegesztett p\u00f3l\u00f3 t\u00edpus\u00fa henger alkalmaz\u00e1sa<\/h2>\n<ul>\n<li>\n<h3>Ipari g\u00e9pek \u00e9s berendez\u00e9sek<\/h3>\n<p>A hegesztett T-idom\u00fa hengereket sz\u00e9les k\u00f6rben haszn\u00e1lj\u00e1k ipari g\u00e9pekben \u00e9s berendez\u00e9sekben, k\u00fcl\u00f6n\u00f6sen hidraulikus rendszerekben. A henger egy dugatty\u00fab\u00f3l \u00e9s egy hengercs\u0151b\u0151l \u00e1ll, amelyeket egyetlen egys\u00e9gg\u00e9 hegesztenek \u00f6ssze. Ez a kialak\u00edt\u00e1s sz\u00e1mos el\u0151nnyel rendelkezik m\u00e1s t\u00edpus\u00fa hengerekkel szemben, p\u00e9ld\u00e1ul jobb tart\u00f3ss\u00e1got, nagyobb szil\u00e1rds\u00e1got \u00e9s nagyobb pontoss\u00e1got.<\/p>\n<p>Az ipari g\u00e9pekben a hegesztett T-idom\u00fa hengerek egyik legfontosabb alkalmaz\u00e1sa az \u00e1lland\u00f3 \u00e9s pontos er\u0151 lead\u00e1sa. Ez sz\u00e1mos gy\u00e1rt\u00e1si folyamatn\u00e1l elengedhetetlen, ahol prec\u00edz szab\u00e1lyoz\u00e1sra van sz\u00fcks\u00e9g a v\u00e9gterm\u00e9k min\u0151s\u00e9g\u00e9nek biztos\u00edt\u00e1s\u00e1hoz. A hegesztett T-idom\u00fa hengerek a hidraulikus rendszerekben a folyad\u00e9kok \u00e1raml\u00e1s\u00e1nak szab\u00e1lyoz\u00e1s\u00e1ra is haszn\u00e1lhat\u00f3k, ami nagyobb hat\u00e9konys\u00e1got \u00e9s megb\u00edzhat\u00f3s\u00e1got tesz lehet\u0151v\u00e9 sz\u00e1mos ipari alkalmaz\u00e1sban.<\/li>\n<li>\n<h3>Mez\u0151gazdas\u00e1gi berendez\u00e9sek<\/h3>\n<p>A hegesztett T-idom\u00fa hengereket gyakran haszn\u00e1lj\u00e1k mez\u0151gazdas\u00e1gi g\u00e9pekben, p\u00e9ld\u00e1ul traktorokban \u00e9s betakar\u00edt\u00f3g\u00e9pekben. Ezeknek a g\u00e9peknek a hat\u00e9kony m\u0171k\u00f6d\u00e9s\u00e9hez nagy teljes\u00edtm\u00e9ny\u0171 \u00e9s megb\u00edzhat\u00f3 hidraulikus rendszerekre van sz\u00fcks\u00e9g\u00fck, \u00e9s a hegesztett T-idom\u00fa henger ide\u00e1lis v\u00e1laszt\u00e1s erre a c\u00e9lra.<\/p>\n<p>A henger massz\u00edv fel\u00e9p\u00edt\u00e9se \u00e9s nagy szil\u00e1rds\u00e1ga rendk\u00edv\u00fcl ellen\u00e1ll\u00f3v\u00e1 teszi a kop\u00e1ssal \u00e9s elhaszn\u00e1l\u00f3d\u00e1ssal szemben, m\u00e9g zord \u00fczemi k\u00f6r\u00fclm\u00e9nyek k\u00f6z\u00f6tt is. Ez ide\u00e1lis v\u00e1laszt\u00e1ss\u00e1 teszi mez\u0151gazdas\u00e1gi berendez\u00e9sekben val\u00f3 haszn\u00e1latra, ahol a tart\u00f3ss\u00e1g kulcsfontoss\u00e1g\u00fa szempont. A hegesztett T-idom\u00fa henger sz\u00e1mos mez\u0151gazdas\u00e1gi folyamathoz, p\u00e9ld\u00e1ul \u00fcltet\u00e9shez, betakar\u00edt\u00e1shoz \u00e9s \u00f6nt\u00f6z\u00e9shez sz\u00fcks\u00e9ges prec\u00edz vez\u00e9rl\u00e9s biztos\u00edt\u00e1s\u00e1ra is haszn\u00e1lhat\u00f3.<\/li>\n<li>\n<h3>\u00c9p\u00edt\u0151ipari berendez\u00e9sek<\/h3>\n<p>A hegesztett T-idom\u00fa hengereket sz\u00e9les k\u00f6rben haszn\u00e1lj\u00e1k \u00e9p\u00edt\u0151ipari berendez\u00e9sekben, p\u00e9ld\u00e1ul kotr\u00f3g\u00e9pekben, kotr\u00f3g\u00e9pekben \u00e9s buld\u00f3zerekben. Ezeknek a g\u00e9peknek nagy teljes\u00edtm\u00e9ny\u0171 \u00e9s megb\u00edzhat\u00f3 hidraulikus rendszerekre van sz\u00fcks\u00e9g\u00fck a neh\u00e9z feladatok, p\u00e9ld\u00e1ul az \u00e1s\u00e1s, emel\u00e9s \u00e9s a neh\u00e9z terhek tol\u00e1sa elv\u00e9gz\u00e9s\u00e9hez.<\/p>\n<p>A hegesztett T-idom\u00fa henger nagy szil\u00e1rds\u00e1ga \u00e9s tart\u00f3ss\u00e1ga ide\u00e1lis v\u00e1laszt\u00e1ss\u00e1 teszi \u00e9p\u00edt\u0151ipari berendez\u00e9sekben val\u00f3 haszn\u00e1latra. A prec\u00edz vez\u00e9rl\u00e9s \u00e9s az \u00e1lland\u00f3 er\u0151 biztos\u00edt\u00e1s\u00e1nak k\u00e9pess\u00e9ge elengedhetetlen sz\u00e1mos \u00e9p\u00edt\u00e9si folyamathoz, p\u00e9ld\u00e1ul f\u00f6ldmunk\u00e1hoz, tereprendez\u00e9shez \u00e9s burkol\u00e1shoz. A hegesztett T-idom\u00fa henger a hidraulikus rendszerekben a folyad\u00e9kok \u00e1raml\u00e1s\u00e1nak szab\u00e1lyoz\u00e1s\u00e1ra is haszn\u00e1lhat\u00f3, jav\u00edtva az \u00e9p\u00edt\u0151ipari berendez\u00e9sek hat\u00e9konys\u00e1g\u00e1t \u00e9s megb\u00edzhat\u00f3s\u00e1g\u00e1t sz\u00e1mos alkalmaz\u00e1sban.<\/li>\n<\/ul>\n<p><img loading=\"lazy\" decoding=\"async\" class=\"size-full wp-image-974 aligncenter\" src=\"https:\/\/fmp-components.com\/wp-content\/uploads\/2024\/12\/application-of-Welded-Tee-Type-Cylinder.webp\" alt=\"Hegesztett T-idom\u00fa henger alkalmaz\u00e1sa\" width=\"760\" height=\"860\" title=\"\" srcset=\"https:\/\/fmp-components.com\/wp-content\/uploads\/2024\/12\/application-of-Welded-Tee-Type-Cylinder.webp 760w, https:\/\/fmp-components.com\/wp-content\/uploads\/2024\/12\/application-of-Welded-Tee-Type-Cylinder-480x543.webp 480w\" sizes=\"(min-width: 0px) and (max-width: 480px) 480px, (min-width: 481px) 760px, 100vw\" \/><\/p>\n<h3>Az FMP-r\u0151l<\/h3>\n<p>Az FMP t\u00f6bb mint 30 \u00e9ve alap\u00edtott, k\u00fcl\u00f6nf\u00e9le t\u00edpus\u00fa hidraulikus hengerek professzion\u00e1lis gy\u00e1rt\u00f3ja \u00e9s sz\u00e1ll\u00edt\u00f3ja, ipari ter\u00fclet\u00fcnk Olaszorsz\u00e1gban tal\u00e1lhat\u00f3. T\u00f6bb mint 100 berendez\u00e9ssel rendelkez\u00fcnk, bele\u00e9rtve az automatikus g\u00e1zv\u00e9d\u0151g\u00e1zas hegeszt\u0151g\u00e9peket, m\u00e9lyf\u00far\u00f3 g\u00e9peket, CNC eszterg\u00e1kat, hengeres k\u00f6sz\u00f6r\u0171ket, automatikus tiszt\u00edt\u00f3g\u00e9peket, automatikus szerel\u0151g\u00e9peket, automatikus hidraulikus henger teljes\u00edtm\u00e9nym\u00e9r\u0151 padokat, automatikus fest\u0151sorokat \u00e9s egyebeket.<\/p>\n<p>Hidraulikus hengereink szigor\u00fa megmunk\u00e1l\u00e1son \u00e9s ellen\u0151rz\u00e9sen esnek \u00e1t, hogy biztos\u00edtsuk \u00fcgyfeleink sz\u00e1m\u00e1ra a j\u00f3 min\u0151s\u00e9get. Term\u00e9kek sz\u00e9les v\u00e1laszt\u00e9k\u00e1t k\u00edn\u00e1ljuk, bele\u00e9rtve a hidraulikus henger f\u00fclbeval\u00f3kat, a k\u00e9tir\u00e1ny\u00fa automatikus teleszk\u00f3pos hidraulikus hengereket \u00e9s egyebeket.<\/p>\n<h4>El\u0151nyeink:<\/h4>\n<ul>\n<li><strong>Tervez\u00e9si szolg\u00e1ltat\u00e1s:<\/strong> Tapasztalt tervez\u0151csapatunk seg\u00edts\u00e9get ny\u00fajthat \u00faj term\u00e9kek fejleszt\u00e9s\u00e9ben vagy megl\u00e9v\u0151 term\u00e9kek fejleszt\u00e9s\u00e9ben az \u00d6n ig\u00e9nyeinek kiel\u00e9g\u00edt\u00e9se \u00e9rdek\u00e9ben.<\/li>\n<li><strong>Term\u00e9kszolg\u00e1ltat\u00e1s:<\/strong> A nyersanyagokt\u00f3l a sz\u00e1ll\u00edt\u00e1sig gondosan k\u00f6vetj\u00fck a gy\u00e1rt\u00e1si folyamatot, hogy biztos\u00edtsuk a legmagasabb min\u0151s\u00e9g\u0171 term\u00e9keket.<\/li>\n<li><strong>Mintav\u00e9teli folyamat:<\/strong> Mint\u00e1kat tudunk fejleszteni az \u00d6n egyedi ig\u00e9nyeinek megfelel\u0151en, \u00e9s folyamatosan m\u00f3dos\u00edtani azokat, am\u00edg meg nem felel\u00fcnk az \u00d6n k\u00f6vetelm\u00e9nyeinek.<\/li>\n<li><strong>K+F:<\/strong> Kutat\u00e1st \u00e9s fejleszt\u00e9st v\u00e9gz\u00fcnk az \u00faj piaci ig\u00e9nyek tanulm\u00e1nyoz\u00e1sa \u00e9s \u00faj modellek fejleszt\u00e9se \u00e9rdek\u00e9ben, amikor \u00faj aut\u00f3k jelennek meg a piacon.<\/li>\n<li><strong>Testreszab\u00e1s:<\/strong> Sz\u00e1mos testreszab\u00e1si lehet\u0151s\u00e9get k\u00edn\u00e1lunk, hogy megfelelj\u00fcnk az \u00d6n egyedi ig\u00e9nyeinek.<\/li>\n<\/ul>\n<p>Az FMP-n\u00e9l elk\u00f6telezettek vagyunk a kiv\u00e1l\u00f3 min\u0151s\u00e9g\u0171 hidraulikus hengerek \u00e9s a kiv\u00e9teles \u00fcgyf\u00e9lszolg\u00e1lat biztos\u00edt\u00e1sa ir\u00e1nt. L\u00e9pjen kapcsolatba vel\u00fcnk m\u00e9g ma, hogy megtudja, hogyan seg\u00edthet\u00fcnk hidraulikus hengerekkel kapcsolatos ig\u00e9nyeiben.<\/p>\n<p><img decoding=\"async\" src=\"https:\/\/fmp-components.com\/wp-content\/uploads\/2024\/12\/fmp-factory-4.webp\" alt=\"FMP gy\u00e1r\" width=\"800\" title=\"\"><br \/>\nSzerz\u0151: CX<\/p>","protected":false},"excerpt":{"rendered":"<p>The Wt-3000Psi Welded Tee Hydraulic Cylinder by Direct Supply is a premier product from FMP, a renowned manufacturer established in 2006. Known for its commitment to quality and innovation, FMP has designed this hydraulic cylinder specifically for high-pressure applications, ensuring it meets the rigorous demands of various industrial tasks. With a focus on durability and [&hellip;]<\/p>","protected":false},"featured_media":1133,"comment_status":"closed","ping_status":"closed","template":"","meta":{"_et_pb_use_builder":"","_et_pb_old_content":"","_et_gb_content_width":""},"product_brand":[],"product_cat":[31],"product_tag":[34,35],"class_list":{"0":"post-925","1":"product","2":"type-product","3":"status-publish","4":"has-post-thumbnail","6":"product_cat-welded-tee-type-cylinder","7":"product_tag-hydraulic-cylinder","8":"product_tag-welded-tee-type-cylinder","10":"first","11":"instock","12":"product-type-simple"},"_links":{"self":[{"href":"https:\/\/fmp-components.com\/hu\/wp-json\/wp\/v2\/product\/925","targetHints":{"allow":["GET"]}}],"collection":[{"href":"https:\/\/fmp-components.com\/hu\/wp-json\/wp\/v2\/product"}],"about":[{"href":"https:\/\/fmp-components.com\/hu\/wp-json\/wp\/v2\/types\/product"}],"replies":[{"embeddable":true,"href":"https:\/\/fmp-components.com\/hu\/wp-json\/wp\/v2\/comments?post=925"}],"wp:featuredmedia":[{"embeddable":true,"href":"https:\/\/fmp-components.com\/hu\/wp-json\/wp\/v2\/media\/1133"}],"wp:attachment":[{"href":"https:\/\/fmp-components.com\/hu\/wp-json\/wp\/v2\/media?parent=925"}],"wp:term":[{"taxonomy":"product_brand","embeddable":true,"href":"https:\/\/fmp-components.com\/hu\/wp-json\/wp\/v2\/product_brand?post=925"},{"taxonomy":"product_cat","embeddable":true,"href":"https:\/\/fmp-components.com\/hu\/wp-json\/wp\/v2\/product_cat?post=925"},{"taxonomy":"product_tag","embeddable":true,"href":"https:\/\/fmp-components.com\/hu\/wp-json\/wp\/v2\/product_tag?post=925"}],"curies":[{"name":"munkaf\u00fczet","href":"https:\/\/api.w.org\/{rel}","templated":true}]}}