{"id":921,"date":"2024-12-19T03:39:00","date_gmt":"2024-12-19T03:39:00","guid":{"rendered":"https:\/\/fmp-components.com\/product\/10002-professional-craftsmanship-small-double-acting-stainless-steel-hydraulic-cylinder-for-tractor\/"},"modified":"2024-12-19T09:01:32","modified_gmt":"2024-12-19T09:01:32","slug":"10002-professional-craftsmanship-small-double-acting-stainless-steel-hydraulic-cylinder-for-tractor","status":"publish","type":"product","link":"https:\/\/fmp-components.com\/hu\/product\/10002-professional-craftsmanship-small-double-acting-stainless-steel-hydraulic-cylinder-for-tractor\/","title":{"rendered":"10002 Professzion\u00e1lis k\u00e9zm\u0171ves kism\u00e9ret\u0171, kett\u0151s m\u0171k\u00f6d\u00e9s\u0171, rozsdamentes ac\u00e9l hidraulikus henger traktorhoz"},"content":{"rendered":"<p>A 10002 Professional Craftsmanship kism\u00e9ret\u0171, kett\u0151s m\u0171k\u00f6d\u00e9s\u0171, rozsdamentes ac\u00e9l hidraulikus hengert a traktoralkalmaz\u00e1sokban val\u00f3 optim\u00e1lis teljes\u00edtm\u00e9nyre tervezt\u00e9k. Az innovat\u00edv kialak\u00edt\u00e1s \u00e9s a kiv\u00e1l\u00f3 min\u0151s\u00e9g\u0171 anyagok \u00f6tv\u00f6zet\u00e9nek k\u00f6sz\u00f6nhet\u0151en ez a hidraulikus henger n\u00e9lk\u00fcl\u00f6zhetetlen eszk\u00f6z a mez\u0151gazdas\u00e1gi m\u0171veletek hat\u00e9konys\u00e1g\u00e1nak \u00e9s eredm\u00e9nyess\u00e9g\u00e9nek n\u00f6vel\u00e9s\u00e9hez.<\/p>\n<p><img loading=\"lazy\" decoding=\"async\" class=\"size-full wp-image-977 aligncenter\" src=\"https:\/\/fmp-components.com\/wp-content\/uploads\/2024\/12\/Welded-Tee-Type-Cylinder3.webp\" alt=\"Hegesztett p\u00f3l\u00f3 t\u00edpus\u00fa henger\" width=\"653\" height=\"600\" title=\"\" srcset=\"https:\/\/fmp-components.com\/wp-content\/uploads\/2024\/12\/Welded-Tee-Type-Cylinder3.webp 653w, https:\/\/fmp-components.com\/wp-content\/uploads\/2024\/12\/Welded-Tee-Type-Cylinder3-480x441.webp 480w\" sizes=\"(min-width: 0px) and (max-width: 480px) 480px, (min-width: 481px) 653px, 100vw\" \/><\/p>\n<h4>F\u0151bb jellemz\u0151k:<\/h4>\n<ul>\n<li><strong>Kett\u0151s m\u0171k\u00f6d\u00e9s\u0171 kialak\u00edt\u00e1s:<\/strong><br \/>\nEz a hidraulikus henger mind kiny\u00fajt\u00e1s, mind visszah\u00faz\u00e1s \u00fczemm\u00f3dban m\u0171k\u00f6dik, \u00edgy sokoldal\u00fa funkcionalit\u00e1st biztos\u00edt. A kett\u0151s m\u0171k\u00f6d\u00e9s\u0171 mechanizmus sima \u00e9s szab\u00e1lyozott mozg\u00e1st biztos\u00edt, \u00edgy ide\u00e1lis a prec\u00edz pozicion\u00e1l\u00e1st ig\u00e9nyl\u0151 feladatokhoz, p\u00e9ld\u00e1ul az emel\u00e9shez \u00e9s a munkaeszk\u00f6z\u00f6k be\u00e1ll\u00edt\u00e1s\u00e1hoz.<\/li>\n<li><strong>Pr\u00e9mium rozsdamentes ac\u00e9l konstrukci\u00f3:<\/strong><br \/>\nKiv\u00e1l\u00f3 min\u0151s\u00e9g\u0171 rozsdamentes ac\u00e9lb\u00f3l k\u00e9sz\u00fclt, ez a hidraulikus henger kiv\u00e9teles ellen\u00e1ll\u00e1st biztos\u00edt a korr\u00f3zi\u00f3val \u00e9s a kop\u00e1ssal szemben. Ez a tart\u00f3ss\u00e1g biztos\u00edtja, hogy ellen\u00e1lljon a mez\u0151gazdas\u00e1gi k\u00f6rnyezetben gyakran el\u0151fordul\u00f3 zord k\u00f6r\u00fclm\u00e9nyeknek, meghosszabb\u00edtva \u00e9lettartam\u00e1t \u00e9s fenntartva a megb\u00edzhat\u00f3 teljes\u00edtm\u00e9nyt.<\/li>\n<li><strong>Kompakt m\u00e9ret:<\/strong><br \/>\nA 10002-es hidraulikus henger kis m\u00e9ret\u0171 kialak\u00edt\u00e1sa lehet\u0151v\u00e9 teszi a k\u00f6nny\u0171 telep\u00edt\u00e9st sz\u0171k helyeken a teljes\u00edtm\u00e9ny vagy a hat\u00e9konys\u00e1g fel\u00e1ldoz\u00e1sa n\u00e9lk\u00fcl. Kompakt kialak\u00edt\u00e1s\u00e1nak k\u00f6sz\u00f6nhet\u0151en k\u00fcl\u00f6nf\u00e9le traktormodellekhez \u00e9s alkalmaz\u00e1sokhoz alkalmas, \u00edgy rugalmasan haszn\u00e1lhat\u00f3.<\/li>\n<li><strong>Nagy teljes\u00edtm\u00e9ny:<\/strong><br \/>\nEz a nagy er\u0151 lead\u00e1s\u00e1ra tervezett hidraulikus henger jelent\u0151s terhel\u00e9sek kezel\u00e9s\u00e9re k\u00e9pes, \u00edgy t\u00f6k\u00e9letes v\u00e1laszt\u00e1s sz\u00e1mos mez\u0151gazdas\u00e1gi feladathoz. Nagy teljes\u00edtm\u00e9nye n\u00f6veli a traktorok m\u0171k\u00f6d\u00e9s\u00e9nek \u00e1ltal\u00e1nos termel\u00e9kenys\u00e9g\u00e9t, biztos\u00edtva a feladatok hat\u00e9kony elv\u00e9gz\u00e9s\u00e9t.<\/li>\n<li><strong>Sokoldal\u00fa alkalmaz\u00e1sok:<\/strong><br \/>\nA 10002-es hidraulikus henger ide\u00e1lis k\u00fcl\u00f6nf\u00e9le alkalmaz\u00e1sokhoz, bele\u00e9rtve a talajm\u0171vel\u00e9st, emel\u00e9st \u00e9s vontat\u00e1st. Sokoldal\u00fas\u00e1g\u00e1nak k\u00f6sz\u00f6nhet\u0151en hat\u00e9konyan haszn\u00e1lhat\u00f3 a traktorok sz\u00e9les v\u00e1laszt\u00e9k\u00e1val, maximaliz\u00e1lva a m\u0171k\u00f6d\u00e9si hat\u00e9konys\u00e1got.<\/li>\n<\/ul>\n<h4>M\u0171szaki adatok:<\/h4>\n<table style=\"width: 94.2857%; height: 160px;\">\n<thead>\n<tr>\n<th>Specifik\u00e1ci\u00f3<\/th>\n<th>Le\u00edr\u00e1s<\/th>\n<\/tr>\n<\/thead>\n<tbody>\n<tr>\n<td><strong>Furatm\u00e9ret<\/strong><\/td>\n<td>Testreszabhat\u00f3<\/td>\n<\/tr>\n<tr>\n<td><strong>L\u00f6kethossz<\/strong><\/td>\n<td>K\u00fcl\u00f6nb\u00f6z\u0151 lehet\u0151s\u00e9gek \u00e1llnak rendelkez\u00e9sre<\/td>\n<\/tr>\n<tr>\n<td><strong>Maxim\u00e1lis nyom\u00e1s<\/strong><\/td>\n<td>Ak\u00e1r 3000 PSI<\/td>\n<\/tr>\n<tr>\n<td><strong>Anyag<\/strong><\/td>\n<td>Kiv\u00e1l\u00f3 min\u0151s\u00e9g\u0171 rozsdamentes ac\u00e9l<\/td>\n<\/tr>\n<tr>\n<td><strong>Kapcsolat t\u00edpusa<\/strong><\/td>\n<td>Karim\u00e1s vagy menetes<\/td>\n<\/tr>\n<\/tbody>\n<\/table>\n<h4>M\u0171k\u00f6d\u00e9si elv:<\/h4>\n<p>A 10002-es kism\u00e9ret\u0171, kett\u0151s m\u0171k\u00f6d\u00e9s\u0171, rozsdamentes ac\u00e9l hidraulikus henger a hidraulikafolyad\u00e9k nyom\u00e1s\u00e1nak elv\u00e9n m\u0171k\u00f6dik. Amikor a hidraulikafolyad\u00e9kot a hengerbe pump\u00e1lj\u00e1k, az er\u0151t fejt ki a dugatty\u00fara, mindk\u00e9t ir\u00e1nyban line\u00e1ris mozg\u00e1st gener\u00e1lva. Ez a kett\u0151s m\u0171k\u00f6d\u00e9si k\u00e9pess\u00e9g lehet\u0151v\u00e9 teszi a traktor k\u00fcl\u00f6nb\u00f6z\u0151 funkci\u00f3inak hat\u00e9kony vez\u00e9rl\u00e9s\u00e9t, n\u00f6velve a teljes\u00edtm\u00e9nyt \u00e9s a termel\u00e9kenys\u00e9get.<\/p>\n<p>\u00d6sszefoglalva, a 10002 Professional Craftsmanship kism\u00e9ret\u0171, kett\u0151s m\u0171k\u00f6d\u00e9s\u0171, rozsdamentes ac\u00e9l hidraulikus henger robusztus \u00e9s hat\u00e9kony megold\u00e1s traktoralkalmaz\u00e1sokhoz. Kiv\u00e1l\u00f3 min\u0151s\u00e9g\u0171 konstrukci\u00f3ja, kett\u0151s m\u0171k\u00f6d\u00e9s\u0171 kialak\u00edt\u00e1sa \u00e9s kompakt m\u00e9rete felbecs\u00fclhetetlen \u00e9rt\u00e9k\u0171 eszk\u00f6zz\u00e9 teszi a mez\u0151gazdas\u00e1gi g\u00e9pek teljes\u00edtm\u00e9ny\u00e9nek \u00e9s megb\u00edzhat\u00f3s\u00e1g\u00e1nak jav\u00edt\u00e1s\u00e1ban. Ak\u00e1r emel\u00e9sr\u0151l, be\u00e1ll\u00edt\u00e1sr\u00f3l vagy vontat\u00e1sr\u00f3l van sz\u00f3, ez a hidraulikus henger a modern mez\u0151gazdas\u00e1g ig\u00e9nyes ig\u00e9nyeinek kiel\u00e9g\u00edt\u00e9s\u00e9re szolg\u00e1l.<\/p>\n<p><img decoding=\"async\" class=\"aligncenter\" src=\"https:\/\/hzpt.com\/wp-content\/uploads\/2023\/12\/random-4.webp\" alt=\"FMP gy\u00e1r\" title=\"\"><\/p>\n<h2>A hegesztett p\u00f3l\u00f3 t\u00edpus\u00fa henger el\u0151nyei<\/h2>\n<ul>\n<li style=\"list-style-type: none;\">\n<ul>\n<li><strong>Megn\u00f6velt er\u0151:<\/strong> A hegesztett T-idom\u00fa hengerek nagy szil\u00e1rds\u00e1gukr\u00f3l ismertek, \u00edgy alkalmasak neh\u00e9z emel\u00e9st ig\u00e9nyl\u0151 alkalmaz\u00e1sokhoz. Az ilyen hengerek gy\u00e1rt\u00e1sa sor\u00e1n alkalmazott hegeszt\u00e9si elj\u00e1r\u00e1s biztos\u00edtja, hogy a henger mentes legyen a gyenge pontokt\u00f3l, \u00e9s ellen\u00e1lljon a nagy nyom\u00e1snak \u00e9s terhel\u00e9snek.<\/li>\n<\/ul>\n<\/li>\n<\/ul>\n<p>Amikor a hengerre nyom\u00e1st gyakorolunk, az egyenletesen oszlik el a teljes fel\u00fcleten, \u00edgy ellen\u00e1ll a deform\u00e1ci\u00f3nak. Ez a tulajdons\u00e1g biztos\u00edtja, hogy a henger extr\u00e9m k\u00f6r\u00fclm\u00e9nyek k\u00f6z\u00f6tt is megtartsa alakj\u00e1t \u00e9s szerkezeti integrit\u00e1s\u00e1t.<\/p>\n<ul>\n<li style=\"list-style-type: none;\">\n<ul>\n<li><strong>Sziv\u00e1rg\u00e1smegel\u0151z\u00e9s:<\/strong> A hegesztett T-idom\u00fa palackokat a sziv\u00e1rg\u00e1s megakad\u00e1lyoz\u00e1s\u00e1ra tervezt\u00e9k. A gy\u00e1rt\u00e1si folyamat sor\u00e1n alkalmazott hegeszt\u00e9si elj\u00e1r\u00e1s biztos\u00edtja, hogy a palack teljesen t\u00f6m\u00edtett \u00e9s mentes legyen minden lehets\u00e9ges sziv\u00e1rg\u00e1st\u00f3l. Ez a tulajdons\u00e1g alkalmass\u00e1 teszi \u0151ket olyan alkalmaz\u00e1sokhoz, ahol a sziv\u00e1rg\u00e1s s\u00falyos k\u00e1rokat vagy s\u00e9r\u00fcl\u00e9seket okozhat.<\/li>\n<\/ul>\n<\/li>\n<\/ul>\n<p>A hegesztett illeszt\u00e9sek sim\u00e1k, reped\u00e9sek vagy hornyok n\u00e9lk\u00fcl, ahol t\u00f6rmel\u00e9k vagy szennyez\u0151d\u00e9s felhalmoz\u00f3dhatna, cs\u00f6kkentve a korr\u00f3zi\u00f3 \u00e9s a henger k\u00e1rosod\u00e1s\u00e1nak kock\u00e1zat\u00e1t.<\/p>\n<ul>\n<li style=\"list-style-type: none;\">\n<ul>\n<li><strong>Testreszabhat\u00f3:<\/strong> A hegesztett T-idom\u00fa hengerek testreszabhat\u00f3k az adott alkalmaz\u00e1sokhoz. A hengerek k\u00fcl\u00f6nb\u00f6z\u0151 m\u00e9retekben \u00e9s form\u00e1kban kaphat\u00f3k, \u00e9s az alkalmaz\u00e1s konkr\u00e9t k\u00f6vetelm\u00e9nyeinek megfelel\u0151en gy\u00e1rthat\u00f3k.<\/li>\n<\/ul>\n<\/li>\n<\/ul>\n<p>A testreszab\u00e1si folyamat lehet\u0151v\u00e9 teszi a henger teljes\u00edtm\u00e9ny\u00e9nek optimaliz\u00e1l\u00e1s\u00e1t, biztos\u00edtva, hogy az megfeleljen a k\u00edv\u00e1nt alkalmaz\u00e1snak. Ez a tulajdons\u00e1g teszi a hegesztett T-idom\u00fa hengereket ide\u00e1liss\u00e1 k\u00fcl\u00f6nf\u00e9le ipari alkalmaz\u00e1sokhoz, bele\u00e9rtve az \u00e9p\u00edt\u0151iparban, a b\u00e1ny\u00e1szatban \u00e9s az anyagmozgat\u00e1sban val\u00f3 haszn\u00e1latra.<\/p>\n<ul>\n<li style=\"list-style-type: none;\">\n<ul>\n<li><strong>K\u00f6lts\u00e9ghat\u00e9kony:<\/strong> A hegesztett T-idom\u00fa hengerek k\u00f6lts\u00e9ghat\u00e9konyabbak m\u00e1s t\u00edpus\u00fa hengerekhez k\u00e9pest. Az ilyen hengerek gy\u00e1rt\u00e1si folyamata egyszer\u0171, \u00edgy olcs\u00f3bbak, mint m\u00e1s t\u00edpus\u00fa hengerek.<\/li>\n<\/ul>\n<\/li>\n<\/ul>\n<p>Tov\u00e1bb\u00e1 a hegesztett T-idom\u00fa hengerek nagy szil\u00e1rds\u00e1ga \u00e9s tart\u00f3ss\u00e1ga cs\u00f6kkenti a gyakori jav\u00edt\u00e1sok \u00e9s cser\u00e9k sz\u00fcks\u00e9gess\u00e9g\u00e9t, \u00edgy megtakar\u00edtva a karbantart\u00e1si k\u00f6lts\u00e9geket. Ez a tulajdons\u00e1g n\u00e9pszer\u0171 v\u00e1laszt\u00e1ss\u00e1 teszi \u0151ket sz\u00e1mos ipar\u00e1gban, k\u00fcl\u00f6n\u00f6sen a korl\u00e1tozott k\u00f6lts\u00e9gvet\u00e9ssel rendelkez\u0151k sz\u00e1m\u00e1ra.<\/p>\n<ul>\n<li style=\"list-style-type: none;\">\n<ul>\n<li><strong>Megn\u00f6velt hat\u00e9konys\u00e1g:<\/strong> A hegesztett T-idom\u00fa hengerek rendk\u00edv\u00fcl hat\u00e9konyak \u00e9s eredm\u00e9nyesek. A henger kialak\u00edt\u00e1sa biztos\u00edtja, hogy az alkalmazott er\u0151 k\u00f6zvetlen\u00fcl a terhel\u00e9sre ker\u00fclj\u00f6n \u00e1t, cs\u00f6kkentve az energiavesztes\u00e9get \u00e9s n\u00f6velve a hat\u00e9konys\u00e1got.<\/li>\n<\/ul>\n<\/li>\n<\/ul>\n<p>A hegesztett k\u00f6t\u00e9sek er\u0151sek \u00e9s merevek, minimaliz\u00e1lj\u00e1k az alakv\u00e1ltoz\u00e1st, \u00e9s biztos\u00edtj\u00e1k, hogy a henger extr\u00e9m k\u00f6r\u00fclm\u00e9nyek k\u00f6z\u00f6tt is megtartsa alakj\u00e1t \u00e9s szerkezeti integrit\u00e1s\u00e1t. Ez a tulajdons\u00e1g ide\u00e1liss\u00e1 teszi a hegesztett T-idom\u00fa hengereket olyan alkalmaz\u00e1sokhoz, amelyek nagy hat\u00e9konys\u00e1got \u00e9s megb\u00edzhat\u00f3s\u00e1got ig\u00e9nyelnek.<\/p>\n<h2>Hegesztett p\u00f3l\u00f3 t\u00edpus\u00fa henger alkalmaz\u00e1sa<\/h2>\n<ol>\n<li>\n<h3>Aut\u00f3ipar<\/h3>\n<p>A hegesztett T-idom\u00fa hengereket sz\u00e9les k\u00f6rben haszn\u00e1lj\u00e1k az aut\u00f3iparban. Aut\u00f3ajt\u00f3kban, motorh\u00e1ztet\u0151- \u00e9s csomagtart\u00f3-emel\u0151kben, kabri\u00f3tet\u0151kben \u00e9s szervokorm\u00e1nyrendszerekben haszn\u00e1lj\u00e1k \u0151ket. Ezeket a hengereket az\u00e9rt r\u00e9szes\u00edtik el\u0151nyben, mert alacsony helyig\u00e9ny mellett nagy er\u0151t tudnak leadni. A T-idom\u00fa henger kialak\u00edt\u00e1sa j\u00f3l alkalmazhat\u00f3 olyan alkalmaz\u00e1sokban, ahol az er\u0151t k\u00e9t k\u00fcl\u00f6nb\u00f6z\u0151 ir\u00e1nyba kell tov\u00e1bb\u00edtani.<\/p>\n<p>Tov\u00e1bb\u00e1, ezeknek a hengereknek a hegesztett konstrukci\u00f3ja lehet\u0151v\u00e9 teszi, hogy magas h\u0151m\u00e9rs\u00e9kleten \u00e9s nyom\u00e1son sziv\u00e1rg\u00e1s n\u00e9lk\u00fcl m\u0171k\u00f6djenek. Ez alkalmass\u00e1 teszi \u0151ket motorokban, sebess\u00e9gv\u00e1lt\u00f3kban \u00e9s f\u00e9krendszerekben val\u00f3 haszn\u00e1latra.<\/li>\n<li>\n<h3>Feldolgoz\u00f3 ipar<\/h3>\n<p>A hegesztett T-idom\u00fa hengereket a gy\u00e1rt\u00f3iparban is haszn\u00e1lj\u00e1k. Hidraulikus pr\u00e9sekben, kov\u00e1csol\u00f3g\u00e9pekben \u00e9s f\u00e9mv\u00e1g\u00f3 g\u00e9pekben haszn\u00e1lj\u00e1k \u0151ket. Ezeknek a hengereknek a nagy er\u0151teljes\u00edtm\u00e9nye ide\u00e1liss\u00e1 teszi \u0151ket olyan alkalmaz\u00e1sokhoz, ahol nagy er\u0151re van sz\u00fcks\u00e9g kis t\u00e9rben.<\/p>\n<p>A T-idom\u00fa henger kialak\u00edt\u00e1sa j\u00f3l alkalmazhat\u00f3 olyan alkalmaz\u00e1sokhoz is, ahol az er\u0151t k\u00e9t k\u00fcl\u00f6nb\u00f6z\u0151 ir\u00e1nyba kell \u00e1tvinni. P\u00e9ld\u00e1ul egy hidraulikus pr\u00e9sben a T-idom\u00fa henger f\u00fcgg\u0151leges \u00e9s v\u00edzszintes er\u0151 kifejt\u00e9s\u00e9re is haszn\u00e1lhat\u00f3, ami \u00f6sszetettebb gy\u00e1rt\u00e1si folyamatokat tesz lehet\u0151v\u00e9.<\/li>\n<li>\n<h3>Rep\u00fcl\u0151ipar<\/h3>\n<p>A hegesztett T-idom\u00fa hengereket a rep\u00fcl\u0151g\u00e9piparban sz\u00e1mos alkalmaz\u00e1sra haszn\u00e1lj\u00e1k. Fut\u00f3m\u0171-rendszerekben, rakt\u00e9rajt\u00f3kban \u00e9s rep\u00fcl\u00e9sir\u00e1ny\u00edt\u00f3 rendszerekben haszn\u00e1lj\u00e1k \u0151ket. Nagy er\u0151teljes\u00edtm\u00e9ny\u00fck \u00e9s kompakt kialak\u00edt\u00e1suk ide\u00e1liss\u00e1 teszi \u0151ket a rep\u00fcl\u0151g\u00e9peken rendelkez\u00e9sre \u00e1ll\u00f3 korl\u00e1tozott helyeken val\u00f3 haszn\u00e1latra.<\/p>\n<p>Ezeknek a hengereknek a hegesztett konstrukci\u00f3ja ellen\u00e1ll\u00f3v\u00e1 teszi \u0151ket a rep\u00fcl\u00e9s sor\u00e1n fell\u00e9p\u0151 magas nyom\u00e1ssal \u00e9s h\u0151m\u00e9rs\u00e9klettel szemben. Ezenk\u00edv\u00fcl a T-idom\u00fa henger kialak\u00edt\u00e1sa lehet\u0151v\u00e9 teszi az er\u0151 k\u00e9t k\u00fcl\u00f6nb\u00f6z\u0151 ir\u00e1nyba t\u00f6rt\u00e9n\u0151 \u00e1tvitel\u00e9t, \u00edgy j\u00f3l alkalmazhat\u00f3 olyan alkalmaz\u00e1sokhoz, ahol az er\u0151t sz\u00f6gben kell kifejteni.<\/li>\n<li>\n<h3>\u00c9p\u00edt\u0151ipar<\/h3>\n<p>A hegesztett T-idom\u00fa munkahengereket az \u00e9p\u00edt\u0151iparban haszn\u00e1lj\u00e1k neh\u00e9z emel\u00e9si \u00e9s mozgat\u00e1si alkalmaz\u00e1sokhoz. Darukban, kotr\u00f3g\u00e9pekben \u00e9s kotr\u00f3g\u00e9pekben haszn\u00e1lj\u00e1k \u0151ket. Nagy er\u0151teljes\u00edtm\u00e9ny\u00fck \u00e9s kompakt kialak\u00edt\u00e1suk ide\u00e1liss\u00e1 teszi \u0151ket az \u00e9p\u00edtkez\u00e9seken rendelkez\u00e9sre \u00e1ll\u00f3 korl\u00e1tozott helyeken val\u00f3 haszn\u00e1latra.<\/p>\n<p>A T-idom\u00fa henger kialak\u00edt\u00e1sa lehet\u0151v\u00e9 teszi az er\u0151 k\u00e9t k\u00fcl\u00f6nb\u00f6z\u0151 ir\u00e1nyba t\u00f6rt\u00e9n\u0151 \u00e1tvitel\u00e9t, \u00edgy j\u00f3l alkalmazhat\u00f3 olyan alkalmaz\u00e1sokhoz, ahol az er\u0151t sz\u00f6gben kell kifejteni. Ezenk\u00edv\u00fcl ezeknek a hengereknek a hegesztett konstrukci\u00f3ja lehet\u0151v\u00e9 teszi, hogy nagy nyom\u00e1son \u00e9s h\u0151m\u00e9rs\u00e9kleten sziv\u00e1rg\u00e1s n\u00e9lk\u00fcl m\u0171k\u00f6djenek, \u00edgy alkalmasak zord k\u00fclt\u00e9ri k\u00f6rnyezetben val\u00f3 haszn\u00e1latra.<\/li>\n<\/ol>\n<p><img loading=\"lazy\" decoding=\"async\" class=\"size-full wp-image-974 aligncenter\" src=\"https:\/\/fmp-components.com\/wp-content\/uploads\/2024\/12\/application-of-Welded-Tee-Type-Cylinder.webp\" alt=\"Hegesztett T-idom\u00fa henger alkalmaz\u00e1sa\" width=\"760\" height=\"860\" title=\"\" srcset=\"https:\/\/fmp-components.com\/wp-content\/uploads\/2024\/12\/application-of-Welded-Tee-Type-Cylinder.webp 760w, https:\/\/fmp-components.com\/wp-content\/uploads\/2024\/12\/application-of-Welded-Tee-Type-Cylinder-480x543.webp 480w\" sizes=\"(min-width: 0px) and (max-width: 480px) 480px, (min-width: 481px) 760px, 100vw\" \/><\/p>\n<h3>Az FMP-r\u0151l<\/h3>\n<p>Az FMP egy elismert, t\u00f6bb mint 30 \u00e9ves tapasztalattal rendelkez\u0151 olaszorsz\u00e1gi hidraulikus hengergy\u00e1rt\u00f3. Sz\u00e9les v\u00e1laszt\u00e9k\u00fa hidraulikus hengerek gy\u00e1rt\u00e1s\u00e1ra specializ\u00e1l\u00f3dtunk, \u00e9s egyedi ig\u00e9nyek kiel\u00e9g\u00edt\u00e9s\u00e9re testreszab\u00e1si lehet\u0151s\u00e9geket is k\u00edn\u00e1lunk.<\/p>\n<p>\u00cdme \u00f6t ok, ami\u00e9rt az FMP-t kellene v\u00e1lasztania hidraulikus hengereihez:<\/p>\n<p>1. Korszer\u0171 berendez\u00e9sek<\/p>\n<p>T\u00f6bb mint 100 korszer\u0171 berendez\u00e9ssel rendelkez\u00fcnk, bele\u00e9rtve az automatikus g\u00e1zv\u00e9d\u0151g\u00e1zas hegeszt\u0151g\u00e9peket, m\u00e9lyf\u00far\u00f3 g\u00e9peket, CNC eszterg\u00e1kat, hengercsiszol\u00f3kat, automatikus tiszt\u00edt\u00f3g\u00e9peket, automatikus szerel\u0151g\u00e9peket, automatikus hidraulikus henger teljes\u00edtm\u00e9nym\u00e9r\u0151 padokat, automatikus fest\u0151sorokat \u00e9s egyebeket. Korszer\u0171 g\u00e9peinkkel garant\u00e1ljuk hidraulikus hengereink min\u0151s\u00e9g\u00e9t \u00e9s pontoss\u00e1g\u00e1t.<\/p>\n<p>2. Szigor\u00fa min\u0151s\u00e9gellen\u0151rz\u00e9s<\/p>\n<p>Minden hidraulikus henger\u00fcnk szigor\u00fa megmunk\u00e1l\u00e1son \u00e9s ellen\u0151rz\u00e9sen esik \u00e1t, hogy biztos\u00edtsuk a magas min\u0151s\u00e9gi k\u00f6vetelm\u00e9nyeinknek val\u00f3 megfelel\u00e9st. Arra t\u00f6reksz\u00fcnk, hogy \u00fcgyfeleinknek a lehet\u0151 legjobb term\u00e9keket k\u00edn\u00e1ljuk.<\/p>\n<p>3. Tervez\u00e9si szolg\u00e1ltat\u00e1sok<\/p>\n<p>Tapasztalt tervez\u0151csapatunk seg\u00edthet \u00faj term\u00e9kek fejleszt\u00e9s\u00e9ben vagy a megl\u00e9v\u0151k fejleszt\u00e9s\u00e9ben. Szak\u00e9rt\u0151i tan\u00e1csokkal \u00e9s t\u00e1mogat\u00e1ssal l\u00e1tjuk el \u00d6nt a tervez\u00e9si folyamat sor\u00e1n.<\/p>\n<p>4. Teljes k\u00f6r\u0171 term\u00e9kszolg\u00e1ltat\u00e1s<\/p>\n<p>Teljes k\u00f6r\u0171 szolg\u00e1ltat\u00e1sokat k\u00edn\u00e1lunk, az alapanyagok kiv\u00e1laszt\u00e1s\u00e1t\u00f3l a sz\u00e1ll\u00edt\u00e1sig. Folyamatunk mag\u00e1ban foglalja a v\u00e1g\u00e1st, a durva megmunk\u00e1l\u00e1st, a tesztel\u00e9st, a tiszt\u00edt\u00e1st, az \u00f6sszeszerel\u00e9st, a csomagol\u00e1st \u00e9s egyebeket. \u00dcgyfeleinknek \u00e1tfog\u00f3 szolg\u00e1ltat\u00e1sokat ny\u00fajtunk, hogy biztosan el\u00e9gedettek legyenek hidraulikus hengereikkel.<\/p>\n<p>5. Kutat\u00e1s \u00e9s fejleszt\u00e9s<\/p>\n<p>Folyamatosan kutatjuk a leg\u00fajabb piaci trendeket, \u00e9s \u00faj hidraulikus henger modelleket fejleszt\u00fcnk, hogy megfelelj\u00fcnk \u00fcgyfeleink ig\u00e9nyeinek. Elk\u00f6telezettek vagyunk az ir\u00e1nt, hogy az ipar\u00e1g \u00e9lvonal\u00e1ban maradjunk, \u00e9s innovat\u00edv megold\u00e1sokat ny\u00fajtsunk \u00fcgyfeleinknek.<\/p>\n<p><img decoding=\"async\" src=\"https:\/\/fmp-components.com\/wp-content\/uploads\/2024\/12\/fmp-factory-4.webp\" alt=\"FMP gy\u00e1r\" width=\"800\" title=\"\"><br \/>\nSzerz\u0151: CX<\/p>","protected":false},"excerpt":{"rendered":"<p>The 10002 Professional Craftsmanship Small Double Acting Stainless Steel Hydraulic Cylinder is engineered for optimal performance in tractor applications. Combining innovative design with high-quality materials, this hydraulic cylinder is an essential tool for enhancing the efficiency and effectiveness of your agricultural operations. Key Features: Double Acting Design: This hydraulic cylinder operates in both extension and [&hellip;]<\/p>","protected":false},"featured_media":1133,"comment_status":"closed","ping_status":"closed","template":"","meta":{"_et_pb_use_builder":"","_et_pb_old_content":"","_et_gb_content_width":""},"product_brand":[],"product_cat":[31],"product_tag":[34,35],"class_list":{"0":"post-921","1":"product","2":"type-product","3":"status-publish","4":"has-post-thumbnail","6":"product_cat-welded-tee-type-cylinder","7":"product_tag-hydraulic-cylinder","8":"product_tag-welded-tee-type-cylinder","10":"first","11":"instock","12":"product-type-simple"},"_links":{"self":[{"href":"https:\/\/fmp-components.com\/hu\/wp-json\/wp\/v2\/product\/921","targetHints":{"allow":["GET"]}}],"collection":[{"href":"https:\/\/fmp-components.com\/hu\/wp-json\/wp\/v2\/product"}],"about":[{"href":"https:\/\/fmp-components.com\/hu\/wp-json\/wp\/v2\/types\/product"}],"replies":[{"embeddable":true,"href":"https:\/\/fmp-components.com\/hu\/wp-json\/wp\/v2\/comments?post=921"}],"wp:featuredmedia":[{"embeddable":true,"href":"https:\/\/fmp-components.com\/hu\/wp-json\/wp\/v2\/media\/1133"}],"wp:attachment":[{"href":"https:\/\/fmp-components.com\/hu\/wp-json\/wp\/v2\/media?parent=921"}],"wp:term":[{"taxonomy":"product_brand","embeddable":true,"href":"https:\/\/fmp-components.com\/hu\/wp-json\/wp\/v2\/product_brand?post=921"},{"taxonomy":"product_cat","embeddable":true,"href":"https:\/\/fmp-components.com\/hu\/wp-json\/wp\/v2\/product_cat?post=921"},{"taxonomy":"product_tag","embeddable":true,"href":"https:\/\/fmp-components.com\/hu\/wp-json\/wp\/v2\/product_tag?post=921"}],"curies":[{"name":"munkaf\u00fczet","href":"https:\/\/api.w.org\/{rel}","templated":true}]}}