{"id":919,"date":"2024-12-19T03:39:00","date_gmt":"2024-12-19T03:39:00","guid":{"rendered":"https:\/\/fmp-components.com\/product\/10001-selected-products-double-acting-hydraulic-cylinder-with-end-plug-hole-for-agricultural-machinery-american-standard-black-serious\/"},"modified":"2024-12-26T09:00:43","modified_gmt":"2024-12-26T09:00:43","slug":"10001-selected-products-double-acting-hydraulic-cylinder-with-end-plug-hole-for-agricultural-machinery-american-standard-black-serious","status":"publish","type":"product","link":"https:\/\/fmp-components.com\/hu\/product\/10001-selected-products-double-acting-hydraulic-cylinder-with-end-plug-hole-for-agricultural-machinery-american-standard-black-serious\/","title":{"rendered":"10001 Kiv\u00e1lasztott term\u00e9kek Kett\u0151s m\u0171k\u00f6d\u00e9s\u0171 hidraulikus henger v\u00e9gdug\u00f3s furattal mez\u0151gazdas\u00e1gi g\u00e9pekhez Amerikai szabv\u00e1ny FEKETE S\u00falyos"},"content":{"rendered":"<div class=\"ChatMessage_chatMessage__xkgHx\" data-complete=\"true\">\n<div class=\"ChatMessage_messageRow__DHlnq\">\n<div class=\"ChatMessage_messageWrapper__4Ugd6\">\n<div class=\"Message_rowWithFooter__FShU6\">\n<div class=\"Message_row__ug_UU\">\n<div class=\"Message_messageBubbleWrapper__sEq8z\">\n<div class=\"Message_leftSideMessageBubble__VPdk6\">\n<div class=\"Message_messageTextContainer__w64Sc\">\n<div>\n<div class=\"Markdown_markdownContainer__Tz3HQ\">\n<p>A 10001 Selected Products kett\u0151s m\u0171k\u00f6d\u00e9s\u0171 hidraulikus henger mez\u0151gazdas\u00e1gi g\u00e9pekhez k\u00e9sz\u00fclt, megb\u00edzhat\u00f3 teljes\u00edtm\u00e9nyt \u00e9s tart\u00f3ss\u00e1got biztos\u00edtva. Az amerikai szabv\u00e1nyoknak megfelel\u0151en tervezett hidraulikus henger v\u00e9gdug\u00f3s furattal rendelkezik a fokozott sokoldal\u00fas\u00e1g \u00e9rdek\u00e9ben a k\u00fcl\u00f6nf\u00e9le alkalmaz\u00e1sokban.<\/p>\n<h4>F\u0151bb jellemz\u0151k:<\/h4>\n<ul>\n<li><strong>Kett\u0151s m\u0171k\u00f6d\u00e9s\u0171 mechanizmus:<\/strong><br \/>\nEz a hidraulikus henger mind kiny\u00fajt\u00e1s, mind visszah\u00faz\u00e1s \u00fczemm\u00f3dban m\u0171k\u00f6dik, biztos\u00edtva a hat\u00e9kony \u00e9s szab\u00e1lyozott mozg\u00e1st. A kett\u0151s m\u0171k\u00f6d\u00e9s\u0171 kialak\u00edt\u00e1s sz\u00e9les k\u00f6r\u0171 mez\u0151gazdas\u00e1gi feladatokhoz haszn\u00e1lhat\u00f3, a munkag\u00e9pek emel\u00e9s\u00e9t\u0151l a tol\u00e1sig \u00e9s h\u00faz\u00e1sig.<\/li>\n<li><strong>V\u00e9gdug\u00f3 furat\u00e1nak kialak\u00edt\u00e1sa:<\/strong><br \/>\nA v\u00e9gdug\u00f3 furat\u00e1nak k\u00f6sz\u00f6nhet\u0151en k\u00f6nnyen r\u00f6gz\u00edthet\u0151 \u00e9s testreszabhat\u00f3, \u00edgy alkalmass\u00e1 teszi k\u00fcl\u00f6nf\u00e9le mez\u0151gazdas\u00e1gi g\u00e9pek be\u00e1ll\u00edt\u00e1saihoz. Ez a funkci\u00f3 n\u00f6veli a henger alkalmazkod\u00f3k\u00e9pess\u00e9g\u00e9t, biztos\u00edtva, hogy az megfeleljen az adott \u00fczemi ig\u00e9nyeknek.<\/li>\n<li><strong>Kiv\u00e1l\u00f3 min\u0151s\u00e9g\u0171 kivitelez\u00e9s:<\/strong><br \/>\nA pr\u00e9mium anyagokb\u00f3l k\u00e9sz\u00fclt 10001-es hidraulikus henger a mez\u0151gazdas\u00e1gi k\u00f6rnyezet neh\u00e9z k\u00f6r\u00fclm\u00e9nyeinek elvisel\u00e9s\u00e9re k\u00e9sz\u00fclt. Robusztus konstrukci\u00f3ja hossz\u00fa t\u00e1v\u00fa teljes\u00edtm\u00e9nyt \u00e9s megb\u00edzhat\u00f3s\u00e1got biztos\u00edt, m\u00e9g nagy terhel\u00e9s alatt is.<\/li>\n<li><strong>Amerikai szabv\u00e1nyoknak val\u00f3 megfelel\u00e9s:<\/strong><br \/>\nAz amerikai ipari szabv\u00e1nyoknak megfelel\u0151en tervezett hidraulikus henger garant\u00e1lja a kompatibilit\u00e1st \u00e9s a biztons\u00e1got a mez\u0151gazdas\u00e1gi alkalmaz\u00e1sokban. A gazd\u00e1lkod\u00f3k megb\u00edzhatnak a min\u0151s\u00e9g\u00e9ben \u00e9s a teljes\u00edtm\u00e9ny\u00e9ben a tev\u00e9kenys\u00e9g\u00fck sor\u00e1n.<\/li>\n<li><strong>Sokoldal\u00fa alkalmaz\u00e1sok:<\/strong><br \/>\nA 10001-es hidraulikus henger ide\u00e1lis k\u00fcl\u00f6nf\u00e9le mez\u0151gazdas\u00e1gi g\u00e9pekhez, bele\u00e9rtve a traktorokat, betakar\u00edt\u00f3g\u00e9peket \u00e9s rakod\u00f3kat. Sokoldal\u00fas\u00e1g\u00e1nak k\u00f6sz\u00f6nhet\u0151en \u00e9rt\u00e9kes kieg\u00e9sz\u00edt\u0151je lehet b\u00e1rmilyen mez\u0151gazdas\u00e1gi tev\u00e9kenys\u00e9gnek.<\/li>\n<\/ul>\n<h4>M\u0171szaki adatok:<\/h4>\n<table style=\"width: 97.8316%; height: 216px;\">\n<thead>\n<tr>\n<th>Specifik\u00e1ci\u00f3<\/th>\n<th>Le\u00edr\u00e1s<\/th>\n<\/tr>\n<\/thead>\n<tbody>\n<tr>\n<td><strong>Teherb\u00edr\u00e1s<\/strong><\/td>\n<td>Testreszabhat\u00f3<\/td>\n<\/tr>\n<tr>\n<td><strong>Furatm\u00e9ret<\/strong><\/td>\n<td>K\u00fcl\u00f6nb\u00f6z\u0151 lehet\u0151s\u00e9gek \u00e1llnak rendelkez\u00e9sre<\/td>\n<\/tr>\n<tr>\n<td><strong>L\u00f6kethossz<\/strong><\/td>\n<td>Testreszabhat\u00f3<\/td>\n<\/tr>\n<tr>\n<td><strong>Maxim\u00e1lis nyom\u00e1s<\/strong><\/td>\n<td>Ak\u00e1r 3000 PSI<\/td>\n<\/tr>\n<tr>\n<td><strong>Anyag<\/strong><\/td>\n<td>Kiv\u00e1l\u00f3 min\u0151s\u00e9g\u0171 ac\u00e9l<\/td>\n<\/tr>\n<tr>\n<td><strong>Kapcsolat t\u00edpusa<\/strong><\/td>\n<td>Karim\u00e1s vagy menetes<\/td>\n<\/tr>\n<\/tbody>\n<\/table>\n<h4>M\u0171k\u00f6d\u00e9si elv:<\/h4>\n<p>A 10001-es kett\u0151s m\u0171k\u00f6d\u00e9s\u0171 hidraulikus henger a hidraulikafolyad\u00e9k nyom\u00e1sa alapj\u00e1n m\u0171k\u00f6dik. Amikor a hidraulikafolyad\u00e9kot a hengerbe pump\u00e1lj\u00e1k, az er\u0151t fejt ki a dugatty\u00fara, mindk\u00e9t ir\u00e1nyban line\u00e1ris mozg\u00e1st gener\u00e1lva. Ez a hat\u00e9kony mechanizmus lehet\u0151v\u00e9 teszi a mez\u0151gazdas\u00e1gi feladatok prec\u00edz vez\u00e9rl\u00e9s\u00e9t, n\u00f6velve a hat\u00e9konys\u00e1got \u00e9s a termel\u00e9kenys\u00e9get.<\/p>\n<p>\u00d6sszefoglalva, a 10001 Selected Products kett\u0151s m\u0171k\u00f6d\u00e9s\u0171 hidraulikus henger v\u00e9gdug\u00f3s furattal megb\u00edzhat\u00f3 \u00e9s sokoldal\u00fa megold\u00e1s mez\u0151gazdas\u00e1gi g\u00e9pek sz\u00e1m\u00e1ra. Tart\u00f3s konstrukci\u00f3ja, az amerikai szabv\u00e1nyoknak val\u00f3 megfelel\u00e9se \u00e9s az alkalmazkod\u00f3k\u00e9pess\u00e9ge n\u00e9lk\u00fcl\u00f6zhetetlen eszk\u00f6zz\u00e9 teszi a m\u0171k\u00f6d\u00e9si hat\u00e9konys\u00e1gukat jav\u00edtani k\u00edv\u00e1n\u00f3 gazd\u00e1lkod\u00f3k sz\u00e1m\u00e1ra.<\/p>\n<\/div>\n<\/div>\n<\/div>\n<\/div>\n<\/div>\n<\/div>\n<\/div>\n<\/div>\n<\/div>\n<\/div>\n<p><img decoding=\"async\" src=\"https:\/\/hzpt.com\/wp-content\/uploads\/2023\/12\/random-2.webp\" alt=\"\" title=\"\"><\/p>\n<h2>Term\u00e9kbemutat\u00f3<\/h2>\n<p>A kett\u0151s m\u0171k\u00f6d\u00e9s\u0171, v\u00e9gdug\u00f3s hidraulikus henger egy sokoldal\u00fa \u00e9s megb\u00edzhat\u00f3 hidraulikus henger, amelyet az olyan ipar\u00e1gak ig\u00e9nyes ig\u00e9nyeinek kiel\u00e9g\u00edt\u00e9s\u00e9re terveztek, mint a mez\u0151gazdas\u00e1g, a b\u00e1ny\u00e1szat \u00e9s az \u00e9p\u00edt\u0151ipar. Ez a term\u00e9k hossz\u00fa m\u00faltra tekint vissza a bizony\u00edtott teljes\u00edtm\u00e9ny \u00e9s tart\u00f3ss\u00e1g ter\u00e9n, \u00e9s sz\u00e1mos t\u00edpusban \u00e9s m\u00e9retben kaphat\u00f3, hogy a k\u00fcl\u00f6nf\u00e9le alkalmaz\u00e1sokhoz illeszkedjen.<\/p>\n<p>Ennek a hidraulikus hengernek a telep\u00edt\u00e9se \u00e9s karbantart\u00e1sa egyszer\u0171, \u00edgy n\u00e9pszer\u0171 v\u00e1laszt\u00e1s azoknak a v\u00e1llalkoz\u00e1soknak, amelyek egy probl\u00e9mamentes, kiv\u00e9teles eredm\u00e9nyeket biztos\u00edt\u00f3 term\u00e9ket keresnek. Ak\u00e1r gazd\u00e1lkod\u00f3, \u00e9p\u00edt\u0151ipari munk\u00e1s vagy b\u00e1ny\u00e1sz, a kett\u0151s m\u0171k\u00f6d\u00e9s\u0171, v\u00e9gdug\u00f3s hidraulikus henger egy n\u00e9lk\u00fcl\u00f6zhetetlen eszk\u00f6z, amely seg\u00edt a munka gyors, hat\u00e9kony \u00e9s biztons\u00e1gos elv\u00e9gz\u00e9s\u00e9ben.<\/p>\n<h2>Term\u00e9kv\u00e1laszt\u00e9k \u00e9s prom\u00f3ci\u00f3<\/h2>\n<p>A megfelel\u0151 hidraulikaolaj \u00e9s t\u00f6m\u00edt\u00e9s kiv\u00e1laszt\u00e1sa kulcsfontoss\u00e1g\u00fa a kett\u0151s m\u0171k\u00f6d\u00e9s\u0171 hidraulikus henger hat\u00e9kony m\u0171k\u00f6d\u00e9s\u00e9hez. Fontos a hidraulikaolaj rendszeres cser\u00e9je \u00e9s a hidraulikus henger m\u00e9r\u00e9se az optim\u00e1lis teljes\u00edtm\u00e9ny biztos\u00edt\u00e1sa \u00e9rdek\u00e9ben. Az FMP-n\u00e9l \u00fatmutat\u00e1st adunk a megfelel\u0151 hidraulikaolaj \u00e9s t\u00f6m\u00edt\u00e9s kiv\u00e1laszt\u00e1s\u00e1hoz, valamint a hidraulikus henger cser\u00e9j\u00e9hez \u00e9s m\u00e9r\u00e9s\u00e9hez.<\/p>\n<p>Az FMP vezet\u0151 n\u00e9v az olaszorsz\u00e1gi mobil munkag\u00e9pek hidraulikus hengereinek piac\u00e1n. Sz\u00e9les term\u00e9kv\u00e1laszt\u00e9kot k\u00edn\u00e1lunk, bele\u00e9rtve a hidraulikus billen\u0151hengereket, hidraulikus korm\u00e1nyhengereket \u00e9s hidraulikus emel\u0151hengereket, amelyek mindegyik\u00e9t kiv\u00e9teles teljes\u00edtm\u00e9ny \u00e9s tart\u00f3ss\u00e1g biztos\u00edt\u00e1s\u00e1ra tervezt\u00fck. 200 000 k\u00e9szletb\u0151l \u00e1ll\u00f3 tervez\u00e9si kapacit\u00e1sunk \u00e9s 300 k\u00e9szlet k\u00fcl\u00f6nf\u00e9le teljesen automata CNC gy\u00e1rt\u00f3berendez\u00e9s\u00fcnk \u00e9s teljesen automata hidraulikus henger \u00f6sszeszerel\u0151 berendez\u00e9s\u00fcnk biztos\u00edtja, hogy minden m\u00e9ret\u0171 v\u00e1llalkoz\u00e1s ig\u00e9nyeit ki tudjuk el\u00e9g\u00edteni.<\/p>\n<p>Ak\u00e1r mez\u0151gazdas\u00e1gi, \u00e9p\u00edt\u0151ipari vagy b\u00e1ny\u00e1szati \u200b\u200bc\u00e9lokra van sz\u00fcks\u00e9ge kett\u0151s m\u0171k\u00f6d\u00e9s\u0171 hidraulikus hengerre, az FMP versenyk\u00e9pes \u00e1ron k\u00edn\u00e1lja a sz\u00fcks\u00e9ges term\u00e9ket. Kiv\u00e1l\u00f3 szolg\u00e1ltat\u00e1st is k\u00edn\u00e1lunk annak \u00e9rdek\u00e9ben, hogy \u00fcgyfeleink teljes m\u00e9rt\u00e9kben el\u00e9gedettek legyenek v\u00e1s\u00e1rl\u00e1saikkal.<\/p>\n<p>Ezenk\u00edv\u00fcl az FMP sz\u00e1mos egy\u00e9b hidraulikus hengert is sz\u00e1ll\u00edt, bele\u00e9rtve a munka\u00e1llv\u00e1nyok hengereit, ipari j\u00e1rm\u0171vek hidraulikus hengereit, forg\u00f3f\u00far\u00f3tornyok hengereit, aut\u00f3daruk hengereit, \u00e9p\u00edt\u0151ipari g\u00e9pek hidraulikus hengereit, targonc\u00e1k hidraulikus hengereit, b\u00e1ny\u00e1szati \u200b\u200bd\u00f6mperek hengereit, szaniterg\u00e9pek hidraulikus hengereit \u00e9s egyebeket. Testreszab\u00e1si szolg\u00e1ltat\u00e1sokat is k\u00edn\u00e1lunk speci\u00e1lis ig\u00e9ny\u0171 \u00fcgyfelek sz\u00e1m\u00e1ra.<\/p>\n<p><img decoding=\"async\" src=\"https:\/\/hzpt.com\/wp-content\/uploads\/2023\/12\/random-6.webp\" alt=\"FMP gy\u00e1r\" title=\"\"><\/p>\n<h2>GYIK<\/h2>\n<p>K: Mire haszn\u00e1lj\u00e1k a kett\u0151s m\u0171k\u00f6d\u00e9s\u0171, v\u00e9gdug\u00f3s hidraulikus hengert?<\/p>\n<p>A: A kett\u0151s m\u0171k\u00f6d\u00e9s\u0171 hidraulikus hengereket k\u00fcl\u00f6nf\u00e9le alkalmaz\u00e1sokban haszn\u00e1lj\u00e1k, p\u00e9ld\u00e1ul mez\u0151gazdas\u00e1gban, \u00e9p\u00edt\u0151iparban, b\u00e1ny\u00e1szatban \u00e9s egyebekben. Ezek a hengerek a neh\u00e9zg\u00e9pek alapvet\u0151 alkatr\u00e9szei, amelyek biztos\u00edtj\u00e1k a sz\u00fcks\u00e9ges er\u0151t nagy terhek emel\u00e9s\u00e9hez, tol\u00e1s\u00e1hoz \u00e9s h\u00faz\u00e1s\u00e1hoz.<\/p>\n<p>K: Hogyan m\u0171k\u00f6dik a hidraulikus rendszer?<\/p>\n<p>A: A hidraulikus rendszer \u00fagy m\u0171k\u00f6dik, hogy egy nyom\u00e1s alatt l\u00e9v\u0151 folyad\u00e9k er\u0151t fejt ki egy dugatty\u00fara. A dugatty\u00fa ezut\u00e1n mozgatja a terhet, lehet\u0151v\u00e9 t\u00e9ve a neh\u00e9zg\u00e9pek k\u00f6nny\u0171 \u00e9s hat\u00e9kony mozg\u00e1s\u00e1t. A hidraulikus rendszer Pascal t\u00f6rv\u00e9ny\u00e9nek elv\u00e9n m\u0171k\u00f6dik, amely kimondja, hogy a z\u00e1rt folyad\u00e9kra hat\u00f3 nyom\u00e1s egyenletesen terjed a folyad\u00e9kban minden ir\u00e1nyban.<\/p>\n<p>K: Milyen el\u0151nyei vannak a kett\u0151s m\u0171k\u00f6d\u00e9s\u0171 hidraulikus hengernek?<\/p>\n<p>V: A kett\u0151s m\u0171k\u00f6d\u00e9s\u0171 hidraulikus henger energiahat\u00e9kony, rendk\u00edv\u00fcl hat\u00e9kony \u00e9s biztons\u00e1gosan haszn\u00e1lhat\u00f3. Kiv\u00e9teles teljes\u00edtm\u00e9nyt \u00e9s tart\u00f3ss\u00e1got biztos\u00edt, \u00edgy n\u00e9lk\u00fcl\u00f6zhetetlen eszk\u00f6z a neh\u00e9zg\u00e9pek z\u00f6kken\u0151mentes m\u0171k\u00f6d\u00e9s\u00e9hez.<\/p>\n<h2>A hegesztett p\u00f3l\u00f3 t\u00edpus\u00fa henger el\u0151nyei<\/h2>\n<ul>\n<li style=\"list-style-type: none;\">\n<ul>\n<li><strong>Megn\u00f6velt er\u0151:<\/strong> A hegesztett T-idom\u00fa hengerek nagy szil\u00e1rds\u00e1gukr\u00f3l ismertek, \u00edgy alkalmasak neh\u00e9z emel\u00e9st ig\u00e9nyl\u0151 alkalmaz\u00e1sokhoz. Az ilyen hengerek gy\u00e1rt\u00e1sa sor\u00e1n alkalmazott hegeszt\u00e9si elj\u00e1r\u00e1s biztos\u00edtja, hogy a henger mentes legyen a gyenge pontokt\u00f3l, \u00e9s ellen\u00e1lljon a nagy nyom\u00e1snak \u00e9s terhel\u00e9snek.<\/li>\n<\/ul>\n<\/li>\n<\/ul>\n<p>Amikor a hengerre nyom\u00e1st gyakorolunk, az egyenletesen oszlik el a teljes fel\u00fcleten, \u00edgy ellen\u00e1ll a deform\u00e1ci\u00f3nak. Ez a tulajdons\u00e1g biztos\u00edtja, hogy a henger extr\u00e9m k\u00f6r\u00fclm\u00e9nyek k\u00f6z\u00f6tt is megtartsa alakj\u00e1t \u00e9s szerkezeti integrit\u00e1s\u00e1t.<\/p>\n<ul>\n<li style=\"list-style-type: none;\">\n<ul>\n<li><strong>Sziv\u00e1rg\u00e1smegel\u0151z\u00e9s:<\/strong> A hegesztett T-idom\u00fa palackokat a sziv\u00e1rg\u00e1s megakad\u00e1lyoz\u00e1s\u00e1ra tervezt\u00e9k. A gy\u00e1rt\u00e1si folyamat sor\u00e1n alkalmazott hegeszt\u00e9si elj\u00e1r\u00e1s biztos\u00edtja, hogy a palack teljesen t\u00f6m\u00edtett \u00e9s mentes legyen minden lehets\u00e9ges sziv\u00e1rg\u00e1st\u00f3l. Ez a tulajdons\u00e1g alkalmass\u00e1 teszi \u0151ket olyan alkalmaz\u00e1sokhoz, ahol a sziv\u00e1rg\u00e1s s\u00falyos k\u00e1rokat vagy s\u00e9r\u00fcl\u00e9seket okozhat.<\/li>\n<\/ul>\n<\/li>\n<\/ul>\n<p>A hegesztett illeszt\u00e9sek sim\u00e1k, reped\u00e9sek vagy hornyok n\u00e9lk\u00fcl, ahol t\u00f6rmel\u00e9k vagy szennyez\u0151d\u00e9s felhalmoz\u00f3dhatna, cs\u00f6kkentve a korr\u00f3zi\u00f3 \u00e9s a henger k\u00e1rosod\u00e1s\u00e1nak kock\u00e1zat\u00e1t.<\/p>\n<ul>\n<li style=\"list-style-type: none;\">\n<ul>\n<li><strong>Testreszabhat\u00f3:<\/strong> A hegesztett T-idom\u00fa hengerek testreszabhat\u00f3k az adott alkalmaz\u00e1sokhoz. A hengerek k\u00fcl\u00f6nb\u00f6z\u0151 m\u00e9retekben \u00e9s form\u00e1kban kaphat\u00f3k, \u00e9s az alkalmaz\u00e1s konkr\u00e9t k\u00f6vetelm\u00e9nyeinek megfelel\u0151en gy\u00e1rthat\u00f3k.<\/li>\n<\/ul>\n<\/li>\n<\/ul>\n<p>A testreszab\u00e1si folyamat lehet\u0151v\u00e9 teszi a henger teljes\u00edtm\u00e9ny\u00e9nek optimaliz\u00e1l\u00e1s\u00e1t, biztos\u00edtva, hogy az megfeleljen a k\u00edv\u00e1nt alkalmaz\u00e1snak. Ez a tulajdons\u00e1g teszi a hegesztett T-idom\u00fa hengereket ide\u00e1liss\u00e1 k\u00fcl\u00f6nf\u00e9le ipari alkalmaz\u00e1sokhoz, bele\u00e9rtve az \u00e9p\u00edt\u0151iparban, a b\u00e1ny\u00e1szatban \u00e9s az anyagmozgat\u00e1sban val\u00f3 haszn\u00e1latra.<\/p>\n<ul>\n<li style=\"list-style-type: none;\">\n<ul>\n<li><strong>K\u00f6lts\u00e9ghat\u00e9kony:<\/strong> A hegesztett T-idom\u00fa hengerek k\u00f6lts\u00e9ghat\u00e9konyabbak m\u00e1s t\u00edpus\u00fa hengerekhez k\u00e9pest. Az ilyen hengerek gy\u00e1rt\u00e1si folyamata egyszer\u0171, \u00edgy olcs\u00f3bbak, mint m\u00e1s t\u00edpus\u00fa hengerek.<\/li>\n<\/ul>\n<\/li>\n<\/ul>\n<p>Tov\u00e1bb\u00e1 a hegesztett T-idom\u00fa hengerek nagy szil\u00e1rds\u00e1ga \u00e9s tart\u00f3ss\u00e1ga cs\u00f6kkenti a gyakori jav\u00edt\u00e1sok \u00e9s cser\u00e9k sz\u00fcks\u00e9gess\u00e9g\u00e9t, \u00edgy megtakar\u00edtva a karbantart\u00e1si k\u00f6lts\u00e9geket. Ez a tulajdons\u00e1g n\u00e9pszer\u0171 v\u00e1laszt\u00e1ss\u00e1 teszi \u0151ket sz\u00e1mos ipar\u00e1gban, k\u00fcl\u00f6n\u00f6sen a korl\u00e1tozott k\u00f6lts\u00e9gvet\u00e9ssel rendelkez\u0151k sz\u00e1m\u00e1ra.<\/p>\n<ul>\n<li style=\"list-style-type: none;\">\n<ul>\n<li><strong>Megn\u00f6velt hat\u00e9konys\u00e1g:<\/strong> A hegesztett T-idom\u00fa hengerek rendk\u00edv\u00fcl hat\u00e9konyak \u00e9s eredm\u00e9nyesek. A henger kialak\u00edt\u00e1sa biztos\u00edtja, hogy az alkalmazott er\u0151 k\u00f6zvetlen\u00fcl a terhel\u00e9sre ker\u00fclj\u00f6n \u00e1t, cs\u00f6kkentve az energiavesztes\u00e9get \u00e9s n\u00f6velve a hat\u00e9konys\u00e1got.<\/li>\n<\/ul>\n<\/li>\n<\/ul>\n<p>A hegesztett k\u00f6t\u00e9sek er\u0151sek \u00e9s merevek, minimaliz\u00e1lj\u00e1k az alakv\u00e1ltoz\u00e1st, \u00e9s biztos\u00edtj\u00e1k, hogy a henger extr\u00e9m k\u00f6r\u00fclm\u00e9nyek k\u00f6z\u00f6tt is megtartsa alakj\u00e1t \u00e9s szerkezeti integrit\u00e1s\u00e1t. Ez a tulajdons\u00e1g ide\u00e1liss\u00e1 teszi a hegesztett T-idom\u00fa hengereket olyan alkalmaz\u00e1sokhoz, amelyek nagy hat\u00e9konys\u00e1got \u00e9s megb\u00edzhat\u00f3s\u00e1got ig\u00e9nyelnek.<\/p>\n<p><img loading=\"lazy\" decoding=\"async\" class=\"size-full wp-image-977 aligncenter\" src=\"https:\/\/fmp-components.com\/wp-content\/uploads\/2024\/12\/Welded-Tee-Type-Cylinder3.webp\" alt=\"Hegesztett p\u00f3l\u00f3 t\u00edpus\u00fa henger\" width=\"653\" height=\"600\" title=\"\" srcset=\"https:\/\/fmp-components.com\/wp-content\/uploads\/2024\/12\/Welded-Tee-Type-Cylinder3.webp 653w, https:\/\/fmp-components.com\/wp-content\/uploads\/2024\/12\/Welded-Tee-Type-Cylinder3-480x441.webp 480w\" sizes=\"(min-width: 0px) and (max-width: 480px) 480px, (min-width: 481px) 653px, 100vw\" \/><\/p>\n<h2>Hegesztett p\u00f3l\u00f3 t\u00edpus\u00fa henger alkalmaz\u00e1sa<\/h2>\n<ol>\n<li>\n<h3>Aut\u00f3ipar<\/h3>\n<p>A hegesztett T-idom\u00fa hengereket sz\u00e9les k\u00f6rben haszn\u00e1lj\u00e1k az aut\u00f3iparban. Aut\u00f3ajt\u00f3kban, motorh\u00e1ztet\u0151- \u00e9s csomagtart\u00f3-emel\u0151kben, kabri\u00f3tet\u0151kben \u00e9s szervokorm\u00e1nyrendszerekben haszn\u00e1lj\u00e1k \u0151ket. Ezeket a hengereket az\u00e9rt r\u00e9szes\u00edtik el\u0151nyben, mert alacsony helyig\u00e9ny mellett nagy er\u0151t tudnak leadni. A T-idom\u00fa henger kialak\u00edt\u00e1sa j\u00f3l alkalmazhat\u00f3 olyan alkalmaz\u00e1sokban, ahol az er\u0151t k\u00e9t k\u00fcl\u00f6nb\u00f6z\u0151 ir\u00e1nyba kell tov\u00e1bb\u00edtani.<\/p>\n<p>Tov\u00e1bb\u00e1, ezeknek a hengereknek a hegesztett konstrukci\u00f3ja lehet\u0151v\u00e9 teszi, hogy magas h\u0151m\u00e9rs\u00e9kleten \u00e9s nyom\u00e1son sziv\u00e1rg\u00e1s n\u00e9lk\u00fcl m\u0171k\u00f6djenek. Ez alkalmass\u00e1 teszi \u0151ket motorokban, sebess\u00e9gv\u00e1lt\u00f3kban \u00e9s f\u00e9krendszerekben val\u00f3 haszn\u00e1latra.<\/li>\n<li>\n<h3>Feldolgoz\u00f3 ipar<\/h3>\n<p>A hegesztett T-idom\u00fa hengereket a gy\u00e1rt\u00f3iparban is haszn\u00e1lj\u00e1k. Hidraulikus pr\u00e9sekben, kov\u00e1csol\u00f3g\u00e9pekben \u00e9s f\u00e9mv\u00e1g\u00f3 g\u00e9pekben haszn\u00e1lj\u00e1k \u0151ket. Ezeknek a hengereknek a nagy er\u0151teljes\u00edtm\u00e9nye ide\u00e1liss\u00e1 teszi \u0151ket olyan alkalmaz\u00e1sokhoz, ahol nagy er\u0151re van sz\u00fcks\u00e9g kis t\u00e9rben.<\/p>\n<p>A T-idom\u00fa henger kialak\u00edt\u00e1sa j\u00f3l alkalmazhat\u00f3 olyan alkalmaz\u00e1sokhoz is, ahol az er\u0151t k\u00e9t k\u00fcl\u00f6nb\u00f6z\u0151 ir\u00e1nyba kell \u00e1tvinni. P\u00e9ld\u00e1ul egy hidraulikus pr\u00e9sben a T-idom\u00fa henger f\u00fcgg\u0151leges \u00e9s v\u00edzszintes er\u0151 kifejt\u00e9s\u00e9re is haszn\u00e1lhat\u00f3, ami \u00f6sszetettebb gy\u00e1rt\u00e1si folyamatokat tesz lehet\u0151v\u00e9.<\/li>\n<li>\n<h3>Rep\u00fcl\u0151ipar<\/h3>\n<p>A hegesztett T-idom\u00fa hengereket a rep\u00fcl\u0151g\u00e9piparban sz\u00e1mos alkalmaz\u00e1sra haszn\u00e1lj\u00e1k. Fut\u00f3m\u0171-rendszerekben, rakt\u00e9rajt\u00f3kban \u00e9s rep\u00fcl\u00e9sir\u00e1ny\u00edt\u00f3 rendszerekben haszn\u00e1lj\u00e1k \u0151ket. Nagy er\u0151teljes\u00edtm\u00e9ny\u00fck \u00e9s kompakt kialak\u00edt\u00e1suk ide\u00e1liss\u00e1 teszi \u0151ket a rep\u00fcl\u0151g\u00e9peken rendelkez\u00e9sre \u00e1ll\u00f3 korl\u00e1tozott helyeken val\u00f3 haszn\u00e1latra.<\/p>\n<p>Ezeknek a hengereknek a hegesztett konstrukci\u00f3ja ellen\u00e1ll\u00f3v\u00e1 teszi \u0151ket a rep\u00fcl\u00e9s sor\u00e1n fell\u00e9p\u0151 magas nyom\u00e1ssal \u00e9s h\u0151m\u00e9rs\u00e9klettel szemben. Ezenk\u00edv\u00fcl a T-idom\u00fa henger kialak\u00edt\u00e1sa lehet\u0151v\u00e9 teszi az er\u0151 k\u00e9t k\u00fcl\u00f6nb\u00f6z\u0151 ir\u00e1nyba t\u00f6rt\u00e9n\u0151 \u00e1tvitel\u00e9t, \u00edgy j\u00f3l alkalmazhat\u00f3 olyan alkalmaz\u00e1sokhoz, ahol az er\u0151t sz\u00f6gben kell kifejteni.<\/li>\n<li>\n<h3>\u00c9p\u00edt\u0151ipar<\/h3>\n<p>A hegesztett T-idom\u00fa munkahengereket az \u00e9p\u00edt\u0151iparban haszn\u00e1lj\u00e1k neh\u00e9z emel\u00e9si \u00e9s mozgat\u00e1si alkalmaz\u00e1sokhoz. Darukban, kotr\u00f3g\u00e9pekben \u00e9s kotr\u00f3g\u00e9pekben haszn\u00e1lj\u00e1k \u0151ket. Nagy er\u0151teljes\u00edtm\u00e9ny\u00fck \u00e9s kompakt kialak\u00edt\u00e1suk ide\u00e1liss\u00e1 teszi \u0151ket az \u00e9p\u00edtkez\u00e9seken rendelkez\u00e9sre \u00e1ll\u00f3 korl\u00e1tozott helyeken val\u00f3 haszn\u00e1latra.<\/p>\n<p>A T-idom\u00fa henger kialak\u00edt\u00e1sa lehet\u0151v\u00e9 teszi az er\u0151 k\u00e9t k\u00fcl\u00f6nb\u00f6z\u0151 ir\u00e1nyba t\u00f6rt\u00e9n\u0151 \u00e1tvitel\u00e9t, \u00edgy j\u00f3l alkalmazhat\u00f3 olyan alkalmaz\u00e1sokhoz, ahol az er\u0151t sz\u00f6gben kell kifejteni. Ezenk\u00edv\u00fcl ezeknek a hengereknek a hegesztett konstrukci\u00f3ja lehet\u0151v\u00e9 teszi, hogy nagy nyom\u00e1son \u00e9s h\u0151m\u00e9rs\u00e9kleten sziv\u00e1rg\u00e1s n\u00e9lk\u00fcl m\u0171k\u00f6djenek, \u00edgy alkalmasak zord k\u00fclt\u00e9ri k\u00f6rnyezetben val\u00f3 haszn\u00e1latra.<\/li>\n<\/ol>\n<h3>Az FMP-r\u0151l<\/h3>\n<p>Az FMP egy t\u00f6bb mint 30 \u00e9ves tapasztalattal rendelkez\u0151, nagy m\u00falt\u00fa v\u00e1llalat k\u00fcl\u00f6nf\u00e9le hidraulikus hengerek gy\u00e1rt\u00e1s\u00e1ban \u00e9s \u00e9rt\u00e9kes\u00edt\u00e9s\u00e9ben. Ipari ter\u00fclet\u00fcnk Olaszorsz\u00e1gban tal\u00e1lhat\u00f3, \u00e9s b\u00fcszk\u00e9k vagyunk a legmodernebb l\u00e9tes\u00edtm\u00e9ny\u00fcnkre, amely t\u00f6bb mint 100 korszer\u0171 berendez\u00e9ssel van felszerelve, bele\u00e9rtve az automatikus g\u00e1zv\u00e9d\u0151g\u00e1zas hegeszt\u0151g\u00e9peket, m\u00e9lyf\u00far\u00f3 g\u00e9peket, CNC eszterg\u00e1kat, hengeres k\u00f6sz\u00f6r\u0171ket, automatikus tiszt\u00edt\u00f3g\u00e9peket, automatikus szerel\u0151g\u00e9peket, automatikus hidraulikus henger teljes\u00edtm\u00e9nym\u00e9r\u0151 padokat \u00e9s automatikus fest\u0151sorokat.<\/p>\n<p><img decoding=\"async\" src=\"https:\/\/fmp-components.com\/wp-content\/uploads\/2024\/12\/fmp-factory-4.webp\" alt=\"FMP gy\u00e1r\" width=\"800\" title=\"\"><\/p>\n<p>Az FMP-n\u00e9l term\u00e9keink min\u0151s\u00e9g\u00e9t \u00e9s megb\u00edzhat\u00f3s\u00e1g\u00e1t helyezz\u00fck el\u0151t\u00e9rbe. Minden egyes hidraulikus henger szigor\u00fa megmunk\u00e1l\u00e1son \u00e9s ellen\u0151rz\u00e9sen megy kereszt\u00fcl, hogy \u00fcgyfeleink sz\u00e1m\u00e1ra a legjobb min\u0151s\u00e9get biztos\u00edtsuk.<\/p>\n<p>\u00cdme term\u00e9keink \u00e9s c\u00e9g\u00fcnk legfontosabb el\u0151nyei \u00e9s jellemz\u0151i:<\/p>\n<ol>\n<li>Tervez\u00e9si szolg\u00e1ltat\u00e1s: Tapasztalt tervez\u0151csapatunk a kard\u00e1ntengelyek term\u00e9ktervez\u00e9s\u00e9re \u00e9s fejleszt\u00e9s\u00e9re specializ\u00e1l\u00f3dott. Ak\u00e1r egyedi ig\u00e9nyei vannak az \u00faj term\u00e9kekkel kapcsolatban, ak\u00e1r tov\u00e1bbi fejleszt\u00e9seket szeretne, mi itt vagyunk, hogy t\u00e1mogassuk \u00d6nt.<\/li>\n<li>Term\u00e9kszolg\u00e1ltat\u00e1s: \u00c1tfog\u00f3 term\u00e9kszolg\u00e1ltat\u00e1sunk leegyszer\u0171s\u00edtett folyamatot foglal mag\u00e1ban a nyersanyagokt\u00f3l a sz\u00e1ll\u00edt\u00e1sig. A v\u00e1g\u00e1st\u00f3l \u00e9s a durva megmunk\u00e1l\u00e1st\u00f3l kezdve a tesztel\u00e9sen, tiszt\u00edt\u00e1son, \u00f6sszeszerel\u00e9sen, csomagol\u00e1son \u00e9s sz\u00e1ll\u00edt\u00e1son \u00e1t mindent mi int\u00e9z\u00fcnk, biztos\u00edtva \u00fcgyfeleink sz\u00e1m\u00e1ra a z\u00f6kken\u0151mentes \u00e9lm\u00e9nyt.<\/li>\n<li>Mintafeldolgoz\u00e1s: Az \u00d6n ig\u00e9nyei szerint fejlesztj\u00fck a mint\u00e1kat. Csapatunk folyamatosan m\u00f3dos\u00edtja a mint\u00e1kat, hogy megfeleljen az \u00d6n egyedi ig\u00e9nyeinek, garant\u00e1lva az \u00fcgyf\u00e9l-el\u00e9gedetts\u00e9get.<\/li>\n<li>K+F: Azzal, hogy folyamatosan figyelemmel k\u00eds\u00e9rj\u00fck az \u00faj piaci ig\u00e9nyeket, \u00e9s \u00faj modelleket fejleszt\u00fcnk, valah\u00e1nyszor \u00faj aut\u00f3t mutatunk be, a piac \u00e9lvonal\u00e1ban maradunk. Ez az elk\u00f6telezetts\u00e9g a kutat\u00e1s \u00e9s fejleszt\u00e9s ir\u00e1nt lehet\u0151v\u00e9 teszi sz\u00e1munkra, hogy innovat\u00edv megold\u00e1sokat k\u00edn\u00e1ljunk \u00fcgyfeleinknek.<\/li>\n<li>Testreszab\u00e1s: A standard hidraulikus henger k\u00edn\u00e1latunkon fel\u00fcl testreszab\u00e1si k\u00e9r\u00e9seket is elfogadunk. Csapatunk szorosan egy\u00fcttm\u0171k\u00f6dik \u00d6nnel, hogy olyan testreszabott megold\u00e1sokat dolgozzon ki, amelyek t\u00f6k\u00e9letesen megfelelnek az \u00d6n egyedi ig\u00e9nyeinek.<\/li>\n<\/ol>\n<p>V\u00e1lassza az FMP-t megb\u00edzhat\u00f3, kiv\u00e1l\u00f3 min\u0151s\u00e9g\u0171 hidraulikus hengerekhez. M\u0171k\u00f6dj\u00f6n egy\u00fctt vel\u00fcnk, \u00e9s tapasztalja meg a kiv\u00e1l\u00f3s\u00e1g ir\u00e1nti elk\u00f6telezetts\u00e9g\u00fcnket. L\u00e9pjen kapcsolatba vel\u00fcnk m\u00e9g ma, hogy megbesz\u00e9lhess\u00fck hidraulikus hengerekkel kapcsolatos ig\u00e9nyeit \u00e9s azt, hogyan seg\u00edthet\u00fcnk \u00d6nnek.<\/p>\n<p>Szerz\u0151: CX<\/p>","protected":false},"excerpt":{"rendered":"<p>The 10001 Selected Products Double Acting Hydraulic Cylinder is engineered for agricultural machinery, providing reliable performance and durability. Designed to meet American standards, this hydraulic cylinder features an end plug hole for enhanced versatility in various applications. Key Features: Double Acting Mechanism: This hydraulic cylinder operates in both extension and retraction, ensuring efficient and controlled [&hellip;]<\/p>","protected":false},"featured_media":1132,"comment_status":"closed","ping_status":"closed","template":"","meta":{"_et_pb_use_builder":"","_et_pb_old_content":"","_et_gb_content_width":""},"product_brand":[],"product_cat":[31],"product_tag":[34,35],"class_list":{"0":"post-919","1":"product","2":"type-product","3":"status-publish","4":"has-post-thumbnail","6":"product_cat-welded-tee-type-cylinder","7":"product_tag-hydraulic-cylinder","8":"product_tag-welded-tee-type-cylinder","10":"first","11":"instock","12":"product-type-simple"},"_links":{"self":[{"href":"https:\/\/fmp-components.com\/hu\/wp-json\/wp\/v2\/product\/919","targetHints":{"allow":["GET"]}}],"collection":[{"href":"https:\/\/fmp-components.com\/hu\/wp-json\/wp\/v2\/product"}],"about":[{"href":"https:\/\/fmp-components.com\/hu\/wp-json\/wp\/v2\/types\/product"}],"replies":[{"embeddable":true,"href":"https:\/\/fmp-components.com\/hu\/wp-json\/wp\/v2\/comments?post=919"}],"wp:featuredmedia":[{"embeddable":true,"href":"https:\/\/fmp-components.com\/hu\/wp-json\/wp\/v2\/media\/1132"}],"wp:attachment":[{"href":"https:\/\/fmp-components.com\/hu\/wp-json\/wp\/v2\/media?parent=919"}],"wp:term":[{"taxonomy":"product_brand","embeddable":true,"href":"https:\/\/fmp-components.com\/hu\/wp-json\/wp\/v2\/product_brand?post=919"},{"taxonomy":"product_cat","embeddable":true,"href":"https:\/\/fmp-components.com\/hu\/wp-json\/wp\/v2\/product_cat?post=919"},{"taxonomy":"product_tag","embeddable":true,"href":"https:\/\/fmp-components.com\/hu\/wp-json\/wp\/v2\/product_tag?post=919"}],"curies":[{"name":"munkaf\u00fczet","href":"https:\/\/api.w.org\/{rel}","templated":true}]}}