{"id":885,"date":"2024-12-19T02:48:59","date_gmt":"2024-12-19T02:48:59","guid":{"rendered":"https:\/\/fmp-components.com\/?page_id=8"},"modified":"2024-12-19T02:50:44","modified_gmt":"2024-12-19T02:50:44","slug":"hydraulic-cylinder-for-double-shield-tunnel-boring-machine","status":"publish","type":"product","link":"https:\/\/fmp-components.com\/hu\/product\/hydraulic-cylinder-for-double-shield-tunnel-boring-machine\/","title":{"rendered":"Hidraulikus henger kett\u0151s pajzs\u00fa alag\u00fatf\u00far\u00f3 g\u00e9phez"},"content":{"rendered":"<p style=\"text-align: center;\"><span style=\"font-size: 18pt;\">Hidraulikus henger kett\u0151s pajzs\u00fa alag\u00fatf\u00far\u00f3 g\u00e9phez<\/span><\/p>\n<p>A kett\u0151s pajzsos alag\u00fatf\u00far\u00f3 g\u00e9pek hidraulikus hengere egy alapvet\u0151 alkatr\u00e9sz, amelyet az alag\u00fatf\u00far\u00e1s hat\u00e9konys\u00e1g\u00e1nak \u00e9s pontoss\u00e1g\u00e1nak n\u00f6vel\u00e9s\u00e9re terveztek. Ez a fejlett hidraulikus rendszer lehet\u0151v\u00e9 teszi a hat\u00e9kony m\u0171k\u00f6d\u00e9st az egyed\u00fcl\u00e1ll\u00f3 kett\u0151s pajzsos keretrendszeren bel\u00fcl, lehet\u0151v\u00e9 t\u00e9ve az alag\u00fatf\u00far\u00e1s \u00e9s a t\u00e1mrendszerek egyidej\u0171 telep\u00edt\u00e9s\u00e9t.<\/p>\n<p><img loading=\"lazy\" decoding=\"async\" class=\"alignnone size-full wp-image-911\" src=\"https:\/\/fmp-components.com\/wp-content\/uploads\/2024\/12\/Double-Shield-Tunnel-Boring-Machine-Support-Shoe-Cylinder-1.webp\" alt=\"Dupla pajzs\u00fa alag\u00fatf\u00far\u00f3 g\u00e9p tart\u00f3cip\u0151 henger\" width=\"980\" height=\"554\" title=\"\" srcset=\"https:\/\/fmp-components.com\/wp-content\/uploads\/2024\/12\/Double-Shield-Tunnel-Boring-Machine-Support-Shoe-Cylinder-1.webp 980w, https:\/\/fmp-components.com\/wp-content\/uploads\/2024\/12\/Double-Shield-Tunnel-Boring-Machine-Support-Shoe-Cylinder-1-480x271.webp 480w\" sizes=\"(min-width: 0px) and (max-width: 480px) 480px, (min-width: 481px) 980px, 100vw\" \/><\/p>\n<h4>F\u0151bb jellemz\u0151k:<\/h4>\n<ul>\n<li><strong>Nagy tol\u00f3er\u0151-kapacit\u00e1s:<\/strong><br \/>\nA jelent\u0151s er\u0151 lead\u00e1s\u00e1ra tervezett hidraulikus munkahengerek gyors f\u00f6ldmunk\u00e1t tesznek lehet\u0151v\u00e9, jelent\u0151sen cs\u00f6kkentve a projektek id\u0151ig\u00e9ny\u00e9t \u00e9s jav\u00edtva az \u00e1ltal\u00e1nos termel\u00e9kenys\u00e9get.<\/li>\n<li><strong>Robusztus tart\u00f3ss\u00e1g:<\/strong><br \/>\nA nagy szil\u00e1rds\u00e1g\u00fa anyagokb\u00f3l k\u00e9sz\u00fclt hengerek ellen\u00e1llnak az alag\u00fatf\u00far\u00e1s sor\u00e1n el\u0151fordul\u00f3 zord k\u00f6r\u00fclm\u00e9nyeknek, biztos\u00edtva a hossz\u00fa t\u00e1v\u00fa teljes\u00edtm\u00e9nyt \u00e9s megb\u00edzhat\u00f3s\u00e1got.<\/li>\n<li><strong>Prec\u00edzi\u00f3s vez\u00e9rl\u00e9s:<\/strong><br \/>\nA hidraulikus rendszer lehet\u0151v\u00e9 teszi a f\u00far\u00f3g\u00e9p prec\u00edz mozg\u00e1s\u00e1t \u00e9s vez\u00e9rl\u00e9s\u00e9t, lehet\u0151v\u00e9 t\u00e9ve a pontos be\u00e1ll\u00edt\u00e1st \u00e9s alag\u00fatf\u00far\u00e1st, ami kritikus fontoss\u00e1g\u00fa a projekt specifik\u00e1ci\u00f3inak \u00e9s a biztons\u00e1gi szabv\u00e1nyoknak val\u00f3 megfelel\u00e9s szempontj\u00e1b\u00f3l.<\/li>\n<li><strong>Fokozott stabilit\u00e1s:<\/strong><br \/>\nEzek a hengerek hozz\u00e1j\u00e1rulnak a kett\u0151s pajzsrendszer \u00e1ltal\u00e1nos stabilit\u00e1s\u00e1hoz, biztos\u00edtva a biztons\u00e1gos m\u0171k\u00f6d\u00e9st k\u00fcl\u00f6nf\u00e9le geol\u00f3giai k\u00e9pz\u0151dm\u00e9nyeken kereszt\u00fcl, \u00e9s minimaliz\u00e1lva a balesetek kock\u00e1zat\u00e1t.<\/li>\n<li><strong>Sokoldal\u00fa alkalmaz\u00e1sok:<\/strong><br \/>\nEzek a hidraulikus hengerek sz\u00e9les k\u00f6r\u0171 projektekhez alkalmasak, bele\u00e9rtve a metr\u00f3rendszereket, a k\u00f6zm\u0171alagutakat \u00e9s az infrastruktur\u00e1lis fejleszt\u00e9seket, \u00e9s alkalmazkodnak a k\u00fcl\u00f6nf\u00e9le alag\u00fat\u00e9p\u00edt\u00e9si ig\u00e9nyekhez.<\/li>\n<li><strong>Alacsony karbantart\u00e1si ig\u00e9ny:<\/strong><br \/>\nA tart\u00f3s kialak\u00edt\u00e1s cs\u00f6kkenti a kop\u00e1st, ami alacsonyabb karbantart\u00e1si k\u00f6lts\u00e9geket \u00e9s kevesebb \u00e1ll\u00e1sid\u0151t eredm\u00e9nyez, ami \u00f6sszess\u00e9g\u00e9ben n\u00f6veli a projekt hat\u00e9konys\u00e1g\u00e1t.<\/li>\n<li><strong>Fejlett biztons\u00e1gi funkci\u00f3k:<\/strong><br \/>\nA v\u00e9letlen kiold\u00f3d\u00e1s megakad\u00e1lyoz\u00e1s\u00e1ra szolg\u00e1l\u00f3 biztons\u00e1gi mechanizmusokkal felszerelt hidraulikus munkahengerek biztons\u00e1gos m\u0171k\u00f6d\u00e9st biztos\u00edtanak, v\u00e9dve mind a szem\u00e9lyzetet, mind a g\u00e9peket a f\u00f6ldmunka sor\u00e1n.<\/li>\n<\/ul>\n<p>A dupla pajzsos alag\u00fatf\u00far\u00f3 g\u00e9pek hidraulikus hengere l\u00e9tfontoss\u00e1g\u00fa eleme a modern alag\u00fatf\u00far\u00e1si technol\u00f3gi\u00e1nak, amely nagy teljes\u00edtm\u00e9nyt, tart\u00f3ss\u00e1got \u00e9s biztons\u00e1got biztos\u00edt. Az alag\u00fatf\u00far\u00f3 g\u00e9pekbe val\u00f3 integr\u00e1ci\u00f3ja jelent\u0151sen n\u00f6veli a f\u00f6ldalatti \u00e9p\u00edt\u00e9si projektek hat\u00e9konys\u00e1g\u00e1t \u00e9s sikeress\u00e9g\u00e9t, \u00edgy n\u00e9lk\u00fcl\u00f6zhetetlen az infrastrukt\u00fara fejleszt\u00e9s\u00e9hez.<\/p>\n<h2>Dupla pajzs\u00fa alag\u00fatf\u00far\u00f3g\u00e9p tart\u00f3cip\u0151-henger<\/h2>\n<p><img loading=\"lazy\" decoding=\"async\" class=\"size-full wp-image-912 aligncenter\" src=\"https:\/\/fmp-components.com\/wp-content\/uploads\/2024\/12\/Double-Shield-Tunnel-Boring-Machine-Support-Shoe-Cylinder.webp\" alt=\"Dupla pajzs\u00fa alag\u00fatf\u00far\u00f3g\u00e9p tart\u00f3cip\u0151-henger\" width=\"500\" height=\"200\" title=\"\" srcset=\"https:\/\/fmp-components.com\/wp-content\/uploads\/2024\/12\/Double-Shield-Tunnel-Boring-Machine-Support-Shoe-Cylinder.webp 500w, https:\/\/fmp-components.com\/wp-content\/uploads\/2024\/12\/Double-Shield-Tunnel-Boring-Machine-Support-Shoe-Cylinder-480x192.webp 480w\" sizes=\"(min-width: 0px) and (max-width: 480px) 480px, (min-width: 481px) 500px, 100vw\" \/><\/p>\n<table style=\"width: 94.1786%; height: 146px;\" border=\"1\" cellspacing=\"0\" cellpadding=\"0\">\n<tbody>\n<tr>\n<td>Term\u00e9k neve<\/td>\n<td>Dupla pajzs\u00fa alag\u00fatf\u00far\u00f3g\u00e9p tart\u00f3cip\u0151-henger<\/td>\n<\/tr>\n<tr>\n<td>Jellemz\u0151k:<\/td>\n<td>A v\u00e1g\u00f3fej alag\u00fatf\u00far\u00e1s\u00e1nak tol\u00f3erej\u00e9t biztos\u00edtja<\/td>\n<\/tr>\n<tr>\n<td>Furat\u00e1tm\u00e9r\u0151:<\/td>\n<td>320 mm\uff5e700 mm<\/td>\n<\/tr>\n<tr>\n<td>R\u00fad \u00e1tm\u00e9r\u0151je:<\/td>\n<td>220 mm\uff5e500 mm<br \/>\nL\u00f6ket: 300 mm\uff5e1200 mm<\/td>\n<\/tr>\n<tr>\n<td>Nyom\u00e1s:<\/td>\n<td>ak\u00e1r 35 MPa<\/td>\n<\/tr>\n<tr>\n<td>Alkalmaz\u00e1sok:<\/td>\n<td>Dupla pajzs\u00fa alag\u00fatf\u00far\u00f3 g\u00e9p<\/td>\n<\/tr>\n<\/tbody>\n<\/table>\n<h2>Dupla pajzs\u00fa alag\u00fatf\u00far\u00f3g\u00e9p nyomat\u00e9khengerrel<\/h2>\n<p><img loading=\"lazy\" decoding=\"async\" class=\"size-full wp-image-907 aligncenter\" src=\"https:\/\/fmp-components.com\/wp-content\/uploads\/2024\/12\/Double-Shield-Tunnel-Boring-Machine-Torque-Cylinder.webp\" alt=\"Dupla pajzs\u00fa alag\u00fatf\u00far\u00f3g\u00e9p nyomat\u00e9khengerrel\" width=\"500\" height=\"200\" title=\"\" srcset=\"https:\/\/fmp-components.com\/wp-content\/uploads\/2024\/12\/Double-Shield-Tunnel-Boring-Machine-Torque-Cylinder.webp 500w, https:\/\/fmp-components.com\/wp-content\/uploads\/2024\/12\/Double-Shield-Tunnel-Boring-Machine-Torque-Cylinder-480x192.webp 480w\" sizes=\"(min-width: 0px) and (max-width: 480px) 480px, (min-width: 481px) 500px, 100vw\" \/><\/p>\n<table style=\"width: 94.832%; height: 150px;\" border=\"1\" cellspacing=\"0\" cellpadding=\"0\">\n<tbody>\n<tr>\n<td>Term\u00e9k neve<\/td>\n<td>Dupla pajzs\u00fa alag\u00fatf\u00far\u00f3g\u00e9p nyomat\u00e9khengerrel<\/td>\n<\/tr>\n<tr>\n<td>Jellemz\u0151k:<\/td>\n<td>A v\u00e1g\u00f3fej nyomat\u00e9k\u00e1nak \u00e1tvitele<\/td>\n<\/tr>\n<tr>\n<td>Specifik\u00e1ci\u00f3:<\/td>\n<td>A nyomat\u00e9khengerek k\u00fcl\u00f6nb\u00f6z\u0151 szerkezetei \u00e9s specifik\u00e1ci\u00f3i az \u00fcgyf\u00e9l ig\u00e9nyei szerint tervezhet\u0151k \u00e9s gy\u00e1rthat\u00f3k<\/td>\n<\/tr>\n<tr>\n<td>Nyom\u00e1s:<\/td>\n<td>ak\u00e1r 25 MPa<br \/>\nSpeci\u00e1lis k\u00f6vetelm\u00e9nyek 35MPa-ig<\/td>\n<\/tr>\n<tr>\n<td>Alkalmaz\u00e1sok:<\/td>\n<td>Dupla pajzs\u00fa alag\u00fatf\u00far\u00f3 g\u00e9p<\/td>\n<\/tr>\n<\/tbody>\n<\/table>\n<h2>Dupla pajzs\u00fa alag\u00fatf\u00far\u00f3 g\u00e9p f\u0151 tol\u00f3hengere<\/h2>\n<p><img loading=\"lazy\" decoding=\"async\" class=\"size-full wp-image-906 aligncenter\" src=\"https:\/\/fmp-components.com\/wp-content\/uploads\/2024\/12\/Double-Shield-Tunnel-Boring-Machine-Main-Thrust-Cylinder.webp\" alt=\"Dupla pajzs\u00fa alag\u00fatf\u00far\u00f3 g\u00e9p f\u0151 tol\u00f3hengere\" width=\"500\" height=\"200\" title=\"\" srcset=\"https:\/\/fmp-components.com\/wp-content\/uploads\/2024\/12\/Double-Shield-Tunnel-Boring-Machine-Main-Thrust-Cylinder.webp 500w, https:\/\/fmp-components.com\/wp-content\/uploads\/2024\/12\/Double-Shield-Tunnel-Boring-Machine-Main-Thrust-Cylinder-480x192.webp 480w\" sizes=\"(min-width: 0px) and (max-width: 480px) 480px, (min-width: 481px) 500px, 100vw\" \/><\/p>\n<table style=\"width: 96.1207%; height: 146px;\" border=\"1\" cellspacing=\"0\" cellpadding=\"0\">\n<tbody>\n<tr>\n<td>Term\u00e9k neve<\/td>\n<td>Dupla pajzs\u00fa alag\u00fatf\u00far\u00f3 g\u00e9p f\u0151 tol\u00f3hengere<\/td>\n<\/tr>\n<tr>\n<td>Jellemz\u0151k:<\/td>\n<td>Biztos\u00edtsa a TBM el\u0151remen\u0151 alag\u00fatf\u00far\u00e1s tol\u00f3erej\u00e9t<\/td>\n<\/tr>\n<tr>\n<td>Furat\u00e1tm\u00e9r\u0151:<\/td>\n<td>220 mm\uff5e380 mm<\/td>\n<\/tr>\n<tr>\n<td>R\u00fad \u00e1tm\u00e9r\u0151je:<\/td>\n<td>150 mm\uff5e280 mm<br \/>\nL\u00f6ket: 1100 mm\uff5e1700 mm<\/td>\n<\/tr>\n<tr>\n<td>Nyom\u00e1s:<\/td>\n<td>ak\u00e1r 35 MPa<\/td>\n<\/tr>\n<tr>\n<td>Alkalmaz\u00e1sok:<\/td>\n<td>Dupla pajzs\u00fa alag\u00fatf\u00far\u00f3 g\u00e9p<\/td>\n<\/tr>\n<\/tbody>\n<\/table>\n<h2>Dupla pajzs\u00fa alag\u00fatf\u00far\u00f3 g\u00e9p seg\u00e9dhenger<\/h2>\n<p><img loading=\"lazy\" decoding=\"async\" class=\"size-full wp-image-904 aligncenter\" src=\"https:\/\/fmp-components.com\/wp-content\/uploads\/2024\/12\/Double-Shield-Tunnel-Boring-Machine-Auxiliary-Thrust-Cylinder.webp\" alt=\"Dupla pajzs\u00fa alag\u00fatf\u00far\u00f3 g\u00e9p seg\u00e9dhenger\" width=\"500\" height=\"200\" title=\"\" srcset=\"https:\/\/fmp-components.com\/wp-content\/uploads\/2024\/12\/Double-Shield-Tunnel-Boring-Machine-Auxiliary-Thrust-Cylinder.webp 500w, https:\/\/fmp-components.com\/wp-content\/uploads\/2024\/12\/Double-Shield-Tunnel-Boring-Machine-Auxiliary-Thrust-Cylinder-480x192.webp 480w\" sizes=\"(min-width: 0px) and (max-width: 480px) 480px, (min-width: 481px) 500px, 100vw\" \/><\/p>\n<table style=\"width: 97.5599%; height: 190px;\" border=\"1\" cellspacing=\"0\" cellpadding=\"0\">\n<tbody>\n<tr>\n<td>Term\u00e9k neve<\/td>\n<td>Dupla pajzs\u00fa alag\u00fatf\u00far\u00f3 g\u00e9p seg\u00e9dhenger<\/td>\n<\/tr>\n<tr>\n<td>Jellemz\u0151k:<\/td>\n<td>A seg\u00e9dnyom\u00f3henger reakci\u00f3erej\u00e9re t\u00e1maszkodva a cs\u0151darabot tolja, hogy a TBM el\u0151re mozduljon<\/td>\n<\/tr>\n<tr>\n<td>Furat\u00e1tm\u00e9r\u0151:<\/td>\n<td>220 mm\uff5e320 mm<\/td>\n<\/tr>\n<tr>\n<td>R\u00fad \u00e1tm\u00e9r\u0151je:<\/td>\n<td>180 mm\uff5e240 mm<br \/>\nL\u00f6ket: 2100 mm\uff5e2600 mm<\/td>\n<\/tr>\n<tr>\n<td>Nyom\u00e1s:<\/td>\n<td>ak\u00e1r 35 MPa<br \/>\nSpeci\u00e1lis k\u00f6vetelm\u00e9nyek 45MPa-ig<\/td>\n<\/tr>\n<tr>\n<td>Alkalmaz\u00e1sok:<\/td>\n<td>Dupla pajzs\u00fa alag\u00fatf\u00far\u00f3 g\u00e9p<\/td>\n<\/tr>\n<\/tbody>\n<\/table>\n<h3><\/h3>\n<h3>Hogyan m\u0171k\u00f6dik a dupla pajzs\u00fa alag\u00fatf\u00far\u00f3 g\u00e9p hidraulikus hengere?<\/h3>\n<p>A kett\u0151s pajzsos alag\u00fatf\u00far\u00f3 g\u00e9p (TBM) hidraulikus hengere kulcsszerepet j\u00e1tszik az alag\u00fatf\u00far\u00e1si folyamatban. \u00cdme egy \u00e1ttekint\u00e9s a m\u0171k\u00f6d\u00e9s\u00e9r\u0151l:<\/p>\n<ul>\n<li><strong>Hidraulikus energiatermel\u00e9s:<\/strong><br \/>\nA hidraulikus rendszer hidraulikafolyad\u00e9k seg\u00edts\u00e9g\u00e9vel \u00e1ll\u00edt el\u0151 energi\u00e1t, amelyet hidraulikus szivatty\u00fak nyom\u00e1s al\u00e1 helyeznek. Ez a nyom\u00e1s hozza l\u00e9tre az er\u0151t, amely a hidraulikus hengerekhez tov\u00e1bb\u00edt\u00f3dik.<\/li>\n<li><strong>Tol\u00f3er\u0151-gener\u00e1l\u00e1s:<\/strong><br \/>\nA hidraulikus henger a hidraulikus folyad\u00e9k energi\u00e1j\u00e1t mechanikai energi\u00e1v\u00e1 alak\u00edtja, tol\u00f3er\u0151t biztos\u00edtva a TBM-nek. Ez a tol\u00f3er\u0151 el\u0151renyomja a g\u00e9pet a k\u0151zetbe vagy a talajba, lehet\u0151v\u00e9 t\u00e9ve a hat\u00e9kony f\u00f6ldmunk\u00e1t.<\/li>\n<li><strong>Kett\u0151s \u00e1rny\u00e9kol\u00e1si mechanizmus:<\/strong><br \/>\nEgy dupla pajzsos TBM-ben k\u00e9t pajzs tal\u00e1lhat\u00f3: az els\u0151 pajzs (v\u00e1g\u00f3pajzs) \u00e9s a h\u00e1ts\u00f3 pajzs (tart\u00f3pajzs). Mindk\u00e9t pajzsba hidraulikus hengerek vannak be\u00e9p\u00edtve, lehet\u0151v\u00e9 t\u00e9ve az egyidej\u0171 f\u00f6ldmunk\u00e1t \u00e9s a t\u00e1maszt\u00e9k be\u00e9p\u00edt\u00e9s\u00e9t.<\/li>\n<li><strong>V\u00e1g\u00f3fej m\u0171k\u00f6d\u00e9se:<\/strong><br \/>\nA hidraulikus hengerek a TBM elej\u00e9n tal\u00e1lhat\u00f3 v\u00e1g\u00f3fej mozg\u00e1s\u00e1t vez\u00e9rlik. Kiny\u00fal\u00e1sukkal \u00e9s visszah\u00faz\u00e1sukkal seg\u00edtenek a v\u00e1g\u00f3szersz\u00e1mok pozicion\u00e1l\u00e1s\u00e1ban, hogy hat\u00e9konyan \u00e1tt\u00f6rj\u00e9k a talajt.<\/li>\n<\/ul>\n<p><img loading=\"lazy\" decoding=\"async\" class=\"alignnone size-full wp-image-909\" src=\"https:\/\/fmp-components.com\/wp-content\/uploads\/2024\/12\/Double-Shield-Tunnel-Boring-Machine-Torque-Cylinder-1.webp\" alt=\"Dupla pajzs\u00fa alag\u00fatf\u00far\u00f3 g\u00e9p nyomat\u00e9khenger\" width=\"1024\" height=\"555\" title=\"\" srcset=\"https:\/\/fmp-components.com\/wp-content\/uploads\/2024\/12\/Double-Shield-Tunnel-Boring-Machine-Torque-Cylinder-1.webp 1024w, https:\/\/fmp-components.com\/wp-content\/uploads\/2024\/12\/Double-Shield-Tunnel-Boring-Machine-Torque-Cylinder-1-980x531.webp 980w, https:\/\/fmp-components.com\/wp-content\/uploads\/2024\/12\/Double-Shield-Tunnel-Boring-Machine-Torque-Cylinder-1-480x260.webp 480w\" sizes=\"(min-width: 0px) and (max-width: 480px) 480px, (min-width: 481px) and (max-width: 980px) 980px, (min-width: 981px) 1024px, 100vw\" \/><\/p>\n<ul>\n<li><strong>T\u00e1mogat\u00e1s telep\u00edt\u00e9se:<\/strong><br \/>\nAhogy a g\u00e9p el\u0151rehalad, a h\u00e1ts\u00f3 pajzs hidraulikus hengerek seg\u00edts\u00e9g\u00e9vel tart\u00f3szerkezeteket (p\u00e9ld\u00e1ul szegmenseket vagy b\u00e9l\u00e9seket) szerel fel a v\u00e1g\u00f3fej m\u00f6g\u00e9, biztos\u00edtva az alag\u00fat stabilit\u00e1s\u00e1t a f\u00f6ldmunka sor\u00e1n.<\/li>\n<li><strong>Visszacsatol\u00e1s-szab\u00e1lyoz\u00e1s:<\/strong><br \/>\nA hidraulikus rendszer \u00e9rz\u00e9kel\u0151kkel \u00e9s vez\u00e9rl\u0151rendszerekkel van felszerelve, amelyek figyelik a hidraulikus hengerek nyom\u00e1s\u00e1t \u00e9s helyzet\u00e9t. Ez a visszajelz\u00e9s lehet\u0151v\u00e9 teszi a prec\u00edz be\u00e1ll\u00edt\u00e1sokat, biztos\u00edtva az optim\u00e1lis teljes\u00edtm\u00e9nyt \u00e9s biztons\u00e1got.<\/li>\n<li><strong>Stabilit\u00e1s \u00e9s biztons\u00e1g:<\/strong><br \/>\nA hidraulikus hengerek hozz\u00e1j\u00e1rulnak a TBM \u00e1ltal\u00e1nos stabilit\u00e1s\u00e1hoz, seg\u00edtve az igaz\u00edt\u00e1s \u00e9s az egyens\u00faly fenntart\u00e1s\u00e1t, ami cs\u00f6kkenti a balesetek \u00e9s a m\u0171k\u00f6d\u00e9si zavarok kock\u00e1zat\u00e1t.<\/li>\n<li><strong>Alkalmazkod\u00f3k\u00e9pess\u00e9g:<\/strong><br \/>\nA hidraulikus rendszer a k\u00fcl\u00f6nb\u00f6z\u0151 talajt\u00edpusokhoz \u00e9s geol\u00f3giai viszonyokhoz igaz\u00edthat\u00f3, \u00edgy sokoldal\u00faan haszn\u00e1lhat\u00f3 k\u00fcl\u00f6nf\u00e9le alag\u00fatf\u00far\u00e1si projektekhez.<\/li>\n<\/ul>\n<p>A tol\u00f3er\u0151, a stabilit\u00e1s \u00e9s a t\u00e1masz hat\u00e9kony kezel\u00e9s\u00e9vel a kett\u0151s pajzs\u00fa alag\u00fatf\u00far\u00f3 g\u00e9p hidraulikus hengerei elengedhetetlenek a sikeres \u00e9s biztons\u00e1gos alag\u00fat\u00e1s\u00e1shoz, n\u00f6velve a modern f\u00f6ldalatti \u00e9p\u00edtkez\u00e9s hat\u00e9konys\u00e1g\u00e1t \u00e9s megb\u00edzhat\u00f3s\u00e1g\u00e1t.<\/p>\n<p><img loading=\"lazy\" decoding=\"async\" class=\"alignnone  wp-image-914\" src=\"https:\/\/fmp-components.com\/wp-content\/uploads\/2024\/12\/Double-Shield-Tunnel-Boring-Machine-Main-Thrust-Cylinder-1.webp\" alt=\"Dupla pajzs\u00fa alag\u00fatf\u00far\u00f3 g\u00e9p f\u0151 tol\u00f3hengere\" width=\"907\" height=\"305\" title=\"\" srcset=\"https:\/\/fmp-components.com\/wp-content\/uploads\/2024\/12\/Double-Shield-Tunnel-Boring-Machine-Main-Thrust-Cylinder-1.webp 907w, https:\/\/fmp-components.com\/wp-content\/uploads\/2024\/12\/Double-Shield-Tunnel-Boring-Machine-Main-Thrust-Cylinder-1-480x161.webp 480w\" sizes=\"(min-width: 0px) and (max-width: 480px) 480px, (min-width: 481px) 907px, 100vw\" \/><\/p>\n<h3>Az FMP-r\u0151l<\/h3>\n<p>Az FMP egy speci\u00e1lis g\u00e9pgy\u00e1rt\u00f3 v\u00e1llalat, amely hidraulikus hengerek gy\u00e1rt\u00e1s\u00e1ra specializ\u00e1l\u00f3dott. Megalakul\u00e1sa \u00f3ta a v\u00e1llalat a hidraulikus technol\u00f3gia kutat\u00e1s\u00e1ra \u00e9s gy\u00e1rt\u00e1s\u00e1ra \u00f6sszpontos\u00edt, \u00e9s sikeresen \u00e1tt\u00e9rt a soksz\u00edn\u0171 term\u00e9kk\u00edn\u00e1latr\u00f3l, amely mag\u00e1ban foglalta a betakar\u00edt\u00f3 \u00e9s \u00e9p\u00edt\u0151ipari g\u00e9peket, a mez\u0151gazdas\u00e1gi traktoralkatr\u00e9szekre specializ\u00e1l\u00f3d\u00e1sra. T\u00f6bb mint egy \u00e9vtizedes gy\u00e1rt\u00e1si \u00e9s ir\u00e1ny\u00edt\u00e1si tapasztalattal az FMP fejlett gy\u00e1rt\u00e1si technik\u00e1kkal biztos\u00edtja a kiv\u00e1l\u00f3 min\u0151s\u00e9g\u0171 term\u00e9keket.<\/p>\n<p>A v\u00e1llalat fejl\u0151d\u00e9s\u00e9vel \u00e1tfog\u00f3 megmunk\u00e1l\u00f3 gy\u00e1rt\u00f3sort, \u00f6sszeszerel\u0151 sort \u00e9s bevon\u00f3sort fejlesztett ki. Csapatunk k\u00e9pzett vezet\u0151kb\u0151l, tapasztalt g\u00e9p\u00e9sztervez\u0151kb\u0151l \u00e9s magasan k\u00e9pzett technikusokb\u00f3l \u00e1ll, akik egy\u00fcttm\u0171k\u00f6dve biztos\u00edtj\u00e1k a stabil termel\u00e9si min\u0151s\u00e9get, mik\u00f6zben hat\u00e9konyan ellen\u0151rzik a folyamatok folytonoss\u00e1g\u00e1t \u00e9s hat\u00e9konys\u00e1g\u00e1t.<\/p>\n<p>Az FMP a k\u00f6vetkez\u0151 filoz\u00f3fi\u00e1t vallja: \u201eA technol\u00f3giai innov\u00e1ci\u00f3 hajtja a fejl\u0151d\u00e9st, a min\u0151s\u00e9g teremti a m\u00e1rk\u00e1kat, a szak\u00e9rtelem garant\u00e1lja a min\u0151s\u00e9get, \u00e9s hossz\u00fa t\u00e1v\u00fa, mindenki sz\u00e1m\u00e1ra el\u0151ny\u00f6s kapcsolatokat \u00e9p\u00edt.\u201d Elk\u00f6telezetts\u00e9g\u00fcnk a kiv\u00e1l\u00f3 min\u0151s\u00e9g\u0171 term\u00e9kek \u00e9s a kiv\u00e1l\u00f3 \u00fcgyf\u00e9lszolg\u00e1lat ir\u00e1nt tov\u00e1bbra is alapvet\u0151 c\u00e9lunk, mik\u00f6zben folyamatosan megfelel\u00fcnk a piac v\u00e1ltoz\u00f3 ig\u00e9nyeinek.<\/p>\n<p><img loading=\"lazy\" decoding=\"async\" class=\"alignnone size-full wp-image-426\" src=\"https:\/\/fmp-components.com\/wp-content\/uploads\/2024\/12\/Sanitation-Machinery-Locking-Hydraulic-Cylinder-factory.webp\" sizes=\"(min-width: 0px) and (max-width: 480px) 480px, (min-width: 481px) and (max-width: 980px) 980px, (min-width: 981px) and (max-width: 1280px) 1280px, (min-width: 1281px) 1414px, 100vw\" srcset=\"https:\/\/fmp-components.com\/wp-content\/uploads\/2024\/12\/Sanitation-Machinery-Locking-Hydraulic-Cylinder-factory.webp 1414w, https:\/\/fmp-components.com\/wp-content\/uploads\/2024\/12\/Sanitation-Machinery-Locking-Hydraulic-Cylinder-factory-1280x529.webp 1280w, https:\/\/fmp-components.com\/wp-content\/uploads\/2024\/12\/Sanitation-Machinery-Locking-Hydraulic-Cylinder-factory-980x405.webp 980w, https:\/\/fmp-components.com\/wp-content\/uploads\/2024\/12\/Sanitation-Machinery-Locking-Hydraulic-Cylinder-factory-480x198.webp 480w\" alt=\"Higi\u00e9niai-G\u00e9p-Z\u00e1r\u00f3-Hidraulikus-Henger-gy\u00e1r\" width=\"1414\" height=\"584\" title=\"\"><\/p>\n<p>Szerz\u0151: CX<\/p>","protected":false},"excerpt":{"rendered":"<p>A kett\u0151s pajzsos alag\u00fatf\u00far\u00f3 g\u00e9pek hidraulikus hengere kritikus fontoss\u00e1g\u00fa alkatr\u00e9sz, amelynek c\u00e9lja a robusztus tol\u00f3er\u0151 \u00e9s a prec\u00edz vez\u00e9rl\u00e9s biztos\u00edt\u00e1sa az alag\u00fatf\u00far\u00e1si folyamat sor\u00e1n. A kih\u00edv\u00e1st jelent\u0151 geol\u00f3giai k\u00f6r\u00fclm\u00e9nyek k\u00f6z\u00f6tti hat\u00e9kony m\u0171k\u00f6d\u00e9sre tervezett hengerek t\u00e1mogatj\u00e1k a kett\u0151s pajzsos rendszert, lehet\u0151v\u00e9 t\u00e9ve az egyidej\u0171 f\u00f6ldmunk\u00e1t \u00e9s a t\u00e1maszt\u00f3berendez\u00e9s telep\u00edt\u00e9s\u00e9t. Tart\u00f3s konstrukci\u00f3juk biztos\u00edtja a hossz\u00fa \u00e9lettartamot \u00e9s a megb\u00edzhat\u00f3s\u00e1got, m\u00edg a fejlett hidraulikus technol\u00f3gia lehet\u0151v\u00e9 teszi a sima \u00e9s pontos mozg\u00e1sokat, ami elengedhetetlen az igaz\u00edt\u00e1s \u00e9s a biztons\u00e1g fenntart\u00e1s\u00e1hoz. Ez a hidraulikus rendszer jelent\u0151sen n\u00f6veli az alag\u00fat\u00e9p\u00edt\u00e9s hat\u00e9konys\u00e1g\u00e1t \u00e9s eredm\u00e9nyess\u00e9g\u00e9t, \u00edgy alkalmass\u00e1 teszi k\u00fcl\u00f6nf\u00e9le f\u00f6ldalatti projektekhez, bele\u00e9rtve a metr\u00f3rendszereket \u00e9s a k\u00f6zm\u0171alagutakat.<\/p>","protected":false},"featured_media":908,"comment_status":"open","ping_status":"closed","template":"","meta":{"_et_pb_use_builder":"","_et_pb_old_content":"","_et_gb_content_width":""},"product_brand":[],"product_cat":[30],"product_tag":[],"class_list":{"0":"post-885","1":"product","2":"type-product","3":"status-publish","4":"has-post-thumbnail","6":"product_cat-tunnel-boring-machine-hydraulic-cylinders","8":"first","9":"instock","10":"shipping-taxable","11":"product-type-simple"},"_links":{"self":[{"href":"https:\/\/fmp-components.com\/hu\/wp-json\/wp\/v2\/product\/885","targetHints":{"allow":["GET"]}}],"collection":[{"href":"https:\/\/fmp-components.com\/hu\/wp-json\/wp\/v2\/product"}],"about":[{"href":"https:\/\/fmp-components.com\/hu\/wp-json\/wp\/v2\/types\/product"}],"replies":[{"embeddable":true,"href":"https:\/\/fmp-components.com\/hu\/wp-json\/wp\/v2\/comments?post=885"}],"wp:featuredmedia":[{"embeddable":true,"href":"https:\/\/fmp-components.com\/hu\/wp-json\/wp\/v2\/media\/908"}],"wp:attachment":[{"href":"https:\/\/fmp-components.com\/hu\/wp-json\/wp\/v2\/media?parent=885"}],"wp:term":[{"taxonomy":"product_brand","embeddable":true,"href":"https:\/\/fmp-components.com\/hu\/wp-json\/wp\/v2\/product_brand?post=885"},{"taxonomy":"product_cat","embeddable":true,"href":"https:\/\/fmp-components.com\/hu\/wp-json\/wp\/v2\/product_cat?post=885"},{"taxonomy":"product_tag","embeddable":true,"href":"https:\/\/fmp-components.com\/hu\/wp-json\/wp\/v2\/product_tag?post=885"}],"curies":[{"name":"munkaf\u00fczet","href":"https:\/\/api.w.org\/{rel}","templated":true}]}}