{"id":816,"date":"2024-12-18T07:55:12","date_gmt":"2024-12-18T07:55:12","guid":{"rendered":"https:\/\/fmp-components.com\/?page_id=8"},"modified":"2024-12-18T08:06:02","modified_gmt":"2024-12-18T08:06:02","slug":"hydraulic-cylinder-for-wave-tide-power-generation","status":"publish","type":"product","link":"https:\/\/fmp-components.com\/hu\/product\/hydraulic-cylinder-for-wave-tide-power-generation\/","title":{"rendered":"Hidraulikus henger hull\u00e1m-\/\u00e1rap\u00e1lyenergia el\u0151\u00e1ll\u00edt\u00e1s\u00e1hoz"},"content":{"rendered":"<p style=\"text-align: center;\"><span style=\"font-size: 18pt;\">Hidraulikus henger hull\u00e1m-\/\u00e1rap\u00e1lyenergia el\u0151\u00e1ll\u00edt\u00e1s\u00e1hoz<\/span><\/p>\n<p>A hull\u00e1m-\/\u00e1rap\u00e1lyenergia-termel\u00e9shez haszn\u00e1lt hidraulikus henger egy \u00e9lvonalbeli eszk\u00f6z, amelyet az \u00f3ce\u00e1ni hull\u00e1mok \u00e9s az \u00e1rap\u00e1lymozg\u00e1sok energi\u00e1j\u00e1nak hasznos\u00edt\u00e1s\u00e1ra terveztek. Ez az innovat\u00edv megold\u00e1s a mozg\u00e1si energi\u00e1t felhaszn\u00e1lhat\u00f3 energi\u00e1v\u00e1 alak\u00edtja, hozz\u00e1j\u00e1rulva a fenntarthat\u00f3 energiatermel\u00e9shez.<\/p>\n<h4>F\u0151bb jellemz\u0151k:<\/h4>\n<ul>\n<li><strong>Robusztus kialak\u00edt\u00e1s:<\/strong> Hidraulikus henger\u00fcnket a zord tengeri k\u00f6rnyezetre tervezt\u00fck, nagy szil\u00e1rds\u00e1g\u00fa anyagokb\u00f3l k\u00e9sz\u00fcl, amelyek ellen\u00e1llnak a korr\u00f3zi\u00f3nak \u00e9s a kop\u00e1snak.<\/li>\n<li><strong>Nagy hat\u00e9konys\u00e1g:<\/strong> A maxim\u00e1lis energiakitermel\u00e9sre optimaliz\u00e1lt hidraulikus rendszer biztos\u00edtja a hull\u00e1m- \u00e9s \u00e1rap\u00e1ly-energia hat\u00e9kony hidraulikus energi\u00e1v\u00e1 alak\u00edt\u00e1s\u00e1t.<\/li>\n<li><strong>Sokoldal\u00fa alkalmaz\u00e1s:<\/strong> Ez a hidraulikus henger k\u00fcl\u00f6nf\u00e9le tengeri energiaprojektekhez alkalmas, bele\u00e9rtve a tengeri \u00e9s tengerparti telep\u00edt\u00e9seket is, integr\u00e1lhat\u00f3 megl\u00e9v\u0151 energiarendszerekbe, vagy \u00faj fejleszt\u00e9sekben is haszn\u00e1lhat\u00f3.<\/li>\n<li><strong>K\u00f6nny\u0171 karbantart\u00e1s:<\/strong> A hozz\u00e1f\u00e9rhet\u0151s\u00e9g jegy\u00e9ben tervezett hidraulikus henger leegyszer\u0171s\u00edti a karbantart\u00e1si elj\u00e1r\u00e1sokat, biztos\u00edtva a hossz\u00fa t\u00e1v\u00fa megb\u00edzhat\u00f3s\u00e1got \u00e9s a cs\u00f6kkentett \u00e1ll\u00e1sid\u0151t.<\/li>\n<li><strong>K\u00f6rnyezetbar\u00e1t:<\/strong> A meg\u00fajul\u00f3 tengeri energia felhaszn\u00e1l\u00e1s\u00e1val ez a term\u00e9k hozz\u00e1j\u00e1rul a sz\u00e9n-dioxid-kibocs\u00e1t\u00e1s cs\u00f6kkent\u00e9s\u00e9hez \u00e9s a fenntarthat\u00f3 energiamegold\u00e1sok el\u0151mozd\u00edt\u00e1s\u00e1hoz.<\/li>\n<\/ul>\n<p>A hull\u00e1m-\/\u00e1rap\u00e1lyenergia-termel\u00e9shez haszn\u00e1lt hidraulikus henger jelent\u0151s el\u0151rel\u00e9p\u00e9st jelent a meg\u00fajul\u00f3 energia ter\u00fclet\u00e9n. Az \u00f3ce\u00e1nmozg\u00e1sok erej\u00e9nek hat\u00e9kony kihaszn\u00e1l\u00e1s\u00e1val kulcsszerepet j\u00e1tszik a fenntarthat\u00f3bb energiaj\u00f6v\u0151 fel\u00e9 val\u00f3 \u00e1tmenetben.<\/p>\n<h2>Hull\u00e1m\/\u00e1rap\u00e1ly energiatermel\u0151 berendez\u00e9sek hidraulikus henger<\/h2>\n<table border=\"1\" cellspacing=\"0\" cellpadding=\"0\">\n<tbody>\n<tr>\n<td>Term\u00e9k neve<\/td>\n<td>Hull\u00e1m\/\u00e1rap\u00e1ly energiatermel\u0151 berendez\u00e9s henger<\/td>\n<\/tr>\n<tr>\n<td>Jellemz\u0151k:<\/td>\n<td>A hull\u00e1menergi\u00e1t hidraulikus energi\u00e1v\u00e1 alak\u00edtja, hogy mozg\u00e1sba hozza a hidraulikus hengereket. A nagynyom\u00e1s\u00fa olaj ezut\u00e1n meghajtja a villanymotort, amely elektromos \u00e1ramot termel, amelyet v\u00e9g\u00fcl elektromos energi\u00e1v\u00e1 alak\u00edtanak.<\/td>\n<\/tr>\n<tr>\n<td>Furat\u00e1tm\u00e9r\u0151:<\/td>\n<td>\u00a0Ak\u00e1r 250 mm-ig<\/td>\n<\/tr>\n<tr>\n<td>R\u00fad \u00e1tm\u00e9r\u0151je:<\/td>\n<td>Ak\u00e1r 190 mm<br \/>\nL\u00f6ket ak\u00e1r 4800 mm<\/td>\n<\/tr>\n<tr>\n<td>Nyom\u00e1s:<\/td>\n<td>ak\u00e1r 31,5 MPa<\/td>\n<\/tr>\n<tr>\n<td>Alkalmaz\u00e1sok:<\/td>\n<td>Hull\u00e1m\/\u00e1rap\u00e1ly energiatermel\u00e9s<\/td>\n<\/tr>\n<\/tbody>\n<\/table>\n<h3>A hidraulikus hengerek el\u0151nyei hull\u00e1m-\/\u00e1rap\u00e1lyenergia-termel\u0151 berendez\u00e9sekben<\/h3>\n<p>A hidraulikus hengerek kulcsszerepet j\u00e1tszanak a hull\u00e1m- \u00e9s \u00e1rap\u00e1ly-energiatermel\u0151 rendszerek m\u0171k\u00f6d\u00e9s\u00e9ben. \u00cdme a hidraulikus hengerek haszn\u00e1lat\u00e1nak f\u0151 el\u0151nyei ebben az \u00f6sszef\u00fcgg\u00e9sben:<\/p>\n<ol>\n<li><strong>Nagy teljes\u00edtm\u00e9nys\u0171r\u0171s\u00e9g:<\/strong> A hidraulikus munkahengerek kiv\u00e1l\u00f3 teljes\u00edtm\u00e9ny-t\u00f6meg ar\u00e1nyt biztos\u00edtanak, lehet\u0151v\u00e9 t\u00e9ve a kompakt \u00e9s hat\u00e9kony kialak\u00edt\u00e1st. Ez k\u00fcl\u00f6n\u00f6sen el\u0151ny\u00f6s hull\u00e1m- \u00e9s \u00e1rap\u00e1lyer\u0151m\u0171vekn\u00e9l, ahol korl\u00e1tozott a hely, \u00e9s a berendez\u00e9seket gyakran v\u00edz al\u00e1 kell mer\u00edteni.<\/li>\n<li><strong>Tart\u00f3ss\u00e1g \u00e9s megb\u00edzhat\u00f3s\u00e1g:<\/strong> A robusztuss\u00e1gukr\u00f3l ismert hidraulikus hengerek ellen\u00e1llnak a zord tengeri k\u00f6rnyezetnek, bele\u00e9rtve a s\u00f3s vizet \u00e9s a sz\u00e9ls\u0151s\u00e9ges id\u0151j\u00e1r\u00e1st. Hossz\u00fa t\u00e1v\u00fa, minim\u00e1lis karbantart\u00e1st ig\u00e9nyl\u0151 m\u0171k\u00f6d\u00e9sre tervezt\u00e9k \u0151ket, \u00edgy ide\u00e1lisak olyan rendszerekhez, amelyek folyamatosan ki vannak t\u00e9ve az elemeknek.<\/li>\n<li><strong>Prec\u00edz vez\u00e9rl\u00e9s:<\/strong> Ezek a hengerek prec\u00edz vez\u00e9rl\u00e9st biztos\u00edtanak a hull\u00e1m- \u00e9s \u00e1rap\u00e1ly-energiarendszerek alkatr\u00e9szeinek mozg\u00e1sa felett. Ez elengedhetetlen az energiafelhaszn\u00e1l\u00e1s optimaliz\u00e1l\u00e1s\u00e1hoz \u00e9s a v\u00e1ltoz\u00f3 k\u00f6rnyezeti felt\u00e9telekhez val\u00f3 alkalmazkod\u00e1shoz.<\/li>\n<li><strong>Sk\u00e1l\u00e1zhat\u00f3s\u00e1g:<\/strong> A hidraulikus rendszerek k\u00f6nnyen sk\u00e1l\u00e1zhat\u00f3k, lehet\u0151v\u00e9 t\u00e9ve a testreszab\u00e1st a v\u00e1ltoz\u00f3 energiatermel\u00e9si ig\u00e9nyek alapj\u00e1n. A hengerek m\u00e9ret\u00e9nek \u00e9s sz\u00e1m\u00e1nak m\u00f3dos\u00edt\u00e1s\u00e1val a berendez\u00e9sek az adott energiaig\u00e9nyekhez igaz\u00edthat\u00f3k.<\/li>\n<li><strong>Energia\u00e1talak\u00edt\u00e1si hat\u00e9konys\u00e1g:<\/strong> A hidraulikus hengerek hat\u00e9konyan alak\u00edtj\u00e1k \u00e1t a hull\u00e1m- \u00e9s \u00e1rap\u00e1lymozg\u00e1sokat mechanikai energi\u00e1v\u00e1, hat\u00e9konyan r\u00f6gz\u00edtik az energi\u00e1t, \u00e9s forg\u00f3 mozg\u00e1ss\u00e1 alak\u00edtj\u00e1k gener\u00e1torok vagy m\u00e1s eszk\u00f6z\u00f6k sz\u00e1m\u00e1ra.<\/li>\n<li><strong>Minim\u00e1lis k\u00f6rnyezeti hat\u00e1s:<\/strong> M\u00e1s energiatermel\u00e9si m\u00f3dszerekhez k\u00e9pest a hidraulikus hengerek alacsony k\u00f6rnyezeti l\u00e1bnyommal rendelkeznek. Nem bocs\u00e1tanak ki k\u00f6zvetlen k\u00e1rosanyag-kibocs\u00e1t\u00e1st \u00e9s csendesen m\u0171k\u00f6dnek, minimaliz\u00e1lva a zajszennyez\u00e9st \u00e9s v\u00e9dve a tengeri \u00f6kosziszt\u00e9m\u00e1kat.<\/li>\n<li><strong>Tervez\u00e9si rugalmass\u00e1g:<\/strong> A hidraulikus hengerek jelent\u0151s tervez\u00e9si rugalmass\u00e1got k\u00edn\u00e1lnak, lehet\u0151v\u00e9 t\u00e9ve a m\u00e9rn\u00f6k\u00f6k sz\u00e1m\u00e1ra a m\u00e9ret, a l\u00f6kethossz \u00e9s az er\u0151kifejt\u00e9s testreszab\u00e1s\u00e1t, hogy optimaliz\u00e1lj\u00e1k a rendszer teljes\u00edtm\u00e9ny\u00e9t \u00e9s hat\u00e9konys\u00e1g\u00e1t az adott hull\u00e1m- \u00e9s \u00e1rap\u00e1lyenergia-termel\u00e9si alkalmaz\u00e1sokhoz.<\/li>\n<\/ol>\n<p><img loading=\"lazy\" decoding=\"async\" class=\"alignnone  wp-image-819\" src=\"https:\/\/fmp-components.com\/wp-content\/uploads\/2024\/12\/Wave-Tide-Power-Generation-Equipment-Hydraulic-Cylinder.webp\" alt=\"Hull\u00e1m\u00e1rad\u00e9kony energiatermel\u0151 berendez\u00e9sek hidraulikus hengere\" width=\"925\" height=\"308\" title=\"\" srcset=\"https:\/\/fmp-components.com\/wp-content\/uploads\/2024\/12\/Wave-Tide-Power-Generation-Equipment-Hydraulic-Cylinder.webp 925w, https:\/\/fmp-components.com\/wp-content\/uploads\/2024\/12\/Wave-Tide-Power-Generation-Equipment-Hydraulic-Cylinder-480x160.webp 480w\" sizes=\"(min-width: 0px) and (max-width: 480px) 480px, (min-width: 481px) 925px, 100vw\" \/><\/p>\n<h3>V\u00e1lassza az FMP hidraulikus hengereket hull\u00e1m-\/\u00e1rap\u00e1lyenergia el\u0151\u00e1ll\u00edt\u00e1s\u00e1hoz<\/h3>\n<p>Az FMP a hull\u00e1m- \u00e9s \u00e1rap\u00e1lyenergia-termel\u00e9sre tervezett hidraulikus hengerek vezet\u0151 gy\u00e1rt\u00f3ja. Min\u0151s\u00e9g\u00fckr\u0151l, tart\u00f3ss\u00e1gukr\u00f3l \u00e9s megb\u00edzhat\u00f3s\u00e1gukr\u00f3l ismert FMP hengerek t\u00f6k\u00e9letesek a zord tengeri k\u00f6rnyezethez.<\/p>\n<h4>Az FMP hidraulikus hengerek kiv\u00e1laszt\u00e1s\u00e1nak el\u0151nyei:<\/h4>\n<ul>\n<li><strong>Nagy hat\u00e9konys\u00e1g:<\/strong> Az FMP hidraulikus hengereket optim\u00e1lis hat\u00e9konys\u00e1gra tervezt\u00e9k, minim\u00e1lis vesztes\u00e9ggel alak\u00edtva \u00e1t a hull\u00e1m- \u00e9s \u00e1rap\u00e1lyenergi\u00e1t hidraulikus energi\u00e1v\u00e1.<\/li>\n<li><strong>Hossz\u00fa \u00e9lettartam:<\/strong> Ezek a tart\u00f3s palackok robusztus alkatr\u00e9szekkel \u00e9s konstrukci\u00f3val rendelkeznek, amelyek ellen\u00e1llnak a neh\u00e9z tengeri k\u00f6r\u00fclm\u00e9nyeknek.<\/li>\n<li><strong>Alacsony karbantart\u00e1si ig\u00e9ny:<\/strong> A minim\u00e1lis karbantart\u00e1sra tervezett FMP hidraulikus munkahengerek kev\u00e9s karbantart\u00e1st ig\u00e9nyelnek, mik\u00f6zben megb\u00edzhat\u00f3 teljes\u00edtm\u00e9nyt biztos\u00edtanak.<\/li>\n<li><strong>Testreszabhat\u00f3 kialak\u00edt\u00e1s:<\/strong> Az FMP a hull\u00e1m- \u00e9s \u00e1rap\u00e1ly-energiatermel\u0151 projektek egyedi ig\u00e9nyeihez igaz\u00edtott hidraulikus hengerek sz\u00e9les v\u00e1laszt\u00e9k\u00e1t k\u00edn\u00e1lja.<\/li>\n<\/ul>\n<p>Az FMP hidraulikus hengereket sikeresen alkalmazt\u00e1k sz\u00e1mos projektben vil\u00e1gszerte, bele\u00e9rtve az Oyster hull\u00e1mer\u0151m\u0171vet Orkney-ben, Sk\u00f3ci\u00e1ban \u00e9s a Penghu Tidal Lagoon-t Tajvanon.<\/p>\n<h4>Szempontok az FMP hidraulikus hengerek kiv\u00e1laszt\u00e1s\u00e1hoz:<\/h4>\n<ol>\n<li><strong>\u00c1ramtermel\u0151 eszk\u00f6z t\u00edpusa:<\/strong> A hidraulikus hengerekkel szemben t\u00e1masztott konkr\u00e9t k\u00f6vetelm\u00e9nyek a haszn\u00e1lt eszk\u00f6zt\u0151l f\u00fcggenek. P\u00e9ld\u00e1ul a hull\u00e1menergia-\u00e1talak\u00edt\u00f3knak (WEC) nagy teljes\u00edtm\u00e9nys\u0171r\u0171s\u00e9g\u0171 \u00e9s hosszabb l\u00f6kethossz\u00fa hengerekre lehet sz\u00fcks\u00e9g\u00fck, m\u00edg az \u00e1rap\u00e1ly-g\u00e1taknak nagyobb er\u0151kapacit\u00e1s\u00fa hengerekre van sz\u00fcks\u00e9g\u00fck.<\/li>\n<li><strong>M\u0171k\u00f6d\u00e9si k\u00f6rnyezet:<\/strong> Vegye figyelembe olyan t\u00e9nyez\u0151ket, mint a v\u00edzm\u00e9lys\u00e9g, a s\u00f3tartalom \u00e9s a h\u0151m\u00e9rs\u00e9klet, mivel ezek befoly\u00e1solhatj\u00e1k a hidraulikus hengerek teljes\u00edtm\u00e9ny\u00e9t \u00e9s \u00e9lettartam\u00e1t.<\/li>\n<li><strong>K\u00f6lts\u00e9gvet\u00e9s:<\/strong> Az FMP k\u00fcl\u00f6nf\u00e9le \u00e1rkateg\u00f3ri\u00e1j\u00fa hidraulikus hengereket k\u00edn\u00e1l. Fontos megtal\u00e1lni az egyens\u00falyt a k\u00f6lts\u00e9gvet\u00e9s \u00e9s a sz\u00fcks\u00e9ges min\u0151s\u00e9g \u00e9s teljes\u00edtm\u00e9ny k\u00f6z\u00f6tt.<\/li>\n<\/ol>\n<p>Ha seg\u00edts\u00e9gre van sz\u00fcks\u00e9ge a hull\u00e1m- vagy \u00e1rap\u00e1ly-energiatermel\u0151 projektj\u00e9hez megfelel\u0151 FMP hidraulikus hengerek kiv\u00e1laszt\u00e1s\u00e1ban, forduljon k\u00f6zvetlen\u00fcl az FMP-hez. Tapasztalt m\u00e9rn\u00f6keik k\u00e9szen \u00e1llnak, hogy seg\u00edtsenek \u00d6nnek megtal\u00e1lni az \u00d6n egyedi ig\u00e9nyeire szabott legjobb megold\u00e1sokat.<\/p>\n<p><img loading=\"lazy\" decoding=\"async\" class=\"alignnone size-full wp-image-818\" src=\"https:\/\/fmp-components.com\/wp-content\/uploads\/2024\/12\/Wave-Tide-Power-Generation-Equipment-Hydraulic-Cylinder-Advantages.webp\" alt=\"Hull\u00e1m-\u00e1rap\u00e1ly-energiatermel\u0151-berendez\u00e9sek-hidraulikus-henger-el\u0151ny\u00f6k\" width=\"1000\" height=\"501\" title=\"\" srcset=\"https:\/\/fmp-components.com\/wp-content\/uploads\/2024\/12\/Wave-Tide-Power-Generation-Equipment-Hydraulic-Cylinder-Advantages.webp 1000w, https:\/\/fmp-components.com\/wp-content\/uploads\/2024\/12\/Wave-Tide-Power-Generation-Equipment-Hydraulic-Cylinder-Advantages-980x491.webp 980w, https:\/\/fmp-components.com\/wp-content\/uploads\/2024\/12\/Wave-Tide-Power-Generation-Equipment-Hydraulic-Cylinder-Advantages-480x240.webp 480w\" sizes=\"(min-width: 0px) and (max-width: 480px) 480px, (min-width: 481px) and (max-width: 980px) 980px, (min-width: 981px) 1000px, 100vw\" \/><\/p>\n<h3>Az FMP-r\u0151l<\/h3>\n<p>Az FMP egy speci\u00e1lis g\u00e9pgy\u00e1rt\u00f3 v\u00e1llalat, amely hidraulikus hengerek gy\u00e1rt\u00e1s\u00e1ra specializ\u00e1l\u00f3dott. Megalakul\u00e1sa \u00f3ta a v\u00e1llalat a hidraulikus technol\u00f3gia kutat\u00e1s\u00e1ra \u00e9s gy\u00e1rt\u00e1s\u00e1ra \u00f6sszpontos\u00edt, \u00e9s sikeresen \u00e1tt\u00e9rt a soksz\u00edn\u0171 term\u00e9kk\u00edn\u00e1latr\u00f3l, amely mag\u00e1ban foglalta a betakar\u00edt\u00f3 \u00e9s \u00e9p\u00edt\u0151ipari g\u00e9peket, a mez\u0151gazdas\u00e1gi traktoralkatr\u00e9szekre specializ\u00e1l\u00f3d\u00e1sra. T\u00f6bb mint egy \u00e9vtizedes gy\u00e1rt\u00e1si \u00e9s ir\u00e1ny\u00edt\u00e1si tapasztalattal az FMP fejlett gy\u00e1rt\u00e1si technik\u00e1kkal biztos\u00edtja a kiv\u00e1l\u00f3 min\u0151s\u00e9g\u0171 term\u00e9keket.<\/p>\n<p>A v\u00e1llalat fejl\u0151d\u00e9s\u00e9vel \u00e1tfog\u00f3 megmunk\u00e1l\u00f3 gy\u00e1rt\u00f3sort, \u00f6sszeszerel\u0151 sort \u00e9s bevon\u00f3sort fejlesztett ki. Csapatunk k\u00e9pzett vezet\u0151kb\u0151l, tapasztalt g\u00e9p\u00e9sztervez\u0151kb\u0151l \u00e9s magasan k\u00e9pzett technikusokb\u00f3l \u00e1ll, akik egy\u00fcttm\u0171k\u00f6dve biztos\u00edtj\u00e1k a stabil termel\u00e9si min\u0151s\u00e9get, mik\u00f6zben hat\u00e9konyan ellen\u0151rzik a folyamatok folytonoss\u00e1g\u00e1t \u00e9s hat\u00e9konys\u00e1g\u00e1t.<\/p>\n<p>Az FMP a k\u00f6vetkez\u0151 filoz\u00f3fi\u00e1t vallja: \u201eA technol\u00f3giai innov\u00e1ci\u00f3 hajtja a fejl\u0151d\u00e9st, a min\u0151s\u00e9g teremti a m\u00e1rk\u00e1kat, a szak\u00e9rtelem garant\u00e1lja a min\u0151s\u00e9get, \u00e9s hossz\u00fa t\u00e1v\u00fa, mindenki sz\u00e1m\u00e1ra el\u0151ny\u00f6s kapcsolatokat \u00e9p\u00edt.\u201d Elk\u00f6telezetts\u00e9g\u00fcnk a kiv\u00e1l\u00f3 min\u0151s\u00e9g\u0171 term\u00e9kek \u00e9s a kiv\u00e1l\u00f3 \u00fcgyf\u00e9lszolg\u00e1lat ir\u00e1nt tov\u00e1bbra is alapvet\u0151 c\u00e9lunk, mik\u00f6zben folyamatosan megfelel\u00fcnk a piac v\u00e1ltoz\u00f3 ig\u00e9nyeinek.<\/p>\n<p><img loading=\"lazy\" decoding=\"async\" class=\"alignnone size-full wp-image-426\" src=\"https:\/\/fmp-components.com\/wp-content\/uploads\/2024\/12\/Sanitation-Machinery-Locking-Hydraulic-Cylinder-factory.webp\" sizes=\"(min-width: 0px) and (max-width: 480px) 480px, (min-width: 481px) and (max-width: 980px) 980px, (min-width: 981px) and (max-width: 1280px) 1280px, (min-width: 1281px) 1414px, 100vw\" srcset=\"https:\/\/fmp-components.com\/wp-content\/uploads\/2024\/12\/Sanitation-Machinery-Locking-Hydraulic-Cylinder-factory.webp 1414w, https:\/\/fmp-components.com\/wp-content\/uploads\/2024\/12\/Sanitation-Machinery-Locking-Hydraulic-Cylinder-factory-1280x529.webp 1280w, https:\/\/fmp-components.com\/wp-content\/uploads\/2024\/12\/Sanitation-Machinery-Locking-Hydraulic-Cylinder-factory-980x405.webp 980w, https:\/\/fmp-components.com\/wp-content\/uploads\/2024\/12\/Sanitation-Machinery-Locking-Hydraulic-Cylinder-factory-480x198.webp 480w\" alt=\"Higi\u00e9niai-G\u00e9p-Z\u00e1r\u00f3-Hidraulikus-Henger-gy\u00e1r\" width=\"1414\" height=\"584\" title=\"\"><\/p>\n<p>Szerz\u0151: CX<\/p>","protected":false},"excerpt":{"rendered":"<p>A hull\u00e1m-\/\u00e1rap\u00e1lyenergia-termel\u0151 berendez\u00e9s hidraulikus hengere egy l\u00e9tfontoss\u00e1g\u00fa hidraulikus alkatr\u00e9sz, amelyet az \u00f3ce\u00e1ni hull\u00e1mok \u00e9s az \u00e1rap\u00e1lymozg\u00e1sok energi\u00e1j\u00e1nak hasznos\u00edt\u00e1s\u00e1ra terveztek. Ez a henger kulcsszerepet j\u00e1tszik a v\u00edz mozg\u00e1si energi\u00e1j\u00e1nak mechanikai energi\u00e1v\u00e1 alak\u00edt\u00e1s\u00e1ban, megk\u00f6nny\u00edtve a k\u00fcl\u00f6nf\u00e9le energiatermel\u0151 mechanizmusok m\u0171k\u00f6d\u00e9s\u00e9t. Nagy szil\u00e1rds\u00e1g\u00fa, korr\u00f3zi\u00f3\u00e1ll\u00f3 anyagokb\u00f3l k\u00e9sz\u00fclt, \u00e9s \u00fagy tervezt\u00e9k, hogy ellen\u00e1lljon a zord tengeri k\u00f6rnyezetnek, bele\u00e9rtve a s\u00f3s v\u00edznek val\u00f3 kitetts\u00e9get \u00e9s a sz\u00e9ls\u0151s\u00e9ges id\u0151j\u00e1r\u00e1si viszonyokat. A hidraulikus rendszer lehet\u0151v\u00e9 teszi a sima \u00e9s hat\u00e9kony mozg\u00e1sokat, maximaliz\u00e1lva az energiamegtakar\u00edt\u00e1st, mik\u00f6zben biztos\u00edtja a berendez\u00e9s megb\u00edzhat\u00f3s\u00e1g\u00e1t \u00e9s tart\u00f3ss\u00e1g\u00e1t. Ez a hidraulikus henger elengedhetetlen a hull\u00e1m- \u00e9s \u00e1rap\u00e1lyenergia-rendszerek teljes\u00edtm\u00e9ny\u00e9nek optimaliz\u00e1l\u00e1s\u00e1hoz, jelent\u0151sen hozz\u00e1j\u00e1rulva a fenntarthat\u00f3 \u00e9s meg\u00fajul\u00f3 energiamegold\u00e1sokhoz.<\/p>","protected":false},"featured_media":817,"comment_status":"open","ping_status":"closed","template":"","meta":{"_et_pb_use_builder":"","_et_pb_old_content":"","_et_gb_content_width":""},"product_brand":[],"product_cat":[29],"product_tag":[],"class_list":{"0":"post-816","1":"product","2":"type-product","3":"status-publish","4":"has-post-thumbnail","6":"product_cat-energy-technology-hydraulic-cylinders","8":"first","9":"instock","10":"shipping-taxable","11":"product-type-simple"},"_links":{"self":[{"href":"https:\/\/fmp-components.com\/hu\/wp-json\/wp\/v2\/product\/816","targetHints":{"allow":["GET"]}}],"collection":[{"href":"https:\/\/fmp-components.com\/hu\/wp-json\/wp\/v2\/product"}],"about":[{"href":"https:\/\/fmp-components.com\/hu\/wp-json\/wp\/v2\/types\/product"}],"replies":[{"embeddable":true,"href":"https:\/\/fmp-components.com\/hu\/wp-json\/wp\/v2\/comments?post=816"}],"wp:featuredmedia":[{"embeddable":true,"href":"https:\/\/fmp-components.com\/hu\/wp-json\/wp\/v2\/media\/817"}],"wp:attachment":[{"href":"https:\/\/fmp-components.com\/hu\/wp-json\/wp\/v2\/media?parent=816"}],"wp:term":[{"taxonomy":"product_brand","embeddable":true,"href":"https:\/\/fmp-components.com\/hu\/wp-json\/wp\/v2\/product_brand?post=816"},{"taxonomy":"product_cat","embeddable":true,"href":"https:\/\/fmp-components.com\/hu\/wp-json\/wp\/v2\/product_cat?post=816"},{"taxonomy":"product_tag","embeddable":true,"href":"https:\/\/fmp-components.com\/hu\/wp-json\/wp\/v2\/product_tag?post=816"}],"curies":[{"name":"munkaf\u00fczet","href":"https:\/\/api.w.org\/{rel}","templated":true}]}}