{"id":809,"date":"2024-12-18T07:45:43","date_gmt":"2024-12-18T07:45:43","guid":{"rendered":"https:\/\/fmp-components.com\/?page_id=8"},"modified":"2024-12-18T07:51:27","modified_gmt":"2024-12-18T07:51:27","slug":"desalination-equipment-hydraulic-cylinders","status":"publish","type":"product","link":"https:\/\/fmp-components.com\/hu\/product\/desalination-equipment-hydraulic-cylinders\/","title":{"rendered":"S\u00f3talan\u00edt\u00f3 berendez\u00e9sek hidraulikus hengerei"},"content":{"rendered":"<p style=\"text-align: center;\"><span style=\"font-size: 18pt;\">S\u00f3talan\u00edt\u00f3 berendez\u00e9sek hidraulikus hengerei<\/span><\/p>\n<p>A s\u00f3talan\u00edt\u00f3 berendez\u00e9sek hidraulikus hengerei alapvet\u0151 hidraulikus alkatr\u00e9szek, amelyeket kifejezetten s\u00f3talan\u00edt\u00f3 \u00fczemekben val\u00f3 haszn\u00e1latra terveztek. Ezek a hengerek kritikus szerepet j\u00e1tszanak a v\u00edzkezel\u00e9si folyamatban r\u00e9szt vev\u0151 k\u00fcl\u00f6nf\u00e9le g\u00e9pek, p\u00e9ld\u00e1ul szivatty\u00fak, szelepek \u00e9s sz\u0171r\u0151rendszerek mozg\u00e1s\u00e1nak \u00e9s m\u0171k\u00f6d\u00e9s\u00e9nek megk\u00f6nny\u00edt\u00e9s\u00e9ben.<\/p>\n<h4>F\u0151bb jellemz\u0151k:<\/h4>\n<ul>\n<li><strong>Nagy szil\u00e1rds\u00e1g\u00fa konstrukci\u00f3:<\/strong> Tart\u00f3s, korr\u00f3zi\u00f3\u00e1ll\u00f3 anyagokb\u00f3l k\u00e9sz\u00fcltek, ezek a hidraulikus hengerek \u00fagy vannak kialak\u00edtva, hogy ellen\u00e1lljanak a s\u00f3talan\u00edt\u00e1si m\u0171veletekre jellemz\u0151 zord k\u00f6rnyezeti hat\u00e1soknak, bele\u00e9rtve a s\u00f3s vizet \u00e9s a nagy nyom\u00e1st.<\/li>\n<li><strong>Megb\u00edzhat\u00f3 teljes\u00edtm\u00e9ny:<\/strong> A nagy hat\u00e9konys\u00e1gra tervezett hengerek \u00e1lland\u00f3 \u00e9s nagy teljes\u00edtm\u00e9ny\u0171 hidraulikus er\u0151t biztos\u00edtanak, biztos\u00edtva a s\u00f3talan\u00edt\u00f3 berendez\u00e9sek hat\u00e9kony m\u0171k\u00f6d\u00e9s\u00e9t \u00e9s hozz\u00e1j\u00e1rulva a v\u00edzkezel\u00e9si folyamat \u00e1ltal\u00e1nos megb\u00edzhat\u00f3s\u00e1g\u00e1hoz.<\/li>\n<li><strong>Prec\u00edz vez\u00e9rl\u00e9s:<\/strong> A hidraulikus kialak\u00edt\u00e1s lehet\u0151v\u00e9 teszi a sima \u00e9s pontos be\u00e1ll\u00edt\u00e1sokat, n\u00f6velve a szelepek \u00e9s szivatty\u00fak m\u0171k\u00f6d\u00e9si hat\u00e9konys\u00e1g\u00e1t, ami kulcsfontoss\u00e1g\u00fa a v\u00edz\u00e1raml\u00e1s \u00e9s a kezel\u00e9si folyamatok optimaliz\u00e1l\u00e1s\u00e1hoz.<\/li>\n<li><strong>Sokoldal\u00fa alkalmaz\u00e1s:<\/strong> K\u00fcl\u00f6nb\u00f6z\u0151 s\u00f3talan\u00edt\u00e1si technol\u00f3gi\u00e1khoz, bele\u00e9rtve a ford\u00edtott ozm\u00f3zist \u00e9s a t\u00f6bbl\u00e9pcs\u0151s flash desztill\u00e1ci\u00f3t is, alkalmasak, ezek a hidraulikus hengerek alkalmazkodnak a k\u00fcl\u00f6nb\u00f6z\u0151 m\u0171k\u00f6d\u00e9si ig\u00e9nyekhez, \u00edgy sokoldal\u00faan haszn\u00e1lhat\u00f3k k\u00fcl\u00f6nf\u00e9le alkalmaz\u00e1sokhoz.<\/li>\n<li><strong>Alacsony karbantart\u00e1si ig\u00e9ny:<\/strong> Minim\u00e1lis kop\u00e1sra \u00e9s elhaszn\u00e1l\u00f3d\u00e1sra tervezett palackok cs\u00f6kkentik a gyakori karbantart\u00e1s sz\u00fcks\u00e9gess\u00e9g\u00e9t, hozz\u00e1j\u00e1rulva az alacsonyabb \u00fczemeltet\u00e9si k\u00f6lts\u00e9gekhez \u00e9s a s\u00f3talan\u00edt\u00f3 l\u00e9tes\u00edtm\u00e9nyek termel\u00e9kenys\u00e9g\u00e9nek n\u00f6veked\u00e9s\u00e9hez.<\/li>\n<\/ul>\n<p>\u00d6sszefoglalva, a s\u00f3talan\u00edt\u00f3 berendez\u00e9sek hidraulikus hengerei l\u00e9tfontoss\u00e1g\u00fa alkatr\u00e9szek, amelyek optimaliz\u00e1lj\u00e1k a s\u00f3talan\u00edt\u00f3 \u00fczemek teljes\u00edtm\u00e9ny\u00e9t \u00e9s hat\u00e9konys\u00e1g\u00e1t, jelent\u0151sen n\u00f6velve azok hat\u00e9konys\u00e1g\u00e1t a tengerv\u00edzb\u0151l t\u00f6rt\u00e9n\u0151 friss v\u00edz el\u0151\u00e1ll\u00edt\u00e1s\u00e1ban \u00e9s a fenntarthat\u00f3 v\u00edzk\u00e9szlet-gazd\u00e1lkod\u00e1s biztos\u00edt\u00e1s\u00e1ban.<\/p>\n<h2>S\u00f3talan\u00edt\u00f3 berendez\u00e9s hidraulikus henger<\/h2>\n<table style=\"width: 98.4268%; height: 316px;\" border=\"1\" cellspacing=\"0\" cellpadding=\"0\">\n<tbody>\n<tr>\n<td>Term\u00e9k neve<\/td>\n<td>Hidraulikus hengerek s\u00f3talan\u00edt\u00f3 berendez\u00e9sekhez<\/td>\n<\/tr>\n<tr>\n<td>Jellemz\u0151k:<\/td>\n<td>Kivonja \u00e9s \u00f6sszenyomja a tengervizet, majd a sz\u0171r\u0151berendez\u00e9sbe juttatja.<\/td>\n<\/tr>\n<tr>\n<td>Furat\u00e1tm\u00e9r\u0151:<\/td>\n<td>Ak\u00e1r 300 mm-ig<\/td>\n<\/tr>\n<tr>\n<td>R\u00fad \u00e1tm\u00e9r\u0151je:<\/td>\n<td>Ak\u00e1r 185 mm<br \/>\nL\u00f6ket ak\u00e1r 1000 mm<\/td>\n<\/tr>\n<tr>\n<td>\u00dczemi h\u0151m\u00e9rs\u00e9klet:<\/td>\n<td>-20~30 \u2103<\/td>\n<\/tr>\n<tr>\n<td>Munkasebess\u00e9g:<\/td>\n<td>ak\u00e1r 110 mm\/s<\/td>\n<\/tr>\n<tr>\n<td>M\u0171k\u00f6d\u00e9si frekvencia:<\/td>\n<td>24 \u00f3ra<\/td>\n<\/tr>\n<tr>\n<td>Bels\u0151 \u00e9s k\u00fcls\u0151 sziv\u00e1rg\u00e1s:<\/td>\n<td>&lt; 5 ml\/perc<\/td>\n<\/tr>\n<tr>\n<td>Nyom\u00e1s:<\/td>\n<td>ak\u00e1r 11 MPa<br \/>\nkezd\u0151nyom\u00e1s &lt;0,1 MPa<\/td>\n<\/tr>\n<tr>\n<td>Alkalmaz\u00e1sok:<\/td>\n<td>S\u00f3talan\u00edt\u00f3 berendez\u00e9sek<\/td>\n<\/tr>\n<\/tbody>\n<\/table>\n<h2>S\u00f3talan\u00edt\u00f3 berendez\u00e9sek hidraulikus henger\u00e9nek tervez\u00e9si jellemz\u0151i<\/h2>\n<ul>\n<li><strong>Korr\u00f3zi\u00f3\u00e1ll\u00f3s\u00e1g:<\/strong> Duplex rozsdamentes ac\u00e9lb\u00f3l, hegeszt\u00e9sek n\u00e9lk\u00fcl k\u00e9sz\u00fclt, ez a kialak\u00edt\u00e1s hat\u00e9konyan ellen\u00e1ll a tengerv\u00edz korr\u00f3zi\u00f3j\u00e1nak, biztos\u00edtva a hossz\u00fa \u00e9lettartamot \u00e9s a megb\u00edzhat\u00f3s\u00e1got.<\/li>\n<li><strong>Fokozott tart\u00f3ss\u00e1g:<\/strong> A hidraulikus henger hengere \u00e9s dugatty\u00far\u00fadja ker\u00e1mia fest\u00e9kkel van bevonva, ami fokozott fel\u00fcleti kop\u00e1s\u00e1ll\u00f3s\u00e1got \u00e9s \u00e1ltal\u00e1nos tart\u00f3ss\u00e1got biztos\u00edt.<\/li>\n<li><strong>Testreszabott t\u00f6m\u00edt\u00e9s:<\/strong> Speci\u00e1lis t\u00f6m\u00edt\u00e9si konfigur\u00e1ci\u00f3kat \u00e9s anyagokat alkalmaznak a mikrob\u00e1k \u00e9s a finom homok tengerv\u00edzb\u0151l t\u00f6rt\u00e9n\u0151 hat\u00e9kony elt\u00e1vol\u00edt\u00e1s\u00e1ra, maximaliz\u00e1lva a t\u00f6m\u00edt\u00e9sek megb\u00edzhat\u00f3s\u00e1g\u00e1t \u00e9s \u00e9lettartam\u00e1t.<\/li>\n<li><strong>Optimaliz\u00e1lt szelepkialak\u00edt\u00e1s:<\/strong> A hidraulikus henger speci\u00e1lisan kialak\u00edtott tengerv\u00edz be- \u00e9s kimeneti szeleppel rendelkezik, amely biztos\u00edtja a tengerv\u00edz hat\u00e9kony sz\u00e1ll\u00edt\u00e1s\u00e1t.<\/li>\n<li><strong>Tiszta \u00f6sszeszerel\u00e9si folyamat:<\/strong> Az egyed\u00fcl\u00e1ll\u00f3 \u00f6sszeszerel\u00e9si \u00e9s zs\u00edrtalan\u00edt\u00e1si elj\u00e1r\u00e1s biztos\u00edtja, hogy a hidraulikus henger mentes legyen az olajfoltokt\u00f3l, \u00edgy biztos\u00edtva az optim\u00e1lis teljes\u00edtm\u00e9nyt \u00e9s tisztas\u00e1got.<\/li>\n<\/ul>\n<p><img loading=\"lazy\" decoding=\"async\" class=\"wp-image-813 aligncenter\" src=\"https:\/\/fmp-components.com\/wp-content\/uploads\/2024\/12\/Hydraulic-Cylinders-in-Desalination-Equipment-Benefits.webp\" alt=\"Hidraulikus hengerek s\u00f3talan\u00edt\u00f3 berendez\u00e9sekben - el\u0151nyei\" width=\"814\" height=\"407\" title=\"\"><\/p>\n<h2>A hidraulikus hengerek el\u0151nyei a s\u00f3talan\u00edt\u00f3 berendez\u00e9sekben<\/h2>\n<p>A hidraulikus hengerek sz\u00e1mos el\u0151nnyel j\u00e1rnak a s\u00f3talan\u00edt\u00f3 berendez\u00e9sek sz\u00e1m\u00e1ra, t\u00f6bbek k\u00f6z\u00f6tt:<\/p>\n<ol>\n<li><strong>Magas teljes\u00edtm\u00e9ny-t\u00f6meg ar\u00e1ny:<\/strong> Ezek a hengerek jelent\u0151s er\u0151t biztos\u00edtanak, mik\u00f6zben viszonylag k\u00f6nny\u0171ek maradnak, ami kulcsfontoss\u00e1g\u00fa a s\u00f3talan\u00edt\u00f3 rendszerekn\u00e9l, amelyeknek neh\u00e9z alkatr\u00e9szeket, p\u00e9ld\u00e1ul RO membr\u00e1nokat \u00e9s s\u00f3oldatgy\u0171jt\u0151ket kell sz\u00e1ll\u00edtaniuk.<\/li>\n<li><strong>V\u00e1ltoztathat\u00f3 sebess\u00e9gszab\u00e1lyoz\u00e1s:<\/strong> A hidraulikus hengerek k\u00fcl\u00f6nb\u00f6z\u0151 sebess\u00e9ggel mozgathat\u00f3k, ami lehet\u0151v\u00e9 teszi a s\u00f3talan\u00edt\u00e1si folyamatok, p\u00e9ld\u00e1ul a s\u00f3oldat kil\u00f6k\u0151d\u00e9s\u00e9nek sebess\u00e9g\u00e9nek \u00e9s a membr\u00e1ntiszt\u00edt\u00e1s sebess\u00e9g\u00e9nek pontos szab\u00e1lyoz\u00e1s\u00e1t.<\/li>\n<li><strong>Pozicion\u00e1l\u00e1si pontoss\u00e1g:<\/strong> Lehet\u0151v\u00e9 teszik a berendez\u00e9salkatr\u00e9szek nagy pontoss\u00e1g\u00fa pozicion\u00e1l\u00e1s\u00e1t, biztos\u00edtva az optim\u00e1lis m\u0171k\u00f6d\u00e9st \u00e9s hat\u00e9konys\u00e1got a s\u00f3talan\u00edt\u00e1si folyamatokban.<\/li>\n<li><strong>Hat\u00e9kony energiafelhaszn\u00e1l\u00e1s:<\/strong> A hidraulikus rendszerek energiahat\u00e9konys\u00e1gukr\u00f3l ismertek, ami elengedhetetlen a folyamatosan m\u0171k\u00f6d\u0151 s\u00f3talan\u00edt\u00f3 \u00fczemekhez.<\/li>\n<li><strong>Tart\u00f3ss\u00e1g \u00e9s megb\u00edzhat\u00f3s\u00e1g:<\/strong> A hidraulikus hengerek robusztusak \u00e9s megb\u00edzhat\u00f3ak, \u00e9s k\u00e9pesek ellen\u00e1llni a s\u00f3talan\u00edt\u00f3 l\u00e9tes\u00edtm\u00e9nyekre jellemz\u0151 zord k\u00f6r\u00fclm\u00e9nyeknek, bele\u00e9rtve a magas h\u0151m\u00e9rs\u00e9kletet \u00e9s a korroz\u00edv vegyszereknek val\u00f3 kitetts\u00e9get.<\/li>\n<\/ol>\n<p><img loading=\"lazy\" decoding=\"async\" class=\"alignnone  wp-image-814\" src=\"https:\/\/fmp-components.com\/wp-content\/uploads\/2024\/12\/Desalination-Equipment-Hydraulic-Cylinder.webp\" alt=\"S\u00f3talan\u00edt\u00f3 berendez\u00e9s-hidraulikus henger\" width=\"900\" height=\"451\" title=\"\"><\/p>\n<h3>Az FMP-r\u0151l<\/h3>\n<p>Az FMP egy speci\u00e1lis g\u00e9pgy\u00e1rt\u00f3 v\u00e1llalat, amely hidraulikus hengerek gy\u00e1rt\u00e1s\u00e1ra specializ\u00e1l\u00f3dott. Megalakul\u00e1sa \u00f3ta a v\u00e1llalat a hidraulikus technol\u00f3gia kutat\u00e1s\u00e1ra \u00e9s gy\u00e1rt\u00e1s\u00e1ra \u00f6sszpontos\u00edt, \u00e9s sikeresen \u00e1tt\u00e9rt a soksz\u00edn\u0171 term\u00e9kk\u00edn\u00e1latr\u00f3l, amely mag\u00e1ban foglalta a betakar\u00edt\u00f3 \u00e9s \u00e9p\u00edt\u0151ipari g\u00e9peket, a mez\u0151gazdas\u00e1gi traktoralkatr\u00e9szekre specializ\u00e1l\u00f3d\u00e1sra. T\u00f6bb mint egy \u00e9vtizedes gy\u00e1rt\u00e1si \u00e9s ir\u00e1ny\u00edt\u00e1si tapasztalattal az FMP fejlett gy\u00e1rt\u00e1si technik\u00e1kkal biztos\u00edtja a kiv\u00e1l\u00f3 min\u0151s\u00e9g\u0171 term\u00e9keket.<\/p>\n<p>A v\u00e1llalat fejl\u0151d\u00e9s\u00e9vel \u00e1tfog\u00f3 megmunk\u00e1l\u00f3 gy\u00e1rt\u00f3sort, \u00f6sszeszerel\u0151 sort \u00e9s bevon\u00f3sort fejlesztett ki. Csapatunk k\u00e9pzett vezet\u0151kb\u0151l, tapasztalt g\u00e9p\u00e9sztervez\u0151kb\u0151l \u00e9s magasan k\u00e9pzett technikusokb\u00f3l \u00e1ll, akik egy\u00fcttm\u0171k\u00f6dve biztos\u00edtj\u00e1k a stabil termel\u00e9si min\u0151s\u00e9get, mik\u00f6zben hat\u00e9konyan ellen\u0151rzik a folyamatok folytonoss\u00e1g\u00e1t \u00e9s hat\u00e9konys\u00e1g\u00e1t.<\/p>\n<p>Az FMP a k\u00f6vetkez\u0151 filoz\u00f3fi\u00e1t vallja: \u201eA technol\u00f3giai innov\u00e1ci\u00f3 hajtja a fejl\u0151d\u00e9st, a min\u0151s\u00e9g teremti a m\u00e1rk\u00e1kat, a szak\u00e9rtelem garant\u00e1lja a min\u0151s\u00e9get, \u00e9s hossz\u00fa t\u00e1v\u00fa, mindenki sz\u00e1m\u00e1ra el\u0151ny\u00f6s kapcsolatokat \u00e9p\u00edt.\u201d Elk\u00f6telezetts\u00e9g\u00fcnk a kiv\u00e1l\u00f3 min\u0151s\u00e9g\u0171 term\u00e9kek \u00e9s a kiv\u00e1l\u00f3 \u00fcgyf\u00e9lszolg\u00e1lat ir\u00e1nt tov\u00e1bbra is alapvet\u0151 c\u00e9lunk, mik\u00f6zben folyamatosan megfelel\u00fcnk a piac v\u00e1ltoz\u00f3 ig\u00e9nyeinek.<\/p>\n<p><img loading=\"lazy\" decoding=\"async\" class=\"alignnone size-full wp-image-426\" src=\"https:\/\/fmp-components.com\/wp-content\/uploads\/2024\/12\/Sanitation-Machinery-Locking-Hydraulic-Cylinder-factory.webp\" sizes=\"(min-width: 0px) and (max-width: 480px) 480px, (min-width: 481px) and (max-width: 980px) 980px, (min-width: 981px) and (max-width: 1280px) 1280px, (min-width: 1281px) 1414px, 100vw\" srcset=\"https:\/\/fmp-components.com\/wp-content\/uploads\/2024\/12\/Sanitation-Machinery-Locking-Hydraulic-Cylinder-factory.webp 1414w, https:\/\/fmp-components.com\/wp-content\/uploads\/2024\/12\/Sanitation-Machinery-Locking-Hydraulic-Cylinder-factory-1280x529.webp 1280w, https:\/\/fmp-components.com\/wp-content\/uploads\/2024\/12\/Sanitation-Machinery-Locking-Hydraulic-Cylinder-factory-980x405.webp 980w, https:\/\/fmp-components.com\/wp-content\/uploads\/2024\/12\/Sanitation-Machinery-Locking-Hydraulic-Cylinder-factory-480x198.webp 480w\" alt=\"Higi\u00e9niai-G\u00e9p-Z\u00e1r\u00f3-Hidraulikus-Henger-gy\u00e1r\" width=\"1414\" height=\"584\" title=\"\"><\/p>\n<p>Szerz\u0151: CX<\/p>\n<p>&nbsp;<\/p>","protected":false},"excerpt":{"rendered":"<p>A s\u00f3talan\u00edt\u00f3 berendez\u00e9sek hidraulikus hengerei kritikus fontoss\u00e1g\u00fa alkatr\u00e9szek, amelyeket a s\u00f3talan\u00edt\u00f3 \u00fczemekben haszn\u00e1lnak a v\u00edzkezel\u00e9si folyamatban r\u00e9szt vev\u0151 k\u00fcl\u00f6nf\u00e9le g\u00e9pek mozg\u00e1s\u00e1nak \u00e9s m\u0171k\u00f6dtet\u00e9s\u00e9nek megk\u00f6nny\u00edt\u00e9s\u00e9re. Ezek a hidraulikus hengerek biztos\u00edtj\u00e1k a sz\u00fcks\u00e9ges er\u0151t a szelepek, szivatty\u00fak \u00e9s egy\u00e9b berendez\u00e9sek vez\u00e9rl\u00e9s\u00e9hez, biztos\u00edtva a tengerv\u00edz \u00e9desv\u00edzz\u00e9 alak\u00edt\u00e1s\u00e1nak hat\u00e9kony m\u0171k\u00f6d\u00e9s\u00e9t. Nagy szil\u00e1rds\u00e1g\u00fa, korr\u00f3zi\u00f3\u00e1ll\u00f3 anyagokb\u00f3l k\u00e9sz\u00fcltek, \u00e9s \u00fagy tervezt\u00e9k \u0151ket, hogy ellen\u00e1lljanak a s\u00f3talan\u00edt\u00f3 k\u00f6rnyezetre jellemz\u0151 zord k\u00f6r\u00fclm\u00e9nyeknek, bele\u00e9rtve a s\u00f3s v\u00edznek \u00e9s a nagy nyom\u00e1snak val\u00f3 kitetts\u00e9get. A sima hidraulikus m\u0171k\u00f6d\u00e9s lehet\u0151v\u00e9 teszi a prec\u00edz vez\u00e9rl\u00e9st \u00e9s be\u00e1ll\u00edt\u00e1st, n\u00f6velve a s\u00f3talan\u00edt\u00e1si folyamat \u00e1ltal\u00e1nos hat\u00e9konys\u00e1g\u00e1t \u00e9s megb\u00edzhat\u00f3s\u00e1g\u00e1t. Ezek a hidraulikus hengerek l\u00e9tfontoss\u00e1g\u00fa szerepet j\u00e1tszanak a s\u00f3talan\u00edt\u00f3 berendez\u00e9sek teljes\u00edtm\u00e9ny\u00e9nek optimaliz\u00e1l\u00e1s\u00e1ban, jelent\u0151sen hozz\u00e1j\u00e1rulva a hat\u00e9kony v\u00edzk\u00e9szlet-gazd\u00e1lkod\u00e1shoz.<\/p>","protected":false},"featured_media":812,"comment_status":"open","ping_status":"closed","template":"","meta":{"_et_pb_use_builder":"","_et_pb_old_content":"","_et_gb_content_width":""},"product_brand":[],"product_cat":[29],"product_tag":[],"class_list":{"0":"post-809","1":"product","2":"type-product","3":"status-publish","4":"has-post-thumbnail","6":"product_cat-energy-technology-hydraulic-cylinders","8":"first","9":"instock","10":"shipping-taxable","11":"product-type-simple"},"_links":{"self":[{"href":"https:\/\/fmp-components.com\/hu\/wp-json\/wp\/v2\/product\/809","targetHints":{"allow":["GET"]}}],"collection":[{"href":"https:\/\/fmp-components.com\/hu\/wp-json\/wp\/v2\/product"}],"about":[{"href":"https:\/\/fmp-components.com\/hu\/wp-json\/wp\/v2\/types\/product"}],"replies":[{"embeddable":true,"href":"https:\/\/fmp-components.com\/hu\/wp-json\/wp\/v2\/comments?post=809"}],"wp:featuredmedia":[{"embeddable":true,"href":"https:\/\/fmp-components.com\/hu\/wp-json\/wp\/v2\/media\/812"}],"wp:attachment":[{"href":"https:\/\/fmp-components.com\/hu\/wp-json\/wp\/v2\/media?parent=809"}],"wp:term":[{"taxonomy":"product_brand","embeddable":true,"href":"https:\/\/fmp-components.com\/hu\/wp-json\/wp\/v2\/product_brand?post=809"},{"taxonomy":"product_cat","embeddable":true,"href":"https:\/\/fmp-components.com\/hu\/wp-json\/wp\/v2\/product_cat?post=809"},{"taxonomy":"product_tag","embeddable":true,"href":"https:\/\/fmp-components.com\/hu\/wp-json\/wp\/v2\/product_tag?post=809"}],"curies":[{"name":"munkaf\u00fczet","href":"https:\/\/api.w.org\/{rel}","templated":true}]}}