{"id":7992,"date":"2025-04-15T03:11:58","date_gmt":"2025-04-15T03:11:58","guid":{"rendered":"https:\/\/fmp-components.com\/?post_type=product&#038;p=7992"},"modified":"2025-04-15T03:37:35","modified_gmt":"2025-04-15T03:37:35","slug":"plastic-planetary-gear","status":"publish","type":"product","link":"https:\/\/fmp-components.com\/hu\/product\/plastic-planetary-gear\/","title":{"rendered":"M\u0171anyag bolyg\u00f3kerekes hajt\u00f3m\u0171"},"content":{"rendered":"<h2>M\u0171anyag bolyg\u00f3kerekes fogaskerekek: Prec\u00edzi\u00f3 \u00e9s hat\u00e9konys\u00e1g<\/h2>\n<p>A m\u0171anyag bolyg\u00f3kerekes fogaskerekek a modern g\u00e9p\u00e9szet sarokk\u00f6vei, kompakt, hat\u00e9kony \u00e9s sokoldal\u00fa megold\u00e1st k\u00edn\u00e1lva a nyomat\u00e9k\u00e1tvitelre \u00e9s a mozg\u00e1svez\u00e9rl\u00e9sre. Egy k\u00f6zponti napker\u00e9kb\u0151l, t\u00f6bb bolyg\u00f3kerekes fogasker\u00e9kb\u0151l \u00e9s egy k\u00fcls\u0151 gy\u0171r\u0171s fogasker\u00e9kb\u0151l \u00e1ll\u00f3 hajt\u00f3m\u0171rendszerek nagy \u00e1tt\u00e9tel\u0171 \u00e1tt\u00e9telt biztos\u00edtanak kis helyig\u00e9ny mellett. Olaszorsz\u00e1gban a v\u00e1rosi ipari \u00e1gazatok a m\u0171anyag bolyg\u00f3kerekes fogaskerekekre t\u00e1maszkodnak k\u00f6nny\u0171 s\u00falyuk, alacsony zajszintj\u00fck \u00e9s k\u00f6lts\u00e9ghat\u00e9konys\u00e1guk miatt, \u00edgy ide\u00e1lisak sz\u00e9les k\u00f6r\u0171 alkalmaz\u00e1sokhoz, a robotik\u00e1t\u00f3l az aut\u00f3ipari rendszerekig.<\/p>\n<p>A kiv\u00e1l\u00f3 min\u0151s\u00e9g\u0171 anyagokb\u00f3l, p\u00e9ld\u00e1ul nejlonb\u00f3l, polioximetil\u00e9nb\u0151l \u00e9s m\u00e1s fejlett m\u0171anyagokb\u00f3l k\u00e9sz\u00fclt m\u0171anyag bolyg\u00f3kerekes fogaskerekek kiv\u00e9teles tart\u00f3ss\u00e1got \u00e9s teljes\u00edtm\u00e9nyt ny\u00fajtanak. A hagyom\u00e1nyos f\u00e9m fogaskerekekkel ellent\u00e9tben ezek a m\u0171anyag rendszerek egyedi el\u0151ny\u00f6ket k\u00edn\u00e1lnak, amelyek megfelelnek a modern technol\u00f3gia k\u00f6vetelm\u00e9nyeinek, k\u00fcl\u00f6n\u00f6sen olyan k\u00f6rnyezetben, ahol a s\u00faly, a zaj \u00e9s a korr\u00f3zi\u00f3\u00e1ll\u00f3s\u00e1g kritikus fontoss\u00e1g\u00fa.<\/p>\n<p><img loading=\"lazy\" decoding=\"async\" class=\"size-full wp-image-8002 aligncenter\" src=\"https:\/\/fmp-components.com\/wp-content\/uploads\/2025\/04\/plastic-planetary-gear-product-1.webp\" alt=\"m\u0171anyag bolyg\u00f3kerekes hajt\u00f3m\u0171 term\u00e9k\" width=\"750\" height=\"1288\" title=\"\" srcset=\"https:\/\/fmp-components.com\/wp-content\/uploads\/2025\/04\/plastic-planetary-gear-product-1.webp 750w, https:\/\/fmp-components.com\/wp-content\/uploads\/2025\/04\/plastic-planetary-gear-product-1-480x824.webp 480w\" sizes=\"(min-width: 0px) and (max-width: 480px) 480px, (min-width: 481px) 750px, 100vw\" \/><\/p>\n<div>\n<div>\n<h3 dir=\"auto\">A m\u0171anyag bolyg\u00f3kerekes fogaskerekek el\u0151nyei<\/h3>\n<h4 dir=\"auto\">K\u00f6nny\u0171 \u00e9s kompakt kialak\u00edt\u00e1s<\/h4>\n<p class=\"break-words\" dir=\"auto\">A m\u0171anyag bolyg\u00f3kerekes fogaskerekek egyik kiemelked\u0151 tulajdons\u00e1ga a k\u00f6nny\u0171 szerkezet\u00fck. A k\u00fcls\u0151 gy\u0171r\u0171h\u00f6z haszn\u00e1lt m\u0171anyagnak, a bels\u0151 alkatr\u00e9szekhez pedig szinterezett f\u00e9mmel val\u00f3 kombin\u00e1ci\u00f3j\u00e1nak k\u00f6sz\u00f6nhet\u0151en ezek a fogaskerekek jelent\u0151sen cs\u00f6kkentik a s\u00falyukat a f\u00e9m alternat\u00edv\u00e1khoz k\u00e9pest. Ez ide\u00e1liss\u00e1 teszi \u0151ket olyan alkalmaz\u00e1sokhoz, ahol a s\u00faly minimaliz\u00e1l\u00e1sa kritikus fontoss\u00e1g\u00fa, p\u00e9ld\u00e1ul hordozhat\u00f3 eszk\u00f6z\u00f6k vagy helysz\u0171k\u00e9ben l\u00e9v\u0151 berendez\u00e9sek eset\u00e9n.<\/p>\n<h4 dir=\"auto\">Alacsony zajszint \u00e9s rezg\u00e9s<\/h4>\n<p class=\"break-words\" dir=\"auto\">A m\u0171anyag bolyg\u00f3kerekes fogaskerekek kiv\u00e1l\u00f3an cs\u00f6kkentik a zajt \u00e9s a rezg\u00e9st a m\u0171anyagok csillap\u00edt\u00f3 tulajdons\u00e1gainak k\u00f6sz\u00f6nhet\u0151en. Ez a tulajdons\u00e1g k\u00fcl\u00f6n\u00f6sen \u00e9rt\u00e9kes az olyan \u00e1gazatokban, mint az orvosi berendez\u00e9sek \u00e9s a sz\u00f3rakoztat\u00f3 elektronika, ahol a csendes m\u0171k\u00f6d\u00e9s fokozza a felhaszn\u00e1l\u00f3i \u00e9lm\u00e9nyt \u00e9s a munkahelyi biztons\u00e1got.<\/p>\n<h4 dir=\"auto\">Korr\u00f3zi\u00f3\u00e1ll\u00f3s\u00e1g<\/h4>\n<p class=\"break-words\" dir=\"auto\">A f\u00e9m fogaskerekekkel ellent\u00e9tben a m\u0171anyag bolyg\u00f3kerekes fogaskerekek ken\u00e9s n\u00e9lk\u00fcl is ellen\u00e1llnak a korr\u00f3zi\u00f3nak. Ez alkalmass\u00e1 teszi \u0151ket zord k\u00f6rnyezeti k\u00f6r\u00fclm\u00e9nyekre, p\u00e9ld\u00e1ul vegyipari feldolgoz\u00e1sra vagy p\u00e1r\u00e1s k\u00f6r\u00fclm\u00e9nyekre, biztos\u00edtva a megb\u00edzhat\u00f3 teljes\u00edtm\u00e9nyt a k\u00fcl\u00f6nb\u00f6z\u0151 ipar\u00e1gakban.<\/p>\n<h4 dir=\"auto\">K\u00f6lts\u00e9ghat\u00e9kony megold\u00e1s<\/h4>\n<p class=\"break-words\" dir=\"auto\">A m\u0171anyag fogaskerekek gy\u00e1rt\u00e1sa \u00e1ltal\u00e1ban megfizethet\u0151bb, mint a f\u00e9m fogaskerekek\u00e9, \u00edgy k\u00f6lts\u00e9ghat\u00e9kony megold\u00e1st k\u00edn\u00e1lnak a gy\u00e1rt\u00f3k sz\u00e1m\u00e1ra. Alacsonyabb gy\u00e1rt\u00e1si k\u00f6lts\u00e9g\u00fck nem vesz\u00e9lyezteti a min\u0151s\u00e9get, \u00edgy okos v\u00e1laszt\u00e1st jelentenek a k\u00f6lts\u00e9gvet\u00e9studatos v\u00e1llalkoz\u00e1sok sz\u00e1m\u00e1ra, amelyek nagy teljes\u00edtm\u00e9nyt keresnek.<\/p>\n<h4 dir=\"auto\">Testreszabhat\u00f3s\u00e1g \u00e9s rugalmass\u00e1g<\/h4>\n<p class=\"break-words\" dir=\"auto\">A m\u0171anyag bolyg\u00f3kerekes fogaskerekek \u00f6sszetett form\u00e1kra \u00f6nthet\u0151k, lehet\u0151v\u00e9 t\u00e9ve az egyedi ig\u00e9nyeknek megfelel\u0151, testreszabott kialak\u00edt\u00e1st. Ak\u00e1r \u00e1tt\u00e9telekr\u0151l, m\u00e9retekr\u0151l vagy nyomat\u00e9kkapacit\u00e1sr\u00f3l van sz\u00f3, ez a rugalmass\u00e1g optimaliz\u00e1lja a teljes\u00edtm\u00e9nyt az egyedi alkalmaz\u00e1sokhoz.<\/p>\n<h4 dir=\"auto\">Nem m\u00e1gneses tulajdons\u00e1gok<\/h4>\n<p class=\"break-words\" dir=\"auto\">A m\u0171anyag fogaskerekek nem m\u00e1gneses jellege kulcsfontoss\u00e1g\u00fa el\u0151nyt jelent az \u00e9rz\u00e9keny alkalmaz\u00e1sokban, p\u00e9ld\u00e1ul orvosi k\u00e9palkot\u00f3 eszk\u00f6z\u00f6kben vagy elektronikus berendez\u00e9sekben. Ez a tulajdons\u00e1g minim\u00e1lis interferenci\u00e1t biztos\u00edt, t\u00e1mogatva a prec\u00edzi\u00f3t a high-tech ipar\u00e1gakban.<\/p>\n<h3 dir=\"auto\">M\u0171anyag bolyg\u00f3kerekes fogaskerekek alkalmaz\u00e1sai<\/h3>\n<p class=\"break-words\" dir=\"auto\">A m\u0171anyag bolyg\u00f3kerekes fogaskerekek sz\u00e1mos ipar\u00e1g szerves r\u00e9sz\u00e9t k\u00e9pezik, megb\u00edzhat\u00f3 mozg\u00e1svez\u00e9rl\u00e9st \u00e9s nyomat\u00e9k\u00e1tvitelt biztos\u00edtva:<\/p>\n<ul class=\"marker:text-secondary\" dir=\"auto\">\n<li class=\"break-words\"><strong>Robotika<\/strong>A m\u0171anyag bolyg\u00f3kerekes fogaskerekek prec\u00edz mozg\u00e1sokat hajtanak v\u00e9gre a robotikai rendszerekben, n\u00f6velve ezzel a hat\u00e9konys\u00e1got az automatiz\u00e1l\u00e1si alkalmaz\u00e1sokban.<\/li>\n<li class=\"break-words\"><strong>Aut\u00f3ipar<\/strong>A k\u00f6nny\u0171 fogaskerekek t\u00e1mogatj\u00e1k az elektromos j\u00e1rm\u0171alkatr\u00e9szek kompakt kialak\u00edt\u00e1s\u00e1t, hozz\u00e1j\u00e1rulva az innovat\u00edv aut\u00f3ipari megold\u00e1sokhoz.<\/li>\n<li class=\"break-words\"><strong>H\u00e1ztart\u00e1si g\u00e9pek<\/strong>A m\u0171anyag fogaskerekek biztos\u00edtj\u00e1k a mos\u00f3g\u00e9pekhez \u00e9s turmixg\u00e9pekhez hasonl\u00f3 k\u00e9sz\u00fcl\u00e9kek z\u00f6kken\u0151mentes m\u0171k\u00f6d\u00e9s\u00e9t, \u00e9s \u00e1lland\u00f3 teljes\u00edtm\u00e9nyt ny\u00fajtanak.<\/li>\n<li class=\"break-words\"><strong>Orvosi berendez\u00e9sek<\/strong>A korr\u00f3zi\u00f3\u00e1ll\u00f3 fogaskerekek l\u00e9tfontoss\u00e1g\u00faak az orvostechnikai eszk\u00f6z\u00f6kn\u00e9l, ahol a megb\u00edzhat\u00f3s\u00e1g \u00e9s a tart\u00f3ss\u00e1g elengedhetetlen.<\/li>\n<li class=\"break-words\"><strong>Irodai berendez\u00e9sek<\/strong>A nyomtat\u00f3kt\u00f3l a f\u00e9nym\u00e1sol\u00f3kig a m\u0171anyag bolyg\u00f3kerekes fogaskerekek megb\u00edzhat\u00f3 teljes\u00edtm\u00e9nyt ny\u00fajtanak a kereskedelmi alkalmaz\u00e1sokban.<\/li>\n<\/ul>\n<p class=\"break-words\" dir=\"auto\">Ezek az alkalmaz\u00e1sok kiemelik a m\u0171anyag bolyg\u00f3kerekes fogaskerekek sokoldal\u00fas\u00e1g\u00e1t, amelyek prec\u00edzi\u00f3s \u00e9s tart\u00f3s megold\u00e1st k\u00edn\u00e1lnak a k\u00fcl\u00f6nf\u00e9le ipari ig\u00e9nyek kiel\u00e9g\u00edt\u00e9s\u00e9re.<\/p>\n<\/div>\n<div>\n<h3 dir=\"auto\">A m\u0171anyag bolyg\u00f3kerekes fogaskerekek korl\u00e1tai<\/h3>\n<p class=\"break-words\" dir=\"auto\">B\u00e1r a m\u0171anyag bolyg\u00f3kerekes fogaskerekek sz\u00e1mos el\u0151nnyel rendelkeznek, vannak bizonyos korl\u00e1taik a f\u00e9m fogaskerekekkel szemben:<\/p>\n<ul class=\"marker:text-secondary\" dir=\"auto\">\n<li class=\"break-words\"><strong>Teherb\u00edr\u00e1s<\/strong>A m\u0171anyag fogaskerekek nem biztos, hogy olyan hat\u00e9konyan kezelik a rendk\u00edv\u00fcl nagy nyomat\u00e9kterhel\u00e9seket, mint a f\u00e9m fogaskerekek, ez\u00e9rt gondos alkalmaz\u00e1si felm\u00e9r\u00e9st ig\u00e9nyelnek.<\/li>\n<li class=\"break-words\"><strong>H\u0151\u00e1ll\u00f3s\u00e1g<\/strong>A m\u0171anyag fogaskerekek magas h\u0151m\u00e9rs\u00e9kleten deform\u00e1l\u00f3dhatnak, \u00edgy kev\u00e9sb\u00e9 alkalmasak extr\u00e9m h\u0151m\u00e9rs\u00e9kleti k\u00f6rnyezetekre.<\/li>\n<li class=\"break-words\"><strong>Pontoss\u00e1g<\/strong>A f\u00e9m fogaskerekek gyakran sz\u0171kebb t\u0171r\u00e9shat\u00e1rokat biztos\u00edtanak, ami el\u0151ny\u00f6s lehet a rendk\u00edv\u00fcl prec\u00edz alkalmaz\u00e1sokn\u00e1l.<\/li>\n<\/ul>\n<p class=\"break-words\" dir=\"auto\">A legt\u00f6bb alkalmaz\u00e1sn\u00e1l azonban a m\u0171anyag bolyg\u00f3kerekes fogaskerekek kiv\u00e1l\u00f3 egyens\u00falyt teremtenek a teljes\u00edtm\u00e9ny, a k\u00f6lts\u00e9g \u00e9s a praktikum k\u00f6z\u00f6tt, k\u00fcl\u00f6n\u00f6sen akkor, ha az ig\u00e9nyekhez igaz\u00edtj\u00e1k \u0151ket.<\/p>\n<div>\n<h2 class=\"\" dir=\"auto\">M\u0171anyag bolyg\u00f3kerekes fogaskerekek vs. m\u0171anyag bolyg\u00f3kerekes sebess\u00e9gv\u00e1lt\u00f3k<\/h2>\n<p class=\"break-words\" dir=\"auto\">A m\u0171anyag bolyg\u00f3kerekes hajt\u00f3m\u0171vek k\u00f6zponti elemei a m\u0171anyag bolyg\u00f3kerekes hajt\u00f3m\u0171vek, amelyek a fogaskerekeket egy komplett rendszerbe integr\u00e1lj\u00e1k, amely motort, h\u00e1zat \u00e9s tart\u00f3lemezeket tartalmaz. M\u00edg maguk a fogaskerekek \u2013 amelyek nap-, bolyg\u00f3- \u00e9s t\u00e1ny\u00e9rkerekekb\u0151l \u00e1llnak \u2013 a nyomat\u00e9k\u00e1tvitelt \u00e9s a mozg\u00e1svez\u00e9rl\u00e9st v\u00e9gzik, a hajt\u00f3m\u0171 egy kompakt, haszn\u00e1latra k\u00e9sz megold\u00e1st k\u00edn\u00e1l, amely n\u00f6veli a hat\u00e9konys\u00e1got \u00e9s leegyszer\u0171s\u00edti az integr\u00e1ci\u00f3t. L\u00e9nyeg\u00e9ben a fogaskerekek a hajt\u00f3m\u0171 funkcion\u00e1lis sz\u00edv\u00e9t alkotj\u00e1k, amelyeket meghat\u00e1rozott teljes\u00edtm\u00e9nymutat\u00f3khoz terveztek, m\u00edg a hajt\u00f3m\u0171 egy plug-and-play rendszert k\u00edn\u00e1l k\u00fcl\u00f6nf\u00e9le ipari alkalmaz\u00e1sokhoz. Ak\u00e1r \u00f6n\u00e1ll\u00f3 fogaskerekekre, ak\u00e1r komplett hajt\u00f3m\u0171re van sz\u00fcks\u00e9ge, mindkett\u0151 kihaszn\u00e1lja a m\u0171anyagok k\u00f6nny\u0171 s\u00faly\u00e1t \u00e9s alacsony zajszintj\u00e9t.<\/p>\n<table style=\"border-collapse: collapse; width: 97.6042%; height: 220px;\" border=\"0\" width=\"180\" cellspacing=\"0\" cellpadding=\"0\">\n<tbody>\n<tr style=\"height: 14.40pt;\">\n<td style=\"height: 14.40pt; width: 54.00pt;\" align=\"right\" width=\"90\" height=\"24\"><img loading=\"lazy\" decoding=\"async\" class=\"size-full wp-image-7996 aligncenter\" src=\"https:\/\/fmp-components.com\/wp-content\/uploads\/2025\/04\/plastic-planetary-gear-product-5.webp\" alt=\"m\u0171anyag bolyg\u00f3kerekes hajt\u00f3m\u0171 term\u00e9k\" width=\"800\" height=\"800\" title=\"\" srcset=\"https:\/\/fmp-components.com\/wp-content\/uploads\/2025\/04\/plastic-planetary-gear-product-5.webp 800w, https:\/\/fmp-components.com\/wp-content\/uploads\/2025\/04\/plastic-planetary-gear-product-5-480x480.webp 480w\" sizes=\"(min-width: 0px) and (max-width: 480px) 480px, (min-width: 481px) 800px, 100vw\" \/><\/td>\n<td style=\"width: 54.00pt;\" align=\"right\" width=\"90\"><img loading=\"lazy\" decoding=\"async\" class=\"size-full wp-image-7995 aligncenter\" src=\"https:\/\/fmp-components.com\/wp-content\/uploads\/2025\/04\/plastic-planetary-gear-product-4.webp\" alt=\"m\u0171anyag bolyg\u00f3kerekes hajt\u00f3m\u0171 term\u00e9k\" width=\"800\" height=\"800\" title=\"\" srcset=\"https:\/\/fmp-components.com\/wp-content\/uploads\/2025\/04\/plastic-planetary-gear-product-4.webp 800w, https:\/\/fmp-components.com\/wp-content\/uploads\/2025\/04\/plastic-planetary-gear-product-4-480x480.webp 480w\" sizes=\"(min-width: 0px) and (max-width: 480px) 480px, (min-width: 481px) 800px, 100vw\" \/><\/td>\n<\/tr>\n<tr style=\"height: 14.40pt;\">\n<td style=\"height: 14.40pt;\" align=\"right\" height=\"24\"><img loading=\"lazy\" decoding=\"async\" class=\"size-full wp-image-7998 aligncenter\" src=\"https:\/\/fmp-components.com\/wp-content\/uploads\/2025\/04\/plastic-planetary-gear-product-7.webp\" alt=\"m\u0171anyag bolyg\u00f3kerekes hajt\u00f3m\u0171 term\u00e9k\" width=\"800\" height=\"800\" title=\"\" srcset=\"https:\/\/fmp-components.com\/wp-content\/uploads\/2025\/04\/plastic-planetary-gear-product-7.webp 800w, https:\/\/fmp-components.com\/wp-content\/uploads\/2025\/04\/plastic-planetary-gear-product-7-480x480.webp 480w\" sizes=\"(min-width: 0px) and (max-width: 480px) 480px, (min-width: 481px) 800px, 100vw\" \/><\/td>\n<td align=\"right\"><img loading=\"lazy\" decoding=\"async\" class=\"size-full wp-image-7997 aligncenter\" src=\"https:\/\/fmp-components.com\/wp-content\/uploads\/2025\/04\/plastic-planetary-gear-product-6.webp\" alt=\"m\u0171anyag bolyg\u00f3kerekes hajt\u00f3m\u0171 term\u00e9k\" width=\"800\" height=\"800\" title=\"\" srcset=\"https:\/\/fmp-components.com\/wp-content\/uploads\/2025\/04\/plastic-planetary-gear-product-6.webp 800w, https:\/\/fmp-components.com\/wp-content\/uploads\/2025\/04\/plastic-planetary-gear-product-6-480x480.webp 480w\" sizes=\"(min-width: 0px) and (max-width: 480px) 480px, (min-width: 481px) 800px, 100vw\" \/><\/td>\n<\/tr>\n<\/tbody>\n<\/table>\n<div>\n<table style=\"border-collapse: collapse; width: 98.4086%; height: 29px;\" border=\"0\" width=\"180\" cellspacing=\"0\" cellpadding=\"0\">\n<tbody>\n<tr style=\"height: 14.40pt;\">\n<td style=\"height: 14.4pt; width: 49.7337%;\" align=\"right\" width=\"90\" height=\"24\"><img loading=\"lazy\" decoding=\"async\" class=\"wp-image-7999 aligncenter\" src=\"https:\/\/fmp-components.com\/wp-content\/uploads\/2025\/04\/plastic-planetary-gearbox-product-1.webp\" alt=\"m\u0171anyag bolyg\u00f3kerekes sebess\u00e9gv\u00e1lt\u00f3 term\u00e9k\" width=\"746\" height=\"746\" title=\"\"><\/td>\n<td style=\"width: 53.0741%;\" align=\"right\" width=\"90\"><img loading=\"lazy\" decoding=\"async\" class=\"wp-image-8001 aligncenter\" src=\"https:\/\/fmp-components.com\/wp-content\/uploads\/2025\/04\/plastic-planetary-gearbox-product-2.webp\" alt=\"m\u0171anyag bolyg\u00f3kerekes sebess\u00e9gv\u00e1lt\u00f3 term\u00e9k\" width=\"469\" height=\"469\" title=\"\"><\/td>\n<\/tr>\n<\/tbody>\n<\/table>\n<h3>Kapcsol\u00f3d\u00f3 term\u00e9kek \u2013 Bolyg\u00f3ker\u00e9k-hajt\u00f3m\u0171<\/h3>\n<p>Az FMP-n\u00e9l b\u00fcszk\u00e9n k\u00edn\u00e1lunk m\u0171anyag bolyg\u00f3kerekes fogaskerekek \u00e9s egy\u00e9b hajt\u00f3m\u0171vek \u00e1tfog\u00f3 v\u00e1laszt\u00e9k\u00e1t. <a href=\"https:\/\/fmp-components.com\/hu\/planetary-gearbox\/\">bolyg\u00f3kerekes sebess\u00e9gv\u00e1lt\u00f3k<\/a>, amelyet sokf\u00e9le ipari ig\u00e9ny kiel\u00e9g\u00edt\u00e9s\u00e9re tervezt\u00fcnk. M\u0171anyag bolyg\u00f3kerekes fogaskerekeink prec\u00edz \u00e9s hat\u00e9kony nyomat\u00e9k\u00e1tvitelt biztos\u00edtanak, m\u00edg bolyg\u00f3kerekes sebess\u00e9gv\u00e1lt\u00f3ink ezeket a fogaskerekeket motorokkal, h\u00e1zakkal \u00e9s tart\u00f3lemezekkel integr\u00e1lj\u00e1k, hogy kompakt, haszn\u00e1latra k\u00e9sz megold\u00e1sokat k\u00edn\u00e1ljanak. Mindk\u00e9t term\u00e9kcsal\u00e1d kiv\u00e1l\u00f3 min\u0151s\u00e9g\u0171 anyagokb\u00f3l, p\u00e9ld\u00e1ul nejlonb\u00f3l \u00e9s acet\u00e1lb\u00f3l k\u00e9sz\u00fcl, biztos\u00edtva a k\u00f6nny\u0171 szerkezetet, az alacsony zajszintet \u00e9s a tart\u00f3ss\u00e1got. Ak\u00e1r \u00f6n\u00e1ll\u00f3 fogaskerekekre, ak\u00e1r komplett sebess\u00e9gv\u00e1lt\u00f3 rendszerekre van sz\u00fcks\u00e9ge, az FMP testreszabhat\u00f3, nagy teljes\u00edtm\u00e9ny\u0171 megold\u00e1sokat k\u00edn\u00e1l, amelyek az \u00d6n speci\u00e1lis alkalmaz\u00e1saihoz vannak szabva.<\/p>\n<p><img loading=\"lazy\" decoding=\"async\" class=\"size-full wp-image-6316 aligncenter\" src=\"https:\/\/fmp-components.com\/wp-content\/uploads\/2025\/03\/planetary-gearbox-banner.webp\" alt=\"bolyg\u00f3m\u0171ves sebess\u00e9gv\u00e1lt\u00f3 banner\" width=\"1772\" height=\"945\" title=\"\" srcset=\"https:\/\/fmp-components.com\/wp-content\/uploads\/2025\/03\/planetary-gearbox-banner.webp 1772w, https:\/\/fmp-components.com\/wp-content\/uploads\/2025\/03\/planetary-gearbox-banner-1280x683.webp 1280w, https:\/\/fmp-components.com\/wp-content\/uploads\/2025\/03\/planetary-gearbox-banner-980x523.webp 980w, https:\/\/fmp-components.com\/wp-content\/uploads\/2025\/03\/planetary-gearbox-banner-480x256.webp 480w\" sizes=\"(min-width: 0px) and (max-width: 480px) 480px, (min-width: 481px) and (max-width: 980px) 980px, (min-width: 981px) and (max-width: 1280px) 1280px, (min-width: 1281px) 1772px, 100vw\" \/><\/p>\n<p style=\"text-align: center;\"><strong>K\u00e9rem <a href=\"mailto:info@fmpcomponents.it\">l\u00e9pjen kapcsolatba vel\u00fcnk<\/a> tov\u00e1bbi term\u00e9kek\u00e9rt<\/strong><\/p>\n<\/div>\n<div>\n<h2 class=\"\" dir=\"auto\">Az FMP-r\u0151l: Megb\u00edzhat\u00f3 partnere m\u0171anyag bolyg\u00f3kerekes fogaskerekek ter\u00e9n Olaszorsz\u00e1gban<\/h2>\n<p class=\"break-words\" dir=\"auto\">Az FMP-n\u00e9l m\u0171anyag bolyg\u00f3kerekes fogaskerekek \u00e9s kapcsol\u00f3d\u00f3 term\u00e9kek sz\u00e9les v\u00e1laszt\u00e9k\u00e1nak gy\u00e1rt\u00e1s\u00e1ra specializ\u00e1l\u00f3dtunk, Mil\u00e1n\u00f3, Velence, Firenze \u00e9s Bologna ipar\u00e1gait szolg\u00e1lva ki. K\u00edn\u00e1latunkban pr\u00e9mium anyagokb\u00f3l, p\u00e9ld\u00e1ul nejlonb\u00f3l \u00e9s acet\u00e1lb\u00f3l k\u00e9sz\u00fclt standard \u00e9s egyedi fogaskerekek is szerepelnek, amelyeket a nagy hat\u00e9konys\u00e1g, tart\u00f3ss\u00e1g \u00e9s pontoss\u00e1g biztos\u00edt\u00e1s\u00e1ra tervezt\u00fcnk. B\u00fcszk\u00e9k vagyunk arra, hogy \u00fcgyfeleink egyedi ig\u00e9nyeit kiel\u00e9g\u00edtj\u00fck, legyen sz\u00f3 robotikai, aut\u00f3ipari vagy orvosi alkalmaz\u00e1sokr\u00f3l.<\/p>\n<p class=\"break-words\" dir=\"auto\">Az FMP testreszab\u00e1si szolg\u00e1ltat\u00e1sokat is k\u00edn\u00e1l, amelyek lehet\u0151v\u00e9 teszik sz\u00e1munkra, hogy a m\u0171anyag bolyg\u00f3kerekes fogaskerekeket pontosan az \u00d6n ig\u00e9nyei szerint szabjuk testre. Ha nem tal\u00e1lja a k\u00edv\u00e1nt modellt a term\u00e9klist\u00e1inkban, el\u0151fordulhat, hogy az m\u00e9g nincs felt\u00f6ltve. Egyszer\u0171en k\u00fcldj\u00f6n nek\u00fcnk e-mailt az ig\u00e9nyeivel, \u00e9s elk\u00f6telezett m\u00e9rn\u00f6keink 24 \u00f3r\u00e1n bel\u00fcl v\u00e1laszolnak az \u00d6n ig\u00e9nyeinek megfelel\u0151 megold\u00e1ssal. B\u00edzza az FMP-re az innovat\u00edv, kiv\u00e1l\u00f3 min\u0151s\u00e9g\u0171 m\u0171anyag fogasker\u00e9k-megold\u00e1sokat, amelyek sikerre viszik projektjeit Olaszorsz\u00e1g-szerte.<\/p>\n<\/div>\n<\/div>\n<\/div>\n<div>\n<p dir=\"auto\"><img loading=\"lazy\" decoding=\"async\" class=\"wp-image-8000 aligncenter\" src=\"https:\/\/fmp-components.com\/wp-content\/uploads\/2025\/04\/plastic-planetary-gear-product-2.webp\" alt=\"m\u0171anyag bolyg\u00f3kerekes hajt\u00f3m\u0171 term\u00e9k\" width=\"880\" height=\"880\" title=\"\" srcset=\"https:\/\/fmp-components.com\/wp-content\/uploads\/2025\/04\/plastic-planetary-gear-product-2.webp 880w, https:\/\/fmp-components.com\/wp-content\/uploads\/2025\/04\/plastic-planetary-gear-product-2-480x480.webp 480w\" sizes=\"(min-width: 0px) and (max-width: 480px) 480px, (min-width: 481px) 880px, 100vw\" \/><\/p>\n<\/div>\n<\/div>","protected":false},"excerpt":{"rendered":"<p>Plastic Planetary Gears: Precision and Efficiency Plastic planetary gears are a cornerstone of modern mechanical engineering, providing a compact, efficient and versatile solution for torque transmission and motion control. Consisting of a central sun gear, multiple planetary gears and an outer ring gear, these gear systems are designed to provide high reduction ratios in a [&hellip;]<\/p>","protected":false},"featured_media":7994,"comment_status":"open","ping_status":"closed","template":"","meta":{"_et_pb_use_builder":"","_et_pb_old_content":"","_et_gb_content_width":""},"product_brand":[],"product_cat":[117],"product_tag":[],"class_list":{"0":"post-7992","1":"product","2":"type-product","3":"status-publish","4":"has-post-thumbnail","6":"product_cat-plastic-gears","8":"first","9":"instock","10":"shipping-taxable","11":"product-type-simple"},"_links":{"self":[{"href":"https:\/\/fmp-components.com\/hu\/wp-json\/wp\/v2\/product\/7992","targetHints":{"allow":["GET"]}}],"collection":[{"href":"https:\/\/fmp-components.com\/hu\/wp-json\/wp\/v2\/product"}],"about":[{"href":"https:\/\/fmp-components.com\/hu\/wp-json\/wp\/v2\/types\/product"}],"replies":[{"embeddable":true,"href":"https:\/\/fmp-components.com\/hu\/wp-json\/wp\/v2\/comments?post=7992"}],"wp:featuredmedia":[{"embeddable":true,"href":"https:\/\/fmp-components.com\/hu\/wp-json\/wp\/v2\/media\/7994"}],"wp:attachment":[{"href":"https:\/\/fmp-components.com\/hu\/wp-json\/wp\/v2\/media?parent=7992"}],"wp:term":[{"taxonomy":"product_brand","embeddable":true,"href":"https:\/\/fmp-components.com\/hu\/wp-json\/wp\/v2\/product_brand?post=7992"},{"taxonomy":"product_cat","embeddable":true,"href":"https:\/\/fmp-components.com\/hu\/wp-json\/wp\/v2\/product_cat?post=7992"},{"taxonomy":"product_tag","embeddable":true,"href":"https:\/\/fmp-components.com\/hu\/wp-json\/wp\/v2\/product_tag?post=7992"}],"curies":[{"name":"munkaf\u00fczet","href":"https:\/\/api.w.org\/{rel}","templated":true}]}}