{"id":7977,"date":"2025-04-15T01:36:16","date_gmt":"2025-04-15T01:36:16","guid":{"rendered":"https:\/\/fmp-components.com\/?post_type=product&#038;p=7977"},"modified":"2025-04-15T01:50:22","modified_gmt":"2025-04-15T01:50:22","slug":"plastic-gear-set","status":"publish","type":"product","link":"https:\/\/fmp-components.com\/hu\/product\/plastic-gear-set\/","title":{"rendered":"M\u0171anyag fogasker\u00e9k-k\u00e9szlet"},"content":{"rendered":"<h2>M\u0171anyag fogasker\u00e9k-k\u00e9szletek: Prec\u00edzi\u00f3 \u00e9s sokoldal\u00fas\u00e1g mechanikai alkalmaz\u00e1sokhoz<\/h2>\n<p>A m\u0171anyag fogasker\u00e9k-k\u00e9szletek elengedhetetlen alkatr\u00e9szek a modern mechanikus rendszerekben, k\u00f6nny\u0171, tart\u00f3s \u00e9s k\u00f6lts\u00e9ghat\u00e9kony megold\u00e1sokat k\u00edn\u00e1lva az er\u0151\u00e1tvitelhez. Ezek a k\u00e9szletek jellemz\u0151en k\u00fcl\u00f6nb\u00f6z\u0151 m\u00e9ret\u0171 \u00e9s fogsz\u00e1m\u00fa fogaskerekeket tartalmaznak, amelyeket \u00fagy terveztek, hogy z\u00f6kken\u0151mentesen m\u0171k\u00f6djenek egy\u00fctt a robotik\u00e1t\u00f3l a sz\u00f3rakoztat\u00f3elektronikai alkalmaz\u00e1sokig. Olaszorsz\u00e1g innov\u00e1ci\u00f3vez\u00e9relt v\u00e1rosaiban, mint p\u00e9ld\u00e1ul Mil\u00e1n\u00f3, Velence, Firenze \u00e9s Bologna, a m\u0171anyag fogasker\u00e9k-k\u00e9szleteket sz\u00e9les k\u00f6rben haszn\u00e1lj\u00e1k rozsda\u00e1ll\u00f3s\u00e1guk, alacsony karbantart\u00e1si ig\u00e9ny\u00fck \u00e9s ken\u00e9s n\u00e9lk\u00fcli m\u0171k\u00f6d\u00e9s\u00fck miatt. Kiv\u00e1l\u00f3 min\u0151s\u00e9g\u0171 m\u0171szaki m\u0171anyagokb\u00f3l k\u00e9sz\u00fclnek, \u00e9s megb\u00edzhat\u00f3 teljes\u00edtm\u00e9nyt ny\u00fajtanak a k\u00fcl\u00f6nb\u00f6z\u0151 ipar\u00e1gakban.<\/p>\n<div>\n<h3 dir=\"auto\">A m\u0171anyag fogasker\u00e9k-k\u00e9szletek el\u0151nyei<\/h3>\n<p class=\"break-words\" dir=\"auto\">A m\u0171anyag fogasker\u00e9k-k\u00e9szletek sz\u00e1mos el\u0151nnyel rendelkeznek, amelyek miatt el\u0151nyben r\u00e9szes\u00edtik \u0151ket a f\u00e9m alternat\u00edv\u00e1kkal szemben, k\u00fcl\u00f6n\u00f6sen az olaszorsz\u00e1gi tervez\u00e9si \u00e9s gy\u00e1rt\u00e1si k\u00f6zpontokban:<\/p>\n<ul class=\"marker:text-secondary\" dir=\"auto\">\n<li class=\"break-words\"><strong>K\u00f6nny\u0171s\u00faly\u00fa<\/strong>A poliacet\u00e1lb\u00f3l (POM), nejlonb\u00f3l \u00e9s Duraconb\u00f3l k\u00e9sz\u00fclt m\u0171anyag fogaskerekek cs\u00f6kkentik a rendszer s\u00faly\u00e1t, \u00edgy ide\u00e1lisak Firenze robotikai laborat\u00f3riumaiban vagy Velence automatiz\u00e1l\u00e1si szektoraiban t\u00f6rt\u00e9n\u0151 alkalmaz\u00e1sokhoz.<\/li>\n<li class=\"break-words\"><strong>Korr\u00f3zi\u00f3\u00e1ll\u00f3s\u00e1g<\/strong>A f\u00e9m fogaskerekekkel ellent\u00e9tben a m\u0171anyag fogasker\u00e9k-k\u00e9szletek rozsda\u00e1ll\u00f3ak, \u00edgy hossz\u00fa \u00e9lettartamot biztos\u00edtanak nedves k\u00f6rnyezetben vagy vegyszereknek kitett helyeken, amelyek gyakoriak Bologna ipari \u00f6vezeteiben.<\/li>\n<li class=\"break-words\"><strong>Alacsony zajszint<\/strong>A m\u0171anyag fogaskerekek csendesen m\u0171k\u00f6dnek, \u00edgy alkalmasak Mil\u00e1n\u00f3 technol\u00f3giavez\u00e9relt piacain gy\u00e1rtott sz\u00f3rakoztat\u00f3elektronikai \u00e9s orvostechnikai eszk\u00f6z\u00f6kh\u00f6z.<\/li>\n<li class=\"break-words\"><strong>K\u00f6lts\u00e9ghat\u00e9kony termel\u00e9s<\/strong>A fr\u00f6ccs\u00f6nt\u00e9s nagy volumen\u0171 gy\u00e1rt\u00e1st tesz lehet\u0151v\u00e9 alacsony k\u00f6lts\u00e9gek mellett, t\u00e1mogatva a sk\u00e1l\u00e1zhat\u00f3 gy\u00e1rt\u00e1st az olasz v\u00e1llalkoz\u00e1sok sz\u00e1m\u00e1ra.<\/li>\n<li class=\"break-words\"><strong>Nincs sz\u00fcks\u00e9g ken\u00e9sre<\/strong>Sok m\u0171anyag fogasker\u00e9k, p\u00e9ld\u00e1ul a nejlonb\u00f3l k\u00e9sz\u00fcltek, ken\u00e9s n\u00e9lk\u00fcl p\u00e1ros\u00edthat\u00f3k f\u00e9m fogaskerekekkel, cs\u00f6kkentve a karbantart\u00e1si k\u00f6lts\u00e9geket.<\/li>\n<\/ul>\n<p class=\"break-words\" dir=\"auto\">Annak ellen\u00e9re, hogy a f\u00e9mhez k\u00e9pest alacsonyabb szil\u00e1rds\u00e1g\u00faak, a gondos anyagv\u00e1laszt\u00e1s \u00e9s tervez\u00e9s enyh\u00edti ezeket a korl\u00e1tokat, biztos\u00edtva a megb\u00edzhat\u00f3 teljes\u00edtm\u00e9nyt bizonyos terhel\u00e9sek \u00e9s k\u00f6r\u00fclm\u00e9nyek k\u00f6z\u00f6tt.<\/p>\n<div>\n<h3 dir=\"auto\">M\u0171anyag fogasker\u00e9k-k\u00e9szletekben haszn\u00e1lt anyagok<\/h3>\n<p class=\"break-words\" dir=\"auto\">A m\u0171anyag fogasker\u00e9k-k\u00e9szlet teljes\u00edtm\u00e9nye nagym\u00e9rt\u00e9kben f\u00fcgg az anyag\u00e1t\u00f3l. A gyakori opci\u00f3k a k\u00f6vetkez\u0151k:<\/p>\n<ul class=\"marker:text-secondary\" dir=\"auto\">\n<li class=\"break-words\"><strong>Poliacet\u00e1l (POM)<\/strong>Alacsony s\u00farl\u00f3d\u00e1s\u00e1r\u00f3l \u00e9s nagy kop\u00e1s\u00e1ll\u00f3s\u00e1g\u00e1r\u00f3l ismert, ide\u00e1lis prec\u00edzi\u00f3s fogaskerekekhez aut\u00f3ipari \u00e9s ipari alkalmaz\u00e1sokban.<\/li>\n<li class=\"break-words\"><strong>Nejlon (MC901)<\/strong>Kiv\u00e1l\u00f3 szak\u00edt\u00f3szil\u00e1rds\u00e1ggal \u00e9s rugalmass\u00e1ggal rendelkezik, t\u00f6k\u00e9letes a bolognai g\u00e9pipar nagy teherb\u00edr\u00e1s\u00fa hajt\u00f3m\u0171veihez.<\/li>\n<li class=\"break-words\"><strong>Duracon<\/strong>K\u00f6lts\u00e9ghat\u00e9kony megold\u00e1s fr\u00f6ccs\u00f6nt\u00f6tt fogaskerekek gy\u00e1rt\u00e1s\u00e1hoz, alkalmas k\u00f6nny\u0171 terhel\u00e9s\u0171 alkalmaz\u00e1sokhoz, p\u00e9ld\u00e1ul Firenz\u00e9ben v\u00e9gzett bark\u00e1csol\u00e1shoz.<\/li>\n<li class=\"break-words\"><strong>PEEK \u00e9s U-PE<\/strong>Nagy teljes\u00edtm\u00e9ny\u0171, vegyszer\u00e1ll\u00f3s\u00e1got ig\u00e9nyl\u0151 k\u00f6rnyezetben haszn\u00e1lj\u00e1k, ami gyakran megfigyelhet\u0151 Mil\u00e1n\u00f3 orvostechnikai eszk\u00f6zeinek gy\u00e1rt\u00e1s\u00e1ban.<\/li>\n<li class=\"break-words\"><strong>Meger\u0151s\u00edtett v\u00e1ltozatok<\/strong>A rozsdamentes ac\u00e9l vagy s\u00e1rgar\u00e9z agy\u00fa fogaskerekek (pl. acet\u00e1l SUS303 maggal) fokozz\u00e1k a tart\u00f3ss\u00e1got a neh\u00e9z k\u00f6rnyezetekben.<\/li>\n<\/ul>\n<p class=\"break-words\" dir=\"auto\">Ezek az anyagok lehet\u0151v\u00e9 teszik az olasz gy\u00e1rt\u00f3k sz\u00e1m\u00e1ra, hogy a fogasker\u00e9k-k\u00e9szleteket az egyedi ig\u00e9nyekhez igaz\u00edts\u00e1k, egyens\u00falyt teremtve a szil\u00e1rds\u00e1g, a s\u00faly \u00e9s a k\u00f6rnyezeti ellen\u00e1ll\u00e1s k\u00f6z\u00f6tt.<\/p>\n<p dir=\"auto\"><img loading=\"lazy\" decoding=\"async\" class=\"size-full wp-image-7983 aligncenter\" src=\"https:\/\/fmp-components.com\/wp-content\/uploads\/2025\/04\/plastic-gear-set-product.webp\" alt=\"m\u0171anyag fogasker\u00e9k-k\u00e9szlet term\u00e9k\" width=\"853\" height=\"697\" title=\"\" srcset=\"https:\/\/fmp-components.com\/wp-content\/uploads\/2025\/04\/plastic-gear-set-product.webp 853w, https:\/\/fmp-components.com\/wp-content\/uploads\/2025\/04\/plastic-gear-set-product-480x392.webp 480w\" sizes=\"(min-width: 0px) and (max-width: 480px) 480px, (min-width: 481px) 853px, 100vw\" \/><\/p>\n<div>\n<h3 dir=\"auto\">M\u0171anyag fogasker\u00e9k-k\u00e9szletek fogaskerekeinek t\u00edpusai<\/h3>\n<p class=\"break-words\" dir=\"auto\">A m\u0171anyag fogasker\u00e9k-k\u00e9szletek jellemz\u0151en k\u00fcl\u00f6nf\u00e9le fogasker\u00e9k-t\u00edpusokat tartalmaznak, hogy megfeleljenek a k\u00fcl\u00f6nb\u00f6z\u0151 mechanikai k\u00f6vetelm\u00e9nyeknek:<\/p>\n<ul class=\"marker:text-secondary\" dir=\"auto\">\n<li class=\"break-words\"><strong>Homlokfogaskerekek<\/strong>Egyszer\u0171 \u00e9s hat\u00e9kony, fogyaszt\u00e1si cikkekben egyszer\u0171 energia\u00e1tvitelre haszn\u00e1lj\u00e1k.<\/li>\n<li class=\"break-words\"><strong>K\u00fapkerekek<\/strong>: Sz\u00f6gletes mozg\u00e1s el\u0151seg\u00edt\u00e9se, ami gyakori a robotik\u00e1ban \u00e9s az aut\u00f3ipari rendszerekben Velenc\u00e9ben.<\/li>\n<li class=\"break-words\"><strong>G\u00e9rv\u00e1g\u00f3 fogaskerekek<\/strong>: 90 fokos er\u0151\u00e1tvitelt tesz lehet\u0151v\u00e9, ide\u00e1lis kompakt g\u00e9pekhez.<\/li>\n<li class=\"break-words\"><strong>F\u00e9reggerekek \u00e9s f\u00e9rgek<\/strong>Nagy \u00e1tt\u00e9tel\u0171 \u00e1tt\u00e9teleket biztos\u00edt a prec\u00edz vez\u00e9rl\u00e9shez, a Mil\u00e1n\u00f3 automatiz\u00e1l\u00e1si berendez\u00e9seiben haszn\u00e1lj\u00e1k.<\/li>\n<li class=\"break-words\"><strong>\u00c1llv\u00e1nyok<\/strong>: Forg\u00f3mozg\u00e1s \u00e1talak\u00edt\u00e1sa line\u00e1ris mozg\u00e1ss\u00e1, t\u00e1mogatva olyan alkalmaz\u00e1sokat, mint a CNC g\u00e9pek Bologn\u00e1ban.<\/li>\n<\/ul>\n<p class=\"break-words\" dir=\"auto\">A modulok m\u00e9rete 0,5 \u00e9s 4 k\u00f6z\u00f6tt mozog, a fogazat v\u00e1g\u00e1ssal vagy fr\u00f6ccs\u00f6nt\u00e9ssel k\u00e9sz\u00fcl, \u00edgy olyan min\u0151s\u00e9geket \u00e9rhet\u00fcnk el, mint a JIS N9-N12, biztos\u00edtva a kompatibilit\u00e1st a k\u00fcl\u00f6nf\u00e9le rendszerekkel.<\/p>\n<div>\n<h3 dir=\"auto\">Alkalmaz\u00e1sok az ipar\u00e1gakban<\/h3>\n<p class=\"break-words\" dir=\"auto\">A m\u0171anyag fogasker\u00e9k-k\u00e9szletek sokoldal\u00faak, \u00e9s Olaszorsz\u00e1g \u00e9l\u00e9nk gazdas\u00e1g\u00e1nak sz\u00e1mos ipar\u00e1g\u00e1t kiszolg\u00e1lj\u00e1k:<\/p>\n<ul class=\"marker:text-secondary\" dir=\"auto\">\n<li class=\"break-words\"><strong>Robotika<\/strong>K\u00f6nny\u0171 fogaskerekek teszik lehet\u0151v\u00e9 az agilis mozg\u00e1st a firenzei technol\u00f3giai k\u00f6zpontokban fejlesztett protot\u00edpusokban.<\/li>\n<li class=\"break-words\"><strong>Sz\u00f3rakoztat\u00f3 elektronika<\/strong>Csendes, tart\u00f3s fogaskerekek m\u0171k\u00f6dtetik az olyan eszk\u00f6z\u00f6ket, mint a nyomtat\u00f3k \u00e9s f\u00e9nyk\u00e9pez\u0151g\u00e9pek, amelyek n\u00e9pszer\u0171ek Mil\u00e1n\u00f3 tervez\u0151st\u00fadi\u00f3iban.<\/li>\n<li class=\"break-words\"><strong>Orvosi berendez\u00e9sek<\/strong>A Bologn\u00e1ban gy\u00e1rtott diagnosztikai eszk\u00f6z\u00f6k megb\u00edzhat\u00f3s\u00e1g\u00e1t a korr\u00f3zi\u00f3\u00e1ll\u00f3 fogaskerekek biztos\u00edtj\u00e1k.<\/li>\n<li class=\"break-words\"><strong>Aut\u00f3ipar<\/strong>A m\u0171anyag fogaskerekek cs\u00f6kkentik a s\u00falyt a seg\u00e9drendszerekben, t\u00e1mogatva Velence aut\u00f3ipari besz\u00e1ll\u00edt\u00f3it.<\/li>\n<li class=\"break-words\"><strong>Bark\u00e1csol\u00e1s \u00e9s oktat\u00e1s<\/strong>A megfizethet\u0151 felszerel\u00e9sek innov\u00e1ci\u00f3ra \u00f6szt\u00f6n\u00f6znek az olaszorsz\u00e1gi tantermekben \u00e9s alkot\u00f3terekben.<\/li>\n<\/ul>\n<p class=\"break-words\" dir=\"auto\">Alkalmazkod\u00f3k\u00e9pess\u00e9g\u00fck teszi \u0151ket mind a protot\u00edpusgy\u00e1rt\u00e1s, mind a gy\u00e1rt\u00e1s sarokk\u00f6v\u00e9v\u00e9 az olasz ipari k\u00f6rnyezetben.<\/p>\n<div>\n<h2 class=\"\" dir=\"auto\">Az FMP-r\u0151l: A m\u0171anyag fogaskerekek megb\u00edzhat\u00f3 forr\u00e1sa<\/h2>\n<p class=\"break-words\" dir=\"auto\">Az FMP-n\u00e9l b\u00fcszk\u00e9k vagyunk arra, hogy vezet\u0151 m\u0171anyag fogasker\u00e9k-gy\u00e1rt\u00f3k vagyunk, \u00e9s Mil\u00e1n\u00f3ban, Velenc\u00e9ben, Firenz\u00e9ben \u00e9s Bologn\u00e1ban szolg\u00e1ljuk ki a v\u00e1llalkoz\u00e1sokat. Sz\u00e9les v\u00e1laszt\u00e9kunkban megtal\u00e1lhat\u00f3k ferde fogaskerekek, k\u00fapkerekek, g\u00e9rfogaskerekek, csigakerekek \u00e9s fogasl\u00e9ces fogaskerekek, amelyeket prec\u00edzen gy\u00e1rtunk, hogy megfeleljenek az ipar\u00e1gak ig\u00e9nyeinek a robotik\u00e1t\u00f3l az aut\u00f3iparig. Szakter\u00fcleteink:<\/p>\n<ul class=\"marker:text-secondary\" dir=\"auto\">\n<li class=\"break-words\"><strong>\u00c1tfog\u00f3 felszerel\u00e9si megold\u00e1sok<\/strong>K\u00fcl\u00f6nf\u00e9le m\u0171anyag fogasker\u00e9k-t\u00edpusokat k\u00edn\u00e1lunk, hogy b\u00e1rmilyen mechanikai alkalmaz\u00e1shoz illeszkedjenek.<\/li>\n<li class=\"break-words\"><strong>Egyedi gy\u00e1rt\u00e1s<\/strong>Teljesen egyedi megrendel\u00e9seket is elfogadunk, a fogaskerekeket az \u00d6n pontos specifik\u00e1ci\u00f3i szerint tervezz\u00fck, legyen sz\u00f3 protot\u00edpusokr\u00f3l vagy nagy volumen\u0171 gy\u00e1rt\u00e1sr\u00f3l.<\/li>\n<li class=\"break-words\"><strong>Gyors t\u00e1mogat\u00e1s<\/strong>Nem tal\u00e1lja a sz\u00fcks\u00e9ges hajt\u00f3m\u0171modellt a katal\u00f3gusunkban? Val\u00f3sz\u00edn\u0171leg m\u00e9g nem t\u00f6lt\u00f6tt\u00fck fel. K\u00fcldje el nek\u00fcnk e-mailben ig\u00e9nyeit, \u00e9s m\u00e9rn\u00f6keink 24 \u00f3r\u00e1n bel\u00fcl v\u00e1laszolnak egy szem\u00e9lyre szabott megold\u00e1ssal.<\/li>\n<\/ul>\n<p class=\"break-words\" dir=\"auto\">Az olaszorsz\u00e1gi gy\u00e1rt\u00e1si k\u00f6zpontban m\u0171k\u00f6d\u0151 FMP a legmodernebb fr\u00f6ccs\u00f6nt\u00e9st a min\u0151s\u00e9g ir\u00e1nti elk\u00f6telezetts\u00e9ggel \u00f6tv\u00f6zi, biztos\u00edtva projektjei siker\u00e9t. L\u00e9pjen kapcsolatba vel\u00fcnk m\u00e9g ma a k\u00f6vetkez\u0151 c\u00edmen: <a href=\"mailto:info@fmpcomponents.it\">info@fmpcomponents.it<\/a> hogy felfedezz\u00fck, hogyan seg\u00edthetik m\u0171anyag fogasker\u00e9k-k\u00e9szleteink az innov\u00e1ci\u00f3 el\u0151mozd\u00edt\u00e1s\u00e1t.<\/p>\n<p dir=\"auto\"><img loading=\"lazy\" decoding=\"async\" class=\"wp-image-7981 aligncenter\" src=\"https:\/\/fmp-components.com\/wp-content\/uploads\/2025\/04\/plastic-gear-set-factory.webp\" alt=\"m\u0171anyag fogasker\u00e9k-gy\u00e1r\" width=\"901\" height=\"751\" title=\"\" srcset=\"https:\/\/fmp-components.com\/wp-content\/uploads\/2025\/04\/plastic-gear-set-factory.webp 901w, https:\/\/fmp-components.com\/wp-content\/uploads\/2025\/04\/plastic-gear-set-factory-480x400.webp 480w\" sizes=\"(min-width: 0px) and (max-width: 480px) 480px, (min-width: 481px) 901px, 100vw\" \/><\/p>\n<\/div>\n<\/div>\n<\/div>\n<\/div>\n<\/div>","protected":false},"excerpt":{"rendered":"<p>Plastic Gear Sets: Precision and Versatility for Mechanical Applications Plastic gear sets are essential components in modern mechanical systems, offering lightweight, durable, and cost-effective solutions for power transmission. These sets typically include gears of varying sizes and tooth counts, designed to work seamlessly together in applications ranging from robotics to consumer electronics. In Italy\u2019s innovation-driven [&hellip;]<\/p>","protected":false},"featured_media":7960,"comment_status":"open","ping_status":"closed","template":"","meta":{"_et_pb_use_builder":"","_et_pb_old_content":"","_et_gb_content_width":""},"product_brand":[],"product_cat":[117],"product_tag":[],"class_list":{"0":"post-7977","1":"product","2":"type-product","3":"status-publish","4":"has-post-thumbnail","6":"product_cat-plastic-gears","8":"first","9":"instock","10":"shipping-taxable","11":"product-type-simple"},"_links":{"self":[{"href":"https:\/\/fmp-components.com\/hu\/wp-json\/wp\/v2\/product\/7977","targetHints":{"allow":["GET"]}}],"collection":[{"href":"https:\/\/fmp-components.com\/hu\/wp-json\/wp\/v2\/product"}],"about":[{"href":"https:\/\/fmp-components.com\/hu\/wp-json\/wp\/v2\/types\/product"}],"replies":[{"embeddable":true,"href":"https:\/\/fmp-components.com\/hu\/wp-json\/wp\/v2\/comments?post=7977"}],"wp:featuredmedia":[{"embeddable":true,"href":"https:\/\/fmp-components.com\/hu\/wp-json\/wp\/v2\/media\/7960"}],"wp:attachment":[{"href":"https:\/\/fmp-components.com\/hu\/wp-json\/wp\/v2\/media?parent=7977"}],"wp:term":[{"taxonomy":"product_brand","embeddable":true,"href":"https:\/\/fmp-components.com\/hu\/wp-json\/wp\/v2\/product_brand?post=7977"},{"taxonomy":"product_cat","embeddable":true,"href":"https:\/\/fmp-components.com\/hu\/wp-json\/wp\/v2\/product_cat?post=7977"},{"taxonomy":"product_tag","embeddable":true,"href":"https:\/\/fmp-components.com\/hu\/wp-json\/wp\/v2\/product_tag?post=7977"}],"curies":[{"name":"munkaf\u00fczet","href":"https:\/\/api.w.org\/{rel}","templated":true}]}}