{"id":7915,"date":"2025-04-11T02:22:27","date_gmt":"2025-04-11T02:22:27","guid":{"rendered":"https:\/\/fmp-components.com\/?post_type=product&#038;p=7915"},"modified":"2025-04-11T03:15:34","modified_gmt":"2025-04-11T03:15:34","slug":"precision-gear-ring-and-pinion","status":"publish","type":"product","link":"https:\/\/fmp-components.com\/hu\/product\/precision-gear-ring-and-pinion\/","title":{"rendered":"Prec\u00edzi\u00f3s fogasker\u00e9k-gy\u0171r\u0171 \u00e9s fogasker\u00e9k"},"content":{"rendered":"<div>\n<h2 dir=\"auto\">M\u00e9rn\u00f6ki kiv\u00e1l\u00f3s\u00e1g az olasz utakon<\/h2>\n<p class=\"break-words\" dir=\"auto\">Ha j\u00e1rm\u0171ve teljes\u00edtm\u00e9ny\u00e9nek optimaliz\u00e1l\u00e1s\u00e1r\u00f3l van sz\u00f3, a Precision Gear gy\u0171r\u0171- \u00e9s fogasker\u00e9k-k\u00e9szletek jelentik a legjobb v\u00e1laszt\u00e1st az olaszorsz\u00e1gi aut\u00f3sok sz\u00e1m\u00e1ra, Mil\u00e1n\u00f3 ny\u00fczsg\u0151 utc\u00e1it\u00f3l Firenze fest\u0151i \u00fatjaiig. Ezeket a kiv\u00e1l\u00f3 min\u0151s\u00e9g\u0171 fogasker\u00e9k-k\u00e9szleteket fejlett gy\u00e1rt\u00e1si technik\u00e1kkal \u00e9s pr\u00e9mium 8620-as kov\u00e1csol\u00e1sokkal tervezt\u00e9k, biztos\u00edtva a tart\u00f3ss\u00e1got \u00e9s a pontoss\u00e1got mind utcai, mind versenyp\u00e1ly\u00e1s alkalmaz\u00e1sokhoz. Ak\u00e1r egy izomaut\u00f3t fejleszt Velenc\u00e9ben, ak\u00e1r egy 4\u00d74-est finomhangol terepj\u00e1r\u00f3 kalandokhoz Bologna k\u00f6zel\u00e9ben, a Precision Gear sz\u00e9les \u00e1tt\u00e9telv\u00e1laszt\u00e9kot k\u00edn\u00e1l \u2013 p\u00e9ld\u00e1ul 3,08:1 a GM 8,5\/8,6 h\u00fcvelykeshez, 4,56:1 a Dana 44-hez vagy 5,13:1 a Ford 8,8 h\u00fcvelykeshez \u2013, hogy megfeleljen az \u00d6n egyedi ig\u00e9nyeinek. A nagy teljes\u00edtm\u00e9ny\u0171 j\u00e1rm\u0171vek megpr\u00f3b\u00e1ltat\u00e1sainak kezel\u00e9s\u00e9re tervezett fogasker\u00e9k-k\u00e9szletek hat\u00e9kony er\u0151\u00e1tvitelt biztos\u00edtanak, hogy j\u00e1rm\u0171ve sim\u00e1n mozogjon, b\u00e1rmilyen terepen is legyen.<\/p>\n<p dir=\"auto\"><img loading=\"lazy\" decoding=\"async\" class=\"size-full wp-image-7917 aligncenter\" src=\"https:\/\/fmp-components.com\/wp-content\/uploads\/2025\/04\/Precision-Gear-Ring-and-Pinion-2.webp\" alt=\"Prec\u00edzi\u00f3s fogasker\u00e9k-gy\u0171r\u0171 \u00e9s fogasker\u00e9k\" width=\"800\" height=\"800\" title=\"\" srcset=\"https:\/\/fmp-components.com\/wp-content\/uploads\/2025\/04\/Precision-Gear-Ring-and-Pinion-2.webp 800w, https:\/\/fmp-components.com\/wp-content\/uploads\/2025\/04\/Precision-Gear-Ring-and-Pinion-2-480x480.webp 480w\" sizes=\"(min-width: 0px) and (max-width: 480px) 480px, (min-width: 481px) 800px, 100vw\" \/><\/p>\n<h3 dir=\"auto\">Specifik\u00e1ci\u00f3<\/h3>\n<\/div>\n<div>\n<table style=\"width: 100%;\" border=\"1\" width=\"100%\" cellspacing=\"0\" cellpadding=\"0\">\n<tbody>\n<tr>\n<td colspan=\"1\" rowspan=\"1\">\n<div class=\"magic-13\" data-spm-anchor-id=\"a2700.details-description.0.i1.1c4atCsDtCsDdk\">El\u00e9rhet\u0151 anyag:<\/div>\n<\/td>\n<td colspan=\"1\" rowspan=\"1\">\n<div class=\"magic-14\">S\u00e1rgar\u00e9z, r\u00e9z, sz\u00e9nac\u00e9l, rozsdamentes ac\u00e9l, ac\u00e9l\u00f6tv\u00f6zet, alum\u00ednium\u00f6tv\u00f6zet stb.<\/div>\n<\/td>\n<\/tr>\n<tr>\n<td colspan=\"1\" rowspan=\"1\">\n<div class=\"magic-13\">Tolerancia:<\/div>\n<\/td>\n<td colspan=\"1\" rowspan=\"1\">\n<div class=\"magic-14\">A rajz szerint. (+\/- 0,05 mm, +\/- 0,01 mm)<\/div>\n<\/td>\n<\/tr>\n<tr>\n<td colspan=\"1\" rowspan=\"1\">\n<div class=\"magic-13\">Fel\u00fcletkezel\u00e9s:<\/div>\n<\/td>\n<td colspan=\"1\" rowspan=\"1\">\n<div class=\"magic-14\">Cinkbevonat\u00fa, nikkelbevonat\u00fa, kr\u00f3mbevonat\u00fa, elox\u00e1lt, foszf\u00e1tozott, k\u00e9miai feketed\u00e9s, s\u00f3f\u00fcrd\u0151s nitrid\u00e1l\u00e1s stb.<\/div>\n<\/td>\n<\/tr>\n<tr>\n<td colspan=\"1\" rowspan=\"1\">\n<div class=\"magic-13\">\u00c1tfut\u00e1si id\u0151:<\/div>\n<\/td>\n<td colspan=\"1\" rowspan=\"1\">\n<div class=\"magic-14\">20-45 nap a mennyis\u00e9gt\u0151l \u00e9s a bonyolults\u00e1gt\u00f3l f\u00fcgg<\/div>\n<\/td>\n<\/tr>\n<tr>\n<td colspan=\"1\" rowspan=\"1\">\n<div class=\"magic-13\">Alkalmaz\u00e1s:<\/div>\n<\/td>\n<td colspan=\"1\" rowspan=\"1\">\n<div class=\"magic-14\">Targonca, daru, vonat, teheraut\u00f3, f\u0171ny\u00edr\u00f3, vas\u00fati felszerel\u00e9s, orvostechnikai eszk\u00f6z, ipari g\u00e9p, aut\u00f3, elektromos<br \/>\nk\u00e9sz\u00fcl\u00e9k, automatiz\u00e1l\u00e1si g\u00e9p, m\u00e1s ipar\u00e1gak stb.,<\/div>\n<\/td>\n<\/tr>\n<tr>\n<td colspan=\"1\" rowspan=\"1\">\n<div class=\"magic-13\">Fizet\u00e9si hat\u00e1rid\u0151:<\/div>\n<\/td>\n<td colspan=\"1\" rowspan=\"1\">\n<div class=\"magic-14\">\n<p>L\/C l\u00e1tra sz\u00f3l\u00f3<\/p>\n<div>T\/T 30% el\u0151leg \u00e9s a kiegyenl\u00edtett 70% a sz\u00e1ll\u00edt\u00e1s el\u0151tt fizetend\u0151.<\/div>\n<\/div>\n<\/td>\n<\/tr>\n<tr>\n<td colspan=\"1\" rowspan=\"1\">\n<div class=\"magic-13\">Gy\u00e1rt\u00f3berendez\u00e9sek:<\/div>\n<\/td>\n<td colspan=\"1\" rowspan=\"1\">\n<div class=\"magic-14\">CNC megmunk\u00e1l\u00f3 k\u00f6zpont, CNC eszterga, k\u00f6sz\u00f6r\u0171g\u00e9p, mar\u00f3g\u00e9p, f\u0171r\u00e9szg\u00e9p, hegeszt\u0151g\u00e9p, hidraulikus pr\u00e9sg\u00e9p, f\u00far\u00e1s<br \/>\n\u00e9s menetf\u00far\u00f3 g\u00e9p, fogasker\u00e9k-alak\u00edt\u00f3 g\u00e9p stb.<\/div>\n<\/td>\n<\/tr>\n<tr>\n<td colspan=\"1\" rowspan=\"1\">\n<div class=\"magic-13\">Ellen\u0151rz\u0151 berendez\u00e9sek:<\/div>\n<\/td>\n<td colspan=\"1\" rowspan=\"1\">\n<div class=\"magic-14\">Elektronikus Penumatic m\u00e9r\u0151m\u0171szer, H\u00e1romkoordin\u00e1t\u00e1s \u00e9rz\u00e9kel\u0151 berendez\u00e9s, Rockwell kem\u00e9nys\u00e9gm\u00e9r\u0151, Digit\u00e1lis ultrahangos hibam\u00e9r\u0151<br \/>\nDetektor, Fel\u00fcleti \u00e9rdess\u00e9gm\u00e9r\u0151 m\u0171szer, Leeb kem\u00e9nys\u00e9gm\u00e9r\u0151, Burkolatm\u00e9r\u0151 m\u0171szer, S\u00f3sz\u00f3r\u00f3 teszter, Fogasker\u00e9k<br \/>\nM\u00e9r\u0151k\u00f6zpont stb.<\/div>\n<\/td>\n<\/tr>\n<tr>\n<td colspan=\"1\" rowspan=\"1\">\n<div class=\"magic-13\">Min\u0151s\u00e9gellen\u0151rz\u00e9s:<\/div>\n<\/td>\n<td colspan=\"1\" rowspan=\"1\">\n<div class=\"magic-14\">\n<p>1. A bej\u00f6v\u0151 anyagot a gy\u00e1rt\u00e1s el\u0151tt ellen\u0151rizz\u00fck.<\/p>\n<div data-spm-anchor-id=\"a2700.pc-decorate.0.i39.bc343333CIclSA\">2. Szigor\u00fa feldolgoz\u00e1si min\u0151s\u00e9gellen\u0151rz\u00e9s.<\/div>\n<div data-spm-anchor-id=\"a2700.pc-decorate.0.i39.bc343333CIclSA\">3.100% ellen\u0151rz\u00e9s a sz\u00e1ll\u00edt\u00e1s el\u0151tt.<\/div>\n<div data-spm-anchor-id=\"a2700.pc-decorate.0.i39.bc343333CIclSA\">4. Felel\u0151sek vagyunk a term\u00e9k min\u0151s\u00e9g\u00e9\u00e9rt a v\u00e9gfelhaszn\u00e1l\u00f3 fel\u00e9.<\/div>\n<\/div>\n<\/td>\n<\/tr>\n<tr>\n<td colspan=\"1\" rowspan=\"1\">\n<div class=\"magic-13\">Csomag:<\/div>\n<\/td>\n<td colspan=\"1\" rowspan=\"1\">\n<div class=\"magic-14\">\n<p>1. m\u00f3dszer: Kartondoboz vagy hull\u00e1mkarton<\/p>\n<div data-spm-anchor-id=\"a2700.pc-decorate.0.i43.bc343333CIclSA\">2. m\u00f3dszer: Fadoboz vagy fal\u00e1da<\/div>\n<div data-spm-anchor-id=\"a2700.pc-decorate.0.i43.bc343333CIclSA\">3. m\u00f3dszer: Vaskos\u00e1r vagy m\u0171anyag kos\u00e1r<\/div>\n<div data-spm-anchor-id=\"a2700.pc-decorate.0.i43.bc343333CIclSA\">4. m\u00f3dszer: Raklap<\/div>\n<\/div>\n<\/td>\n<\/tr>\n<tr>\n<td colspan=\"1\" rowspan=\"1\">\n<div class=\"magic-13\">\u00c9rt\u00e9kes\u00edt\u00e9s ut\u00e1ni szolg\u00e1ltat\u00e1s:<\/div>\n<\/td>\n<td colspan=\"1\" rowspan=\"1\">\n<div class=\"magic-14\">Nyomon k\u00f6vetj\u00fck az \u00e1rukat az \u00fcgyfelek sz\u00e1m\u00e1ra, \u00e9s seg\u00edt\u00fcnk az \u00e9rt\u00e9kes\u00edt\u00e9s ut\u00e1ni probl\u00e9m\u00e1k megold\u00e1s\u00e1ban<\/div>\n<\/td>\n<\/tr>\n<\/tbody>\n<\/table>\n<div>\n<h2 dir=\"auto\">Sokoldal\u00fa teljes\u00edtm\u00e9ny minden utaz\u00e1shoz<\/h2>\n<p class=\"break-words\" dir=\"auto\">A Precision Gear gy\u0171r\u0171- \u00e9s fogasker\u00e9k-k\u00e9szleteket \u00fagy tervezt\u00e9k, hogy kiv\u00e9teles \u00e9rt\u00e9ket k\u00e9pviseljenek a min\u0151s\u00e9g fel\u00e1ldoz\u00e1sa n\u00e9lk\u00fcl, \u00edgy kiv\u00e1l\u00f3 v\u00e1laszt\u00e1st jelentenek az aut\u00f3rajong\u00f3k sz\u00e1m\u00e1ra olyan v\u00e1rosokban, mint R\u00f3ma \u00e9s Torino. A GM, Ford, Dana, Toyota \u00e9s m\u00e1s m\u00e1rk\u00e1khoz k\u00edn\u00e1lt opci\u00f3kkal ezek a fogasker\u00e9k-k\u00e9szletek sz\u00e1mos j\u00e1rm\u0171h\u00f6z illeszkednek, biztos\u00edtva a kompatibilit\u00e1st \u00e9s a teljes\u00edtm\u00e9nyt. P\u00e9ld\u00e1ul az olyan modellek, mint az F88\/410 Ford 8,8 h\u00fcvelykes 4,10 fogaskerekes vagy a TOY\/456 Toyota 8 h\u00fcvelykes 4,56 fogaskerekes, a neh\u00e9z k\u00f6r\u00fclm\u00e9nyek elvisel\u00e9s\u00e9re k\u00e9sz\u00fcltek, megb\u00edzhat\u00f3s\u00e1got k\u00edn\u00e1lva a n\u00e1polyi napi ing\u00e1z\u00e1sokhoz vagy a toszk\u00e1nai dombokon \u00e1t\u00edvel\u0151 \u00e9l\u00e9nk aut\u00f3z\u00e1sokhoz. A Precision Gear k\u00e9szletek a v\u00e1s\u00e1rl\u00f3k 4,0 csillagos \u00e9rt\u00e9kel\u00e9s\u00e9vel t\u00e1mogatva az er\u0151t \u00e9s a megfizethet\u0151s\u00e9get jelk\u00e9pezik, seg\u00edtve az olasz aut\u00f3sokat teljes\u00edtm\u00e9nyc\u00e9ljaik magabiztos el\u00e9r\u00e9s\u00e9ben.<\/p>\n<h3 dir=\"auto\">FMP: Megb\u00edzhat\u00f3 partner az egyedi felszerel\u00e9sek ter\u00e9n<\/h3>\n<p dir=\"auto\">Az FMP-n\u00e9l b\u00fcszk\u00e9k vagyunk arra, hogy a t\u00e1ny\u00e9r- \u00e9s fogasker\u00e9k-fogaskerekek vezet\u0151 gy\u00e1rt\u00f3ja vagyunk, \u00e9s prec\u00edzi\u00f3s fogasker\u00e9k-k\u00e9szletek sz\u00e9les v\u00e1laszt\u00e9k\u00e1t k\u00edn\u00e1ljuk az olasz aut\u00f3ipari k\u00f6z\u00f6ss\u00e9g ig\u00e9nyeinek kiel\u00e9g\u00edt\u00e9s\u00e9re. Az ipar\u00e1g sz\u00edv\u00e9ben sz\u00e9kel\u00fcnk, k\u00fcl\u00f6nf\u00e9le alkalmaz\u00e1sokhoz gy\u00e1rtunk fogaskerekeket, valamint egyedi j\u00e1rm\u0171\u00e9p\u00edt\u00e9sekhez is specializ\u00e1l\u00f3dtunk.<\/p>\n<p dir=\"auto\">Ha nem tal\u00e1lja a sz\u00fcks\u00e9ges modellt a term\u00e9klist\u00e1nkban, ne agg\u00f3djon \u2013 val\u00f3sz\u00edn\u0171leg m\u00e9g nem t\u00f6lt\u00f6tt\u00fck fel. Egyszer\u0171en k\u00fcldje el nek\u00fcnk e-mailben az ig\u00e9nyeit, \u00e9s tapasztalt m\u00e9rn\u00f6keink egyike 24 \u00f3r\u00e1n bel\u00fcl v\u00e1laszol, hogy szem\u00e9lyre szabott seg\u00edts\u00e9get ny\u00fajtson.<\/p>\n<\/div>\n<p dir=\"auto\"><img loading=\"lazy\" decoding=\"async\" class=\"wp-image-7919 aligncenter\" src=\"https:\/\/fmp-components.com\/wp-content\/uploads\/2025\/04\/Precision-Gear-Ring-and-Pinion-3.webp\" alt=\"Prec\u00edzi\u00f3s fogasker\u00e9k-gy\u0171r\u0171 \u00e9s fogasker\u00e9k\" width=\"860\" height=\"860\" title=\"\" srcset=\"https:\/\/fmp-components.com\/wp-content\/uploads\/2025\/04\/Precision-Gear-Ring-and-Pinion-3.webp 860w, https:\/\/fmp-components.com\/wp-content\/uploads\/2025\/04\/Precision-Gear-Ring-and-Pinion-3-480x480.webp 480w\" sizes=\"(min-width: 0px) and (max-width: 480px) 480px, (min-width: 481px) 860px, 100vw\" \/><\/p>\n<\/div>","protected":false},"excerpt":{"rendered":"<p>Engineered Excellence for Italian Roads When it comes to optimizing your vehicle\u2019s performance, Precision Gear ring and pinion sets are the go-to choice for drivers across Italy, from the bustling streets of Milan to the scenic roads of Florence. These high-quality gear sets are engineered with advanced manufacturing techniques and premium 8620 forgings, ensuring durability [&hellip;]<\/p>","protected":false},"featured_media":7916,"comment_status":"open","ping_status":"closed","template":"","meta":{"_et_pb_use_builder":"","_et_pb_old_content":"","_et_gb_content_width":""},"product_brand":[],"product_cat":[114],"product_tag":[],"class_list":{"0":"post-7915","1":"product","2":"type-product","3":"status-publish","4":"has-post-thumbnail","6":"product_cat-ring-gear","8":"first","9":"instock","10":"shipping-taxable","11":"product-type-simple"},"_links":{"self":[{"href":"https:\/\/fmp-components.com\/hu\/wp-json\/wp\/v2\/product\/7915","targetHints":{"allow":["GET"]}}],"collection":[{"href":"https:\/\/fmp-components.com\/hu\/wp-json\/wp\/v2\/product"}],"about":[{"href":"https:\/\/fmp-components.com\/hu\/wp-json\/wp\/v2\/types\/product"}],"replies":[{"embeddable":true,"href":"https:\/\/fmp-components.com\/hu\/wp-json\/wp\/v2\/comments?post=7915"}],"wp:featuredmedia":[{"embeddable":true,"href":"https:\/\/fmp-components.com\/hu\/wp-json\/wp\/v2\/media\/7916"}],"wp:attachment":[{"href":"https:\/\/fmp-components.com\/hu\/wp-json\/wp\/v2\/media?parent=7915"}],"wp:term":[{"taxonomy":"product_brand","embeddable":true,"href":"https:\/\/fmp-components.com\/hu\/wp-json\/wp\/v2\/product_brand?post=7915"},{"taxonomy":"product_cat","embeddable":true,"href":"https:\/\/fmp-components.com\/hu\/wp-json\/wp\/v2\/product_cat?post=7915"},{"taxonomy":"product_tag","embeddable":true,"href":"https:\/\/fmp-components.com\/hu\/wp-json\/wp\/v2\/product_tag?post=7915"}],"curies":[{"name":"munkaf\u00fczet","href":"https:\/\/api.w.org\/{rel}","templated":true}]}}