{"id":791,"date":"2024-12-18T06:57:05","date_gmt":"2024-12-18T06:57:05","guid":{"rendered":"https:\/\/fmp-components.com\/?page_id=8"},"modified":"2024-12-18T07:38:40","modified_gmt":"2024-12-18T07:38:40","slug":"hydraulic-cylinder-for-stacker-reclaimer","status":"publish","type":"product","link":"https:\/\/fmp-components.com\/hu\/product\/hydraulic-cylinder-for-stacker-reclaimer\/","title":{"rendered":"Hidraulikus henger a rakod\u00f3g\u00e9p-visszanyer\u0151h\u00f6z"},"content":{"rendered":"<p style=\"text-align: center;\"><span style=\"font-size: 18pt;\">Hidraulikus henger a rakod\u00f3g\u00e9p-visszanyer\u0151h\u00f6z<\/span><\/p>\n<p>A rakod\u00f3-visszanyer\u0151 hidraulikus hengere egy alapvet\u0151 hidraulikus alkatr\u00e9sz, amelyet az \u00f6mlesztett anyagok kezel\u00e9s\u00e9ben haszn\u00e1lt rakod\u00f3- \u00e9s visszanyer\u0151 targonc\u00e1k hat\u00e9konys\u00e1g\u00e1nak \u00e9s funkcionalit\u00e1s\u00e1nak n\u00f6vel\u00e9s\u00e9re terveztek. Ez a henger kritikus szerepet j\u00e1tszik a sz\u00e9n, gabona \u00e9s \u00e1sv\u00e1nyok prec\u00edz egym\u00e1sra rak\u00e1s\u00e1hoz \u00e9s visszanyer\u00e9s\u00e9hez sz\u00fcks\u00e9ges emel\u00e9si \u00e9s mozg\u00e1si k\u00e9pess\u00e9gek biztos\u00edt\u00e1s\u00e1ban.<\/p>\n<p><img loading=\"lazy\" decoding=\"async\" class=\"alignnone size-full wp-image-804\" src=\"https:\/\/fmp-components.com\/wp-content\/uploads\/2024\/12\/Stacker-Reclaimer-Belt-Tensioning-Cylinder-1-1.webp\" alt=\"Rakod\u00f3-Visszanyer\u0151-Sz\u00edjfesz\u00edt\u0151-Henger-1\" width=\"1024\" height=\"545\" title=\"\" srcset=\"https:\/\/fmp-components.com\/wp-content\/uploads\/2024\/12\/Stacker-Reclaimer-Belt-Tensioning-Cylinder-1-1.webp 1024w, https:\/\/fmp-components.com\/wp-content\/uploads\/2024\/12\/Stacker-Reclaimer-Belt-Tensioning-Cylinder-1-1-980x522.webp 980w, https:\/\/fmp-components.com\/wp-content\/uploads\/2024\/12\/Stacker-Reclaimer-Belt-Tensioning-Cylinder-1-1-480x255.webp 480w\" sizes=\"(min-width: 0px) and (max-width: 480px) 480px, (min-width: 481px) and (max-width: 980px) 980px, (min-width: 981px) 1024px, 100vw\" \/><\/p>\n<h4>F\u0151bb jellemz\u0151k:<\/h4>\n<ul>\n<li><strong>Nagy teherb\u00edr\u00e1s:<\/strong> A jelent\u0151s s\u00falyok kezel\u00e9s\u00e9re tervezett hidraulikus munkahenger biztons\u00e1gos \u00e9s megb\u00edzhat\u00f3 m\u0171k\u00f6d\u00e9st biztos\u00edt neh\u00e9z emel\u00e9si feladatok sor\u00e1n, ami elengedhetetlen a hat\u00e9kony anyaggazd\u00e1lkod\u00e1shoz.<\/li>\n<li><strong>Robusztus konstrukci\u00f3:<\/strong> Nagy szil\u00e1rds\u00e1g\u00fa anyagokb\u00f3l k\u00e9sz\u00fclt, \u00fagy tervezt\u00e9k, hogy ellen\u00e1lljon az ipari k\u00f6rnyezet zord k\u00f6r\u00fclm\u00e9nyeinek, bele\u00e9rtve a koptat\u00f3 anyagoknak, a nedvess\u00e9gnek \u00e9s a sz\u00e9ls\u0151s\u00e9ges h\u0151m\u00e9rs\u00e9kleteknek val\u00f3 kitetts\u00e9get, biztos\u00edtva a hossz\u00fa t\u00e1v\u00fa tart\u00f3ss\u00e1got.<\/li>\n<li><strong>Sima m\u0171k\u00f6d\u00e9s:<\/strong> A fejlett hidraulikus kialak\u00edt\u00e1s foly\u00e9kony \u00e9s szab\u00e1lyozott mozg\u00e1sokat tesz lehet\u0151v\u00e9, lehet\u0151v\u00e9 t\u00e9ve a g\u00e9m \u00e9s m\u00e1s alkatr\u00e9szek optim\u00e1lis pozicion\u00e1l\u00e1s\u00e1nak gyors be\u00e1ll\u00edt\u00e1s\u00e1t a rakod\u00e1si \u00e9s visszanyer\u00e9si folyamatok sor\u00e1n.<\/li>\n<li><strong>Fokozott biztons\u00e1g:<\/strong> Biztons\u00e1gi funkci\u00f3kkal felszerelt a t\u00falterhel\u00e9s megakad\u00e1lyoz\u00e1sa \u00e9s a biztons\u00e1gos m\u0171k\u00f6d\u00e9s biztos\u00edt\u00e1sa \u00e9rdek\u00e9ben, v\u00e9dve mind a kezel\u0151ket, mind a berendez\u00e9seket az anyagmozgat\u00e1si feladatok sor\u00e1n.<\/li>\n<li><strong>Sokoldal\u00fa alkalmaz\u00e1s:<\/strong> K\u00fcl\u00f6nb\u00f6z\u0151 rakod\u00f3-visszanyer\u0151 konfigur\u00e1ci\u00f3khoz alkalmas, ez a hidraulikus henger alkalmazkodik a k\u00fcl\u00f6nb\u00f6z\u0151 m\u0171k\u00f6d\u00e9si ig\u00e9nyekhez, \u00edgy ide\u00e1lis a k\u00fcl\u00f6nf\u00e9le \u00f6mlesztett \u00e1ru kezel\u00e9si alkalmaz\u00e1sokhoz.<\/li>\n<li><strong>Alacsony karbantart\u00e1si ig\u00e9ny:<\/strong> Minim\u00e1lis kop\u00e1sra tervezt\u00e9k, cs\u00f6kkenti a gyakori karbantart\u00e1s sz\u00fcks\u00e9gess\u00e9g\u00e9t, hozz\u00e1j\u00e1rulva a termel\u00e9kenys\u00e9g n\u00f6veked\u00e9s\u00e9hez \u00e9s az \u00fczemeltet\u00e9si k\u00f6lts\u00e9gek cs\u00f6kkent\u00e9s\u00e9hez.<\/li>\n<\/ul>\n<p>\u00d6sszefoglalva, a rakod\u00f3g\u00e9p-visszanyer\u0151 hidraulikus hengere l\u00e9tfontoss\u00e1g\u00fa alkatr\u00e9sz, amely optimaliz\u00e1lja a rakod\u00f3g\u00e9pek \u00e9s visszanyer\u0151k teljes\u00edtm\u00e9ny\u00e9t \u00e9s hat\u00e9konys\u00e1g\u00e1t, jelent\u0151sen n\u00f6velve azok hat\u00e9konys\u00e1g\u00e1t az \u00f6mlesztett anyagok kezel\u00e9s\u00e9ben a k\u00fcl\u00f6nb\u00f6z\u0151 ipar\u00e1gakban.<\/p>\n<h2>Rakod\u00f3-visszanyer\u0151 v\u00e1zszerkezet-henger<\/h2>\n<p>A rakod\u00f3-visszanyer\u0151 v\u00e1zkeret\u00e9nek d\u00f6nt\u00e9si hengere egy l\u00e9tfontoss\u00e1g\u00fa hidraulikus alkatr\u00e9sz, amely a v\u00e1zkeret d\u00f6nt\u00e9si mozg\u00e1s\u00e1nak szab\u00e1lyoz\u00e1s\u00e1ra szolg\u00e1l a rakod\u00f3-visszanyer\u0151kben. Ez a henger biztos\u00edtja a sz\u00fcks\u00e9ges er\u0151t a keret sz\u00f6g\u00e9nek be\u00e1ll\u00edt\u00e1s\u00e1hoz, lehet\u0151v\u00e9 t\u00e9ve a pontos pozicion\u00e1l\u00e1st \u00f6mlesztett anyagok, p\u00e9ld\u00e1ul sz\u00e9n, gabona \u00e9s \u00e1sv\u00e1nyok rakod\u00e1sa \u00e9s visszanyer\u00e9se sor\u00e1n. Nagy szil\u00e1rds\u00e1g\u00fa anyagokb\u00f3l k\u00e9sz\u00fclt, \u00e9s \u00fagy tervezt\u00e9k, hogy ellen\u00e1lljon az ipari k\u00f6rnyezet ig\u00e9nyes k\u00f6r\u00fclm\u00e9nyeinek, biztos\u00edtva a tart\u00f3ss\u00e1got \u00e9s a megb\u00edzhat\u00f3s\u00e1got nagy terhel\u00e9sek alatt is. A sima hidraulikus m\u0171k\u00f6d\u00e9s gyors \u00e9s pontos be\u00e1ll\u00edt\u00e1st tesz lehet\u0151v\u00e9, n\u00f6velve a m\u0171k\u00f6d\u00e9si hat\u00e9konys\u00e1got \u00e9s a biztons\u00e1got. Ez a d\u00f6nt\u00e9si henger elengedhetetlen a rakod\u00f3-visszanyer\u0151k teljes\u00edtm\u00e9ny\u00e9nek optimaliz\u00e1l\u00e1s\u00e1hoz, jelent\u0151sen hozz\u00e1j\u00e1rulva az \u00f6mlesztett anyagok hat\u00e9kony kezel\u00e9s\u00e9hez k\u00fcl\u00f6nb\u00f6z\u0151 alkalmaz\u00e1sokban.<\/p>\n<p><img loading=\"lazy\" decoding=\"async\" class=\"size-full wp-image-799 aligncenter\" src=\"https:\/\/fmp-components.com\/wp-content\/uploads\/2024\/12\/Stacker-Reclaimer-Skeleton-Pitch-Cylinder.webp\" alt=\"Rakod\u00f3-visszanyer\u0151 v\u00e1zszerkezet-henger\" width=\"500\" height=\"200\" title=\"\" srcset=\"https:\/\/fmp-components.com\/wp-content\/uploads\/2024\/12\/Stacker-Reclaimer-Skeleton-Pitch-Cylinder.webp 500w, https:\/\/fmp-components.com\/wp-content\/uploads\/2024\/12\/Stacker-Reclaimer-Skeleton-Pitch-Cylinder-480x192.webp 480w\" sizes=\"(min-width: 0px) and (max-width: 480px) 480px, (min-width: 481px) 500px, 100vw\" \/><\/p>\n<table style=\"width: 91.0504%; height: 178px;\" border=\"1\" cellspacing=\"0\" cellpadding=\"0\">\n<tbody>\n<tr style=\"height: 23px;\">\n<td style=\"height: 23px;\">Term\u00e9k neve<\/td>\n<td style=\"height: 23px;\">Rakod\u00f3-visszanyer\u0151 v\u00e1zszerkezet-henger<\/td>\n<\/tr>\n<tr style=\"height: 23px;\">\n<td style=\"height: 23px;\">Jellemz\u0151k:<\/td>\n<td style=\"height: 23px;\">Ismerd fel a konzolos b\u00f3logat\u00f3 mozg\u00e1st<\/td>\n<\/tr>\n<tr style=\"height: 23px;\">\n<td style=\"height: 23px;\">Furat\u00e1tm\u00e9r\u0151:<\/td>\n<td style=\"height: 23px;\">300 mm\uff5e400 m<\/td>\n<\/tr>\n<tr style=\"height: 47px;\">\n<td style=\"height: 47px;\">R\u00fad \u00e1tm\u00e9r\u0151je:<\/td>\n<td style=\"height: 47px;\">200 mm\uff5e320 mm<br \/>\nL\u00f6ket1000mm\uff5e4500mm<\/td>\n<\/tr>\n<tr style=\"height: 23px;\">\n<td style=\"height: 23px;\">Nyom\u00e1s:<\/td>\n<td style=\"height: 23px;\">ak\u00e1r 35 MPa<\/td>\n<\/tr>\n<tr style=\"height: 23px;\">\n<td style=\"height: 23px;\">Alkalmaz\u00e1sok:<\/td>\n<td style=\"height: 23px;\">Stack Reclaimer<\/td>\n<\/tr>\n<\/tbody>\n<\/table>\n<p><img loading=\"lazy\" decoding=\"async\" class=\"alignnone  wp-image-807\" src=\"https:\/\/fmp-components.com\/wp-content\/uploads\/2024\/12\/Stacker-Reclaimer-Skeleton-Pitch-Cylinder-2.webp\" alt=\"Rakod\u00f3-Visszanyer\u0151-V\u00e1zszerkezet-Hajt\u00e1shenger\" width=\"849\" height=\"433\" title=\"\"><\/p>\n<p><img loading=\"lazy\" decoding=\"async\" class=\"alignnone  wp-image-803\" src=\"https:\/\/fmp-components.com\/wp-content\/uploads\/2024\/12\/Stacker-Reclaimer-Skeleton-Pitch-Cylinder-1.webp\" alt=\"Rakod\u00f3-visszanyer\u0151 v\u00e1zszerkezet-henger\" width=\"864\" height=\"259\" title=\"\" srcset=\"https:\/\/fmp-components.com\/wp-content\/uploads\/2024\/12\/Stacker-Reclaimer-Skeleton-Pitch-Cylinder-1.webp 864w, https:\/\/fmp-components.com\/wp-content\/uploads\/2024\/12\/Stacker-Reclaimer-Skeleton-Pitch-Cylinder-1-480x144.webp 480w\" sizes=\"(min-width: 0px) and (max-width: 480px) 480px, (min-width: 481px) 864px, 100vw\" \/><\/p>\n<h2>Rakod\u00f3-visszanyer\u0151 hajt\u00f3m\u0171 d\u0151l\u00e9ssz\u00f6g\u0171 henger<\/h2>\n<p>A rakod\u00f3-visszanyer\u0151 t\u00e1mhenger egy kulcsfontoss\u00e1g\u00fa hidraulikus alkatr\u00e9sz, amely a rakod\u00f3-visszanyer\u0151 mechanizmus d\u0151l\u00e9ssz\u00f6g\u00e9nek szab\u00e1lyoz\u00e1s\u00e1ra szolg\u00e1l. Ez a henger biztos\u00edtja a sz\u00fcks\u00e9ges er\u0151t a prec\u00edz be\u00e1ll\u00edt\u00e1sokhoz, lehet\u0151v\u00e9 t\u00e9ve a t\u00e1mhenger sz\u00e1m\u00e1ra, hogy hat\u00e9konyan rakodjon \u00e9s \u00fcr\u00edtsen \u00f6mlesztett anyagokat, p\u00e9ld\u00e1ul szenet, vas\u00e9rcet \u00e9s gabon\u00e1t. Nagy szil\u00e1rds\u00e1g\u00fa anyagokb\u00f3l k\u00e9sz\u00fclt, \u00fagy tervezt\u00e9k, hogy ellen\u00e1lljon az ipari k\u00f6rnyezet zord k\u00f6r\u00fclm\u00e9nyeinek, biztos\u00edtva a tart\u00f3ss\u00e1got \u00e9s a megb\u00edzhat\u00f3 teljes\u00edtm\u00e9nyt jelent\u0151s terhel\u00e9sek alatt. A sima hidraulikus m\u0171k\u00f6d\u00e9s lehet\u0151v\u00e9 teszi a gyors \u00e9s pontos pozicion\u00e1l\u00e1st, n\u00f6velve a m\u0171k\u00f6d\u00e9si hat\u00e9konys\u00e1got \u00e9s a biztons\u00e1got az anyagmozgat\u00e1si m\u0171veletek sor\u00e1n. Ez a d\u0151l\u00e9shenger elengedhetetlen a rakod\u00f3-visszanyer\u0151 g\u00e9pek m\u0171k\u00f6d\u00e9s\u00e9nek optimaliz\u00e1l\u00e1s\u00e1hoz, jelent\u0151sen jav\u00edtva az \u00f6mlesztett anyagkezel\u0151 rendszerek hat\u00e9konys\u00e1g\u00e1t.<\/p>\n<p><img loading=\"lazy\" decoding=\"async\" class=\"size-full wp-image-798 aligncenter\" src=\"https:\/\/fmp-components.com\/wp-content\/uploads\/2024\/12\/Stacker-Reclaimer-Chaser-Pitch-Cylinder.webp\" alt=\"Rakod\u00f3-visszanyer\u0151 hajt\u00f3m\u0171 d\u0151l\u00e9ssz\u00f6g\u0171 henger\" width=\"500\" height=\"200\" title=\"\" srcset=\"https:\/\/fmp-components.com\/wp-content\/uploads\/2024\/12\/Stacker-Reclaimer-Chaser-Pitch-Cylinder.webp 500w, https:\/\/fmp-components.com\/wp-content\/uploads\/2024\/12\/Stacker-Reclaimer-Chaser-Pitch-Cylinder-480x192.webp 480w\" sizes=\"(min-width: 0px) and (max-width: 480px) 480px, (min-width: 481px) 500px, 100vw\" \/><\/p>\n<table style=\"width: 93.3894%; height: 160px;\" border=\"1\" cellspacing=\"0\" cellpadding=\"0\">\n<tbody>\n<tr>\n<td>Term\u00e9k neve<\/td>\n<td>Rakod\u00f3-visszanyer\u0151 hajt\u00f3m\u0171 d\u0151l\u00e9ssz\u00f6g\u0171 henger<\/td>\n<\/tr>\n<tr>\n<td>Jellemz\u0151k:<\/td>\n<td>Ismerd fel a faroksz\u00edj mechanizmus\u00e1nak b\u00f3logat\u00f3 hat\u00e1s\u00e1t<\/td>\n<\/tr>\n<tr>\n<td>Furat\u00e1tm\u00e9r\u0151:<\/td>\n<td>300 mm\uff5e400 m<\/td>\n<\/tr>\n<tr>\n<td>R\u00fad \u00e1tm\u00e9r\u0151je:<\/td>\n<td>200 mm\uff5e320 mm<br \/>\nL\u00f6ket1000mm\uff5e4500mm<\/td>\n<\/tr>\n<tr>\n<td>Nyom\u00e1s:<\/td>\n<td>ak\u00e1r 35 MPa<\/td>\n<\/tr>\n<tr>\n<td>Alkalmaz\u00e1sok:<\/td>\n<td>Stack Reclaimer<\/td>\n<\/tr>\n<\/tbody>\n<\/table>\n<p><img loading=\"lazy\" decoding=\"async\" class=\"alignnone  wp-image-808\" src=\"https:\/\/fmp-components.com\/wp-content\/uploads\/2024\/12\/Stacker-Reclaimer-Chaser-Pitch-Cylinders-1-1.webp\" alt=\"Rakod\u00f3-Visszanyer\u0151-Furav\u00e1g\u00f3-Oszt\u00f3hengerek-1\" width=\"860\" height=\"475\" title=\"\"><\/p>\n<p><img loading=\"lazy\" decoding=\"async\" class=\"alignnone  wp-image-802\" src=\"https:\/\/fmp-components.com\/wp-content\/uploads\/2024\/12\/Stacker-Reclaimer-Chaser-Pitch-Cylinder-1.webp\" alt=\"Rakod\u00f3-visszanyer\u0151 hajt\u00f3m\u0171 d\u0151l\u00e9ssz\u00f6g\u0171 henger\" width=\"871\" height=\"289\" title=\"\" srcset=\"https:\/\/fmp-components.com\/wp-content\/uploads\/2024\/12\/Stacker-Reclaimer-Chaser-Pitch-Cylinder-1.webp 871w, https:\/\/fmp-components.com\/wp-content\/uploads\/2024\/12\/Stacker-Reclaimer-Chaser-Pitch-Cylinder-1-480x159.webp 480w\" sizes=\"(min-width: 0px) and (max-width: 480px) 480px, (min-width: 481px) 871px, 100vw\" \/><\/p>\n<h2>Rakod\u00f3-visszanyer\u0151 sz\u00edjfesz\u00edt\u0151 henger<\/h2>\n<p>A rakod\u00f3-visszanyer\u0151 sz\u00e1ll\u00edt\u00f3szalagok fesz\u00edt\u0151hengere egy alapvet\u0151 hidraulikus alkatr\u00e9sz, amely a rakod\u00f3-visszanyer\u0151 sz\u00e1ll\u00edt\u00f3szalagjainak megfelel\u0151 feszess\u00e9g\u00e9nek fenntart\u00e1s\u00e1ra szolg\u00e1l. Ez a henger biztos\u00edtja a sz\u00fcks\u00e9ges er\u0151t a sz\u00edjfeszess\u00e9g be\u00e1ll\u00edt\u00e1s\u00e1hoz \u00e9s fenntart\u00e1s\u00e1hoz, biztos\u00edtva az optim\u00e1lis teljes\u00edtm\u00e9nyt \u00f6mlesztett anyagok, p\u00e9ld\u00e1ul sz\u00e9n, gabona \u00e9s \u00e1sv\u00e1nyok rakod\u00e1sa \u00e9s visszanyer\u00e9se sor\u00e1n. Nagy szil\u00e1rds\u00e1g\u00fa anyagokb\u00f3l k\u00e9sz\u00fclt, \u00fagy tervezt\u00e9k, hogy ellen\u00e1lljon az ipari k\u00f6rnyezet szigor\u00fa k\u00f6vetelm\u00e9nyeinek, tart\u00f3ss\u00e1got \u00e9s megb\u00edzhat\u00f3s\u00e1got biztos\u00edtva nagy terhel\u00e9sek alatt. A sima hidraulikus m\u0171k\u00f6d\u00e9s lehet\u0151v\u00e9 teszi a prec\u00edz be\u00e1ll\u00edt\u00e1sokat, n\u00f6veli a m\u0171k\u00f6d\u00e9si hat\u00e9konys\u00e1got, \u00e9s megakad\u00e1lyozza a sz\u00edj megcs\u00fasz\u00e1s\u00e1t vagy kop\u00e1s\u00e1t. Ez a fesz\u00edt\u0151henger kritikus fontoss\u00e1g\u00fa a sz\u00e1ll\u00edt\u00f3szalag-rendszerek teljes\u00edtm\u00e9ny\u00e9nek \u00e9s hossz\u00fa \u00e9lettartam\u00e1nak optimaliz\u00e1l\u00e1s\u00e1hoz az \u00f6mlesztett anyagok kezel\u00e9s\u00e9ben.<\/p>\n<p><img loading=\"lazy\" decoding=\"async\" class=\"size-full wp-image-797 aligncenter\" src=\"https:\/\/fmp-components.com\/wp-content\/uploads\/2024\/12\/Stacker-Reclaimer-Belt-Tensioning-Cylinder.webp\" alt=\"Rakod\u00f3-visszanyer\u0151 sz\u00edjfesz\u00edt\u0151 henger\" width=\"500\" height=\"200\" title=\"\" srcset=\"https:\/\/fmp-components.com\/wp-content\/uploads\/2024\/12\/Stacker-Reclaimer-Belt-Tensioning-Cylinder.webp 500w, https:\/\/fmp-components.com\/wp-content\/uploads\/2024\/12\/Stacker-Reclaimer-Belt-Tensioning-Cylinder-480x192.webp 480w\" sizes=\"(min-width: 0px) and (max-width: 480px) 480px, (min-width: 481px) 500px, 100vw\" \/><\/p>\n<table style=\"width: 93.3905%; height: 211px;\" border=\"1\" cellspacing=\"0\" cellpadding=\"0\">\n<tbody>\n<tr style=\"height: 47px;\">\n<td style=\"height: 47px;\">Term\u00e9k neve<\/td>\n<td style=\"height: 47px;\">Rakod\u00f3-visszanyer\u0151 sz\u00edjfesz\u00edt\u0151 henger<\/td>\n<\/tr>\n<tr style=\"height: 23px;\">\n<td style=\"height: 23px;\">Jellemz\u0151k:<\/td>\n<td style=\"height: 23px;\">Figyelje meg a sz\u00edj feszess\u00e9g\u00e9t \u00e9s lazas\u00e1g\u00e1t<\/td>\n<\/tr>\n<tr style=\"height: 47px;\">\n<td style=\"height: 47px;\">Furat\u00e1tm\u00e9r\u0151:<\/td>\n<td style=\"height: 47px;\">80 mm\uff5e180 m<\/td>\n<\/tr>\n<tr style=\"height: 47px;\">\n<td style=\"height: 47px;\">R\u00fad \u00e1tm\u00e9r\u0151je:<\/td>\n<td style=\"height: 47px;\">45 mm\uff5e120 mm<br \/>\nL\u00f6ket500mm\uff5e1500mm<\/td>\n<\/tr>\n<tr style=\"height: 23px;\">\n<td style=\"height: 23px;\">Nyom\u00e1s:<\/td>\n<td style=\"height: 23px;\">ak\u00e1r 35 MPa<\/td>\n<\/tr>\n<tr style=\"height: 23px;\">\n<td style=\"height: 23px;\">Alkalmaz\u00e1sok:<\/td>\n<td style=\"height: 23px;\">Stack Reclaimer<\/td>\n<\/tr>\n<\/tbody>\n<\/table>\n<h2><img loading=\"lazy\" decoding=\"async\" class=\"alignnone  wp-image-801\" src=\"https:\/\/fmp-components.com\/wp-content\/uploads\/2024\/12\/Stacker-Reclaimer-Belt-Tensioning-Cylinder-1.webp\" alt=\"Rakod\u00f3-visszanyer\u0151 sz\u00edjfesz\u00edt\u0151 henger\" width=\"865\" height=\"255\" title=\"\" srcset=\"https:\/\/fmp-components.com\/wp-content\/uploads\/2024\/12\/Stacker-Reclaimer-Belt-Tensioning-Cylinder-1.webp 865w, https:\/\/fmp-components.com\/wp-content\/uploads\/2024\/12\/Stacker-Reclaimer-Belt-Tensioning-Cylinder-1-480x141.webp 480w\" sizes=\"(min-width: 0px) and (max-width: 480px) 480px, (min-width: 481px) 865px, 100vw\" \/>A rakod\u00f3-visszanyer\u0151 hidraulikus henger el\u0151nyei<\/h2>\n<p>A rakod\u00f3g\u00e9p-visszanyer\u0151 hidraulikus hengere sz\u00e1mos kulcsfontoss\u00e1g\u00fa el\u0151nnyel j\u00e1r, amelyek n\u00f6velik a rakod\u00f3g\u00e9p-visszanyer\u0151k teljes\u00edtm\u00e9ny\u00e9t \u00e9s megb\u00edzhat\u00f3s\u00e1g\u00e1t az \u00f6mlesztett anyagmozgat\u00e1si m\u0171veletek sor\u00e1n.<\/p>\n<ol>\n<li><strong>Nagy teherb\u00edr\u00e1s:<\/strong> Ez a jelent\u0151s s\u00falyok kezel\u00e9s\u00e9re tervezett hidraulikus henger biztons\u00e1gos \u00e9s hat\u00e9kony m\u0171k\u00f6d\u00e9st biztos\u00edt neh\u00e9z emel\u00e9si \u00e9s anyagmozgat\u00e1si feladatok sor\u00e1n, ami elengedhetetlen a hat\u00e9kony teljes\u00edtm\u00e9nyhez ipari k\u00f6rnyezetben.<\/li>\n<li><strong>Prec\u00edz vez\u00e9rl\u00e9s:<\/strong> A hidraulikus rendszer sima \u00e9s pontos be\u00e1ll\u00edt\u00e1st tesz lehet\u0151v\u00e9, lehet\u0151v\u00e9 t\u00e9ve a kezel\u0151k sz\u00e1m\u00e1ra a rakod\u00f3g\u00e9p-kiszed\u0151 hat\u00e9kony pozicion\u00e1l\u00e1s\u00e1t. Ez a pontoss\u00e1g cs\u00f6kkenti a balesetek kock\u00e1zat\u00e1t \u00e9s jav\u00edtja az \u00e1ltal\u00e1nos m\u0171k\u00f6d\u00e9si hat\u00e9konys\u00e1got.<\/li>\n<li><strong>Robusztus konstrukci\u00f3:<\/strong> A nagy szil\u00e1rds\u00e1g\u00fa anyagokb\u00f3l k\u00e9sz\u00fclt hidraulikus henger \u00fagy van kialak\u00edtva, hogy ellen\u00e1lljon a zord ipari k\u00f6r\u00fclm\u00e9nyeknek, bele\u00e9rtve a koptat\u00f3 anyagoknak, a nedvess\u00e9gnek \u00e9s a sz\u00e9ls\u0151s\u00e9ges h\u0151m\u00e9rs\u00e9kleteknek val\u00f3 kitetts\u00e9get, biztos\u00edtva a tart\u00f3ss\u00e1got \u00e9s a hossz\u00fa t\u00e1v\u00fa teljes\u00edtm\u00e9nyt.<\/li>\n<li><strong>Tov\u00e1bbfejlesztett biztons\u00e1gi funkci\u00f3k:<\/strong> A t\u00falterhel\u00e9s megakad\u00e1lyoz\u00e1s\u00e1ra \u00e9s a biztons\u00e1gos m\u0171k\u00f6d\u00e9s biztos\u00edt\u00e1s\u00e1ra szolg\u00e1l\u00f3 biztons\u00e1gi mechanizmusokkal felszerelt hidraulikus henger v\u00e9di mind a kezel\u0151ket, mind a berendez\u00e9seket az anyagmozgat\u00e1si folyamatok sor\u00e1n.<\/li>\n<li><strong>Hat\u00e9kony m\u0171k\u00f6d\u00e9s:<\/strong> A sima hidraulikus m\u0171k\u00f6d\u00e9s minimaliz\u00e1lja mind a henger, mind a rakod\u00f3g\u00e9p-kiszed\u0151 kop\u00e1s\u00e1t, ami hozz\u00e1j\u00e1rul a karbantart\u00e1si ig\u00e9ny cs\u00f6kkent\u00e9s\u00e9hez \u00e9s a termel\u00e9kenys\u00e9g jav\u00edt\u00e1s\u00e1hoz.<\/li>\n<li><strong>Sokoldal\u00fa alkalmaz\u00e1s:<\/strong> K\u00fcl\u00f6nb\u00f6z\u0151 rakod\u00f3-visszanyer\u0151 konfigur\u00e1ci\u00f3khoz alkalmas, ez a hidraulikus henger alkalmazkodik a k\u00fcl\u00f6nb\u00f6z\u0151 m\u0171k\u00f6d\u00e9si ig\u00e9nyekhez, \u00edgy ide\u00e1lis sz\u00e9les k\u00f6r\u0171 \u00f6mlesztett \u00e1rukezel\u00e9si alkalmaz\u00e1sokhoz.<\/li>\n<li><strong>Alacsony karbantart\u00e1si ig\u00e9ny:<\/strong> Minim\u00e1lis kop\u00e1sra tervezt\u00e9k, cs\u00f6kkenti a karbantart\u00e1s \u00e9s az \u00e1ll\u00e1sid\u0151 gyakoris\u00e1g\u00e1t, ami alacsonyabb \u00fczemeltet\u00e9si k\u00f6lts\u00e9gekhez \u00e9s nagyobb termel\u00e9kenys\u00e9ghez vezet.<\/li>\n<li><strong>Tov\u00e1bbfejlesztett anyagmozgat\u00e1s:<\/strong> Az alkatr\u00e9szek optim\u00e1lis feszess\u00e9g\u00e9nek \u00e9s pozicion\u00e1l\u00e1s\u00e1nak fenntart\u00e1s\u00e1val a hidraulikus henger n\u00f6veli a rakod\u00e1si \u00e9s visszanyer\u00e9si m\u0171veletek hat\u00e9konys\u00e1g\u00e1t, hozz\u00e1j\u00e1rulva az \u00f6mlesztett anyagok jobb \u00e1ltal\u00e1nos kezel\u00e9s\u00e9hez.<\/li>\n<\/ol>\n<p>\u00d6sszefoglalva, a rakod\u00f3g\u00e9p-visszanyer\u0151 hidraulikus hengere elengedhetetlen a rakod\u00f3g\u00e9p-visszanyer\u0151k hat\u00e9konys\u00e1g\u00e1nak, biztons\u00e1g\u00e1nak \u00e9s megb\u00edzhat\u00f3s\u00e1g\u00e1nak optimaliz\u00e1l\u00e1s\u00e1hoz, jelent\u0151sen jav\u00edtva teljes\u00edtm\u00e9ny\u00fcket k\u00fcl\u00f6nf\u00e9le ipari alkalmaz\u00e1sokban.<\/p>\n<p><img loading=\"lazy\" decoding=\"async\" class=\"alignnone  wp-image-805\" src=\"https:\/\/fmp-components.com\/wp-content\/uploads\/2024\/12\/Chaser-Pitch-Cylinder-for-Stacker-Reclaimer.webp\" alt=\"Chaser-Pitch-henger-rakod\u00f3-visszanyer\u0151h\u00f6z\" width=\"911\" height=\"501\" title=\"\"><\/p>\n<h3>Az FMP-r\u0151l<\/h3>\n<p>Az FMP egy speci\u00e1lis g\u00e9pgy\u00e1rt\u00f3 v\u00e1llalat, amely hidraulikus hengerek gy\u00e1rt\u00e1s\u00e1ra specializ\u00e1l\u00f3dott. Megalakul\u00e1sa \u00f3ta a v\u00e1llalat a hidraulikus technol\u00f3gia kutat\u00e1s\u00e1ra \u00e9s gy\u00e1rt\u00e1s\u00e1ra \u00f6sszpontos\u00edt, \u00e9s sikeresen \u00e1tt\u00e9rt a soksz\u00edn\u0171 term\u00e9kk\u00edn\u00e1latr\u00f3l, amely mag\u00e1ban foglalta a betakar\u00edt\u00f3 \u00e9s \u00e9p\u00edt\u0151ipari g\u00e9peket, a mez\u0151gazdas\u00e1gi traktoralkatr\u00e9szekre specializ\u00e1l\u00f3d\u00e1sra. T\u00f6bb mint egy \u00e9vtizedes gy\u00e1rt\u00e1si \u00e9s ir\u00e1ny\u00edt\u00e1si tapasztalattal az FMP fejlett gy\u00e1rt\u00e1si technik\u00e1kkal biztos\u00edtja a kiv\u00e1l\u00f3 min\u0151s\u00e9g\u0171 term\u00e9keket.<\/p>\n<p>A v\u00e1llalat fejl\u0151d\u00e9s\u00e9vel \u00e1tfog\u00f3 megmunk\u00e1l\u00f3 gy\u00e1rt\u00f3sort, \u00f6sszeszerel\u0151 sort \u00e9s bevon\u00f3sort fejlesztett ki. Csapatunk k\u00e9pzett vezet\u0151kb\u0151l, tapasztalt g\u00e9p\u00e9sztervez\u0151kb\u0151l \u00e9s magasan k\u00e9pzett technikusokb\u00f3l \u00e1ll, akik egy\u00fcttm\u0171k\u00f6dve biztos\u00edtj\u00e1k a stabil termel\u00e9si min\u0151s\u00e9get, mik\u00f6zben hat\u00e9konyan ellen\u0151rzik a folyamatok folytonoss\u00e1g\u00e1t \u00e9s hat\u00e9konys\u00e1g\u00e1t.<\/p>\n<p>Az FMP a k\u00f6vetkez\u0151 filoz\u00f3fi\u00e1t vallja: \u201eA technol\u00f3giai innov\u00e1ci\u00f3 hajtja a fejl\u0151d\u00e9st, a min\u0151s\u00e9g teremti a m\u00e1rk\u00e1kat, a szak\u00e9rtelem garant\u00e1lja a min\u0151s\u00e9get, \u00e9s hossz\u00fa t\u00e1v\u00fa, mindenki sz\u00e1m\u00e1ra el\u0151ny\u00f6s kapcsolatokat \u00e9p\u00edt.\u201d Elk\u00f6telezetts\u00e9g\u00fcnk a kiv\u00e1l\u00f3 min\u0151s\u00e9g\u0171 term\u00e9kek \u00e9s a kiv\u00e1l\u00f3 \u00fcgyf\u00e9lszolg\u00e1lat ir\u00e1nt tov\u00e1bbra is alapvet\u0151 c\u00e9lunk, mik\u00f6zben folyamatosan megfelel\u00fcnk a piac v\u00e1ltoz\u00f3 ig\u00e9nyeinek.<\/p>\n<p><img loading=\"lazy\" decoding=\"async\" class=\"alignnone size-full wp-image-426\" src=\"https:\/\/fmp-components.com\/wp-content\/uploads\/2024\/12\/Sanitation-Machinery-Locking-Hydraulic-Cylinder-factory.webp\" sizes=\"(min-width: 0px) and (max-width: 480px) 480px, (min-width: 481px) and (max-width: 980px) 980px, (min-width: 981px) and (max-width: 1280px) 1280px, (min-width: 1281px) 1414px, 100vw\" srcset=\"https:\/\/fmp-components.com\/wp-content\/uploads\/2024\/12\/Sanitation-Machinery-Locking-Hydraulic-Cylinder-factory.webp 1414w, https:\/\/fmp-components.com\/wp-content\/uploads\/2024\/12\/Sanitation-Machinery-Locking-Hydraulic-Cylinder-factory-1280x529.webp 1280w, https:\/\/fmp-components.com\/wp-content\/uploads\/2024\/12\/Sanitation-Machinery-Locking-Hydraulic-Cylinder-factory-980x405.webp 980w, https:\/\/fmp-components.com\/wp-content\/uploads\/2024\/12\/Sanitation-Machinery-Locking-Hydraulic-Cylinder-factory-480x198.webp 480w\" alt=\"Higi\u00e9niai-G\u00e9p-Z\u00e1r\u00f3-Hidraulikus-Henger-gy\u00e1r\" width=\"1414\" height=\"584\" title=\"\"><\/p>\n<p>Szerz\u0151: CX<\/p>","protected":false},"excerpt":{"rendered":"<p>A rakod\u00f3g\u00e9p-visszanyer\u0151 hidraulikus hengere egy kulcsfontoss\u00e1g\u00fa hidraulikus alkatr\u00e9sz, amelyet \u00f6mlesztett anyagmozgat\u00f3 rendszerekben haszn\u00e1lnak, \u00e9s amelynek c\u00e9lja a rakod\u00f3g\u00e9pek \u00e9s visszanyer\u0151k sz\u00fcks\u00e9ges emel\u00e9si \u00e9s mozg\u00e1si k\u00e9pess\u00e9g\u00e9nek biztos\u00edt\u00e1sa. Ez a henger lehet\u0151v\u00e9 teszi a g\u00e9m \u00e9s m\u00e1s m\u0171k\u00f6d\u00e9si mechanizmusok prec\u00edz vez\u00e9rl\u00e9s\u00e9t, lehet\u0151v\u00e9 t\u00e9ve az olyan anyagok, mint a sz\u00e9n, a gabona \u00e9s az \u00e1sv\u00e1nyok hat\u00e9kony rakod\u00e1s\u00e1t \u00e9s visszanyer\u00e9s\u00e9t. Nagy szil\u00e1rds\u00e1g\u00fa anyagokb\u00f3l k\u00e9sz\u00fclt, \u00e9s \u00fagy tervezt\u00e9k, hogy ellen\u00e1lljon az ipari k\u00f6rnyezet ig\u00e9nyes k\u00f6r\u00fclm\u00e9nyeinek, biztos\u00edtva a tart\u00f3ss\u00e1got \u00e9s a megb\u00edzhat\u00f3s\u00e1got nagy terhel\u00e9sek alatt. A sima hidraulikus m\u0171k\u00f6d\u00e9s lehet\u0151v\u00e9 teszi a gyors be\u00e1ll\u00edt\u00e1sokat \u00e9s n\u00f6veli a m\u0171k\u00f6d\u00e9si hat\u00e9konys\u00e1got, \u00edgy elengedhetetlen a rakod\u00f3g\u00e9p-visszanyer\u0151k teljes\u00edtm\u00e9ny\u00e9nek optimaliz\u00e1l\u00e1s\u00e1hoz k\u00fcl\u00f6nb\u00f6z\u0151 alkalmaz\u00e1sokban, bele\u00e9rtve a kik\u00f6t\u0151ket, er\u0151m\u0171veket \u00e9s gy\u00e1rt\u00f3\u00fczemeket.<\/p>","protected":false},"featured_media":796,"comment_status":"open","ping_status":"closed","template":"","meta":{"_et_pb_use_builder":"","_et_pb_old_content":"","_et_gb_content_width":""},"product_brand":[],"product_cat":[28],"product_tag":[],"class_list":{"0":"post-791","1":"product","2":"type-product","3":"status-publish","4":"has-post-thumbnail","6":"product_cat-offshore-hydraulic-cylinders","8":"first","9":"instock","10":"shipping-taxable","11":"product-type-simple"},"_links":{"self":[{"href":"https:\/\/fmp-components.com\/hu\/wp-json\/wp\/v2\/product\/791","targetHints":{"allow":["GET"]}}],"collection":[{"href":"https:\/\/fmp-components.com\/hu\/wp-json\/wp\/v2\/product"}],"about":[{"href":"https:\/\/fmp-components.com\/hu\/wp-json\/wp\/v2\/types\/product"}],"replies":[{"embeddable":true,"href":"https:\/\/fmp-components.com\/hu\/wp-json\/wp\/v2\/comments?post=791"}],"wp:featuredmedia":[{"embeddable":true,"href":"https:\/\/fmp-components.com\/hu\/wp-json\/wp\/v2\/media\/796"}],"wp:attachment":[{"href":"https:\/\/fmp-components.com\/hu\/wp-json\/wp\/v2\/media?parent=791"}],"wp:term":[{"taxonomy":"product_brand","embeddable":true,"href":"https:\/\/fmp-components.com\/hu\/wp-json\/wp\/v2\/product_brand?post=791"},{"taxonomy":"product_cat","embeddable":true,"href":"https:\/\/fmp-components.com\/hu\/wp-json\/wp\/v2\/product_cat?post=791"},{"taxonomy":"product_tag","embeddable":true,"href":"https:\/\/fmp-components.com\/hu\/wp-json\/wp\/v2\/product_tag?post=791"}],"curies":[{"name":"munkaf\u00fczet","href":"https:\/\/api.w.org\/{rel}","templated":true}]}}