{"id":7898,"date":"2025-04-09T08:43:15","date_gmt":"2025-04-09T08:43:15","guid":{"rendered":"https:\/\/fmp-components.com\/?post_type=product&#038;p=7898"},"modified":"2025-04-14T08:55:11","modified_gmt":"2025-04-14T08:55:11","slug":"internal-ring-gear","status":"publish","type":"product","link":"https:\/\/fmp-components.com\/hu\/product\/internal-ring-gear\/","title":{"rendered":"Bels\u0151 gy\u0171r\u0171s fogasker\u00e9k"},"content":{"rendered":"<h2>A bels\u0151 gy\u0171r\u0171s fogaskerekek meg\u00e9rt\u00e9se<\/h2>\n<div><\/div>\n<div>Bels\u0151 <a href=\"https:\/\/fmp-components.com\/hu\/ring-gear\/\">gy\u0171r\u0171s fogaskerekek<\/a> A mechanikus rendszerek alapvet\u0151 alkot\u00f3elemei, amelyeket a sebess\u00e9g cs\u00f6kkent\u00e9s\u00e9re \u00e9s a nyomat\u00e9k n\u00f6vel\u00e9s\u00e9re terveztek soros tengelyalkalmaz\u00e1sokban. A k\u00fcls\u0151 fogaskerekekkel ellent\u00e9tben ezek a hengeres fogaskerekek bels\u0151 \u00e1tm\u00e9r\u0151j\u00e9be v\u00e1gott fogakkal rendelkeznek, amelyek lehet\u0151v\u00e9 teszik sz\u00e1mukra, hogy z\u00f6kken\u0151mentesen illeszkedjenek a homlokkerekekhez vagy a fogaskerekekhez. Ez a kialak\u00edt\u00e1s lehet\u0151v\u00e9 teszi, hogy a hajt\u00f3 fogasker\u00e9k a fogasker\u00e9ken bel\u00fcl forogjon, \u00edgy sima \u00e9s hat\u00e9kony teljes\u00edtm\u00e9nyt biztos\u00edt. A bels\u0151 gy\u0171r\u0171s fogaskerekeket sz\u00e9les k\u00f6rben haszn\u00e1lj\u00e1k bolyg\u00f3kerekes hajt\u00f3m\u0171vekben, fogasker\u00e9k-tengelykapcsol\u00f3kban \u00e9s m\u00e1s olyan rendszerekben, amelyek kompakt, nagy nyomat\u00e9k\u00fa megold\u00e1sokat ig\u00e9nyelnek. Ezeknek a fogaskerekeknek a gy\u00e1rt\u00e1sa jellemz\u0151en fogasker\u00e9k-v\u00e1g\u00f3kkal ell\u00e1tott fogasker\u00e9k-alak\u00edt\u00f3 g\u00e9peket foglal mag\u00e1ban, b\u00e1r a modern technik\u00e1k, mint p\u00e9ld\u00e1ul a h\u00e1ntol\u00e1s, fokozt\u00e1k a termel\u00e9si hat\u00e9konys\u00e1got. Komplex geometri\u00e1juk azonban kih\u00edv\u00e1sokat jelent \u2013 \u200b\u200bk\u00fcl\u00f6n\u00f6sen a v\u00e9konyabb gy\u0171r\u0171k eset\u00e9ben, amelyek szerkezeti integrit\u00e1si probl\u00e9m\u00e1kkal vagy megmunk\u00e1l\u00e1si fesz\u00fclts\u00e9gekkel szembes\u00fclhetnek.<\/div>\n<h3>Specifik\u00e1ci\u00f3<\/h3>\n<p>Bels\u0151 t\u00e1ny\u00e9rker\u00e9k, amelynek a perem\u00e9nek bels\u0151 fel\u00fclet\u00e9n fogazat van.<\/p>\n<table border=\"1\" width=\"881\" cellspacing=\"0\" cellpadding=\"0\">\n<tbody>\n<tr>\n<td height=\"39\">Term\u00e9kek<\/td>\n<td>Bels\u0151 gy\u0171r\u0171s fogasker\u00e9k<\/td>\n<\/tr>\n<tr>\n<td height=\"39\">Egyedi gy\u00e1rt\u00e1s\u00fa<\/td>\n<td>\u221a<\/td>\n<\/tr>\n<tr>\n<td height=\"39\">Fogasker\u00e9k profil t\u00edpusa<\/td>\n<td>Hengeres gy\u0171r\u0171s fogasker\u00e9k<\/td>\n<\/tr>\n<tr>\n<td height=\"39\">Fogasker\u00e9k-fogak gy\u00e1rt\u00e1sa<\/td>\n<td>Fogasker\u00e9k-alak\u00edt\u00e1s<\/td>\n<\/tr>\n<tr>\n<td height=\"39\">Fogasker\u00e9k-csiszol\u00e1s<\/td>\n<td>* Sz\u00fcks\u00e9g eset\u00e9n<\/td>\n<\/tr>\n<tr>\n<td height=\"39\">Modul (M)<\/td>\n<td>Szok\u00e1s<\/td>\n<\/tr>\n<tr>\n<td height=\"39\">Fogak sz\u00e1ma (Z)<\/td>\n<td>Szok\u00e1s<\/td>\n<\/tr>\n<tr>\n<td>Nyom\u00e1ssz\u00f6g (\u03b1)<\/td>\n<td>Szok\u00e1s<\/td>\n<\/tr>\n<tr>\n<td height=\"31\">H\u00e9lixsz\u00f6g (\u03b2)<\/td>\n<td>Szok\u00e1s<\/td>\n<\/tr>\n<tr>\n<td height=\"23\">Fogak pontoss\u00e1gi oszt\u00e1lya<\/td>\n<td>ISO 8-9 fokozat<\/td>\n<\/tr>\n<tr>\n<td height=\"15\">H\u0151kezel\u00e9s<\/td>\n<td>Edz\u00e9s \u00e9s megereszt\u00e9s\/indukci\u00f3s edz\u00e9s<\/td>\n<\/tr>\n<tr>\n<td>Kem\u00e9nys\u00e9g<\/td>\n<td>230-260 HB<\/td>\n<\/tr>\n<\/tbody>\n<\/table>\n<p>&nbsp;<\/p>\n<table style=\"width: 99.1544%;\" border=\"1\" width=\"796\" cellspacing=\"0\" cellpadding=\"0\">\n<tbody>\n<tr>\n<td style=\"width: 116.377%;\" colspan=\"6\" height=\"36\">AC\u00c9LMIN\u0150S\u00c9GEK \u00d6SSZEHASONL\u00cdT\u00c1SA<\/td>\n<\/tr>\n<tr>\n<td style=\"width: 18.5139%;\" height=\"36\">K\u00cdNA\/NAGY-BRITANNIA<\/td>\n<td style=\"width: 18.136%;\">ISO<\/td>\n<td style=\"width: 17.3804%;\">GOST<\/td>\n<td style=\"width: 10.0756%;\">ASTM<\/td>\n<td style=\"width: 16.4987%;\">JIS<\/td>\n<td style=\"width: 35.7722%;\">L\u00c1RMA<\/td>\n<\/tr>\n<tr>\n<td style=\"width: 18.5139%;\" height=\"36\">45<\/td>\n<td style=\"width: 18.136%;\">C45E4<\/td>\n<td style=\"width: 17.3804%;\">45<\/td>\n<td style=\"width: 10.0756%;\">1045<\/td>\n<td style=\"width: 16.4987%;\">S45C<\/td>\n<td style=\"width: 35.7722%;\">CK45<\/td>\n<\/tr>\n<tr>\n<td style=\"width: 18.5139%;\" height=\"36\">40Cr<\/td>\n<td style=\"width: 18.136%;\">41Cr4<\/td>\n<td style=\"width: 17.3804%;\">40x<\/td>\n<td style=\"width: 10.0756%;\">5140<\/td>\n<td style=\"width: 16.4987%;\">SCr440<\/td>\n<td style=\"width: 35.7722%;\">41Cr4<\/td>\n<\/tr>\n<tr>\n<td style=\"width: 18.5139%;\" height=\"36\">20CrMo<\/td>\n<td style=\"width: 18.136%;\">18CrMo4<\/td>\n<td style=\"width: 17.3804%;\">20\u0425\u041c<\/td>\n<td style=\"width: 10.0756%;\">4118<\/td>\n<td style=\"width: 16.4987%;\">SCM22<\/td>\n<td style=\"width: 35.7722%;\">25CrMo4<\/td>\n<\/tr>\n<tr>\n<td style=\"width: 18.5139%;\" height=\"36\">42CrMo<\/td>\n<td style=\"width: 18.136%;\">42CrMo4<\/td>\n<td style=\"width: 17.3804%;\">38XM<\/td>\n<td style=\"width: 10.0756%;\">4140<\/td>\n<td style=\"width: 16.4987%;\">SCM440<\/td>\n<td style=\"width: 35.7722%;\">42CrMo4<\/td>\n<\/tr>\n<tr>\n<td style=\"width: 18.5139%;\" height=\"36\">20CrMnTi<\/td>\n<td style=\"width: 18.136%;\"><\/td>\n<td style=\"width: 17.3804%;\">18X\u0413T<\/td>\n<td style=\"width: 10.0756%;\"><\/td>\n<td style=\"width: 16.4987%;\">SMK22<\/td>\n<td style=\"width: 35.7722%;\"><\/td>\n<\/tr>\n<tr>\n<td style=\"width: 18.5139%;\" height=\"36\">20Cr\u2082Ni\u2084<\/td>\n<td style=\"width: 18.136%;\"><\/td>\n<td style=\"width: 17.3804%;\">20X2H4A<\/td>\n<td style=\"width: 10.0756%;\"><\/td>\n<td style=\"width: 16.4987%;\"><\/td>\n<td style=\"width: 35.7722%;\"><\/td>\n<\/tr>\n<tr>\n<td style=\"width: 18.5139%;\" height=\"36\">20CrNiMo<\/td>\n<td style=\"width: 18.136%;\">20CrNiMo2<\/td>\n<td style=\"width: 17.3804%;\">20XHM<\/td>\n<td style=\"width: 10.0756%;\">8720<\/td>\n<td style=\"width: 16.4987%;\">SNCM220<\/td>\n<td style=\"width: 35.7722%;\">21NiCrMo2<\/td>\n<\/tr>\n<tr>\n<td style=\"width: 18.5139%;\" height=\"36\">40CrNiMoA<\/td>\n<td style=\"width: 18.136%;\"><\/td>\n<td style=\"width: 17.3804%;\">40XH2MA\/<br \/>\n40XHMA<\/td>\n<td style=\"width: 10.0756%;\">4340<\/td>\n<td style=\"width: 16.4987%;\">SNCM439<\/td>\n<td style=\"width: 35.7722%;\">40NiCrMo6\/<br \/>\n36NiCrMo4<\/td>\n<\/tr>\n<tr>\n<td style=\"width: 18.5139%;\" height=\"36\">20CrNi2Mo<\/td>\n<td style=\"width: 18.136%;\">20NiCrMo7<\/td>\n<td style=\"width: 17.3804%;\">20XH2MA<\/td>\n<td style=\"width: 10.0756%;\">4320<\/td>\n<td style=\"width: 16.4987%;\">SNCM420<\/td>\n<td style=\"width: 35.7722%;\"><\/td>\n<\/tr>\n<\/tbody>\n<\/table>\n<p><img loading=\"lazy\" decoding=\"async\" class=\"alignnone size-full wp-image-7899\" src=\"https:\/\/fmp-components.com\/wp-content\/uploads\/2025\/04\/internal-ring-gear-product-image.webp\" alt=\"bels\u0151 gy\u0171r\u0171s fogasker\u00e9k term\u00e9kk\u00e9p\" width=\"2000\" height=\"1400\" title=\"\" srcset=\"https:\/\/fmp-components.com\/wp-content\/uploads\/2025\/04\/internal-ring-gear-product-image.webp 2000w, https:\/\/fmp-components.com\/wp-content\/uploads\/2025\/04\/internal-ring-gear-product-image-1280x896.webp 1280w, https:\/\/fmp-components.com\/wp-content\/uploads\/2025\/04\/internal-ring-gear-product-image-980x686.webp 980w, https:\/\/fmp-components.com\/wp-content\/uploads\/2025\/04\/internal-ring-gear-product-image-480x336.webp 480w\" sizes=\"(min-width: 0px) and (max-width: 480px) 480px, (min-width: 481px) and (max-width: 980px) 980px, (min-width: 981px) and (max-width: 1280px) 1280px, (min-width: 1281px) 2000px, 100vw\" \/><\/p>\n<h2>Tervez\u00e9si \u00e9s alkalmaz\u00e1si ismeretek<\/h2>\n<div>Egy bels\u0151 t\u00e1ny\u00e9rker\u00e9k teljes\u00edtm\u00e9nye olyan kulcsfontoss\u00e1g\u00fa param\u00e9terekt\u0151l f\u00fcgg, mint a k\u00fcls\u0151 \u00e1tm\u00e9r\u0151, a vastags\u00e1g \u00e9s a fogprofil. A kell\u0151en nagy k\u00fcls\u0151 \u00e1tm\u00e9r\u0151 biztos\u00edtja a szerkezeti stabilit\u00e1st, m\u00edg a megfelel\u0151 vastags\u00e1g megakad\u00e1lyozza a t\u00falzott ig\u00e9nybev\u00e9telt m\u0171k\u00f6d\u00e9s k\u00f6zben. Ezek a fogaskerekek olyan anyagokb\u00f3l k\u00e9sz\u00fclhetnek, mint az ac\u00e9l, s\u00e1rgar\u00e9z, bronz vagy m\u0171anyag, \u00e9s az edz\u00e9st a szil\u00e1rds\u00e1gi \u00e9s tart\u00f3ss\u00e1gi ig\u00e9nyek alapj\u00e1n alkalmazz\u00e1k. Homlokker\u00e9kkel vagy fogasker\u00e9kkel val\u00f3 p\u00e1ros\u00edt\u00e1s eset\u00e9n kritikus fontoss\u00e1g\u00fa a menetemelked\u00e9s, a nyom\u00e1ssz\u00f6g \u00e9s a spir\u00e1lsz\u00f6g (ferde fogaskerekek eset\u00e9n) kompatibilit\u00e1sa, az evolvens, a trochoid \u00e9s a trimmel\u00e9si interferenci\u00e1k ellen\u0151rz\u00e9se mellett a hib\u00e1tlan m\u0171k\u00f6d\u00e9s biztos\u00edt\u00e1sa \u00e9rdek\u00e9ben. A bels\u0151 fogaskerekek a bolyg\u00f3kerekes hajt\u00e1sokban t\u0171nnek ki, a konfigur\u00e1ci\u00f3t\u00f3l f\u00fcgg\u0151en v\u00e1ltozatos sebess\u00e9g\u00e1tt\u00e9teli ar\u00e1nyokat \u00e9s forg\u00e1sir\u00e1nyokat k\u00edn\u00e1lva, \u00edgy sokoldal\u00fa v\u00e1laszt\u00e1si lehet\u0151s\u00e9get k\u00edn\u00e1lnak az ipar\u00e1gakban.<\/div>\n<div><img loading=\"lazy\" decoding=\"async\" class=\"size-full wp-image-7913 aligncenter\" src=\"https:\/\/fmp-components.com\/wp-content\/uploads\/2025\/04\/internal_spur_ring_gear.webp\" alt=\"bels\u0151_homlokgy\u0171r\u0171-fogasker\u00e9k\" width=\"1024\" height=\"764\" title=\"\" srcset=\"https:\/\/fmp-components.com\/wp-content\/uploads\/2025\/04\/internal_spur_ring_gear.webp 1024w, https:\/\/fmp-components.com\/wp-content\/uploads\/2025\/04\/internal_spur_ring_gear-980x731.webp 980w, https:\/\/fmp-components.com\/wp-content\/uploads\/2025\/04\/internal_spur_ring_gear-480x358.webp 480w\" sizes=\"(min-width: 0px) and (max-width: 480px) 480px, (min-width: 481px) and (max-width: 980px) 980px, (min-width: 981px) 1024px, 100vw\" \/><\/div>\n<div>\n<h2>FMP: Megb\u00edzhat\u00f3 partnere Olaszorsz\u00e1gban<\/h2>\n<p>Az FMP-n\u00e9l b\u00fcszk\u00e9k vagyunk arra, hogy sz\u00e9les v\u00e1laszt\u00e9kban gy\u00e1rtunk bels\u0151 fogaskerekeket, hogy kiel\u00e9g\u00edts\u00fck az olaszorsz\u00e1gi ipari ig\u00e9nyeket, Mil\u00e1n\u00f3 vir\u00e1gz\u00f3 gy\u00e1rt\u00f3k\u00f6zpontjait\u00f3l Velence prec\u00edzi\u00f3s m\u00e9rn\u00f6ki k\u00f6zpontjain \u00e1t Firenze k\u00e9zm\u0171ves m\u0171helyeiig \u00e9s Bologna aut\u00f3ipar\u00e1ig. Term\u00e9kk\u00edn\u00e1latunkban k\u00fcl\u00f6nb\u00f6z\u0151 m\u00e9ret\u0171 \u00e9s specifik\u00e1ci\u00f3j\u00fa szabv\u00e1nyos bels\u0151 fogaskerekek tal\u00e1lhat\u00f3k, de er\u0151ss\u00e9g\u00fcnk a testreszab\u00e1sban rejlik \u2013 a megold\u00e1sok pontos ig\u00e9nyeihez igaz\u00edt\u00e1s\u00e1ban. Ha nem l\u00e1tja a k\u00edv\u00e1nt modellt a term\u00e9klist\u00e1nkban, az egyszer\u0171en azt jelenti, hogy m\u00e9g nem szerepel n\u00e1lunk. Vegye fel vel\u00fcnk a kapcsolatot e-mailben a specifik\u00e1ci\u00f3ival, \u00e9s k\u00e9pzett m\u00e9rn\u00f6keink 24 \u00f3r\u00e1n bel\u00fcl v\u00e1laszolnak egy szem\u00e9lyre szabott megold\u00e1ssal.<\/p>\n<p><img loading=\"lazy\" decoding=\"async\" class=\"size-full wp-image-7914 aligncenter\" src=\"https:\/\/fmp-components.com\/wp-content\/uploads\/2025\/04\/fmp-ring-gear-product.webp\" alt=\"fmp t\u00e1ny\u00e9rker\u00e9k term\u00e9k\" width=\"1040\" height=\"502\" title=\"\" srcset=\"https:\/\/fmp-components.com\/wp-content\/uploads\/2025\/04\/fmp-ring-gear-product.webp 1040w, https:\/\/fmp-components.com\/wp-content\/uploads\/2025\/04\/fmp-ring-gear-product-980x473.webp 980w, https:\/\/fmp-components.com\/wp-content\/uploads\/2025\/04\/fmp-ring-gear-product-480x232.webp 480w\" sizes=\"(min-width: 0px) and (max-width: 480px) 480px, (min-width: 481px) and (max-width: 980px) 980px, (min-width: 981px) 1040px, 100vw\" \/><\/p>\n<\/div>","protected":false},"excerpt":{"rendered":"<p>Understanding Internal Ring Gears Internal ring gears are essential components in mechanical systems designed to reduce speed and increase torque in inline shaft applications. Unlike external gears, these cylindrical gears feature teeth cut into the inside diameter, allowing them to mesh seamlessly with spur gears or pinions. This design enables the driving pinion to rotate [&hellip;]<\/p>","protected":false},"featured_media":7911,"comment_status":"open","ping_status":"closed","template":"","meta":{"_et_pb_use_builder":"","_et_pb_old_content":"","_et_gb_content_width":""},"product_brand":[],"product_cat":[114],"product_tag":[],"class_list":{"0":"post-7898","1":"product","2":"type-product","3":"status-publish","4":"has-post-thumbnail","6":"product_cat-ring-gear","8":"first","9":"instock","10":"shipping-taxable","11":"product-type-simple"},"_links":{"self":[{"href":"https:\/\/fmp-components.com\/hu\/wp-json\/wp\/v2\/product\/7898","targetHints":{"allow":["GET"]}}],"collection":[{"href":"https:\/\/fmp-components.com\/hu\/wp-json\/wp\/v2\/product"}],"about":[{"href":"https:\/\/fmp-components.com\/hu\/wp-json\/wp\/v2\/types\/product"}],"replies":[{"embeddable":true,"href":"https:\/\/fmp-components.com\/hu\/wp-json\/wp\/v2\/comments?post=7898"}],"wp:featuredmedia":[{"embeddable":true,"href":"https:\/\/fmp-components.com\/hu\/wp-json\/wp\/v2\/media\/7911"}],"wp:attachment":[{"href":"https:\/\/fmp-components.com\/hu\/wp-json\/wp\/v2\/media?parent=7898"}],"wp:term":[{"taxonomy":"product_brand","embeddable":true,"href":"https:\/\/fmp-components.com\/hu\/wp-json\/wp\/v2\/product_brand?post=7898"},{"taxonomy":"product_cat","embeddable":true,"href":"https:\/\/fmp-components.com\/hu\/wp-json\/wp\/v2\/product_cat?post=7898"},{"taxonomy":"product_tag","embeddable":true,"href":"https:\/\/fmp-components.com\/hu\/wp-json\/wp\/v2\/product_tag?post=7898"}],"curies":[{"name":"munkaf\u00fczet","href":"https:\/\/api.w.org\/{rel}","templated":true}]}}