{"id":7838,"date":"2025-04-08T07:55:24","date_gmt":"2025-04-08T07:55:24","guid":{"rendered":"https:\/\/fmp-components.com\/?post_type=product&#038;p=7838"},"modified":"2025-04-08T07:55:24","modified_gmt":"2025-04-08T07:55:24","slug":"performance-differential-ring-and-pinion-gears10-bolt-fmp-g885273","status":"publish","type":"product","link":"https:\/\/fmp-components.com\/hu\/product\/performance-differential-ring-and-pinion-gears10-bolt-fmp-g885273\/","title":{"rendered":"Teljes\u00edtm\u00e9ny differenci\u00e1lm\u0171 gy\u0171r\u0171 \u00e9s fogasker\u00e9k fogaskerekek (10 csavaros) FMP-G885273"},"content":{"rendered":"<h2>Specifik\u00e1ci\u00f3<\/h2>\n<table style=\"width: 100%;\" border=\"1\" width=\"100%\" cellspacing=\"0\" cellpadding=\"0\">\n<thead>\n<tr>\n<th><strong>Specifik\u00e1ci\u00f3<\/strong><\/th>\n<th><strong>\u00c9rt\u00e9k<\/strong><\/th>\n<\/tr>\n<\/thead>\n<tbody>\n<tr>\n<td>Alkalmaz\u00e1smodell<\/td>\n<td>GM 8.5, GM 8.625<\/td>\n<\/tr>\n<tr>\n<td>Fed\u00e9lcsavar mennyis\u00e9ge<\/td>\n<td>10<\/td>\n<\/tr>\n<tr>\n<td>Differenci\u00e1lm\u0171 hordoz\u00f3f\u00e9k<\/td>\n<td>2,73-as ar\u00e1ny \u00e9s magasabb<\/td>\n<\/tr>\n<tr>\n<td>Differenci\u00e1lh\u00e1z-kialak\u00edt\u00e1s t\u00edpusa<\/td>\n<td>GM 8.5, GM 8.625<\/td>\n<\/tr>\n<tr>\n<td>\u00c1tt\u00e9tel<\/td>\n<td>2.73<\/td>\n<\/tr>\n<tr>\n<td>Fogasker\u00e9k fogak sz\u00e1ma<\/td>\n<td>15<\/td>\n<\/tr>\n<tr>\n<td>Fogasker\u00e9k tengely \u00e1tm\u00e9r\u0151je<\/td>\n<td>1,626 (h\u00fcvelyk)<\/td>\n<\/tr>\n<tr>\n<td>Fogasker\u00e9k bord\u00e1inak sz\u00e1ma<\/td>\n<td>30<\/td>\n<\/tr>\n<tr>\n<td>Gy\u0171r\u0171fogasker\u00e9k csavar mennyis\u00e9ge<\/td>\n<td>10<\/td>\n<\/tr>\n<tr>\n<td>Gy\u0171r\u0171fogasker\u00e9k anyaga<\/td>\n<td>8620 ac\u00e9l<\/td>\n<\/tr>\n<tr>\n<td>Gy\u0171r\u0171fogasker\u00e9k k\u00fcls\u0151 \u00e1tm\u00e9r\u0151je<\/td>\n<td>8,5 (h\u00fcvelyk)<\/td>\n<\/tr>\n<tr>\n<td>Gy\u0171r\u0171fogasker\u00e9k forg\u00e1sa<\/td>\n<td>Standard<\/td>\n<\/tr>\n<tr>\n<td>Gy\u0171r\u0171fogasker\u00e9k fogmennyis\u00e9ge<\/td>\n<td>41<\/td>\n<\/tr>\n<tr>\n<td>A. rendszertan<\/td>\n<td>LD differenci\u00e1lm\u0171<\/td>\n<\/tr>\n<tr>\n<td>B. taxon\u00f3mia<\/td>\n<td>Gy\u0171r\u0171 \u00e9s fogasker\u00e9k<\/td>\n<\/tr>\n<tr>\n<td>C. taxon\u00f3mia<\/td>\n<td>El\u00f6l, H\u00e1tul<\/td>\n<\/tr>\n<tr>\n<td>D. taxon\u00f3mia<\/td>\n<td>2.73<\/td>\n<\/tr>\n<\/tbody>\n<\/table>\n<div><\/div>\n<div class=\"Message_messageMetadataContainer__nBPq7\">\n<p dir=\"auto\"><img loading=\"lazy\" decoding=\"async\" class=\"size-full wp-image-7840 aligncenter\" src=\"https:\/\/fmp-components.com\/wp-content\/uploads\/2025\/04\/Performance-Differential-Ring-and-Pinion-Gears10-Bolt-FMP-G885273-5.webp\" alt=\"Teljes\u00edtm\u00e9ny differenci\u00e1lm\u0171 gy\u0171r\u0171 \u00e9s fogasker\u00e9k fogaskerekek (10 csavaros) FMP-G885273\" width=\"1500\" height=\"500\" title=\"\" srcset=\"https:\/\/fmp-components.com\/wp-content\/uploads\/2025\/04\/Performance-Differential-Ring-and-Pinion-Gears10-Bolt-FMP-G885273-5.webp 1500w, https:\/\/fmp-components.com\/wp-content\/uploads\/2025\/04\/Performance-Differential-Ring-and-Pinion-Gears10-Bolt-FMP-G885273-5-1280x427.webp 1280w, https:\/\/fmp-components.com\/wp-content\/uploads\/2025\/04\/Performance-Differential-Ring-and-Pinion-Gears10-Bolt-FMP-G885273-5-980x327.webp 980w, https:\/\/fmp-components.com\/wp-content\/uploads\/2025\/04\/Performance-Differential-Ring-and-Pinion-Gears10-Bolt-FMP-G885273-5-480x160.webp 480w\" sizes=\"(min-width: 0px) and (max-width: 480px) 480px, (min-width: 481px) and (max-width: 980px) 980px, (min-width: 981px) and (max-width: 1280px) 1280px, (min-width: 1281px) 1500px, 100vw\" \/><\/p>\n<h3 class=\"\" dir=\"auto\">FMP: Pr\u00e9mium gy\u0171r\u0171- \u00e9s fogasker\u00e9k-megold\u00e1sok<\/h3>\n<p class=\"break-words\" dir=\"auto\">Az FMP-n\u00e9l b\u00fcszk\u00e9n gy\u00e1rtunk els\u0151 oszt\u00e1ly\u00fa t\u00e1ny\u00e9r- \u00e9s fogasker\u00e9k-k\u00e9szleteket, amelyek kompatibilisek a Ford 10,5 h\u00fcvelykes differenci\u00e1lm\u0171veivel, kiv\u00e9teles teljes\u00edtm\u00e9nyt ny\u00fajtva a vezet\u0151knek a legk\u00fcl\u00f6nb\u00f6z\u0151bb terepviszonyok k\u00f6z\u00f6tt. Ak\u00e1r neh\u00e9z terepen, ak\u00e1r aut\u00f3p\u00e1ly\u00e1n halad sim\u00e1n, pr\u00e9mium kateg\u00f3ri\u00e1s hajt\u00f3m\u0171k\u00e9szleteinket \u00fagy tervezt\u00fck, hogy fokozz\u00e1k a vezet\u00e9si \u00e9lm\u00e9nyt. T\u00f6bb mint 40 \u00e9ves szak\u00e9rtelemmel az FMP elk\u00f6telezett amellett, hogy kiv\u00e1l\u00f3 min\u0151s\u00e9g\u0171 alkatr\u00e9szeket biztos\u00edtson, amelyek n\u00f6velik a j\u00e1rm\u0171vek k\u00e9pess\u00e9geit, biztos\u00edtva, hogy a korm\u00e1ny m\u00f6g\u00f6tt egyszerre \u00e9lvezhesse az er\u0151t \u00e9s a precizit\u00e1st.<\/p>\n<p class=\"break-words\" dir=\"auto\">T\u00f6ml\u0151- \u00e9s fogasker\u00e9k-fogasker\u00e9k-k\u00e9szleteink sz\u00e1mos kulcsfontoss\u00e1g\u00fa el\u0151nyt k\u00edn\u00e1lnak, amelyek az \u00d6n ig\u00e9nyeire szabva k\u00e9sz\u00fcltek. Kiv\u00e1l\u00f3 min\u0151s\u00e9g\u0171 ac\u00e9lb\u00f3l, fejlett prec\u00edzi\u00f3s forg\u00e1csol\u00e1si \u00e9s h\u0151kezel\u00e9si elj\u00e1r\u00e1sokkal k\u00e9sz\u00fclnek, kiv\u00e1l\u00f3 szil\u00e1rds\u00e1got \u00e9s tart\u00f3ss\u00e1got biztos\u00edtanak, megfelelve vagy meghaladva az eredeti felszerel\u00e9si szabv\u00e1nyokat. Ez megb\u00edzhat\u00f3 teljes\u00edtm\u00e9nyt biztos\u00edt a mindennapi vezet\u00e9si k\u00f6r\u00fclm\u00e9nyek k\u00f6z\u00f6tt vagy extr\u00e9m terepi kih\u00edv\u00e1sok eset\u00e9n. Az optimaliz\u00e1lt \u00e1tt\u00e9telek jav\u00edtj\u00e1k a nyomat\u00e9klead\u00e1st a jobb tapad\u00e1s, a vontat\u00e1si hat\u00e9konys\u00e1g \u00e9s a szab\u00e1lyozhat\u00f3s\u00e1g \u00e9rdek\u00e9ben, mik\u00f6zben az ide\u00e1lis motorfordulatsz\u00e1m fenntart\u00e1s\u00e1val n\u00f6velik az \u00fczemanyag-hat\u00e9konys\u00e1got aut\u00f3p\u00e1lya sebess\u00e9gn\u00e9l. R\u00e1ad\u00e1sul a fogasker\u00e9k-k\u00e9szleteinket a k\u00f6nny\u0171 telep\u00edt\u00e9sre \u00e9s a csendes m\u0171k\u00f6d\u00e9sre tervezt\u00e9k, kik\u00fcsz\u00f6b\u00f6lve a nem k\u00edv\u00e1nt zajokat a k\u00e9nyelmes utaz\u00e1s \u00e9rdek\u00e9ben.<\/p>\n<p class=\"break-words\" dir=\"auto\">Az FMP minden term\u00e9ke m\u00f6g\u00f6tt magabiztosan \u00e1ll, \u00e9s 2 \u00e9v garanci\u00e1t v\u00e1llal a gy\u00e1rt\u00e1si hib\u00e1kra. T\u00f6ml\u0151- \u00e9s fogasker\u00e9k-szettjeinket apr\u00f3l\u00e9kosan tesztelt\u00fck utcai, terepi \u00e9s ak\u00e1r versenyalkalmaz\u00e1sokhoz is, \u00edgy megb\u00edzhat\u00f3 v\u00e1laszt\u00e1st jelentenek mind a rajong\u00f3k, mind a profik sz\u00e1m\u00e1ra. Az FMP-vel val\u00f3 friss\u00edt\u00e9s nem csup\u00e1n m\u00f3dos\u00edt\u00e1s \u2013 befektet\u00e9s a teljes\u00edtm\u00e9nybe, a hat\u00e9konys\u00e1gba \u00e9s a hossz\u00fa t\u00e1v\u00fa megb\u00edzhat\u00f3s\u00e1gba. Egyedi megold\u00e1sok\u00e9rt vagy konkr\u00e9t k\u00e9rd\u00e9sek\u00e9rt forduljon hozz\u00e1nk, \u00e9s elk\u00f6telezett csapatunk gondoskodik arr\u00f3l, hogy a j\u00e1rm\u0171v\u00e9hez t\u00f6k\u00e9letes fogasker\u00e9k-szettet kapja.<\/p>\n<\/div>","protected":false},"excerpt":{"rendered":"<p>Specification Specification Value App Model GM 8.5, GM 8.625 Cover Bolt Quantity 10 Differential Carrier Break 2.73 Ratio and Higher Differential Case Design Type GM 8.5, GM 8.625 Gear Ratio 2.73 Pinion Gear Tooth Quantity 15 Pinion Shaft Diameter 1.626 (Inch) Pinion Spline Count 30 Ring Gear Bolt Quantity 10 Ring Gear Material 8620 Steel [&hellip;]<\/p>","protected":false},"featured_media":7839,"comment_status":"open","ping_status":"closed","template":"","meta":{"_et_pb_use_builder":"","_et_pb_old_content":"","_et_gb_content_width":""},"product_brand":[],"product_cat":[115],"product_tag":[],"class_list":{"0":"post-7838","1":"product","2":"type-product","3":"status-publish","4":"has-post-thumbnail","6":"product_cat-ring-and-pinion-gears","8":"first","9":"instock","10":"shipping-taxable","11":"product-type-simple"},"_links":{"self":[{"href":"https:\/\/fmp-components.com\/hu\/wp-json\/wp\/v2\/product\/7838","targetHints":{"allow":["GET"]}}],"collection":[{"href":"https:\/\/fmp-components.com\/hu\/wp-json\/wp\/v2\/product"}],"about":[{"href":"https:\/\/fmp-components.com\/hu\/wp-json\/wp\/v2\/types\/product"}],"replies":[{"embeddable":true,"href":"https:\/\/fmp-components.com\/hu\/wp-json\/wp\/v2\/comments?post=7838"}],"wp:featuredmedia":[{"embeddable":true,"href":"https:\/\/fmp-components.com\/hu\/wp-json\/wp\/v2\/media\/7839"}],"wp:attachment":[{"href":"https:\/\/fmp-components.com\/hu\/wp-json\/wp\/v2\/media?parent=7838"}],"wp:term":[{"taxonomy":"product_brand","embeddable":true,"href":"https:\/\/fmp-components.com\/hu\/wp-json\/wp\/v2\/product_brand?post=7838"},{"taxonomy":"product_cat","embeddable":true,"href":"https:\/\/fmp-components.com\/hu\/wp-json\/wp\/v2\/product_cat?post=7838"},{"taxonomy":"product_tag","embeddable":true,"href":"https:\/\/fmp-components.com\/hu\/wp-json\/wp\/v2\/product_tag?post=7838"}],"curies":[{"name":"munkaf\u00fczet","href":"https:\/\/api.w.org\/{rel}","templated":true}]}}