{"id":7788,"date":"2025-04-04T07:30:31","date_gmt":"2025-04-04T07:30:31","guid":{"rendered":"https:\/\/fmp-components.com\/?post_type=product&#038;p=7788"},"modified":"2025-04-04T07:37:12","modified_gmt":"2025-04-04T07:37:12","slug":"involute-internal-gear","status":"publish","type":"product","link":"https:\/\/fmp-components.com\/hu\/product\/involute-internal-gear\/","title":{"rendered":"Involut bels\u0151 fogasker\u00e9k"},"content":{"rendered":"<p>Az evolvens bels\u0151 fogasker\u00e9k egy olyan fogasker\u00e9kt\u00edpus, amelynek fogai a bels\u0151 hengeres fel\u00fclet\u00e9n egy evolvens g\u00f6rbe ment\u00e9n vannak v\u00e1gva, \u00e9s amelyet \u00fagy terveztek, hogy egy k\u00fcls\u0151 fogasker\u00e9kkel illeszkedjen, sima er\u0151\u00e1tvitelt, nagy hat\u00e1sfokot \u00e9s cs\u00f6kkentett zajt biztos\u00edtva a mechanikus rendszerekben.<\/p>\n<h2>Term\u00e9kle\u00edr\u00e1s<\/h2>\n<div class=\"table-responsive\">\n<table class=\"table\" style=\"width: 99.4216%;\" border=\"1\">\n<tbody>\n<tr>\n<td style=\"width: 38.9027%;\">Fogforma<\/td>\n<td style=\"width: 191.521%;\">Bonyolult<\/td>\n<\/tr>\n<tr>\n<td style=\"width: 38.9027%;\">Anyag<\/td>\n<td style=\"width: 191.521%;\">\u00d6tv\u00f6z\u00f6tt ac\u00e9l \u00e9s rozsdamentes ac\u00e9l<\/td>\n<\/tr>\n<tr>\n<td style=\"width: 38.9027%;\">Alak<\/td>\n<td style=\"width: 191.521%;\">Kerek<\/td>\n<\/tr>\n<tr>\n<td style=\"width: 38.9027%;\">Modul<\/td>\n<td style=\"width: 191.521%;\">Max. Ak\u00e1r 4,0 mm<\/td>\n<\/tr>\n<tr>\n<td style=\"width: 38.9027%;\">Bels\u0151 \u00e1tm\u00e9r\u0151<\/td>\n<td style=\"width: 191.521%;\">Max. 30 mm<\/td>\n<\/tr>\n<tr>\n<td style=\"width: 38.9027%;\">Alkalmaz\u00e1s<\/td>\n<td style=\"width: 191.521%;\">Bolyg\u00f3m\u0171ves sebess\u00e9gv\u00e1lt\u00f3k \u00e9s aut\u00f3ipar.<\/td>\n<\/tr>\n<tr>\n<td style=\"width: 38.9027%;\">Minim\u00e1lis rendel\u00e9si mennyis\u00e9g<\/td>\n<td style=\"width: 191.521%;\">50 darab<\/td>\n<\/tr>\n<\/tbody>\n<\/table>\n<\/div>\n<p>A bels\u0151 k\u00f6rben l\u00e9v\u0151 fogak bels\u0151 fogaskerekek, \u00e1ltal\u00e1ban bels\u0151 kapcsol\u00f3d\u00e1ssal m\u0171k\u00f6d\u0151 fogasker\u00e9k-mechanizmusokban, \u00e9s a <a href=\"https:\/\/fmp-components.com\/hu\/ring-gear\/\">t\u00e1ny\u00e9rker\u00e9k<\/a> bels\u0151ek.<\/p>\n<h2>Az evolvens bels\u0151 fogasker\u00e9k jellemz\u0151i<\/h2>\n<div>\n<p class=\"break-words\" dir=\"auto\">Az evolvens bels\u0151 fogasker\u00e9k hengeres gy\u0171r\u0171 bels\u0151 fel\u00fclet\u00e9re v\u00e1gott, evolvens g\u00f6rb\u00fclet\u0171 profil\u00fa fogakkal rendelkezik, amelyek lehet\u0151v\u00e9 teszik a k\u00fcls\u0151 fogasker\u00e9kkel val\u00f3 sima illeszked\u00e9st. Az evolvens alak biztos\u00edtja a konjug\u00e1lt m\u0171k\u00f6d\u00e9st \u00e9s az \u00e1lland\u00f3 sebess\u00e9gar\u00e1nyt, m\u00edg a tipikus 20\u00b0-os nyom\u00e1ssz\u00f6g egyenletes er\u0151eloszl\u00e1st biztos\u00edt. Ez a kialak\u00edt\u00e1s t\u00e1mogatja az azonos ir\u00e1ny\u00fa forg\u00e1st a hozz\u00e1 tartoz\u00f3 fogasker\u00e9kkel, ami megk\u00fcl\u00f6nb\u00f6zteti a k\u00fcls\u0151 fogasker\u00e9k-p\u00e1rokt\u00f3l.<\/p>\n<p class=\"break-words\" dir=\"auto\">A fogasker\u00e9k kompakt kialak\u00edt\u00e1sa \u00e9s jelent\u0151s profileltol\u00f3d\u00e1sa seg\u00edt elker\u00fclni az interferenci\u00e1t (evolvens, trochoid vagy trimmel\u00e9s) \u00e9s n\u00f6veli a fogszil\u00e1rds\u00e1got, \u00edgy ide\u00e1lis nagy redukti\u00f3j\u00fa alkalmaz\u00e1sokhoz, p\u00e9ld\u00e1ul bolyg\u00f3m\u0171ves rendszerekhez. Konk\u00e1v fogprofilja jav\u00edtja a terhel\u00e9seloszl\u00e1st, ami potenci\u00e1lisan n\u00f6veli a tart\u00f3ss\u00e1got. Ezek a jellemz\u0151k alkalmasak nagy nyomat\u00e9k\u00fa, helysz\u0171k\u00e9ben l\u00e9v\u0151 alkalmaz\u00e1sokhoz, p\u00e9ld\u00e1ul aut\u00f3ipari differenci\u00e1lm\u0171vekhez \u00e9s ipari g\u00e9pekhez.<\/p>\n<p class=\"break-words\" dir=\"auto\">A bels\u0151 fogaskerekek gy\u00e1rt\u00e1sa jellemz\u0151en a fogaskerekek form\u00e1z\u00e1s\u00e1t, nem pedig a bels\u0151 geometri\u00e1juk miatti lefejt\u0151 mar\u00e1st foglalja mag\u00e1ban, ami speci\u00e1lis szersz\u00e1mokat ig\u00e9nyel. Az interferencia kezel\u00e9se kritikus fontoss\u00e1g\u00fa, amelyet gyakran kieg\u00e9sz\u00edt\u00e9sek, lev\u00e1laszt\u00e1sok vagy profileltol\u00e1sok be\u00e1ll\u00edt\u00e1s\u00e1val oldanak meg, biztos\u00edtva a megb\u00edzhat\u00f3 teljes\u00edtm\u00e9nyt ig\u00e9nyes alkalmaz\u00e1sokban.<\/p>\n<\/div>","protected":false},"excerpt":{"rendered":"<p>An involute internal gear is a type of gear with teeth cut along an involute curve on its inner cylindrical surface, designed to mesh with an external gear, offering smooth power transmission, high efficiency, and reduced noise in mechanical systems. Product Specification Tooth Form Involute Material Alloy Steel And Stainless Steel Shape Round Module Max [&hellip;]<\/p>","protected":false},"featured_media":4640,"comment_status":"open","ping_status":"closed","template":"","meta":{"_et_pb_use_builder":"","_et_pb_old_content":"","_et_gb_content_width":""},"product_brand":[],"product_cat":[114],"product_tag":[],"class_list":{"0":"post-7788","1":"product","2":"type-product","3":"status-publish","4":"has-post-thumbnail","6":"product_cat-ring-gear","8":"first","9":"instock","10":"shipping-taxable","11":"product-type-simple"},"_links":{"self":[{"href":"https:\/\/fmp-components.com\/hu\/wp-json\/wp\/v2\/product\/7788","targetHints":{"allow":["GET"]}}],"collection":[{"href":"https:\/\/fmp-components.com\/hu\/wp-json\/wp\/v2\/product"}],"about":[{"href":"https:\/\/fmp-components.com\/hu\/wp-json\/wp\/v2\/types\/product"}],"replies":[{"embeddable":true,"href":"https:\/\/fmp-components.com\/hu\/wp-json\/wp\/v2\/comments?post=7788"}],"wp:featuredmedia":[{"embeddable":true,"href":"https:\/\/fmp-components.com\/hu\/wp-json\/wp\/v2\/media\/4640"}],"wp:attachment":[{"href":"https:\/\/fmp-components.com\/hu\/wp-json\/wp\/v2\/media?parent=7788"}],"wp:term":[{"taxonomy":"product_brand","embeddable":true,"href":"https:\/\/fmp-components.com\/hu\/wp-json\/wp\/v2\/product_brand?post=7788"},{"taxonomy":"product_cat","embeddable":true,"href":"https:\/\/fmp-components.com\/hu\/wp-json\/wp\/v2\/product_cat?post=7788"},{"taxonomy":"product_tag","embeddable":true,"href":"https:\/\/fmp-components.com\/hu\/wp-json\/wp\/v2\/product_tag?post=7788"}],"curies":[{"name":"munkaf\u00fczet","href":"https:\/\/api.w.org\/{rel}","templated":true}]}}