{"id":7786,"date":"2025-04-04T07:12:32","date_gmt":"2025-04-04T07:12:32","guid":{"rendered":"https:\/\/fmp-components.com\/?post_type=product&#038;p=7786"},"modified":"2025-04-04T07:12:32","modified_gmt":"2025-04-04T07:12:32","slug":"steel-internal-gear","status":"publish","type":"product","link":"https:\/\/fmp-components.com\/hu\/product\/steel-internal-gear\/","title":{"rendered":"Ac\u00e9l bels\u0151 fogasker\u00e9k"},"content":{"rendered":"<h2>Term\u00e9kle\u00edr\u00e1s<\/h2>\n<div class=\"table-responsive\">\n<table class=\"table\" style=\"width: 99.372%; height: 202px;\" border=\"1\" cellspacing=\"0\" cellpadding=\"0\">\n<tbody>\n<tr>\n<td>Fogforma<\/td>\n<td>Bels\u0151<\/td>\n<\/tr>\n<tr>\n<td>Anyag<\/td>\n<td>L\u00e1gyac\u00e9l<\/td>\n<\/tr>\n<tr>\n<td>Alak<\/td>\n<td>Kerek<\/td>\n<\/tr>\n<tr>\n<td>\u00c1tm\u00e9r\u0151<\/td>\n<td>100 mm<\/td>\n<\/tr>\n<tr>\n<td>Sz\u00e1rmaz\u00e1si orsz\u00e1g<\/td>\n<td>K\u00edna<\/td>\n<\/tr>\n<tr>\n<td>Fel\u00fcletkezel\u00e9s<\/td>\n<td>Porsz\u00f3rt<\/td>\n<\/tr>\n<tr>\n<td>Kem\u00e9nys\u00e9g<\/td>\n<td>45 HRC<\/td>\n<\/tr>\n<\/tbody>\n<\/table>\n<div>\n<h3 class=\"\" dir=\"auto\">Ac\u00e9l bels\u0151 fogasker\u00e9k-megold\u00e1sok az FMP-t\u0151l az olasz ipar sz\u00e1m\u00e1ra<\/h3>\n<p class=\"break-words\" dir=\"auto\">Sz\u00e9les v\u00e1laszt\u00e9kunk <a href=\"https:\/\/fmp-components.com\/hu\/ring-gear\/\">gy\u0171r\u0171s fogaskerekek<\/a> \u00fagy tervezt\u00e9k, hogy megfeleljen a g\u00e9pek \u00e9s aut\u00f3ipari alkalmaz\u00e1sok sokf\u00e9le ig\u00e9ny\u00e9nek, biztos\u00edtva a tart\u00f3ss\u00e1got \u00e9s a pontoss\u00e1got minden term\u00e9kben. Ak\u00e1r Firenz\u00e9ben, ak\u00e1r Bologn\u00e1ban van, az FMP k\u00fcl\u00f6nf\u00e9le fogasker\u00e9k-t\u00edpusokat k\u00edn\u00e1l, bele\u00e9rtve a standard \u00e9s a speci\u00e1lis kiviteleket is, mindegyik fejlett technol\u00f3gi\u00e1val k\u00e9sz\u00fclt az optim\u00e1lis teljes\u00edtm\u00e9ny biztos\u00edt\u00e1sa \u00e9rdek\u00e9ben. A kiv\u00e1l\u00f3s\u00e1g ir\u00e1nti elk\u00f6telezetts\u00e9g\u00fcnk megb\u00edzhat\u00f3 partnerr\u00e9 tesz minket azoknak a v\u00e1llalkoz\u00e1soknak, amelyek megb\u00edzhat\u00f3 fogasker\u00e9k-megold\u00e1sokat keresnek Olaszorsz\u00e1g ipari k\u00f6zpontjaiban.<\/p>\n<h3 class=\"\" dir=\"auto\">Egyedi ac\u00e9l bels\u0151 fogaskerekek az \u00d6n ig\u00e9nyeire szabva<\/h3>\n<p class=\"break-words\" dir=\"auto\">Az FMP-n\u00e9l meg\u00e9rtj\u00fck, hogy minden projekt egyedi, ez\u00e9rt teljesen testreszabott ac\u00e9l bels\u0151 fogasker\u00e9k-opci\u00f3kat is k\u00edn\u00e1lunk. Ha Mil\u00e1n\u00f3ban, Velenc\u00e9ben, Firenz\u00e9ben vagy m\u00e1shol \u00e9l, \u00e9s nem tal\u00e1lja a pontosan megfelel\u0151 modellt a term\u00e9klist\u00e1nkban, ne agg\u00f3djon \u2013 folyamatosan friss\u00edtj\u00fck k\u00edn\u00e1latunkat. Egyszer\u0171en k\u00fcldj\u00f6n nek\u00fcnk e-mailt az ig\u00e9nyeivel, \u00e9s szak\u00e9rt\u0151 m\u00e9rn\u00f6keink 24 \u00f3r\u00e1n bel\u00fcl v\u00e1laszolnak szem\u00e9lyre szabott megold\u00e1sokkal. Ak\u00e1r egy adott m\u00e9retr\u0151l, ak\u00e1r egyedi tervez\u00e9sr\u0151l van sz\u00f3 a bolognai vagy m\u00e1s olasz v\u00e1rosokban tal\u00e1lhat\u00f3 tev\u00e9kenys\u00e9geihez, az FMP gyors, professzion\u00e1lis szolg\u00e1ltat\u00e1ssal \u00e9s els\u0151 oszt\u00e1ly\u00fa gy\u00e1rt\u00e1si szak\u00e9rtelemmel t\u00e1mogatja v\u00e1llalkoz\u00e1s\u00e1t.<\/p>\n<\/div>\n<\/div>","protected":false},"excerpt":{"rendered":"<p>Product Specification Tooth Form Internal Material Mild Steel Shape Round Diameter 100 mm Country of Origin China Surface Finish Powder Coated Hardness 45 HRC Steel Internal Gear Solutions by FMP for Italian Industries Our extensive range of ring gears is designed to meet the diverse needs of machinery and automotive applications, ensuring durability and precision [&hellip;]<\/p>","protected":false},"featured_media":4647,"comment_status":"open","ping_status":"closed","template":"","meta":{"_et_pb_use_builder":"","_et_pb_old_content":"","_et_gb_content_width":""},"product_brand":[],"product_cat":[114],"product_tag":[],"class_list":{"0":"post-7786","1":"product","2":"type-product","3":"status-publish","4":"has-post-thumbnail","6":"product_cat-ring-gear","8":"first","9":"instock","10":"shipping-taxable","11":"product-type-simple"},"_links":{"self":[{"href":"https:\/\/fmp-components.com\/hu\/wp-json\/wp\/v2\/product\/7786","targetHints":{"allow":["GET"]}}],"collection":[{"href":"https:\/\/fmp-components.com\/hu\/wp-json\/wp\/v2\/product"}],"about":[{"href":"https:\/\/fmp-components.com\/hu\/wp-json\/wp\/v2\/types\/product"}],"replies":[{"embeddable":true,"href":"https:\/\/fmp-components.com\/hu\/wp-json\/wp\/v2\/comments?post=7786"}],"wp:featuredmedia":[{"embeddable":true,"href":"https:\/\/fmp-components.com\/hu\/wp-json\/wp\/v2\/media\/4647"}],"wp:attachment":[{"href":"https:\/\/fmp-components.com\/hu\/wp-json\/wp\/v2\/media?parent=7786"}],"wp:term":[{"taxonomy":"product_brand","embeddable":true,"href":"https:\/\/fmp-components.com\/hu\/wp-json\/wp\/v2\/product_brand?post=7786"},{"taxonomy":"product_cat","embeddable":true,"href":"https:\/\/fmp-components.com\/hu\/wp-json\/wp\/v2\/product_cat?post=7786"},{"taxonomy":"product_tag","embeddable":true,"href":"https:\/\/fmp-components.com\/hu\/wp-json\/wp\/v2\/product_tag?post=7786"}],"curies":[{"name":"munkaf\u00fczet","href":"https:\/\/api.w.org\/{rel}","templated":true}]}}