{"id":7781,"date":"2025-04-04T06:46:54","date_gmt":"2025-04-04T06:46:54","guid":{"rendered":"https:\/\/fmp-components.com\/?post_type=product&#038;p=7781"},"modified":"2025-04-04T06:48:36","modified_gmt":"2025-04-04T06:48:36","slug":"internal-gears-for-tractors-and-cranes","status":"publish","type":"product","link":"https:\/\/fmp-components.com\/hu\/product\/internal-gears-for-tractors-and-cranes\/","title":{"rendered":"Bels\u0151 fogaskerekek traktorokhoz \u00e9s darukhoz"},"content":{"rendered":"<h2>Term\u00e9kle\u00edr\u00e1s<\/h2>\n<div class=\"table-responsive\">\n<table class=\"table\" style=\"width: 99.2193%;\" border=\"1\">\n<tbody>\n<tr>\n<td style=\"width: 56.4286%;\">Term\u00e9kt\u00edpus<\/td>\n<td style=\"width: 281.083%;\">Sebess\u00e9gv\u00e1lt\u00f3 alkatr\u00e9szek<\/td>\n<\/tr>\n<tr>\n<td style=\"width: 56.4286%;\">Haszn\u00e1lat\/Alkalmaz\u00e1s<\/td>\n<td style=\"width: 281.083%;\">Traktor \u00e9s daru<\/td>\n<\/tr>\n<tr>\n<td style=\"width: 56.4286%;\">Anyag<\/td>\n<td style=\"width: 281.083%;\">L\u00e1gyac\u00e9l<\/td>\n<\/tr>\n<tr>\n<td style=\"width: 56.4286%;\">Alak<\/td>\n<td style=\"width: 281.083%;\">Kerek<\/td>\n<\/tr>\n<tr>\n<td style=\"width: 56.4286%;\">Csomagol\u00e1s t\u00edpusa<\/td>\n<td style=\"width: 281.083%;\">Doboz<\/td>\n<\/tr>\n<tr>\n<td style=\"width: 56.4286%;\">Minim\u00e1lis rendel\u00e9si mennyis\u00e9g<\/td>\n<td style=\"width: 281.083%;\">10 sz\u00e1m<\/td>\n<\/tr>\n<\/tbody>\n<\/table>\n<\/div>\n<p>Szakembereink \u0151szintes\u00e9g\u00e9vel \u00e9s kem\u00e9ny munk\u00e1j\u00e1val r\u00e9st v\u00edvtunk ki magunknak ezen a ter\u00fcleten, pr\u00e9mium min\u0151s\u00e9g\u0171 bels\u0151 fogasker\u00e9k-v\u00e1laszt\u00e9kot k\u00edn\u00e1lva.<\/p>\n<div>\n<h3 class=\"\" dir=\"auto\">N\u00f6velje a traktorok \u00e9s daruk teljes\u00edtm\u00e9ny\u00e9t az olaszorsz\u00e1gi FMP bels\u0151 fogaskerekeivel<\/h3>\n<p class=\"break-words\" dir=\"auto\">A bels\u0151 fogaskerekek kritikus szerepet j\u00e1tszanak a neh\u00e9zg\u00e9pek, p\u00e9ld\u00e1ul a traktorok \u00e9s daruk z\u00f6kken\u0151mentes m\u0171k\u00f6d\u00e9s\u00e9ben, mivel ott biztos\u00edtj\u00e1k az er\u0151t \u00e9s a prec\u00edzi\u00f3t, ahol a legnagyobb sz\u00fcks\u00e9g van r\u00e1. Az FMP-n\u00e9l sz\u00e9les v\u00e1laszt\u00e9kban gy\u00e1rtunk t\u00e1ny\u00e9rfogaskerekeket, bele\u00e9rtve a mez\u0151gazdas\u00e1gi \u00e9s \u00e9p\u00edt\u0151ipari k\u00f6rnyezet ig\u00e9nyeinek ellen\u00e1ll\u00f3, kiv\u00e1l\u00f3 min\u0151s\u00e9g\u0171 bels\u0151 fogaskerekeket is. A firenzei term\u00e9keny f\u00f6ldekt\u0151l Mil\u00e1n\u00f3 ipari k\u00f6zpontjaiig fogaskerekeink tart\u00f3ss\u00e1got, hat\u00e9konys\u00e1got \u00e9s cs\u00f6kkentett karbantart\u00e1st biztos\u00edtanak berendez\u00e9sei sz\u00e1m\u00e1ra. Ak\u00e1r darukat \u00fczemeltet Velence ny\u00fczsg\u0151 kik\u00f6t\u0151iben, ak\u00e1r traktorokat Bologna vid\u00e9k\u00e9n, az FMP megb\u00edzhat\u00f3 megold\u00e1sokat k\u00edn\u00e1l, amelyeket Olaszorsz\u00e1g soksz\u00edn\u0171 ipar\u00e1gaira szabtak.<\/p>\n<h3 class=\"\" dir=\"auto\">Egyedi bels\u0151 fogaskerekek az \u00d6n ig\u00e9nyeire szabva \u2013 L\u00e9pjen kapcsolatba az FMP-vel m\u00e9g ma!<\/h3>\n<p class=\"break-words\" dir=\"auto\">Az FMP elk\u00f6telezett az \u00d6n egyedi ig\u00e9nyeinek kiel\u00e9g\u00edt\u00e9se ir\u00e1nt sz\u00e9lesk\u00f6r\u0171 term\u00e9kk\u00edn\u00e1lat\u00e1val. <a href=\"https:\/\/fmp-components.com\/hu\/ring-gear\/\">gy\u0171r\u0171s fogaskerekek<\/a> \u00e9s egyedi gy\u00e1rt\u00e1si k\u00e9pess\u00e9gek. Ha traktorokhoz vagy darukhoz keres bels\u0151 fogaskerekeket, \u00e9s nem tal\u00e1lja a pontos modellt a term\u00e9klist\u00e1nkban, val\u00f3sz\u00edn\u0171leg m\u00e9g nem t\u00f6lt\u00f6tt\u00fck fel \u2013 k\u00e9szlet\u00fcnk folyamatosan b\u0151v\u00fcl. L\u00e9pjen kapcsolatba vel\u00fcnk e-mailben ig\u00e9nyeivel, ak\u00e1r Mil\u00e1n\u00f3ban, Velenc\u00e9ben, Firenz\u00e9ben vagy azon t\u00fal, \u00e9s k\u00e9pzett m\u00e9rn\u00f6keink 24 \u00f3r\u00e1n bel\u00fcl v\u00e1laszolnak szem\u00e9lyre szabott megold\u00e1ssal. B\u00edzza az FMP-re a kiv\u00e9teles min\u0151s\u00e9get \u00e9s t\u00e1mogat\u00e1st, prec\u00edzen \u00e9s szak\u00e9rtelemmel m\u0171k\u00f6dtetve g\u00e9peit Olaszorsz\u00e1g-szerte.<\/p>\n<\/div>","protected":false},"excerpt":{"rendered":"<p>Product Specification Product Type Gear Parts Usage\/Application Tractor and crane Material Mild Steel Shape Round Packaging Type Box Minimum Order Quantity 10 Number With our professionals&#8217; sincerity and hard work, we have carved a niche for ourselves in this domain by offering a premium quality gamut of Internal Gear. Boost Tractor and Crane Performance with [&hellip;]<\/p>","protected":false},"featured_media":4638,"comment_status":"open","ping_status":"closed","template":"","meta":{"_et_pb_use_builder":"","_et_pb_old_content":"","_et_gb_content_width":""},"product_brand":[],"product_cat":[114],"product_tag":[],"class_list":{"0":"post-7781","1":"product","2":"type-product","3":"status-publish","4":"has-post-thumbnail","6":"product_cat-ring-gear","8":"first","9":"instock","10":"shipping-taxable","11":"product-type-simple"},"_links":{"self":[{"href":"https:\/\/fmp-components.com\/hu\/wp-json\/wp\/v2\/product\/7781","targetHints":{"allow":["GET"]}}],"collection":[{"href":"https:\/\/fmp-components.com\/hu\/wp-json\/wp\/v2\/product"}],"about":[{"href":"https:\/\/fmp-components.com\/hu\/wp-json\/wp\/v2\/types\/product"}],"replies":[{"embeddable":true,"href":"https:\/\/fmp-components.com\/hu\/wp-json\/wp\/v2\/comments?post=7781"}],"wp:featuredmedia":[{"embeddable":true,"href":"https:\/\/fmp-components.com\/hu\/wp-json\/wp\/v2\/media\/4638"}],"wp:attachment":[{"href":"https:\/\/fmp-components.com\/hu\/wp-json\/wp\/v2\/media?parent=7781"}],"wp:term":[{"taxonomy":"product_brand","embeddable":true,"href":"https:\/\/fmp-components.com\/hu\/wp-json\/wp\/v2\/product_brand?post=7781"},{"taxonomy":"product_cat","embeddable":true,"href":"https:\/\/fmp-components.com\/hu\/wp-json\/wp\/v2\/product_cat?post=7781"},{"taxonomy":"product_tag","embeddable":true,"href":"https:\/\/fmp-components.com\/hu\/wp-json\/wp\/v2\/product_tag?post=7781"}],"curies":[{"name":"munkaf\u00fczet","href":"https:\/\/api.w.org\/{rel}","templated":true}]}}