{"id":7774,"date":"2025-04-04T06:19:01","date_gmt":"2025-04-04T06:19:01","guid":{"rendered":"https:\/\/fmp-components.com\/?post_type=product&#038;p=7774"},"modified":"2025-04-04T06:39:10","modified_gmt":"2025-04-04T06:39:10","slug":"automotive-internal-gear","status":"publish","type":"product","link":"https:\/\/fmp-components.com\/hu\/product\/automotive-internal-gear\/","title":{"rendered":"Aut\u00f3ipari bels\u0151 fogasker\u00e9k"},"content":{"rendered":"<h3>specifik\u00e1ci\u00f3<\/h3>\n<table class=\"table\" style=\"width: 100.875%; height: 310px;\" border=\"1\">\n<tbody>\n<tr>\n<td colspan=\"2\">Aut\u00f3ipari bels\u0151 fogasker\u00e9k<\/td>\n<\/tr>\n<tr>\n<td>Dimenzi\u00f3<\/td>\n<td>\u03a650mm<\/td>\n<\/tr>\n<tr>\n<td>Modul<\/td>\n<td>M0,15-M2,2<\/td>\n<\/tr>\n<tr>\n<td>Anyagt\u00edpus<\/td>\n<td>F\u00e9m, bronz, ac\u00e9l, \u00f6tv\u00f6zet, POM, cink, alum\u00ednium, vas, rozsdamentes, s\u00e1rgar\u00e9z, r\u00e9z<\/td>\n<\/tr>\n<tr>\n<td>H\u00e1l\u00f3min\u0151s\u00e9g<\/td>\n<td>ISO6, JGMA 1, JIS 6, AGMA 13, DIN 6, Din5, AGMA12<\/td>\n<\/tr>\n<tr>\n<td>Alkalmaz\u00e1s<\/td>\n<td>Aut\u00f3ipar, Katonas\u00e1g, Rep\u00fcl\u0151g\u00e9p, G\u00e9p\u00e9szet, Ipar, Orvostudom\u00e1ny<\/td>\n<\/tr>\n<tr>\n<td>Testreszabott<\/td>\n<td>ODM\/OEM<\/td>\n<\/tr>\n<tr>\n<td>Minta<\/td>\n<td>Minta el\u00e9rhet\u0151<\/td>\n<\/tr>\n<tr>\n<td>Csomagol\u00e1si m\u00f3dok<\/td>\n<td>V\u00e1kuumcsomagolt, m\u0171anyag t\u00e1lc\u00e1val<\/td>\n<\/tr>\n<tr>\n<td>Sz\u00e1ll\u00edt\u00e1si m\u00f3dok<\/td>\n<td>DHL UPS<\/td>\n<\/tr>\n<tr>\n<td>Bizony\u00edtv\u00e1ny<\/td>\n<td>ISO 9001:2008\/TS16949<\/td>\n<\/tr>\n<\/tbody>\n<\/table>\n<p><span style=\"color: #333333; font-size: 22px;\">Optimaliz\u00e1lja aut\u00f3ipari bels\u0151 hajt\u00f3m\u0171-megold\u00e1sait az FMP-vel Olaszorsz\u00e1gban<\/span><\/p>\n<div>\n<p class=\"break-words\" dir=\"auto\">Bels\u0151 fogaskerekek, m\u00e1s n\u00e9ven <a href=\"https:\/\/fmp-components.com\/hu\/ring-gear\/\">gy\u0171r\u0171s fogaskerekek<\/a>, l\u00e9tfontoss\u00e1g\u00fa szerepet j\u00e1tszanak az er\u0151\u00e1tvitelben a kompakt, nagy teljes\u00edtm\u00e9ny\u0171 rendszereken bel\u00fcl. A k\u00fcls\u0151 fogaskerekekkel ellent\u00e9tben, ahol a fogak a k\u00fcls\u0151 \u00e1tm\u00e9r\u0151n vannak v\u00e1gva, a bels\u0151 fogaskerekek hengeres szerkezet bels\u0151 fel\u00fclet\u00e9n tal\u00e1lhat\u00f3k, \u00edgy ide\u00e1lisak olyan alkalmaz\u00e1sokhoz, amelyek hat\u00e9kony nyomat\u00e9k\u00e1tvitelt ig\u00e9nyelnek z\u00e1rt t\u00e9rben. Az FMP-n\u00e9l a t\u00e1ny\u00e9rfogaskerekek sz\u00e9les v\u00e1laszt\u00e9k\u00e1nak gy\u00e1rt\u00e1s\u00e1ra specializ\u00e1l\u00f3dtunk, bele\u00e9rtve a homlokkerekes \u00e9s a ferde fogaz\u00e1s\u00fa t\u00edpusokat is, amelyeket az olaszorsz\u00e1gi ipar\u00e1gak ig\u00e9nyeihez igaz\u00edtottunk \u2013 Mil\u00e1n\u00f3 ny\u00fczsg\u0151 aut\u00f3ipari k\u00f6zpontjait\u00f3l Velence prec\u00edzi\u00f3s m\u00e9rn\u00f6ki c\u00e9geiig.<\/p>\n<p class=\"break-words\" dir=\"auto\">Az FMP b\u00fcszk\u00e9n k\u00edn\u00e1l testreszabott bels\u0151 fogasker\u00e9k-megold\u00e1sokat, amelyek megfelelnek az \u00d6n egyedi ig\u00e9nyeinek. Ha egy adott modellt keres, \u00e9s nem tal\u00e1lja a term\u00e9klist\u00e1nkban \u2013 ak\u00e1r Mil\u00e1n\u00f3ban, Velenc\u00e9ben, Firenz\u00e9ben vagy azon t\u00fal \u2013, ne agg\u00f3djon; ez egyszer\u0171en azt jelenti, hogy m\u00e9g nem t\u00f6lt\u00f6tt\u00fck fel. K\u00e9rj\u00fck, k\u00fcldj\u00f6n nek\u00fcnk e-mailt a k\u00edv\u00e1nt specifik\u00e1ci\u00f3kkal, \u00e9s k\u00e9pzett m\u00e9rn\u00f6keink 24 \u00f3r\u00e1n bel\u00fcl v\u00e1laszolnak egy szem\u00e9lyre szabott megold\u00e1ssal. A tervez\u00e9si kih\u00edv\u00e1sok, p\u00e9ld\u00e1ul a fogaskerekek interferenci\u00e1j\u00e1nak lek\u00fczd\u00e9s\u00e9t\u0151l a fogprofil-eltol\u00f3d\u00e1sok optimaliz\u00e1l\u00e1s\u00e1ig a jobb teljes\u00edtm\u00e9ny \u00e9rdek\u00e9ben, az FMP az \u00d6n megb\u00edzhat\u00f3 partnere az aut\u00f3ipari bels\u0151 fogaskerekek ter\u00e9n Olaszorsz\u00e1g-szerte, prec\u00edzi\u00f3t \u00e9s megb\u00edzhat\u00f3s\u00e1got biztos\u00edtva minden projekthez.<\/p>\n<\/div>\n<p><img loading=\"lazy\" decoding=\"async\" class=\"size-full wp-image-7775 aligncenter\" src=\"https:\/\/fmp-components.com\/wp-content\/uploads\/2025\/04\/Internal-gear.webp\" alt=\"Bels\u0151 fogasker\u00e9k\" width=\"771\" height=\"543\" title=\"\" srcset=\"https:\/\/fmp-components.com\/wp-content\/uploads\/2025\/04\/Internal-gear.webp 771w, https:\/\/fmp-components.com\/wp-content\/uploads\/2025\/04\/Internal-gear-480x338.webp 480w\" sizes=\"(min-width: 0px) and (max-width: 480px) 480px, (min-width: 481px) 771px, 100vw\" \/><\/p>","protected":false},"excerpt":{"rendered":"<p>specification Automotive Internal Gear Dimension \u03a650mm Module M0.15-M2.2 Material Type Metal, Bronze, Steel, Alloy, POM, Zinc, Aluminum, Iron, Stainless, Brass, Copper Meshing Grade ISO6, JGMA 1, JIS 6, AGMA 13, DIN 6,Din5,AGMA12 Application Automotive, Military, Aircraft, Mechanical, industrial, Medical Customized ODM\/OEM Sample Sample available Modes of Packing Vacuum-packed with Plastic Tray Modes of Delivery DHL [&hellip;]<\/p>","protected":false},"featured_media":4635,"comment_status":"open","ping_status":"closed","template":"","meta":{"_et_pb_use_builder":"","_et_pb_old_content":"","_et_gb_content_width":""},"product_brand":[],"product_cat":[114],"product_tag":[],"class_list":{"0":"post-7774","1":"product","2":"type-product","3":"status-publish","4":"has-post-thumbnail","6":"product_cat-ring-gear","8":"first","9":"instock","10":"shipping-taxable","11":"product-type-simple"},"_links":{"self":[{"href":"https:\/\/fmp-components.com\/hu\/wp-json\/wp\/v2\/product\/7774","targetHints":{"allow":["GET"]}}],"collection":[{"href":"https:\/\/fmp-components.com\/hu\/wp-json\/wp\/v2\/product"}],"about":[{"href":"https:\/\/fmp-components.com\/hu\/wp-json\/wp\/v2\/types\/product"}],"replies":[{"embeddable":true,"href":"https:\/\/fmp-components.com\/hu\/wp-json\/wp\/v2\/comments?post=7774"}],"wp:featuredmedia":[{"embeddable":true,"href":"https:\/\/fmp-components.com\/hu\/wp-json\/wp\/v2\/media\/4635"}],"wp:attachment":[{"href":"https:\/\/fmp-components.com\/hu\/wp-json\/wp\/v2\/media?parent=7774"}],"wp:term":[{"taxonomy":"product_brand","embeddable":true,"href":"https:\/\/fmp-components.com\/hu\/wp-json\/wp\/v2\/product_brand?post=7774"},{"taxonomy":"product_cat","embeddable":true,"href":"https:\/\/fmp-components.com\/hu\/wp-json\/wp\/v2\/product_cat?post=7774"},{"taxonomy":"product_tag","embeddable":true,"href":"https:\/\/fmp-components.com\/hu\/wp-json\/wp\/v2\/product_tag?post=7774"}],"curies":[{"name":"munkaf\u00fczet","href":"https:\/\/api.w.org\/{rel}","templated":true}]}}