{"id":7773,"date":"2025-04-04T06:08:44","date_gmt":"2025-04-04T06:08:44","guid":{"rendered":"https:\/\/fmp-components.com\/?post_type=product&#038;p=7773"},"modified":"2025-04-04T06:38:52","modified_gmt":"2025-04-04T06:38:52","slug":"metal-internal-gear","status":"publish","type":"product","link":"https:\/\/fmp-components.com\/hu\/product\/metal-internal-gear\/","title":{"rendered":"F\u00e9m bels\u0151 fogasker\u00e9k"},"content":{"rendered":"<h2>Mi az a f\u00e9m bels\u0151 fogasker\u00e9k?<\/h2>\n<p>A f\u00e9m bels\u0151 fogasker\u00e9k egy prec\u00edzi\u00f3san megmunk\u00e1lt alkatr\u00e9sz, amelyet sz\u00e9les k\u00f6rben haszn\u00e1lnak mechanikus rendszerekben, \u00e9s amelynek jellemz\u0151je, hogy fogai egy hengeres f\u00e9mgy\u0171r\u0171 bels\u0151 fel\u00fclet\u00e9be vannak v\u00e1gva. A k\u00fcls\u0151 fogaskerekekkel ellent\u00e9tben a bels\u0151 fogaskerekek a ker\u00fclet\u00fck\u00f6n bel\u00fcl illeszkednek a k\u00fcls\u0151 fogaskerekekhez, lehet\u0151v\u00e9 t\u00e9ve a kompakt kialak\u00edt\u00e1st \u00e9s a hat\u00e9kony er\u0151\u00e1tvitelt. \u00c1ltal\u00e1ban nagy szil\u00e1rds\u00e1g\u00fa f\u00e9mekb\u0151l, p\u00e9ld\u00e1ul ac\u00e9lb\u00f3l vagy \u00f6tv\u00f6zetekb\u0151l k\u00e9sz\u00fclnek, tart\u00f3ss\u00e1got \u00e9s kop\u00e1s\u00e1ll\u00f3s\u00e1got k\u00edn\u00e1lnak, \u00edgy ide\u00e1lisak aut\u00f3ipari sebess\u00e9gv\u00e1lt\u00f3kban, ipari g\u00e9pekben \u00e9s robotik\u00e1ban val\u00f3 alkalmaz\u00e1sra. Egyedi kialak\u00edt\u00e1suk lehet\u0151v\u00e9 teszi a sima m\u0171k\u00f6d\u00e9st, a cs\u00f6kkentett zajszintet \u00e9s a megn\u00f6velt nyomat\u00e9kkapacit\u00e1st korl\u00e1tozott helyeken is.<\/p>\n<h3>Specifik\u00e1ci\u00f3<\/h3>\n<table class=\"table\" style=\"width: 100.982%; height: 321px;\" border=\"1\">\n<tbody>\n<tr>\n<td colspan=\"2\">F\u00e9m bels\u0151 fogasker\u00e9k<\/td>\n<\/tr>\n<tr>\n<td>Dimenzi\u00f3<\/td>\n<td>\u03a660mm<\/td>\n<\/tr>\n<tr>\n<td>Modul<\/td>\n<td>M0,15-M3,0<\/td>\n<\/tr>\n<tr>\n<td>Anyagt\u00edpus<\/td>\n<td>F\u00e9m, bronz, ac\u00e9l, \u00f6tv\u00f6zet, POM, cink, alum\u00ednium, vas, rozsdamentes, s\u00e1rgar\u00e9z, r\u00e9z<\/td>\n<\/tr>\n<tr>\n<td>H\u00e1l\u00f3min\u0151s\u00e9g<\/td>\n<td>ISO6, JGMA 1, JIS 6, AGMA 13, DIN 6, Din5, AGMA12<\/td>\n<\/tr>\n<tr>\n<td>Alkalmaz\u00e1s<\/td>\n<td>Aut\u00f3ipar, Katonas\u00e1g, Rep\u00fcl\u0151g\u00e9p, G\u00e9p\u00e9szet, Ipar, Orvostudom\u00e1ny<\/td>\n<\/tr>\n<tr>\n<td>Testreszabott<\/td>\n<td>ODM\/OEM<\/td>\n<\/tr>\n<tr>\n<td>Minta<\/td>\n<td>Minta el\u00e9rhet\u0151<\/td>\n<\/tr>\n<tr>\n<td>Csomagol\u00e1si m\u00f3dok<\/td>\n<td>V\u00e1kuumcsomagolt, m\u0171anyag t\u00e1lc\u00e1val<\/td>\n<\/tr>\n<tr>\n<td>Sz\u00e1ll\u00edt\u00e1si m\u00f3dok<\/td>\n<td>DHL \u00e9s UPS<\/td>\n<\/tr>\n<tr>\n<td>Bizony\u00edtv\u00e1ny<\/td>\n<td>ISO 9001:2008\/TS16949<\/td>\n<\/tr>\n<\/tbody>\n<\/table>\n<div>\n<h3 class=\"\" dir=\"auto\">F\u00e9m bels\u0151 fogasker\u00e9k: Prec\u00edzi\u00f3s m\u00e9rn\u00f6ki munka az FMP-t\u0151l<\/h3>\n<p class=\"break-words\" dir=\"auto\">Ami a f\u00e9m bels\u0151 fogaskerekeket illeti, az FMP vezet\u0151 gy\u00e1rt\u00f3k\u00e9nt sz\u00e1ll\u00edt cs\u00facskateg\u00f3ri\u00e1s t\u00e1ny\u00e9rfogaskerekeket az olaszorsz\u00e1gi ipar\u00e1gak sz\u00e1m\u00e1ra, Mil\u00e1n\u00f3 ipari er\u0151m\u0171veit\u0151l Velence szakk\u00e9pzett m\u0171helyeiig. Ezek a fogaskerekek elengedhetetlenek a g\u00e9pek hat\u00e9kony er\u0151\u00e1tvitel\u00e9hez, tart\u00f3ss\u00e1got \u00e9s pontoss\u00e1got biztos\u00edtva az aut\u00f3ipart\u00f3l a neh\u00e9zg\u00e9pekig terjed\u0151 alkalmaz\u00e1sokban. Az FMP-n\u00e9l a k\u00f6vetkez\u0151k sz\u00e9les v\u00e1laszt\u00e9k\u00e1t gy\u00e1rtjuk: <a href=\"https:\/\/fmp-components.com\/hu\/ring-gear\/\">Gy\u0171r\u0171s fogaskerekek<\/a> Nagy szil\u00e1rds\u00e1g\u00fa f\u00e9meket \u00e9s \u00e9lvonalbeli technol\u00f3gi\u00e1t haszn\u00e1lunk, biztos\u00edtva a kiv\u00e1l\u00f3 teljes\u00edtm\u00e9nyt, amelyet a firenzei, bolognai \u00e9s a k\u00f6rny\u00e9kbeli \u00fcgyfelek ig\u00e9nyeihez igaz\u00edtunk. A min\u0151s\u00e9g ir\u00e1nti elk\u00f6telezetts\u00e9g\u00fcnk megb\u00edzhat\u00f3 partnerr\u00e9 tesz minket a megb\u00edzhat\u00f3 mechanikai megold\u00e1sokat keres\u0151 v\u00e1llalkoz\u00e1sok sz\u00e1m\u00e1ra.<\/p>\n<h3 class=\"\" dir=\"auto\">Testreszab\u00e1s \u00e9s t\u00e1mogat\u00e1s olasz \u00fcgyfelek sz\u00e1m\u00e1ra<\/h3>\n<p class=\"break-words\" dir=\"auto\">Nem tal\u00e1lja a pontos modellt a term\u00e9klist\u00e1nkban? Ne agg\u00f3djon, ez csak azt jelenti, hogy m\u00e9g nem t\u00f6lt\u00f6tt\u00fck fel. Egyszer\u0171en k\u00fcldj\u00f6n nek\u00fcnk e-mailt ig\u00e9nyeivel, \u00e9s szak\u00e9rt\u0151 m\u00e9rn\u00f6keink 24 \u00f3r\u00e1n bel\u00fcl v\u00e1laszolnak egy szem\u00e9lyre szabott megold\u00e1ssal. V\u00e1lassza az FMP-t a precizit\u00e1s, a rugalmass\u00e1g \u00e9s az olasz ihlet\u00e9s\u0171 kiv\u00e1l\u00f3s\u00e1g \u00e9rdek\u00e9ben minden \u00e1ltalunk k\u00e9sz\u00edtett felszerel\u00e9sben!<\/p>\n<\/div>","protected":false},"excerpt":{"rendered":"<p>What is Metal Internal Gear? Metal Internal Gear is a precision-engineered component widely used in mechanical systems, characterized by its teeth being cut into the inner surface of a cylindrical metal ring. Unlike external gears, internal gears mesh with external gears inside their circumference, enabling compact designs and efficient power transmission. Typically made from high-strength [&hellip;]<\/p>","protected":false},"featured_media":4641,"comment_status":"open","ping_status":"closed","template":"","meta":{"_et_pb_use_builder":"","_et_pb_old_content":"","_et_gb_content_width":""},"product_brand":[],"product_cat":[114],"product_tag":[],"class_list":{"0":"post-7773","1":"product","2":"type-product","3":"status-publish","4":"has-post-thumbnail","6":"product_cat-ring-gear","8":"first","9":"instock","10":"shipping-taxable","11":"product-type-simple"},"_links":{"self":[{"href":"https:\/\/fmp-components.com\/hu\/wp-json\/wp\/v2\/product\/7773","targetHints":{"allow":["GET"]}}],"collection":[{"href":"https:\/\/fmp-components.com\/hu\/wp-json\/wp\/v2\/product"}],"about":[{"href":"https:\/\/fmp-components.com\/hu\/wp-json\/wp\/v2\/types\/product"}],"replies":[{"embeddable":true,"href":"https:\/\/fmp-components.com\/hu\/wp-json\/wp\/v2\/comments?post=7773"}],"wp:featuredmedia":[{"embeddable":true,"href":"https:\/\/fmp-components.com\/hu\/wp-json\/wp\/v2\/media\/4641"}],"wp:attachment":[{"href":"https:\/\/fmp-components.com\/hu\/wp-json\/wp\/v2\/media?parent=7773"}],"wp:term":[{"taxonomy":"product_brand","embeddable":true,"href":"https:\/\/fmp-components.com\/hu\/wp-json\/wp\/v2\/product_brand?post=7773"},{"taxonomy":"product_cat","embeddable":true,"href":"https:\/\/fmp-components.com\/hu\/wp-json\/wp\/v2\/product_cat?post=7773"},{"taxonomy":"product_tag","embeddable":true,"href":"https:\/\/fmp-components.com\/hu\/wp-json\/wp\/v2\/product_tag?post=7773"}],"curies":[{"name":"munkaf\u00fczet","href":"https:\/\/api.w.org\/{rel}","templated":true}]}}