{"id":7769,"date":"2025-04-04T05:45:33","date_gmt":"2025-04-04T05:45:33","guid":{"rendered":"https:\/\/fmp-components.com\/?post_type=product&#038;p=7769"},"modified":"2025-04-04T05:50:43","modified_gmt":"2025-04-04T05:50:43","slug":"aircraft-internal-gear","status":"publish","type":"product","link":"https:\/\/fmp-components.com\/hu\/product\/aircraft-internal-gear\/","title":{"rendered":"Rep\u00fcl\u0151g\u00e9p bels\u0151 felszerel\u00e9se"},"content":{"rendered":"<div>\n<h2 dir=\"auto\">Rep\u00fcl\u0151g\u00e9p bels\u0151 fogaskerekei: Prec\u00edzi\u00f3 \u00e9s teljes\u00edtm\u00e9ny az FMP-t\u0151l<\/h2>\n<p class=\"break-words\" dir=\"auto\">A bels\u0151 fogasker\u00e9k-koszor\u00fa l\u00e9tfontoss\u00e1g\u00fa alkatr\u00e9sze a mechanikus er\u0151\u00e1tviteli rendszereknek, k\u00fcl\u00f6n\u00f6sen a rep\u00fcl\u0151g\u00e9piparban, ahol a pontoss\u00e1g \u00e9s a tart\u00f3ss\u00e1g nem k\u00e9pezheti vita t\u00e1rgy\u00e1t. Az FMP-n\u00e9l kiv\u00e1l\u00f3 min\u0151s\u00e9g\u0171, k\u00fcl\u00f6nb\u00f6z\u0151 ipar\u00e1gak, t\u00f6bbek k\u00f6z\u00f6tt a rep\u00fcl\u0151g\u00e9pipar, az aut\u00f3ipar \u00e9s az ipari g\u00e9pek sz\u00e1m\u00e1ra testreszabott fogasker\u00e9k-koszor\u00fak gy\u00e1rt\u00e1s\u00e1ra specializ\u00e1l\u00f3dtunk. Fejlett gy\u00e1rt\u00e1si technik\u00e1kra \u00e9s szigor\u00fa min\u0151s\u00e9gi szabv\u00e1nyokra \u00e9p\u00edtve bels\u0151 fogasker\u00e9k-koszor\u00faink optim\u00e1lis teljes\u00edtm\u00e9nyt biztos\u00edtanak \u00fcgyfeleink sz\u00e1m\u00e1ra Olaszorsz\u00e1g-szerte \u2013 Mil\u00e1n\u00f3 ny\u00fczsg\u0151 ipari k\u00f6zpontjait\u00f3l Velence m\u00e9rn\u00f6ki m\u0171helyein \u00e1t Firenze k\u00e9zm\u0171ves \u00f6r\u00f6ks\u00e9g\u00e9ig \u00e9s Bologna innovat\u00edv technol\u00f3giai sz\u00ednter\u00e9ig. Ak\u00e1r standard, ak\u00e1r egyedi megold\u00e1sokra van sz\u00fcks\u00e9ge, az FMP az \u00d6n megb\u00edzhat\u00f3 partnere a kiv\u00e1l\u00f3s\u00e1g ter\u00e9n.<\/p>\n<h2 dir=\"auto\">Specifik\u00e1ci\u00f3<\/h2>\n<\/div>\n<table class=\"table\" style=\"width: 99.8032%; height: 344px;\" border=\"1\">\n<tbody>\n<tr>\n<td colspan=\"2\">Rep\u00fcl\u0151g\u00e9p bels\u0151 felszerel\u00e9se<\/td>\n<\/tr>\n<tr>\n<td>Dimenzi\u00f3<\/td>\n<td>\u03a660mm<\/td>\n<\/tr>\n<tr>\n<td>Modul<\/td>\n<td>M0,15-M2,0<\/td>\n<\/tr>\n<tr>\n<td>Anyagt\u00edpus<\/td>\n<td>F\u00e9m, bronz, ac\u00e9l, \u00f6tv\u00f6zet, POM, cink, alum\u00ednium, vas, rozsdamentes, s\u00e1rgar\u00e9z, r\u00e9z<\/td>\n<\/tr>\n<tr>\n<td>H\u00e1l\u00f3min\u0151s\u00e9g<\/td>\n<td>ISO6, JGMA 1, JIS 6, AGMA 13, DIN 6, Din5, AGMA12<\/td>\n<\/tr>\n<tr>\n<td>Alkalmaz\u00e1s<\/td>\n<td>Aut\u00f3ipar, Katonas\u00e1g, Rep\u00fcl\u0151g\u00e9p, G\u00e9p\u00e9szet, Ipar, Orvostudom\u00e1ny<\/td>\n<\/tr>\n<tr>\n<td>Testreszabott<\/td>\n<td>ODM\/OEM<\/td>\n<\/tr>\n<tr>\n<td>Minta<\/td>\n<td>Minta el\u00e9rhet\u0151<\/td>\n<\/tr>\n<tr>\n<td>Csomagol\u00e1si m\u00f3dok<\/td>\n<td>V\u00e1kuumcsomagolt, m\u0171anyag t\u00e1lc\u00e1val<\/td>\n<\/tr>\n<tr>\n<td>Sz\u00e1ll\u00edt\u00e1si m\u00f3dok<\/td>\n<td>DHL \u00e9s UPS<\/td>\n<\/tr>\n<tr>\n<td>Bizony\u00edtv\u00e1ny<\/td>\n<td>ISO 9001:2008\/TS16949<\/td>\n<\/tr>\n<\/tbody>\n<\/table>\n<p><img loading=\"lazy\" decoding=\"async\" class=\"size-full wp-image-7771 aligncenter\" src=\"https:\/\/fmp-components.com\/wp-content\/uploads\/2025\/04\/Aircraft-Internal-Gear-2.webp\" alt=\"Rep\u00fcl\u0151g\u00e9p bels\u0151 felszerel\u00e9se\" width=\"1205\" height=\"400\" title=\"\" srcset=\"https:\/\/fmp-components.com\/wp-content\/uploads\/2025\/04\/Aircraft-Internal-Gear-2.webp 1205w, https:\/\/fmp-components.com\/wp-content\/uploads\/2025\/04\/Aircraft-Internal-Gear-2-980x325.webp 980w, https:\/\/fmp-components.com\/wp-content\/uploads\/2025\/04\/Aircraft-Internal-Gear-2-480x159.webp 480w\" sizes=\"(min-width: 0px) and (max-width: 480px) 480px, (min-width: 481px) and (max-width: 980px) 980px, (min-width: 981px) 1205px, 100vw\" \/> <img loading=\"lazy\" decoding=\"async\" class=\"size-full wp-image-7772 aligncenter\" src=\"https:\/\/fmp-components.com\/wp-content\/uploads\/2025\/04\/Aircraft-Internal-Gear-1.webp\" alt=\"Rep\u00fcl\u0151g\u00e9p bels\u0151 felszerel\u00e9se\" width=\"1196\" height=\"402\" title=\"\" srcset=\"https:\/\/fmp-components.com\/wp-content\/uploads\/2025\/04\/Aircraft-Internal-Gear-1.webp 1196w, https:\/\/fmp-components.com\/wp-content\/uploads\/2025\/04\/Aircraft-Internal-Gear-1-980x329.webp 980w, https:\/\/fmp-components.com\/wp-content\/uploads\/2025\/04\/Aircraft-Internal-Gear-1-480x161.webp 480w\" sizes=\"(min-width: 0px) and (max-width: 480px) 480px, (min-width: 481px) and (max-width: 980px) 980px, (min-width: 981px) 1196px, 100vw\" \/><\/p>\n<p><span style=\"color: #333333; font-size: 18px;\">Term\u00e9kjellemz\u0151k<\/span><\/p>\n<div>\n<p class=\"break-words\" dir=\"auto\">Rep\u00fcl\u0151g\u00e9p bels\u0151 fogaskerekei kiv\u00e9teles kidolgozotts\u00e1guknak k\u00f6sz\u00f6nhet\u0151en t\u0171nnek ki:<\/p>\n<ol class=\"marker:text-secondary\" dir=\"auto\">\n<li class=\"break-words\">Nagy pontoss\u00e1g\u00fa gy\u00e1rt\u00e1s: A legmodernebb CNC megmunk\u00e1l\u00e1snak k\u00f6sz\u00f6nhet\u0151en prec\u00edz fogprofilokat \u00e9s -illeszt\u00e9st garant\u00e1lunk, minimaliz\u00e1lva a zajt \u00e9s a rezg\u00e9st a z\u00f6kken\u0151mentes m\u0171k\u00f6d\u00e9s \u00e9rdek\u00e9ben \u2013 ide\u00e1lis rep\u00fcl\u0151g\u00e9pipari alkalmaz\u00e1sokhoz olyan v\u00e1rosokban, mint Mil\u00e1n\u00f3 \u00e9s Bologna.<\/li>\n<li class=\"break-words\">Nagy szil\u00e1rds\u00e1g\u00fa anyagok: Pr\u00e9mium \u00f6tv\u00f6z\u00f6tt ac\u00e9lb\u00f3l \u00e9s fejlett h\u0151kezel\u00e9ssel k\u00e9sz\u00fclt fogaskerekeink p\u00e1ratlan tart\u00f3ss\u00e1got biztos\u00edtanak nagy terhel\u00e9s alatt is, \u00edgy Velenc\u00e9t\u0151l Firenz\u00e9ig hossz\u00fa t\u00e1v\u00fa megb\u00edzhat\u00f3s\u00e1ggal szolg\u00e1lj\u00e1k ki \u00fcgyfeleiket.<\/li>\n<li class=\"break-words\">Kiv\u00e1l\u00f3 kop\u00e1s\u00e1ll\u00f3s\u00e1g: A speci\u00e1lisan kezelt fel\u00fcletek kiv\u00e1l\u00f3 kop\u00e1s\u00e1ll\u00f3s\u00e1got biztos\u00edtanak, \u00e9s hossz\u00fa t\u00e1von is meg\u0151rzik a hat\u00e9konys\u00e1got \u2013 t\u00f6k\u00e9letesen illeszkednek Olaszorsz\u00e1g ig\u00e9nyes ipar\u00e1gaihoz.<\/li>\n<li class=\"break-words\">Testreszabhat\u00f3 kialak\u00edt\u00e1s: Az FMP-n\u00e9l teljes m\u00e9rt\u00e9kben testreszabhat\u00f3 t\u00e1ny\u00e9rfogaskerekeket k\u00edn\u00e1lunk, a m\u00e9retet, a fogparam\u00e9tereket \u00e9s az anyagokat az \u00d6n egyedi ig\u00e9nyeihez igaz\u00edtva, f\u00fcggetlen\u00fcl att\u00f3l, hogy Olaszorsz\u00e1g melyik r\u00e9sz\u00e9n tart\u00f3zkodik.<\/li>\n<\/ol>\n<div>\n<h4 class=\"\" dir=\"auto\">Testreszab\u00e1s \u00e9s el\u00e9rhet\u0151s\u00e9g<\/h4>\n<p class=\"break-words\" dir=\"auto\">Az FMP b\u00fcszk\u00e9n gy\u00e1rt sz\u00e9les v\u00e1laszt\u00e9kot <a href=\"https:\/\/fmp-components.com\/hu\/ring-gear\/\">Gy\u0171r\u0171s fogaskerekek<\/a> \u00e9s sz\u00edvesen fogad egyedi megrendel\u00e9seket, hogy megfeleljenek az \u00d6n egyedi ig\u00e9nyeinek. Ha nem tal\u00e1lja a pontosan megfelel\u0151 modellt a term\u00e9klist\u00e1nkban \u2013 ak\u00e1r Mil\u00e1n\u00f3ban, Velenc\u00e9ben, Firenz\u00e9ben vagy Bologn\u00e1ban \u00e9l \u2013, az egyszer\u0171en azt jelenti, hogy m\u00e9g nem t\u00f6lt\u00f6tt\u00fck fel. K\u00e9rj\u00fck, ne habozzon e-mailben elk\u00fcldeni nek\u00fcnk ig\u00e9nyeit. Szak\u00e9rt\u0151 m\u00e9rn\u00f6keink 24 \u00f3r\u00e1n bel\u00fcl v\u00e1laszolnak, \u00e9s szem\u00e9lyre szabott megold\u00e1sokat k\u00edn\u00e1lnak, hogy projektjei sz\u00e1rnyalhassanak. L\u00e9pjen kapcsolatba az FMP-vel m\u00e9g ma, \u00e9s tapasztalja meg az olasz ihlet\u00e9s\u0171 precizit\u00e1st glob\u00e1lis szak\u00e9rtelemmel!<\/p>\n<\/div>\n<p>&nbsp;<\/p>\n<\/div>","protected":false},"excerpt":{"rendered":"<p>Aircraft Internal Gear: Precision and Performance by FMP The internal gear ring is a vital component in mechanical transmission systems, especially within the aerospace sector, where precision and durability are non-negotiable. At FMP, we specialize in producing high-quality Ring Gears tailored to various industries, including aerospace, automotive, and industrial machinery. Based on advanced manufacturing techniques [&hellip;]<\/p>","protected":false},"featured_media":4648,"comment_status":"open","ping_status":"closed","template":"","meta":{"_et_pb_use_builder":"","_et_pb_old_content":"","_et_gb_content_width":""},"product_brand":[],"product_cat":[114],"product_tag":[],"class_list":{"0":"post-7769","1":"product","2":"type-product","3":"status-publish","4":"has-post-thumbnail","6":"product_cat-ring-gear","8":"first","9":"instock","10":"shipping-taxable","11":"product-type-simple"},"_links":{"self":[{"href":"https:\/\/fmp-components.com\/hu\/wp-json\/wp\/v2\/product\/7769","targetHints":{"allow":["GET"]}}],"collection":[{"href":"https:\/\/fmp-components.com\/hu\/wp-json\/wp\/v2\/product"}],"about":[{"href":"https:\/\/fmp-components.com\/hu\/wp-json\/wp\/v2\/types\/product"}],"replies":[{"embeddable":true,"href":"https:\/\/fmp-components.com\/hu\/wp-json\/wp\/v2\/comments?post=7769"}],"wp:featuredmedia":[{"embeddable":true,"href":"https:\/\/fmp-components.com\/hu\/wp-json\/wp\/v2\/media\/4648"}],"wp:attachment":[{"href":"https:\/\/fmp-components.com\/hu\/wp-json\/wp\/v2\/media?parent=7769"}],"wp:term":[{"taxonomy":"product_brand","embeddable":true,"href":"https:\/\/fmp-components.com\/hu\/wp-json\/wp\/v2\/product_brand?post=7769"},{"taxonomy":"product_cat","embeddable":true,"href":"https:\/\/fmp-components.com\/hu\/wp-json\/wp\/v2\/product_cat?post=7769"},{"taxonomy":"product_tag","embeddable":true,"href":"https:\/\/fmp-components.com\/hu\/wp-json\/wp\/v2\/product_tag?post=7769"}],"curies":[{"name":"munkaf\u00fczet","href":"https:\/\/api.w.org\/{rel}","templated":true}]}}