{"id":7748,"date":"2025-04-04T02:01:13","date_gmt":"2025-04-04T02:01:13","guid":{"rendered":"https:\/\/fmp-components.com\/?post_type=product&#038;p=7748"},"modified":"2025-04-04T05:32:58","modified_gmt":"2025-04-04T05:32:58","slug":"helical-angle-7-internal-helical-ring-gear-2","status":"publish","type":"product","link":"https:\/\/fmp-components.com\/hu\/product\/helical-angle-7-internal-helical-ring-gear-2\/","title":{"rendered":"7-es spir\u00e1lsz\u00f6g\u0171 bels\u0151 spir\u00e1lker\u00e9k"},"content":{"rendered":"<div class=\"J_module\">\n<div class=\"detail-decorate-json-renderer-container\">\n<div class=\"magic-1\">\n<div class=\"magic-2\">\n<div class=\"magic-3\">\n<div class=\"magic-4\">\n<div>\n<h2 dir=\"auto\">Mi az a 7-es ferde sz\u00f6g\u0171 bels\u0151 ferde fogasker\u00e9k?<\/h2>\n<p class=\"break-words\" dir=\"auto\">Egy bels\u0151 spir\u00e1lis <a href=\"https:\/\/fmp-components.com\/hu\/ring-gear\/\">t\u00e1ny\u00e9rker\u00e9k<\/a> 7 fokos spir\u00e1lsz\u00f6ggel rendelkez\u0151 fogai alacsony sz\u00f6gben vannak v\u00e1gva a gy\u0171r\u0171 belsej\u00e9ben, minim\u00e1lis axi\u00e1lis tol\u00f3er\u0151 \u00e9s sima m\u0171k\u00f6d\u00e9s \u00e9rdek\u00e9ben. Ezt a t\u00edpust gyakran haszn\u00e1lj\u00e1k bolyg\u00f3kerekes hajt\u00f3m\u0171vekben, p\u00e9ld\u00e1ul aut\u00f3ipari sebess\u00e9gv\u00e1lt\u00f3kban, ahol a csendes teljes\u00edtm\u00e9ny \u00e9s a nagy teherb\u00edr\u00e1s elengedhetetlen. A 7 fokos sz\u00f6g, amely alacsonyabb a tipikus tartom\u00e1nyokn\u00e1l (\u00e1ltal\u00e1ban 12\u00b0\u201320\u00b0 az egyferde fogaskerekekn\u00e9l), alkalmas lehet bizonyos alacsony tol\u00f3er\u0151s alkalmaz\u00e1sokhoz, b\u00e1r ennek a sz\u00f6gnek a pontos r\u00e9szletei ritk\u00e1bban tal\u00e1lhat\u00f3k meg a standard forr\u00e1sokban.<\/p>\n<\/div>\n<h3 class=\"magic-5\" data-spm-anchor-id=\"a2700.details.0.i31.212e5440VhHX7p\">Fogasker\u00e9k\/bord\u00e1s tengelykapacit\u00e1s<\/h3>\n<\/div>\n<\/div>\n<\/div>\n<\/div>\n<\/div>\n<\/div>\n<div class=\"J_module\">\n<div class=\"ife-detail-decorate-table\">\n<table class=\"all magic-7\" style=\"width: 101.538%; height: 278px;\" border=\"1\">\n<tbody>\n<tr style=\"height: 23px;\">\n<td style=\"height: 23px; width: 215.138%;\" colspan=\"4\" rowspan=\"1\">\n<div class=\"magic-8\">\n<div class=\"magic-5\" data-spm-anchor-id=\"a2700.siteadmin.0.i174.58853333j5JHlI\"><strong>Bels\u0151 fogaskerekek \u00e9s bels\u0151 bord\u00e1k<\/strong><\/div>\n<\/div>\n<\/td>\n<\/tr>\n<tr style=\"height: 47px;\">\n<td style=\"height: 47px; width: 37.3853%;\" colspan=\"1\" rowspan=\"1\">\n<div class=\"magic-13\"><\/div>\n<\/td>\n<td style=\"height: 47px; width: 18.578%;\" colspan=\"1\" rowspan=\"1\">\n<div class=\"magic-10\">\n<div class=\"magic-5\"><span class=\"magic-14\">Fogmar\u00e1s<\/span><\/div>\n<\/div>\n<\/td>\n<td style=\"height: 47px; width: 21.1009%;\" colspan=\"1\" rowspan=\"1\">\n<div class=\"magic-11\">\n<div class=\"magic-5\"><span class=\"magic-14\">Fogak form\u00e1z\u00e1sa<\/span><\/div>\n<\/div>\n<\/td>\n<td style=\"height: 47px; width: 138.073%;\" colspan=\"1\" rowspan=\"1\">\n<div class=\"magic-15\">\n<div class=\"magic-5\"><span class=\"magic-14\">Fogcsikorgat\u00e1s<\/span><\/div>\n<\/div>\n<\/td>\n<\/tr>\n<tr style=\"height: 23px;\">\n<td style=\"height: 23px; width: 37.3853%;\" colspan=\"1\" rowspan=\"1\">\n<div class=\"magic-13\"><span class=\"magic-14\">Maxim\u00e1lis OD<\/span><\/div>\n<\/td>\n<td style=\"height: 23px; width: 18.578%;\" colspan=\"1\" rowspan=\"1\">\n<div class=\"magic-10\"><span class=\"magic-14\">2500 mm<\/span><\/div>\n<\/td>\n<td style=\"height: 23px; width: 21.1009%;\" colspan=\"1\" rowspan=\"1\">\n<div class=\"magic-11\"><span class=\"magic-14\">2500 mm<\/span><\/div>\n<\/td>\n<td style=\"height: 23px; width: 138.073%;\" colspan=\"1\" rowspan=\"1\">\n<div class=\"magic-15\"><span class=\"magic-14\">2500 mm<\/span><\/div>\n<\/td>\n<\/tr>\n<tr style=\"height: 23px;\">\n<td style=\"height: 23px; width: 37.3853%;\" colspan=\"1\" rowspan=\"1\">\n<div class=\"magic-13\"><span class=\"magic-14\">Minim\u00e1lis azonos\u00edt\u00f3<\/span><\/div>\n<\/td>\n<td style=\"height: 23px; width: 18.578%;\" colspan=\"1\" rowspan=\"1\">\n<div class=\"magic-10\"><span class=\"magic-14\">650 mm<\/span><\/div>\n<\/td>\n<td style=\"height: 23px; width: 21.1009%;\" colspan=\"1\" rowspan=\"1\">\n<div class=\"magic-11\"><span class=\"magic-14\">50 mm<\/span><\/div>\n<\/td>\n<td style=\"height: 23px; width: 138.073%;\" colspan=\"1\" rowspan=\"1\">\n<div class=\"magic-15\"><span class=\"magic-14\">100 mm<\/span><\/div>\n<\/td>\n<\/tr>\n<tr style=\"height: 23px;\">\n<td style=\"height: 23px; width: 37.3853%;\" colspan=\"1\" rowspan=\"1\">\n<div class=\"magic-13\"><span class=\"magic-14\">Maxim\u00e1lis arcsz\u00e9less\u00e9g<\/span><\/div>\n<\/td>\n<td style=\"height: 23px; width: 18.578%;\" colspan=\"1\" rowspan=\"1\">\n<div class=\"magic-10\"><span class=\"magic-14\">500 mm<\/span><\/div>\n<\/td>\n<td style=\"height: 23px; width: 21.1009%;\" colspan=\"1\" rowspan=\"1\">\n<div class=\"magic-11\"><span class=\"magic-14\">500 mm<\/span><\/div>\n<\/td>\n<td style=\"height: 23px; width: 138.073%;\" colspan=\"1\" rowspan=\"1\">\n<div class=\"magic-15\"><span class=\"magic-14\">500 mm<\/span><\/div>\n<\/td>\n<\/tr>\n<tr style=\"height: 23px;\">\n<td style=\"height: 23px; width: 37.3853%;\" colspan=\"1\" rowspan=\"1\">\n<div class=\"magic-13\"><span class=\"magic-14\">Maxim\u00e1lis \u00e1tm\u00e9r\u0151j\u0171 oszt\u00e1s<\/span><\/div>\n<\/td>\n<td style=\"height: 23px; width: 18.578%;\" colspan=\"1\" rowspan=\"1\">\n<div class=\"magic-10\"><span class=\"magic-14\">DP1<\/span><\/div>\n<\/td>\n<td style=\"height: 23px; width: 21.1009%;\" colspan=\"1\" rowspan=\"1\">\n<div class=\"magic-11\"><span class=\"magic-14\">DP1<\/span><\/div>\n<\/td>\n<td style=\"height: 23px; width: 138.073%;\" colspan=\"1\" rowspan=\"1\">\n<div class=\"magic-15\"><span class=\"magic-14\">DP0.5<\/span><\/div>\n<\/td>\n<\/tr>\n<tr style=\"height: 23px;\">\n<td style=\"height: 23px; width: 37.3853%;\" colspan=\"1\" rowspan=\"1\">\n<div class=\"magic-13\"><span class=\"magic-14\">Maxim\u00e1lis modul<\/span><\/div>\n<\/td>\n<td style=\"height: 23px; width: 18.578%;\" colspan=\"1\" rowspan=\"1\">\n<div class=\"magic-10\"><span class=\"magic-14\">26 mm<\/span><\/div>\n<\/td>\n<td style=\"height: 23px; width: 21.1009%;\" colspan=\"1\" rowspan=\"1\">\n<div class=\"magic-11\"><span class=\"magic-14\">26 mm<\/span><\/div>\n<\/td>\n<td style=\"height: 23px; width: 138.073%;\" colspan=\"1\" rowspan=\"1\">\n<div class=\"magic-15\"><span class=\"magic-14\">45 mm<\/span><\/div>\n<\/td>\n<\/tr>\n<tr style=\"height: 47px;\">\n<td style=\"height: 47px; width: 37.3853%;\" colspan=\"1\" rowspan=\"1\">\n<div class=\"magic-13\"><span class=\"magic-14\">AGMA \/ DIN min\u0151s\u00e9g\u0171<\/span><\/div>\n<\/td>\n<td style=\"height: 47px; width: 18.578%;\" colspan=\"1\" rowspan=\"1\">\n<div class=\"magic-10\"><span class=\"magic-14\">DIN 8-as oszt\u00e1ly<\/span><\/div>\n<\/td>\n<td style=\"height: 47px; width: 21.1009%;\" colspan=\"1\" rowspan=\"1\">\n<div class=\"magic-11\"><span class=\"magic-14\">DIN 8-as oszt\u00e1ly<\/span><\/div>\n<\/td>\n<td style=\"height: 47px; width: 138.073%;\" colspan=\"1\" rowspan=\"1\">\n<div class=\"magic-15\"><span class=\"magic-14\">DIN 4-es oszt\u00e1ly<\/span><\/div>\n<\/td>\n<\/tr>\n<tr style=\"height: 23px;\">\n<td style=\"height: 23px; width: 37.3853%;\" colspan=\"1\" rowspan=\"1\">\n<div class=\"magic-13\"><span class=\"magic-14\">Fogbefejez\u00e9s<\/span><\/div>\n<\/td>\n<td style=\"height: 23px; width: 18.578%;\" colspan=\"1\" rowspan=\"1\">\n<div class=\"magic-10\"><span class=\"magic-14\">Ra 3.2<\/span><\/div>\n<\/td>\n<td style=\"height: 23px; width: 21.1009%;\" colspan=\"1\" rowspan=\"1\">\n<div class=\"magic-11\"><span class=\"magic-14\">Ra 3.2<\/span><\/div>\n<\/td>\n<td style=\"height: 23px; width: 138.073%;\" colspan=\"1\" rowspan=\"1\">\n<div class=\"magic-15\"><span class=\"magic-14\">Ra 0,6<\/span><\/div>\n<\/td>\n<\/tr>\n<tr style=\"height: 23px;\">\n<td style=\"height: 23px; width: 37.3853%;\" colspan=\"1\" rowspan=\"1\">\n<div class=\"magic-13\"><span class=\"magic-14\">Maxim\u00e1lis spir\u00e1lsz\u00f6g<\/span><\/div>\n<\/td>\n<td style=\"height: 23px; width: 18.578%;\" colspan=\"1\" rowspan=\"1\">\n<div class=\"magic-10\"><span class=\"magic-14\">\u00b122,5\u00b0<\/span><\/div>\n<\/td>\n<td style=\"height: 23px; width: 21.1009%;\" colspan=\"1\" rowspan=\"1\">\n<div class=\"magic-11\"><span class=\"magic-14\">\u00b122,5\u00b0<\/span><\/div>\n<\/td>\n<td style=\"height: 23px; width: 138.073%;\" colspan=\"1\" rowspan=\"1\">\n<div class=\"magic-15\"><span class=\"magic-14\">\u00b145\u00b0<\/span><\/div>\n<\/td>\n<\/tr>\n<\/tbody>\n<\/table>\n<\/div>\n<\/div>\n<div class=\"J_module\">\n<div class=\"ife-detail-decorate-table\">\n<table class=\"all magic-7\" style=\"width: 101.751%; height: 259px;\" border=\"1\">\n<tbody>\n<tr>\n<td style=\"width: 231.63%;\" colspan=\"4\" rowspan=\"1\">\n<div class=\"magic-16\">\n<div class=\"magic-5\" data-spm-anchor-id=\"a2700.siteadmin.0.i170.58853333j5JHlI\"><strong>K\u00fcls\u0151 fogaskerekek \u00e9s k\u00fcls\u0151 bord\u00e1k<\/strong><\/div>\n<\/div>\n<\/td>\n<\/tr>\n<tr>\n<td style=\"width: 39.9027%;\" colspan=\"1\" rowspan=\"1\">\n<div class=\"magic-19\"><span class=\"magic-14\">Maxim\u00e1lis OD<\/span><\/div>\n<\/td>\n<td style=\"width: 19.2214%;\" colspan=\"1\" rowspan=\"1\">\n<div class=\"magic-17\"><span class=\"magic-14\">1250 mm<\/span><\/div>\n<\/td>\n<td style=\"width: 19.2214%;\" colspan=\"1\" rowspan=\"1\">\n<div class=\"magic-11\"><span class=\"magic-14\">2500 mm<\/span><\/div>\n<\/td>\n<td style=\"width: 153.285%;\" colspan=\"1\" rowspan=\"1\">\n<div class=\"magic-11\"><span class=\"magic-14\">2500 mm<\/span><\/div>\n<\/td>\n<\/tr>\n<tr>\n<td style=\"width: 39.9027%;\" colspan=\"1\" rowspan=\"1\">\n<div class=\"magic-19\"><span class=\"magic-14\">Minim\u00e1lis azonos\u00edt\u00f3<\/span><\/div>\n<\/td>\n<td style=\"width: 19.2214%;\" colspan=\"1\" rowspan=\"1\">\n<div class=\"magic-17\"><span class=\"magic-14\">20 mm<\/span><\/div>\n<\/td>\n<td style=\"width: 19.2214%;\" colspan=\"1\" rowspan=\"1\">\n<div class=\"magic-11\"><span class=\"magic-14\">200 mm<\/span><\/div>\n<\/td>\n<td style=\"width: 153.285%;\" colspan=\"1\" rowspan=\"1\">\n<div class=\"magic-11\"><span class=\"magic-14\">20 mm<\/span><\/div>\n<\/td>\n<\/tr>\n<tr>\n<td style=\"width: 39.9027%;\" colspan=\"1\" rowspan=\"1\">\n<div class=\"magic-19\"><span class=\"magic-14\">Maxim\u00e1lis arcsz\u00e9less\u00e9g<\/span><\/div>\n<\/td>\n<td style=\"width: 19.2214%;\" colspan=\"1\" rowspan=\"1\">\n<div class=\"magic-17\"><span class=\"magic-14\">500 mm<\/span><\/div>\n<\/td>\n<td style=\"width: 19.2214%;\" colspan=\"1\" rowspan=\"1\">\n<div class=\"magic-11\"><span class=\"magic-14\">500 mm<\/span><\/div>\n<\/td>\n<td style=\"width: 153.285%;\" colspan=\"1\" rowspan=\"1\">\n<div class=\"magic-11\"><span class=\"magic-14\">1480 mm<\/span><\/div>\n<\/td>\n<\/tr>\n<tr>\n<td style=\"width: 39.9027%;\" colspan=\"1\" rowspan=\"1\">\n<div class=\"magic-19\"><span class=\"magic-14\">Maxim\u00e1lis \u00e1tm\u00e9r\u0151j\u0171 oszt\u00e1s<\/span><\/div>\n<\/td>\n<td style=\"width: 19.2214%;\" colspan=\"1\" rowspan=\"1\">\n<div class=\"magic-17\"><span class=\"magic-14\">DP 1<\/span><\/div>\n<\/td>\n<td style=\"width: 19.2214%;\" colspan=\"1\" rowspan=\"1\">\n<div class=\"magic-11\"><span class=\"magic-14\">DP 1<\/span><\/div>\n<\/td>\n<td style=\"width: 153.285%;\" colspan=\"1\" rowspan=\"1\">\n<div class=\"magic-11\"><span class=\"magic-14\">DP 0.5<\/span><\/div>\n<\/td>\n<\/tr>\n<tr>\n<td style=\"width: 39.9027%;\" colspan=\"1\" rowspan=\"1\">\n<div class=\"magic-19\"><span class=\"magic-14\">Maxim\u00e1lis modul<\/span><\/div>\n<\/td>\n<td style=\"width: 19.2214%;\" colspan=\"1\" rowspan=\"1\">\n<div class=\"magic-17\"><span class=\"magic-14\">26 mm<\/span><\/div>\n<\/td>\n<td style=\"width: 19.2214%;\" colspan=\"1\" rowspan=\"1\">\n<div class=\"magic-11\"><span class=\"magic-14\">26 mm<\/span><\/div>\n<\/td>\n<td style=\"width: 153.285%;\" colspan=\"1\" rowspan=\"1\">\n<div class=\"magic-11\"><span class=\"magic-14\">45 mm<\/span><\/div>\n<\/td>\n<\/tr>\n<tr>\n<td style=\"width: 39.9027%;\" colspan=\"1\" rowspan=\"1\">\n<div class=\"magic-19\"><span class=\"magic-14\">AGMA \/ DIN min\u0151s\u00e9g\u0171<\/span><\/div>\n<\/td>\n<td style=\"width: 19.2214%;\" colspan=\"1\" rowspan=\"1\">\n<div class=\"magic-17\"><span class=\"magic-14\">DIN 8-as oszt\u00e1ly<\/span><\/div>\n<\/td>\n<td style=\"width: 19.2214%;\" colspan=\"1\" rowspan=\"1\">\n<div class=\"magic-11\"><span class=\"magic-14\">DIN 8-as oszt\u00e1ly<\/span><\/div>\n<\/td>\n<td style=\"width: 153.285%;\" colspan=\"1\" rowspan=\"1\">\n<div class=\"magic-11\"><span class=\"magic-14\">DIN 4-es oszt\u00e1ly<\/span><\/div>\n<\/td>\n<\/tr>\n<tr>\n<td style=\"width: 39.9027%;\" colspan=\"1\" rowspan=\"1\">\n<div class=\"magic-19\"><span class=\"magic-14\">Fogbefejez\u00e9s<\/span><\/div>\n<\/td>\n<td style=\"width: 19.2214%;\" colspan=\"1\" rowspan=\"1\">\n<div class=\"magic-17\"><span class=\"magic-14\">Ra 3.2<\/span><\/div>\n<\/td>\n<td style=\"width: 19.2214%;\" colspan=\"1\" rowspan=\"1\">\n<div class=\"magic-11\"><span class=\"magic-14\">Ra 3.2<\/span><\/div>\n<\/td>\n<td style=\"width: 153.285%;\" colspan=\"1\" rowspan=\"1\">\n<div class=\"magic-11\"><span class=\"magic-14\">Ra 0,6<\/span><\/div>\n<\/td>\n<\/tr>\n<tr>\n<td style=\"width: 39.9027%;\" colspan=\"1\" rowspan=\"1\">\n<div class=\"magic-19\"><span class=\"magic-14\">Maxim\u00e1lis spir\u00e1lsz\u00f6g<\/span><\/div>\n<\/td>\n<td style=\"width: 19.2214%;\" colspan=\"1\" rowspan=\"1\">\n<div class=\"magic-17\"><span class=\"magic-14\">\u00b145\u00b0<\/span><\/div>\n<\/td>\n<td style=\"width: 19.2214%;\" colspan=\"1\" rowspan=\"1\">\n<div class=\"magic-11\"><span class=\"magic-14\">\u00b145\u00b0<\/span><\/div>\n<\/td>\n<td style=\"width: 153.285%;\" colspan=\"1\" rowspan=\"1\">\n<div class=\"magic-11\"><span class=\"magic-14\">\u00b145\u00b0<\/span><\/div>\n<\/td>\n<\/tr>\n<\/tbody>\n<\/table>\n<div>\n<h2 dir=\"auto\">Az FMP k\u00edn\u00e1lata \u00e9s helyi relevanci\u00e1ja<\/h2>\n<p class=\"break-words\" dir=\"auto\">Az FMP sz\u00e9les v\u00e1laszt\u00e9k\u00fa bels\u0151 ferde fogaskerekek gy\u00e1rt\u00e1s\u00e1ra specializ\u00e1l\u00f3dott, bele\u00e9rtve az egyedi bels\u0151 ferde fogaskerekeket is, \u00e9s Mil\u00e1n\u00f3, Velence, Firenze \u00e9s Bologna ipar\u00e1gait szolg\u00e1lja ki. Ha egy modell, mint p\u00e9ld\u00e1ul a 7-es ferde fogasker\u00e9k bels\u0151 ferde fogaskereke, nem szerepel a list\u00e1n, az \u00fcgyfelek e-mailben elk\u00fcldhetik specifik\u00e1ci\u00f3ikat, \u00e9s az FMP m\u00e9rn\u00f6kei 24 \u00f3r\u00e1n bel\u00fcl v\u00e1laszolnak. Ez a szolg\u00e1ltat\u00e1s Olaszorsz\u00e1g dinamikus m\u00e9rn\u00f6ki k\u00f6rnyezet\u00e9hez igazodik, olyan \u00e1gazatokat t\u00e1mogatva, mint az aut\u00f3ipar Bologn\u00e1ban \u00e9s a prec\u00edzi\u00f3s gy\u00e1rt\u00e1s Firenz\u00e9ben.<\/p>\n<\/div>\n<\/div>\n<\/div>","protected":false},"excerpt":{"rendered":"<p>What is a Helical Angle 7 Internal Helical Ring Gear? An internal helical ring gear with a helix angle of 7 degrees has teeth cut at a low angle on the inside of a ring, designed for minimal axial thrust and smooth operation. This type is often used in planetary gear systems, such as those [&hellip;]<\/p>","protected":false},"featured_media":4589,"comment_status":"open","ping_status":"closed","template":"","meta":{"_et_pb_use_builder":"","_et_pb_old_content":"","_et_gb_content_width":""},"product_brand":[],"product_cat":[114],"product_tag":[],"class_list":{"0":"post-7748","1":"product","2":"type-product","3":"status-publish","4":"has-post-thumbnail","6":"product_cat-ring-gear","8":"first","9":"instock","10":"shipping-taxable","11":"product-type-simple"},"_links":{"self":[{"href":"https:\/\/fmp-components.com\/hu\/wp-json\/wp\/v2\/product\/7748","targetHints":{"allow":["GET"]}}],"collection":[{"href":"https:\/\/fmp-components.com\/hu\/wp-json\/wp\/v2\/product"}],"about":[{"href":"https:\/\/fmp-components.com\/hu\/wp-json\/wp\/v2\/types\/product"}],"replies":[{"embeddable":true,"href":"https:\/\/fmp-components.com\/hu\/wp-json\/wp\/v2\/comments?post=7748"}],"wp:featuredmedia":[{"embeddable":true,"href":"https:\/\/fmp-components.com\/hu\/wp-json\/wp\/v2\/media\/4589"}],"wp:attachment":[{"href":"https:\/\/fmp-components.com\/hu\/wp-json\/wp\/v2\/media?parent=7748"}],"wp:term":[{"taxonomy":"product_brand","embeddable":true,"href":"https:\/\/fmp-components.com\/hu\/wp-json\/wp\/v2\/product_brand?post=7748"},{"taxonomy":"product_cat","embeddable":true,"href":"https:\/\/fmp-components.com\/hu\/wp-json\/wp\/v2\/product_cat?post=7748"},{"taxonomy":"product_tag","embeddable":true,"href":"https:\/\/fmp-components.com\/hu\/wp-json\/wp\/v2\/product_tag?post=7748"}],"curies":[{"name":"munkaf\u00fczet","href":"https:\/\/api.w.org\/{rel}","templated":true}]}}