{"id":774,"date":"2024-12-18T06:44:58","date_gmt":"2024-12-18T06:44:58","guid":{"rendered":"https:\/\/fmp-components.com\/?page_id=8"},"modified":"2024-12-18T06:54:43","modified_gmt":"2024-12-18T06:54:43","slug":"hydraulic-cylinder-for-reach-stacker","status":"publish","type":"product","link":"https:\/\/fmp-components.com\/hu\/product\/hydraulic-cylinder-for-reach-stacker\/","title":{"rendered":"Hidraulikus henger targonc\u00e1hoz"},"content":{"rendered":"<p style=\"text-align: center;\"><span style=\"font-size: 18pt;\">Hidraulikus henger targonc\u00e1hoz<\/span><\/p>\n<p>A kont\u00e9nerrakod\u00f3 hidraulikus munkahengere egy alapvet\u0151 hidraulikus alkatr\u00e9sz, amelyet a logisztikai \u00e9s kont\u00e9nerkezel\u00e9si m\u0171veletekben haszn\u00e1lt kont\u00e9nerrakod\u00f3k emel\u00e9si \u00e9s kitol\u00e1si k\u00e9pess\u00e9geinek jav\u00edt\u00e1s\u00e1ra terveztek. Ez a henger kritikus szerepet j\u00e1tszik a kont\u00e9nerg\u00e9m sima \u00e9s pontos mozg\u00e1s\u00e1nak biztos\u00edt\u00e1s\u00e1ban, lehet\u0151v\u00e9 t\u00e9ve a kont\u00e9nerek \u00e9s neh\u00e9z terhek hat\u00e9kony be- \u00e9s kirakod\u00e1s\u00e1t \u00e9s egym\u00e1sra rak\u00e1s\u00e1t.<\/p>\n<p><img loading=\"lazy\" decoding=\"async\" class=\"alignnone size-full wp-image-788\" src=\"https:\/\/fmp-components.com\/wp-content\/uploads\/2024\/12\/Reach-Stacker-Luffing-Cylinders-2.webp\" alt=\"Reach-Tracker-Luffing-Henger-2\" width=\"870\" height=\"535\" title=\"\" srcset=\"https:\/\/fmp-components.com\/wp-content\/uploads\/2024\/12\/Reach-Stacker-Luffing-Cylinders-2.webp 870w, https:\/\/fmp-components.com\/wp-content\/uploads\/2024\/12\/Reach-Stacker-Luffing-Cylinders-2-480x295.webp 480w\" sizes=\"(min-width: 0px) and (max-width: 480px) 480px, (min-width: 481px) 870px, 100vw\" \/><\/p>\n<h4>F\u0151bb jellemz\u0151k:<\/h4>\n<ul>\n<li><strong>Nagy teherb\u00edr\u00e1s:<\/strong> Jelent\u0151s s\u00falyok kezel\u00e9s\u00e9re tervezett hidraulikus munkahenger megb\u00edzhat\u00f3 teljes\u00edtm\u00e9nyt biztos\u00edt neh\u00e9z emel\u00e9si m\u0171veletek sor\u00e1n, ami elengedhetetlen a hat\u00e9kony rakom\u00e1nykezel\u00e9shez.<\/li>\n<li><strong>Robusztus konstrukci\u00f3:<\/strong> Nagy szil\u00e1rds\u00e1g\u00fa anyagokb\u00f3l k\u00e9sz\u00fclt, \u00fagy tervezt\u00e9k, hogy ellen\u00e1lljon a sz\u00e1ll\u00edt\u00e1si \u00e9s logisztikai k\u00f6rnyezetben a nagy ig\u00e9nybev\u00e9telt jelent\u0151 m\u0171veletek szigor\u00fa k\u00f6vetelm\u00e9nyeinek, biztos\u00edtva a hossz\u00fa t\u00e1v\u00fa tart\u00f3ss\u00e1got \u00e9s megb\u00edzhat\u00f3s\u00e1got.<\/li>\n<li><strong>Sima m\u0171k\u00f6d\u00e9s:<\/strong> A fejlett hidraulikus kialak\u00edt\u00e1s foly\u00e9kony \u00e9s szab\u00e1lyozott mozg\u00e1sokat tesz lehet\u0151v\u00e9, lehet\u0151v\u00e9 t\u00e9ve a gyors be\u00e1ll\u00edt\u00e1sokat a be- \u00e9s kirakod\u00e1s sor\u00e1n, mik\u00f6zben minimaliz\u00e1lja a berendez\u00e9s kop\u00e1s\u00e1t.<\/li>\n<li><strong>Fokozott biztons\u00e1g:<\/strong> Biztons\u00e1gi funkci\u00f3kkal felszerelt a t\u00falterhel\u00e9s megakad\u00e1lyoz\u00e1sa \u00e9s a biztons\u00e1gos m\u0171k\u00f6d\u00e9s biztos\u00edt\u00e1sa \u00e9rdek\u00e9ben, v\u00e9dve mind a kezel\u0151t, mind a rakom\u00e1nyt a kezel\u00e9si feladatok sor\u00e1n.<\/li>\n<li><strong>Sokoldal\u00fa alkalmaz\u00e1s:<\/strong> K\u00fcl\u00f6nb\u00f6z\u0151 kont\u00e9nert\u00e1rol\u00f3-konfigur\u00e1ci\u00f3khoz alkalmas, ez a hidraulikus henger alkalmazkodik a k\u00fcl\u00f6nb\u00f6z\u0151 m\u0171k\u00f6d\u00e9si ig\u00e9nyekhez, \u00edgy ide\u00e1lis v\u00e1laszt\u00e1s a v\u00e1ltozatos kont\u00e9nerkezel\u00e9si feladatokhoz.<\/li>\n<li><strong>Alacsony karbantart\u00e1si ig\u00e9ny:<\/strong> Minim\u00e1lis kop\u00e1sra tervezt\u00e9k, cs\u00f6kkenti a gyakori karbantart\u00e1s sz\u00fcks\u00e9gess\u00e9g\u00e9t, hozz\u00e1j\u00e1rulva a termel\u00e9kenys\u00e9g n\u00f6veked\u00e9s\u00e9hez \u00e9s az \u00fczemeltet\u00e9si k\u00f6lts\u00e9gek cs\u00f6kkent\u00e9s\u00e9hez.<\/li>\n<\/ul>\n<p>\u00d6sszefoglalva, a kont\u00e9nerrakod\u00f3 hidraulikus hengere l\u00e9tfontoss\u00e1g\u00fa alkatr\u00e9sz, amely optimaliz\u00e1lja a kont\u00e9nerrakod\u00f3k teljes\u00edtm\u00e9ny\u00e9t \u00e9s hat\u00e9konys\u00e1g\u00e1t, jelent\u0151sen n\u00f6velve azok hat\u00e9konys\u00e1g\u00e1t a kont\u00e9nerkezel\u00e9sben \u00e9s a logisztikai m\u0171veletekben.<\/p>\n<h2>Kont\u00e9neres rakod\u00f3 teleszk\u00f3pos henger<\/h2>\n<p><img loading=\"lazy\" decoding=\"async\" class=\"size-full wp-image-786 aligncenter\" src=\"https:\/\/fmp-components.com\/wp-content\/uploads\/2024\/12\/Reach-Stacker-Telescopic-Cylinder.webp\" alt=\"Kont\u00e9neres rakod\u00f3 teleszk\u00f3pos henger\" width=\"500\" height=\"200\" title=\"\" srcset=\"https:\/\/fmp-components.com\/wp-content\/uploads\/2024\/12\/Reach-Stacker-Telescopic-Cylinder.webp 500w, https:\/\/fmp-components.com\/wp-content\/uploads\/2024\/12\/Reach-Stacker-Telescopic-Cylinder-480x192.webp 480w\" sizes=\"(min-width: 0px) and (max-width: 480px) 480px, (min-width: 481px) 500px, 100vw\" \/><\/p>\n<table style=\"width: 83.0024%; height: 162px;\" border=\"1\" cellspacing=\"0\" cellpadding=\"0\">\n<tbody>\n<tr>\n<td>Term\u00e9k neve<\/td>\n<td>Kont\u00e9neres rakod\u00f3 teleszk\u00f3pos henger<\/td>\n<\/tr>\n<tr>\n<td>Jellemz\u0151k:<\/td>\n<td>A g\u00e9m line\u00e1ris teleszk\u00f3pos mozg\u00e1s\u00e1nak megval\u00f3s\u00edt\u00e1sa<\/td>\n<\/tr>\n<tr>\n<td>Furat\u00e1tm\u00e9r\u0151:<\/td>\n<td>200 mm\uff5e220 mm<\/td>\n<\/tr>\n<tr>\n<td>R\u00fad \u00e1tm\u00e9r\u0151je:<\/td>\n<td>150 mm\uff5e180 mm<br \/>\nL\u00f6ket \u22648000 mm<\/td>\n<\/tr>\n<tr>\n<td>Nyom\u00e1s:<\/td>\n<td>Maximum 30MPa<\/td>\n<\/tr>\n<tr>\n<td>Alkalmaz\u00e1sok:<\/td>\n<td>Kont\u00e9neremel\u0151<\/td>\n<\/tr>\n<\/tbody>\n<\/table>\n<p><img loading=\"lazy\" decoding=\"async\" class=\"alignnone wp-image-790\" src=\"https:\/\/fmp-components.com\/wp-content\/uploads\/2024\/12\/Stacker-Telescopic-Cylinder.webp\" alt=\"Teleszk\u00f3pos hengeres rakod\u00f3\" width=\"761\" height=\"457\" title=\"\"><\/p>\n<p><img loading=\"lazy\" decoding=\"async\" class=\"alignnone wp-image-789\" src=\"https:\/\/fmp-components.com\/wp-content\/uploads\/2024\/12\/Stacker-Telescopic-Cylinder-1.webp\" alt=\"Teleszk\u00f3pos hengeres rakod\u00f3\" width=\"764\" height=\"383\" title=\"\"><\/p>\n<h2>Reach Stacker emel\u0151henger<\/h2>\n<p><img loading=\"lazy\" decoding=\"async\" class=\"size-full wp-image-784 aligncenter\" src=\"https:\/\/fmp-components.com\/wp-content\/uploads\/2024\/12\/Reach-Stacker-Luffing-Cylinder-1.webp\" alt=\"Reach Stacker emel\u0151henger\" width=\"500\" height=\"200\" title=\"\" srcset=\"https:\/\/fmp-components.com\/wp-content\/uploads\/2024\/12\/Reach-Stacker-Luffing-Cylinder-1.webp 500w, https:\/\/fmp-components.com\/wp-content\/uploads\/2024\/12\/Reach-Stacker-Luffing-Cylinder-1-480x192.webp 480w\" sizes=\"(min-width: 0px) and (max-width: 480px) 480px, (min-width: 481px) 500px, 100vw\" \/><\/p>\n<table style=\"width: 84.0327%; height: 185px;\" border=\"1\" cellspacing=\"0\" cellpadding=\"0\">\n<tbody>\n<tr>\n<td>Term\u00e9k neve<\/td>\n<td>Reach Stacker emel\u0151henger<\/td>\n<\/tr>\n<tr>\n<td>Jellemz\u0151k:<\/td>\n<td>Ismerd fel a g\u00e9m fel-le billent\u00e9s\u00e9t<\/td>\n<\/tr>\n<tr>\n<td>Furat\u00e1tm\u00e9r\u0151:<\/td>\n<td>100 mm\uff5e220 mm<\/td>\n<\/tr>\n<tr>\n<td>R\u00fad \u00e1tm\u00e9r\u0151je:<\/td>\n<td>60 mm\uff5e140 mm<br \/>\nL\u00f6ket \u22645000 mm<\/td>\n<\/tr>\n<tr>\n<td>Nyom\u00e1s:<\/td>\n<td>Maximum 30MPa<\/td>\n<\/tr>\n<tr>\n<td>Alkalmaz\u00e1sok:<\/td>\n<td>Kont\u00e9neremel\u0151<\/td>\n<\/tr>\n<\/tbody>\n<\/table>\n<p><img loading=\"lazy\" decoding=\"async\" class=\"alignnone wp-image-782\" src=\"https:\/\/fmp-components.com\/wp-content\/uploads\/2024\/12\/Reach-Stacker-Luffing-Cylinder.webp\" alt=\"Reach Stacker emel\u0151henger\" width=\"780\" height=\"285\" title=\"\" srcset=\"https:\/\/fmp-components.com\/wp-content\/uploads\/2024\/12\/Reach-Stacker-Luffing-Cylinder.webp 780w, https:\/\/fmp-components.com\/wp-content\/uploads\/2024\/12\/Reach-Stacker-Luffing-Cylinder-480x175.webp 480w\" sizes=\"(min-width: 0px) and (max-width: 480px) 480px, (min-width: 481px) 780px, 100vw\" \/><\/p>\n<p><img loading=\"lazy\" decoding=\"async\" class=\"alignnone wp-image-787\" src=\"https:\/\/fmp-components.com\/wp-content\/uploads\/2024\/12\/Reach-Stacker-Luffing-Cylinder-2.webp\" alt=\"Reach-Tracker-Luffing-Henger-2\" width=\"774\" height=\"503\" title=\"\"><\/p>\n<h2>Kont\u00e9neres rakod\u00f3 korm\u00e1nyhenger<\/h2>\n<p><img loading=\"lazy\" decoding=\"async\" class=\"size-full wp-image-785 aligncenter\" src=\"https:\/\/fmp-components.com\/wp-content\/uploads\/2024\/12\/Reach-Stacker-Steering-Cylinder.webp\" alt=\"Kont\u00e9neres rakod\u00f3 korm\u00e1nyhenger\" width=\"500\" height=\"200\" title=\"\" srcset=\"https:\/\/fmp-components.com\/wp-content\/uploads\/2024\/12\/Reach-Stacker-Steering-Cylinder.webp 500w, https:\/\/fmp-components.com\/wp-content\/uploads\/2024\/12\/Reach-Stacker-Steering-Cylinder-480x192.webp 480w\" sizes=\"(min-width: 0px) and (max-width: 480px) 480px, (min-width: 481px) 500px, 100vw\" \/><\/p>\n<table style=\"width: 84.0349%; height: 200px;\" border=\"1\" cellspacing=\"0\" cellpadding=\"0\">\n<tbody>\n<tr style=\"height: 23px;\">\n<td style=\"height: 23px;\">Term\u00e9k neve<\/td>\n<td style=\"height: 23px;\">Reach Stacker emel\u0151henger<\/td>\n<\/tr>\n<tr style=\"height: 23px;\">\n<td style=\"height: 23px;\">Jellemz\u0151k:<\/td>\n<td style=\"height: 23px;\">A daru kerekeinek ir\u00e1ny\u00e1nak be\u00e1ll\u00edt\u00e1s\u00e1nak megval\u00f3s\u00edt\u00e1sa<\/td>\n<\/tr>\n<tr style=\"height: 23px;\">\n<td style=\"height: 23px;\">Furat\u00e1tm\u00e9r\u0151:<\/td>\n<td style=\"height: 23px;\">80 mm\uff5e200 mm<\/td>\n<\/tr>\n<tr style=\"height: 47px;\">\n<td style=\"height: 47px;\">R\u00fad \u00e1tm\u00e9r\u0151je:<\/td>\n<td style=\"height: 47px;\">60 mm\uff5e100 mm<br \/>\nL\u00f6ket \u22649500 mm<\/td>\n<\/tr>\n<tr style=\"height: 23px;\">\n<td style=\"height: 23px;\">Nyom\u00e1s:<\/td>\n<td style=\"height: 23px;\">Maximum 25MPa<\/td>\n<\/tr>\n<tr style=\"height: 23px;\">\n<td style=\"height: 23px;\">Alkalmaz\u00e1sok:<\/td>\n<td style=\"height: 23px;\">Kont\u00e9neremel\u0151<\/td>\n<\/tr>\n<\/tbody>\n<\/table>\n<p><img loading=\"lazy\" decoding=\"async\" class=\"alignnone wp-image-793\" src=\"https:\/\/fmp-components.com\/wp-content\/uploads\/2024\/12\/Reach-Stacker-Steering-Cylinder-1.webp\" alt=\"Kont\u00e9neres rakod\u00f3 korm\u00e1nyhenger\" width=\"794\" height=\"269\" title=\"\" srcset=\"https:\/\/fmp-components.com\/wp-content\/uploads\/2024\/12\/Reach-Stacker-Steering-Cylinder-1.webp 794w, https:\/\/fmp-components.com\/wp-content\/uploads\/2024\/12\/Reach-Stacker-Steering-Cylinder-1-480x163.webp 480w\" sizes=\"(min-width: 0px) and (max-width: 480px) 480px, (min-width: 481px) 794px, 100vw\" \/><\/p>\n<p><img loading=\"lazy\" decoding=\"async\" class=\"alignnone size-full wp-image-794\" src=\"https:\/\/fmp-components.com\/wp-content\/uploads\/2024\/12\/Reach-Stacker-Steering-Cylinder1.webp\" alt=\"Kont\u00e9nerrakod\u00f3 korm\u00e1nyhenger1\" width=\"828\" height=\"297\" title=\"\" srcset=\"https:\/\/fmp-components.com\/wp-content\/uploads\/2024\/12\/Reach-Stacker-Steering-Cylinder1.webp 828w, https:\/\/fmp-components.com\/wp-content\/uploads\/2024\/12\/Reach-Stacker-Steering-Cylinder1-480x172.webp 480w\" sizes=\"(min-width: 0px) and (max-width: 480px) 480px, (min-width: 481px) 828px, 100vw\" \/><\/p>\n<h2>A Reach Stacker hidraulikus henger el\u0151nyei<\/h2>\n<p>A kont\u00e9nert\u00e1rol\u00f3 hidraulikus hengere sz\u00e1mos jelent\u0151s el\u0151nyt k\u00edn\u00e1l, amelyek n\u00f6velik a kont\u00e9nert\u00e1rol\u00f3 targonc\u00e1k teljes\u00edtm\u00e9ny\u00e9t \u00e9s megb\u00edzhat\u00f3s\u00e1g\u00e1t a logisztikai \u00e9s kont\u00e9nerkezel\u00e9si m\u0171veletekben.<\/p>\n<p>Az egyik f\u0151 el\u0151nye a nagy teherb\u00edr\u00e1s, amely lehet\u0151v\u00e9 teszi a hidraulikus henger sz\u00e1m\u00e1ra a neh\u00e9z kont\u00e9nerek \u00e9s rakom\u00e1nyok biztons\u00e1gos emel\u00e9s\u00e9t \u00e9s mozgat\u00e1s\u00e1t. Ez a k\u00e9pess\u00e9g kulcsfontoss\u00e1g\u00fa a hat\u00e9kony rakom\u00e1nykezel\u00e9shez a forgalmas sz\u00e1ll\u00edt\u00e1si \u00e9s logisztikai k\u00f6rnyezetben.<\/p>\n<p>A henger prec\u00edz vez\u00e9rl\u00e9st biztos\u00edt, lehet\u0151v\u00e9 t\u00e9ve a kont\u00e9nerfelrak\u00f3 g\u00e9mj\u00e9nek sima \u00e9s pontos mozg\u00e1s\u00e1t. Ez a precizit\u00e1s seg\u00edti a kezel\u0151ket a kont\u00e9nerek pontos pozicion\u00e1l\u00e1s\u00e1ban, cs\u00f6kkentve a balesetek kock\u00e1zat\u00e1t \u00e9s jav\u00edtva az \u00e1ltal\u00e1nos m\u0171k\u00f6d\u00e9si hat\u00e9konys\u00e1got.<\/p>\n<p>A robusztus anyagokb\u00f3l k\u00e9sz\u00fclt hidraulikus hengert \u00fagy tervezt\u00e9k, hogy ellen\u00e1lljon a neh\u00e9z \u00fczemi k\u00f6r\u00fclm\u00e9nyeknek. Tart\u00f3ss\u00e1ga hossz\u00fa t\u00e1v\u00fa teljes\u00edtm\u00e9nyt biztos\u00edt m\u00e9g zord k\u00f6rnyezetben is, cs\u00f6kkentve a jav\u00edt\u00e1sok \u00e9s cser\u00e9k gyakoris\u00e1g\u00e1t.<\/p>\n<p>Tov\u00e1bbi el\u0151ny a hidraulikus kialak\u00edt\u00e1sba integr\u00e1lt tov\u00e1bbfejlesztett biztons\u00e1gi funkci\u00f3k. Ezek a funkci\u00f3k seg\u00edtenek megel\u0151zni a t\u00falterhel\u00e9st \u00e9s biztos\u00edtj\u00e1k a biztons\u00e1gos m\u0171k\u00f6d\u00e9st, v\u00e9dve mind a berendez\u00e9st, mind a szem\u00e9lyzetet a kezel\u00e9si feladatok sor\u00e1n.<\/p>\n<p>A hidraulikus henger emellett z\u00f6kken\u0151mentes m\u0171k\u00f6d\u00e9st biztos\u00edt, ami minimaliz\u00e1lja mind a henger, mind maga a kont\u00e9neres rakod\u00f3 kop\u00e1s\u00e1t. Ez a z\u00f6kken\u0151mentes m\u0171k\u00f6d\u00e9s n\u00f6veli a termel\u00e9kenys\u00e9get az\u00e1ltal, hogy gyorsabb be- \u00e9s kirakod\u00e1si folyamatokat tesz lehet\u0151v\u00e9.<\/p>\n<p>Ezenk\u00edv\u00fcl a hidraulikus henger sokoldal\u00fas\u00e1ga lehet\u0151v\u00e9 teszi a k\u00fcl\u00f6nf\u00e9le kont\u00e9nersz\u00e1ll\u00edt\u00f3 targonca modellekhez val\u00f3 haszn\u00e1lat\u00e1t, \u00edgy alkalmazkodik a k\u00fcl\u00f6nb\u00f6z\u0151 m\u0171k\u00f6d\u00e9si ig\u00e9nyekhez, \u00e9s n\u00f6veli hasznoss\u00e1g\u00e1t a kont\u00e9nerkezel\u00e9sben.<\/p>\n<p>V\u00e9g\u00fcl a hidraulikus henger alacsony karbantart\u00e1si ig\u00e9nyei hozz\u00e1j\u00e1rulnak a cs\u00f6kkentett \u00e1ll\u00e1sid\u0151h\u00f6z \u00e9s az \u00fczemeltet\u00e9si k\u00f6lts\u00e9gekhez. Tervez\u00e9se a megb\u00edzhat\u00f3s\u00e1gra \u00e9s a hossz\u00fa \u00e9lettartamra \u00f6sszpontos\u00edt, biztos\u00edtva, hogy a kont\u00e9neres rakod\u00f3k hat\u00e9konyan m\u0171k\u00f6dhessenek gyakori megszak\u00edt\u00e1sok n\u00e9lk\u00fcl.<\/p>\n<p>\u00d6sszefoglalva, a kont\u00e9nerrakod\u00f3 hidraulikus hengere elengedhetetlen a kont\u00e9nerrakod\u00f3k hat\u00e9konys\u00e1g\u00e1nak, biztons\u00e1g\u00e1nak \u00e9s megb\u00edzhat\u00f3s\u00e1g\u00e1nak optimaliz\u00e1l\u00e1s\u00e1hoz, jelent\u0151sen jav\u00edtva teljes\u00edtm\u00e9ny\u00fcket a kont\u00e9nerkezel\u00e9sben \u00e9s a logisztikai m\u0171veletekben.<\/p>\n<p><img loading=\"lazy\" decoding=\"async\" class=\"alignnone  wp-image-795\" src=\"https:\/\/fmp-components.com\/wp-content\/uploads\/2024\/12\/Choose-Reach-Stacker-Steering-Cylinder.webp\" alt=\"V\u00e1laszt\u00f3-T\u00e1maszt\u00f3-Korm\u00e1nyhenger\" width=\"853\" height=\"443\" title=\"\"><\/p>\n<h3>Az FMP-r\u0151l<\/h3>\n<p>Az FMP egy speci\u00e1lis g\u00e9pgy\u00e1rt\u00f3 v\u00e1llalat, amely hidraulikus hengerek gy\u00e1rt\u00e1s\u00e1ra specializ\u00e1l\u00f3dott. Megalakul\u00e1sa \u00f3ta a v\u00e1llalat a hidraulikus technol\u00f3gia kutat\u00e1s\u00e1ra \u00e9s gy\u00e1rt\u00e1s\u00e1ra \u00f6sszpontos\u00edt, \u00e9s sikeresen \u00e1tt\u00e9rt a soksz\u00edn\u0171 term\u00e9kk\u00edn\u00e1latr\u00f3l, amely mag\u00e1ban foglalta a betakar\u00edt\u00f3 \u00e9s \u00e9p\u00edt\u0151ipari g\u00e9peket, a mez\u0151gazdas\u00e1gi traktoralkatr\u00e9szekre specializ\u00e1l\u00f3d\u00e1sra. T\u00f6bb mint egy \u00e9vtizedes gy\u00e1rt\u00e1si \u00e9s ir\u00e1ny\u00edt\u00e1si tapasztalattal az FMP fejlett gy\u00e1rt\u00e1si technik\u00e1kkal biztos\u00edtja a kiv\u00e1l\u00f3 min\u0151s\u00e9g\u0171 term\u00e9keket.<\/p>\n<p>A v\u00e1llalat fejl\u0151d\u00e9s\u00e9vel \u00e1tfog\u00f3 megmunk\u00e1l\u00f3 gy\u00e1rt\u00f3sort, \u00f6sszeszerel\u0151 sort \u00e9s bevon\u00f3sort fejlesztett ki. Csapatunk k\u00e9pzett vezet\u0151kb\u0151l, tapasztalt g\u00e9p\u00e9sztervez\u0151kb\u0151l \u00e9s magasan k\u00e9pzett technikusokb\u00f3l \u00e1ll, akik egy\u00fcttm\u0171k\u00f6dve biztos\u00edtj\u00e1k a stabil termel\u00e9si min\u0151s\u00e9get, mik\u00f6zben hat\u00e9konyan ellen\u0151rzik a folyamatok folytonoss\u00e1g\u00e1t \u00e9s hat\u00e9konys\u00e1g\u00e1t.<\/p>\n<p>Az FMP a k\u00f6vetkez\u0151 filoz\u00f3fi\u00e1t vallja: \u201eA technol\u00f3giai innov\u00e1ci\u00f3 hajtja a fejl\u0151d\u00e9st, a min\u0151s\u00e9g teremti a m\u00e1rk\u00e1kat, a szak\u00e9rtelem garant\u00e1lja a min\u0151s\u00e9get, \u00e9s hossz\u00fa t\u00e1v\u00fa, mindenki sz\u00e1m\u00e1ra el\u0151ny\u00f6s kapcsolatokat \u00e9p\u00edt.\u201d Elk\u00f6telezetts\u00e9g\u00fcnk a kiv\u00e1l\u00f3 min\u0151s\u00e9g\u0171 term\u00e9kek \u00e9s a kiv\u00e1l\u00f3 \u00fcgyf\u00e9lszolg\u00e1lat ir\u00e1nt tov\u00e1bbra is alapvet\u0151 c\u00e9lunk, mik\u00f6zben folyamatosan megfelel\u00fcnk a piac v\u00e1ltoz\u00f3 ig\u00e9nyeinek.<\/p>\n<p><img loading=\"lazy\" decoding=\"async\" class=\"alignnone size-full wp-image-426\" src=\"https:\/\/fmp-components.com\/wp-content\/uploads\/2024\/12\/Sanitation-Machinery-Locking-Hydraulic-Cylinder-factory.webp\" sizes=\"(min-width: 0px) and (max-width: 480px) 480px, (min-width: 481px) and (max-width: 980px) 980px, (min-width: 981px) and (max-width: 1280px) 1280px, (min-width: 1281px) 1414px, 100vw\" srcset=\"https:\/\/fmp-components.com\/wp-content\/uploads\/2024\/12\/Sanitation-Machinery-Locking-Hydraulic-Cylinder-factory.webp 1414w, https:\/\/fmp-components.com\/wp-content\/uploads\/2024\/12\/Sanitation-Machinery-Locking-Hydraulic-Cylinder-factory-1280x529.webp 1280w, https:\/\/fmp-components.com\/wp-content\/uploads\/2024\/12\/Sanitation-Machinery-Locking-Hydraulic-Cylinder-factory-980x405.webp 980w, https:\/\/fmp-components.com\/wp-content\/uploads\/2024\/12\/Sanitation-Machinery-Locking-Hydraulic-Cylinder-factory-480x198.webp 480w\" alt=\"Higi\u00e9niai-G\u00e9p-Z\u00e1r\u00f3-Hidraulikus-Henger-gy\u00e1r\" width=\"1414\" height=\"584\" title=\"\"><\/p>\n<p>Szerz\u0151: CX<\/p>","protected":false},"excerpt":{"rendered":"<p>A kont\u00e9nerrakod\u00f3 hidraulikus hengere egy l\u00e9tfontoss\u00e1g\u00fa hidraulikus alkatr\u00e9sz, amelyet arra terveztek, hogy biztos\u00edtsa a kont\u00e9nerrakod\u00f3 g\u00e9mj\u00e9nek sz\u00fcks\u00e9ges emel\u0151- \u00e9s ny\u00fajt\u00f3erej\u00e9t. Ez a henger sima \u00e9s prec\u00edz mozg\u00e1sokat tesz lehet\u0151v\u00e9, lehet\u0151v\u00e9 t\u00e9ve a kezel\u0151k sz\u00e1m\u00e1ra, hogy hat\u00e9konyan emelj\u00e9k, s\u00fcllyessz\u00e9k \u00e9s kiny\u00fajts\u00e1k a kont\u00e9nerek \u00e9s neh\u00e9z terhek k\u00f6nny\u0171 kezel\u00e9s\u00e9t. Nagy szil\u00e1rds\u00e1g\u00fa anyagokb\u00f3l k\u00e9sz\u00fclt, \u00fagy tervezt\u00e9k, hogy ellen\u00e1lljon a logisztikai \u00e9s sz\u00e1ll\u00edt\u00e1si k\u00f6rnyezetben j\u00e1r\u00f3 neh\u00e9z m\u0171veletek k\u00f6vetelm\u00e9nyeinek, biztos\u00edtva a tart\u00f3ss\u00e1got \u00e9s a megb\u00edzhat\u00f3s\u00e1got. A fejlett hidraulikus kialak\u00edt\u00e1s lehet\u0151v\u00e9 teszi a gyors be\u00e1ll\u00edt\u00e1sokat \u00e9s a fokozott vez\u00e9rl\u00e9st, jav\u00edtva a m\u0171k\u00f6d\u00e9si hat\u00e9konys\u00e1got \u00e9s a biztons\u00e1got a kont\u00e9nerkezel\u00e9si feladatok sor\u00e1n. Ez a hidraulikus henger elengedhetetlen a kont\u00e9nerrakod\u00f3k teljes\u00edtm\u00e9ny\u00e9nek optimaliz\u00e1l\u00e1s\u00e1hoz, jelent\u0151sen hozz\u00e1j\u00e1rulva a hat\u00e9kony rakom\u00e1nykezel\u00e9shez a kik\u00f6t\u0151kben \u00e9s rakt\u00e1rakban.<\/p>","protected":false},"featured_media":783,"comment_status":"open","ping_status":"closed","template":"","meta":{"_et_pb_use_builder":"","_et_pb_old_content":"","_et_gb_content_width":""},"product_brand":[],"product_cat":[28],"product_tag":[],"class_list":{"0":"post-774","1":"product","2":"type-product","3":"status-publish","4":"has-post-thumbnail","6":"product_cat-offshore-hydraulic-cylinders","8":"first","9":"instock","10":"shipping-taxable","11":"product-type-simple"},"_links":{"self":[{"href":"https:\/\/fmp-components.com\/hu\/wp-json\/wp\/v2\/product\/774","targetHints":{"allow":["GET"]}}],"collection":[{"href":"https:\/\/fmp-components.com\/hu\/wp-json\/wp\/v2\/product"}],"about":[{"href":"https:\/\/fmp-components.com\/hu\/wp-json\/wp\/v2\/types\/product"}],"replies":[{"embeddable":true,"href":"https:\/\/fmp-components.com\/hu\/wp-json\/wp\/v2\/comments?post=774"}],"wp:featuredmedia":[{"embeddable":true,"href":"https:\/\/fmp-components.com\/hu\/wp-json\/wp\/v2\/media\/783"}],"wp:attachment":[{"href":"https:\/\/fmp-components.com\/hu\/wp-json\/wp\/v2\/media?parent=774"}],"wp:term":[{"taxonomy":"product_brand","embeddable":true,"href":"https:\/\/fmp-components.com\/hu\/wp-json\/wp\/v2\/product_brand?post=774"},{"taxonomy":"product_cat","embeddable":true,"href":"https:\/\/fmp-components.com\/hu\/wp-json\/wp\/v2\/product_cat?post=774"},{"taxonomy":"product_tag","embeddable":true,"href":"https:\/\/fmp-components.com\/hu\/wp-json\/wp\/v2\/product_tag?post=774"}],"curies":[{"name":"munkaf\u00fczet","href":"https:\/\/api.w.org\/{rel}","templated":true}]}}