{"id":7721,"date":"2025-04-03T05:48:55","date_gmt":"2025-04-03T05:48:55","guid":{"rendered":"https:\/\/fmp-components.com\/?post_type=product&#038;p=7721"},"modified":"2025-04-03T05:54:27","modified_gmt":"2025-04-03T05:54:27","slug":"internal-planetary-gear","status":"publish","type":"product","link":"https:\/\/fmp-components.com\/hu\/product\/internal-planetary-gear\/","title":{"rendered":"Bels\u0151 bolyg\u00f3kerekes hajt\u00f3m\u0171"},"content":{"rendered":"<h2>Bels\u0151 bolyg\u00f3kerekes fogaskerekek: Prec\u00edzi\u00f3 \u00e9s teljes\u00edtm\u00e9ny az FMP-t\u0151l<\/h2>\n<p>A bels\u0151 bolyg\u00f3kerekes fogaskerekek, a bolyg\u00f3kerekes mechanizmusok l\u00e9tfontoss\u00e1g\u00fa alkot\u00f3elemei, arr\u00f3l h\u00edresek, hogy nagy nyomat\u00e9kot \u00e9s prec\u00edz sebess\u00e9gcs\u00f6kkent\u00e9st biztos\u00edtanak kompakt kialak\u00edt\u00e1sban. Ezek a rendszerek egy k\u00f6zponti napker\u00e9kb\u0151l, kering\u0151 bolyg\u00f3kerekekb\u0151l \u00e9s egy bels\u0151 t\u00e1ny\u00e9rker\u00e9kb\u0151l \u00e1llnak, amely bels\u0151leg kapcsol\u00f3dik a bolyg\u00f3kerekekhez. Ez az egyed\u00fcl\u00e1ll\u00f3 konfigur\u00e1ci\u00f3 elengedhetetlenn\u00e9 teszi a bels\u0151 bolyg\u00f3kerekes fogaskerekeket az olaszorsz\u00e1gi ipar\u00e1gak sz\u00e1m\u00e1ra, a mil\u00e1n\u00f3i aut\u00f3szerel\u0151 m\u0171helyekt\u0151l a bolognai g\u00e9pk\u00f6zpontokig. Az FMP-n\u00e9l ezeknek a fejlett hajt\u00f3m\u0171rendszereknek a gy\u00e1rt\u00e1s\u00e1ra specializ\u00e1l\u00f3dtunk, \u00e9s testreszabott megold\u00e1sokat k\u00edn\u00e1lunk \u00fcgyfeleink sokr\u00e9t\u0171 ig\u00e9nyeinek kiel\u00e9g\u00edt\u00e9s\u00e9re.<\/p>\n<div>\n<h3>Mik azok a bels\u0151 bolyg\u00f3kerekes fogaskerekek?<\/h3>\n<p class=\"break-words\">Egy bels\u0151 bolyg\u00f3kerekes hajt\u00f3m\u0171rendszer a k\u00f6vetkez\u0151kb\u0151l \u00e1ll:<\/p>\n<ul class=\"marker:text-secondary\">\n<li class=\"break-words\"><strong>Napfelszerel\u00e9s<\/strong>A mechanizmust meghajt\u00f3 k\u00f6zponti fogasker\u00e9k.<\/li>\n<li class=\"break-words\"><strong>Bolyg\u00f3 fogaskerekek<\/strong>Napker\u00e9k k\u00f6r\u00fcl kering\u0151, hordoz\u00f3val \u00f6sszek\u00f6t\u00f6tt fogaskerekek.<\/li>\n<li class=\"break-words\"><strong>Bels\u0151 fogasker\u00e9k (gy\u0171r\u0171s fogasker\u00e9k)<\/strong>: Egy fogasker\u00e9k, amelynek bels\u0151 fel\u00fclet\u00e9n fogak tal\u00e1lhat\u00f3k, \u00e9s amely kapcsol\u00f3dik a bolyg\u00f3kerekes fogaskerekekhez.<\/li>\n<\/ul>\n<p class=\"break-words\">A k\u00fcls\u0151 hajt\u00f3m\u0171ves rendszerekkel ellent\u00e9tben a bels\u0151 hajt\u00f3m\u0171-kialak\u00edt\u00e1s nagyobb \u00e1tt\u00e9teleket tesz lehet\u0151v\u00e9 kisebb helyig\u00e9ny mellett, \u00edgy ide\u00e1lis olyan alkalmaz\u00e1sokhoz, amelyek energia- \u00e9s helytakar\u00e9koss\u00e1got ig\u00e9nyelnek. K\u00fcl\u00f6nb\u00f6z\u0151 alkatr\u00e9szek (p\u00e9ld\u00e1ul a bels\u0151 hajt\u00f3m\u0171 vagy a hordoz\u00f3) r\u00f6gz\u00edt\u00e9s\u00e9vel a rendszer k\u00fcl\u00f6nb\u00f6z\u0151 \u00e1tt\u00e9teleket \u00e9rhet el, rugalmass\u00e1got biztos\u00edtva a m\u00e9rn\u00f6k\u00f6k sz\u00e1m\u00e1ra mindenhol.<\/p>\n<\/div>\n<h3>Specifik\u00e1ci\u00f3<\/h3>\n<table style=\"width: 100%;\" border=\"1\" width=\"100%\" cellspacing=\"0\" cellpadding=\"0\">\n<tbody>\n<tr>\n<td width=\"80\">Modellsz\u00e1m<\/td>\n<td width=\"531\">M3, M4, M5, M8, M12 \u00e9s stb.<\/td>\n<\/tr>\n<tr>\n<td width=\"80\">Anyag<\/td>\n<td width=\"531\">S\u00e1rgar\u00e9z, C45 ac\u00e9l, rozsdamentes ac\u00e9l, r\u00e9z, POM, alum\u00ednium, \u00f6tv\u00f6zet \u00e9s \u00edgy tov\u00e1bb<\/td>\n<\/tr>\n<tr>\n<td rowspan=\"2\" width=\"80\">Fel\u00fcletkezel\u00e9s<\/td>\n<td width=\"531\">Cinkbevonat, Nikkelbevonat, Passziv\u00e1l\u00e1s, Oxid\u00e1ci\u00f3, Elox\u00e1l\u00e1s,<\/td>\n<\/tr>\n<tr>\n<td width=\"531\">Geomet, Dacromet, Fekete-oxid, Foszfatiz\u00e1l\u00e1s, Porbevonatol\u00e1s \u00e9s Elektrofor\u00e9zis<\/td>\n<\/tr>\n<tr>\n<td width=\"80\">Standard<\/td>\n<td width=\"531\">ISO, DIN, ANSI, JIS, BS \u00e9s nem szabv\u00e1nyos.<\/td>\n<\/tr>\n<tr>\n<td width=\"80\">Pontoss\u00e1g<\/td>\n<td width=\"531\">DIN6, DIN7, DIN8, DIN9.<\/td>\n<\/tr>\n<tr>\n<td width=\"80\">Fog\u00e1szati \u200b\u200bkezel\u00e9s<\/td>\n<td width=\"531\">Edzett, mart vagy k\u00f6sz\u00f6r\u00fclt<\/td>\n<\/tr>\n<tr>\n<td width=\"80\">Tolerancia<\/td>\n<td width=\"531\">0,001 mm-0,01 mm-0,1 mm<\/td>\n<\/tr>\n<tr>\n<td width=\"80\">Befejez\u00e9s<\/td>\n<td width=\"531\">s\u00f6r\u00e9tez\u00e9s\/homokf\u00fav\u00e1s, h\u0151kezel\u00e9s, l\u00e1gy\u00edt\u00e1s, megereszt\u00e9s, pol\u00edroz\u00e1s, elox\u00e1l\u00e1s, horganyzott<\/td>\n<\/tr>\n<tr>\n<td width=\"80\">Csomagol\u00e1s<\/td>\n<td width=\"531\">M\u0171anyag zacsk\u00f3 + dobozok vagy fa csomagol\u00e1s<\/td>\n<\/tr>\n<tr>\n<td width=\"80\">Gy\u00e1rt\u00e1si \u00e1tfut\u00e1si id\u0151<\/td>\n<td width=\"531\">20 munkanap a minta eset\u00e9ben, 25 nap a t\u00f6meges mennyis\u00e9g eset\u00e9ben<\/td>\n<\/tr>\n<tr>\n<td rowspan=\"8\" width=\"80\">Alkalmaz\u00e1s<\/td>\n<td width=\"531\">1. Automatikus vez\u00e9rl\u0151g\u00e9p<\/td>\n<\/tr>\n<tr>\n<td width=\"531\">2. F\u00e9lvezet\u0151ipar<\/td>\n<\/tr>\n<tr>\n<td width=\"531\">3. \u00c1ltal\u00e1nos ipari g\u00e9pek<\/td>\n<\/tr>\n<tr>\n<td width=\"531\">4. Orvosi berendez\u00e9sek<\/td>\n<\/tr>\n<tr>\n<td width=\"531\">5. Napenergia-berendez\u00e9sek<\/td>\n<\/tr>\n<tr>\n<td width=\"531\">6. Szersz\u00e1mg\u00e9p<\/td>\n<\/tr>\n<tr>\n<td width=\"531\">7. Parkol\u00f3rendszer<\/td>\n<\/tr>\n<tr>\n<td width=\"531\">8. Nagysebess\u00e9g\u0171 vas\u00fati \u00e9s l\u00e9gi k\u00f6zleked\u00e9si eszk\u00f6z\u00f6k stb.<\/td>\n<\/tr>\n<\/tbody>\n<\/table>\n<div>\n<h3>Mi\u00e9rt v\u00e1lasszon bels\u0151 bolyg\u00f3kerekes hajt\u00f3m\u0171veket?<\/h3>\n<p class=\"break-words\">A bels\u0151 bolyg\u00f3kerekes hajt\u00f3m\u0171vek el\u0151nyei a k\u00f6vetkez\u0151k:<\/p>\n<ul class=\"marker:text-secondary\">\n<li class=\"break-words\"><strong>Magas redukci\u00f3s ar\u00e1nyok<\/strong>A bels\u0151 fogasker\u00e9k \u00e9s a bolyg\u00f3kerekes fogaskerekek k\u00f6lcs\u00f6nhat\u00e1s\u00e1n kereszt\u00fcl \u00e9rhet\u0151 el.<\/li>\n<li class=\"break-words\"><strong>Kompakt m\u00e9ret<\/strong>T\u00f6k\u00e9letes helysz\u0171k\u00e9ben l\u00e9v\u0151 alkalmaz\u00e1sokhoz.<\/li>\n<li class=\"break-words\"><strong>Robusztus nyomat\u00e9kkimenet<\/strong>Ide\u00e1lis neh\u00e9z feladatokhoz.<\/li>\n<li class=\"break-words\"><strong>Sokoldal\u00fas\u00e1g<\/strong>Az \u00e1ll\u00edthat\u00f3 konfigur\u00e1ci\u00f3k sz\u00e1mos ig\u00e9nyt kiel\u00e9g\u00edtenek.<\/li>\n<\/ul>\n<p class=\"break-words\">Mil\u00e1n\u00f3 aut\u00f3ipar\u00e1ban vagy Firenze ipari \u00f6vezeteiben m\u0171k\u00f6d\u0151 v\u00e1llalkoz\u00e1sok sz\u00e1m\u00e1ra ezek az el\u0151ny\u00f6k fokozott hat\u00e9konys\u00e1got \u00e9s tart\u00f3ss\u00e1got eredm\u00e9nyeznek.<\/p>\n<h2>FMP: Bels\u0151 bolyg\u00f3kerekes fogaskerekek szak\u00e9rt\u0151je Olaszorsz\u00e1gban<\/h2>\n<p class=\"break-words\">Az FMP-n\u00e9l b\u00fcszk\u00e9k vagyunk arra, hogy a bels\u0151 bolyg\u00f3kerekes hajt\u00f3m\u0171vek vezet\u0151 gy\u00e1rt\u00f3ja vagyunk, \u00e9s Velenc\u00e9t\u0151l Bologn\u00e1ig szolg\u00e1ljuk ki \u00fcgyfeleinket. K\u00edn\u00e1latunk a k\u00f6vetkez\u0151ket tartalmazza:<\/p>\n<ul class=\"marker:text-secondary\">\n<li class=\"break-words\"><strong>V\u00e1ltozatos tartom\u00e1ny<\/strong>K\u00fcl\u00f6nf\u00e9le bels\u0151 bolyg\u00f3kerekes fogaskerekeket gy\u00e1rtunk, a standard kivitelekt\u0151l az \u00f6sszetett rendszerekig.<\/li>\n<li class=\"break-words\"><strong>Testreszab\u00e1s<\/strong>Egyedi megold\u00e1sra van sz\u00fcks\u00e9ge? M\u00e9rn\u00f6keink az \u00d6n ig\u00e9nyeire szabva egyedi bels\u0151 bolyg\u00f3kerekes fogaskerekeket terveznek \u00e9s gy\u00e1rtanak.<\/li>\n<li class=\"break-words\"><strong>Prec\u00edzi\u00f3s k\u00e9zm\u0171vess\u00e9g<\/strong>Fejlett technol\u00f3gi\u00e1t alkalmazva biztos\u00edtjuk, hogy minden felszerel\u00e9s megfeleljen a szigor\u00fa min\u0151s\u00e9gi el\u0151\u00edr\u00e1soknak.<\/li>\n<\/ul>\n<table style=\"width: 100.875%; height: 89px;\" border=\"0\" width=\"240\" cellspacing=\"0\" cellpadding=\"0\">\n<tbody>\n<tr>\n<td width=\"80\" height=\"24\"><img loading=\"lazy\" decoding=\"async\" class=\"size-full wp-image-7717 aligncenter\" src=\"https:\/\/fmp-components.com\/wp-content\/uploads\/2025\/04\/Planetary-Gear-set-factory-2-scaled.webp\" sizes=\"(min-width: 0px) and (max-width: 480px) 480px, (min-width: 481px) and (max-width: 980px) 980px, (min-width: 981px) and (max-width: 1280px) 1280px, (min-width: 1281px) 2560px, 100vw\" srcset=\"https:\/\/fmp-components.com\/wp-content\/uploads\/2025\/04\/Planetary-Gear-set-factory-2-scaled.webp 2560w, https:\/\/fmp-components.com\/wp-content\/uploads\/2025\/04\/Planetary-Gear-set-factory-2-1280x1280.webp 1280w, https:\/\/fmp-components.com\/wp-content\/uploads\/2025\/04\/Planetary-Gear-set-factory-2-980x980.webp 980w, https:\/\/fmp-components.com\/wp-content\/uploads\/2025\/04\/Planetary-Gear-set-factory-2-480x480.webp 480w\" alt=\"\u884c\u661f\u9f7f\u8f6e\u7ec4\u5de5\u5382\" width=\"2560\" height=\"2560\" title=\"\"><\/td>\n<td width=\"80\"><img loading=\"lazy\" decoding=\"async\" class=\"size-full wp-image-7718 aligncenter\" src=\"https:\/\/fmp-components.com\/wp-content\/uploads\/2025\/04\/Planetary-Gear-set-factory-4.webp\" sizes=\"(min-width: 0px) and (max-width: 480px) 480px, (min-width: 481px) 600px, 100vw\" srcset=\"https:\/\/fmp-components.com\/wp-content\/uploads\/2025\/04\/Planetary-Gear-set-factory-4.webp 600w, https:\/\/fmp-components.com\/wp-content\/uploads\/2025\/04\/Planetary-Gear-set-factory-4-480x480.webp 480w\" alt=\"\u884c\u661f\u9f7f\u8f6e\u7ec4\u5de5\u5382\" width=\"600\" height=\"600\" title=\"\"><\/td>\n<td width=\"80\"><strong><img loading=\"lazy\" decoding=\"async\" class=\"size-full wp-image-7719 aligncenter\" src=\"https:\/\/fmp-components.com\/wp-content\/uploads\/2025\/04\/Planetary-Gear-set-factory-1-scaled.webp\" sizes=\"(min-width: 0px) and (max-width: 480px) 480px, (min-width: 481px) and (max-width: 980px) 980px, (min-width: 981px) and (max-width: 1280px) 1280px, (min-width: 1281px) 2560px, 100vw\" srcset=\"https:\/\/fmp-components.com\/wp-content\/uploads\/2025\/04\/Planetary-Gear-set-factory-1-scaled.webp 2560w, https:\/\/fmp-components.com\/wp-content\/uploads\/2025\/04\/Planetary-Gear-set-factory-1-1280x1280.webp 1280w, https:\/\/fmp-components.com\/wp-content\/uploads\/2025\/04\/Planetary-Gear-set-factory-1-980x980.webp 980w, https:\/\/fmp-components.com\/wp-content\/uploads\/2025\/04\/Planetary-Gear-set-factory-1-480x480.webp 480w\" alt=\"\u884c\u661f\u9f7f\u8f6e\u7ec4\u5de5\u5382\" width=\"2560\" height=\"2560\" title=\"\"><\/strong><\/td>\n<\/tr>\n<\/tbody>\n<\/table>\n<\/div>","protected":false},"excerpt":{"rendered":"<p>Internal Planetary Gears: Precision and Power by FMP Internal planetary gears, a vital component of planetary gear mechanisms, are renowned for their ability to deliver high torque and precise speed reduction in compact designs. These systems feature a central sun gear, orbiting planet gears, and an internal ring gear that meshes internally with the planet [&hellip;]<\/p>","protected":false},"featured_media":4625,"comment_status":"open","ping_status":"closed","template":"","meta":{"_et_pb_use_builder":"","_et_pb_old_content":"","_et_gb_content_width":""},"product_brand":[],"product_cat":[113],"product_tag":[],"class_list":{"0":"post-7721","1":"product","2":"type-product","3":"status-publish","4":"has-post-thumbnail","6":"product_cat-planetary-gear","8":"first","9":"instock","10":"shipping-taxable","11":"product-type-simple"},"_links":{"self":[{"href":"https:\/\/fmp-components.com\/hu\/wp-json\/wp\/v2\/product\/7721","targetHints":{"allow":["GET"]}}],"collection":[{"href":"https:\/\/fmp-components.com\/hu\/wp-json\/wp\/v2\/product"}],"about":[{"href":"https:\/\/fmp-components.com\/hu\/wp-json\/wp\/v2\/types\/product"}],"replies":[{"embeddable":true,"href":"https:\/\/fmp-components.com\/hu\/wp-json\/wp\/v2\/comments?post=7721"}],"wp:featuredmedia":[{"embeddable":true,"href":"https:\/\/fmp-components.com\/hu\/wp-json\/wp\/v2\/media\/4625"}],"wp:attachment":[{"href":"https:\/\/fmp-components.com\/hu\/wp-json\/wp\/v2\/media?parent=7721"}],"wp:term":[{"taxonomy":"product_brand","embeddable":true,"href":"https:\/\/fmp-components.com\/hu\/wp-json\/wp\/v2\/product_brand?post=7721"},{"taxonomy":"product_cat","embeddable":true,"href":"https:\/\/fmp-components.com\/hu\/wp-json\/wp\/v2\/product_cat?post=7721"},{"taxonomy":"product_tag","embeddable":true,"href":"https:\/\/fmp-components.com\/hu\/wp-json\/wp\/v2\/product_tag?post=7721"}],"curies":[{"name":"munkaf\u00fczet","href":"https:\/\/api.w.org\/{rel}","templated":true}]}}