{"id":7713,"date":"2025-04-03T05:19:05","date_gmt":"2025-04-03T05:19:05","guid":{"rendered":"https:\/\/fmp-components.com\/?post_type=product&#038;p=7713"},"modified":"2025-04-03T05:39:42","modified_gmt":"2025-04-03T05:39:42","slug":"planetary-gear-sets","status":"publish","type":"product","link":"https:\/\/fmp-components.com\/hu\/product\/planetary-gear-sets\/","title":{"rendered":"Bolyg\u00f3ker\u00e9k-k\u00e9szletek"},"content":{"rendered":"<div>\n<h2>A bolyg\u00f3kerekes hajt\u00f3m\u0171vek alapjai<\/h2>\n<p class=\"break-words\">A bolyg\u00f3kerekes hajt\u00f3m\u0171vek, m\u00e1s n\u00e9ven epiciklusos hajt\u00f3m\u0171rendszerek, a modern g\u00e9p\u00e9szet sarokk\u00f6vei. Ezek a rendszerek l\u00e9nyeg\u00e9ben egy k\u00f6zponti napker\u00e9kb\u0151l, egy tart\u00f3ra szerelt, kering\u0151 bolyg\u00f3kerekekb\u0151l \u00e9s egy k\u00fcls\u0151 gy\u0171r\u0171s fogasker\u00e9kb\u0151l \u00e1llnak. Ez az egyed\u00fcl\u00e1ll\u00f3 elrendez\u00e9s lehet\u0151v\u00e9 teszi a bolyg\u00f3kerekes hajt\u00f3m\u0171vek sz\u00e1m\u00e1ra, hogy kiv\u00e9teles nyomat\u00e9kot, sebess\u00e9gcs\u00f6kkent\u00e9st \u00e9s hat\u00e9konys\u00e1got biztos\u00edtsanak kompakt kialak\u00edt\u00e1sban. Ak\u00e1r Mil\u00e1n\u00f3ban, Velenc\u00e9ben, Firenz\u00e9ben vagy Bologn\u00e1ban tart\u00f3zkodik, az olaszorsz\u00e1gi ipar\u00e1gak ezekre a robusztus rendszerekre t\u00e1maszkodnak az aut\u00f3ipari sebess\u00e9gv\u00e1lt\u00f3kt\u00f3l az ipari g\u00e9pekig terjed\u0151 alkalmaz\u00e1sokban.<\/p>\n<p class=\"break-words\">Az FMP-n\u00e9l kiv\u00e1l\u00f3 min\u0151s\u00e9g\u0171 bolyg\u00f3kerekes hajt\u00f3m\u0171vek gy\u00e1rt\u00e1s\u00e1ra specializ\u00e1l\u00f3dtunk, amelyeket a k\u00fcl\u00f6nf\u00e9le ig\u00e9nyekre szabtunk. A precizit\u00e1s \u00e9s az innov\u00e1ci\u00f3 ir\u00e1nti elk\u00f6telezetts\u00e9g\u00fcnkkel Olaszorsz\u00e1g-szerte \u00e9s azon t\u00fal is kiszolg\u00e1ljuk \u00fcgyfeleinket, biztos\u00edtva minden \u00e1ltalunk gy\u00e1rtott fogasker\u00e9k kiemelked\u0151 teljes\u00edtm\u00e9ny\u00e9t.<\/p>\n<\/div>\n<p><img loading=\"lazy\" decoding=\"async\" class=\"size-full wp-image-7714 aligncenter\" src=\"https:\/\/fmp-components.com\/wp-content\/uploads\/2025\/04\/Planetary-Gear-set-1.webp\" alt=\"Bolyg\u00f3ker\u00e9k-k\u00e9szlet\" width=\"943\" height=\"634\" title=\"\" srcset=\"https:\/\/fmp-components.com\/wp-content\/uploads\/2025\/04\/Planetary-Gear-set-1.webp 943w, https:\/\/fmp-components.com\/wp-content\/uploads\/2025\/04\/Planetary-Gear-set-1-480x323.webp 480w\" sizes=\"(min-width: 0px) and (max-width: 480px) 480px, (min-width: 481px) 943px, 100vw\" \/><\/p>\n<div>\n<h4>Mik azok a bolyg\u00f3kerekes hajt\u00f3m\u0171vek?<\/h4>\n<p class=\"break-words\">A bolyg\u00f3kerekes hajt\u00f3m\u0171 h\u00e1rom f\u0151 alkatr\u00e9szb\u0151l \u00e1ll:<\/p>\n<ul class=\"marker:text-secondary\">\n<li class=\"break-words\"><strong>Napfelszerel\u00e9s<\/strong>A k\u00f6zponti fogasker\u00e9k (gyakran s\u00e1rg\u00e1val \u00e1br\u00e1zolva), amely a rendszert hajtja.<\/li>\n<li class=\"break-words\"><strong>Bolyg\u00f3 fogaskerekek<\/strong>T\u00f6bb (\u00e1ltal\u00e1ban k\u00e9k) fogasker\u00e9k kering a napker\u00e9k k\u00f6r\u00fcl, egy mozgathat\u00f3 hordoz\u00f3ra (z\u00f6ld) szerelve.<\/li>\n<li class=\"break-words\"><strong>Gy\u0171r\u0171s fogasker\u00e9k<\/strong>Egy k\u00fcls\u0151 fogasker\u00e9k (r\u00f3zsasz\u00edn), amely kapcsol\u00f3dik a bolyg\u00f3kerekekhez, k\u00f6r\u00fclv\u00e9ve a rendszert.<\/li>\n<\/ul>\n<p class=\"break-words\">Ez a konfigur\u00e1ci\u00f3 sokoldal\u00fa \u00e1tt\u00e9teleket \u00e9s nagy nyomat\u00e9kot tesz lehet\u0151v\u00e9, \u00edgy a bolyg\u00f3kerekes hajt\u00f3m\u0171vek ide\u00e1lisak olyan alkalmaz\u00e1sokhoz, ahol a hely \u00e9s a s\u00faly kritikus fontoss\u00e1g\u00fa. Az egyszer\u0171 kialak\u00edt\u00e1sokt\u00f3l az \u00f6sszetett \u00f6sszetett rendszerekig, alkalmazkod\u00f3k\u00e9pess\u00e9g\u00fck sz\u00e1mos ipar\u00e1g sz\u00e1m\u00e1ra megfelel\u0151.<\/p>\n<h4>Bolyg\u00f3kerekes hajt\u00f3m\u0171vek alkalmaz\u00e1sai<\/h4>\n<p class=\"break-words\">A bolyg\u00f3kerekes hajt\u00f3m\u0171veket sz\u00e9les k\u00f6rben haszn\u00e1lj\u00e1k Olaszorsz\u00e1g-szerte, Mil\u00e1n\u00f3 \u00e9s Bologna ipari k\u00f6zpontjait\u00f3l kezdve Firenze \u00e9s Velence m\u00e9rn\u00f6ki m\u0171helyeiig. Jelent\u0151s sebess\u00e9gcs\u00f6kkent\u00e9s \u00e9s nyomat\u00e9k biztos\u00edt\u00e1s\u00e1nak k\u00e9pess\u00e9ge kompakt form\u00e1ban elengedhetetlenn\u00e9 teszi \u0151ket a k\u00f6vetkez\u0151kben:<\/p>\n<ul class=\"marker:text-secondary\">\n<li class=\"break-words\"><strong>Aut\u00f3- \u00e9s terepj\u00e1r\u00f3k<\/strong>Automata sebess\u00e9gv\u00e1lt\u00f3kban \u00e9s ker\u00e9khajt\u00e1sokban tal\u00e1lhat\u00f3.<\/li>\n<li class=\"break-words\"><strong>Ipari g\u00e9pek<\/strong>Sz\u00e1ll\u00edt\u00f3szalagok, kever\u0151k \u00e9s erd\u00e9szeti berendez\u00e9sek m\u0171k\u00f6dtet\u00e9se.<\/li>\n<li class=\"break-words\"><strong>Fogyaszt\u00e1si cikkek<\/strong>Elektromos csavarh\u00faz\u00f3kban \u00e9s ker\u00e9kp\u00e1r sebess\u00e9gv\u00e1lt\u00f3 rendszerekben haszn\u00e1lj\u00e1k.<\/li>\n<li class=\"break-words\"><strong>Nagy teherb\u00edr\u00e1s\u00fa alkalmaz\u00e1sok<\/strong>: Traktorok, \u00e9p\u00edt\u0151ipari berendez\u00e9sek \u00e9s turbin\u00e1s motorok t\u00e1mogat\u00e1sa.<\/li>\n<\/ul>\n<p class=\"break-words\">A t\u00f6bb bolyg\u00f3kerekes hajt\u00f3m\u0171 terhel\u00e9seloszt\u00f3 jellege tart\u00f3ss\u00e1got \u00e9s kop\u00e1s\u00e1ll\u00f3s\u00e1got biztos\u00edt, ezt a tulajdons\u00e1got az olasz gy\u00e1rt\u00f3k \u00e9s m\u00e9rn\u00f6k\u00f6k olyan v\u00e1rosokban, mint Mil\u00e1n\u00f3 \u00e9s Bologna, k\u00fcl\u00f6n\u00f6sen nagyra \u00e9rt\u00e9kelik a nagy terhel\u00e9s\u0171 m\u0171veletek sor\u00e1n.<\/p>\n<div>\n<h4>Mi\u00e9rt \u00e9rdemes bolyg\u00f3kerekes hajt\u00f3m\u0171veket v\u00e1lasztani?<\/h4>\n<p class=\"break-words\">A bolyg\u00f3kerekes hajt\u00f3m\u0171vek el\u0151nyei egy\u00e9rtelm\u0171ek:<\/p>\n<ul class=\"marker:text-secondary\">\n<li class=\"break-words\"><strong>Nagy nyomat\u00e9ks\u0171r\u0171s\u00e9g<\/strong>T\u00f6bb bolyg\u00f3kerekes hajt\u00f3m\u0171 osztja el a terhel\u00e9st, n\u00f6velve a teljes\u00edtm\u00e9nyt.<\/li>\n<li class=\"break-words\"><strong>Kompakt kialak\u00edt\u00e1s<\/strong>Ide\u00e1lis helysz\u0171k\u00e9ben l\u00e9v\u0151 alkalmaz\u00e1sokhoz.<\/li>\n<li class=\"break-words\"><strong>Tart\u00f3ss\u00e1g<\/strong>Az egyenletes terhel\u00e9seloszt\u00e1s n\u00f6veli a hajt\u00f3m\u0171 \u00e9lettartam\u00e1t.<\/li>\n<li class=\"break-words\"><strong>Rugalmass\u00e1g<\/strong>K\u00f6nnyen \u00e1ll\u00edthat\u00f3 \u00e1tt\u00e9telek a hordoz\u00f3 vagy a napker\u00e9k m\u00f3dos\u00edt\u00e1s\u00e1val.<\/li>\n<\/ul>\n<p class=\"break-words\">A g\u00e9pek teljes\u00edtm\u00e9ny\u00e9nek optimaliz\u00e1l\u00e1s\u00e1ra t\u00f6rekv\u0151 velencei vagy firenzei v\u00e1llalkoz\u00e1sok sz\u00e1m\u00e1ra ezek az el\u0151ny\u00f6k hat\u00e9konys\u00e1got \u00e9s megb\u00edzhat\u00f3s\u00e1got eredm\u00e9nyeznek, cs\u00f6kkentve az \u00e1ll\u00e1sid\u0151t \u00e9s a karbantart\u00e1si k\u00f6lts\u00e9geket.<\/p>\n<p><img loading=\"lazy\" decoding=\"async\" class=\"wp-image-7716 aligncenter\" src=\"https:\/\/fmp-components.com\/wp-content\/uploads\/2025\/04\/Planetary-Gear-set-2.webp\" alt=\"Bolyg\u00f3ker\u00e9k-k\u00e9szlet\" width=\"809\" height=\"539\" title=\"\" srcset=\"https:\/\/fmp-components.com\/wp-content\/uploads\/2025\/04\/Planetary-Gear-set-2.webp 809w, https:\/\/fmp-components.com\/wp-content\/uploads\/2025\/04\/Planetary-Gear-set-2-480x320.webp 480w\" sizes=\"(min-width: 0px) and (max-width: 480px) 480px, (min-width: 481px) 809px, 100vw\" \/><\/p>\n<h4>FMP: Megb\u00edzhat\u00f3 bolyg\u00f3kerekes hajt\u00f3m\u0171 gy\u00e1rt\u00f3 Olaszorsz\u00e1gban<\/h4>\n<p class=\"break-words\">Az FMP-n\u00e9l b\u00fcszk\u00e9k vagyunk arra, hogy a bolyg\u00f3kerekes hajt\u00f3m\u0171vek vezet\u0151 gy\u00e1rt\u00f3ja vagyunk, \u00e9s \u00fcgyfeleinket Olaszorsz\u00e1g-szerte \u00e9s vil\u00e1gszerte szolg\u00e1ljuk ki. Kiterjedt m\u00e9rn\u00f6ki szak\u00e9rtelm\u00fcnkre \u00e9p\u00edtve a k\u00f6vetkez\u0151ket k\u00edn\u00e1ljuk:<\/p>\n<ul class=\"marker:text-secondary\">\n<li class=\"break-words\"><strong>K\u00fcl\u00f6nb\u00f6z\u0151 t\u00edpusok<\/strong>A standard kivitelekt\u0151l az \u00f6sszetett \u00f6sszetett rendszerekig, bolyg\u00f3kerekes hajt\u00f3m\u0171veket gy\u00e1rtunk minden alkalmaz\u00e1shoz.<\/li>\n<li class=\"break-words\"><strong>Testreszab\u00e1s<\/strong>Speci\u00e1lis konfigur\u00e1ci\u00f3ra van sz\u00fcks\u00e9ge? K\u00e9pzett olaszorsz\u00e1gi m\u00e9rn\u00f6keink egyedi bolyg\u00f3kerekes hajt\u00f3m\u0171veket terveznek \u00e9s gy\u00e1rtanak, amelyek pontosan megfelelnek az \u00d6n ig\u00e9nyeinek.<\/li>\n<li class=\"break-words\"><strong>Prec\u00edzi\u00f3s gy\u00e1rt\u00e1s<\/strong>Fejlett technik\u00e1k alkalmaz\u00e1s\u00e1val biztos\u00edtjuk, hogy minden felszerel\u00e9s megfeleljen a legmagasabb min\u0151s\u00e9gi \u00e9s teljes\u00edtm\u00e9nyi szabv\u00e1nyoknak.<\/li>\n<\/ul>\n<p class=\"break-words\">Ak\u00e1r Mil\u00e1n\u00f3 ny\u00fczsg\u0151 ipari szektor\u00e1ban, Velence innovat\u00edv m\u0171helyein\u00e9l, Bologna g\u00e9p\u00e9szeti k\u00f6zpontjain\u00e1l vagy Firenze k\u00e9zm\u0171ves m\u00e9rn\u00f6ki k\u00f6zpontjain\u00e1l tart\u00f3zkodik, az FMP az \u00d6n megb\u00edzhat\u00f3 partnere a bolyg\u00f3kerekes hajt\u00f3m\u0171vek megold\u00e1saiban.<\/p>\n<table style=\"border-collapse: collapse; width: 101.625%; height: 50px;\" border=\"0\" width=\"240\" cellspacing=\"0\" cellpadding=\"0\">\n<tbody>\n<tr style=\"height: 14.40pt;\">\n<td style=\"height: 14.40pt; width: 48.00pt;\" width=\"80\" height=\"24\"><img loading=\"lazy\" decoding=\"async\" class=\"size-full wp-image-7717 aligncenter\" src=\"https:\/\/fmp-components.com\/wp-content\/uploads\/2025\/04\/Planetary-Gear-set-factory-2-scaled.webp\" alt=\"Bolyg\u00f3ker\u00e9k-gy\u00e1r\" width=\"2560\" height=\"2560\" title=\"\" srcset=\"https:\/\/fmp-components.com\/wp-content\/uploads\/2025\/04\/Planetary-Gear-set-factory-2-scaled.webp 2560w, https:\/\/fmp-components.com\/wp-content\/uploads\/2025\/04\/Planetary-Gear-set-factory-2-1280x1280.webp 1280w, https:\/\/fmp-components.com\/wp-content\/uploads\/2025\/04\/Planetary-Gear-set-factory-2-980x980.webp 980w, https:\/\/fmp-components.com\/wp-content\/uploads\/2025\/04\/Planetary-Gear-set-factory-2-480x480.webp 480w\" sizes=\"(min-width: 0px) and (max-width: 480px) 480px, (min-width: 481px) and (max-width: 980px) 980px, (min-width: 981px) and (max-width: 1280px) 1280px, (min-width: 1281px) 2560px, 100vw\" \/><\/td>\n<td style=\"width: 48.00pt;\" width=\"80\"><img loading=\"lazy\" decoding=\"async\" class=\"size-full wp-image-7718 aligncenter\" src=\"https:\/\/fmp-components.com\/wp-content\/uploads\/2025\/04\/Planetary-Gear-set-factory-4.webp\" alt=\"Bolyg\u00f3ker\u00e9k-gy\u00e1r\" width=\"600\" height=\"600\" title=\"\" srcset=\"https:\/\/fmp-components.com\/wp-content\/uploads\/2025\/04\/Planetary-Gear-set-factory-4.webp 600w, https:\/\/fmp-components.com\/wp-content\/uploads\/2025\/04\/Planetary-Gear-set-factory-4-480x480.webp 480w\" sizes=\"(min-width: 0px) and (max-width: 480px) 480px, (min-width: 481px) 600px, 100vw\" \/><\/td>\n<td style=\"width: 48.00pt;\" width=\"80\"><strong><img loading=\"lazy\" decoding=\"async\" class=\"size-full wp-image-7719 aligncenter\" src=\"https:\/\/fmp-components.com\/wp-content\/uploads\/2025\/04\/Planetary-Gear-set-factory-1-scaled.webp\" alt=\"Bolyg\u00f3ker\u00e9k-gy\u00e1r\" width=\"2560\" height=\"2560\" title=\"\" srcset=\"https:\/\/fmp-components.com\/wp-content\/uploads\/2025\/04\/Planetary-Gear-set-factory-1-scaled.webp 2560w, https:\/\/fmp-components.com\/wp-content\/uploads\/2025\/04\/Planetary-Gear-set-factory-1-1280x1280.webp 1280w, https:\/\/fmp-components.com\/wp-content\/uploads\/2025\/04\/Planetary-Gear-set-factory-1-980x980.webp 980w, https:\/\/fmp-components.com\/wp-content\/uploads\/2025\/04\/Planetary-Gear-set-factory-1-480x480.webp 480w\" sizes=\"(min-width: 0px) and (max-width: 480px) 480px, (min-width: 481px) and (max-width: 980px) 980px, (min-width: 981px) and (max-width: 1280px) 1280px, (min-width: 1281px) 2560px, 100vw\" \/><\/strong><\/td>\n<\/tr>\n<\/tbody>\n<\/table>\n<\/div>\n<\/div>","protected":false},"excerpt":{"rendered":"<p>The Fundamentals of Planetary Gear Sets Planetary gear sets, also known as epicyclic gear systems, are a cornerstone of modern mechanical engineering. At their core, these systems consist of a central sun gear, orbiting planet gears mounted on a carrier, and an outer ring gear. This unique arrangement allows planetary gear sets to deliver exceptional [&hellip;]<\/p>","protected":false},"featured_media":7720,"comment_status":"open","ping_status":"closed","template":"","meta":{"_et_pb_use_builder":"","_et_pb_old_content":"","_et_gb_content_width":""},"product_brand":[],"product_cat":[113],"product_tag":[],"class_list":{"0":"post-7713","1":"product","2":"type-product","3":"status-publish","4":"has-post-thumbnail","6":"product_cat-planetary-gear","8":"first","9":"instock","10":"shipping-taxable","11":"product-type-simple"},"_links":{"self":[{"href":"https:\/\/fmp-components.com\/hu\/wp-json\/wp\/v2\/product\/7713","targetHints":{"allow":["GET"]}}],"collection":[{"href":"https:\/\/fmp-components.com\/hu\/wp-json\/wp\/v2\/product"}],"about":[{"href":"https:\/\/fmp-components.com\/hu\/wp-json\/wp\/v2\/types\/product"}],"replies":[{"embeddable":true,"href":"https:\/\/fmp-components.com\/hu\/wp-json\/wp\/v2\/comments?post=7713"}],"wp:featuredmedia":[{"embeddable":true,"href":"https:\/\/fmp-components.com\/hu\/wp-json\/wp\/v2\/media\/7720"}],"wp:attachment":[{"href":"https:\/\/fmp-components.com\/hu\/wp-json\/wp\/v2\/media?parent=7713"}],"wp:term":[{"taxonomy":"product_brand","embeddable":true,"href":"https:\/\/fmp-components.com\/hu\/wp-json\/wp\/v2\/product_brand?post=7713"},{"taxonomy":"product_cat","embeddable":true,"href":"https:\/\/fmp-components.com\/hu\/wp-json\/wp\/v2\/product_cat?post=7713"},{"taxonomy":"product_tag","embeddable":true,"href":"https:\/\/fmp-components.com\/hu\/wp-json\/wp\/v2\/product_tag?post=7713"}],"curies":[{"name":"munkaf\u00fczet","href":"https:\/\/api.w.org\/{rel}","templated":true}]}}