{"id":761,"date":"2024-12-18T06:11:37","date_gmt":"2024-12-18T06:11:37","guid":{"rendered":"https:\/\/fmp-components.com\/?page_id=8"},"modified":"2024-12-18T06:27:29","modified_gmt":"2024-12-18T06:27:29","slug":"hydraulic-cylinder-for-offshore-crane","status":"publish","type":"product","link":"https:\/\/fmp-components.com\/hu\/product\/hydraulic-cylinder-for-offshore-crane\/","title":{"rendered":"Hidraulikus henger tengeri daruhoz"},"content":{"rendered":"<p style=\"text-align: center;\"><span style=\"font-size: 18pt;\">Hidraulikus henger tengeri daruhoz<\/span><\/p>\n<p>A tengeri daruk hidraulikus munkahengere egy alapvet\u0151 hidraulikus alkatr\u00e9sz, amelynek c\u00e9lja a tengeri daruk m\u0171k\u00f6dtet\u00e9s\u00e9hez sz\u00fcks\u00e9ges emel\u00e9si \u00e9s s\u00fcllyeszt\u00e9si k\u00e9pess\u00e9gek biztos\u00edt\u00e1sa. Ez a henger kritikus szerepet j\u00e1tszik a daru g\u00e9mj\u00e9nek \u00e9s egy\u00e9b mechanizmusainak pontos vez\u00e9rl\u00e9s\u00e9ben \u00e9s mozg\u00e1s\u00e1ban, biztos\u00edtva a neh\u00e9z terhek biztons\u00e1gos \u00e9s hat\u00e9kony kezel\u00e9s\u00e9t ig\u00e9nyes tengeri k\u00f6rnyezetben.<\/p>\n<p><img loading=\"lazy\" decoding=\"async\" class=\"alignnone wp-image-780\" src=\"https:\/\/fmp-components.com\/wp-content\/uploads\/2024\/12\/Offshore-Crane-Folding-Arm-Tilt-Cylinder-2.webp\" alt=\"Tengeri daru \u00f6sszecsukhat\u00f3 kar billen\u0151henger\" width=\"935\" height=\"304\" title=\"\" srcset=\"https:\/\/fmp-components.com\/wp-content\/uploads\/2024\/12\/Offshore-Crane-Folding-Arm-Tilt-Cylinder-2.webp 935w, https:\/\/fmp-components.com\/wp-content\/uploads\/2024\/12\/Offshore-Crane-Folding-Arm-Tilt-Cylinder-2-480x156.webp 480w\" sizes=\"(min-width: 0px) and (max-width: 480px) 480px, (min-width: 481px) 935px, 100vw\" \/><\/p>\n<h4>F\u0151bb jellemz\u0151k:<\/h4>\n<ul>\n<li><strong>Nagy teherb\u00edr\u00e1s:<\/strong> A jelent\u0151s s\u00falyok kezel\u00e9s\u00e9re tervezett hidraulikus henger megb\u00edzhat\u00f3 teljes\u00edtm\u00e9nyt biztos\u00edt neh\u00e9z emel\u00e9si m\u0171veletek sor\u00e1n, ami elengedhetetlen a tengeri \u00e9p\u00edtkez\u00e9sekhez \u00e9s karbantart\u00e1shoz.<\/li>\n<li><strong>Robusztus konstrukci\u00f3:<\/strong> Nagy szil\u00e1rds\u00e1g\u00fa anyagokb\u00f3l k\u00e9sz\u00fclt, \u00e9s \u00fagy tervezt\u00e9k, hogy ellen\u00e1lljon a tengeri k\u00f6rnyezetre jellemz\u0151 zord k\u00f6r\u00fclm\u00e9nyeknek, bele\u00e9rtve a s\u00f3s vizet, a nagy nyom\u00e1st \u00e9s a sz\u00e9ls\u0151s\u00e9ges id\u0151j\u00e1r\u00e1st.<\/li>\n<li><strong>Sima m\u0171k\u00f6d\u00e9s:<\/strong> A fejlett hidraulikus kialak\u00edt\u00e1s sima \u00e9s kontroll\u00e1lt mozg\u00e1sokat tesz lehet\u0151v\u00e9, lehet\u0151v\u00e9 t\u00e9ve a gyors be\u00e1ll\u00edt\u00e1sokat \u00e9s jav\u00edtva az \u00e1ltal\u00e1nos m\u0171k\u00f6d\u00e9si hat\u00e9konys\u00e1got.<\/li>\n<li><strong>Biztons\u00e1gi mechanizmusok:<\/strong> Be\u00e9p\u00edtett biztons\u00e1gi funkci\u00f3kkal van felszerelve a t\u00falterhel\u00e9s megakad\u00e1lyoz\u00e1sa \u00e9s a biztons\u00e1gos m\u0171k\u00f6d\u00e9s biztos\u00edt\u00e1sa \u00e9rdek\u00e9ben, v\u00e9dve mind a szem\u00e9lyzetet, mind a berendez\u00e9seket emel\u00e9si tev\u00e9kenys\u00e9gek k\u00f6zben.<\/li>\n<li><strong>Sokoldal\u00fa alkalmaz\u00e1s:<\/strong> K\u00fcl\u00f6nb\u00f6z\u0151 tengeri darukonfigur\u00e1ci\u00f3khoz alkalmas, ez a hidraulikus henger alkalmazkodik a k\u00fcl\u00f6nb\u00f6z\u0151 \u00fczemeltet\u00e9si ig\u00e9nyekhez, \u00edgy sokoldal\u00faan haszn\u00e1lhat\u00f3 sz\u00e1mos tengeri alkalmaz\u00e1shoz.<\/li>\n<li><strong>Alacsony karbantart\u00e1si ig\u00e9ny:<\/strong> Minim\u00e1lis kop\u00e1sra \u00e9s elhaszn\u00e1l\u00f3d\u00e1sra tervezt\u00e9k, cs\u00f6kkenti a karbantart\u00e1si ig\u00e9nyt \u00e9s az \u00fczemi \u00e1ll\u00e1sid\u0151t, hozz\u00e1j\u00e1rulva a termel\u00e9kenys\u00e9g n\u00f6veked\u00e9s\u00e9hez.<\/li>\n<\/ul>\n<p>\u00d6sszefoglalva, a tengeri daruk hidraulikus hengere l\u00e9tfontoss\u00e1g\u00fa alkatr\u00e9sz, amely optimaliz\u00e1lja a tengeri daruk teljes\u00edtm\u00e9ny\u00e9t \u00e9s biztons\u00e1g\u00e1t, jelent\u0151sen n\u00f6velve a tengeri \u00e9p\u00edt\u00e9si, f\u00far\u00e1si \u00e9s karbantart\u00e1si m\u0171veletek hat\u00e9konys\u00e1g\u00e1t.<\/p>\n<h2>Tengeri daru f\u0151 g\u00e9m emel\u0151henger<\/h2>\n<p>Az offshore daru f\u0151g\u00e9m\u00e9nek emel\u0151hengere egy kritikus hidraulikus alkatr\u00e9sz, amely a daru f\u0151g\u00e9m\u00e9nek emel\u0151mozg\u00e1s\u00e1nak vez\u00e9rl\u00e9s\u00e9\u00e9rt felel\u0151s. Ez a henger lehet\u0151v\u00e9 teszi a g\u00e9m pontos emel\u00e9s\u00e9t \u00e9s s\u00fcllyeszt\u00e9s\u00e9t, \u00edgy optim\u00e1lis pozicion\u00e1l\u00e1st biztos\u00edt emel\u00e9si m\u0171veletek k\u00f6zben. Nagy szil\u00e1rds\u00e1g\u00fa anyagokb\u00f3l k\u00e9sz\u00fclt, \u00e9s \u00fagy tervezt\u00e9k, hogy ellen\u00e1lljon a tengeri k\u00f6rnyezet ig\u00e9nyes k\u00f6r\u00fclm\u00e9nyeinek, bele\u00e9rtve a s\u00f3s vizet \u00e9s a sz\u00e9ls\u0151s\u00e9ges id\u0151j\u00e1r\u00e1st. A sima hidraulikus m\u0171k\u00f6d\u00e9s gyors \u00e9s pontos be\u00e1ll\u00edt\u00e1st biztos\u00edt, n\u00f6velve a m\u0171k\u00f6d\u00e9si hat\u00e9konys\u00e1got \u00e9s a biztons\u00e1got. Ez a emel\u0151henger elengedhetetlen a tengeri daruk hat\u00e9kony teljes\u00edtm\u00e9ny\u00e9hez, jelent\u0151sen hozz\u00e1j\u00e1rulva a tengeri \u00e9p\u00edt\u00e9si, karbantart\u00e1si \u00e9s f\u00far\u00e1si tev\u00e9kenys\u00e9gek siker\u00e9hez.<\/p>\n<p><img loading=\"lazy\" decoding=\"async\" class=\"size-full wp-image-773 aligncenter\" src=\"https:\/\/fmp-components.com\/wp-content\/uploads\/2024\/12\/Offshore-Crane-Main-Boom-Luffing-Cylinder.webp\" alt=\"Tengeri daru f\u0151 g\u00e9m emel\u0151henger\" width=\"500\" height=\"200\" title=\"\" srcset=\"https:\/\/fmp-components.com\/wp-content\/uploads\/2024\/12\/Offshore-Crane-Main-Boom-Luffing-Cylinder.webp 500w, https:\/\/fmp-components.com\/wp-content\/uploads\/2024\/12\/Offshore-Crane-Main-Boom-Luffing-Cylinder-480x192.webp 480w\" sizes=\"(min-width: 0px) and (max-width: 480px) 480px, (min-width: 481px) 500px, 100vw\" \/><\/p>\n<table style=\"width: 87.4644%; height: 209px;\" border=\"1\" cellspacing=\"0\" cellpadding=\"0\">\n<tbody>\n<tr>\n<td>Term\u00e9k neve<\/td>\n<td>Tengeri daru f\u0151 g\u00e9m emel\u0151henger<\/td>\n<\/tr>\n<tr>\n<td>Jellemz\u0151k:<\/td>\n<td>Tol\u00f3er\u0151t biztos\u00edt a darug\u00e9m billent\u00e9s\u00e9hez<\/td>\n<\/tr>\n<tr>\n<td>Furat\u00e1tm\u00e9r\u0151:<\/td>\n<td>Ak\u00e1r 580 mm<\/td>\n<\/tr>\n<tr>\n<td>R\u00fad \u00e1tm\u00e9r\u0151je:<\/td>\n<td>Ak\u00e1r 440 mm<br \/>\nL\u00f6ket ak\u00e1r 5635 mm<\/td>\n<\/tr>\n<tr>\n<td>Tol\u00f3er\u0151:<\/td>\n<td>Maximum 8454 kN<br \/>\n(Henger\u00e1tm\u00e9r\u0151 580 mm\/nyom\u00e1s 32 MPa)<\/td>\n<\/tr>\n<tr>\n<td>Alkalmaz\u00e1sok:<\/td>\n<td>Tengeri daru<\/td>\n<\/tr>\n<\/tbody>\n<\/table>\n<p><img loading=\"lazy\" decoding=\"async\" class=\"alignnone wp-image-778\" src=\"https:\/\/fmp-components.com\/wp-content\/uploads\/2024\/12\/Offshore-Crane-Main-Boom-Luffing-Cylinder-1.webp\" alt=\"Offshore-Crane-F\u0151g\u00e9m-Billen\u0151henger-1\" width=\"810\" height=\"480\" title=\"\"><\/p>\n<p><img loading=\"lazy\" decoding=\"async\" class=\"alignnone wp-image-781\" src=\"https:\/\/fmp-components.com\/wp-content\/uploads\/2024\/12\/Offshore-Crane-Main-Boom-Luffing-Cylinder-2.webp\" alt=\"Tengeri daru f\u0151 g\u00e9m emel\u0151henger\" width=\"813\" height=\"254\" title=\"\" srcset=\"https:\/\/fmp-components.com\/wp-content\/uploads\/2024\/12\/Offshore-Crane-Main-Boom-Luffing-Cylinder-2.webp 813w, https:\/\/fmp-components.com\/wp-content\/uploads\/2024\/12\/Offshore-Crane-Main-Boom-Luffing-Cylinder-2-480x150.webp 480w\" sizes=\"(min-width: 0px) and (max-width: 480px) 480px, (min-width: 481px) 813px, 100vw\" \/><\/p>\n<h2>Tengeri daru \u00f6sszecsukhat\u00f3 kar billen\u0151henger<\/h2>\n<p>Az offshore daru \u00f6sszecsukhat\u00f3 karj\u00e1nak billen\u0151hengere egy l\u00e9tfontoss\u00e1g\u00fa hidraulikus alkatr\u00e9sz, amely megk\u00f6nny\u00edti a daru \u00f6sszecsukhat\u00f3 karj\u00e1nak billen\u0151 mozg\u00e1s\u00e1t. Ez a henger biztos\u00edtja a sz\u00fcks\u00e9ges er\u0151t a kar emel\u00e9s\u00e9hez \u00e9s s\u00fcllyeszt\u00e9s\u00e9hez, lehet\u0151v\u00e9 t\u00e9ve a pontos pozicion\u00e1l\u00e1st a rakod\u00e1si \u00e9s kirakod\u00e1si m\u0171veletek sor\u00e1n. Nagy szil\u00e1rds\u00e1g\u00fa anyagokb\u00f3l k\u00e9sz\u00fclt, \u00e9s \u00fagy tervezt\u00e9k, hogy ellen\u00e1lljon a zord tengeri k\u00f6rnyezetnek, bele\u00e9rtve a s\u00f3s v\u00edznek \u00e9s a nagy nyom\u00e1snak val\u00f3 kitetts\u00e9get. A hidraulikus rendszer lehet\u0151v\u00e9 teszi a sima \u00e9s szab\u00e1lyozott mozg\u00e1sokat, n\u00f6velve a m\u0171k\u00f6d\u00e9si hat\u00e9konys\u00e1got \u00e9s a biztons\u00e1got a daru m\u0171k\u00f6dtet\u00e9se sor\u00e1n. Ez a billen\u0151henger elengedhetetlen a tengeri daruk teljes\u00edtm\u00e9ny\u00e9nek optimaliz\u00e1l\u00e1s\u00e1hoz, jelent\u0151sen hozz\u00e1j\u00e1rulva a tengeri \u00e9p\u00edt\u00e9si, karbantart\u00e1si \u00e9s logisztikai feladatok hat\u00e9konys\u00e1g\u00e1hoz.<\/p>\n<p><img loading=\"lazy\" decoding=\"async\" class=\"size-full wp-image-772 aligncenter\" src=\"https:\/\/fmp-components.com\/wp-content\/uploads\/2024\/12\/Offshore-Crane-Folding-Arm-Tilt-Cylinder.webp\" alt=\"Tengeri daru \u00f6sszecsukhat\u00f3 kar billen\u0151henger\" width=\"500\" height=\"200\" title=\"\" srcset=\"https:\/\/fmp-components.com\/wp-content\/uploads\/2024\/12\/Offshore-Crane-Folding-Arm-Tilt-Cylinder.webp 500w, https:\/\/fmp-components.com\/wp-content\/uploads\/2024\/12\/Offshore-Crane-Folding-Arm-Tilt-Cylinder-480x192.webp 480w\" sizes=\"(min-width: 0px) and (max-width: 480px) 480px, (min-width: 481px) 500px, 100vw\" \/><\/p>\n<table style=\"width: 86.8088%; height: 199px;\" border=\"1\" cellspacing=\"0\" cellpadding=\"0\">\n<tbody>\n<tr>\n<td>Term\u00e9k neve<\/td>\n<td>Tengeri daru \u00f6sszecsukhat\u00f3 kar billen\u0151henger<\/td>\n<\/tr>\n<tr>\n<td>Jellemz\u0151k:<\/td>\n<td>Biztos\u00edtsa a daru alkarj\u00e1nak v\u00edzszintes sz\u00f6g\u00e9nek be\u00e1ll\u00edt\u00e1s\u00e1hoz sz\u00fcks\u00e9ges tol\u00f3er\u0151t \u00e9s h\u00faz\u00f3er\u0151t<\/td>\n<\/tr>\n<tr>\n<td>Furat\u00e1tm\u00e9r\u0151:<\/td>\n<td>Ak\u00e1r 580 mm<\/td>\n<\/tr>\n<tr>\n<td>R\u00fad \u00e1tm\u00e9r\u0151je:<\/td>\n<td>Ak\u00e1r 400 mm-ig<br \/>\nL\u00f6ket ak\u00e1r 5170 mm<\/td>\n<\/tr>\n<tr>\n<td>Tol\u00f3er\u0151 \/ H\u00faz\u00f3er\u0151:<\/td>\n<td>Maximum 8454 kN\/3589 kN<br \/>\n(Henger\u00e1tm\u00e9r\u0151 580 mm\/nyom\u00e1s 32 MPa)<\/td>\n<\/tr>\n<tr>\n<td>Alkalmaz\u00e1sok:<\/td>\n<td>Tengeri daru<\/td>\n<\/tr>\n<\/tbody>\n<\/table>\n<p><img loading=\"lazy\" decoding=\"async\" class=\"alignnone wp-image-777\" src=\"https:\/\/fmp-components.com\/wp-content\/uploads\/2024\/12\/Offshore-Crane-Folding-Arm-Tilt-Cylinder-1.webp\" alt=\"Offshore-Crane-Billen\u0151henger-\u00d6sszecsukhat\u00f3-Karral\" width=\"803\" height=\"481\" title=\"\"><\/p>\n<h2>Tengeri daru A t\u00edpus\u00fa \u00e1rbocdaru emel\u0151henger<\/h2>\n<p>Az Offshore Crane A t\u00edpus\u00fa \u00e1rbocdaru billen\u0151hengere egy kulcsfontoss\u00e1g\u00fa hidraulikus alkatr\u00e9sz, amelyet a daru \u00e1rboc\u00e1nak billen\u0151 mozg\u00e1s\u00e1nak szab\u00e1lyoz\u00e1s\u00e1ra terveztek. Ez a henger biztos\u00edtja a sz\u00fcks\u00e9ges er\u0151t az \u00e1rboc emel\u00e9s\u00e9hez \u00e9s s\u00fcllyeszt\u00e9s\u00e9hez, lehet\u0151v\u00e9 t\u00e9ve a prec\u00edz be\u00e1ll\u00edt\u00e1sokat az optim\u00e1lis pozicion\u00e1l\u00e1s \u00e9rdek\u00e9ben emel\u00e9si m\u0171veletek k\u00f6zben. Nagy szil\u00e1rds\u00e1g\u00fa anyagokb\u00f3l k\u00e9sz\u00fclt, \u00e9s \u00fagy tervezt\u00e9k, hogy ellen\u00e1lljon a tengeri k\u00f6rnyezet kih\u00edv\u00e1st jelent\u0151 k\u00f6r\u00fclm\u00e9nyeinek, bele\u00e9rtve a s\u00f3s vizet \u00e9s a sz\u00e9ls\u0151s\u00e9ges id\u0151j\u00e1r\u00e1st. A sima hidraulikus m\u0171k\u00f6d\u00e9s gyors \u00e9s pontos mozg\u00e1st biztos\u00edt, n\u00f6velve a m\u0171k\u00f6d\u00e9si hat\u00e9konys\u00e1got \u00e9s a biztons\u00e1got. Ez a billen\u0151henger elengedhetetlen az A t\u00edpus\u00fa \u00e1rbocdaruk hat\u00e9kony teljes\u00edtm\u00e9ny\u00e9hez, jelent\u0151sen hozz\u00e1j\u00e1rulva a tengeri \u00e9p\u00edt\u00e9si, f\u00far\u00e1si \u00e9s karbantart\u00e1si tev\u00e9kenys\u00e9gek siker\u00e9hez.<\/p>\n<p><img loading=\"lazy\" decoding=\"async\" class=\"size-full wp-image-771 aligncenter\" src=\"https:\/\/fmp-components.com\/wp-content\/uploads\/2024\/12\/Offshore-Crane-A-Type-Mast-Crane-Luffing-Cylinder.webp\" alt=\"Tengeri daru A t\u00edpus\u00fa \u00e1rbocdaru emel\u0151henger\" width=\"500\" height=\"200\" title=\"\" srcset=\"https:\/\/fmp-components.com\/wp-content\/uploads\/2024\/12\/Offshore-Crane-A-Type-Mast-Crane-Luffing-Cylinder.webp 500w, https:\/\/fmp-components.com\/wp-content\/uploads\/2024\/12\/Offshore-Crane-A-Type-Mast-Crane-Luffing-Cylinder-480x192.webp 480w\" sizes=\"(min-width: 0px) and (max-width: 480px) 480px, (min-width: 481px) 500px, 100vw\" \/><\/p>\n<table style=\"width: 87.239%; height: 196px;\" border=\"1\" cellspacing=\"0\" cellpadding=\"0\">\n<tbody>\n<tr>\n<td>Term\u00e9k neve<\/td>\n<td>Tengeri daru A t\u00edpus\u00fa \u00e1rbocdaru emel\u0151henger<\/td>\n<\/tr>\n<tr>\n<td>Jellemz\u0151k:<\/td>\n<td>Biztos\u00edtsa a daru alkarj\u00e1nak v\u00edzszintes sz\u00f6g\u00e9nek be\u00e1ll\u00edt\u00e1s\u00e1hoz sz\u00fcks\u00e9ges tol\u00f3er\u0151t \u00e9s h\u00faz\u00f3er\u0151t<\/td>\n<\/tr>\n<tr>\n<td>Furat\u00e1tm\u00e9r\u0151:<\/td>\n<td>Ak\u00e1r 580 mm<\/td>\n<\/tr>\n<tr>\n<td>R\u00fad \u00e1tm\u00e9r\u0151je:<\/td>\n<td>Ak\u00e1r 400 mm-ig<br \/>\nL\u00f6ket ak\u00e1r 5170 mm<\/td>\n<\/tr>\n<tr>\n<td>Tol\u00f3er\u0151 \/ H\u00faz\u00f3er\u0151:<\/td>\n<td>Maximum 8454 kN\/3589 kN<br \/>\n(Henger\u00e1tm\u00e9r\u0151 580 mm\/nyom\u00e1s 32 MPa)<\/td>\n<\/tr>\n<tr>\n<td>Alkalmaz\u00e1sok:<\/td>\n<td>Tengeri daru<\/td>\n<\/tr>\n<\/tbody>\n<\/table>\n<p data-sourcepos=\"14:1-14:90\"><img loading=\"lazy\" decoding=\"async\" class=\"alignnone wp-image-779\" src=\"https:\/\/fmp-components.com\/wp-content\/uploads\/2024\/12\/Offshore-Crane-A-Type-Mast-Crane-Luffing-Cylinder-1.webp\" alt=\"Tengeri daru A t\u00edpus\u00fa \u00e1rbocdaru emel\u0151henger\" width=\"811\" height=\"404\" title=\"\" srcset=\"https:\/\/fmp-components.com\/wp-content\/uploads\/2024\/12\/Offshore-Crane-A-Type-Mast-Crane-Luffing-Cylinder-1.webp 811w, https:\/\/fmp-components.com\/wp-content\/uploads\/2024\/12\/Offshore-Crane-A-Type-Mast-Crane-Luffing-Cylinder-1-480x239.webp 480w\" sizes=\"(min-width: 0px) and (max-width: 480px) 480px, (min-width: 481px) 811px, 100vw\" \/><\/p>\n<h2>A tengeri daru hidraulikus henger\u00e9nek el\u0151nyei<\/h2>\n<p>A tengeri daru hidraulikus hengere sz\u00e1mos kulcsfontoss\u00e1g\u00fa el\u0151nnyel j\u00e1r, amelyek jav\u00edtj\u00e1k a tengeri daruk teljes\u00edtm\u00e9ny\u00e9t \u00e9s megb\u00edzhat\u00f3s\u00e1g\u00e1t tengeri \u00e9s ipari alkalmaz\u00e1sokban.<\/p>\n<p>Az egyik f\u0151 el\u0151nye a nagy teherb\u00edr\u00e1s, amely lehet\u0151v\u00e9 teszi a tengeri m\u0171veletekre jellemz\u0151 neh\u00e9z terhek biztons\u00e1gos emel\u00e9s\u00e9t \u00e9s kezel\u00e9s\u00e9t. Ez a kapacit\u00e1s elengedhetetlen a m\u0171k\u00f6d\u00e9si hat\u00e9konys\u00e1g \u00e9s a biztons\u00e1g fenntart\u00e1s\u00e1hoz \u00f6sszetett emel\u00e9si feladatok sor\u00e1n.<\/p>\n<p>A hidraulikus henger prec\u00edz vez\u00e9rl\u00e9st is biztos\u00edt, lehet\u0151v\u00e9 t\u00e9ve a g\u00e9m pozicion\u00e1l\u00e1s\u00e1nak sima \u00e9s pontos be\u00e1ll\u00edt\u00e1s\u00e1t. Ez a pontoss\u00e1g kulcsfontoss\u00e1g\u00fa a biztons\u00e1gos m\u0171k\u00f6d\u00e9shez, k\u00fcl\u00f6n\u00f6sen a kih\u00edv\u00e1st jelent\u0151 tengeri k\u00f6rnyezetben, ahol a k\u00f6r\u00fclm\u00e9nyek gyorsan v\u00e1ltozhatnak.<\/p>\n<p>A robusztus anyagokb\u00f3l k\u00e9sz\u00fclt palackot \u00fagy tervezt\u00e9k, hogy ellen\u00e1lljon a zord tengeri k\u00f6r\u00fclm\u00e9nyeknek, bele\u00e9rtve a s\u00f3s vizet, a korroz\u00edv elemeket \u00e9s a sz\u00e9ls\u0151s\u00e9ges h\u0151m\u00e9rs\u00e9kleteket. Ez a tart\u00f3ss\u00e1g biztos\u00edtja a hossz\u00fa t\u00e1v\u00fa teljes\u00edtm\u00e9nyt \u00e9s cs\u00f6kkenti a gyakori cser\u00e9k sz\u00fcks\u00e9gess\u00e9g\u00e9t.<\/p>\n<p>Tov\u00e1bbi jelent\u0151s el\u0151ny a hidraulikus kialak\u00edt\u00e1sba integr\u00e1lt tov\u00e1bbfejlesztett biztons\u00e1gi funkci\u00f3k. Ezek a funkci\u00f3k seg\u00edtenek megel\u0151zni a t\u00falterhel\u00e9st \u00e9s biztos\u00edtj\u00e1k a biztons\u00e1gos m\u0171k\u00f6d\u00e9st, v\u00e9dve mind a szem\u00e9lyzetet, mind a berendez\u00e9seket az emel\u00e9si tev\u00e9kenys\u00e9gek sor\u00e1n.<\/p>\n<p>A hidraulikus rendszer emellett z\u00f6kken\u0151mentes m\u0171k\u00f6d\u00e9st biztos\u00edt, ami minimaliz\u00e1lja mind a henger, mind maga a daru kop\u00e1s\u00e1t. Ez a z\u00f6kken\u0151mentes m\u0171k\u00f6d\u00e9s seg\u00edt jav\u00edtani az \u00e1ltal\u00e1nos m\u0171k\u00f6d\u00e9si hat\u00e9konys\u00e1got \u00e9s cs\u00f6kkenti a karbantart\u00e1si ig\u00e9nyeket.<\/p>\n<p>Tov\u00e1bb\u00e1 a hidraulikus henger sokoldal\u00fas\u00e1ga lehet\u0151v\u00e9 teszi a k\u00fcl\u00f6nf\u00e9le tengeri darukonfigur\u00e1ci\u00f3khoz val\u00f3 adapt\u00e1l\u00e1st, \u00edgy sz\u00e9les k\u00f6r\u0171 alkalmaz\u00e1sokhoz alkalmas, az \u00e9p\u00edt\u00e9si munk\u00e1kt\u00f3l a karbantart\u00e1si \u00e9s f\u00far\u00e1si feladatokig.<\/p>\n<p>V\u00e9g\u00fcl a hidraulikus henger alacsony karbantart\u00e1si ig\u00e9nyei hozz\u00e1j\u00e1rulnak a cs\u00f6kkentett \u00e1ll\u00e1sid\u0151h\u00f6z \u00e9s \u00fczemeltet\u00e9si k\u00f6lts\u00e9gekhez. Tervez\u00e9se a megb\u00edzhat\u00f3s\u00e1gra \u00e9s a hossz\u00fa \u00e9lettartamra \u00f6sszpontos\u00edt, biztos\u00edtva, hogy a tengeri m\u0171veletek megszak\u00edt\u00e1sok n\u00e9lk\u00fcl folytathat\u00f3k legyenek.<\/p>\n<p>\u00d6sszefoglalva, a tengeri daruk hidraulikus hengere elengedhetetlen a tengeri daruk hat\u00e9konys\u00e1g\u00e1nak, biztons\u00e1g\u00e1nak \u00e9s megb\u00edzhat\u00f3s\u00e1g\u00e1nak optimaliz\u00e1l\u00e1s\u00e1hoz, jelent\u0151sen jav\u00edtva teljes\u00edtm\u00e9ny\u00fcket ig\u00e9nyes tengeri k\u00f6rnyezetben.<\/p>\n<p data-sourcepos=\"14:1-14:90\"><img loading=\"lazy\" decoding=\"async\" class=\"alignnone wp-image-776\" src=\"https:\/\/fmp-components.com\/wp-content\/uploads\/2024\/12\/A-Type-Mast-Crane-Luffing-Cylinder-for-Offshore-Crane.webp\" alt=\"A-t\u00edpus\u00fa \u00e1rbocdaru emel\u0151henger tengeri darukhoz\" width=\"840\" height=\"442\" title=\"\"><\/p>\n<h3>Az FMP-r\u0151l<\/h3>\n<p>Az FMP egy speci\u00e1lis g\u00e9pgy\u00e1rt\u00f3 v\u00e1llalat, amely hidraulikus hengerek gy\u00e1rt\u00e1s\u00e1ra specializ\u00e1l\u00f3dott. Megalakul\u00e1sa \u00f3ta a v\u00e1llalat a hidraulikus technol\u00f3gia kutat\u00e1s\u00e1ra \u00e9s gy\u00e1rt\u00e1s\u00e1ra \u00f6sszpontos\u00edt, \u00e9s sikeresen \u00e1tt\u00e9rt a soksz\u00edn\u0171 term\u00e9kk\u00edn\u00e1latr\u00f3l, amely mag\u00e1ban foglalta a betakar\u00edt\u00f3 \u00e9s \u00e9p\u00edt\u0151ipari g\u00e9peket, a mez\u0151gazdas\u00e1gi traktoralkatr\u00e9szekre specializ\u00e1l\u00f3d\u00e1sra. T\u00f6bb mint egy \u00e9vtizedes gy\u00e1rt\u00e1si \u00e9s ir\u00e1ny\u00edt\u00e1si tapasztalattal az FMP fejlett gy\u00e1rt\u00e1si technik\u00e1kkal biztos\u00edtja a kiv\u00e1l\u00f3 min\u0151s\u00e9g\u0171 term\u00e9keket.<\/p>\n<p>A v\u00e1llalat fejl\u0151d\u00e9s\u00e9vel \u00e1tfog\u00f3 megmunk\u00e1l\u00f3 gy\u00e1rt\u00f3sort, \u00f6sszeszerel\u0151 sort \u00e9s bevon\u00f3sort fejlesztett ki. Csapatunk k\u00e9pzett vezet\u0151kb\u0151l, tapasztalt g\u00e9p\u00e9sztervez\u0151kb\u0151l \u00e9s magasan k\u00e9pzett technikusokb\u00f3l \u00e1ll, akik egy\u00fcttm\u0171k\u00f6dve biztos\u00edtj\u00e1k a stabil termel\u00e9si min\u0151s\u00e9get, mik\u00f6zben hat\u00e9konyan ellen\u0151rzik a folyamatok folytonoss\u00e1g\u00e1t \u00e9s hat\u00e9konys\u00e1g\u00e1t.<\/p>\n<p>Az FMP a k\u00f6vetkez\u0151 filoz\u00f3fi\u00e1t vallja: \u201eA technol\u00f3giai innov\u00e1ci\u00f3 hajtja a fejl\u0151d\u00e9st, a min\u0151s\u00e9g teremti a m\u00e1rk\u00e1kat, a szak\u00e9rtelem garant\u00e1lja a min\u0151s\u00e9get, \u00e9s hossz\u00fa t\u00e1v\u00fa, mindenki sz\u00e1m\u00e1ra el\u0151ny\u00f6s kapcsolatokat \u00e9p\u00edt.\u201d Elk\u00f6telezetts\u00e9g\u00fcnk a kiv\u00e1l\u00f3 min\u0151s\u00e9g\u0171 term\u00e9kek \u00e9s a kiv\u00e1l\u00f3 \u00fcgyf\u00e9lszolg\u00e1lat ir\u00e1nt tov\u00e1bbra is alapvet\u0151 c\u00e9lunk, mik\u00f6zben folyamatosan megfelel\u00fcnk a piac v\u00e1ltoz\u00f3 ig\u00e9nyeinek.<\/p>\n<p><img loading=\"lazy\" decoding=\"async\" class=\"alignnone size-full wp-image-426\" src=\"https:\/\/fmp-components.com\/wp-content\/uploads\/2024\/12\/Sanitation-Machinery-Locking-Hydraulic-Cylinder-factory.webp\" sizes=\"(min-width: 0px) and (max-width: 480px) 480px, (min-width: 481px) and (max-width: 980px) 980px, (min-width: 981px) and (max-width: 1280px) 1280px, (min-width: 1281px) 1414px, 100vw\" srcset=\"https:\/\/fmp-components.com\/wp-content\/uploads\/2024\/12\/Sanitation-Machinery-Locking-Hydraulic-Cylinder-factory.webp 1414w, https:\/\/fmp-components.com\/wp-content\/uploads\/2024\/12\/Sanitation-Machinery-Locking-Hydraulic-Cylinder-factory-1280x529.webp 1280w, https:\/\/fmp-components.com\/wp-content\/uploads\/2024\/12\/Sanitation-Machinery-Locking-Hydraulic-Cylinder-factory-980x405.webp 980w, https:\/\/fmp-components.com\/wp-content\/uploads\/2024\/12\/Sanitation-Machinery-Locking-Hydraulic-Cylinder-factory-480x198.webp 480w\" alt=\"Higi\u00e9niai-G\u00e9p-Z\u00e1r\u00f3-Hidraulikus-Henger-gy\u00e1r\" width=\"1414\" height=\"584\" title=\"\"><\/p>\n<p>Szerz\u0151: CX<\/p>","protected":false},"excerpt":{"rendered":"<p>A tengeri daruk hidraulikus hengere l\u00e9tfontoss\u00e1g\u00fa alkatr\u00e9sz, amelynek c\u00e9lja a daru g\u00e9mj\u00e9nek \u00e9s egy\u00e9b m\u0171k\u00f6d\u00e9si mechanizmusainak sz\u00fcks\u00e9ges emel\u0151- \u00e9s s\u00fcllyeszt\u0151erej\u00e9nek biztos\u00edt\u00e1sa. Ez a hidraulikus henger prec\u00edz vez\u00e9rl\u00e9st \u00e9s mozg\u00e1st tesz lehet\u0151v\u00e9, lehet\u0151v\u00e9 t\u00e9ve a neh\u00e9z terhek biztons\u00e1gos kezel\u00e9s\u00e9t kih\u00edv\u00e1st jelent\u0151 tengeri k\u00f6rnyezetben. Nagy szil\u00e1rds\u00e1g\u00fa anyagokb\u00f3l k\u00e9sz\u00fclt, \u00e9s \u00fagy tervezt\u00e9k, hogy ellen\u00e1lljon a zord tengeri k\u00f6r\u00fclm\u00e9nyeknek, bele\u00e9rtve a s\u00f3sv\u00edznek val\u00f3 kitetts\u00e9get \u00e9s a sz\u00e9ls\u0151s\u00e9ges id\u0151j\u00e1r\u00e1st, biztos\u00edtva a tart\u00f3ss\u00e1got \u00e9s a megb\u00edzhat\u00f3s\u00e1got. A sima hidraulikus m\u0171k\u00f6d\u00e9s lehet\u0151v\u00e9 teszi a gyors be\u00e1ll\u00edt\u00e1sokat, n\u00f6velve a m\u0171k\u00f6d\u00e9si hat\u00e9konys\u00e1got \u00e9s a biztons\u00e1got az emel\u00e9si m\u0171veletek sor\u00e1n. Ez a hidraulikus henger elengedhetetlen a tengeri daruk teljes\u00edtm\u00e9ny\u00e9nek optimaliz\u00e1l\u00e1s\u00e1hoz, jelent\u0151sen hozz\u00e1j\u00e1rulva a tengeri \u00e9p\u00edt\u00e9si, f\u00far\u00e1si \u00e9s karbantart\u00e1si tev\u00e9kenys\u00e9gek hat\u00e9konys\u00e1g\u00e1hoz.<\/p>","protected":false},"featured_media":770,"comment_status":"open","ping_status":"closed","template":"","meta":{"_et_pb_use_builder":"","_et_pb_old_content":"","_et_gb_content_width":""},"product_brand":[],"product_cat":[28],"product_tag":[],"class_list":{"0":"post-761","1":"product","2":"type-product","3":"status-publish","4":"has-post-thumbnail","6":"product_cat-offshore-hydraulic-cylinders","8":"first","9":"instock","10":"shipping-taxable","11":"product-type-simple"},"_links":{"self":[{"href":"https:\/\/fmp-components.com\/hu\/wp-json\/wp\/v2\/product\/761","targetHints":{"allow":["GET"]}}],"collection":[{"href":"https:\/\/fmp-components.com\/hu\/wp-json\/wp\/v2\/product"}],"about":[{"href":"https:\/\/fmp-components.com\/hu\/wp-json\/wp\/v2\/types\/product"}],"replies":[{"embeddable":true,"href":"https:\/\/fmp-components.com\/hu\/wp-json\/wp\/v2\/comments?post=761"}],"wp:featuredmedia":[{"embeddable":true,"href":"https:\/\/fmp-components.com\/hu\/wp-json\/wp\/v2\/media\/770"}],"wp:attachment":[{"href":"https:\/\/fmp-components.com\/hu\/wp-json\/wp\/v2\/media?parent=761"}],"wp:term":[{"taxonomy":"product_brand","embeddable":true,"href":"https:\/\/fmp-components.com\/hu\/wp-json\/wp\/v2\/product_brand?post=761"},{"taxonomy":"product_cat","embeddable":true,"href":"https:\/\/fmp-components.com\/hu\/wp-json\/wp\/v2\/product_cat?post=761"},{"taxonomy":"product_tag","embeddable":true,"href":"https:\/\/fmp-components.com\/hu\/wp-json\/wp\/v2\/product_tag?post=761"}],"curies":[{"name":"munkaf\u00fczet","href":"https:\/\/api.w.org\/{rel}","templated":true}]}}