{"id":7460,"date":"2025-03-26T08:31:31","date_gmt":"2025-03-26T08:31:31","guid":{"rendered":"https:\/\/fmp-components.com\/?post_type=product&#038;p=7460"},"modified":"2025-03-26T08:38:13","modified_gmt":"2025-03-26T08:38:13","slug":"spur-gears-european-standard","status":"publish","type":"product","link":"https:\/\/fmp-components.com\/hu\/product\/spur-gears-european-standard\/","title":{"rendered":"Homlokfogaskerekek (eur\u00f3pai szabv\u00e1ny)"},"content":{"rendered":"<div>\n<h3>Kiv\u00e1l\u00f3 min\u0151s\u00e9g\u0171 homlokfogaskerekek (eur\u00f3pai szabv\u00e1ny) az FMP-t\u0151l<\/h3>\n<p class=\"break-words\">Az FMP egy vezet\u0151 olasz homlokfogasker\u00e9k-gy\u00e1rt\u00f3 (eur\u00f3pai szabv\u00e1ny), amely sz\u00e9les v\u00e1laszt\u00e9kban k\u00edn\u00e1l homlokfogaskerekeket, amelyeket a k\u00fcl\u00f6nb\u00f6z\u0151 ipar\u00e1gak ig\u00e9nyeinek kiel\u00e9g\u00edt\u00e9s\u00e9re terveztek. Homlokfogaskerekeink megfelelnek az eur\u00f3pai szabv\u00e1nyoknak, p\u00e9ld\u00e1ul a DIN szabv\u00e1nynak, biztos\u00edtva a kiv\u00e9teles pontoss\u00e1got \u00e9s megb\u00edzhat\u00f3s\u00e1got. Ak\u00e1r a g\u00e9p\u00e9szetben, ak\u00e1r az aut\u00f3iparban, ak\u00e1r a rep\u00fcl\u0151g\u00e9piparban dolgozik, az FMP az \u00d6n ig\u00e9nyeire szabott, cs\u00facskateg\u00f3ri\u00e1s term\u00e9keket sz\u00e1ll\u00edt. Standard k\u00edn\u00e1latunkon t\u00fal egyedi homlokfogasker\u00e9k-megold\u00e1sokra is specializ\u00e1l\u00f3dtunk. Ha nem tal\u00e1lja a sz\u00fcks\u00e9ges modellt a term\u00e9klist\u00e1nkban, ne agg\u00f3djon \u2013 ez egyszer\u0171en azt jelenti, hogy m\u00e9g nem t\u00f6lt\u00f6tt\u00fck fel. Nyugodtan k\u00fcldj\u00f6n nek\u00fcnk e-mailt ig\u00e9nyeivel, \u00e9s k\u00e9pzett m\u00e9rn\u00f6keink 24 \u00f3r\u00e1n bel\u00fcl professzion\u00e1lis megold\u00e1ssal v\u00e1laszolnak.<\/p>\n<h3>Specifik\u00e1ci\u00f3<\/h3>\n<\/div>\n<p><img loading=\"lazy\" decoding=\"async\" class=\"size-full wp-image-7461 aligncenter\" src=\"https:\/\/fmp-components.com\/wp-content\/uploads\/2025\/03\/hex5.webp\" alt=\"Homlokfogaskerekek (eur\u00f3pai szabv\u00e1ny)\" width=\"664\" height=\"934\" title=\"\" srcset=\"https:\/\/fmp-components.com\/wp-content\/uploads\/2025\/03\/hex5.webp 664w, https:\/\/fmp-components.com\/wp-content\/uploads\/2025\/03\/hex5-480x675.webp 480w\" sizes=\"(min-width: 0px) and (max-width: 480px) 480px, (min-width: 481px) 664px, 100vw\" \/> <img loading=\"lazy\" decoding=\"async\" class=\"size-full wp-image-7462 aligncenter\" src=\"https:\/\/fmp-components.com\/wp-content\/uploads\/2025\/03\/hex5-1.webp\" alt=\"Homlokfogaskerekek (eur\u00f3pai szabv\u00e1ny)\" width=\"664\" height=\"918\" title=\"\" srcset=\"https:\/\/fmp-components.com\/wp-content\/uploads\/2025\/03\/hex5-1.webp 664w, https:\/\/fmp-components.com\/wp-content\/uploads\/2025\/03\/hex5-1-480x664.webp 480w\" sizes=\"(min-width: 0px) and (max-width: 480px) 480px, (min-width: 481px) 664px, 100vw\" \/><\/p>\n<div>\n<h3>Helyi szak\u00e9rtelemmel szolg\u00e1ljuk Olaszorsz\u00e1got<\/h3>\n<p class=\"break-words\">Term\u00e9keinket Olaszorsz\u00e1gban \u00e9s vil\u00e1gszerte megb\u00edzhat\u00f3nak tartj\u00e1k, kiv\u00e1l\u00f3 min\u0151s\u00e9g\u0171 felszerel\u00e9si megold\u00e1sokat k\u00edn\u00e1lva a v\u00e1llalkoz\u00e1soknak, amelyek seg\u00edtik \u0151ket a sikerben. Amikor az FMP-t v\u00e1lasztja, egy kiv\u00e1l\u00f3s\u00e1g ir\u00e1nt elk\u00f6telezett olasz c\u00e9ggel dolgozik egy\u00fctt, amely szabv\u00e1nyos \u00e9s egyedi term\u00e9keket k\u00edn\u00e1l. <a href=\"https:\/\/fmp-components.com\/hu\/spur-gear-2\/\">homlokkerekek<\/a> hogy fokozza m\u0171k\u00f6d\u00e9s\u00e9t. L\u00e9pjen kapcsolatba vel\u00fcnk m\u00e9g ma, \u00e9s engedje meg, hogy seg\u00edts\u00fck v\u00e1llalkoz\u00e1sa vir\u00e1gz\u00e1s\u00e1t a homlokkerekes fogaskerekek ter\u00e9n szerzett szak\u00e9rtelm\u00fcnkkel (eur\u00f3pai szabv\u00e1nyok)!<\/p>\n<\/div>","protected":false},"excerpt":{"rendered":"<p>High-Quality Spur Gears (European Standard) by FMP FMP is a leading Italian manufacturer of Spur Gears (European Standard), offering a wide range of spur gears designed to meet the needs of various industries. Our spur gears comply with European standards, such as the DIN standard, ensuring exceptional precision and reliability. Whether you\u2019re in mechanical engineering, [&hellip;]<\/p>","protected":false},"featured_media":7463,"comment_status":"open","ping_status":"closed","template":"","meta":{"_et_pb_use_builder":"","_et_pb_old_content":"","_et_gb_content_width":""},"product_brand":[],"product_cat":[109],"product_tag":[],"class_list":{"0":"post-7460","1":"product","2":"type-product","3":"status-publish","4":"has-post-thumbnail","6":"product_cat-spur-gear","8":"first","9":"instock","10":"shipping-taxable","11":"product-type-simple"},"_links":{"self":[{"href":"https:\/\/fmp-components.com\/hu\/wp-json\/wp\/v2\/product\/7460","targetHints":{"allow":["GET"]}}],"collection":[{"href":"https:\/\/fmp-components.com\/hu\/wp-json\/wp\/v2\/product"}],"about":[{"href":"https:\/\/fmp-components.com\/hu\/wp-json\/wp\/v2\/types\/product"}],"replies":[{"embeddable":true,"href":"https:\/\/fmp-components.com\/hu\/wp-json\/wp\/v2\/comments?post=7460"}],"wp:featuredmedia":[{"embeddable":true,"href":"https:\/\/fmp-components.com\/hu\/wp-json\/wp\/v2\/media\/7463"}],"wp:attachment":[{"href":"https:\/\/fmp-components.com\/hu\/wp-json\/wp\/v2\/media?parent=7460"}],"wp:term":[{"taxonomy":"product_brand","embeddable":true,"href":"https:\/\/fmp-components.com\/hu\/wp-json\/wp\/v2\/product_brand?post=7460"},{"taxonomy":"product_cat","embeddable":true,"href":"https:\/\/fmp-components.com\/hu\/wp-json\/wp\/v2\/product_cat?post=7460"},{"taxonomy":"product_tag","embeddable":true,"href":"https:\/\/fmp-components.com\/hu\/wp-json\/wp\/v2\/product_tag?post=7460"}],"curies":[{"name":"munkaf\u00fczet","href":"https:\/\/api.w.org\/{rel}","templated":true}]}}