{"id":7451,"date":"2025-03-26T07:59:56","date_gmt":"2025-03-26T07:59:56","guid":{"rendered":"https:\/\/fmp-components.com\/?post_type=product&#038;p=7451"},"modified":"2025-03-26T08:37:56","modified_gmt":"2025-03-26T08:37:56","slug":"plastic-spur-gears","status":"publish","type":"product","link":"https:\/\/fmp-components.com\/hu\/product\/plastic-spur-gears\/","title":{"rendered":"M\u0171anyag homlokfogaskerekek"},"content":{"rendered":"<h2>M\u0171anyag homlokfogaskerekek: Min\u0151s\u00e9g \u00e9s testreszab\u00e1s<\/h2>\n<p class=\"break-words\">A m\u0171anyag homlokfogaskerekek l\u00e9tfontoss\u00e1g\u00fa alkatr\u00e9szek a modern g\u00e9pekben, kulcsszerepet j\u00e1tszanak olyan ipar\u00e1gakban, mint az aut\u00f3ipar, az elektronika \u00e9s az orvosi berendez\u00e9sek. Ezek a k\u00f6nny\u0171, tart\u00f3s fogaskerekek hat\u00e9kony mozg\u00e1s\u00e1tvitelre szolg\u00e1lnak, mik\u00f6zben cs\u00f6kkentik a zajt \u00e9s a kop\u00e1st. Az FMP-n\u00e9l b\u00fcszk\u00e9k vagyunk arra, hogy vezet\u0151 m\u0171anyaggy\u00e1rt\u00f3k vagyunk. <a href=\"https:\/\/fmp-components.com\/hu\/spur-gear-2\/\">Homlokfogaskerekek<\/a>, sz\u00e9les v\u00e1laszt\u00e9kban k\u00edn\u00e1lva standard opci\u00f3kat \u00e9s egyedi ig\u00e9nyekre szabott megold\u00e1sokat, hogy megfeleljen az \u00d6n egyedi ig\u00e9nyeinek. Ak\u00e1r Mil\u00e1n\u00f3ban, Velenc\u00e9ben, Firenz\u00e9ben vagy Bologn\u00e1ban dolgozik, az FMP az \u00d6n megb\u00edzhat\u00f3 partnere a kiv\u00e1l\u00f3 min\u0151s\u00e9g\u0171 fogasker\u00e9k-megold\u00e1sok ter\u00e9n.<\/p>\n<table style=\"border-collapse: collapse; width: 98.5%; height: 51px;\" border=\"0\" width=\"240\" cellspacing=\"0\" cellpadding=\"0\">\n<tbody>\n<tr style=\"height: 14.40pt;\">\n<td style=\"height: 14.40pt; width: 48.00pt;\" align=\"right\" width=\"80\" height=\"24\">\u00a0\u00a0<img loading=\"lazy\" decoding=\"async\" class=\"size-full wp-image-7456 aligncenter\" src=\"https:\/\/fmp-components.com\/wp-content\/uploads\/2025\/03\/plastic-spur-gear-5_1.webp\" alt=\"m\u0171anyag homlokker\u00e9k\" width=\"600\" height=\"600\" title=\"\" srcset=\"https:\/\/fmp-components.com\/wp-content\/uploads\/2025\/03\/plastic-spur-gear-5_1.webp 600w, https:\/\/fmp-components.com\/wp-content\/uploads\/2025\/03\/plastic-spur-gear-5_1-480x480.webp 480w\" sizes=\"(min-width: 0px) and (max-width: 480px) 480px, (min-width: 481px) 600px, 100vw\" \/><\/td>\n<td style=\"width: 48.00pt;\" align=\"right\" width=\"80\"><img loading=\"lazy\" decoding=\"async\" class=\"size-full wp-image-7457 aligncenter\" src=\"https:\/\/fmp-components.com\/wp-content\/uploads\/2025\/03\/plastic-spur-gear-4_1.webp\" alt=\"m\u0171anyag homlokker\u00e9k\" width=\"800\" height=\"800\" title=\"\" srcset=\"https:\/\/fmp-components.com\/wp-content\/uploads\/2025\/03\/plastic-spur-gear-4_1.webp 800w, https:\/\/fmp-components.com\/wp-content\/uploads\/2025\/03\/plastic-spur-gear-4_1-480x480.webp 480w\" sizes=\"(min-width: 0px) and (max-width: 480px) 480px, (min-width: 481px) 800px, 100vw\" \/><\/td>\n<td style=\"width: 48.00pt;\" align=\"right\" width=\"80\"><img loading=\"lazy\" decoding=\"async\" class=\"size-full wp-image-7458 aligncenter\" src=\"https:\/\/fmp-components.com\/wp-content\/uploads\/2025\/03\/plastic-spur-gear-3.webp\" alt=\"m\u0171anyag homlokker\u00e9k\" width=\"600\" height=\"600\" title=\"\" srcset=\"https:\/\/fmp-components.com\/wp-content\/uploads\/2025\/03\/plastic-spur-gear-3.webp 600w, https:\/\/fmp-components.com\/wp-content\/uploads\/2025\/03\/plastic-spur-gear-3-480x480.webp 480w\" sizes=\"(min-width: 0px) and (max-width: 480px) 480px, (min-width: 481px) 600px, 100vw\" \/><\/td>\n<\/tr>\n<\/tbody>\n<\/table>\n<h3>FMP: A m\u0171anyag homlokkerekek szak\u00e9rt\u0151 gy\u00e1rt\u00f3ja<\/h3>\n<p class=\"break-words\">Az FMP egy professzion\u00e1lis gy\u00e1rt\u00f3, amely m\u0171anyag homlokfogaskerekek gy\u00e1rt\u00e1s\u00e1ra specializ\u00e1l\u00f3dott. Korszer\u0171 technol\u00f3gi\u00e1val \u00e9s k\u00e9pzett m\u00e9rn\u00f6ki csapattal olyan term\u00e9keket sz\u00e1ll\u00edtunk, amelyek megfelelnek a szigor\u00fa min\u0151s\u00e9gi el\u0151\u00edr\u00e1soknak. A kiv\u00e1l\u00f3s\u00e1g ir\u00e1nti elk\u00f6telezetts\u00e9g\u00fcnk miatt Olaszorsz\u00e1g-szerte \u00e9s azon t\u00fal is a v\u00e1llalkoz\u00e1sok el\u0151nyben r\u00e9szes\u00edtett besz\u00e1ll\u00edt\u00f3ja vagyunk.<\/p>\n<div>\n<h3>Az FMP m\u0171anyag homlokfogaskerekeinek jellemz\u0151i<\/h3>\n<p class=\"break-words\">M\u0171anyag homlokkerekeink pr\u00e9mium anyagokb\u00f3l k\u00e9sz\u00fclnek, ami jelent\u0151s el\u0151ny\u00f6ket biztos\u00edt a hagyom\u00e1nyos f\u00e9m alternat\u00edv\u00e1kkal szemben. \u00cdme, mi k\u00fcl\u00f6nb\u00f6zteti meg term\u00e9keinket:<\/p>\n<ul class=\"marker:text-secondary\">\n<li class=\"break-words\"><strong>Tart\u00f3ss\u00e1g<\/strong>Kop\u00e1s\u00e1ll\u00f3s\u00e1gra tervezve, hossz\u00fa t\u00e1v\u00fa megb\u00edzhat\u00f3s\u00e1got biztos\u00edtva m\u00e9g neh\u00e9z k\u00f6r\u00fclm\u00e9nyek k\u00f6z\u00f6tt is.<\/li>\n<li class=\"break-words\"><strong>K\u00f6nny\u0171 kialak\u00edt\u00e1s<\/strong>T\u00f6k\u00e9letes olyan alkalmaz\u00e1sokhoz, ahol a s\u00falycs\u00f6kkent\u00e9s elengedhetetlen, p\u00e9ld\u00e1ul hordozhat\u00f3 eszk\u00f6z\u00f6kben vagy j\u00e1rm\u0171vekben.<\/li>\n<li class=\"break-words\"><strong>Alacsony zajszint\u0171 m\u0171k\u00f6d\u00e9s<\/strong>Minimaliz\u00e1lja a hangkibocs\u00e1t\u00e1st, \u00edgy ide\u00e1lisak zaj\u00e9rz\u00e9keny k\u00f6rnyezetekbe, p\u00e9ld\u00e1ul orvosi int\u00e9zm\u00e9nyekbe vagy irod\u00e1kba.<\/li>\n<li class=\"break-words\"><strong>Korr\u00f3zi\u00f3\u00e1ll\u00f3s\u00e1g<\/strong>A f\u00e9m fogaskerekekkel ellent\u00e9tben a m\u0171anyag fogaskerekeink ellen\u00e1llnak a rozsd\u00e1nak \u00e9s a degrad\u00e1ci\u00f3nak, \u00edgy kiv\u00e1l\u00f3 teljes\u00edtm\u00e9nyt ny\u00fajtanak zord k\u00f6rnyezetben.<\/li>\n<\/ul>\n<p class=\"break-words\">K\u00fcl\u00f6nb\u00f6z\u0151 t\u00edpus\u00fa m\u0171anyag homlokfogaskerekeket gy\u00e1rtunk, hogy megfeleljenek a k\u00fcl\u00f6nb\u00f6z\u0151 alkalmaz\u00e1soknak, a standard modellekt\u0151l a speci\u00e1lis, fokozott szil\u00e1rds\u00e1g\u00fa vagy egyedi specifik\u00e1ci\u00f3j\u00fa kivitelekig.<\/p>\n<div>\n<h2>Egyedi m\u0171anyag homlokfogaskerekek az \u00d6n ig\u00e9nyeire szabva<\/h2>\n<p class=\"break-words\">Az FMP-n\u00e9l meg\u00e9rtj\u00fck, hogy a k\u00e9sz megold\u00e1sok nem mindig illenek minden projekthez. Ez\u00e9rt k\u00edn\u00e1lunk \u00e1tfog\u00f3 testreszab\u00e1si szolg\u00e1ltat\u00e1sokat. Ak\u00e1r konkr\u00e9t m\u00e9retre, anyagra vagy konfigur\u00e1ci\u00f3ra van sz\u00fcks\u00e9ge, csapatunk felk\u00e9sz\u00fclt arra, hogy a m\u0171anyag homlokkerekes fogaskerekeket az \u00d6n pontos specifik\u00e1ci\u00f3i szerint tervezze meg \u00e9s gy\u00e1rtsa.<\/p>\n<p class=\"break-words\">Ha nem tal\u00e1lja a k\u00edv\u00e1nt modellt a term\u00e9klist\u00e1nkban, ne agg\u00f3djon \u2013 lehet, hogy egyszer\u0171en nem volt lehet\u0151s\u00e9g\u00fcnk friss\u00edteni a katal\u00f3gusunkat. K\u00e9rj\u00fck, vegye fel vel\u00fcnk a kapcsolatot e-mailben a k\u00f6vetkez\u0151 c\u00edmen: <a href=\"mailto:info@fmpcomponents.it\">info@fmpcomponents.it<\/a>\u00a0az \u00d6n ig\u00e9nyeinek r\u00e9szleteivel. M\u00e9rn\u00f6keink 24 \u00f3r\u00e1n bel\u00fcl v\u00e1laszolnak, szak\u00e9rt\u0151i \u00fatmutat\u00e1st \u00e9s szem\u00e9lyre szabott megold\u00e1st ny\u00fajtanak az \u00d6n ig\u00e9nyeinek kiel\u00e9g\u00edt\u00e9s\u00e9re.<\/p>\n<table style=\"border-collapse: collapse; width: 98.5%; height: 41px;\" border=\"0\" width=\"240\" cellspacing=\"0\" cellpadding=\"0\">\n<tbody>\n<tr style=\"height: 14.40pt;\">\n<td style=\"height: 14.40pt; width: 48.00pt;\" align=\"right\" width=\"80\" height=\"24\"><img loading=\"lazy\" decoding=\"async\" class=\"size-full wp-image-7455 aligncenter\" src=\"https:\/\/fmp-components.com\/wp-content\/uploads\/2025\/03\/plastic-spur-gear-6_1.webp\" alt=\"m\u0171anyag homlokker\u00e9k\" width=\"600\" height=\"600\" title=\"\" srcset=\"https:\/\/fmp-components.com\/wp-content\/uploads\/2025\/03\/plastic-spur-gear-6_1.webp 600w, https:\/\/fmp-components.com\/wp-content\/uploads\/2025\/03\/plastic-spur-gear-6_1-480x480.webp 480w\" sizes=\"(min-width: 0px) and (max-width: 480px) 480px, (min-width: 481px) 600px, 100vw\" \/><\/td>\n<td style=\"width: 48.00pt;\" align=\"right\" width=\"80\"><img loading=\"lazy\" decoding=\"async\" class=\"alignnone size-full wp-image-7459\" src=\"https:\/\/fmp-components.com\/wp-content\/uploads\/2025\/03\/plastic-spur-gear-2.webp\" alt=\"m\u0171anyag homlokker\u00e9k\" width=\"720\" height=\"720\" title=\"\" srcset=\"https:\/\/fmp-components.com\/wp-content\/uploads\/2025\/03\/plastic-spur-gear-2.webp 720w, https:\/\/fmp-components.com\/wp-content\/uploads\/2025\/03\/plastic-spur-gear-2-480x480.webp 480w\" sizes=\"(min-width: 0px) and (max-width: 480px) 480px, (min-width: 481px) 720px, 100vw\" \/><\/td>\n<td style=\"width: 48.00pt;\" align=\"right\" width=\"80\"><img loading=\"lazy\" decoding=\"async\" class=\"alignnone size-full wp-image-7454\" src=\"https:\/\/fmp-components.com\/wp-content\/uploads\/2025\/03\/plastic-spur-gear-7.webp\" alt=\"m\u0171anyag homlokker\u00e9k\" width=\"600\" height=\"600\" title=\"\" srcset=\"https:\/\/fmp-components.com\/wp-content\/uploads\/2025\/03\/plastic-spur-gear-7.webp 600w, https:\/\/fmp-components.com\/wp-content\/uploads\/2025\/03\/plastic-spur-gear-7-480x480.webp 480w\" sizes=\"(min-width: 0px) and (max-width: 480px) 480px, (min-width: 481px) 600px, 100vw\" \/><\/td>\n<\/tr>\n<\/tbody>\n<\/table>\n<\/div>\n<\/div>","protected":false},"excerpt":{"rendered":"<p>Plastic Spur Gears: Quality and Customization Plastic Spur Gears are vital components in modern machinery, playing a key role in industries such as automotive, electronics, and medical equipment. These lightweight, durable gears are designed to transmit motion efficiently while reducing noise and wear. At FMP, we take pride in being a leading manufacturer of Plastic [&hellip;]<\/p>","protected":false},"featured_media":7452,"comment_status":"open","ping_status":"closed","template":"","meta":{"_et_pb_use_builder":"","_et_pb_old_content":"","_et_gb_content_width":""},"product_brand":[],"product_cat":[109],"product_tag":[],"class_list":{"0":"post-7451","1":"product","2":"type-product","3":"status-publish","4":"has-post-thumbnail","6":"product_cat-spur-gear","8":"first","9":"instock","10":"shipping-taxable","11":"product-type-simple"},"_links":{"self":[{"href":"https:\/\/fmp-components.com\/hu\/wp-json\/wp\/v2\/product\/7451","targetHints":{"allow":["GET"]}}],"collection":[{"href":"https:\/\/fmp-components.com\/hu\/wp-json\/wp\/v2\/product"}],"about":[{"href":"https:\/\/fmp-components.com\/hu\/wp-json\/wp\/v2\/types\/product"}],"replies":[{"embeddable":true,"href":"https:\/\/fmp-components.com\/hu\/wp-json\/wp\/v2\/comments?post=7451"}],"wp:featuredmedia":[{"embeddable":true,"href":"https:\/\/fmp-components.com\/hu\/wp-json\/wp\/v2\/media\/7452"}],"wp:attachment":[{"href":"https:\/\/fmp-components.com\/hu\/wp-json\/wp\/v2\/media?parent=7451"}],"wp:term":[{"taxonomy":"product_brand","embeddable":true,"href":"https:\/\/fmp-components.com\/hu\/wp-json\/wp\/v2\/product_brand?post=7451"},{"taxonomy":"product_cat","embeddable":true,"href":"https:\/\/fmp-components.com\/hu\/wp-json\/wp\/v2\/product_cat?post=7451"},{"taxonomy":"product_tag","embeddable":true,"href":"https:\/\/fmp-components.com\/hu\/wp-json\/wp\/v2\/product_tag?post=7451"}],"curies":[{"name":"munkaf\u00fczet","href":"https:\/\/api.w.org\/{rel}","templated":true}]}}