{"id":744,"date":"2024-12-18T05:28:55","date_gmt":"2024-12-18T05:28:55","guid":{"rendered":"https:\/\/fmp-components.com\/?page_id=8"},"modified":"2024-12-18T05:32:12","modified_gmt":"2024-12-18T05:32:12","slug":"drilling-platform-steel-wire-rope-tensioner-cylinder","status":"publish","type":"product","link":"https:\/\/fmp-components.com\/hu\/product\/drilling-platform-steel-wire-rope-tensioner-cylinder\/","title":{"rendered":"F\u00far\u00f3platform ac\u00e9l dr\u00f3tk\u00f6t\u00e9l fesz\u00edt\u0151henger"},"content":{"rendered":"<p style=\"text-align: center;\"><span style=\"font-size: 18pt;\">F\u00far\u00f3platform ac\u00e9l dr\u00f3tk\u00f6t\u00e9l fesz\u00edt\u0151henger<\/span><\/p>\n<p>A f\u00far\u00f3platform ac\u00e9l dr\u00f3tk\u00f6t\u00e9l-fesz\u00edt\u0151 hengere egy alapvet\u0151 hidraulikus alkatr\u00e9sz, amelyet a f\u00far\u00e1si alkalmaz\u00e1sokban haszn\u00e1lt ac\u00e9l dr\u00f3tk\u00f6telek optim\u00e1lis feszess\u00e9g\u00e9nek biztos\u00edt\u00e1s\u00e1ra terveztek. Ez a henger kritikus szerepet j\u00e1tszik a f\u00far\u00e1si m\u0171veletek biztons\u00e1g\u00e1nak \u00e9s hat\u00e9konys\u00e1g\u00e1nak fenntart\u00e1s\u00e1ban az\u00e1ltal, hogy biztos\u00edtja a sz\u00fcks\u00e9ges er\u0151t a dr\u00f3tk\u00f6t\u00e9l feszess\u00e9g\u00e9nek be\u00e1ll\u00edt\u00e1s\u00e1hoz \u00e9s stabiliz\u00e1l\u00e1s\u00e1hoz, ami l\u00e9tfontoss\u00e1g\u00fa a f\u00far\u00f3berendez\u00e9sek megfelel\u0151 m\u0171k\u00f6d\u00e9s\u00e9hez.<\/p>\n<p><img loading=\"lazy\" decoding=\"async\" class=\"alignnone size-full wp-image-745\" src=\"https:\/\/fmp-components.com\/wp-content\/uploads\/2024\/12\/Drilling-Platform-Steel-Wire-Rope-Tensioner-Cylinder.webp\" alt=\"F\u00far\u00f3platform-Ac\u00e9l-Dr\u00f3tk\u00f6t\u00e9l-Fejeszt\u0151-Henger\" width=\"1024\" height=\"607\" title=\"\" srcset=\"https:\/\/fmp-components.com\/wp-content\/uploads\/2024\/12\/Drilling-Platform-Steel-Wire-Rope-Tensioner-Cylinder.webp 1024w, https:\/\/fmp-components.com\/wp-content\/uploads\/2024\/12\/Drilling-Platform-Steel-Wire-Rope-Tensioner-Cylinder-980x581.webp 980w, https:\/\/fmp-components.com\/wp-content\/uploads\/2024\/12\/Drilling-Platform-Steel-Wire-Rope-Tensioner-Cylinder-480x285.webp 480w\" sizes=\"(min-width: 0px) and (max-width: 480px) 480px, (min-width: 481px) and (max-width: 980px) 980px, (min-width: 981px) 1024px, 100vw\" \/><\/p>\n<h4>F\u0151bb jellemz\u0151k:<\/h4>\n<ul>\n<li><strong>Nagy fesz\u00fclts\u00e9gkapacit\u00e1s:<\/strong> Jelent\u0151s terhel\u00e9sek kezel\u00e9s\u00e9re tervezett henger hat\u00e9konyan kezeli az ac\u00e9lsodrony k\u00f6telek feszess\u00e9g\u00e9t, biztos\u00edtva az \u00e1lland\u00f3 teljes\u00edtm\u00e9nyt ig\u00e9nyl\u0151 k\u00f6r\u00fclm\u00e9nyek k\u00f6z\u00f6tt is.<\/li>\n<li><strong>Robusztus konstrukci\u00f3:<\/strong> A nagy szil\u00e1rds\u00e1g\u00fa anyagokb\u00f3l k\u00e9sz\u00fclt fesz\u00edt\u0151henger \u00fagy van kialak\u00edtva, hogy ellen\u00e1lljon a f\u00far\u00e1si m\u0171veletekre jellemz\u0151 zord k\u00f6rnyezetnek \u00e9s nagy nyom\u00e1snak, \u00edgy hossz\u00fa t\u00e1v\u00fa tart\u00f3ss\u00e1got \u00e9s megb\u00edzhat\u00f3s\u00e1got biztos\u00edt.<\/li>\n<li><strong>Sima m\u0171k\u00f6d\u00e9s:<\/strong> A fejlett hidraulikus kialak\u00edt\u00e1s sima \u00e9s prec\u00edz be\u00e1ll\u00edt\u00e1sokat tesz lehet\u0151v\u00e9, megk\u00f6nny\u00edtve a fesz\u00fclts\u00e9g gyors v\u00e1ltoztat\u00e1s\u00e1t a f\u00far\u00e1si tev\u00e9kenys\u00e9gek sor\u00e1n.<\/li>\n<li><strong>Biztons\u00e1gi mechanizmusok:<\/strong> Biztons\u00e1gi funkci\u00f3kat tartalmaz, amelyek megakad\u00e1lyozz\u00e1k a t\u00falfesz\u00edt\u00e9st \u00e9s biztos\u00edtj\u00e1k a biztons\u00e1gos m\u0171k\u00f6d\u00e9st, n\u00f6velve a f\u00far\u00e1si m\u0171veletek \u00e1ltal\u00e1nos biztons\u00e1g\u00e1t.<\/li>\n<li><strong>Sokoldal\u00fa alkalmaz\u00e1s:<\/strong> K\u00fcl\u00f6nb\u00f6z\u0151 f\u00far\u00f3platformokhoz alkalmas, ez a henger alkalmazkodik a k\u00fcl\u00f6nb\u00f6z\u0151 m\u0171k\u00f6d\u00e9si ig\u00e9nyekhez, \u00edgy sokoldal\u00fa v\u00e1laszt\u00e1st k\u00edn\u00e1l k\u00fcl\u00f6nf\u00e9le f\u00far\u00e1si k\u00f6rnyezetekben.<\/li>\n<li><strong>Alacsony karbantart\u00e1si ig\u00e9ny:<\/strong> Minim\u00e1lis kop\u00e1sra \u00e9s elhaszn\u00e1l\u00f3d\u00e1sra tervezt\u00e9k, cs\u00f6kkenti a karbantart\u00e1si ig\u00e9nyt \u00e9s az \u00fczemi \u00e1ll\u00e1sid\u0151t, hozz\u00e1j\u00e1rulva a termel\u00e9kenys\u00e9g n\u00f6veked\u00e9s\u00e9hez.<\/li>\n<\/ul>\n<p>\u00d6sszefoglalva, a f\u00far\u00f3platform ac\u00e9l dr\u00f3tk\u00f6t\u00e9l-fesz\u00edt\u0151hengere n\u00e9lk\u00fcl\u00f6zhetetlen a f\u00far\u00e1si m\u0171veletek teljes\u00edtm\u00e9ny\u00e9nek \u00e9s biztons\u00e1g\u00e1nak optimaliz\u00e1l\u00e1s\u00e1hoz, jelent\u0151sen n\u00f6velve a f\u00far\u00f3platformok hat\u00e9konys\u00e1g\u00e1t \u00e9s megb\u00edzhat\u00f3s\u00e1g\u00e1t a terepen.<\/p>\n<h2>F\u00far\u00f3platform ac\u00e9l dr\u00f3tk\u00f6t\u00e9l fesz\u00edt\u0151henger<\/h2>\n<p><img loading=\"lazy\" decoding=\"async\" class=\"size-full wp-image-749 aligncenter\" src=\"https:\/\/fmp-components.com\/wp-content\/uploads\/2024\/12\/Drilling-Platform-Steel-Wire-Rope-Tensioner-Cylinder-1-1.webp\" alt=\"F\u00far\u00f3platform-Ac\u00e9l-Dr\u00f3tk\u00f6t\u00e9l-Fejeszt\u0151-Henger\" width=\"600\" height=\"600\" title=\"\" srcset=\"https:\/\/fmp-components.com\/wp-content\/uploads\/2024\/12\/Drilling-Platform-Steel-Wire-Rope-Tensioner-Cylinder-1-1.webp 600w, https:\/\/fmp-components.com\/wp-content\/uploads\/2024\/12\/Drilling-Platform-Steel-Wire-Rope-Tensioner-Cylinder-1-1-480x480.webp 480w\" sizes=\"(min-width: 0px) and (max-width: 480px) 480px, (min-width: 481px) 600px, 100vw\" \/><\/p>\n<table style=\"width: 96.3174%; height: 185px;\" border=\"1\" cellspacing=\"0\" cellpadding=\"0\">\n<tbody>\n<tr>\n<td>Term\u00e9k neve<\/td>\n<td>F\u00far\u00f3platform ac\u00e9l dr\u00f3tk\u00f6t\u00e9l fesz\u00edt\u0151henger<\/td>\n<\/tr>\n<tr>\n<td>Jellemz\u0151k:<\/td>\n<td>Tol\u00f3er\u0151t biztos\u00edt \u00e9s fesz\u00edti a dr\u00f3tk\u00f6telet a csig\u00e1n kereszt\u00fcl<\/td>\n<\/tr>\n<tr>\n<td>Furat\u00e1tm\u00e9r\u0151:<\/td>\n<td>Ak\u00e1r 620 mm<\/td>\n<\/tr>\n<tr>\n<td>R\u00fad \u00e1tm\u00e9r\u0151je:<\/td>\n<td>Ak\u00e1r 580 mm<\/td>\n<\/tr>\n<tr>\n<td>Tol\u00f3er\u0151:<\/td>\n<td>Maximum 8500 kN<\/td>\n<\/tr>\n<tr>\n<td>Specifik\u00e1ci\u00f3k:<\/td>\n<td>889KN, 1112KN, 1245KN \u00e9s egy\u00e9b, elt\u00e9r\u0151 fesz\u00fclts\u00e9gk\u00f6vetelm\u00e9nyekkel rendelkez\u0151 hengerek biztos\u00edt\u00e1sa<\/td>\n<\/tr>\n<tr>\n<td>Alkalmaz\u00e1sok:<\/td>\n<td>Jack-up tengeri platform<\/td>\n<\/tr>\n<\/tbody>\n<\/table>\n<h2>A f\u00far\u00f3platform ac\u00e9l dr\u00f3tk\u00f6t\u00e9l-fesz\u00edt\u0151 henger el\u0151nyei<\/h2>\n<p>A f\u00far\u00f3platform ac\u00e9l dr\u00f3tk\u00f6t\u00e9l-fesz\u00edt\u0151hengere sz\u00e1mos el\u0151nnyel rendelkezik, amelyek kiemelik fontoss\u00e1g\u00e1t a tengeri f\u00far\u00e1si m\u0171veletek sor\u00e1n. \u00cdme n\u00e9h\u00e1ny f\u0151 el\u0151ny:<\/p>\n<p>Az egyik f\u0151 el\u0151ny a prec\u00edz feszess\u00e9gszab\u00e1lyoz\u00e1s. Ez a henger lehet\u0151v\u00e9 teszi a kezel\u0151k sz\u00e1m\u00e1ra, hogy a hidraulikus nyom\u00e1s modul\u00e1l\u00e1s\u00e1val finoman be\u00e1ll\u00edts\u00e1k az ac\u00e9lsodrony k\u00f6telekre hat\u00f3 fesz\u00fclts\u00e9get. A megfelel\u0151 feszess\u00e9gi szintek el\u00e9r\u00e9se kulcsfontoss\u00e1g\u00fa a dr\u00f3tk\u00f6telek optim\u00e1lis teljes\u00edtm\u00e9ny\u00e9nek biztos\u00edt\u00e1s\u00e1hoz a f\u00far\u00e1si tev\u00e9kenys\u00e9gek sor\u00e1n.<\/p>\n<p>Tov\u00e1bbi jelent\u0151s el\u0151ny a fokozott biztons\u00e1g. A fesz\u00edt\u0151henger fejlett biztons\u00e1gi funkci\u00f3kkal van felszerelve, p\u00e9ld\u00e1ul nyom\u00e1s\u00e9rz\u00e9kel\u0151kkel \u00e9s v\u00e9d\u0151mechanizmusokkal, amelyek seg\u00edtenek megakad\u00e1lyozni a t\u00falfesz\u00edt\u00e9st vagy a fesz\u00fclts\u00e9g hirtelen felszabadul\u00e1s\u00e1t. Ezek a funkci\u00f3k biztos\u00edtj\u00e1k a biztons\u00e1gos m\u0171k\u00f6d\u00e9st, v\u00e9dve mind a szem\u00e9lyzetet, mind a berendez\u00e9seket a potenci\u00e1lis vesz\u00e9lyekt\u0151l.<\/p>\n<p>A henger a m\u0171k\u00f6d\u00e9si hat\u00e9konys\u00e1g jav\u00edt\u00e1s\u00e1hoz is hozz\u00e1j\u00e1rul. A dr\u00f3tk\u00f6telek megfelel\u0151 feszess\u00e9g\u00e9nek fenntart\u00e1s\u00e1val biztos\u00edtja a f\u00far\u00f3sz\u00e1l sima \u00e9s szab\u00e1lyozott mozg\u00e1s\u00e1t, \u00e9s megk\u00f6nny\u00edti a neh\u00e9z terhek emel\u00e9s\u00e9t. Ez fokozott termel\u00e9kenys\u00e9ghez \u00e9s cs\u00f6kkentett \u00e1ll\u00e1sid\u0151h\u00f6z vezet a f\u00far\u00e1si m\u0171veletek sor\u00e1n.<\/p>\n<p>Ezenk\u00edv\u00fcl a fesz\u00edt\u0151henger tart\u00f3ss\u00e1ga \u00e9s megb\u00edzhat\u00f3s\u00e1ga is figyelemre m\u00e9lt\u00f3. Nagy szil\u00e1rds\u00e1g\u00fa anyagokb\u00f3l k\u00e9sz\u00fclt, \u00e9s \u00fagy tervezt\u00e9k, hogy ellen\u00e1lljon a tengeri f\u00far\u00e1sok zord k\u00f6r\u00fclm\u00e9nyeinek, bele\u00e9rtve a korroz\u00edv s\u00f3s vizet, a nagy nyom\u00e1st \u00e9s a sz\u00e9ls\u0151s\u00e9ges h\u0151m\u00e9rs\u00e9kleteket. Ez a tart\u00f3ss\u00e1g biztos\u00edtja az \u00e1lland\u00f3 teljes\u00edtm\u00e9nyt az id\u0151 m\u00fal\u00e1s\u00e1val.<\/p>\n<p>Ezenk\u00edv\u00fcl a fesz\u00edt\u0151henger sokoldal\u00fa alkalmaz\u00e1si lehet\u0151s\u00e9geket k\u00edn\u00e1l. K\u00fcl\u00f6nb\u00f6z\u0151 m\u00e9ret\u0171 \u00e9s t\u00edpus\u00fa ac\u00e9lsodronyk\u00f6telekkel haszn\u00e1lhat\u00f3, \u00edgy adapt\u00e1lhat\u00f3 k\u00fcl\u00f6nb\u00f6z\u0151 f\u00far\u00e1si feladatokhoz, p\u00e9ld\u00e1ul f\u00far\u00e1shoz, emel\u00e9shez \u00e9s tehermozgat\u00e1shoz. Ez a rugalmass\u00e1g \u00e1tfog\u00f3 megold\u00e1st k\u00edn\u00e1l a dr\u00f3tk\u00f6t\u00e9l fesz\u00fclts\u00e9g\u00e9nek fenntart\u00e1s\u00e1ra t\u00f6bb m\u0171velet sor\u00e1n.<\/p>\n<p>V\u00e9g\u00fcl, a fesz\u00edt\u0151henger kialak\u00edt\u00e1sa a karbantart\u00e1st \u00e9s a szervizelhet\u0151s\u00e9get hangs\u00falyozza. Alkatr\u00e9szei k\u00f6nnyen hozz\u00e1f\u00e9rhet\u0151k ellen\u0151rz\u00e9s \u00e9s rendszeres karbantart\u00e1s c\u00e9lj\u00e1b\u00f3l, ami seg\u00edt biztos\u00edtani az optim\u00e1lis m\u0171k\u00f6d\u00e9st \u00e9s minimaliz\u00e1lja az \u00e1ll\u00e1sid\u0151t. Ez a k\u00f6nny\u0171 karbantart\u00e1s hozz\u00e1j\u00e1rul a f\u00far\u00e1si m\u0171veletek \u00e1ltal\u00e1nos hat\u00e9konys\u00e1g\u00e1hoz, biztos\u00edtva, hogy a berendez\u00e9s cs\u00facsform\u00e1ban maradjon.<\/p>\n<p><img loading=\"lazy\" decoding=\"async\" class=\"alignnone wp-image-746\" src=\"https:\/\/fmp-components.com\/wp-content\/uploads\/2024\/12\/Drilling-Platform-Steel-Wire-Rope-Tensioner-Cylinder-1.webp\" alt=\"F\u00far\u00f3platform ac\u00e9l dr\u00f3tk\u00f6t\u00e9l fesz\u00edt\u0151henger\" width=\"925\" height=\"648\" title=\"\" srcset=\"https:\/\/fmp-components.com\/wp-content\/uploads\/2024\/12\/Drilling-Platform-Steel-Wire-Rope-Tensioner-Cylinder-1.webp 925w, https:\/\/fmp-components.com\/wp-content\/uploads\/2024\/12\/Drilling-Platform-Steel-Wire-Rope-Tensioner-Cylinder-1-480x336.webp 480w\" sizes=\"(min-width: 0px) and (max-width: 480px) 480px, (min-width: 481px) 925px, 100vw\" \/><\/p>\n<h3>Az FMP-r\u0151l<\/h3>\n<p>Az FMP egy speci\u00e1lis g\u00e9pgy\u00e1rt\u00f3 v\u00e1llalat, amely hidraulikus hengerek gy\u00e1rt\u00e1s\u00e1ra specializ\u00e1l\u00f3dott. Megalakul\u00e1sa \u00f3ta a v\u00e1llalat a hidraulikus technol\u00f3gia kutat\u00e1s\u00e1ra \u00e9s gy\u00e1rt\u00e1s\u00e1ra \u00f6sszpontos\u00edt, \u00e9s sikeresen \u00e1tt\u00e9rt a soksz\u00edn\u0171 term\u00e9kk\u00edn\u00e1latr\u00f3l, amely mag\u00e1ban foglalta a betakar\u00edt\u00f3 \u00e9s \u00e9p\u00edt\u0151ipari g\u00e9peket, a mez\u0151gazdas\u00e1gi traktoralkatr\u00e9szekre specializ\u00e1l\u00f3d\u00e1sra. T\u00f6bb mint egy \u00e9vtizedes gy\u00e1rt\u00e1si \u00e9s ir\u00e1ny\u00edt\u00e1si tapasztalattal az FMP fejlett gy\u00e1rt\u00e1si technik\u00e1kkal biztos\u00edtja a kiv\u00e1l\u00f3 min\u0151s\u00e9g\u0171 term\u00e9keket.<\/p>\n<p>A v\u00e1llalat fejl\u0151d\u00e9s\u00e9vel \u00e1tfog\u00f3 megmunk\u00e1l\u00f3 gy\u00e1rt\u00f3sort, \u00f6sszeszerel\u0151 sort \u00e9s bevon\u00f3sort fejlesztett ki. Csapatunk k\u00e9pzett vezet\u0151kb\u0151l, tapasztalt g\u00e9p\u00e9sztervez\u0151kb\u0151l \u00e9s magasan k\u00e9pzett technikusokb\u00f3l \u00e1ll, akik egy\u00fcttm\u0171k\u00f6dve biztos\u00edtj\u00e1k a stabil termel\u00e9si min\u0151s\u00e9get, mik\u00f6zben hat\u00e9konyan ellen\u0151rzik a folyamatok folytonoss\u00e1g\u00e1t \u00e9s hat\u00e9konys\u00e1g\u00e1t.<\/p>\n<p>Az FMP a k\u00f6vetkez\u0151 filoz\u00f3fi\u00e1t vallja: \u201eA technol\u00f3giai innov\u00e1ci\u00f3 hajtja a fejl\u0151d\u00e9st, a min\u0151s\u00e9g teremti a m\u00e1rk\u00e1kat, a szak\u00e9rtelem garant\u00e1lja a min\u0151s\u00e9get, \u00e9s hossz\u00fa t\u00e1v\u00fa, mindenki sz\u00e1m\u00e1ra el\u0151ny\u00f6s kapcsolatokat \u00e9p\u00edt.\u201d Elk\u00f6telezetts\u00e9g\u00fcnk a kiv\u00e1l\u00f3 min\u0151s\u00e9g\u0171 term\u00e9kek \u00e9s a kiv\u00e1l\u00f3 \u00fcgyf\u00e9lszolg\u00e1lat ir\u00e1nt tov\u00e1bbra is alapvet\u0151 c\u00e9lunk, mik\u00f6zben folyamatosan megfelel\u00fcnk a piac v\u00e1ltoz\u00f3 ig\u00e9nyeinek.<\/p>\n<p><img loading=\"lazy\" decoding=\"async\" class=\"alignnone size-full wp-image-426\" src=\"https:\/\/fmp-components.com\/wp-content\/uploads\/2024\/12\/Sanitation-Machinery-Locking-Hydraulic-Cylinder-factory.webp\" sizes=\"(min-width: 0px) and (max-width: 480px) 480px, (min-width: 481px) and (max-width: 980px) 980px, (min-width: 981px) and (max-width: 1280px) 1280px, (min-width: 1281px) 1414px, 100vw\" srcset=\"https:\/\/fmp-components.com\/wp-content\/uploads\/2024\/12\/Sanitation-Machinery-Locking-Hydraulic-Cylinder-factory.webp 1414w, https:\/\/fmp-components.com\/wp-content\/uploads\/2024\/12\/Sanitation-Machinery-Locking-Hydraulic-Cylinder-factory-1280x529.webp 1280w, https:\/\/fmp-components.com\/wp-content\/uploads\/2024\/12\/Sanitation-Machinery-Locking-Hydraulic-Cylinder-factory-980x405.webp 980w, https:\/\/fmp-components.com\/wp-content\/uploads\/2024\/12\/Sanitation-Machinery-Locking-Hydraulic-Cylinder-factory-480x198.webp 480w\" alt=\"Higi\u00e9niai-G\u00e9p-Z\u00e1r\u00f3-Hidraulikus-Henger-gy\u00e1r\" width=\"1414\" height=\"584\" title=\"\"><\/p>\n<p>Szerz\u0151: CX<\/p>","protected":false},"excerpt":{"rendered":"<p>A f\u00far\u00f3platform ac\u00e9l dr\u00f3tk\u00f6t\u00e9l-fesz\u00edt\u0151 hengere egy kulcsfontoss\u00e1g\u00fa hidraulikus alkatr\u00e9sz, amelyet a f\u00far\u00e1si m\u0171veletek sor\u00e1n haszn\u00e1lt ac\u00e9l dr\u00f3tk\u00f6telek optim\u00e1lis fesz\u00fclts\u00e9g\u00e9nek fenntart\u00e1s\u00e1ra terveztek. Ez a henger biztos\u00edtja a sz\u00fcks\u00e9ges er\u0151t a dr\u00f3tk\u00f6telek feszess\u00e9g\u00e9nek be\u00e1ll\u00edt\u00e1s\u00e1hoz \u00e9s stabiliz\u00e1l\u00e1s\u00e1hoz, biztos\u00edtva a f\u00far\u00f3platform biztons\u00e1gos \u00e9s hat\u00e9kony m\u0171k\u00f6d\u00e9s\u00e9t. Nagy szil\u00e1rds\u00e1g\u00fa anyagokb\u00f3l k\u00e9sz\u00fclt, \u00fagy tervezt\u00e9k, hogy ellen\u00e1lljon a f\u00far\u00e1si k\u00f6rnyezetre jellemz\u0151 ig\u00e9nyes k\u00f6r\u00fclm\u00e9nyeknek \u00e9s nagy nyom\u00e1snak, biztos\u00edtva a tart\u00f3ss\u00e1got \u00e9s a megb\u00edzhat\u00f3s\u00e1got. A sima hidraulikus m\u0171k\u00f6d\u00e9s lehet\u0151v\u00e9 teszi a prec\u00edz be\u00e1ll\u00edt\u00e1sokat, n\u00f6velve a m\u0171k\u00f6d\u00e9si hat\u00e9konys\u00e1got \u00e9s a biztons\u00e1got a f\u00far\u00e1si tev\u00e9kenys\u00e9gek sor\u00e1n. Ez a fesz\u00edt\u0151henger elengedhetetlen a f\u00far\u00f3platformok teljes\u00edtm\u00e9ny\u00e9nek optimaliz\u00e1l\u00e1s\u00e1hoz, jelent\u0151sen hozz\u00e1j\u00e1rulva a f\u00far\u00e1si m\u0171veletek hat\u00e9konys\u00e1g\u00e1hoz \u00e9s a berendez\u00e9s \u00e1ltal\u00e1nos integrit\u00e1s\u00e1hoz.<\/p>","protected":false},"featured_media":749,"comment_status":"open","ping_status":"closed","template":"","meta":{"_et_pb_use_builder":"","_et_pb_old_content":"","_et_gb_content_width":""},"product_brand":[],"product_cat":[28],"product_tag":[],"class_list":{"0":"post-744","1":"product","2":"type-product","3":"status-publish","4":"has-post-thumbnail","6":"product_cat-offshore-hydraulic-cylinders","8":"first","9":"instock","10":"shipping-taxable","11":"product-type-simple"},"_links":{"self":[{"href":"https:\/\/fmp-components.com\/hu\/wp-json\/wp\/v2\/product\/744","targetHints":{"allow":["GET"]}}],"collection":[{"href":"https:\/\/fmp-components.com\/hu\/wp-json\/wp\/v2\/product"}],"about":[{"href":"https:\/\/fmp-components.com\/hu\/wp-json\/wp\/v2\/types\/product"}],"replies":[{"embeddable":true,"href":"https:\/\/fmp-components.com\/hu\/wp-json\/wp\/v2\/comments?post=744"}],"wp:featuredmedia":[{"embeddable":true,"href":"https:\/\/fmp-components.com\/hu\/wp-json\/wp\/v2\/media\/749"}],"wp:attachment":[{"href":"https:\/\/fmp-components.com\/hu\/wp-json\/wp\/v2\/media?parent=744"}],"wp:term":[{"taxonomy":"product_brand","embeddable":true,"href":"https:\/\/fmp-components.com\/hu\/wp-json\/wp\/v2\/product_brand?post=744"},{"taxonomy":"product_cat","embeddable":true,"href":"https:\/\/fmp-components.com\/hu\/wp-json\/wp\/v2\/product_cat?post=744"},{"taxonomy":"product_tag","embeddable":true,"href":"https:\/\/fmp-components.com\/hu\/wp-json\/wp\/v2\/product_tag?post=744"}],"curies":[{"name":"munkaf\u00fczet","href":"https:\/\/api.w.org\/{rel}","templated":true}]}}