{"id":7435,"date":"2025-03-26T05:47:29","date_gmt":"2025-03-26T05:47:29","guid":{"rendered":"https:\/\/fmp-components.com\/?post_type=product&#038;p=7435"},"modified":"2025-03-26T08:37:19","modified_gmt":"2025-03-26T08:37:19","slug":"plastic-double-spur-gear","status":"publish","type":"product","link":"https:\/\/fmp-components.com\/hu\/product\/plastic-double-spur-gear\/","title":{"rendered":"M\u0171anyag dupla hajt\u00f3m\u0171"},"content":{"rendered":"<div>\n<h2>Kiv\u00e1l\u00f3 min\u0151s\u00e9g\u0171 m\u0171anyag dupla homlokfogaskerekek az olasz ipar sz\u00e1m\u00e1ra<\/h2>\n<p class=\"break-words\">A m\u0171anyag dupla homlokfogaskerekek n\u00e9lk\u00fcl\u00f6zhetetlen alkatr\u00e9szek sz\u00e1mos g\u00e9pben, az ipari berendez\u00e9sekt\u0151l a fogyaszt\u00e1si cikkekig. Ezek a fogaskerekek, amelyek tart\u00f3ss\u00e1gukr\u00f3l, precizit\u00e1sukr\u00f3l \u00e9s hat\u00e9konys\u00e1gukr\u00f3l ismertek, kritikus szerepet j\u00e1tszanak a z\u00f6kken\u0151mentes mechanikai m\u0171k\u00f6d\u00e9s biztos\u00edt\u00e1s\u00e1ban. Az FMP Company-n\u00e1l kiv\u00e1l\u00f3 min\u0151s\u00e9g\u0171 m\u0171anyag dupla homlokfogaskerekek gy\u00e1rt\u00e1s\u00e1ra specializ\u00e1l\u00f3dtunk. <a href=\"https:\/\/fmp-components.com\/hu\/spur-gear-2\/\">Homlokfogaskerekek<\/a>, amely k\u00fcl\u00f6nf\u00e9le standard modelleket \u00e9s egyedi megold\u00e1sokat k\u00edn\u00e1l az olaszorsz\u00e1gi v\u00e1llalkoz\u00e1sok egyedi ig\u00e9nyeinek kiel\u00e9g\u00edt\u00e9s\u00e9re. Ak\u00e1r Mil\u00e1n\u00f3 ny\u00fczsg\u0151 ipari k\u00f6zpontj\u00e1ban, Firenze t\u00f6rt\u00e9nelmi utc\u00e1in, Velence kultur\u00e1lis sz\u00edv\u00e9ben vagy Bologna innovat\u00edv k\u00f6zpontj\u00e1ban tal\u00e1lhat\u00f3, az FMP az \u00d6n megb\u00edzhat\u00f3 partnere a megb\u00edzhat\u00f3 \u00e9s hat\u00e9kony hajt\u00f3m\u0171-megold\u00e1sok ter\u00e9n.<\/p>\n<h3>Mik azok a m\u0171anyag dupla spur fogaskerekek?<\/h3>\n<p class=\"break-words\">A m\u0171anyag dupla homlokfogaskerekek egy olyan fogasker\u00e9krendszer, amely k\u00e9t p\u00e1rhuzamos homlokfogasker\u00e9kb\u0151l \u00e1ll, amelyek egyetlen tengelyre vannak felszerelve. \u00dagy tervezt\u00e9k \u0151ket, hogy mozg\u00e1st \u00e9s er\u0151t tov\u00e1bb\u00edtsanak a p\u00e1rhuzamos tengelyek k\u00f6z\u00f6tt, biztos\u00edtva a sima \u00e9s hat\u00e9kony nyomat\u00e9k\u00e1tvitelt. Kiv\u00e1l\u00f3 min\u0151s\u00e9g\u0171 m\u0171anyagokb\u00f3l k\u00e9sz\u00fcltek, ezek a fogaskerekek sz\u00e1mos el\u0151nnyel rendelkeznek a hagyom\u00e1nyos f\u00e9m fogaskerekekkel szemben, bele\u00e9rtve a cs\u00f6kkentett s\u00falyt, a korr\u00f3zi\u00f3\u00e1ll\u00f3s\u00e1got \u00e9s a csendesebb m\u0171k\u00f6d\u00e9st. Sokoldal\u00fas\u00e1guk ide\u00e1liss\u00e1 teszi \u0151ket k\u00fcl\u00f6nf\u00e9le alkalmaz\u00e1sokhoz, p\u00e9ld\u00e1ul aut\u00f3ipari rendszerekhez, robotik\u00e1hoz, orvostechnikai eszk\u00f6z\u00f6kh\u00f6z \u00e9s h\u00e1ztart\u00e1si k\u00e9sz\u00fcl\u00e9kekhez.<\/p>\n<table style=\"border-collapse: collapse; width: 102.903%; height: 10px;\" border=\"0\" width=\"160\" cellspacing=\"0\" cellpadding=\"0\">\n<tbody>\n<tr style=\"height: 14.40pt;\">\n<td style=\"height: 10px; width: 48pt;\" align=\"right\" width=\"80\" height=\"24\"><img loading=\"lazy\" decoding=\"async\" class=\"size-full wp-image-7441 alignnone\" src=\"https:\/\/fmp-components.com\/wp-content\/uploads\/2025\/03\/Plastic-Double-Spur-Gear-6.webp\" alt=\"M\u0171anyag dupla homlokfogasker\u00e9k\" width=\"1000\" height=\"1000\" title=\"\" srcset=\"https:\/\/fmp-components.com\/wp-content\/uploads\/2025\/03\/Plastic-Double-Spur-Gear-6.webp 1000w, https:\/\/fmp-components.com\/wp-content\/uploads\/2025\/03\/Plastic-Double-Spur-Gear-6-980x980.webp 980w, https:\/\/fmp-components.com\/wp-content\/uploads\/2025\/03\/Plastic-Double-Spur-Gear-6-480x480.webp 480w\" sizes=\"(min-width: 0px) and (max-width: 480px) 480px, (min-width: 481px) and (max-width: 980px) 980px, (min-width: 981px) 1000px, 100vw\" \/><\/td>\n<td style=\"width: 48pt; height: 10px;\" align=\"right\" width=\"80\"><img loading=\"lazy\" decoding=\"async\" class=\"size-full wp-image-7440 aligncenter\" src=\"https:\/\/fmp-components.com\/wp-content\/uploads\/2025\/03\/Plastic-Double-Spur-Gear-5.webp\" alt=\"M\u0171anyag dupla homlokfogasker\u00e9k\" width=\"1000\" height=\"1000\" title=\"\" srcset=\"https:\/\/fmp-components.com\/wp-content\/uploads\/2025\/03\/Plastic-Double-Spur-Gear-5.webp 1000w, https:\/\/fmp-components.com\/wp-content\/uploads\/2025\/03\/Plastic-Double-Spur-Gear-5-980x980.webp 980w, https:\/\/fmp-components.com\/wp-content\/uploads\/2025\/03\/Plastic-Double-Spur-Gear-5-480x480.webp 480w\" sizes=\"(min-width: 0px) and (max-width: 480px) 480px, (min-width: 481px) and (max-width: 980px) 980px, (min-width: 981px) 1000px, 100vw\" \/><\/td>\n<\/tr>\n<\/tbody>\n<\/table>\n<div>\n<h3>FMP Company: Megb\u00edzhat\u00f3 partnere m\u0171anyag dupla homlokkerekes fogaskerekek ter\u00e9n<\/h3>\n<p class=\"break-words\">Az FMP Company-n\u00e1l b\u00fcszk\u00e9k vagyunk arra, hogy a m\u0171anyag dupla homlokfogaskerekek vezet\u0151 gy\u00e1rt\u00f3i vagyunk. Sok \u00e9ves tapasztalattal \u00e9s az innov\u00e1ci\u00f3 ir\u00e1nti elk\u00f6telezetts\u00e9ggel olyan fogaskerekeket gy\u00e1rtunk, amelyek megfelelnek a legmagasabb min\u0151s\u00e9gi \u00e9s teljes\u00edtm\u00e9nyi szabv\u00e1nyoknak. Term\u00e9kk\u00edn\u00e1latunk sz\u00e9les v\u00e1laszt\u00e9kban tartalmaz szabv\u00e1nyos m\u0171anyag dupla homlokfogaskerekeket, amelyeket \u00fagy tervezt\u00fcnk, hogy z\u00f6kken\u0151mentesen illeszkedjenek a megl\u00e9v\u0151 g\u00e9pekbe. Minden fogasker\u00e9k prec\u00edzen k\u00e9sz\u00fcl, biztos\u00edtva az optim\u00e1lis funkcionalit\u00e1st \u00e9s a hossz\u00fa \u00e9lettartamot.<\/p>\n<p class=\"break-words\">A min\u0151s\u00e9g ir\u00e1nti elk\u00f6telezetts\u00e9g\u00fcnk t\u00falmutat a standard k\u00edn\u00e1latunkon. Meg\u00e9rtj\u00fck, hogy minden v\u00e1llalkoz\u00e1snak egyedi ig\u00e9nyei vannak, ez\u00e9rt egyedi fogasker\u00e9k-megold\u00e1sokra is specializ\u00e1l\u00f3dtunk. Ak\u00e1r konkr\u00e9t m\u00e9retre, anyagra vagy konfigur\u00e1ci\u00f3ra van sz\u00fcks\u00e9ge, k\u00e9pzett m\u00e9rn\u00f6keinkb\u0151l \u00e1ll\u00f3 csapatunk k\u00e9szen \u00e1ll arra, hogy az \u00d6n pontos specifik\u00e1ci\u00f3ira szabott m\u0171anyag dupla homlokfogaskerekeket tervezzen \u00e9s gy\u00e1rtson.<\/p>\n<h3>Egyedi megold\u00e1sok az \u00d6n egyedi ig\u00e9nyeire<\/h3>\n<p class=\"break-words\">Az FMP Company kiv\u00e1laszt\u00e1s\u00e1nak egyik legfontosabb el\u0151nye, hogy k\u00e9pesek vagyunk egyedi megrendel\u00e9seket is elfogadni. Elismerj\u00fck, hogy nem minden g\u00e9pet lehet rakt\u00e1ron l\u00e9v\u0151 alkatr\u00e9szekkel kiszolg\u00e1lni, k\u00fcl\u00f6n\u00f6sen a speci\u00e1lis ipar\u00e1gakban. Egyedi m\u0171anyag dupla homlokkerekes fogaskerekeinket az \u00d6n berendez\u00e9seinek pontos ig\u00e9nyeihez tervezt\u00fck, biztos\u00edtva a maxim\u00e1lis hat\u00e9konys\u00e1got \u00e9s teljes\u00edtm\u00e9nyt.<\/p>\n<p class=\"break-words\">Az FMP egyedi fogaskerekeinek kiv\u00e1laszt\u00e1s\u00e1val a k\u00f6vetkez\u0151 el\u0151ny\u00f6ket \u00e9lvezheti:<\/p>\n<ul class=\"marker:text-secondary\">\n<li class=\"break-words\"><strong>Testreszabott tervez\u00e9s<\/strong>: Az \u00d6n konkr\u00e9t alkalmaz\u00e1s\u00e1hoz tervezett fogaskerekek.<\/li>\n<li class=\"break-words\"><strong>Nagy teljes\u00edtm\u00e9ny\u0171 anyagok<\/strong>A legjobb m\u0171anyagok kiv\u00e1laszt\u00e1sa a tart\u00f3ss\u00e1g \u00e9s a szil\u00e1rds\u00e1g \u00e9rdek\u00e9ben.<\/li>\n<li class=\"break-words\"><strong>Prec\u00edzi\u00f3s gy\u00e1rt\u00e1s<\/strong>A legmodernebb gy\u00e1rt\u00e1si technik\u00e1k a pontos t\u0171r\u00e9shat\u00e1rok \u00e9rdek\u00e9ben.<\/li>\n<li class=\"break-words\"><strong>Szak\u00e9rt\u0151i t\u00e1mogat\u00e1s<\/strong>Egy\u00fcttm\u0171k\u00f6d\u00e9s m\u00e9rn\u00f6ki csapatunkkal annak \u00e9rdek\u00e9ben, hogy felszerel\u00e9se minden k\u00f6vetelm\u00e9nynek megfeleljen.<\/li>\n<\/ul>\n<p class=\"break-words\">Ak\u00e1r Mil\u00e1n\u00f3 aut\u00f3ipar\u00e1ban, Velence gy\u00e1rt\u00f3\u00fczemeiben, Firenze prec\u00edzi\u00f3s g\u00e9p\u00e9szeti m\u0171helyeiben vagy Bologna robotikai ipar\u00e1ban dolgozik, az FMP egyedi megold\u00e1sai az \u00d6n m\u0171k\u00f6d\u00e9s\u00e9nek jav\u00edt\u00e1s\u00e1t szolg\u00e1lj\u00e1k.<\/p>\n<table style=\"border-collapse: collapse; width: 99.25%; height: 28px;\" border=\"0\" width=\"160\" cellspacing=\"0\" cellpadding=\"0\">\n<tbody>\n<tr style=\"height: 14.40pt;\">\n<td style=\"height: 14px; width: 48pt;\" align=\"right\" width=\"80\" height=\"24\"><img loading=\"lazy\" decoding=\"async\" class=\"size-full wp-image-7442 aligncenter\" src=\"https:\/\/fmp-components.com\/wp-content\/uploads\/2025\/03\/Double-Plastic-Spur-Gear-Plastic-2.webp\" alt=\"M\u0171anyag dupla homlokfogasker\u00e9k\" width=\"700\" height=\"525\" title=\"\" srcset=\"https:\/\/fmp-components.com\/wp-content\/uploads\/2025\/03\/Double-Plastic-Spur-Gear-Plastic-2.webp 700w, https:\/\/fmp-components.com\/wp-content\/uploads\/2025\/03\/Double-Plastic-Spur-Gear-Plastic-2-480x360.webp 480w\" sizes=\"(min-width: 0px) and (max-width: 480px) 480px, (min-width: 481px) 700px, 100vw\" \/><\/td>\n<td style=\"width: 48pt; height: 14px;\" align=\"right\" width=\"80\"><img loading=\"lazy\" decoding=\"async\" class=\"size-full wp-image-7439 aligncenter\" src=\"https:\/\/fmp-components.com\/wp-content\/uploads\/2025\/03\/Double-Plastic-Spur-Gear-Plastic-3.webp\" alt=\"Dupla m\u0171anyag homlokker\u00e9k m\u0171anyag\" width=\"700\" height=\"525\" title=\"\" srcset=\"https:\/\/fmp-components.com\/wp-content\/uploads\/2025\/03\/Double-Plastic-Spur-Gear-Plastic-3.webp 700w, https:\/\/fmp-components.com\/wp-content\/uploads\/2025\/03\/Double-Plastic-Spur-Gear-Plastic-3-480x360.webp 480w\" sizes=\"(min-width: 0px) and (max-width: 480px) 480px, (min-width: 481px) 700px, 100vw\" \/><\/td>\n<\/tr>\n<tr style=\"height: 14.40pt;\">\n<td style=\"height: 14px;\" align=\"right\" height=\"24\"><img loading=\"lazy\" decoding=\"async\" class=\"size-full wp-image-7443 aligncenter\" src=\"https:\/\/fmp-components.com\/wp-content\/uploads\/2025\/03\/Double-Spur-Gear-Plastic-Manufacturers-Suppliers-1.webp\" alt=\"Dupla-Spur-Fogasker\u00e9k-M\u0171anyag-Gy\u00e1rt\u00f3k-Besz\u00e1ll\u00edt\u00f3k\" width=\"960\" height=\"960\" title=\"\" srcset=\"https:\/\/fmp-components.com\/wp-content\/uploads\/2025\/03\/Double-Spur-Gear-Plastic-Manufacturers-Suppliers-1.webp 960w, https:\/\/fmp-components.com\/wp-content\/uploads\/2025\/03\/Double-Spur-Gear-Plastic-Manufacturers-Suppliers-1-480x480.webp 480w\" sizes=\"(min-width: 0px) and (max-width: 480px) 480px, (min-width: 481px) 960px, 100vw\" \/><\/td>\n<td style=\"height: 14px;\" align=\"right\"><img loading=\"lazy\" decoding=\"async\" class=\"size-full wp-image-7444 aligncenter\" src=\"https:\/\/fmp-components.com\/wp-content\/uploads\/2025\/03\/Double-Spur-Gear-Plastic-Manufacturers-Suppliers-2.webp\" alt=\"Dupla-Spur-Fogasker\u00e9k-M\u0171anyag-Gy\u00e1rt\u00f3k-Besz\u00e1ll\u00edt\u00f3k\" width=\"960\" height=\"960\" title=\"\" srcset=\"https:\/\/fmp-components.com\/wp-content\/uploads\/2025\/03\/Double-Spur-Gear-Plastic-Manufacturers-Suppliers-2.webp 960w, https:\/\/fmp-components.com\/wp-content\/uploads\/2025\/03\/Double-Spur-Gear-Plastic-Manufacturers-Suppliers-2-480x480.webp 480w\" sizes=\"(min-width: 0px) and (max-width: 480px) 480px, (min-width: 481px) 960px, 100vw\" \/><\/td>\n<\/tr>\n<\/tbody>\n<\/table>\n<\/div>\n<div>\n<h3>\u00c9rdekl\u0151d\u00e9sek sz\u00edvesen: L\u00e9pjen kapcsolatba vel\u00fcnk a nem list\u00e1zott modellek\u00e9rt<\/h3>\n<p class=\"break-words\">B\u00e1r sz\u00e9les v\u00e1laszt\u00e9kban k\u00edn\u00e1lunk szabv\u00e1nyos m\u0171anyag dupla homlokfogaskerekeket, meg\u00e9rtj\u00fck, hogy egyes v\u00e1llalkoz\u00e1soknak olyan speci\u00e1lis modellekre lehet sz\u00fcks\u00e9g\u00fck, amelyek jelenleg nem szerepelnek a term\u00e9kkatal\u00f3gusunkban. Ha nem tal\u00e1lja a pontosan megfelel\u0151 fogaskereket, ne agg\u00f3djon \u2013 csapatunk k\u00e9szs\u00e9ggel seg\u00edt. Egyszer\u0171en k\u00fcldj\u00f6n nek\u00fcnk e-mailt a k\u00e9rd\u00e9s\u00e9vel, \u00e9s m\u00e9rn\u00f6keink egyike 24 \u00f3r\u00e1n bel\u00fcl v\u00e1laszol, hogy megbesz\u00e9lje az \u00d6n ig\u00e9nyeit \u00e9s megold\u00e1st k\u00edn\u00e1ljon.<\/p>\n<p class=\"break-words\">Az FMP Company-n\u00e1l elk\u00f6telezettek vagyunk amellett, hogy minden \u00fcgyf\u00e9l megtal\u00e1lja az alkalmaz\u00e1s\u00e1hoz megfelel\u0151 felszerel\u00e9st. Gyors v\u00e1laszid\u0151nk \u00e9s szem\u00e9lyre szabott szolg\u00e1ltat\u00e1sunk megk\u00f6nny\u00edti a sz\u00fcks\u00e9ges alkatr\u00e9szek beszerz\u00e9s\u00e9t, m\u00e9g akkor is, ha azok m\u00e9g nem szerepelnek a weboldalunkon.<\/p>\n<\/div>\n<\/div>","protected":false},"excerpt":{"rendered":"<p>High-Quality Plastic Double Spur Gears for Italian Industries Plastic Double Spur Gears are essential components in a wide range of machinery, from industrial equipment to consumer products. These gears, known for their durability, precision, and efficiency, play a critical role in ensuring smooth mechanical operations. At FMP Company, we specialize in the production of high-quality [&hellip;]<\/p>","protected":false},"featured_media":7436,"comment_status":"open","ping_status":"closed","template":"","meta":{"_et_pb_use_builder":"","_et_pb_old_content":"","_et_gb_content_width":""},"product_brand":[],"product_cat":[109],"product_tag":[],"class_list":{"0":"post-7435","1":"product","2":"type-product","3":"status-publish","4":"has-post-thumbnail","6":"product_cat-spur-gear","8":"first","9":"instock","10":"shipping-taxable","11":"product-type-simple"},"_links":{"self":[{"href":"https:\/\/fmp-components.com\/hu\/wp-json\/wp\/v2\/product\/7435","targetHints":{"allow":["GET"]}}],"collection":[{"href":"https:\/\/fmp-components.com\/hu\/wp-json\/wp\/v2\/product"}],"about":[{"href":"https:\/\/fmp-components.com\/hu\/wp-json\/wp\/v2\/types\/product"}],"replies":[{"embeddable":true,"href":"https:\/\/fmp-components.com\/hu\/wp-json\/wp\/v2\/comments?post=7435"}],"wp:featuredmedia":[{"embeddable":true,"href":"https:\/\/fmp-components.com\/hu\/wp-json\/wp\/v2\/media\/7436"}],"wp:attachment":[{"href":"https:\/\/fmp-components.com\/hu\/wp-json\/wp\/v2\/media?parent=7435"}],"wp:term":[{"taxonomy":"product_brand","embeddable":true,"href":"https:\/\/fmp-components.com\/hu\/wp-json\/wp\/v2\/product_brand?post=7435"},{"taxonomy":"product_cat","embeddable":true,"href":"https:\/\/fmp-components.com\/hu\/wp-json\/wp\/v2\/product_cat?post=7435"},{"taxonomy":"product_tag","embeddable":true,"href":"https:\/\/fmp-components.com\/hu\/wp-json\/wp\/v2\/product_tag?post=7435"}],"curies":[{"name":"munkaf\u00fczet","href":"https:\/\/api.w.org\/{rel}","templated":true}]}}